{"id":93588,"date":"2024-11-25T13:38:36","date_gmt":"2024-11-25T12:38:36","guid":{"rendered":"https:\/\/clair.si\/izdelek\/rashladni-gel-equinatura\/"},"modified":"2025-08-27T20:50:15","modified_gmt":"2025-08-27T18:50:15","slug":"rashladni-gel-equinatura","status":"publish","type":"product","link":"https:\/\/clair.si\/hr\/izdelek\/rashladni-gel-equinatura\/","title":{"rendered":"EQUINATURA rashladni gel"},"content":{"rendered":"<p><strong>Nakon intenzivnog rada: trenutno olak\u0161anje za konja i jaha\u010da!<\/strong><\/p>\n<p>Zna\u010dajke:<\/p>\n<ul>\n<li><strong>Poticanje mobilnosti<\/strong>: Podr\u017eava mi\u0161i\u0107e, tetive i zglobove.<\/li>\n<li><strong>Nje\u017eni u\u010dinak hla\u0111enja s aromom naran\u010de<\/strong>: Koristi se na dijelovima tijela optere\u0107enim tijekom napora.<\/li>\n<li><strong>Hidratacija i njega<\/strong>: Neguje ko\u017eu te ubrzava regeneraciju od povr\u0161inskih do dubljih ozljeda.<\/li>\n<\/ul>\n<p>Detalji:<\/p>\n<ul>\n<li><strong>Proizvod s doping u\u010dinkom<\/strong>: Potrebno je prekinuti upotrebu prije utrke ili slu\u017ebenog natjecanja kako biste bili u skladu s propisima.<\/li>\n<li><strong>Preporuka veterinarske udruge<\/strong>: Prekinite upotrebu 48 sati prije bilo kakvog testiranja.<\/li>\n<\/ul>\n<p>Odli\u010dan proizvod za brzu regeneraciju nakon napora, pogodan kako za konje tako i za jaha\u010de.<\/p>\n","protected":false},"excerpt":{"rendered":"<p>Nakon intenzivnog rada: trenutno olak\u0161anje za konja i jaha\u010da! Zna\u010dajke: Poticanje mobilnosti: Podr\u017eava mi\u0161i\u0107e, tetive i zglobove. Nje\u017eni u\u010dinak hla\u0111enja<\/p>\n","protected":false},"featured_media":93595,"template":"","meta":{"footnotes":""},"product_brand":[],"product_cat":[5624,5675,5677,5625,5627,5680],"product_tag":[],"class_list":{"0":"post-93588","1":"product","2":"type-product","3":"status-publish","4":"has-post-thumbnail","6":"product_cat-konj-hr","7":"product_cat-kozmetika-za-konje-hr","8":"product_cat-kozmetika-za-konje-hr-2","9":"product_cat-njega-konja","10":"product_cat-stala-i-pasnjak","11":"product_cat-zdravlje-i-dobrobit","13":"first","14":"instock","15":"shipping-taxable","16":"purchasable","17":"product-type-simple"},"yoast_head":"<!-- This site is optimized with the Yoast SEO plugin v27.3 - https:\/\/yoast.com\/product\/yoast-seo-wordpress\/ -->\n<title>EQUINATURA rashladni gel - Clair<\/title>\n<meta name=\"description\" content=\"Nakon intenzivnog rada: trenutno olak\u0161anje za konja i jaha\u010da! Zna\u010dajke: Poticanje mobilnosti: Podr\u017eava mi\u0161i\u0107e, tetive i zglobove. Nje\u017eni u\u010dinak hla\u0111enja s\" \/>\n<meta name=\"robots\" content=\"index, follow, max-snippet:-1, max-image-preview:large, max-video-preview:-1\" \/>\n<link rel=\"canonical\" href=\"https:\/\/clair.si\/hr\/izdelek\/rashladni-gel-equinatura\/\" \/>\n<meta property=\"og:locale\" content=\"hr_HR\" \/>\n<meta property=\"og:type\" content=\"article\" \/>\n<meta property=\"og:title\" content=\"EQUINATURA rashladni gel - Clair\" \/>\n<meta property=\"og:description\" content=\"Nakon intenzivnog rada: trenutno olak\u0161anje za konja i jaha\u010da! Zna\u010dajke: Poticanje mobilnosti: Podr\u017eava mi\u0161i\u0107e, tetive i zglobove. Nje\u017eni u\u010dinak hla\u0111enja s\" \/>\n<meta property=\"og:url\" content=\"https:\/\/clair.si\/hr\/izdelek\/rashladni-gel-equinatura\/\" \/>\n<meta property=\"og:site_name\" content=\"Clair\" \/>\n<meta property=\"article:publisher\" content=\"https:\/\/www.facebook.com\/TrgovinaClair\/\" \/>\n<meta property=\"article:modified_time\" content=\"2025-08-27T18:50:15+00:00\" \/>\n<meta property=\"og:image\" content=\"https:\/\/clair.si\/wp-content\/uploads\/2024\/11\/hladilni_gel_equinatura-cooling-gel.avif\" \/>\n\t<meta property=\"og:image:width\" content=\"800\" \/>\n\t<meta property=\"og:image:height\" content=\"800\" \/>\n\t<meta property=\"og:image:type\" content=\"image\/jpeg\" \/>\n<meta name=\"twitter:card\" content=\"summary_large_image\" \/>\n<meta name=\"twitter:label1\" content=\"Procijenjeno vrijeme \u010ditanja\" \/>\n\t<meta name=\"twitter:data1\" content=\"1 minuta\" \/>\n<script type=\"application\/ld+json\" class=\"yoast-schema-graph\">{\"@context\":\"https:\\\/\\\/schema.org\",\"@graph\":[{\"@type\":\"WebPage\",\"@id\":\"https:\\\/\\\/clair.si\\\/hr\\\/izdelek\\\/rashladni-gel-equinatura\\\/\",\"url\":\"https:\\\/\\\/clair.si\\\/hr\\\/izdelek\\\/rashladni-gel-equinatura\\\/\",\"name\":\"EQUINATURA rashladni gel - Clair\",\"isPartOf\":{\"@id\":\"https:\\\/\\\/clair.si\\\/#website\"},\"primaryImageOfPage\":{\"@id\":\"https:\\\/\\\/clair.si\\\/hr\\\/izdelek\\\/rashladni-gel-equinatura\\\/#primaryimage\"},\"image\":{\"@id\":\"https:\\\/\\\/clair.si\\\/hr\\\/izdelek\\\/rashladni-gel-equinatura\\\/#primaryimage\"},\"thumbnailUrl\":\"https:\\\/\\\/clair.si\\\/wp-content\\\/uploads\\\/2024\\\/11\\\/hladilni_gel_equinatura-cooling-gel.avif\",\"datePublished\":\"2024-11-25T12:38:36+00:00\",\"dateModified\":\"2025-08-27T18:50:15+00:00\",\"description\":\"Nakon intenzivnog rada: trenutno olak\u0161anje za konja i jaha\u010da! Zna\u010dajke: Poticanje mobilnosti: Podr\u017eava mi\u0161i\u0107e, tetive i zglobove. Nje\u017eni u\u010dinak hla\u0111enja s\",\"breadcrumb\":{\"@id\":\"https:\\\/\\\/clair.si\\\/hr\\\/izdelek\\\/rashladni-gel-equinatura\\\/#breadcrumb\"},\"inLanguage\":\"hr\",\"potentialAction\":[{\"@type\":\"ReadAction\",\"target\":[\"https:\\\/\\\/clair.si\\\/hr\\\/izdelek\\\/rashladni-gel-equinatura\\\/\"]}]},{\"@type\":\"ImageObject\",\"inLanguage\":\"hr\",\"@id\":\"https:\\\/\\\/clair.si\\\/hr\\\/izdelek\\\/rashladni-gel-equinatura\\\/#primaryimage\",\"url\":\"https:\\\/\\\/clair.si\\\/wp-content\\\/uploads\\\/2024\\\/11\\\/hladilni_gel_equinatura-cooling-gel.avif\",\"contentUrl\":\"https:\\\/\\\/clair.si\\\/wp-content\\\/uploads\\\/2024\\\/11\\\/hladilni_gel_equinatura-cooling-gel.avif\",\"width\":800,\"height\":800},{\"@type\":\"BreadcrumbList\",\"@id\":\"https:\\\/\\\/clair.si\\\/hr\\\/izdelek\\\/rashladni-gel-equinatura\\\/#breadcrumb\",\"itemListElement\":[{\"@type\":\"ListItem\",\"position\":1,\"name\":\"Home\",\"item\":\"https:\\\/\\\/clair.si\\\/hr\\\/\"},{\"@type\":\"ListItem\",\"position\":2,\"name\":\"Trgovina\",\"item\":\"https:\\\/\\\/clair.si\\\/trgovina\\\/\"},{\"@type\":\"ListItem\",\"position\":3,\"name\":\"EQUINATURA rashladni gel\"}]},{\"@type\":\"WebSite\",\"@id\":\"https:\\\/\\\/clair.si\\\/#website\",\"url\":\"https:\\\/\\\/clair.si\\\/\",\"name\":\"Clair\",\"description\":\"Trgovina s konjeni\u0161ko opremo\",\"publisher\":{\"@id\":\"https:\\\/\\\/clair.si\\\/#organization\"},\"potentialAction\":[{\"@type\":\"SearchAction\",\"target\":{\"@type\":\"EntryPoint\",\"urlTemplate\":\"https:\\\/\\\/clair.si\\\/?s={search_term_string}\"},\"query-input\":{\"@type\":\"PropertyValueSpecification\",\"valueRequired\":true,\"valueName\":\"search_term_string\"}}],\"inLanguage\":\"hr\"},{\"@type\":\"Organization\",\"@id\":\"https:\\\/\\\/clair.si\\\/#organization\",\"name\":\"Clair\",\"url\":\"https:\\\/\\\/clair.si\\\/\",\"logo\":{\"@type\":\"ImageObject\",\"inLanguage\":\"hr\",\"@id\":\"https:\\\/\\\/clair.si\\\/#\\\/schema\\\/logo\\\/image\\\/\",\"url\":\"https:\\\/\\\/clair.si\\\/wp-content\\\/uploads\\\/2022\\\/11\\\/clair_logo_2022.jpg\",\"contentUrl\":\"https:\\\/\\\/clair.si\\\/wp-content\\\/uploads\\\/2022\\\/11\\\/clair_logo_2022.jpg\",\"width\":1920,\"height\":1920,\"caption\":\"Clair\"},\"image\":{\"@id\":\"https:\\\/\\\/clair.si\\\/#\\\/schema\\\/logo\\\/image\\\/\"},\"sameAs\":[\"https:\\\/\\\/www.facebook.com\\\/TrgovinaClair\\\/\"]}]}<\/script>\n<!-- \/ Yoast SEO plugin. -->","yoast_head_json":{"title":"EQUINATURA rashladni gel - Clair","description":"Nakon intenzivnog rada: trenutno olak\u0161anje za konja i jaha\u010da! Zna\u010dajke: Poticanje mobilnosti: Podr\u017eava mi\u0161i\u0107e, tetive i zglobove. Nje\u017eni u\u010dinak hla\u0111enja s","robots":{"index":"index","follow":"follow","max-snippet":"max-snippet:-1","max-image-preview":"max-image-preview:large","max-video-preview":"max-video-preview:-1"},"canonical":"https:\/\/clair.si\/hr\/izdelek\/rashladni-gel-equinatura\/","og_locale":"hr_HR","og_type":"article","og_title":"EQUINATURA rashladni gel - Clair","og_description":"Nakon intenzivnog rada: trenutno olak\u0161anje za konja i jaha\u010da! Zna\u010dajke: Poticanje mobilnosti: Podr\u017eava mi\u0161i\u0107e, tetive i zglobove. Nje\u017eni u\u010dinak hla\u0111enja s","og_url":"https:\/\/clair.si\/hr\/izdelek\/rashladni-gel-equinatura\/","og_site_name":"Clair","article_publisher":"https:\/\/www.facebook.com\/TrgovinaClair\/","article_modified_time":"2025-08-27T18:50:15+00:00","og_image":[{"width":800,"height":800,"url":"https:\/\/clair.si\/wp-content\/uploads\/2024\/11\/hladilni_gel_equinatura-cooling-gel.avif","type":"image\/jpeg"}],"twitter_card":"summary_large_image","twitter_misc":{"Procijenjeno vrijeme \u010ditanja":"1 minuta"},"schema":{"@context":"https:\/\/schema.org","@graph":[{"@type":"WebPage","@id":"https:\/\/clair.si\/hr\/izdelek\/rashladni-gel-equinatura\/","url":"https:\/\/clair.si\/hr\/izdelek\/rashladni-gel-equinatura\/","name":"EQUINATURA rashladni gel - Clair","isPartOf":{"@id":"https:\/\/clair.si\/#website"},"primaryImageOfPage":{"@id":"https:\/\/clair.si\/hr\/izdelek\/rashladni-gel-equinatura\/#primaryimage"},"image":{"@id":"https:\/\/clair.si\/hr\/izdelek\/rashladni-gel-equinatura\/#primaryimage"},"thumbnailUrl":"https:\/\/clair.si\/wp-content\/uploads\/2024\/11\/hladilni_gel_equinatura-cooling-gel.avif","datePublished":"2024-11-25T12:38:36+00:00","dateModified":"2025-08-27T18:50:15+00:00","description":"Nakon intenzivnog rada: trenutno olak\u0161anje za konja i jaha\u010da! Zna\u010dajke: Poticanje mobilnosti: Podr\u017eava mi\u0161i\u0107e, tetive i zglobove. Nje\u017eni u\u010dinak hla\u0111enja s","breadcrumb":{"@id":"https:\/\/clair.si\/hr\/izdelek\/rashladni-gel-equinatura\/#breadcrumb"},"inLanguage":"hr","potentialAction":[{"@type":"ReadAction","target":["https:\/\/clair.si\/hr\/izdelek\/rashladni-gel-equinatura\/"]}]},{"@type":"ImageObject","inLanguage":"hr","@id":"https:\/\/clair.si\/hr\/izdelek\/rashladni-gel-equinatura\/#primaryimage","url":"https:\/\/clair.si\/wp-content\/uploads\/2024\/11\/hladilni_gel_equinatura-cooling-gel.avif","contentUrl":"https:\/\/clair.si\/wp-content\/uploads\/2024\/11\/hladilni_gel_equinatura-cooling-gel.avif","width":800,"height":800},{"@type":"BreadcrumbList","@id":"https:\/\/clair.si\/hr\/izdelek\/rashladni-gel-equinatura\/#breadcrumb","itemListElement":[{"@type":"ListItem","position":1,"name":"Home","item":"https:\/\/clair.si\/hr\/"},{"@type":"ListItem","position":2,"name":"Trgovina","item":"https:\/\/clair.si\/trgovina\/"},{"@type":"ListItem","position":3,"name":"EQUINATURA rashladni gel"}]},{"@type":"WebSite","@id":"https:\/\/clair.si\/#website","url":"https:\/\/clair.si\/","name":"Clair","description":"Trgovina s konjeni\u0161ko opremo","publisher":{"@id":"https:\/\/clair.si\/#organization"},"potentialAction":[{"@type":"SearchAction","target":{"@type":"EntryPoint","urlTemplate":"https:\/\/clair.si\/?s={search_term_string}"},"query-input":{"@type":"PropertyValueSpecification","valueRequired":true,"valueName":"search_term_string"}}],"inLanguage":"hr"},{"@type":"Organization","@id":"https:\/\/clair.si\/#organization","name":"Clair","url":"https:\/\/clair.si\/","logo":{"@type":"ImageObject","inLanguage":"hr","@id":"https:\/\/clair.si\/#\/schema\/logo\/image\/","url":"https:\/\/clair.si\/wp-content\/uploads\/2022\/11\/clair_logo_2022.jpg","contentUrl":"https:\/\/clair.si\/wp-content\/uploads\/2022\/11\/clair_logo_2022.jpg","width":1920,"height":1920,"caption":"Clair"},"image":{"@id":"https:\/\/clair.si\/#\/schema\/logo\/image\/"},"sameAs":["https:\/\/www.facebook.com\/TrgovinaClair\/"]}]}},"_links":{"self":[{"href":"https:\/\/clair.si\/hr\/wp-json\/wp\/v2\/product\/93588","targetHints":{"allow":["GET"]}}],"collection":[{"href":"https:\/\/clair.si\/hr\/wp-json\/wp\/v2\/product"}],"about":[{"href":"https:\/\/clair.si\/hr\/wp-json\/wp\/v2\/types\/product"}],"version-history":[{"count":0,"href":"https:\/\/clair.si\/hr\/wp-json\/wp\/v2\/product\/93588\/revisions"}],"wp:featuredmedia":[{"embeddable":true,"href":"https:\/\/clair.si\/hr\/wp-json\/wp\/v2\/media\/93595"}],"wp:attachment":[{"href":"https:\/\/clair.si\/hr\/wp-json\/wp\/v2\/media?parent=93588"}],"wp:term":[{"taxonomy":"product_brand","embeddable":true,"href":"https:\/\/clair.si\/hr\/wp-json\/wp\/v2\/product_brand?post=93588"},{"taxonomy":"product_cat","embeddable":true,"href":"https:\/\/clair.si\/hr\/wp-json\/wp\/v2\/product_cat?post=93588"},{"taxonomy":"product_tag","embeddable":true,"href":"https:\/\/clair.si\/hr\/wp-json\/wp\/v2\/product_tag?post=93588"}],"curies":[{"name":"wp","href":"https:\/\/api.w.org\/{rel}","templated":true}]}}