{"id":93602,"date":"2024-11-25T13:16:40","date_gmt":"2024-11-25T12:16:40","guid":{"rendered":"https:\/\/clair.si\/izdelek\/ulje-za-kopita-equinatura\/"},"modified":"2025-08-27T21:53:05","modified_gmt":"2025-08-27T19:53:05","slug":"ulje-za-kopita-equinatura","status":"publish","type":"product","link":"https:\/\/clair.si\/hr\/izdelek\/ulje-za-kopita-equinatura\/","title":{"rendered":"Ulje za kopita EQUINATURA"},"content":{"rendered":"<p><strong>Za zdrava kopita.<\/strong> \u010cista biljna <strong>ulja avokada, jojobe, sezama<\/strong> i <strong>nevena<\/strong> njeguju kopito i odr\u017eavaju ga elasti\u010dnim.<\/p>\n<p>Ulje za kopita poti\u010de rast kopita, pobolj\u0161ava njegovu strukturu i daje mu dugotrajan sjaj.<\/p>\n","protected":false},"excerpt":{"rendered":"<p>Za zdrava kopita. \u010cista biljna ulja avokada, jojobe, sezama i nevena njeguju kopito i odr\u017eavaju ga elasti\u010dnim. Ulje za kopita<\/p>\n","protected":false},"featured_media":93606,"template":"","meta":{"footnotes":""},"product_brand":[],"product_cat":[5624,5677,5675,5873,5625,5627],"product_tag":[],"class_list":{"0":"post-93602","1":"product","2":"type-product","3":"status-publish","4":"has-post-thumbnail","6":"product_cat-konj-hr","7":"product_cat-kozmetika-za-konje-hr-2","8":"product_cat-kozmetika-za-konje-hr","9":"product_cat-njega-i-zdravlje-kopita","10":"product_cat-njega-konja","11":"product_cat-stala-i-pasnjak","13":"first","14":"instock","15":"shipping-taxable","16":"purchasable","17":"product-type-simple"},"yoast_head":"<!-- This site is optimized with the Yoast SEO plugin v27.3 - https:\/\/yoast.com\/product\/yoast-seo-wordpress\/ -->\n<title>Ulje za kopita EQUINATURA - Clair<\/title>\n<meta name=\"description\" content=\"Za zdrava kopita. \u010cista biljna ulja avokada, jojobe, sezama i nevena njeguju kopito i odr\u017eavaju ga elasti\u010dnim. Ulje za kopita poti\u010de rast kopita,\" \/>\n<meta name=\"robots\" content=\"index, follow, max-snippet:-1, max-image-preview:large, max-video-preview:-1\" \/>\n<link rel=\"canonical\" href=\"https:\/\/clair.si\/hr\/izdelek\/ulje-za-kopita-equinatura\/\" \/>\n<meta property=\"og:locale\" content=\"hr_HR\" \/>\n<meta property=\"og:type\" content=\"article\" \/>\n<meta property=\"og:title\" content=\"Ulje za kopita EQUINATURA - Clair\" \/>\n<meta property=\"og:description\" content=\"Za zdrava kopita. \u010cista biljna ulja avokada, jojobe, sezama i nevena njeguju kopito i odr\u017eavaju ga elasti\u010dnim. Ulje za kopita poti\u010de rast kopita,\" \/>\n<meta property=\"og:url\" content=\"https:\/\/clair.si\/hr\/izdelek\/ulje-za-kopita-equinatura\/\" \/>\n<meta property=\"og:site_name\" content=\"Clair\" \/>\n<meta property=\"article:publisher\" content=\"https:\/\/www.facebook.com\/TrgovinaClair\/\" \/>\n<meta property=\"article:modified_time\" content=\"2025-08-27T19:53:05+00:00\" \/>\n<meta property=\"og:image\" content=\"https:\/\/clair.si\/wp-content\/uploads\/2024\/11\/olje_za_kopita_equinatura-hoof-oil-with-brush_1.avif\" \/>\n\t<meta property=\"og:image:width\" content=\"800\" \/>\n\t<meta property=\"og:image:height\" content=\"800\" \/>\n\t<meta property=\"og:image:type\" content=\"image\/jpeg\" \/>\n<meta name=\"twitter:card\" content=\"summary_large_image\" \/>\n<script type=\"application\/ld+json\" class=\"yoast-schema-graph\">{\"@context\":\"https:\\\/\\\/schema.org\",\"@graph\":[{\"@type\":\"WebPage\",\"@id\":\"https:\\\/\\\/clair.si\\\/hr\\\/izdelek\\\/ulje-za-kopita-equinatura\\\/\",\"url\":\"https:\\\/\\\/clair.si\\\/hr\\\/izdelek\\\/ulje-za-kopita-equinatura\\\/\",\"name\":\"Ulje za kopita EQUINATURA - Clair\",\"isPartOf\":{\"@id\":\"https:\\\/\\\/clair.si\\\/#website\"},\"primaryImageOfPage\":{\"@id\":\"https:\\\/\\\/clair.si\\\/hr\\\/izdelek\\\/ulje-za-kopita-equinatura\\\/#primaryimage\"},\"image\":{\"@id\":\"https:\\\/\\\/clair.si\\\/hr\\\/izdelek\\\/ulje-za-kopita-equinatura\\\/#primaryimage\"},\"thumbnailUrl\":\"https:\\\/\\\/clair.si\\\/wp-content\\\/uploads\\\/2024\\\/11\\\/olje_za_kopita_equinatura-hoof-oil-with-brush_1.avif\",\"datePublished\":\"2024-11-25T12:16:40+00:00\",\"dateModified\":\"2025-08-27T19:53:05+00:00\",\"description\":\"Za zdrava kopita. \u010cista biljna ulja avokada, jojobe, sezama i nevena njeguju kopito i odr\u017eavaju ga elasti\u010dnim. Ulje za kopita poti\u010de rast kopita,\",\"breadcrumb\":{\"@id\":\"https:\\\/\\\/clair.si\\\/hr\\\/izdelek\\\/ulje-za-kopita-equinatura\\\/#breadcrumb\"},\"inLanguage\":\"hr\",\"potentialAction\":[{\"@type\":\"ReadAction\",\"target\":[\"https:\\\/\\\/clair.si\\\/hr\\\/izdelek\\\/ulje-za-kopita-equinatura\\\/\"]}]},{\"@type\":\"ImageObject\",\"inLanguage\":\"hr\",\"@id\":\"https:\\\/\\\/clair.si\\\/hr\\\/izdelek\\\/ulje-za-kopita-equinatura\\\/#primaryimage\",\"url\":\"https:\\\/\\\/clair.si\\\/wp-content\\\/uploads\\\/2024\\\/11\\\/olje_za_kopita_equinatura-hoof-oil-with-brush_1.avif\",\"contentUrl\":\"https:\\\/\\\/clair.si\\\/wp-content\\\/uploads\\\/2024\\\/11\\\/olje_za_kopita_equinatura-hoof-oil-with-brush_1.avif\",\"width\":800,\"height\":800},{\"@type\":\"BreadcrumbList\",\"@id\":\"https:\\\/\\\/clair.si\\\/hr\\\/izdelek\\\/ulje-za-kopita-equinatura\\\/#breadcrumb\",\"itemListElement\":[{\"@type\":\"ListItem\",\"position\":1,\"name\":\"Home\",\"item\":\"https:\\\/\\\/clair.si\\\/hr\\\/\"},{\"@type\":\"ListItem\",\"position\":2,\"name\":\"Trgovina\",\"item\":\"https:\\\/\\\/clair.si\\\/trgovina\\\/\"},{\"@type\":\"ListItem\",\"position\":3,\"name\":\"Ulje za kopita EQUINATURA\"}]},{\"@type\":\"WebSite\",\"@id\":\"https:\\\/\\\/clair.si\\\/#website\",\"url\":\"https:\\\/\\\/clair.si\\\/\",\"name\":\"Clair\",\"description\":\"Trgovina s konjeni\u0161ko opremo\",\"publisher\":{\"@id\":\"https:\\\/\\\/clair.si\\\/#organization\"},\"potentialAction\":[{\"@type\":\"SearchAction\",\"target\":{\"@type\":\"EntryPoint\",\"urlTemplate\":\"https:\\\/\\\/clair.si\\\/?s={search_term_string}\"},\"query-input\":{\"@type\":\"PropertyValueSpecification\",\"valueRequired\":true,\"valueName\":\"search_term_string\"}}],\"inLanguage\":\"hr\"},{\"@type\":\"Organization\",\"@id\":\"https:\\\/\\\/clair.si\\\/#organization\",\"name\":\"Clair\",\"url\":\"https:\\\/\\\/clair.si\\\/\",\"logo\":{\"@type\":\"ImageObject\",\"inLanguage\":\"hr\",\"@id\":\"https:\\\/\\\/clair.si\\\/#\\\/schema\\\/logo\\\/image\\\/\",\"url\":\"https:\\\/\\\/clair.si\\\/wp-content\\\/uploads\\\/2022\\\/11\\\/clair_logo_2022.jpg\",\"contentUrl\":\"https:\\\/\\\/clair.si\\\/wp-content\\\/uploads\\\/2022\\\/11\\\/clair_logo_2022.jpg\",\"width\":1920,\"height\":1920,\"caption\":\"Clair\"},\"image\":{\"@id\":\"https:\\\/\\\/clair.si\\\/#\\\/schema\\\/logo\\\/image\\\/\"},\"sameAs\":[\"https:\\\/\\\/www.facebook.com\\\/TrgovinaClair\\\/\"]}]}<\/script>\n<!-- \/ Yoast SEO plugin. -->","yoast_head_json":{"title":"Ulje za kopita EQUINATURA - Clair","description":"Za zdrava kopita. \u010cista biljna ulja avokada, jojobe, sezama i nevena njeguju kopito i odr\u017eavaju ga elasti\u010dnim. Ulje za kopita poti\u010de rast kopita,","robots":{"index":"index","follow":"follow","max-snippet":"max-snippet:-1","max-image-preview":"max-image-preview:large","max-video-preview":"max-video-preview:-1"},"canonical":"https:\/\/clair.si\/hr\/izdelek\/ulje-za-kopita-equinatura\/","og_locale":"hr_HR","og_type":"article","og_title":"Ulje za kopita EQUINATURA - Clair","og_description":"Za zdrava kopita. \u010cista biljna ulja avokada, jojobe, sezama i nevena njeguju kopito i odr\u017eavaju ga elasti\u010dnim. Ulje za kopita poti\u010de rast kopita,","og_url":"https:\/\/clair.si\/hr\/izdelek\/ulje-za-kopita-equinatura\/","og_site_name":"Clair","article_publisher":"https:\/\/www.facebook.com\/TrgovinaClair\/","article_modified_time":"2025-08-27T19:53:05+00:00","og_image":[{"width":800,"height":800,"url":"https:\/\/clair.si\/wp-content\/uploads\/2024\/11\/olje_za_kopita_equinatura-hoof-oil-with-brush_1.avif","type":"image\/jpeg"}],"twitter_card":"summary_large_image","schema":{"@context":"https:\/\/schema.org","@graph":[{"@type":"WebPage","@id":"https:\/\/clair.si\/hr\/izdelek\/ulje-za-kopita-equinatura\/","url":"https:\/\/clair.si\/hr\/izdelek\/ulje-za-kopita-equinatura\/","name":"Ulje za kopita EQUINATURA - Clair","isPartOf":{"@id":"https:\/\/clair.si\/#website"},"primaryImageOfPage":{"@id":"https:\/\/clair.si\/hr\/izdelek\/ulje-za-kopita-equinatura\/#primaryimage"},"image":{"@id":"https:\/\/clair.si\/hr\/izdelek\/ulje-za-kopita-equinatura\/#primaryimage"},"thumbnailUrl":"https:\/\/clair.si\/wp-content\/uploads\/2024\/11\/olje_za_kopita_equinatura-hoof-oil-with-brush_1.avif","datePublished":"2024-11-25T12:16:40+00:00","dateModified":"2025-08-27T19:53:05+00:00","description":"Za zdrava kopita. \u010cista biljna ulja avokada, jojobe, sezama i nevena njeguju kopito i odr\u017eavaju ga elasti\u010dnim. Ulje za kopita poti\u010de rast kopita,","breadcrumb":{"@id":"https:\/\/clair.si\/hr\/izdelek\/ulje-za-kopita-equinatura\/#breadcrumb"},"inLanguage":"hr","potentialAction":[{"@type":"ReadAction","target":["https:\/\/clair.si\/hr\/izdelek\/ulje-za-kopita-equinatura\/"]}]},{"@type":"ImageObject","inLanguage":"hr","@id":"https:\/\/clair.si\/hr\/izdelek\/ulje-za-kopita-equinatura\/#primaryimage","url":"https:\/\/clair.si\/wp-content\/uploads\/2024\/11\/olje_za_kopita_equinatura-hoof-oil-with-brush_1.avif","contentUrl":"https:\/\/clair.si\/wp-content\/uploads\/2024\/11\/olje_za_kopita_equinatura-hoof-oil-with-brush_1.avif","width":800,"height":800},{"@type":"BreadcrumbList","@id":"https:\/\/clair.si\/hr\/izdelek\/ulje-za-kopita-equinatura\/#breadcrumb","itemListElement":[{"@type":"ListItem","position":1,"name":"Home","item":"https:\/\/clair.si\/hr\/"},{"@type":"ListItem","position":2,"name":"Trgovina","item":"https:\/\/clair.si\/trgovina\/"},{"@type":"ListItem","position":3,"name":"Ulje za kopita EQUINATURA"}]},{"@type":"WebSite","@id":"https:\/\/clair.si\/#website","url":"https:\/\/clair.si\/","name":"Clair","description":"Trgovina s konjeni\u0161ko opremo","publisher":{"@id":"https:\/\/clair.si\/#organization"},"potentialAction":[{"@type":"SearchAction","target":{"@type":"EntryPoint","urlTemplate":"https:\/\/clair.si\/?s={search_term_string}"},"query-input":{"@type":"PropertyValueSpecification","valueRequired":true,"valueName":"search_term_string"}}],"inLanguage":"hr"},{"@type":"Organization","@id":"https:\/\/clair.si\/#organization","name":"Clair","url":"https:\/\/clair.si\/","logo":{"@type":"ImageObject","inLanguage":"hr","@id":"https:\/\/clair.si\/#\/schema\/logo\/image\/","url":"https:\/\/clair.si\/wp-content\/uploads\/2022\/11\/clair_logo_2022.jpg","contentUrl":"https:\/\/clair.si\/wp-content\/uploads\/2022\/11\/clair_logo_2022.jpg","width":1920,"height":1920,"caption":"Clair"},"image":{"@id":"https:\/\/clair.si\/#\/schema\/logo\/image\/"},"sameAs":["https:\/\/www.facebook.com\/TrgovinaClair\/"]}]}},"_links":{"self":[{"href":"https:\/\/clair.si\/hr\/wp-json\/wp\/v2\/product\/93602","targetHints":{"allow":["GET"]}}],"collection":[{"href":"https:\/\/clair.si\/hr\/wp-json\/wp\/v2\/product"}],"about":[{"href":"https:\/\/clair.si\/hr\/wp-json\/wp\/v2\/types\/product"}],"version-history":[{"count":0,"href":"https:\/\/clair.si\/hr\/wp-json\/wp\/v2\/product\/93602\/revisions"}],"wp:featuredmedia":[{"embeddable":true,"href":"https:\/\/clair.si\/hr\/wp-json\/wp\/v2\/media\/93606"}],"wp:attachment":[{"href":"https:\/\/clair.si\/hr\/wp-json\/wp\/v2\/media?parent=93602"}],"wp:term":[{"taxonomy":"product_brand","embeddable":true,"href":"https:\/\/clair.si\/hr\/wp-json\/wp\/v2\/product_brand?post=93602"},{"taxonomy":"product_cat","embeddable":true,"href":"https:\/\/clair.si\/hr\/wp-json\/wp\/v2\/product_cat?post=93602"},{"taxonomy":"product_tag","embeddable":true,"href":"https:\/\/clair.si\/hr\/wp-json\/wp\/v2\/product_tag?post=93602"}],"curies":[{"name":"wp","href":"https:\/\/api.w.org\/{rel}","templated":true}]}}