{"id":93638,"date":"2024-11-25T14:39:34","date_gmt":"2024-11-25T13:39:34","guid":{"rendered":"https:\/\/clair.si\/izdelek\/naf-show-off-sampon\/"},"modified":"2025-08-27T20:50:17","modified_gmt":"2025-08-27T18:50:17","slug":"naf-show-off-sampon","status":"publish","type":"product","link":"https:\/\/clair.si\/hr\/izdelek\/naf-show-off-sampon\/","title":{"rendered":"NAF Show Off \u0161ampon"},"content":{"rendered":"<div class=\"flex-shrink-0 flex flex-col relative items-end\">\n<div>\n<div class=\"pt-0\">\n<div class=\"gizmo-bot-avatar flex h-8 w-8 items-center justify-center overflow-hidden rounded-full\">\n<div class=\"relative p-1 rounded-sm flex items-center justify-center bg-token-main-surface-primary text-token-text-primary h-8 w-8\"><strong>NAF Show Off \u0161ampon<\/strong> je vrhunski \u0161ampon, dizajniran za savr\u0161eno \u010di\u0161\u0107enje i sjajnu dlaku va\u0161eg konja. Luksuzna formula osigurava da je dlaka dubinski o\u010di\u0161\u0107ena, mekana i blistava, \u0161to je posebno va\u017eno za natjecanja, prezentacije ili druge posebne prigode. \u0160ampon u\u010dinkovito uklanja prljav\u0161tinu, znoj i mrlje, a da pritom ne isu\u0161uje ko\u017eu, \u0161to ga \u010dini idealnim za sve tipove dlake i boje.  <\/div>\n<\/div>\n<\/div>\n<\/div>\n<\/div>\n<div class=\"group\/conversation-turn relative flex w-full min-w-0 flex-col agent-turn\">\n<div class=\"flex-col gap-1 md:gap-3\">\n<div class=\"flex max-w-full flex-col flex-grow\">\n<div class=\"min-h-8 text-message flex w-full flex-col items-end gap-2 whitespace-normal break-words [.text-message+&amp;]:mt-5\" dir=\"auto\" data-message-author-role=\"assistant\" data-message-id=\"bdcbe5e1-6a32-4435-8db4-7bdf0266e3a4\" data-message-model-slug=\"gpt-4o\">\n<div class=\"flex w-full flex-col gap-1 empty:hidden first:pt-[3px]\">\n<div class=\"markdown prose w-full break-words dark:prose-invert light\">\n<h3>Klju\u010dne zna\u010dajke:<\/h3>\n<ul>\n<li><strong>Dubinsko \u010di\u0161\u0107enje:<\/strong> Temeljito uklanja prljav\u0161tinu, znoj i tvrdokorne mrlje.<\/li>\n<li><strong>Izuzetan sjaj:<\/strong> Nagla\u0161ava prirodnu ljepotu i sjaj dlake, bez obzira na njenu boju.<\/li>\n<li><strong>Nje\u017ean prema ko\u017ei:<\/strong> Formula, prijateljska prema ko\u017ei, ne isu\u0161uje ili iritira osjetljivu ko\u017eu konja.<\/li>\n<li><strong>Jednostavno ispiranje:<\/strong> Brzo se ispire i ne ostavlja ostatke, a dlaka ostaje mekana i podatna.<\/li>\n<li><strong>Ugodan miris:<\/strong> Daje dlaci svje\u017e i \u010dist miris, koji traje du\u017ee vremena.<\/li>\n<\/ul>\n<h3>Upute za upotrebu:<\/h3>\n<ol>\n<li>Konja temeljito namo\u010dite toplom vodom.<\/li>\n<li>Na mokru dlaku nanesite dovoljnu koli\u010dinu \u0161ampona.<\/li>\n<li>Nje\u017eno umasirajte \u0161ampon po cijelom tijelu, pri \u010demu se usredoto\u010dite na prljava podru\u010dja.<\/li>\n<li>Dobro isperite \u010distom vodom, dok \u0161ampona vi\u0161e nema na dlaci.<\/li>\n<li>Po potrebi ponovite postupak za optimalan rezultat.<\/li>\n<\/ol>\n<h3>Za\u0161to izabrati NAF Show Off \u0161ampon?<\/h3>\n<p>NAF je sinonim za kvalitetnu njegu konja, stoga je <strong>Show Off \u0161ampon<\/strong> popularan izbor me\u0111u profesionalnim uzgajiva\u010dima i natjecateljima. \u0160ampon ne samo da \u010disti, ve\u0107 i nagla\u0161ava prirodni sjaj i ljepotu dlake, \u0161to osigurava da va\u0161 konj na svakom doga\u0111aju izdvaja. <\/p>\n<p>Izaberite <strong>NAF Show Off \u0161ampon<\/strong> i osigurajte da va\u0161 konj uvijek izgleda savr\u0161eno \u2013 od \u0161tale do natjecanja! \ud83c\udf1f<\/p>\n<p><strong>Sastojci<\/strong>: 5-kloro-2-metil-4-izotiazolin-3-on, 2-metil-4-izotiazolin-3-on.<\/p>\n<p><strong>Koli\u010dina<\/strong>: 500 ml<\/p>\n<\/div>\n<\/div>\n<\/div>\n<\/div>\n<\/div>\n<\/div>\n","protected":false},"excerpt":{"rendered":"<ul>\n<li>\u0161ampon koji nagla\u0161ava prirodnu boju konjeve dlake<\/li>\n<li>crni konji bit \u0107e jo\u0161 crnji, bijeli bjelji, a sme\u0111i sme\u0111i \ud83d\ude09<\/li>\n<\/ul>\n","protected":false},"featured_media":93641,"template":"","meta":{"footnotes":""},"product_brand":[],"product_cat":[5624,5675,5677,5625,5714,5627],"product_tag":[],"class_list":{"0":"post-93638","1":"product","2":"type-product","3":"status-publish","4":"has-post-thumbnail","6":"product_cat-konj-hr","7":"product_cat-kozmetika-za-konje-hr","8":"product_cat-kozmetika-za-konje-hr-2","9":"product_cat-njega-konja","10":"product_cat-samponi-i-sapuni","11":"product_cat-stala-i-pasnjak","13":"first","14":"instock","15":"shipping-taxable","16":"purchasable","17":"product-type-simple"},"yoast_head":"<!-- This site is optimized with the Yoast SEO plugin v27.4 - https:\/\/yoast.com\/product\/yoast-seo-wordpress\/ -->\n<title>NAF Show Off \u0161ampon - Clair<\/title>\n<meta name=\"description\" content=\"\u0161ampon koji nagla\u0161ava prirodnu boju konjeve dlake  crni konji bit \u0107e jo\u0161 crnji, bijeli bjelji, a sme\u0111i sme\u0111i ;)\" \/>\n<meta name=\"robots\" content=\"index, follow, max-snippet:-1, max-image-preview:large, max-video-preview:-1\" \/>\n<link rel=\"canonical\" href=\"https:\/\/clair.si\/hr\/izdelek\/naf-show-off-sampon\/\" \/>\n<meta property=\"og:locale\" content=\"hr_HR\" \/>\n<meta property=\"og:type\" content=\"article\" \/>\n<meta property=\"og:title\" content=\"NAF Show Off \u0161ampon - Clair\" \/>\n<meta property=\"og:description\" content=\"\u0161ampon koji nagla\u0161ava prirodnu boju konjeve dlake  crni konji bit \u0107e jo\u0161 crnji, bijeli bjelji, a sme\u0111i sme\u0111i ;)\" \/>\n<meta property=\"og:url\" content=\"https:\/\/clair.si\/hr\/izdelek\/naf-show-off-sampon\/\" \/>\n<meta property=\"og:site_name\" content=\"Clair\" \/>\n<meta property=\"article:publisher\" content=\"https:\/\/www.facebook.com\/TrgovinaClair\/\" \/>\n<meta property=\"article:modified_time\" content=\"2025-08-27T18:50:17+00:00\" \/>\n<meta property=\"og:image\" content=\"https:\/\/clair.si\/wp-content\/uploads\/2024\/11\/NAF-Show-Off-Shampoo-Clair.avif\" \/>\n\t<meta property=\"og:image:width\" content=\"800\" \/>\n\t<meta property=\"og:image:height\" content=\"800\" \/>\n\t<meta property=\"og:image:type\" content=\"image\/jpeg\" \/>\n<meta name=\"twitter:card\" content=\"summary_large_image\" \/>\n<meta name=\"twitter:label1\" content=\"Procijenjeno vrijeme \u010ditanja\" \/>\n\t<meta name=\"twitter:data1\" content=\"2 minute\" \/>\n<script type=\"application\/ld+json\" class=\"yoast-schema-graph\">{\"@context\":\"https:\\\/\\\/schema.org\",\"@graph\":[{\"@type\":\"WebPage\",\"@id\":\"https:\\\/\\\/clair.si\\\/hr\\\/izdelek\\\/naf-show-off-sampon\\\/\",\"url\":\"https:\\\/\\\/clair.si\\\/hr\\\/izdelek\\\/naf-show-off-sampon\\\/\",\"name\":\"NAF Show Off \u0161ampon - Clair\",\"isPartOf\":{\"@id\":\"https:\\\/\\\/clair.si\\\/#website\"},\"primaryImageOfPage\":{\"@id\":\"https:\\\/\\\/clair.si\\\/hr\\\/izdelek\\\/naf-show-off-sampon\\\/#primaryimage\"},\"image\":{\"@id\":\"https:\\\/\\\/clair.si\\\/hr\\\/izdelek\\\/naf-show-off-sampon\\\/#primaryimage\"},\"thumbnailUrl\":\"https:\\\/\\\/clair.si\\\/wp-content\\\/uploads\\\/2024\\\/11\\\/NAF-Show-Off-Shampoo-Clair.avif\",\"datePublished\":\"2024-11-25T13:39:34+00:00\",\"dateModified\":\"2025-08-27T18:50:17+00:00\",\"description\":\"\u0161ampon koji nagla\u0161ava prirodnu boju konjeve dlake crni konji bit \u0107e jo\u0161 crnji, bijeli bjelji, a sme\u0111i sme\u0111i ;)\",\"breadcrumb\":{\"@id\":\"https:\\\/\\\/clair.si\\\/hr\\\/izdelek\\\/naf-show-off-sampon\\\/#breadcrumb\"},\"inLanguage\":\"hr\",\"potentialAction\":[{\"@type\":\"ReadAction\",\"target\":[\"https:\\\/\\\/clair.si\\\/hr\\\/izdelek\\\/naf-show-off-sampon\\\/\"]}]},{\"@type\":\"ImageObject\",\"inLanguage\":\"hr\",\"@id\":\"https:\\\/\\\/clair.si\\\/hr\\\/izdelek\\\/naf-show-off-sampon\\\/#primaryimage\",\"url\":\"https:\\\/\\\/clair.si\\\/wp-content\\\/uploads\\\/2024\\\/11\\\/NAF-Show-Off-Shampoo-Clair.avif\",\"contentUrl\":\"https:\\\/\\\/clair.si\\\/wp-content\\\/uploads\\\/2024\\\/11\\\/NAF-Show-Off-Shampoo-Clair.avif\",\"width\":800,\"height\":800},{\"@type\":\"BreadcrumbList\",\"@id\":\"https:\\\/\\\/clair.si\\\/hr\\\/izdelek\\\/naf-show-off-sampon\\\/#breadcrumb\",\"itemListElement\":[{\"@type\":\"ListItem\",\"position\":1,\"name\":\"Home\",\"item\":\"https:\\\/\\\/clair.si\\\/hr\\\/\"},{\"@type\":\"ListItem\",\"position\":2,\"name\":\"Trgovina\",\"item\":\"https:\\\/\\\/clair.si\\\/trgovina\\\/\"},{\"@type\":\"ListItem\",\"position\":3,\"name\":\"NAF Show Off \u0161ampon\"}]},{\"@type\":\"WebSite\",\"@id\":\"https:\\\/\\\/clair.si\\\/#website\",\"url\":\"https:\\\/\\\/clair.si\\\/\",\"name\":\"Clair\",\"description\":\"Trgovina s konjeni\u0161ko opremo\",\"publisher\":{\"@id\":\"https:\\\/\\\/clair.si\\\/#organization\"},\"potentialAction\":[{\"@type\":\"SearchAction\",\"target\":{\"@type\":\"EntryPoint\",\"urlTemplate\":\"https:\\\/\\\/clair.si\\\/?s={search_term_string}\"},\"query-input\":{\"@type\":\"PropertyValueSpecification\",\"valueRequired\":true,\"valueName\":\"search_term_string\"}}],\"inLanguage\":\"hr\"},{\"@type\":\"Organization\",\"@id\":\"https:\\\/\\\/clair.si\\\/#organization\",\"name\":\"Clair\",\"url\":\"https:\\\/\\\/clair.si\\\/\",\"logo\":{\"@type\":\"ImageObject\",\"inLanguage\":\"hr\",\"@id\":\"https:\\\/\\\/clair.si\\\/#\\\/schema\\\/logo\\\/image\\\/\",\"url\":\"https:\\\/\\\/clair.si\\\/wp-content\\\/uploads\\\/2022\\\/11\\\/clair_logo_2022.jpg\",\"contentUrl\":\"https:\\\/\\\/clair.si\\\/wp-content\\\/uploads\\\/2022\\\/11\\\/clair_logo_2022.jpg\",\"width\":1920,\"height\":1920,\"caption\":\"Clair\"},\"image\":{\"@id\":\"https:\\\/\\\/clair.si\\\/#\\\/schema\\\/logo\\\/image\\\/\"},\"sameAs\":[\"https:\\\/\\\/www.facebook.com\\\/TrgovinaClair\\\/\"]}]}<\/script>\n<!-- \/ Yoast SEO plugin. -->","yoast_head_json":{"title":"NAF Show Off \u0161ampon - Clair","description":"\u0161ampon koji nagla\u0161ava prirodnu boju konjeve dlake  crni konji bit \u0107e jo\u0161 crnji, bijeli bjelji, a sme\u0111i sme\u0111i ;)","robots":{"index":"index","follow":"follow","max-snippet":"max-snippet:-1","max-image-preview":"max-image-preview:large","max-video-preview":"max-video-preview:-1"},"canonical":"https:\/\/clair.si\/hr\/izdelek\/naf-show-off-sampon\/","og_locale":"hr_HR","og_type":"article","og_title":"NAF Show Off \u0161ampon - Clair","og_description":"\u0161ampon koji nagla\u0161ava prirodnu boju konjeve dlake  crni konji bit \u0107e jo\u0161 crnji, bijeli bjelji, a sme\u0111i sme\u0111i ;)","og_url":"https:\/\/clair.si\/hr\/izdelek\/naf-show-off-sampon\/","og_site_name":"Clair","article_publisher":"https:\/\/www.facebook.com\/TrgovinaClair\/","article_modified_time":"2025-08-27T18:50:17+00:00","og_image":[{"width":800,"height":800,"url":"https:\/\/clair.si\/wp-content\/uploads\/2024\/11\/NAF-Show-Off-Shampoo-Clair.avif","type":"image\/jpeg"}],"twitter_card":"summary_large_image","twitter_misc":{"Procijenjeno vrijeme \u010ditanja":"2 minute"},"schema":{"@context":"https:\/\/schema.org","@graph":[{"@type":"WebPage","@id":"https:\/\/clair.si\/hr\/izdelek\/naf-show-off-sampon\/","url":"https:\/\/clair.si\/hr\/izdelek\/naf-show-off-sampon\/","name":"NAF Show Off \u0161ampon - Clair","isPartOf":{"@id":"https:\/\/clair.si\/#website"},"primaryImageOfPage":{"@id":"https:\/\/clair.si\/hr\/izdelek\/naf-show-off-sampon\/#primaryimage"},"image":{"@id":"https:\/\/clair.si\/hr\/izdelek\/naf-show-off-sampon\/#primaryimage"},"thumbnailUrl":"https:\/\/clair.si\/wp-content\/uploads\/2024\/11\/NAF-Show-Off-Shampoo-Clair.avif","datePublished":"2024-11-25T13:39:34+00:00","dateModified":"2025-08-27T18:50:17+00:00","description":"\u0161ampon koji nagla\u0161ava prirodnu boju konjeve dlake crni konji bit \u0107e jo\u0161 crnji, bijeli bjelji, a sme\u0111i sme\u0111i ;)","breadcrumb":{"@id":"https:\/\/clair.si\/hr\/izdelek\/naf-show-off-sampon\/#breadcrumb"},"inLanguage":"hr","potentialAction":[{"@type":"ReadAction","target":["https:\/\/clair.si\/hr\/izdelek\/naf-show-off-sampon\/"]}]},{"@type":"ImageObject","inLanguage":"hr","@id":"https:\/\/clair.si\/hr\/izdelek\/naf-show-off-sampon\/#primaryimage","url":"https:\/\/clair.si\/wp-content\/uploads\/2024\/11\/NAF-Show-Off-Shampoo-Clair.avif","contentUrl":"https:\/\/clair.si\/wp-content\/uploads\/2024\/11\/NAF-Show-Off-Shampoo-Clair.avif","width":800,"height":800},{"@type":"BreadcrumbList","@id":"https:\/\/clair.si\/hr\/izdelek\/naf-show-off-sampon\/#breadcrumb","itemListElement":[{"@type":"ListItem","position":1,"name":"Home","item":"https:\/\/clair.si\/hr\/"},{"@type":"ListItem","position":2,"name":"Trgovina","item":"https:\/\/clair.si\/trgovina\/"},{"@type":"ListItem","position":3,"name":"NAF Show Off \u0161ampon"}]},{"@type":"WebSite","@id":"https:\/\/clair.si\/#website","url":"https:\/\/clair.si\/","name":"Clair","description":"Trgovina s konjeni\u0161ko opremo","publisher":{"@id":"https:\/\/clair.si\/#organization"},"potentialAction":[{"@type":"SearchAction","target":{"@type":"EntryPoint","urlTemplate":"https:\/\/clair.si\/?s={search_term_string}"},"query-input":{"@type":"PropertyValueSpecification","valueRequired":true,"valueName":"search_term_string"}}],"inLanguage":"hr"},{"@type":"Organization","@id":"https:\/\/clair.si\/#organization","name":"Clair","url":"https:\/\/clair.si\/","logo":{"@type":"ImageObject","inLanguage":"hr","@id":"https:\/\/clair.si\/#\/schema\/logo\/image\/","url":"https:\/\/clair.si\/wp-content\/uploads\/2022\/11\/clair_logo_2022.jpg","contentUrl":"https:\/\/clair.si\/wp-content\/uploads\/2022\/11\/clair_logo_2022.jpg","width":1920,"height":1920,"caption":"Clair"},"image":{"@id":"https:\/\/clair.si\/#\/schema\/logo\/image\/"},"sameAs":["https:\/\/www.facebook.com\/TrgovinaClair\/"]}]}},"_links":{"self":[{"href":"https:\/\/clair.si\/hr\/wp-json\/wp\/v2\/product\/93638","targetHints":{"allow":["GET"]}}],"collection":[{"href":"https:\/\/clair.si\/hr\/wp-json\/wp\/v2\/product"}],"about":[{"href":"https:\/\/clair.si\/hr\/wp-json\/wp\/v2\/types\/product"}],"version-history":[{"count":0,"href":"https:\/\/clair.si\/hr\/wp-json\/wp\/v2\/product\/93638\/revisions"}],"wp:featuredmedia":[{"embeddable":true,"href":"https:\/\/clair.si\/hr\/wp-json\/wp\/v2\/media\/93641"}],"wp:attachment":[{"href":"https:\/\/clair.si\/hr\/wp-json\/wp\/v2\/media?parent=93638"}],"wp:term":[{"taxonomy":"product_brand","embeddable":true,"href":"https:\/\/clair.si\/hr\/wp-json\/wp\/v2\/product_brand?post=93638"},{"taxonomy":"product_cat","embeddable":true,"href":"https:\/\/clair.si\/hr\/wp-json\/wp\/v2\/product_cat?post=93638"},{"taxonomy":"product_tag","embeddable":true,"href":"https:\/\/clair.si\/hr\/wp-json\/wp\/v2\/product_tag?post=93638"}],"curies":[{"name":"wp","href":"https:\/\/api.w.org\/{rel}","templated":true}]}}