{"id":93668,"date":"2024-12-12T11:06:55","date_gmt":"2024-12-12T10:06:55","guid":{"rendered":"https:\/\/clair.si\/izdelek\/tekucina-za-kopita-kevin-bacons\/"},"modified":"2025-12-21T22:15:36","modified_gmt":"2025-12-21T21:15:36","slug":"tekucina-za-kopita-kevin-bacons","status":"publish","type":"product","link":"https:\/\/clair.si\/hr\/izdelek\/tekucina-za-kopita-kevin-bacons\/","title":{"rendered":"Teku\u0107ina za kopita Kevin Bacon&#8217;s"},"content":{"rendered":"<div class=\"flex-shrink-0 flex flex-col relative items-end\">\n<div>\n<div class=\"pt-0\">\n<div class=\"gizmo-bot-avatar flex h-8 w-8 items-center justify-center overflow-hidden rounded-full\">\n<div class=\"relative p-1 rounded-sm flex items-center justify-center bg-token-main-surface-primary text-token-text-primary h-8 w-8\"><\/div>\n<\/div>\n<\/div>\n<\/div>\n<\/div>\n<div class=\"group\/conversation-turn relative flex w-full min-w-0 flex-col agent-turn\">\n<div class=\"flex-col gap-1 md:gap-3\">\n<div class=\"flex max-w-full flex-col flex-grow\">\n<div class=\"min-h-8 text-message flex w-full flex-col items-end gap-2 whitespace-normal break-words text-start [.text-message+&amp;]:mt-5\" dir=\"auto\" data-message-author-role=\"assistant\" data-message-id=\"e2fbf227-da91-4506-b195-d8c0b796f915\" data-message-model-slug=\"gpt-4o\">\n<div class=\"flex w-full flex-col gap-1 empty:hidden first:pt-[3px]\">\n<div class=\"markdown prose w-full break-words dark:prose-invert light\">\n<p><strong>Teku\u0107ina za kopita Kevin Bacon&#8217;s \u2013 za\u0161tita kopita od trule\u017ei!<\/strong><\/p>\n<p>Teku\u0107ina za kopita Kevin Bacon&#8217;s je vrhunski proizvod za njegu konjskih kopita koji osigurava za\u0161titu, hidrataciju i regeneraciju. Zahvaljuju\u0107i prirodnim sastojcima, kao \u0161to su <em>lanolin<\/em>, <em>li\u0161\u0107e lovora<\/em> i <em>biljni ekstrakti<\/em>, poma\u017ee u sprje\u010davanju pukotina, isu\u0161ivanja i prekomjernog tro\u0161enja kopita te sprje\u010dava trule\u017e kopita (hoof thrush). <\/p>\n<h3><strong>Klju\u010dne zna\u010dajke<\/strong><\/h3>\n<ul>\n<li><strong>Prirodni sastav:<\/strong> Lanolin odr\u017eava vla\u017enost i elasti\u010dnost kopita, dok listovi lovora poti\u010du zdrav rast ro\u017eine.<\/li>\n<li><strong>Cjelovita za\u0161tita:<\/strong> Stvara za\u0161titni sloj koji \u0161titi od vanjskih utjecaja, kao \u0161to su blato, vlaga ili isu\u0161ena tla.<\/li>\n<li><strong>Svakodnevna uporaba:<\/strong> Teku\u0107ina je prikladna za uporabu tijekom cijele godine \u2013 ljeti sprje\u010dava isu\u0161ivanje, a zimi \u0161titi od pucanja.<\/li>\n<\/ul>\n<h3><strong>Upute za uporabu<\/strong><\/h3>\n<ol>\n<li>Prije nano\u0161enja temeljito o\u010distite kopita.<\/li>\n<li>Teku\u0107inu za kopita Kevin Bacon&#8217;s ravnomjerno nanesite na suha kopita pomo\u0107u \u010detke koja je prilo\u017eena pakiranju.<\/li>\n<li>Koristite 2\u20133 puta tjedno ili po potrebi, osobito kod konja koji su izlo\u017eeni vla\u017enom tlu.<\/li>\n<\/ol>\n<h3><strong>Za\u0161to odabrati Kevin Bacon&#8217;s?<\/strong><\/h3>\n<p>Zbog provjerene kvalitete i prirodnog sastava, teku\u0107ina za kopita Kevin Bacon&#8217;s odli\u010dan je izbor za sve koji \u017eele osigurati zdravlje kopita svojih konja. Redovita uporaba pobolj\u0161ava strukturu kopita, smanjuje rizik od ozljeda i osigurava dugotrajnu za\u0161titu. <\/p>\n<p>Osigurajte svojem konju najbolju njegu s teku\u0107inom za kopita Kevin Bacon&#8217;s!<\/p>\n<p><strong>Koli\u010dina<\/strong>: 105 ml<\/p>\n<\/div>\n<\/div>\n<\/div>\n<\/div>\n<\/div>\n<\/div>\n","protected":false},"excerpt":{"rendered":"<ul>\n<li>sprje\u010dava trule\u017e kopita<\/li>\n<li>s dodanom \u010detkom<\/li>\n<\/ul>\n","protected":false},"featured_media":93671,"template":"","meta":{"footnotes":""},"product_brand":[],"product_cat":[5624,5677,5873,5625,5882,5627],"product_tag":[],"class_list":{"0":"post-93668","1":"product","2":"type-product","3":"status-publish","4":"has-post-thumbnail","6":"product_cat-konj-hr","7":"product_cat-kozmetika-za-konje-hr-2","8":"product_cat-njega-i-zdravlje-kopita","9":"product_cat-njega-konja","10":"product_cat-njega-kopita","11":"product_cat-stala-i-pasnjak","13":"first","14":"instock","15":"shipping-taxable","16":"purchasable","17":"product-type-simple"},"yoast_head":"<!-- This site is optimized with the Yoast SEO plugin v27.3 - https:\/\/yoast.com\/product\/yoast-seo-wordpress\/ -->\n<title>Teku\u0107ina za kopita Kevin Bacon&#039;s - Clair<\/title>\n<meta name=\"description\" content=\"sprje\u010dava trule\u017e kopita  s dodanom \u010detkom\" \/>\n<meta name=\"robots\" content=\"index, follow, max-snippet:-1, max-image-preview:large, max-video-preview:-1\" \/>\n<link rel=\"canonical\" href=\"https:\/\/clair.si\/hr\/izdelek\/tekucina-za-kopita-kevin-bacons\/\" \/>\n<meta property=\"og:locale\" content=\"hr_HR\" \/>\n<meta property=\"og:type\" content=\"article\" \/>\n<meta property=\"og:title\" content=\"Teku\u0107ina za kopita Kevin Bacon&#039;s - Clair\" \/>\n<meta property=\"og:description\" content=\"sprje\u010dava trule\u017e kopita  s dodanom \u010detkom\" \/>\n<meta property=\"og:url\" content=\"https:\/\/clair.si\/hr\/izdelek\/tekucina-za-kopita-kevin-bacons\/\" \/>\n<meta property=\"og:site_name\" content=\"Clair\" \/>\n<meta property=\"article:publisher\" content=\"https:\/\/www.facebook.com\/TrgovinaClair\/\" \/>\n<meta property=\"article:modified_time\" content=\"2025-12-21T21:15:36+00:00\" \/>\n<meta property=\"og:image\" content=\"https:\/\/clair.si\/wp-content\/uploads\/2024\/12\/Kevin-bacons-clair.webp\" \/>\n\t<meta property=\"og:image:width\" content=\"1000\" \/>\n\t<meta property=\"og:image:height\" content=\"1000\" \/>\n\t<meta property=\"og:image:type\" content=\"image\/webp\" \/>\n<meta name=\"twitter:card\" content=\"summary_large_image\" \/>\n<meta name=\"twitter:label1\" content=\"Procijenjeno vrijeme \u010ditanja\" \/>\n\t<meta name=\"twitter:data1\" content=\"1 minuta\" \/>\n<script type=\"application\/ld+json\" class=\"yoast-schema-graph\">{\"@context\":\"https:\\\/\\\/schema.org\",\"@graph\":[{\"@type\":\"WebPage\",\"@id\":\"https:\\\/\\\/clair.si\\\/hr\\\/izdelek\\\/tekucina-za-kopita-kevin-bacons\\\/\",\"url\":\"https:\\\/\\\/clair.si\\\/hr\\\/izdelek\\\/tekucina-za-kopita-kevin-bacons\\\/\",\"name\":\"Teku\u0107ina za kopita Kevin Bacon's - Clair\",\"isPartOf\":{\"@id\":\"https:\\\/\\\/clair.si\\\/#website\"},\"primaryImageOfPage\":{\"@id\":\"https:\\\/\\\/clair.si\\\/hr\\\/izdelek\\\/tekucina-za-kopita-kevin-bacons\\\/#primaryimage\"},\"image\":{\"@id\":\"https:\\\/\\\/clair.si\\\/hr\\\/izdelek\\\/tekucina-za-kopita-kevin-bacons\\\/#primaryimage\"},\"thumbnailUrl\":\"https:\\\/\\\/clair.si\\\/wp-content\\\/uploads\\\/2024\\\/12\\\/Kevin-bacons-clair.webp\",\"datePublished\":\"2024-12-12T10:06:55+00:00\",\"dateModified\":\"2025-12-21T21:15:36+00:00\",\"description\":\"sprje\u010dava trule\u017e kopita s dodanom \u010detkom\",\"breadcrumb\":{\"@id\":\"https:\\\/\\\/clair.si\\\/hr\\\/izdelek\\\/tekucina-za-kopita-kevin-bacons\\\/#breadcrumb\"},\"inLanguage\":\"hr\",\"potentialAction\":[{\"@type\":\"ReadAction\",\"target\":[\"https:\\\/\\\/clair.si\\\/hr\\\/izdelek\\\/tekucina-za-kopita-kevin-bacons\\\/\"]}]},{\"@type\":\"ImageObject\",\"inLanguage\":\"hr\",\"@id\":\"https:\\\/\\\/clair.si\\\/hr\\\/izdelek\\\/tekucina-za-kopita-kevin-bacons\\\/#primaryimage\",\"url\":\"https:\\\/\\\/clair.si\\\/wp-content\\\/uploads\\\/2024\\\/12\\\/Kevin-bacons-clair.webp\",\"contentUrl\":\"https:\\\/\\\/clair.si\\\/wp-content\\\/uploads\\\/2024\\\/12\\\/Kevin-bacons-clair.webp\",\"width\":1000,\"height\":1000},{\"@type\":\"BreadcrumbList\",\"@id\":\"https:\\\/\\\/clair.si\\\/hr\\\/izdelek\\\/tekucina-za-kopita-kevin-bacons\\\/#breadcrumb\",\"itemListElement\":[{\"@type\":\"ListItem\",\"position\":1,\"name\":\"Home\",\"item\":\"https:\\\/\\\/clair.si\\\/hr\\\/\"},{\"@type\":\"ListItem\",\"position\":2,\"name\":\"Trgovina\",\"item\":\"https:\\\/\\\/clair.si\\\/trgovina\\\/\"},{\"@type\":\"ListItem\",\"position\":3,\"name\":\"Teku\u0107ina za kopita Kevin Bacon&#8217;s\"}]},{\"@type\":\"WebSite\",\"@id\":\"https:\\\/\\\/clair.si\\\/#website\",\"url\":\"https:\\\/\\\/clair.si\\\/\",\"name\":\"Clair\",\"description\":\"Trgovina s konjeni\u0161ko opremo\",\"publisher\":{\"@id\":\"https:\\\/\\\/clair.si\\\/#organization\"},\"potentialAction\":[{\"@type\":\"SearchAction\",\"target\":{\"@type\":\"EntryPoint\",\"urlTemplate\":\"https:\\\/\\\/clair.si\\\/?s={search_term_string}\"},\"query-input\":{\"@type\":\"PropertyValueSpecification\",\"valueRequired\":true,\"valueName\":\"search_term_string\"}}],\"inLanguage\":\"hr\"},{\"@type\":\"Organization\",\"@id\":\"https:\\\/\\\/clair.si\\\/#organization\",\"name\":\"Clair\",\"url\":\"https:\\\/\\\/clair.si\\\/\",\"logo\":{\"@type\":\"ImageObject\",\"inLanguage\":\"hr\",\"@id\":\"https:\\\/\\\/clair.si\\\/#\\\/schema\\\/logo\\\/image\\\/\",\"url\":\"https:\\\/\\\/clair.si\\\/wp-content\\\/uploads\\\/2022\\\/11\\\/clair_logo_2022.jpg\",\"contentUrl\":\"https:\\\/\\\/clair.si\\\/wp-content\\\/uploads\\\/2022\\\/11\\\/clair_logo_2022.jpg\",\"width\":1920,\"height\":1920,\"caption\":\"Clair\"},\"image\":{\"@id\":\"https:\\\/\\\/clair.si\\\/#\\\/schema\\\/logo\\\/image\\\/\"},\"sameAs\":[\"https:\\\/\\\/www.facebook.com\\\/TrgovinaClair\\\/\"]}]}<\/script>\n<!-- \/ Yoast SEO plugin. -->","yoast_head_json":{"title":"Teku\u0107ina za kopita Kevin Bacon's - Clair","description":"sprje\u010dava trule\u017e kopita  s dodanom \u010detkom","robots":{"index":"index","follow":"follow","max-snippet":"max-snippet:-1","max-image-preview":"max-image-preview:large","max-video-preview":"max-video-preview:-1"},"canonical":"https:\/\/clair.si\/hr\/izdelek\/tekucina-za-kopita-kevin-bacons\/","og_locale":"hr_HR","og_type":"article","og_title":"Teku\u0107ina za kopita Kevin Bacon's - Clair","og_description":"sprje\u010dava trule\u017e kopita  s dodanom \u010detkom","og_url":"https:\/\/clair.si\/hr\/izdelek\/tekucina-za-kopita-kevin-bacons\/","og_site_name":"Clair","article_publisher":"https:\/\/www.facebook.com\/TrgovinaClair\/","article_modified_time":"2025-12-21T21:15:36+00:00","og_image":[{"width":1000,"height":1000,"url":"https:\/\/clair.si\/wp-content\/uploads\/2024\/12\/Kevin-bacons-clair.webp","type":"image\/webp"}],"twitter_card":"summary_large_image","twitter_misc":{"Procijenjeno vrijeme \u010ditanja":"1 minuta"},"schema":{"@context":"https:\/\/schema.org","@graph":[{"@type":"WebPage","@id":"https:\/\/clair.si\/hr\/izdelek\/tekucina-za-kopita-kevin-bacons\/","url":"https:\/\/clair.si\/hr\/izdelek\/tekucina-za-kopita-kevin-bacons\/","name":"Teku\u0107ina za kopita Kevin Bacon's - Clair","isPartOf":{"@id":"https:\/\/clair.si\/#website"},"primaryImageOfPage":{"@id":"https:\/\/clair.si\/hr\/izdelek\/tekucina-za-kopita-kevin-bacons\/#primaryimage"},"image":{"@id":"https:\/\/clair.si\/hr\/izdelek\/tekucina-za-kopita-kevin-bacons\/#primaryimage"},"thumbnailUrl":"https:\/\/clair.si\/wp-content\/uploads\/2024\/12\/Kevin-bacons-clair.webp","datePublished":"2024-12-12T10:06:55+00:00","dateModified":"2025-12-21T21:15:36+00:00","description":"sprje\u010dava trule\u017e kopita s dodanom \u010detkom","breadcrumb":{"@id":"https:\/\/clair.si\/hr\/izdelek\/tekucina-za-kopita-kevin-bacons\/#breadcrumb"},"inLanguage":"hr","potentialAction":[{"@type":"ReadAction","target":["https:\/\/clair.si\/hr\/izdelek\/tekucina-za-kopita-kevin-bacons\/"]}]},{"@type":"ImageObject","inLanguage":"hr","@id":"https:\/\/clair.si\/hr\/izdelek\/tekucina-za-kopita-kevin-bacons\/#primaryimage","url":"https:\/\/clair.si\/wp-content\/uploads\/2024\/12\/Kevin-bacons-clair.webp","contentUrl":"https:\/\/clair.si\/wp-content\/uploads\/2024\/12\/Kevin-bacons-clair.webp","width":1000,"height":1000},{"@type":"BreadcrumbList","@id":"https:\/\/clair.si\/hr\/izdelek\/tekucina-za-kopita-kevin-bacons\/#breadcrumb","itemListElement":[{"@type":"ListItem","position":1,"name":"Home","item":"https:\/\/clair.si\/hr\/"},{"@type":"ListItem","position":2,"name":"Trgovina","item":"https:\/\/clair.si\/trgovina\/"},{"@type":"ListItem","position":3,"name":"Teku\u0107ina za kopita Kevin Bacon&#8217;s"}]},{"@type":"WebSite","@id":"https:\/\/clair.si\/#website","url":"https:\/\/clair.si\/","name":"Clair","description":"Trgovina s konjeni\u0161ko opremo","publisher":{"@id":"https:\/\/clair.si\/#organization"},"potentialAction":[{"@type":"SearchAction","target":{"@type":"EntryPoint","urlTemplate":"https:\/\/clair.si\/?s={search_term_string}"},"query-input":{"@type":"PropertyValueSpecification","valueRequired":true,"valueName":"search_term_string"}}],"inLanguage":"hr"},{"@type":"Organization","@id":"https:\/\/clair.si\/#organization","name":"Clair","url":"https:\/\/clair.si\/","logo":{"@type":"ImageObject","inLanguage":"hr","@id":"https:\/\/clair.si\/#\/schema\/logo\/image\/","url":"https:\/\/clair.si\/wp-content\/uploads\/2022\/11\/clair_logo_2022.jpg","contentUrl":"https:\/\/clair.si\/wp-content\/uploads\/2022\/11\/clair_logo_2022.jpg","width":1920,"height":1920,"caption":"Clair"},"image":{"@id":"https:\/\/clair.si\/#\/schema\/logo\/image\/"},"sameAs":["https:\/\/www.facebook.com\/TrgovinaClair\/"]}]}},"_links":{"self":[{"href":"https:\/\/clair.si\/hr\/wp-json\/wp\/v2\/product\/93668","targetHints":{"allow":["GET"]}}],"collection":[{"href":"https:\/\/clair.si\/hr\/wp-json\/wp\/v2\/product"}],"about":[{"href":"https:\/\/clair.si\/hr\/wp-json\/wp\/v2\/types\/product"}],"version-history":[{"count":0,"href":"https:\/\/clair.si\/hr\/wp-json\/wp\/v2\/product\/93668\/revisions"}],"wp:featuredmedia":[{"embeddable":true,"href":"https:\/\/clair.si\/hr\/wp-json\/wp\/v2\/media\/93671"}],"wp:attachment":[{"href":"https:\/\/clair.si\/hr\/wp-json\/wp\/v2\/media?parent=93668"}],"wp:term":[{"taxonomy":"product_brand","embeddable":true,"href":"https:\/\/clair.si\/hr\/wp-json\/wp\/v2\/product_brand?post=93668"},{"taxonomy":"product_cat","embeddable":true,"href":"https:\/\/clair.si\/hr\/wp-json\/wp\/v2\/product_cat?post=93668"},{"taxonomy":"product_tag","embeddable":true,"href":"https:\/\/clair.si\/hr\/wp-json\/wp\/v2\/product_tag?post=93668"}],"curies":[{"name":"wp","href":"https:\/\/api.w.org\/{rel}","templated":true}]}}