{"id":93695,"date":"2024-12-05T12:53:45","date_gmt":"2024-12-05T11:53:45","guid":{"rendered":"https:\/\/clair.si\/izdelek\/cavalor-mash-mix-go-15kg\/"},"modified":"2024-12-05T12:53:45","modified_gmt":"2024-12-05T11:53:45","slug":"cavalor-mash-mix-go-15kg","status":"publish","type":"product","link":"https:\/\/clair.si\/hr\/izdelek\/cavalor-mash-mix-go-15kg\/","title":{"rendered":"Cavalor Mash &amp; Mix Go 1,5kg"},"content":{"rendered":"<p><strong>Cavalor Mash &amp; Mix<\/strong><span class=\"HwtZe\" lang=\"sl\"><span class=\"jCAhz ChMk0b\"><span class=\"ryNqvb\"> ka\u0161a, koja je idealna za brzi oporavak.<\/span><\/span> <span class=\"jCAhz ChMk0b\"><span class=\"ryNqvb\">Ova ka\u0161a je posebna mje\u0161avina ukusne, lako probavljive prirodne hrane (\u017eitarice i pahuljice, mekinje, lanene sjemenke, prebiotici, su\u0161eno povr\u0107e), koja sadr\u017ei puno elektrolita i poti\u010de probavu.<\/span><\/span> <span class=\"jCAhz ChMk0b\"><span class=\"ryNqvb\">Idealan kao lako probavljiv izvor energije nakon napornog rada ili u hladnim zimskim danima.<\/span><\/span><\/span><\/p>\n<p><strong>Sastav:  <\/strong><em><span class=\"HwtZe\" lang=\"sl\"><span class=\"jCAhz ChMk0b\"><span class=\"ryNqvb\">Je\u010dmene pahuljice (27%)<\/span><\/span>, <span class=\"jCAhz ChMk0b\"><span class=\"ryNqvb\">zob,<\/span><\/span> p <span class=\"jCAhz ChMk0b\"><span class=\"ryNqvb\">\u0161eni\u010dne mekinje,<\/span><\/span> <span class=\"jCAhz ChMk0b\"><span class=\"ryNqvb\">laneno sjeme,<\/span><\/span> e <span class=\"jCAhz ChMk0b\"><span class=\"ryNqvb\">kspandirani je\u010dam (10%),<\/span><\/span> e <span class=\"jCAhz ChMk0b\"><span class=\"ryNqvb\">kspandirani kukuruz (5%),<\/span><\/span> p <span class=\"jCAhz ChMk0b\"><span class=\"ryNqvb\">esna melasa,<\/span><\/span> p <span class=\"jCAhz ChMk0b\"><span class=\"ryNqvb\">ra\u017eena zrna soje,<\/span><\/span> k <span class=\"jCAhz ChMk0b\"><span class=\"ryNqvb\">osmi\u010di graha<\/span><\/span>, k <span class=\"jCAhz ChMk0b\"><span class=\"ryNqvb\">alcijev magnezijev karbonat<\/span><\/span>, k <span class=\"jCAhz ChMk0b\"><span class=\"ryNqvb\">oren\u010dek, s<\/span><\/span><span class=\"jCAhz ChMk0b\"><span class=\"ryNqvb\">ojino ulje, n<\/span><\/span><span class=\"jCAhz ChMk0b\"><span class=\"ryNqvb\">atrijev klorid,<\/span><\/span> p <span class=\"jCAhz ChMk0b\"><span class=\"ryNqvb\">or,<\/span><\/span> f<span class=\"jCAhz ChMk0b\"><span class=\"ryNqvb\">rukto-oligosaharidi.<\/span><\/span><\/span><\/em><\/p>\n<p>Analiti\u010dki na kg: prob. Energija 13,3 mg, prob. sirovi proteini 10 %, sirovi proteini 13 %, sirova vlakna 6,5 %, fosfor 0,5 %, sirova mast 7 %, kalcij 0,9 %, natrij 0,4 %, sirovi pepeo 6,5 %, magnezij 0,22 %, \u0161e\u0107er 4,4 %, \u0161krob 32,6 %  <\/p>\n<p>Hranjivo fiziolo\u0161ki dodatne komponente (na kg): vitamin A 15.000 I.U., vitamin D3 1.500 I.U., vitamin E 200 mg, vitamin B1 3 mg, vitamin B2 3 mg, biotin 100 \u00b5g, kolin klorid 80 mg, \u017eeljezo E1 kao \u017eeljezov-(II)-sulfat monohidrat 40 mg, jod kao kalcijev jodat, bezvodni (3b202) 0,2 mg, kobalt kao oblo\u017een kobalt-II-karbonat-granulat 0,1 mg, bakar kao pentahidrat bakrovog sulfata 40 mg, bakar kao dibakrov klorid trihidroksid 15 mg, mangan kao manganov-II-sulfat-monohidrat E5 100 mg, mangan E5 kao aminokiselinski-manganov kelat, hidrat 15 mg, Cink kao cinkov sulfat monohidrat 100 mg, cink kao cinkov klorid hidroksid monohidrat 20,3 mg, selen E8 kao natrijev selenit 0,3 mg, L-selenometionin 0,2 mg<\/p>\n","protected":false},"excerpt":{"rendered":"<ul>\n<li><span class=\"HwtZe\" lang=\"sl\"><span class=\"jCAhz ChMk0b\"><span class=\"ryNqvb\">idealan za oporavak <\/span><\/span><\/span><\/li>\n<li><span class=\"HwtZe\" lang=\"sl\"><span class=\"jCAhz ChMk0b\"><span class=\"ryNqvb\">sadr\u017ei elektrolite<\/span><\/span><\/span><\/li>\n<li><span class=\"HwtZe\" lang=\"sl\"><span class=\"jCAhz ChMk0b\"><span class=\"ryNqvb\">b<\/span><\/span><span class=\"jCAhz ChMk0b\"><span class=\"ryNqvb\">ogato raznolika ka\u0161a<\/span><\/span> <\/span><\/li>\n<li><span class=\"HwtZe\" lang=\"sl\">l<span class=\"jCAhz ChMk0b\"><span class=\"ryNqvb\">ako probavljiv izvor energije<\/span><\/span><\/span><\/li>\n<\/ul>\n<p><strong>Koli\u010dina: 1,5 kg<\/strong><\/p>\n","protected":false},"featured_media":93696,"template":"","meta":{"footnotes":""},"product_brand":[],"product_cat":[5711,5710,5712],"product_tag":[],"class_list":{"0":"post-93695","1":"product","2":"type-product","3":"status-publish","4":"has-post-thumbnail","6":"product_cat-hrana-i-prehrambeni-dodaci-cavalor","7":"product_cat-hrana-za-konje-hr","8":"product_cat-prehrambeni-dodaci","10":"first","11":"instock","12":"shipping-taxable","13":"purchasable","14":"product-type-simple"},"yoast_head":"<!-- This site is optimized with the Yoast SEO plugin v27.3 - https:\/\/yoast.com\/product\/yoast-seo-wordpress\/ -->\n<title>Cavalor Mash &amp; Mix Go 1,5kg - Clair<\/title>\n<meta name=\"description\" content=\"Cavalor Mash &amp; Mix Go ka\u0161a, idealna za hranjenje na natjecanjima ili na putu. Ova ka\u0161a je posebna mje\u0161avina ukusne, lako probavljive prirodne hrane.\" \/>\n<meta name=\"robots\" content=\"index, follow, max-snippet:-1, max-image-preview:large, max-video-preview:-1\" \/>\n<link rel=\"canonical\" href=\"https:\/\/clair.si\/hr\/izdelek\/cavalor-mash-mix-go-15kg\/\" \/>\n<meta property=\"og:locale\" content=\"hr_HR\" \/>\n<meta property=\"og:type\" content=\"article\" \/>\n<meta property=\"og:title\" content=\"Cavalor Mash &amp; Mix Go 1,5kg - Clair\" \/>\n<meta property=\"og:description\" content=\"Cavalor Mash &amp; Mix Go ka\u0161a, idealna za hranjenje na natjecanjima ili na putu. Ova ka\u0161a je posebna mje\u0161avina ukusne, lako probavljive prirodne hrane.\" \/>\n<meta property=\"og:url\" content=\"https:\/\/clair.si\/hr\/izdelek\/cavalor-mash-mix-go-15kg\/\" \/>\n<meta property=\"og:site_name\" content=\"Clair\" \/>\n<meta property=\"article:publisher\" content=\"https:\/\/www.facebook.com\/TrgovinaClair\/\" \/>\n<meta property=\"og:image\" content=\"https:\/\/clair.si\/wp-content\/uploads\/2022\/11\/Mash-Mix-cavalor-harana-za-konje-trgovina-clair1.jpg\" \/>\n\t<meta property=\"og:image:width\" content=\"600\" \/>\n\t<meta property=\"og:image:height\" content=\"600\" \/>\n\t<meta property=\"og:image:type\" content=\"image\/jpeg\" \/>\n<meta name=\"twitter:card\" content=\"summary_large_image\" \/>\n<meta name=\"twitter:label1\" content=\"Procijenjeno vrijeme \u010ditanja\" \/>\n\t<meta name=\"twitter:data1\" content=\"1 minuta\" \/>\n<script type=\"application\/ld+json\" class=\"yoast-schema-graph\">{\"@context\":\"https:\\\/\\\/schema.org\",\"@graph\":[{\"@type\":\"WebPage\",\"@id\":\"https:\\\/\\\/clair.si\\\/hr\\\/izdelek\\\/cavalor-mash-mix-go-15kg\\\/\",\"url\":\"https:\\\/\\\/clair.si\\\/hr\\\/izdelek\\\/cavalor-mash-mix-go-15kg\\\/\",\"name\":\"Cavalor Mash &amp; Mix Go 1,5kg - Clair\",\"isPartOf\":{\"@id\":\"https:\\\/\\\/clair.si\\\/#website\"},\"primaryImageOfPage\":{\"@id\":\"https:\\\/\\\/clair.si\\\/hr\\\/izdelek\\\/cavalor-mash-mix-go-15kg\\\/#primaryimage\"},\"image\":{\"@id\":\"https:\\\/\\\/clair.si\\\/hr\\\/izdelek\\\/cavalor-mash-mix-go-15kg\\\/#primaryimage\"},\"thumbnailUrl\":\"https:\\\/\\\/clair.si\\\/wp-content\\\/uploads\\\/2022\\\/11\\\/Mash-Mix-cavalor-harana-za-konje-trgovina-clair1.webp\",\"datePublished\":\"2024-12-05T11:53:45+00:00\",\"description\":\"Cavalor Mash & Mix Go ka\u0161a, idealna za hranjenje na natjecanjima ili na putu. Ova ka\u0161a je posebna mje\u0161avina ukusne, lako probavljive prirodne hrane.\",\"breadcrumb\":{\"@id\":\"https:\\\/\\\/clair.si\\\/hr\\\/izdelek\\\/cavalor-mash-mix-go-15kg\\\/#breadcrumb\"},\"inLanguage\":\"hr\",\"potentialAction\":[{\"@type\":\"ReadAction\",\"target\":[\"https:\\\/\\\/clair.si\\\/hr\\\/izdelek\\\/cavalor-mash-mix-go-15kg\\\/\"]}]},{\"@type\":\"ImageObject\",\"inLanguage\":\"hr\",\"@id\":\"https:\\\/\\\/clair.si\\\/hr\\\/izdelek\\\/cavalor-mash-mix-go-15kg\\\/#primaryimage\",\"url\":\"https:\\\/\\\/clair.si\\\/wp-content\\\/uploads\\\/2022\\\/11\\\/Mash-Mix-cavalor-harana-za-konje-trgovina-clair1.webp\",\"contentUrl\":\"https:\\\/\\\/clair.si\\\/wp-content\\\/uploads\\\/2022\\\/11\\\/Mash-Mix-cavalor-harana-za-konje-trgovina-clair1.webp\",\"width\":600,\"height\":600,\"caption\":\"Cavalor Mash Mix haran aza konje, krma.\"},{\"@type\":\"BreadcrumbList\",\"@id\":\"https:\\\/\\\/clair.si\\\/hr\\\/izdelek\\\/cavalor-mash-mix-go-15kg\\\/#breadcrumb\",\"itemListElement\":[{\"@type\":\"ListItem\",\"position\":1,\"name\":\"Home\",\"item\":\"https:\\\/\\\/clair.si\\\/hr\\\/\"},{\"@type\":\"ListItem\",\"position\":2,\"name\":\"Trgovina\",\"item\":\"https:\\\/\\\/clair.si\\\/trgovina\\\/\"},{\"@type\":\"ListItem\",\"position\":3,\"name\":\"Cavalor Mash &amp; Mix Go 1,5kg\"}]},{\"@type\":\"WebSite\",\"@id\":\"https:\\\/\\\/clair.si\\\/#website\",\"url\":\"https:\\\/\\\/clair.si\\\/\",\"name\":\"Clair\",\"description\":\"Trgovina s konjeni\u0161ko opremo\",\"publisher\":{\"@id\":\"https:\\\/\\\/clair.si\\\/#organization\"},\"potentialAction\":[{\"@type\":\"SearchAction\",\"target\":{\"@type\":\"EntryPoint\",\"urlTemplate\":\"https:\\\/\\\/clair.si\\\/?s={search_term_string}\"},\"query-input\":{\"@type\":\"PropertyValueSpecification\",\"valueRequired\":true,\"valueName\":\"search_term_string\"}}],\"inLanguage\":\"hr\"},{\"@type\":\"Organization\",\"@id\":\"https:\\\/\\\/clair.si\\\/#organization\",\"name\":\"Clair\",\"url\":\"https:\\\/\\\/clair.si\\\/\",\"logo\":{\"@type\":\"ImageObject\",\"inLanguage\":\"hr\",\"@id\":\"https:\\\/\\\/clair.si\\\/#\\\/schema\\\/logo\\\/image\\\/\",\"url\":\"https:\\\/\\\/clair.si\\\/wp-content\\\/uploads\\\/2022\\\/11\\\/clair_logo_2022.jpg\",\"contentUrl\":\"https:\\\/\\\/clair.si\\\/wp-content\\\/uploads\\\/2022\\\/11\\\/clair_logo_2022.jpg\",\"width\":1920,\"height\":1920,\"caption\":\"Clair\"},\"image\":{\"@id\":\"https:\\\/\\\/clair.si\\\/#\\\/schema\\\/logo\\\/image\\\/\"},\"sameAs\":[\"https:\\\/\\\/www.facebook.com\\\/TrgovinaClair\\\/\"]}]}<\/script>\n<!-- \/ Yoast SEO plugin. -->","yoast_head_json":{"title":"Cavalor Mash &amp; Mix Go 1,5kg - Clair","description":"Cavalor Mash & Mix Go ka\u0161a, idealna za hranjenje na natjecanjima ili na putu. Ova ka\u0161a je posebna mje\u0161avina ukusne, lako probavljive prirodne hrane.","robots":{"index":"index","follow":"follow","max-snippet":"max-snippet:-1","max-image-preview":"max-image-preview:large","max-video-preview":"max-video-preview:-1"},"canonical":"https:\/\/clair.si\/hr\/izdelek\/cavalor-mash-mix-go-15kg\/","og_locale":"hr_HR","og_type":"article","og_title":"Cavalor Mash &amp; Mix Go 1,5kg - Clair","og_description":"Cavalor Mash & Mix Go ka\u0161a, idealna za hranjenje na natjecanjima ili na putu. Ova ka\u0161a je posebna mje\u0161avina ukusne, lako probavljive prirodne hrane.","og_url":"https:\/\/clair.si\/hr\/izdelek\/cavalor-mash-mix-go-15kg\/","og_site_name":"Clair","article_publisher":"https:\/\/www.facebook.com\/TrgovinaClair\/","og_image":[{"width":600,"height":600,"url":"https:\/\/clair.si\/wp-content\/uploads\/2022\/11\/Mash-Mix-cavalor-harana-za-konje-trgovina-clair1.jpg","type":"image\/jpeg"}],"twitter_card":"summary_large_image","twitter_misc":{"Procijenjeno vrijeme \u010ditanja":"1 minuta"},"schema":{"@context":"https:\/\/schema.org","@graph":[{"@type":"WebPage","@id":"https:\/\/clair.si\/hr\/izdelek\/cavalor-mash-mix-go-15kg\/","url":"https:\/\/clair.si\/hr\/izdelek\/cavalor-mash-mix-go-15kg\/","name":"Cavalor Mash &amp; Mix Go 1,5kg - Clair","isPartOf":{"@id":"https:\/\/clair.si\/#website"},"primaryImageOfPage":{"@id":"https:\/\/clair.si\/hr\/izdelek\/cavalor-mash-mix-go-15kg\/#primaryimage"},"image":{"@id":"https:\/\/clair.si\/hr\/izdelek\/cavalor-mash-mix-go-15kg\/#primaryimage"},"thumbnailUrl":"https:\/\/clair.si\/wp-content\/uploads\/2022\/11\/Mash-Mix-cavalor-harana-za-konje-trgovina-clair1.webp","datePublished":"2024-12-05T11:53:45+00:00","description":"Cavalor Mash & Mix Go ka\u0161a, idealna za hranjenje na natjecanjima ili na putu. Ova ka\u0161a je posebna mje\u0161avina ukusne, lako probavljive prirodne hrane.","breadcrumb":{"@id":"https:\/\/clair.si\/hr\/izdelek\/cavalor-mash-mix-go-15kg\/#breadcrumb"},"inLanguage":"hr","potentialAction":[{"@type":"ReadAction","target":["https:\/\/clair.si\/hr\/izdelek\/cavalor-mash-mix-go-15kg\/"]}]},{"@type":"ImageObject","inLanguage":"hr","@id":"https:\/\/clair.si\/hr\/izdelek\/cavalor-mash-mix-go-15kg\/#primaryimage","url":"https:\/\/clair.si\/wp-content\/uploads\/2022\/11\/Mash-Mix-cavalor-harana-za-konje-trgovina-clair1.webp","contentUrl":"https:\/\/clair.si\/wp-content\/uploads\/2022\/11\/Mash-Mix-cavalor-harana-za-konje-trgovina-clair1.webp","width":600,"height":600,"caption":"Cavalor Mash Mix haran aza konje, krma."},{"@type":"BreadcrumbList","@id":"https:\/\/clair.si\/hr\/izdelek\/cavalor-mash-mix-go-15kg\/#breadcrumb","itemListElement":[{"@type":"ListItem","position":1,"name":"Home","item":"https:\/\/clair.si\/hr\/"},{"@type":"ListItem","position":2,"name":"Trgovina","item":"https:\/\/clair.si\/trgovina\/"},{"@type":"ListItem","position":3,"name":"Cavalor Mash &amp; Mix Go 1,5kg"}]},{"@type":"WebSite","@id":"https:\/\/clair.si\/#website","url":"https:\/\/clair.si\/","name":"Clair","description":"Trgovina s konjeni\u0161ko opremo","publisher":{"@id":"https:\/\/clair.si\/#organization"},"potentialAction":[{"@type":"SearchAction","target":{"@type":"EntryPoint","urlTemplate":"https:\/\/clair.si\/?s={search_term_string}"},"query-input":{"@type":"PropertyValueSpecification","valueRequired":true,"valueName":"search_term_string"}}],"inLanguage":"hr"},{"@type":"Organization","@id":"https:\/\/clair.si\/#organization","name":"Clair","url":"https:\/\/clair.si\/","logo":{"@type":"ImageObject","inLanguage":"hr","@id":"https:\/\/clair.si\/#\/schema\/logo\/image\/","url":"https:\/\/clair.si\/wp-content\/uploads\/2022\/11\/clair_logo_2022.jpg","contentUrl":"https:\/\/clair.si\/wp-content\/uploads\/2022\/11\/clair_logo_2022.jpg","width":1920,"height":1920,"caption":"Clair"},"image":{"@id":"https:\/\/clair.si\/#\/schema\/logo\/image\/"},"sameAs":["https:\/\/www.facebook.com\/TrgovinaClair\/"]}]}},"_links":{"self":[{"href":"https:\/\/clair.si\/hr\/wp-json\/wp\/v2\/product\/93695","targetHints":{"allow":["GET"]}}],"collection":[{"href":"https:\/\/clair.si\/hr\/wp-json\/wp\/v2\/product"}],"about":[{"href":"https:\/\/clair.si\/hr\/wp-json\/wp\/v2\/types\/product"}],"version-history":[{"count":0,"href":"https:\/\/clair.si\/hr\/wp-json\/wp\/v2\/product\/93695\/revisions"}],"wp:featuredmedia":[{"embeddable":true,"href":"https:\/\/clair.si\/hr\/wp-json\/wp\/v2\/media\/93696"}],"wp:attachment":[{"href":"https:\/\/clair.si\/hr\/wp-json\/wp\/v2\/media?parent=93695"}],"wp:term":[{"taxonomy":"product_brand","embeddable":true,"href":"https:\/\/clair.si\/hr\/wp-json\/wp\/v2\/product_brand?post=93695"},{"taxonomy":"product_cat","embeddable":true,"href":"https:\/\/clair.si\/hr\/wp-json\/wp\/v2\/product_cat?post=93695"},{"taxonomy":"product_tag","embeddable":true,"href":"https:\/\/clair.si\/hr\/wp-json\/wp\/v2\/product_tag?post=93695"}],"curies":[{"name":"wp","href":"https:\/\/api.w.org\/{rel}","templated":true}]}}