{"id":93742,"date":"2024-12-05T11:01:17","date_gmt":"2024-12-05T10:01:17","guid":{"rendered":"https:\/\/clair.si\/izdelek\/podsedelni-remen-kavalkade-confort-dr-s-umjetnom-ovcjom-kozom-50cm\/"},"modified":"2025-09-28T19:21:45","modified_gmt":"2025-09-28T17:21:45","slug":"kolan-kavalkade-confort-dr-s-umjetnom-ovcjom-kozom-50cm","status":"publish","type":"product","link":"https:\/\/clair.si\/hr\/izdelek\/kolan-kavalkade-confort-dr-s-umjetnom-ovcjom-kozom-50cm\/","title":{"rendered":"Podsedelni kolan Kavalkade Confort DR s umjetnom ov\u010djom ko\u017eom 50cm"},"content":{"rendered":"<p><strong>Dresurni podsedelni kolan sa sinteti\u010dkom ov\u010djom ko\u017eom<\/strong>. Idealan je za konje koji su osjetljiviji u podru\u010dju trbuha. Kolan je iznimno mekano podstavljen, anatomski oblikovan, sa \u0161irim sredi\u0161njim dijelom. Za pranje se umjetno krzno mo\u017ee skinuti s \u010di\u010dcima. Dostupan s D-prstenom ili karabinom.    <\/p>\n<p><strong>Nauljena ko\u017ea<\/strong><br \/>\nGlatka i izdr\u017eljiva ko\u017ea. Tijekom postupka \u0161tavljenja ko\u017ea se nama\u010de u biljnim uljima, koja otvaraju pore ko\u017ee i prodiru u njezine dublje slojeve. Sprje\u010dava prebrzo isu\u0161ivanje ko\u017ee.  <\/p>\n<ul>\n<li><strong>Shortgirth Foster Comfort od nauljene ko\u017ee<\/strong><\/li>\n<li>s umjetnim krznom<\/li>\n<li>vrlo mekano i izdr\u017eljivo<\/li>\n<li>anatomski oblikovan sa \u0161irokom prsnom plo\u010dom<\/li>\n<li>s elastikom na obje strane i D-prstenom<\/li>\n<li>umjetno krzno se mo\u017ee skinuti za pranje<\/li>\n<\/ul>\n<p><strong>Vi\u0161e informacija<\/strong><br \/>\nMaterijal: nauljena ko\u017ea, umjetno krzno: 100 % poliester<br \/>\nBoja: crna\/umjetno krzno be\u017e<br \/>\nTe\u017eina: 0,8 kg<\/p>\n<p><strong>Uporaba Shortgirth Foster Comfort<\/strong><br \/>\nKolan je vrlo izdr\u017eljiv i mekan zbog nauljene ko\u017ee. Iznimno mekana podloga osigurava iznimnu udobnost. \u0160iroka prsna plo\u010da omogu\u0107uje odli\u010dnu raspodjelu pritiska i prikladna je i za konje koji su osjetljivi na pritisak.  <\/p>\n<p><strong>Upute za njegu<\/strong><br \/>\nUmjetno krzno se mo\u017ee skinuti i oprati na 30 \u00b0C na programu za osjetljivo rublje. Uklonite prljav\u0161tinu s kolan krpom i po potrebi obradite odgovaraju\u0107im njeguju\u0107im sredstvima. Ako se remen skladi\u0161ti dulje vrijeme, temeljito ga o\u010distite i pohranite u vre\u0107i kako biste ga za\u0161titili od sun\u010deve svjetlosti, pra\u0161ine i vlage.  <\/p>\n<p><strong>Upozorenje<\/strong><br \/>\nZbog jedinstvene teksture ko\u017ee, suvi\u0161no ulje mo\u017ee prelaziti na druge povr\u0161ine. Izbjegavajte dugotrajan i izravan kontakt sa svijetlim tkaninama, upijaju\u0107im povr\u0161inama i drugom ko\u017eom koja bi mogla nenamjerno upiti ulje. <\/p>\n","protected":false},"excerpt":{"rendered":"<p>Dresurni podsedelni kolan sa sinteti\u010dkom ov\u010djom ko\u017eom. Idealan je za konje koji su osjetljiviji u podru\u010dju trbuha. Kolan je iznimno<\/p>\n","protected":false},"featured_media":93751,"template":"","meta":{"footnotes":""},"product_brand":[],"product_cat":[5991,5818,5990,5624],"product_tag":[],"class_list":{"0":"post-93742","1":"product","2":"type-product","3":"status-publish","4":"has-post-thumbnail","6":"product_cat-dresurni-kolani","7":"product_cat-kolan","8":"product_cat-kolani-od-ovcje-koze","9":"product_cat-konj-hr","11":"first","12":"instock","13":"sale","14":"shipping-taxable","15":"purchasable","16":"product-type-simple"},"yoast_head":"<!-- This site is optimized with the Yoast SEO plugin v27.4 - https:\/\/yoast.com\/product\/yoast-seo-wordpress\/ -->\n<title>Podsedelni kolan Kavalkade Confort DR s umjetnom ov\u010djom ko\u017eom 50cm - Clair<\/title>\n<meta name=\"description\" content=\"Dresurni podsedelni kolan sa sinteti\u010dkom ov\u010djom ko\u017eom. Idealan je za konje koji su osjetljiviji u podru\u010dju trbuha. Kolan je iznimno mekano podstavljen,\" \/>\n<meta name=\"robots\" content=\"index, follow, max-snippet:-1, max-image-preview:large, max-video-preview:-1\" \/>\n<link rel=\"canonical\" href=\"https:\/\/clair.si\/hr\/izdelek\/kolan-kavalkade-confort-dr-s-umjetnom-ovcjom-kozom-50cm\/\" \/>\n<meta property=\"og:locale\" content=\"hr_HR\" \/>\n<meta property=\"og:type\" content=\"article\" \/>\n<meta property=\"og:title\" content=\"Podsedelni kolan Kavalkade Confort DR s umjetnom ov\u010djom ko\u017eom 50cm - Clair\" \/>\n<meta property=\"og:description\" content=\"Dresurni podsedelni kolan sa sinteti\u010dkom ov\u010djom ko\u017eom. Idealan je za konje koji su osjetljiviji u podru\u010dju trbuha. Kolan je iznimno mekano podstavljen,\" \/>\n<meta property=\"og:url\" content=\"https:\/\/clair.si\/hr\/izdelek\/kolan-kavalkade-confort-dr-s-umjetnom-ovcjom-kozom-50cm\/\" \/>\n<meta property=\"og:site_name\" content=\"Clair\" \/>\n<meta property=\"article:publisher\" content=\"https:\/\/www.facebook.com\/TrgovinaClair\/\" \/>\n<meta property=\"article:modified_time\" content=\"2025-09-28T17:21:45+00:00\" \/>\n<meta property=\"og:image\" content=\"https:\/\/clair.si\/wp-content\/uploads\/2024\/12\/Podsedleni_pas_cnfrot-dr_1.avif\" \/>\n\t<meta property=\"og:image:width\" content=\"800\" \/>\n\t<meta property=\"og:image:height\" content=\"800\" \/>\n\t<meta property=\"og:image:type\" content=\"image\/jpeg\" \/>\n<meta name=\"twitter:card\" content=\"summary_large_image\" \/>\n<meta name=\"twitter:label1\" content=\"Procijenjeno vrijeme \u010ditanja\" \/>\n\t<meta name=\"twitter:data1\" content=\"2 minute\" \/>\n<script type=\"application\/ld+json\" class=\"yoast-schema-graph\">{\"@context\":\"https:\\\/\\\/schema.org\",\"@graph\":[{\"@type\":\"WebPage\",\"@id\":\"https:\\\/\\\/clair.si\\\/hr\\\/izdelek\\\/kolan-kavalkade-confort-dr-s-umjetnom-ovcjom-kozom-50cm\\\/\",\"url\":\"https:\\\/\\\/clair.si\\\/hr\\\/izdelek\\\/kolan-kavalkade-confort-dr-s-umjetnom-ovcjom-kozom-50cm\\\/\",\"name\":\"Podsedelni kolan Kavalkade Confort DR s umjetnom ov\u010djom ko\u017eom 50cm - Clair\",\"isPartOf\":{\"@id\":\"https:\\\/\\\/clair.si\\\/#website\"},\"primaryImageOfPage\":{\"@id\":\"https:\\\/\\\/clair.si\\\/hr\\\/izdelek\\\/kolan-kavalkade-confort-dr-s-umjetnom-ovcjom-kozom-50cm\\\/#primaryimage\"},\"image\":{\"@id\":\"https:\\\/\\\/clair.si\\\/hr\\\/izdelek\\\/kolan-kavalkade-confort-dr-s-umjetnom-ovcjom-kozom-50cm\\\/#primaryimage\"},\"thumbnailUrl\":\"https:\\\/\\\/clair.si\\\/wp-content\\\/uploads\\\/2024\\\/12\\\/Podsedleni_pas_cnfrot-dr_1.avif\",\"datePublished\":\"2024-12-05T10:01:17+00:00\",\"dateModified\":\"2025-09-28T17:21:45+00:00\",\"description\":\"Dresurni podsedelni kolan sa sinteti\u010dkom ov\u010djom ko\u017eom. Idealan je za konje koji su osjetljiviji u podru\u010dju trbuha. Kolan je iznimno mekano podstavljen,\",\"breadcrumb\":{\"@id\":\"https:\\\/\\\/clair.si\\\/hr\\\/izdelek\\\/kolan-kavalkade-confort-dr-s-umjetnom-ovcjom-kozom-50cm\\\/#breadcrumb\"},\"inLanguage\":\"hr\",\"potentialAction\":[{\"@type\":\"ReadAction\",\"target\":[\"https:\\\/\\\/clair.si\\\/hr\\\/izdelek\\\/kolan-kavalkade-confort-dr-s-umjetnom-ovcjom-kozom-50cm\\\/\"]}]},{\"@type\":\"ImageObject\",\"inLanguage\":\"hr\",\"@id\":\"https:\\\/\\\/clair.si\\\/hr\\\/izdelek\\\/kolan-kavalkade-confort-dr-s-umjetnom-ovcjom-kozom-50cm\\\/#primaryimage\",\"url\":\"https:\\\/\\\/clair.si\\\/wp-content\\\/uploads\\\/2024\\\/12\\\/Podsedleni_pas_cnfrot-dr_1.avif\",\"contentUrl\":\"https:\\\/\\\/clair.si\\\/wp-content\\\/uploads\\\/2024\\\/12\\\/Podsedleni_pas_cnfrot-dr_1.avif\",\"width\":800,\"height\":800},{\"@type\":\"BreadcrumbList\",\"@id\":\"https:\\\/\\\/clair.si\\\/hr\\\/izdelek\\\/kolan-kavalkade-confort-dr-s-umjetnom-ovcjom-kozom-50cm\\\/#breadcrumb\",\"itemListElement\":[{\"@type\":\"ListItem\",\"position\":1,\"name\":\"Home\",\"item\":\"https:\\\/\\\/clair.si\\\/hr\\\/\"},{\"@type\":\"ListItem\",\"position\":2,\"name\":\"Trgovina\",\"item\":\"https:\\\/\\\/clair.si\\\/trgovina\\\/\"},{\"@type\":\"ListItem\",\"position\":3,\"name\":\"Podsedelni kolan Kavalkade Confort DR s umjetnom ov\u010djom ko\u017eom 50cm\"}]},{\"@type\":\"WebSite\",\"@id\":\"https:\\\/\\\/clair.si\\\/#website\",\"url\":\"https:\\\/\\\/clair.si\\\/\",\"name\":\"Clair\",\"description\":\"Trgovina s konjeni\u0161ko opremo\",\"publisher\":{\"@id\":\"https:\\\/\\\/clair.si\\\/#organization\"},\"potentialAction\":[{\"@type\":\"SearchAction\",\"target\":{\"@type\":\"EntryPoint\",\"urlTemplate\":\"https:\\\/\\\/clair.si\\\/?s={search_term_string}\"},\"query-input\":{\"@type\":\"PropertyValueSpecification\",\"valueRequired\":true,\"valueName\":\"search_term_string\"}}],\"inLanguage\":\"hr\"},{\"@type\":\"Organization\",\"@id\":\"https:\\\/\\\/clair.si\\\/#organization\",\"name\":\"Clair\",\"url\":\"https:\\\/\\\/clair.si\\\/\",\"logo\":{\"@type\":\"ImageObject\",\"inLanguage\":\"hr\",\"@id\":\"https:\\\/\\\/clair.si\\\/#\\\/schema\\\/logo\\\/image\\\/\",\"url\":\"https:\\\/\\\/clair.si\\\/wp-content\\\/uploads\\\/2022\\\/11\\\/clair_logo_2022.jpg\",\"contentUrl\":\"https:\\\/\\\/clair.si\\\/wp-content\\\/uploads\\\/2022\\\/11\\\/clair_logo_2022.jpg\",\"width\":1920,\"height\":1920,\"caption\":\"Clair\"},\"image\":{\"@id\":\"https:\\\/\\\/clair.si\\\/#\\\/schema\\\/logo\\\/image\\\/\"},\"sameAs\":[\"https:\\\/\\\/www.facebook.com\\\/TrgovinaClair\\\/\"]}]}<\/script>\n<!-- \/ Yoast SEO plugin. -->","yoast_head_json":{"title":"Podsedelni kolan Kavalkade Confort DR s umjetnom ov\u010djom ko\u017eom 50cm - Clair","description":"Dresurni podsedelni kolan sa sinteti\u010dkom ov\u010djom ko\u017eom. Idealan je za konje koji su osjetljiviji u podru\u010dju trbuha. Kolan je iznimno mekano podstavljen,","robots":{"index":"index","follow":"follow","max-snippet":"max-snippet:-1","max-image-preview":"max-image-preview:large","max-video-preview":"max-video-preview:-1"},"canonical":"https:\/\/clair.si\/hr\/izdelek\/kolan-kavalkade-confort-dr-s-umjetnom-ovcjom-kozom-50cm\/","og_locale":"hr_HR","og_type":"article","og_title":"Podsedelni kolan Kavalkade Confort DR s umjetnom ov\u010djom ko\u017eom 50cm - Clair","og_description":"Dresurni podsedelni kolan sa sinteti\u010dkom ov\u010djom ko\u017eom. Idealan je za konje koji su osjetljiviji u podru\u010dju trbuha. Kolan je iznimno mekano podstavljen,","og_url":"https:\/\/clair.si\/hr\/izdelek\/kolan-kavalkade-confort-dr-s-umjetnom-ovcjom-kozom-50cm\/","og_site_name":"Clair","article_publisher":"https:\/\/www.facebook.com\/TrgovinaClair\/","article_modified_time":"2025-09-28T17:21:45+00:00","og_image":[{"width":800,"height":800,"url":"https:\/\/clair.si\/wp-content\/uploads\/2024\/12\/Podsedleni_pas_cnfrot-dr_1.avif","type":"image\/jpeg"}],"twitter_card":"summary_large_image","twitter_misc":{"Procijenjeno vrijeme \u010ditanja":"2 minute"},"schema":{"@context":"https:\/\/schema.org","@graph":[{"@type":"WebPage","@id":"https:\/\/clair.si\/hr\/izdelek\/kolan-kavalkade-confort-dr-s-umjetnom-ovcjom-kozom-50cm\/","url":"https:\/\/clair.si\/hr\/izdelek\/kolan-kavalkade-confort-dr-s-umjetnom-ovcjom-kozom-50cm\/","name":"Podsedelni kolan Kavalkade Confort DR s umjetnom ov\u010djom ko\u017eom 50cm - Clair","isPartOf":{"@id":"https:\/\/clair.si\/#website"},"primaryImageOfPage":{"@id":"https:\/\/clair.si\/hr\/izdelek\/kolan-kavalkade-confort-dr-s-umjetnom-ovcjom-kozom-50cm\/#primaryimage"},"image":{"@id":"https:\/\/clair.si\/hr\/izdelek\/kolan-kavalkade-confort-dr-s-umjetnom-ovcjom-kozom-50cm\/#primaryimage"},"thumbnailUrl":"https:\/\/clair.si\/wp-content\/uploads\/2024\/12\/Podsedleni_pas_cnfrot-dr_1.avif","datePublished":"2024-12-05T10:01:17+00:00","dateModified":"2025-09-28T17:21:45+00:00","description":"Dresurni podsedelni kolan sa sinteti\u010dkom ov\u010djom ko\u017eom. Idealan je za konje koji su osjetljiviji u podru\u010dju trbuha. Kolan je iznimno mekano podstavljen,","breadcrumb":{"@id":"https:\/\/clair.si\/hr\/izdelek\/kolan-kavalkade-confort-dr-s-umjetnom-ovcjom-kozom-50cm\/#breadcrumb"},"inLanguage":"hr","potentialAction":[{"@type":"ReadAction","target":["https:\/\/clair.si\/hr\/izdelek\/kolan-kavalkade-confort-dr-s-umjetnom-ovcjom-kozom-50cm\/"]}]},{"@type":"ImageObject","inLanguage":"hr","@id":"https:\/\/clair.si\/hr\/izdelek\/kolan-kavalkade-confort-dr-s-umjetnom-ovcjom-kozom-50cm\/#primaryimage","url":"https:\/\/clair.si\/wp-content\/uploads\/2024\/12\/Podsedleni_pas_cnfrot-dr_1.avif","contentUrl":"https:\/\/clair.si\/wp-content\/uploads\/2024\/12\/Podsedleni_pas_cnfrot-dr_1.avif","width":800,"height":800},{"@type":"BreadcrumbList","@id":"https:\/\/clair.si\/hr\/izdelek\/kolan-kavalkade-confort-dr-s-umjetnom-ovcjom-kozom-50cm\/#breadcrumb","itemListElement":[{"@type":"ListItem","position":1,"name":"Home","item":"https:\/\/clair.si\/hr\/"},{"@type":"ListItem","position":2,"name":"Trgovina","item":"https:\/\/clair.si\/trgovina\/"},{"@type":"ListItem","position":3,"name":"Podsedelni kolan Kavalkade Confort DR s umjetnom ov\u010djom ko\u017eom 50cm"}]},{"@type":"WebSite","@id":"https:\/\/clair.si\/#website","url":"https:\/\/clair.si\/","name":"Clair","description":"Trgovina s konjeni\u0161ko opremo","publisher":{"@id":"https:\/\/clair.si\/#organization"},"potentialAction":[{"@type":"SearchAction","target":{"@type":"EntryPoint","urlTemplate":"https:\/\/clair.si\/?s={search_term_string}"},"query-input":{"@type":"PropertyValueSpecification","valueRequired":true,"valueName":"search_term_string"}}],"inLanguage":"hr"},{"@type":"Organization","@id":"https:\/\/clair.si\/#organization","name":"Clair","url":"https:\/\/clair.si\/","logo":{"@type":"ImageObject","inLanguage":"hr","@id":"https:\/\/clair.si\/#\/schema\/logo\/image\/","url":"https:\/\/clair.si\/wp-content\/uploads\/2022\/11\/clair_logo_2022.jpg","contentUrl":"https:\/\/clair.si\/wp-content\/uploads\/2022\/11\/clair_logo_2022.jpg","width":1920,"height":1920,"caption":"Clair"},"image":{"@id":"https:\/\/clair.si\/#\/schema\/logo\/image\/"},"sameAs":["https:\/\/www.facebook.com\/TrgovinaClair\/"]}]}},"_links":{"self":[{"href":"https:\/\/clair.si\/hr\/wp-json\/wp\/v2\/product\/93742","targetHints":{"allow":["GET"]}}],"collection":[{"href":"https:\/\/clair.si\/hr\/wp-json\/wp\/v2\/product"}],"about":[{"href":"https:\/\/clair.si\/hr\/wp-json\/wp\/v2\/types\/product"}],"version-history":[{"count":2,"href":"https:\/\/clair.si\/hr\/wp-json\/wp\/v2\/product\/93742\/revisions"}],"predecessor-version":[{"id":115121,"href":"https:\/\/clair.si\/hr\/wp-json\/wp\/v2\/product\/93742\/revisions\/115121"}],"wp:featuredmedia":[{"embeddable":true,"href":"https:\/\/clair.si\/hr\/wp-json\/wp\/v2\/media\/93751"}],"wp:attachment":[{"href":"https:\/\/clair.si\/hr\/wp-json\/wp\/v2\/media?parent=93742"}],"wp:term":[{"taxonomy":"product_brand","embeddable":true,"href":"https:\/\/clair.si\/hr\/wp-json\/wp\/v2\/product_brand?post=93742"},{"taxonomy":"product_cat","embeddable":true,"href":"https:\/\/clair.si\/hr\/wp-json\/wp\/v2\/product_cat?post=93742"},{"taxonomy":"product_tag","embeddable":true,"href":"https:\/\/clair.si\/hr\/wp-json\/wp\/v2\/product_tag?post=93742"}],"curies":[{"name":"wp","href":"https:\/\/api.w.org\/{rel}","templated":true}]}}