{"id":93747,"date":"2024-11-27T12:06:53","date_gmt":"2024-11-27T11:06:53","guid":{"rendered":"https:\/\/clair.si\/izdelek\/hlace-hkm-winter-softshell-sfs\/"},"modified":"2025-08-27T17:48:25","modified_gmt":"2025-08-27T15:48:25","slug":"hlace-hkm-winter-softshell-sfs","status":"publish","type":"product","link":"https:\/\/clair.si\/hr\/izdelek\/hlace-hkm-winter-softshell-sfs\/","title":{"rendered":"Hla\u010de HKM Winter Softshell SFS"},"content":{"rendered":"<div class=\"flex max-w-full flex-col flex-grow\">\n<div class=\"min-h-8 text-message flex w-full flex-col items-end gap-2 whitespace-normal break-words [.text-message+&amp;]:mt-5\" dir=\"auto\" data-message-author-role=\"assistant\" data-message-id=\"f91dec26-482f-4795-b10d-d89ec8d1d3ad\" data-message-model-slug=\"gpt-4o\">\n<div class=\"flex w-full flex-col gap-1 empty:hidden first:pt-[3px]\">\n<div class=\"markdown prose w-full break-words dark:prose-invert light\">\n<ul>\n<li>prozra\u010dno<\/li>\n<li>vrlo izolirano<\/li>\n<li>mekano i udobno<\/li>\n<li>vodootporni vanjski materijal, \u0161avovi nisu lijepljeni<\/li>\n<li>podstava od polarnog flisa<\/li>\n<li>udoban elasti\u010dan materijal<\/li>\n<li>udoban elasti\u010dan zavr\u0161etak oko gle\u017enja<\/li>\n<li>d\u017eep s patentnim zatvara\u010dem na prednjoj strani<\/li>\n<li>Idealne zimske hla\u010de<\/li>\n<\/ul>\n<p><strong>Sastav materijala:<\/strong><\/p>\n<ul>\n<li>Vanjska tkanina: 87 % poliester, 13 % poliuretan<\/li>\n<\/ul>\n<p><strong>Upute za pranje:<\/strong><\/p>\n<ul>\n<li>Prikladno za su\u0161ilicu rublja<\/li>\n<li>Pranje u perilici rublja na 30 stupnjeva<\/li>\n<\/ul>\n<\/div>\n<\/div>\n<\/div>\n<\/div>\n<div class=\"mb-2 flex gap-3 empty:hidden -ml-2\">\n<div class=\"items-center justify-start rounded-xl p-1 z-10 -mt-1 bg-token-main-surface-primary md:absolute flex\"><\/div>\n<\/div>\n","protected":false},"excerpt":{"rendered":"<p>prozra\u010dno vrlo izolirano mekano i udobno vodootporni vanjski materijal, \u0161avovi nisu lijepljeni podstava od polarnog flisa udoban elasti\u010dan materijal udoban<\/p>\n","protected":false},"featured_media":93754,"template":"","meta":{"footnotes":""},"product_brand":[],"product_cat":[5654,5838,5657,5658,5667,5708],"product_tag":[],"class_list":{"0":"post-93747","1":"product","2":"type-product","3":"status-publish","4":"has-post-thumbnail","6":"product_cat-jahac-hr","7":"product_cat-jahace-hlace","8":"product_cat-kategorije-hr","9":"product_cat-pocetci-jahanja","10":"product_cat-zene","11":"product_cat-zenske-jahace-hlace","13":"first","14":"instock","15":"sale","16":"shipping-taxable","17":"purchasable","18":"product-type-variable"},"yoast_head":"<!-- This site is optimized with the Yoast SEO plugin v27.4 - https:\/\/yoast.com\/product\/yoast-seo-wordpress\/ -->\n<title>Hla\u010de HKM Winter Softshell SFS - Clair<\/title>\n<meta name=\"description\" content=\"Softshell jaha\u0107e hla\u010de. Vrlo podstavljene toplim flisom. Rastezljive, prozra\u010dne i udobne. Provjerite cijelu ponudu na\u0161ih hla\u010da i odaberite svoje.\" \/>\n<meta name=\"robots\" content=\"index, follow, max-snippet:-1, max-image-preview:large, max-video-preview:-1\" \/>\n<link rel=\"canonical\" href=\"https:\/\/clair.si\/hr\/izdelek\/hlace-hkm-winter-softshell-sfs\/\" \/>\n<meta property=\"og:locale\" content=\"hr_HR\" \/>\n<meta property=\"og:type\" content=\"article\" \/>\n<meta property=\"og:title\" content=\"Hla\u010de HKM Winter Softshell SFS - Clair\" \/>\n<meta property=\"og:description\" content=\"Softshell jaha\u0107e hla\u010de. Vrlo podstavljene toplim flisom. Rastezljive, prozra\u010dne i udobne. Provjerite cijelu ponudu na\u0161ih hla\u010da i odaberite svoje.\" \/>\n<meta property=\"og:url\" content=\"https:\/\/clair.si\/hr\/izdelek\/hlace-hkm-winter-softshell-sfs\/\" \/>\n<meta property=\"og:site_name\" content=\"Clair\" \/>\n<meta property=\"article:publisher\" content=\"https:\/\/www.facebook.com\/TrgovinaClair\/\" \/>\n<meta property=\"article:modified_time\" content=\"2025-08-27T15:48:25+00:00\" \/>\n<meta property=\"og:image\" content=\"https:\/\/clair.si\/wp-content\/uploads\/2024\/11\/Jahalne_hlace_winter_softshell_1.avif\" \/>\n\t<meta property=\"og:image:width\" content=\"700\" \/>\n\t<meta property=\"og:image:height\" content=\"700\" \/>\n\t<meta property=\"og:image:type\" content=\"image\/jpeg\" \/>\n<meta name=\"twitter:card\" content=\"summary_large_image\" \/>\n<script type=\"application\/ld+json\" class=\"yoast-schema-graph\">{\"@context\":\"https:\\\/\\\/schema.org\",\"@graph\":[{\"@type\":\"WebPage\",\"@id\":\"https:\\\/\\\/clair.si\\\/hr\\\/izdelek\\\/hlace-hkm-winter-softshell-sfs\\\/\",\"url\":\"https:\\\/\\\/clair.si\\\/hr\\\/izdelek\\\/hlace-hkm-winter-softshell-sfs\\\/\",\"name\":\"Hla\u010de HKM Winter Softshell SFS - Clair\",\"isPartOf\":{\"@id\":\"https:\\\/\\\/clair.si\\\/#website\"},\"primaryImageOfPage\":{\"@id\":\"https:\\\/\\\/clair.si\\\/hr\\\/izdelek\\\/hlace-hkm-winter-softshell-sfs\\\/#primaryimage\"},\"image\":{\"@id\":\"https:\\\/\\\/clair.si\\\/hr\\\/izdelek\\\/hlace-hkm-winter-softshell-sfs\\\/#primaryimage\"},\"thumbnailUrl\":\"https:\\\/\\\/clair.si\\\/wp-content\\\/uploads\\\/2024\\\/11\\\/Jahalne_hlace_winter_softshell_1.avif\",\"datePublished\":\"2024-11-27T11:06:53+00:00\",\"dateModified\":\"2025-08-27T15:48:25+00:00\",\"description\":\"Softshell jaha\u0107e hla\u010de. Vrlo podstavljene toplim flisom. Rastezljive, prozra\u010dne i udobne. Provjerite cijelu ponudu na\u0161ih hla\u010da i odaberite svoje.\",\"breadcrumb\":{\"@id\":\"https:\\\/\\\/clair.si\\\/hr\\\/izdelek\\\/hlace-hkm-winter-softshell-sfs\\\/#breadcrumb\"},\"inLanguage\":\"hr\",\"potentialAction\":[{\"@type\":\"ReadAction\",\"target\":[\"https:\\\/\\\/clair.si\\\/hr\\\/izdelek\\\/hlace-hkm-winter-softshell-sfs\\\/\"]}]},{\"@type\":\"ImageObject\",\"inLanguage\":\"hr\",\"@id\":\"https:\\\/\\\/clair.si\\\/hr\\\/izdelek\\\/hlace-hkm-winter-softshell-sfs\\\/#primaryimage\",\"url\":\"https:\\\/\\\/clair.si\\\/wp-content\\\/uploads\\\/2024\\\/11\\\/Jahalne_hlace_winter_softshell_1.avif\",\"contentUrl\":\"https:\\\/\\\/clair.si\\\/wp-content\\\/uploads\\\/2024\\\/11\\\/Jahalne_hlace_winter_softshell_1.avif\",\"width\":700,\"height\":700},{\"@type\":\"BreadcrumbList\",\"@id\":\"https:\\\/\\\/clair.si\\\/hr\\\/izdelek\\\/hlace-hkm-winter-softshell-sfs\\\/#breadcrumb\",\"itemListElement\":[{\"@type\":\"ListItem\",\"position\":1,\"name\":\"Home\",\"item\":\"https:\\\/\\\/clair.si\\\/hr\\\/\"},{\"@type\":\"ListItem\",\"position\":2,\"name\":\"Trgovina\",\"item\":\"https:\\\/\\\/clair.si\\\/trgovina\\\/\"},{\"@type\":\"ListItem\",\"position\":3,\"name\":\"Hla\u010de HKM Winter Softshell SFS\"}]},{\"@type\":\"WebSite\",\"@id\":\"https:\\\/\\\/clair.si\\\/#website\",\"url\":\"https:\\\/\\\/clair.si\\\/\",\"name\":\"Clair\",\"description\":\"Trgovina s konjeni\u0161ko opremo\",\"publisher\":{\"@id\":\"https:\\\/\\\/clair.si\\\/#organization\"},\"potentialAction\":[{\"@type\":\"SearchAction\",\"target\":{\"@type\":\"EntryPoint\",\"urlTemplate\":\"https:\\\/\\\/clair.si\\\/?s={search_term_string}\"},\"query-input\":{\"@type\":\"PropertyValueSpecification\",\"valueRequired\":true,\"valueName\":\"search_term_string\"}}],\"inLanguage\":\"hr\"},{\"@type\":\"Organization\",\"@id\":\"https:\\\/\\\/clair.si\\\/#organization\",\"name\":\"Clair\",\"url\":\"https:\\\/\\\/clair.si\\\/\",\"logo\":{\"@type\":\"ImageObject\",\"inLanguage\":\"hr\",\"@id\":\"https:\\\/\\\/clair.si\\\/#\\\/schema\\\/logo\\\/image\\\/\",\"url\":\"https:\\\/\\\/clair.si\\\/wp-content\\\/uploads\\\/2022\\\/11\\\/clair_logo_2022.jpg\",\"contentUrl\":\"https:\\\/\\\/clair.si\\\/wp-content\\\/uploads\\\/2022\\\/11\\\/clair_logo_2022.jpg\",\"width\":1920,\"height\":1920,\"caption\":\"Clair\"},\"image\":{\"@id\":\"https:\\\/\\\/clair.si\\\/#\\\/schema\\\/logo\\\/image\\\/\"},\"sameAs\":[\"https:\\\/\\\/www.facebook.com\\\/TrgovinaClair\\\/\"]}]}<\/script>\n<!-- \/ Yoast SEO plugin. -->","yoast_head_json":{"title":"Hla\u010de HKM Winter Softshell SFS - Clair","description":"Softshell jaha\u0107e hla\u010de. Vrlo podstavljene toplim flisom. Rastezljive, prozra\u010dne i udobne. Provjerite cijelu ponudu na\u0161ih hla\u010da i odaberite svoje.","robots":{"index":"index","follow":"follow","max-snippet":"max-snippet:-1","max-image-preview":"max-image-preview:large","max-video-preview":"max-video-preview:-1"},"canonical":"https:\/\/clair.si\/hr\/izdelek\/hlace-hkm-winter-softshell-sfs\/","og_locale":"hr_HR","og_type":"article","og_title":"Hla\u010de HKM Winter Softshell SFS - Clair","og_description":"Softshell jaha\u0107e hla\u010de. Vrlo podstavljene toplim flisom. Rastezljive, prozra\u010dne i udobne. Provjerite cijelu ponudu na\u0161ih hla\u010da i odaberite svoje.","og_url":"https:\/\/clair.si\/hr\/izdelek\/hlace-hkm-winter-softshell-sfs\/","og_site_name":"Clair","article_publisher":"https:\/\/www.facebook.com\/TrgovinaClair\/","article_modified_time":"2025-08-27T15:48:25+00:00","og_image":[{"width":700,"height":700,"url":"https:\/\/clair.si\/wp-content\/uploads\/2024\/11\/Jahalne_hlace_winter_softshell_1.avif","type":"image\/jpeg"}],"twitter_card":"summary_large_image","schema":{"@context":"https:\/\/schema.org","@graph":[{"@type":"WebPage","@id":"https:\/\/clair.si\/hr\/izdelek\/hlace-hkm-winter-softshell-sfs\/","url":"https:\/\/clair.si\/hr\/izdelek\/hlace-hkm-winter-softshell-sfs\/","name":"Hla\u010de HKM Winter Softshell SFS - Clair","isPartOf":{"@id":"https:\/\/clair.si\/#website"},"primaryImageOfPage":{"@id":"https:\/\/clair.si\/hr\/izdelek\/hlace-hkm-winter-softshell-sfs\/#primaryimage"},"image":{"@id":"https:\/\/clair.si\/hr\/izdelek\/hlace-hkm-winter-softshell-sfs\/#primaryimage"},"thumbnailUrl":"https:\/\/clair.si\/wp-content\/uploads\/2024\/11\/Jahalne_hlace_winter_softshell_1.avif","datePublished":"2024-11-27T11:06:53+00:00","dateModified":"2025-08-27T15:48:25+00:00","description":"Softshell jaha\u0107e hla\u010de. Vrlo podstavljene toplim flisom. Rastezljive, prozra\u010dne i udobne. Provjerite cijelu ponudu na\u0161ih hla\u010da i odaberite svoje.","breadcrumb":{"@id":"https:\/\/clair.si\/hr\/izdelek\/hlace-hkm-winter-softshell-sfs\/#breadcrumb"},"inLanguage":"hr","potentialAction":[{"@type":"ReadAction","target":["https:\/\/clair.si\/hr\/izdelek\/hlace-hkm-winter-softshell-sfs\/"]}]},{"@type":"ImageObject","inLanguage":"hr","@id":"https:\/\/clair.si\/hr\/izdelek\/hlace-hkm-winter-softshell-sfs\/#primaryimage","url":"https:\/\/clair.si\/wp-content\/uploads\/2024\/11\/Jahalne_hlace_winter_softshell_1.avif","contentUrl":"https:\/\/clair.si\/wp-content\/uploads\/2024\/11\/Jahalne_hlace_winter_softshell_1.avif","width":700,"height":700},{"@type":"BreadcrumbList","@id":"https:\/\/clair.si\/hr\/izdelek\/hlace-hkm-winter-softshell-sfs\/#breadcrumb","itemListElement":[{"@type":"ListItem","position":1,"name":"Home","item":"https:\/\/clair.si\/hr\/"},{"@type":"ListItem","position":2,"name":"Trgovina","item":"https:\/\/clair.si\/trgovina\/"},{"@type":"ListItem","position":3,"name":"Hla\u010de HKM Winter Softshell SFS"}]},{"@type":"WebSite","@id":"https:\/\/clair.si\/#website","url":"https:\/\/clair.si\/","name":"Clair","description":"Trgovina s konjeni\u0161ko opremo","publisher":{"@id":"https:\/\/clair.si\/#organization"},"potentialAction":[{"@type":"SearchAction","target":{"@type":"EntryPoint","urlTemplate":"https:\/\/clair.si\/?s={search_term_string}"},"query-input":{"@type":"PropertyValueSpecification","valueRequired":true,"valueName":"search_term_string"}}],"inLanguage":"hr"},{"@type":"Organization","@id":"https:\/\/clair.si\/#organization","name":"Clair","url":"https:\/\/clair.si\/","logo":{"@type":"ImageObject","inLanguage":"hr","@id":"https:\/\/clair.si\/#\/schema\/logo\/image\/","url":"https:\/\/clair.si\/wp-content\/uploads\/2022\/11\/clair_logo_2022.jpg","contentUrl":"https:\/\/clair.si\/wp-content\/uploads\/2022\/11\/clair_logo_2022.jpg","width":1920,"height":1920,"caption":"Clair"},"image":{"@id":"https:\/\/clair.si\/#\/schema\/logo\/image\/"},"sameAs":["https:\/\/www.facebook.com\/TrgovinaClair\/"]}]}},"_links":{"self":[{"href":"https:\/\/clair.si\/hr\/wp-json\/wp\/v2\/product\/93747","targetHints":{"allow":["GET"]}}],"collection":[{"href":"https:\/\/clair.si\/hr\/wp-json\/wp\/v2\/product"}],"about":[{"href":"https:\/\/clair.si\/hr\/wp-json\/wp\/v2\/types\/product"}],"version-history":[{"count":0,"href":"https:\/\/clair.si\/hr\/wp-json\/wp\/v2\/product\/93747\/revisions"}],"wp:featuredmedia":[{"embeddable":true,"href":"https:\/\/clair.si\/hr\/wp-json\/wp\/v2\/media\/93754"}],"wp:attachment":[{"href":"https:\/\/clair.si\/hr\/wp-json\/wp\/v2\/media?parent=93747"}],"wp:term":[{"taxonomy":"product_brand","embeddable":true,"href":"https:\/\/clair.si\/hr\/wp-json\/wp\/v2\/product_brand?post=93747"},{"taxonomy":"product_cat","embeddable":true,"href":"https:\/\/clair.si\/hr\/wp-json\/wp\/v2\/product_cat?post=93747"},{"taxonomy":"product_tag","embeddable":true,"href":"https:\/\/clair.si\/hr\/wp-json\/wp\/v2\/product_tag?post=93747"}],"curies":[{"name":"wp","href":"https:\/\/api.w.org\/{rel}","templated":true}]}}