{"id":93763,"date":"2024-11-26T13:33:20","date_gmt":"2024-11-26T12:33:20","guid":{"rendered":"https:\/\/clair.si\/izdelek\/sampon-carrdaymartin-gallop-stain-removel\/"},"modified":"2025-08-27T20:50:20","modified_gmt":"2025-08-27T18:50:20","slug":"sampon-carrdaymartin-gallop-stain-removel","status":"publish","type":"product","link":"https:\/\/clair.si\/hr\/izdelek\/sampon-carrdaymartin-gallop-stain-removel\/","title":{"rendered":"\u0160ampon CARR&amp;DAY&amp;MARTIN Gallop Stain Removel"},"content":{"rendered":"<p>Idealno rje\u0161enje za svijetle dlake s tvrdokornim mrljama.<\/p>\n<p><strong>DETALJI:<\/strong><\/p>\n<ul>\n<li>Izuzetno gusta i koncentrirana ljubi\u010dasta formula.<\/li>\n<li>Nje\u017ena formula, pogodna za osjetljivu ko\u017eu.<\/li>\n<li>Uklanja sve mrlje i \u017eutilo s grive.<\/li>\n<li>Idealno za svijetle dlake i osjetljiva podru\u010dja (koljena i sko\u010dni zglobovi).<\/li>\n<\/ul>\n","protected":false},"excerpt":{"rendered":"<p>Idealno rje\u0161enje za svijetle dlake s tvrdokornim mrljama. DETALJI: Izuzetno gusta i koncentrirana ljubi\u010dasta formula. Nje\u017ena formula, pogodna za osjetljivu<\/p>\n","protected":false},"featured_media":93765,"template":"","meta":{"footnotes":""},"product_brand":[],"product_cat":[5624,5675,5677,5625,5714,5627],"product_tag":[],"class_list":{"0":"post-93763","1":"product","2":"type-product","3":"status-publish","4":"has-post-thumbnail","6":"product_cat-konj-hr","7":"product_cat-kozmetika-za-konje-hr","8":"product_cat-kozmetika-za-konje-hr-2","9":"product_cat-njega-konja","10":"product_cat-samponi-i-sapuni","11":"product_cat-stala-i-pasnjak","13":"first","14":"instock","15":"shipping-taxable","16":"purchasable","17":"product-type-simple"},"yoast_head":"<!-- This site is optimized with the Yoast SEO plugin v27.4 - https:\/\/yoast.com\/product\/yoast-seo-wordpress\/ -->\n<title>\u0160ampon CARR&amp;DAY&amp;MARTIN Gallop Stain Removel - Clair<\/title>\n<meta name=\"description\" content=\"Idealno rje\u0161enje za svijetle dlake s tvrdokornim mrljama. DETALJI: Izuzetno gusta i koncentrirana ljubi\u010dasta formula. Nje\u017ena formula, pogodna za\" \/>\n<meta name=\"robots\" content=\"index, follow, max-snippet:-1, max-image-preview:large, max-video-preview:-1\" \/>\n<link rel=\"canonical\" href=\"https:\/\/clair.si\/hr\/izdelek\/sampon-carrdaymartin-gallop-stain-removel\/\" \/>\n<meta property=\"og:locale\" content=\"hr_HR\" \/>\n<meta property=\"og:type\" content=\"article\" \/>\n<meta property=\"og:title\" content=\"\u0160ampon CARR&amp;DAY&amp;MARTIN Gallop Stain Removel - Clair\" \/>\n<meta property=\"og:description\" content=\"Idealno rje\u0161enje za svijetle dlake s tvrdokornim mrljama. DETALJI: Izuzetno gusta i koncentrirana ljubi\u010dasta formula. Nje\u017ena formula, pogodna za\" \/>\n<meta property=\"og:url\" content=\"https:\/\/clair.si\/hr\/izdelek\/sampon-carrdaymartin-gallop-stain-removel\/\" \/>\n<meta property=\"og:site_name\" content=\"Clair\" \/>\n<meta property=\"article:publisher\" content=\"https:\/\/www.facebook.com\/TrgovinaClair\/\" \/>\n<meta property=\"article:modified_time\" content=\"2025-08-27T18:50:20+00:00\" \/>\n<meta property=\"og:image\" content=\"https:\/\/clair.si\/wp-content\/uploads\/2024\/11\/sampon_carr-day-martin-detangling-shampoo-gallop_1.avif\" \/>\n\t<meta property=\"og:image:width\" content=\"800\" \/>\n\t<meta property=\"og:image:height\" content=\"800\" \/>\n\t<meta property=\"og:image:type\" content=\"image\/jpeg\" \/>\n<meta name=\"twitter:card\" content=\"summary_large_image\" \/>\n<meta name=\"twitter:label1\" content=\"Procijenjeno vrijeme \u010ditanja\" \/>\n\t<meta name=\"twitter:data1\" content=\"1 minuta\" \/>\n<script type=\"application\/ld+json\" class=\"yoast-schema-graph\">{\"@context\":\"https:\\\/\\\/schema.org\",\"@graph\":[{\"@type\":\"WebPage\",\"@id\":\"https:\\\/\\\/clair.si\\\/hr\\\/izdelek\\\/sampon-carrdaymartin-gallop-stain-removel\\\/\",\"url\":\"https:\\\/\\\/clair.si\\\/hr\\\/izdelek\\\/sampon-carrdaymartin-gallop-stain-removel\\\/\",\"name\":\"\u0160ampon CARR&amp;DAY&amp;MARTIN Gallop Stain Removel - Clair\",\"isPartOf\":{\"@id\":\"https:\\\/\\\/clair.si\\\/#website\"},\"primaryImageOfPage\":{\"@id\":\"https:\\\/\\\/clair.si\\\/hr\\\/izdelek\\\/sampon-carrdaymartin-gallop-stain-removel\\\/#primaryimage\"},\"image\":{\"@id\":\"https:\\\/\\\/clair.si\\\/hr\\\/izdelek\\\/sampon-carrdaymartin-gallop-stain-removel\\\/#primaryimage\"},\"thumbnailUrl\":\"https:\\\/\\\/clair.si\\\/wp-content\\\/uploads\\\/2024\\\/11\\\/sampon_carr-day-martin-detangling-shampoo-gallop_1.avif\",\"datePublished\":\"2024-11-26T12:33:20+00:00\",\"dateModified\":\"2025-08-27T18:50:20+00:00\",\"description\":\"Idealno rje\u0161enje za svijetle dlake s tvrdokornim mrljama. DETALJI: Izuzetno gusta i koncentrirana ljubi\u010dasta formula. Nje\u017ena formula, pogodna za\",\"breadcrumb\":{\"@id\":\"https:\\\/\\\/clair.si\\\/hr\\\/izdelek\\\/sampon-carrdaymartin-gallop-stain-removel\\\/#breadcrumb\"},\"inLanguage\":\"hr\",\"potentialAction\":[{\"@type\":\"ReadAction\",\"target\":[\"https:\\\/\\\/clair.si\\\/hr\\\/izdelek\\\/sampon-carrdaymartin-gallop-stain-removel\\\/\"]}]},{\"@type\":\"ImageObject\",\"inLanguage\":\"hr\",\"@id\":\"https:\\\/\\\/clair.si\\\/hr\\\/izdelek\\\/sampon-carrdaymartin-gallop-stain-removel\\\/#primaryimage\",\"url\":\"https:\\\/\\\/clair.si\\\/wp-content\\\/uploads\\\/2024\\\/11\\\/sampon_carr-day-martin-detangling-shampoo-gallop_1.avif\",\"contentUrl\":\"https:\\\/\\\/clair.si\\\/wp-content\\\/uploads\\\/2024\\\/11\\\/sampon_carr-day-martin-detangling-shampoo-gallop_1.avif\",\"width\":800,\"height\":800},{\"@type\":\"BreadcrumbList\",\"@id\":\"https:\\\/\\\/clair.si\\\/hr\\\/izdelek\\\/sampon-carrdaymartin-gallop-stain-removel\\\/#breadcrumb\",\"itemListElement\":[{\"@type\":\"ListItem\",\"position\":1,\"name\":\"Home\",\"item\":\"https:\\\/\\\/clair.si\\\/hr\\\/\"},{\"@type\":\"ListItem\",\"position\":2,\"name\":\"Trgovina\",\"item\":\"https:\\\/\\\/clair.si\\\/trgovina\\\/\"},{\"@type\":\"ListItem\",\"position\":3,\"name\":\"\u0160ampon CARR&amp;DAY&amp;MARTIN Gallop Stain Removel\"}]},{\"@type\":\"WebSite\",\"@id\":\"https:\\\/\\\/clair.si\\\/#website\",\"url\":\"https:\\\/\\\/clair.si\\\/\",\"name\":\"Clair\",\"description\":\"Trgovina s konjeni\u0161ko opremo\",\"publisher\":{\"@id\":\"https:\\\/\\\/clair.si\\\/#organization\"},\"potentialAction\":[{\"@type\":\"SearchAction\",\"target\":{\"@type\":\"EntryPoint\",\"urlTemplate\":\"https:\\\/\\\/clair.si\\\/?s={search_term_string}\"},\"query-input\":{\"@type\":\"PropertyValueSpecification\",\"valueRequired\":true,\"valueName\":\"search_term_string\"}}],\"inLanguage\":\"hr\"},{\"@type\":\"Organization\",\"@id\":\"https:\\\/\\\/clair.si\\\/#organization\",\"name\":\"Clair\",\"url\":\"https:\\\/\\\/clair.si\\\/\",\"logo\":{\"@type\":\"ImageObject\",\"inLanguage\":\"hr\",\"@id\":\"https:\\\/\\\/clair.si\\\/#\\\/schema\\\/logo\\\/image\\\/\",\"url\":\"https:\\\/\\\/clair.si\\\/wp-content\\\/uploads\\\/2022\\\/11\\\/clair_logo_2022.jpg\",\"contentUrl\":\"https:\\\/\\\/clair.si\\\/wp-content\\\/uploads\\\/2022\\\/11\\\/clair_logo_2022.jpg\",\"width\":1920,\"height\":1920,\"caption\":\"Clair\"},\"image\":{\"@id\":\"https:\\\/\\\/clair.si\\\/#\\\/schema\\\/logo\\\/image\\\/\"},\"sameAs\":[\"https:\\\/\\\/www.facebook.com\\\/TrgovinaClair\\\/\"]}]}<\/script>\n<!-- \/ Yoast SEO plugin. -->","yoast_head_json":{"title":"\u0160ampon CARR&amp;DAY&amp;MARTIN Gallop Stain Removel - Clair","description":"Idealno rje\u0161enje za svijetle dlake s tvrdokornim mrljama. DETALJI: Izuzetno gusta i koncentrirana ljubi\u010dasta formula. Nje\u017ena formula, pogodna za","robots":{"index":"index","follow":"follow","max-snippet":"max-snippet:-1","max-image-preview":"max-image-preview:large","max-video-preview":"max-video-preview:-1"},"canonical":"https:\/\/clair.si\/hr\/izdelek\/sampon-carrdaymartin-gallop-stain-removel\/","og_locale":"hr_HR","og_type":"article","og_title":"\u0160ampon CARR&amp;DAY&amp;MARTIN Gallop Stain Removel - Clair","og_description":"Idealno rje\u0161enje za svijetle dlake s tvrdokornim mrljama. DETALJI: Izuzetno gusta i koncentrirana ljubi\u010dasta formula. Nje\u017ena formula, pogodna za","og_url":"https:\/\/clair.si\/hr\/izdelek\/sampon-carrdaymartin-gallop-stain-removel\/","og_site_name":"Clair","article_publisher":"https:\/\/www.facebook.com\/TrgovinaClair\/","article_modified_time":"2025-08-27T18:50:20+00:00","og_image":[{"width":800,"height":800,"url":"https:\/\/clair.si\/wp-content\/uploads\/2024\/11\/sampon_carr-day-martin-detangling-shampoo-gallop_1.avif","type":"image\/jpeg"}],"twitter_card":"summary_large_image","twitter_misc":{"Procijenjeno vrijeme \u010ditanja":"1 minuta"},"schema":{"@context":"https:\/\/schema.org","@graph":[{"@type":"WebPage","@id":"https:\/\/clair.si\/hr\/izdelek\/sampon-carrdaymartin-gallop-stain-removel\/","url":"https:\/\/clair.si\/hr\/izdelek\/sampon-carrdaymartin-gallop-stain-removel\/","name":"\u0160ampon CARR&amp;DAY&amp;MARTIN Gallop Stain Removel - Clair","isPartOf":{"@id":"https:\/\/clair.si\/#website"},"primaryImageOfPage":{"@id":"https:\/\/clair.si\/hr\/izdelek\/sampon-carrdaymartin-gallop-stain-removel\/#primaryimage"},"image":{"@id":"https:\/\/clair.si\/hr\/izdelek\/sampon-carrdaymartin-gallop-stain-removel\/#primaryimage"},"thumbnailUrl":"https:\/\/clair.si\/wp-content\/uploads\/2024\/11\/sampon_carr-day-martin-detangling-shampoo-gallop_1.avif","datePublished":"2024-11-26T12:33:20+00:00","dateModified":"2025-08-27T18:50:20+00:00","description":"Idealno rje\u0161enje za svijetle dlake s tvrdokornim mrljama. DETALJI: Izuzetno gusta i koncentrirana ljubi\u010dasta formula. Nje\u017ena formula, pogodna za","breadcrumb":{"@id":"https:\/\/clair.si\/hr\/izdelek\/sampon-carrdaymartin-gallop-stain-removel\/#breadcrumb"},"inLanguage":"hr","potentialAction":[{"@type":"ReadAction","target":["https:\/\/clair.si\/hr\/izdelek\/sampon-carrdaymartin-gallop-stain-removel\/"]}]},{"@type":"ImageObject","inLanguage":"hr","@id":"https:\/\/clair.si\/hr\/izdelek\/sampon-carrdaymartin-gallop-stain-removel\/#primaryimage","url":"https:\/\/clair.si\/wp-content\/uploads\/2024\/11\/sampon_carr-day-martin-detangling-shampoo-gallop_1.avif","contentUrl":"https:\/\/clair.si\/wp-content\/uploads\/2024\/11\/sampon_carr-day-martin-detangling-shampoo-gallop_1.avif","width":800,"height":800},{"@type":"BreadcrumbList","@id":"https:\/\/clair.si\/hr\/izdelek\/sampon-carrdaymartin-gallop-stain-removel\/#breadcrumb","itemListElement":[{"@type":"ListItem","position":1,"name":"Home","item":"https:\/\/clair.si\/hr\/"},{"@type":"ListItem","position":2,"name":"Trgovina","item":"https:\/\/clair.si\/trgovina\/"},{"@type":"ListItem","position":3,"name":"\u0160ampon CARR&amp;DAY&amp;MARTIN Gallop Stain Removel"}]},{"@type":"WebSite","@id":"https:\/\/clair.si\/#website","url":"https:\/\/clair.si\/","name":"Clair","description":"Trgovina s konjeni\u0161ko opremo","publisher":{"@id":"https:\/\/clair.si\/#organization"},"potentialAction":[{"@type":"SearchAction","target":{"@type":"EntryPoint","urlTemplate":"https:\/\/clair.si\/?s={search_term_string}"},"query-input":{"@type":"PropertyValueSpecification","valueRequired":true,"valueName":"search_term_string"}}],"inLanguage":"hr"},{"@type":"Organization","@id":"https:\/\/clair.si\/#organization","name":"Clair","url":"https:\/\/clair.si\/","logo":{"@type":"ImageObject","inLanguage":"hr","@id":"https:\/\/clair.si\/#\/schema\/logo\/image\/","url":"https:\/\/clair.si\/wp-content\/uploads\/2022\/11\/clair_logo_2022.jpg","contentUrl":"https:\/\/clair.si\/wp-content\/uploads\/2022\/11\/clair_logo_2022.jpg","width":1920,"height":1920,"caption":"Clair"},"image":{"@id":"https:\/\/clair.si\/#\/schema\/logo\/image\/"},"sameAs":["https:\/\/www.facebook.com\/TrgovinaClair\/"]}]}},"_links":{"self":[{"href":"https:\/\/clair.si\/hr\/wp-json\/wp\/v2\/product\/93763","targetHints":{"allow":["GET"]}}],"collection":[{"href":"https:\/\/clair.si\/hr\/wp-json\/wp\/v2\/product"}],"about":[{"href":"https:\/\/clair.si\/hr\/wp-json\/wp\/v2\/types\/product"}],"version-history":[{"count":0,"href":"https:\/\/clair.si\/hr\/wp-json\/wp\/v2\/product\/93763\/revisions"}],"wp:featuredmedia":[{"embeddable":true,"href":"https:\/\/clair.si\/hr\/wp-json\/wp\/v2\/media\/93765"}],"wp:attachment":[{"href":"https:\/\/clair.si\/hr\/wp-json\/wp\/v2\/media?parent=93763"}],"wp:term":[{"taxonomy":"product_brand","embeddable":true,"href":"https:\/\/clair.si\/hr\/wp-json\/wp\/v2\/product_brand?post=93763"},{"taxonomy":"product_cat","embeddable":true,"href":"https:\/\/clair.si\/hr\/wp-json\/wp\/v2\/product_cat?post=93763"},{"taxonomy":"product_tag","embeddable":true,"href":"https:\/\/clair.si\/hr\/wp-json\/wp\/v2\/product_tag?post=93763"}],"curies":[{"name":"wp","href":"https:\/\/api.w.org\/{rel}","templated":true}]}}