{"id":93772,"date":"2024-11-26T14:50:35","date_gmt":"2024-11-26T13:50:35","guid":{"rendered":"https:\/\/clair.si\/izdelek\/zimske-cizme-hkm-stockholm-winter\/"},"modified":"2026-04-10T14:23:12","modified_gmt":"2026-04-10T12:23:12","slug":"zimske-cizme-hkm-stockholm-winter","status":"publish","type":"product","link":"https:\/\/clair.si\/hr\/izdelek\/zimske-cizme-hkm-stockholm-winter\/","title":{"rendered":"Zimske \u010dizme HKM Stockholm Winter"},"content":{"rendered":"<ul>\n<li>Vrlo dobro izolirane<\/li>\n<li>Elasti\u010dni umetci<\/li>\n<li>Ko\u017ena cipela<\/li>\n<li>Patentni zatvara\u010d straga<\/li>\n<li>Uski kroj stopala<\/li>\n<li>Mekano oblaganje<\/li>\n<li>Gumeni potplat s petom<\/li>\n<li>Podstava od umjetnog krzna<\/li>\n<li>\u010cizma je u cijelosti podstavljena<\/li>\n<\/ul>\n<p><strong>Sastav materijala:<\/strong><\/p>\n<ul>\n<li>Potplat: sinteti\u010dki<\/li>\n<li>Unutra\u0161njost: sinteti\u010dka<\/li>\n<li>Gornji dio \u010dizme: 100 % poliester<\/li>\n<\/ul>\n","protected":false},"excerpt":{"rendered":"<p>Vrlo dobro izolirane Elasti\u010dni umetci Ko\u017ena cipela Patentni zatvara\u010d straga Uski kroj stopala Mekano oblaganje Gumeni potplat s petom Podstava<\/p>\n","protected":false},"featured_media":93775,"template":"","meta":{"footnotes":""},"product_brand":[],"product_cat":[5656,5654,5655],"product_tag":[],"class_list":{"0":"post-93772","1":"product","2":"type-product","3":"status-publish","4":"has-post-thumbnail","6":"product_cat-cizme-za-jahanje","7":"product_cat-jahac-hr","8":"product_cat-obuca","10":"first","11":"instock","12":"sale","13":"shipping-taxable","14":"purchasable","15":"product-type-variable"},"yoast_head":"<!-- This site is optimized with the Yoast SEO plugin v27.4 - https:\/\/yoast.com\/product\/yoast-seo-wordpress\/ -->\n<title>Zimske \u010dizme HKM Stockholm Winter - Clair<\/title>\n<meta name=\"description\" content=\"Vas zimi tijekom jahanja rado zebe u noge? Na\u0161e zimske jaha\u0107e \u010dizme olak\u0161at \u0107e vam zimsko jahanje. Toplo podstavljene. Lijep model. Osigurajte si svoje.\" \/>\n<meta name=\"robots\" content=\"index, follow, max-snippet:-1, max-image-preview:large, max-video-preview:-1\" \/>\n<link rel=\"canonical\" href=\"https:\/\/clair.si\/izdelek\/zimski-skornjishkm-stockholm-winter\/\" \/>\n<meta property=\"og:locale\" content=\"hr_HR\" \/>\n<meta property=\"og:type\" content=\"article\" \/>\n<meta property=\"og:title\" content=\"Zimske \u010dizme HKM Stockholm Winter - Clair\" \/>\n<meta property=\"og:description\" content=\"Vas zimi tijekom jahanja rado zebe u noge? Na\u0161e zimske jaha\u0107e \u010dizme olak\u0161at \u0107e vam zimsko jahanje. Toplo podstavljene. Lijep model. Osigurajte si svoje.\" \/>\n<meta property=\"og:url\" content=\"https:\/\/clair.si\/izdelek\/zimski-skornjishkm-stockholm-winter\/\" \/>\n<meta property=\"og:site_name\" content=\"Clair\" \/>\n<meta property=\"article:publisher\" content=\"https:\/\/www.facebook.com\/TrgovinaClair\/\" \/>\n<meta property=\"article:modified_time\" content=\"2026-04-10T12:23:12+00:00\" \/>\n<meta property=\"og:image\" content=\"https:\/\/clair.si\/wp-content\/uploads\/2024\/11\/Zimski_jahani_skornji_stockholm.avif\" \/>\n\t<meta property=\"og:image:width\" content=\"800\" \/>\n\t<meta property=\"og:image:height\" content=\"800\" \/>\n\t<meta property=\"og:image:type\" content=\"image\/jpeg\" \/>\n<meta name=\"twitter:card\" content=\"summary_large_image\" \/>\n<meta name=\"twitter:label1\" content=\"Procijenjeno vrijeme \u010ditanja\" \/>\n\t<meta name=\"twitter:data1\" content=\"1 minuta\" \/>\n<script type=\"application\/ld+json\" class=\"yoast-schema-graph\">{\"@context\":\"https:\\\/\\\/schema.org\",\"@graph\":[{\"@type\":\"WebPage\",\"@id\":\"https:\\\/\\\/clair.si\\\/izdelek\\\/zimski-skornjishkm-stockholm-winter\\\/\",\"url\":\"https:\\\/\\\/clair.si\\\/izdelek\\\/zimski-skornjishkm-stockholm-winter\\\/\",\"name\":\"Zimske \u010dizme HKM Stockholm Winter - Clair\",\"isPartOf\":{\"@id\":\"https:\\\/\\\/clair.si\\\/#website\"},\"primaryImageOfPage\":{\"@id\":\"https:\\\/\\\/clair.si\\\/izdelek\\\/zimski-skornjishkm-stockholm-winter\\\/#primaryimage\"},\"image\":{\"@id\":\"https:\\\/\\\/clair.si\\\/izdelek\\\/zimski-skornjishkm-stockholm-winter\\\/#primaryimage\"},\"thumbnailUrl\":\"https:\\\/\\\/clair.si\\\/wp-content\\\/uploads\\\/2024\\\/11\\\/Zimski_jahani_skornji_stockholm.avif\",\"datePublished\":\"2024-11-26T13:50:35+00:00\",\"dateModified\":\"2026-04-10T12:23:12+00:00\",\"description\":\"Vas zimi tijekom jahanja rado zebe u noge? Na\u0161e zimske jaha\u0107e \u010dizme olak\u0161at \u0107e vam zimsko jahanje. Toplo podstavljene. Lijep model. Osigurajte si svoje.\",\"breadcrumb\":{\"@id\":\"https:\\\/\\\/clair.si\\\/izdelek\\\/zimski-skornjishkm-stockholm-winter\\\/#breadcrumb\"},\"inLanguage\":\"hr\",\"potentialAction\":[{\"@type\":\"ReadAction\",\"target\":[\"https:\\\/\\\/clair.si\\\/izdelek\\\/zimski-skornjishkm-stockholm-winter\\\/\"]}]},{\"@type\":\"ImageObject\",\"inLanguage\":\"hr\",\"@id\":\"https:\\\/\\\/clair.si\\\/izdelek\\\/zimski-skornjishkm-stockholm-winter\\\/#primaryimage\",\"url\":\"https:\\\/\\\/clair.si\\\/wp-content\\\/uploads\\\/2024\\\/11\\\/Zimski_jahani_skornji_stockholm.avif\",\"contentUrl\":\"https:\\\/\\\/clair.si\\\/wp-content\\\/uploads\\\/2024\\\/11\\\/Zimski_jahani_skornji_stockholm.avif\",\"width\":800,\"height\":800},{\"@type\":\"BreadcrumbList\",\"@id\":\"https:\\\/\\\/clair.si\\\/izdelek\\\/zimski-skornjishkm-stockholm-winter\\\/#breadcrumb\",\"itemListElement\":[{\"@type\":\"ListItem\",\"position\":1,\"name\":\"Home\",\"item\":\"https:\\\/\\\/clair.si\\\/hr\\\/\"},{\"@type\":\"ListItem\",\"position\":2,\"name\":\"Trgovina\",\"item\":\"https:\\\/\\\/clair.si\\\/trgovina\\\/\"},{\"@type\":\"ListItem\",\"position\":3,\"name\":\"Zimske \u010dizme HKM Stockholm Winter\"}]},{\"@type\":\"WebSite\",\"@id\":\"https:\\\/\\\/clair.si\\\/#website\",\"url\":\"https:\\\/\\\/clair.si\\\/\",\"name\":\"Clair\",\"description\":\"Trgovina s konjeni\u0161ko opremo\",\"publisher\":{\"@id\":\"https:\\\/\\\/clair.si\\\/#organization\"},\"potentialAction\":[{\"@type\":\"SearchAction\",\"target\":{\"@type\":\"EntryPoint\",\"urlTemplate\":\"https:\\\/\\\/clair.si\\\/?s={search_term_string}\"},\"query-input\":{\"@type\":\"PropertyValueSpecification\",\"valueRequired\":true,\"valueName\":\"search_term_string\"}}],\"inLanguage\":\"hr\"},{\"@type\":\"Organization\",\"@id\":\"https:\\\/\\\/clair.si\\\/#organization\",\"name\":\"Clair\",\"url\":\"https:\\\/\\\/clair.si\\\/\",\"logo\":{\"@type\":\"ImageObject\",\"inLanguage\":\"hr\",\"@id\":\"https:\\\/\\\/clair.si\\\/#\\\/schema\\\/logo\\\/image\\\/\",\"url\":\"https:\\\/\\\/clair.si\\\/wp-content\\\/uploads\\\/2022\\\/11\\\/clair_logo_2022.jpg\",\"contentUrl\":\"https:\\\/\\\/clair.si\\\/wp-content\\\/uploads\\\/2022\\\/11\\\/clair_logo_2022.jpg\",\"width\":1920,\"height\":1920,\"caption\":\"Clair\"},\"image\":{\"@id\":\"https:\\\/\\\/clair.si\\\/#\\\/schema\\\/logo\\\/image\\\/\"},\"sameAs\":[\"https:\\\/\\\/www.facebook.com\\\/TrgovinaClair\\\/\"]}]}<\/script>\n<!-- \/ Yoast SEO plugin. -->","yoast_head_json":{"title":"Zimske \u010dizme HKM Stockholm Winter - Clair","description":"Vas zimi tijekom jahanja rado zebe u noge? Na\u0161e zimske jaha\u0107e \u010dizme olak\u0161at \u0107e vam zimsko jahanje. Toplo podstavljene. Lijep model. Osigurajte si svoje.","robots":{"index":"index","follow":"follow","max-snippet":"max-snippet:-1","max-image-preview":"max-image-preview:large","max-video-preview":"max-video-preview:-1"},"canonical":"https:\/\/clair.si\/izdelek\/zimski-skornjishkm-stockholm-winter\/","og_locale":"hr_HR","og_type":"article","og_title":"Zimske \u010dizme HKM Stockholm Winter - Clair","og_description":"Vas zimi tijekom jahanja rado zebe u noge? Na\u0161e zimske jaha\u0107e \u010dizme olak\u0161at \u0107e vam zimsko jahanje. Toplo podstavljene. Lijep model. Osigurajte si svoje.","og_url":"https:\/\/clair.si\/izdelek\/zimski-skornjishkm-stockholm-winter\/","og_site_name":"Clair","article_publisher":"https:\/\/www.facebook.com\/TrgovinaClair\/","article_modified_time":"2026-04-10T12:23:12+00:00","og_image":[{"width":800,"height":800,"url":"https:\/\/clair.si\/wp-content\/uploads\/2024\/11\/Zimski_jahani_skornji_stockholm.avif","type":"image\/jpeg"}],"twitter_card":"summary_large_image","twitter_misc":{"Procijenjeno vrijeme \u010ditanja":"1 minuta"},"schema":{"@context":"https:\/\/schema.org","@graph":[{"@type":"WebPage","@id":"https:\/\/clair.si\/izdelek\/zimski-skornjishkm-stockholm-winter\/","url":"https:\/\/clair.si\/izdelek\/zimski-skornjishkm-stockholm-winter\/","name":"Zimske \u010dizme HKM Stockholm Winter - Clair","isPartOf":{"@id":"https:\/\/clair.si\/#website"},"primaryImageOfPage":{"@id":"https:\/\/clair.si\/izdelek\/zimski-skornjishkm-stockholm-winter\/#primaryimage"},"image":{"@id":"https:\/\/clair.si\/izdelek\/zimski-skornjishkm-stockholm-winter\/#primaryimage"},"thumbnailUrl":"https:\/\/clair.si\/wp-content\/uploads\/2024\/11\/Zimski_jahani_skornji_stockholm.avif","datePublished":"2024-11-26T13:50:35+00:00","dateModified":"2026-04-10T12:23:12+00:00","description":"Vas zimi tijekom jahanja rado zebe u noge? Na\u0161e zimske jaha\u0107e \u010dizme olak\u0161at \u0107e vam zimsko jahanje. Toplo podstavljene. Lijep model. Osigurajte si svoje.","breadcrumb":{"@id":"https:\/\/clair.si\/izdelek\/zimski-skornjishkm-stockholm-winter\/#breadcrumb"},"inLanguage":"hr","potentialAction":[{"@type":"ReadAction","target":["https:\/\/clair.si\/izdelek\/zimski-skornjishkm-stockholm-winter\/"]}]},{"@type":"ImageObject","inLanguage":"hr","@id":"https:\/\/clair.si\/izdelek\/zimski-skornjishkm-stockholm-winter\/#primaryimage","url":"https:\/\/clair.si\/wp-content\/uploads\/2024\/11\/Zimski_jahani_skornji_stockholm.avif","contentUrl":"https:\/\/clair.si\/wp-content\/uploads\/2024\/11\/Zimski_jahani_skornji_stockholm.avif","width":800,"height":800},{"@type":"BreadcrumbList","@id":"https:\/\/clair.si\/izdelek\/zimski-skornjishkm-stockholm-winter\/#breadcrumb","itemListElement":[{"@type":"ListItem","position":1,"name":"Home","item":"https:\/\/clair.si\/hr\/"},{"@type":"ListItem","position":2,"name":"Trgovina","item":"https:\/\/clair.si\/trgovina\/"},{"@type":"ListItem","position":3,"name":"Zimske \u010dizme HKM Stockholm Winter"}]},{"@type":"WebSite","@id":"https:\/\/clair.si\/#website","url":"https:\/\/clair.si\/","name":"Clair","description":"Trgovina s konjeni\u0161ko opremo","publisher":{"@id":"https:\/\/clair.si\/#organization"},"potentialAction":[{"@type":"SearchAction","target":{"@type":"EntryPoint","urlTemplate":"https:\/\/clair.si\/?s={search_term_string}"},"query-input":{"@type":"PropertyValueSpecification","valueRequired":true,"valueName":"search_term_string"}}],"inLanguage":"hr"},{"@type":"Organization","@id":"https:\/\/clair.si\/#organization","name":"Clair","url":"https:\/\/clair.si\/","logo":{"@type":"ImageObject","inLanguage":"hr","@id":"https:\/\/clair.si\/#\/schema\/logo\/image\/","url":"https:\/\/clair.si\/wp-content\/uploads\/2022\/11\/clair_logo_2022.jpg","contentUrl":"https:\/\/clair.si\/wp-content\/uploads\/2022\/11\/clair_logo_2022.jpg","width":1920,"height":1920,"caption":"Clair"},"image":{"@id":"https:\/\/clair.si\/#\/schema\/logo\/image\/"},"sameAs":["https:\/\/www.facebook.com\/TrgovinaClair\/"]}]}},"_links":{"self":[{"href":"https:\/\/clair.si\/hr\/wp-json\/wp\/v2\/product\/93772","targetHints":{"allow":["GET"]}}],"collection":[{"href":"https:\/\/clair.si\/hr\/wp-json\/wp\/v2\/product"}],"about":[{"href":"https:\/\/clair.si\/hr\/wp-json\/wp\/v2\/types\/product"}],"version-history":[{"count":0,"href":"https:\/\/clair.si\/hr\/wp-json\/wp\/v2\/product\/93772\/revisions"}],"wp:featuredmedia":[{"embeddable":true,"href":"https:\/\/clair.si\/hr\/wp-json\/wp\/v2\/media\/93775"}],"wp:attachment":[{"href":"https:\/\/clair.si\/hr\/wp-json\/wp\/v2\/media?parent=93772"}],"wp:term":[{"taxonomy":"product_brand","embeddable":true,"href":"https:\/\/clair.si\/hr\/wp-json\/wp\/v2\/product_brand?post=93772"},{"taxonomy":"product_cat","embeddable":true,"href":"https:\/\/clair.si\/hr\/wp-json\/wp\/v2\/product_cat?post=93772"},{"taxonomy":"product_tag","embeddable":true,"href":"https:\/\/clair.si\/hr\/wp-json\/wp\/v2\/product_tag?post=93772"}],"curies":[{"name":"wp","href":"https:\/\/api.w.org\/{rel}","templated":true}]}}