{"id":93789,"date":"2024-12-05T11:32:17","date_gmt":"2024-12-05T10:32:17","guid":{"rendered":"https:\/\/clair.si\/izdelek\/stitnici-kavalkade-competen-wool\/"},"modified":"2025-08-28T07:41:40","modified_gmt":"2025-08-28T05:41:40","slug":"stitnici-kavalkade-competen-wool","status":"publish","type":"product","link":"https:\/\/clair.si\/hr\/izdelek\/stitnici-kavalkade-competen-wool\/","title":{"rendered":"\u0160titnici Kavalkade Compete&#8217;n wool"},"content":{"rendered":"<p>\u0160titnici za tetive s otvorima za ventilaciju i kop\u010danjem na zakovice s elasti\u010dnim trakama. Podstavljeni mekanim teddy flisom za iznimnu udobnost tijekom no\u0161enja. <\/p>\n<p><strong>Detalji o materijalu:<\/strong><\/p>\n<ul>\n<li>30 % termoplasti\u010dni poliuretan<\/li>\n<li>24 % Stiren-butadien guma<\/li>\n<li>5 % Kloropren guma<\/li>\n<li>1 % mjed<\/li>\n<li>30 % akrilna vlakna<\/li>\n<\/ul>\n","protected":false},"excerpt":{"rendered":"<p>\u0160titnici za tetive s otvorima za ventilaciju i kop\u010danjem na zakovice s elasti\u010dnim trakama. Podstavljeni mekanim teddy flisom za iznimnu<\/p>\n","protected":false},"featured_media":93791,"template":"","meta":{"footnotes":""},"product_brand":[],"product_cat":[5624,5898,5773],"product_tag":[],"class_list":{"0":"post-93789","1":"product","2":"type-product","3":"status-publish","4":"has-post-thumbnail","6":"product_cat-konj-hr","7":"product_cat-stitnici","8":"product_cat-zastitnici-i-bandaze","10":"first","11":"instock","12":"sale","13":"shipping-taxable","14":"purchasable","15":"product-type-variable"},"yoast_head":"<!-- This site is optimized with the Yoast SEO plugin v27.4 - https:\/\/yoast.com\/product\/yoast-seo-wordpress\/ -->\n<title>\u0160titnici Kavalkade Compete&#039;n wool - Clair<\/title>\n<meta name=\"description\" content=\"\u0160titnici za tetive s otvorima za ventilaciju i kop\u010danjem na zakovice s elasti\u010dnim trakama. Podstavljeni mekanim teddy flisom za iznimnu udobnost tijekom\" \/>\n<meta name=\"robots\" content=\"index, follow, max-snippet:-1, max-image-preview:large, max-video-preview:-1\" \/>\n<link rel=\"canonical\" href=\"https:\/\/clair.si\/hr\/izdelek\/stitnici-kavalkade-competen-wool\/\" \/>\n<meta property=\"og:locale\" content=\"hr_HR\" \/>\n<meta property=\"og:type\" content=\"article\" \/>\n<meta property=\"og:title\" content=\"\u0160titnici Kavalkade Compete&#039;n wool - Clair\" \/>\n<meta property=\"og:description\" content=\"\u0160titnici za tetive s otvorima za ventilaciju i kop\u010danjem na zakovice s elasti\u010dnim trakama. Podstavljeni mekanim teddy flisom za iznimnu udobnost tijekom\" \/>\n<meta property=\"og:url\" content=\"https:\/\/clair.si\/hr\/izdelek\/stitnici-kavalkade-competen-wool\/\" \/>\n<meta property=\"og:site_name\" content=\"Clair\" \/>\n<meta property=\"article:publisher\" content=\"https:\/\/www.facebook.com\/TrgovinaClair\/\" \/>\n<meta property=\"article:modified_time\" content=\"2025-08-28T05:41:40+00:00\" \/>\n<meta property=\"og:image\" content=\"https:\/\/clair.si\/wp-content\/uploads\/2024\/12\/Sscitniki_Competenwool_1.avif\" \/>\n\t<meta property=\"og:image:width\" content=\"800\" \/>\n\t<meta property=\"og:image:height\" content=\"800\" \/>\n\t<meta property=\"og:image:type\" content=\"image\/jpeg\" \/>\n<meta name=\"twitter:card\" content=\"summary_large_image\" \/>\n<meta name=\"twitter:label1\" content=\"Procijenjeno vrijeme \u010ditanja\" \/>\n\t<meta name=\"twitter:data1\" content=\"1 minuta\" \/>\n<script type=\"application\/ld+json\" class=\"yoast-schema-graph\">{\"@context\":\"https:\\\/\\\/schema.org\",\"@graph\":[{\"@type\":\"WebPage\",\"@id\":\"https:\\\/\\\/clair.si\\\/hr\\\/izdelek\\\/stitnici-kavalkade-competen-wool\\\/\",\"url\":\"https:\\\/\\\/clair.si\\\/hr\\\/izdelek\\\/stitnici-kavalkade-competen-wool\\\/\",\"name\":\"\u0160titnici Kavalkade Compete'n wool - Clair\",\"isPartOf\":{\"@id\":\"https:\\\/\\\/clair.si\\\/#website\"},\"primaryImageOfPage\":{\"@id\":\"https:\\\/\\\/clair.si\\\/hr\\\/izdelek\\\/stitnici-kavalkade-competen-wool\\\/#primaryimage\"},\"image\":{\"@id\":\"https:\\\/\\\/clair.si\\\/hr\\\/izdelek\\\/stitnici-kavalkade-competen-wool\\\/#primaryimage\"},\"thumbnailUrl\":\"https:\\\/\\\/clair.si\\\/wp-content\\\/uploads\\\/2024\\\/12\\\/Sscitniki_Competenwool_1.avif\",\"datePublished\":\"2024-12-05T10:32:17+00:00\",\"dateModified\":\"2025-08-28T05:41:40+00:00\",\"description\":\"\u0160titnici za tetive s otvorima za ventilaciju i kop\u010danjem na zakovice s elasti\u010dnim trakama. Podstavljeni mekanim teddy flisom za iznimnu udobnost tijekom\",\"breadcrumb\":{\"@id\":\"https:\\\/\\\/clair.si\\\/hr\\\/izdelek\\\/stitnici-kavalkade-competen-wool\\\/#breadcrumb\"},\"inLanguage\":\"hr\",\"potentialAction\":[{\"@type\":\"ReadAction\",\"target\":[\"https:\\\/\\\/clair.si\\\/hr\\\/izdelek\\\/stitnici-kavalkade-competen-wool\\\/\"]}]},{\"@type\":\"ImageObject\",\"inLanguage\":\"hr\",\"@id\":\"https:\\\/\\\/clair.si\\\/hr\\\/izdelek\\\/stitnici-kavalkade-competen-wool\\\/#primaryimage\",\"url\":\"https:\\\/\\\/clair.si\\\/wp-content\\\/uploads\\\/2024\\\/12\\\/Sscitniki_Competenwool_1.avif\",\"contentUrl\":\"https:\\\/\\\/clair.si\\\/wp-content\\\/uploads\\\/2024\\\/12\\\/Sscitniki_Competenwool_1.avif\",\"width\":800,\"height\":800},{\"@type\":\"BreadcrumbList\",\"@id\":\"https:\\\/\\\/clair.si\\\/hr\\\/izdelek\\\/stitnici-kavalkade-competen-wool\\\/#breadcrumb\",\"itemListElement\":[{\"@type\":\"ListItem\",\"position\":1,\"name\":\"Home\",\"item\":\"https:\\\/\\\/clair.si\\\/hr\\\/\"},{\"@type\":\"ListItem\",\"position\":2,\"name\":\"Trgovina\",\"item\":\"https:\\\/\\\/clair.si\\\/trgovina\\\/\"},{\"@type\":\"ListItem\",\"position\":3,\"name\":\"\u0160titnici Kavalkade Compete&#8217;n wool\"}]},{\"@type\":\"WebSite\",\"@id\":\"https:\\\/\\\/clair.si\\\/#website\",\"url\":\"https:\\\/\\\/clair.si\\\/\",\"name\":\"Clair\",\"description\":\"Trgovina s konjeni\u0161ko opremo\",\"publisher\":{\"@id\":\"https:\\\/\\\/clair.si\\\/#organization\"},\"potentialAction\":[{\"@type\":\"SearchAction\",\"target\":{\"@type\":\"EntryPoint\",\"urlTemplate\":\"https:\\\/\\\/clair.si\\\/?s={search_term_string}\"},\"query-input\":{\"@type\":\"PropertyValueSpecification\",\"valueRequired\":true,\"valueName\":\"search_term_string\"}}],\"inLanguage\":\"hr\"},{\"@type\":\"Organization\",\"@id\":\"https:\\\/\\\/clair.si\\\/#organization\",\"name\":\"Clair\",\"url\":\"https:\\\/\\\/clair.si\\\/\",\"logo\":{\"@type\":\"ImageObject\",\"inLanguage\":\"hr\",\"@id\":\"https:\\\/\\\/clair.si\\\/#\\\/schema\\\/logo\\\/image\\\/\",\"url\":\"https:\\\/\\\/clair.si\\\/wp-content\\\/uploads\\\/2022\\\/11\\\/clair_logo_2022.jpg\",\"contentUrl\":\"https:\\\/\\\/clair.si\\\/wp-content\\\/uploads\\\/2022\\\/11\\\/clair_logo_2022.jpg\",\"width\":1920,\"height\":1920,\"caption\":\"Clair\"},\"image\":{\"@id\":\"https:\\\/\\\/clair.si\\\/#\\\/schema\\\/logo\\\/image\\\/\"},\"sameAs\":[\"https:\\\/\\\/www.facebook.com\\\/TrgovinaClair\\\/\"]}]}<\/script>\n<!-- \/ Yoast SEO plugin. -->","yoast_head_json":{"title":"\u0160titnici Kavalkade Compete'n wool - Clair","description":"\u0160titnici za tetive s otvorima za ventilaciju i kop\u010danjem na zakovice s elasti\u010dnim trakama. Podstavljeni mekanim teddy flisom za iznimnu udobnost tijekom","robots":{"index":"index","follow":"follow","max-snippet":"max-snippet:-1","max-image-preview":"max-image-preview:large","max-video-preview":"max-video-preview:-1"},"canonical":"https:\/\/clair.si\/hr\/izdelek\/stitnici-kavalkade-competen-wool\/","og_locale":"hr_HR","og_type":"article","og_title":"\u0160titnici Kavalkade Compete'n wool - Clair","og_description":"\u0160titnici za tetive s otvorima za ventilaciju i kop\u010danjem na zakovice s elasti\u010dnim trakama. Podstavljeni mekanim teddy flisom za iznimnu udobnost tijekom","og_url":"https:\/\/clair.si\/hr\/izdelek\/stitnici-kavalkade-competen-wool\/","og_site_name":"Clair","article_publisher":"https:\/\/www.facebook.com\/TrgovinaClair\/","article_modified_time":"2025-08-28T05:41:40+00:00","og_image":[{"width":800,"height":800,"url":"https:\/\/clair.si\/wp-content\/uploads\/2024\/12\/Sscitniki_Competenwool_1.avif","type":"image\/jpeg"}],"twitter_card":"summary_large_image","twitter_misc":{"Procijenjeno vrijeme \u010ditanja":"1 minuta"},"schema":{"@context":"https:\/\/schema.org","@graph":[{"@type":"WebPage","@id":"https:\/\/clair.si\/hr\/izdelek\/stitnici-kavalkade-competen-wool\/","url":"https:\/\/clair.si\/hr\/izdelek\/stitnici-kavalkade-competen-wool\/","name":"\u0160titnici Kavalkade Compete'n wool - Clair","isPartOf":{"@id":"https:\/\/clair.si\/#website"},"primaryImageOfPage":{"@id":"https:\/\/clair.si\/hr\/izdelek\/stitnici-kavalkade-competen-wool\/#primaryimage"},"image":{"@id":"https:\/\/clair.si\/hr\/izdelek\/stitnici-kavalkade-competen-wool\/#primaryimage"},"thumbnailUrl":"https:\/\/clair.si\/wp-content\/uploads\/2024\/12\/Sscitniki_Competenwool_1.avif","datePublished":"2024-12-05T10:32:17+00:00","dateModified":"2025-08-28T05:41:40+00:00","description":"\u0160titnici za tetive s otvorima za ventilaciju i kop\u010danjem na zakovice s elasti\u010dnim trakama. Podstavljeni mekanim teddy flisom za iznimnu udobnost tijekom","breadcrumb":{"@id":"https:\/\/clair.si\/hr\/izdelek\/stitnici-kavalkade-competen-wool\/#breadcrumb"},"inLanguage":"hr","potentialAction":[{"@type":"ReadAction","target":["https:\/\/clair.si\/hr\/izdelek\/stitnici-kavalkade-competen-wool\/"]}]},{"@type":"ImageObject","inLanguage":"hr","@id":"https:\/\/clair.si\/hr\/izdelek\/stitnici-kavalkade-competen-wool\/#primaryimage","url":"https:\/\/clair.si\/wp-content\/uploads\/2024\/12\/Sscitniki_Competenwool_1.avif","contentUrl":"https:\/\/clair.si\/wp-content\/uploads\/2024\/12\/Sscitniki_Competenwool_1.avif","width":800,"height":800},{"@type":"BreadcrumbList","@id":"https:\/\/clair.si\/hr\/izdelek\/stitnici-kavalkade-competen-wool\/#breadcrumb","itemListElement":[{"@type":"ListItem","position":1,"name":"Home","item":"https:\/\/clair.si\/hr\/"},{"@type":"ListItem","position":2,"name":"Trgovina","item":"https:\/\/clair.si\/trgovina\/"},{"@type":"ListItem","position":3,"name":"\u0160titnici Kavalkade Compete&#8217;n wool"}]},{"@type":"WebSite","@id":"https:\/\/clair.si\/#website","url":"https:\/\/clair.si\/","name":"Clair","description":"Trgovina s konjeni\u0161ko opremo","publisher":{"@id":"https:\/\/clair.si\/#organization"},"potentialAction":[{"@type":"SearchAction","target":{"@type":"EntryPoint","urlTemplate":"https:\/\/clair.si\/?s={search_term_string}"},"query-input":{"@type":"PropertyValueSpecification","valueRequired":true,"valueName":"search_term_string"}}],"inLanguage":"hr"},{"@type":"Organization","@id":"https:\/\/clair.si\/#organization","name":"Clair","url":"https:\/\/clair.si\/","logo":{"@type":"ImageObject","inLanguage":"hr","@id":"https:\/\/clair.si\/#\/schema\/logo\/image\/","url":"https:\/\/clair.si\/wp-content\/uploads\/2022\/11\/clair_logo_2022.jpg","contentUrl":"https:\/\/clair.si\/wp-content\/uploads\/2022\/11\/clair_logo_2022.jpg","width":1920,"height":1920,"caption":"Clair"},"image":{"@id":"https:\/\/clair.si\/#\/schema\/logo\/image\/"},"sameAs":["https:\/\/www.facebook.com\/TrgovinaClair\/"]}]}},"_links":{"self":[{"href":"https:\/\/clair.si\/hr\/wp-json\/wp\/v2\/product\/93789","targetHints":{"allow":["GET"]}}],"collection":[{"href":"https:\/\/clair.si\/hr\/wp-json\/wp\/v2\/product"}],"about":[{"href":"https:\/\/clair.si\/hr\/wp-json\/wp\/v2\/types\/product"}],"version-history":[{"count":0,"href":"https:\/\/clair.si\/hr\/wp-json\/wp\/v2\/product\/93789\/revisions"}],"wp:featuredmedia":[{"embeddable":true,"href":"https:\/\/clair.si\/hr\/wp-json\/wp\/v2\/media\/93791"}],"wp:attachment":[{"href":"https:\/\/clair.si\/hr\/wp-json\/wp\/v2\/media?parent=93789"}],"wp:term":[{"taxonomy":"product_brand","embeddable":true,"href":"https:\/\/clair.si\/hr\/wp-json\/wp\/v2\/product_brand?post=93789"},{"taxonomy":"product_cat","embeddable":true,"href":"https:\/\/clair.si\/hr\/wp-json\/wp\/v2\/product_cat?post=93789"},{"taxonomy":"product_tag","embeddable":true,"href":"https:\/\/clair.si\/hr\/wp-json\/wp\/v2\/product_tag?post=93789"}],"curies":[{"name":"wp","href":"https:\/\/api.w.org\/{rel}","templated":true}]}}