{"id":93850,"date":"2024-11-20T12:26:32","date_gmt":"2024-11-20T11:26:32","guid":{"rendered":"https:\/\/clair.si\/izdelek\/sprej-za-dlaku-carr-day-martin-dreamcoat\/"},"modified":"2025-08-27T20:48:36","modified_gmt":"2025-08-27T18:48:36","slug":"sprej-za-dlaku-carr-day-martin-dreamcoat","status":"publish","type":"product","link":"https:\/\/clair.si\/hr\/izdelek\/sprej-za-dlaku-carr-day-martin-dreamcoat\/","title":{"rendered":"Sprej za dlaku Carr &amp; Day &amp; Martin Dreamcoat"},"content":{"rendered":"<div class=\"flex-shrink-0 flex flex-col relative items-end\">\n<div>\n<div class=\"pt-0\">\n<div class=\"gizmo-bot-avatar flex h-8 w-8 items-center justify-center overflow-hidden rounded-full\">\n<h2 class=\"relative p-1 rounded-sm flex items-center justify-center bg-token-main-surface-primary text-token-text-primary h-8 w-8\"><strong>Sprej za dlaku Carr &amp; Day &amp; Martin Dreamcoat<\/strong><\/h2>\n<\/div>\n<\/div>\n<\/div>\n<\/div>\n<div class=\"group\/conversation-turn relative flex w-full min-w-0 flex-col agent-turn\">\n<div class=\"flex-col gap-1 md:gap-3\">\n<div class=\"flex max-w-full flex-col flex-grow\">\n<div class=\"min-h-8 text-message flex w-full flex-col items-end gap-2 whitespace-normal break-words [.text-message+&amp;]:mt-5\" dir=\"auto\" data-message-author-role=\"assistant\" data-message-id=\"a392bd8c-c789-4d53-8f36-c5d1b36acd12\" data-message-model-slug=\"gpt-4o\">\n<div class=\"flex w-full flex-col gap-1 empty:hidden first:pt-[3px]\">\n<div class=\"markdown prose w-full break-words dark:prose-invert light\">\n<p><strong>Sprej za dlaku Carr &amp; Day &amp; Martin Dreamcoat<\/strong> je vrhunski proizvod za njegu konjske dlake, koji osigurava besprijekoran sjaj i glatko\u0107u, bez masnih ostataka. Namijenjen je konjima svih boja dlake, jer iznimno nagla\u0161ava prirodnu boju i sjaj. Dreamcoat je idealan dodatak za pripremu konja za natjecanja ili za svakodnevnu njegu, kada \u017eelite da va\u0161 konj izgleda vrhunski ure\u0111en.  <\/p>\n<h3>Klju\u010dne zna\u010dajke:<\/h3>\n<ul>\n<li><strong>Intenzivan sjaj:<\/strong> Sprej osigurava visoki sjaj, koji osigurava besprijekoran izgled konjske dlake.<\/li>\n<li><strong>Nemasna formula:<\/strong> Ne ostavlja masne ili ljepljive ostatke, stoga dlaka ostaje lagana i prirodna.<\/li>\n<li><strong>Nagla\u0161avanje prirodne boje:<\/strong> Poseban sastav proizvoda omogu\u0107uje da dlaka o\u010duva svoj prirodni izgled i ujedno zasja.<\/li>\n<li><strong>Olak\u0161ava \u010de\u0161ljanje:<\/strong> Dreamcoat smanjuje zapetljavanje i omogu\u0107uje jednostavno ra\u0161\u010de\u0161ljavanje grive i repa.<\/li>\n<li><strong>Primjeren za uporabu na cijelom tijelu:<\/strong> Sigurnost i u\u010dinkovitost su zajam\u010deni, jer sprej ne iritira ko\u017eu i nje\u017ean je i prema osjetljivim konjima.<\/li>\n<\/ul>\n<h3>Upute za upotrebu:<\/h3>\n<ol>\n<li>Prije uporabe proizvod dobro protresite.<\/li>\n<li>Nanesite ravnomjerno po \u010distoj dlaci, grivi i repu.<\/li>\n<li>Po \u017eelji dlaku nje\u017eno istrljajte ili pustite da se osu\u0161i na zraku.<\/li>\n<li>Za najbolje rezultate upotrijebite nakon \u010di\u0161\u0107enja i \u0161amponiranja.<\/li>\n<\/ol>\n<h3>Za\u0161to odabrati Carr &amp; Day &amp; Martin?<\/h3>\n<p>Kao jedno od najstarijih i najpriznatijih imena u njezi konja, Carr &amp; Day &amp; Martin ve\u0107 vi\u0161e od 250 godina osigurava vrhunske proizvode. Dreamcoat nije iznimka \u2013 zdru\u017euje tradiciju i inovaciju, kako bi va\u0161em konju omogu\u0107io najbolju njegu i savr\u0161en izgled. <\/p>\n<p>Izaberite <strong>Sprej za dlaku Carr &amp; Day &amp; Martin Dreamcoat<\/strong>, ako \u017eelite posti\u0107i sjajnu, zdravu i njegovanu dlaku, koja \u0107e privu\u0107i poglede gdje god se pojavi va\u0161 konj. \ud83c\udf1f<\/p>\n<p><strong>Koli\u010dina<\/strong>: 500 ml<\/p>\n<\/div>\n<\/div>\n<\/div>\n<\/div>\n<\/div>\n<\/div>\n","protected":false},"excerpt":{"rendered":"<ul>\n<li>odli\u010dan za pletenje grive<\/li>\n<li>dlaci daje sjaj i nagla\u0161ava konjeve mi\u0161i\u0107e<\/li>\n<\/ul>\n","protected":false},"featured_media":93855,"template":"","meta":{"footnotes":""},"product_brand":[],"product_cat":[5624,5677,5675,5625,5777,5627],"product_tag":[],"class_list":{"0":"post-93850","1":"product","2":"type-product","3":"status-publish","4":"has-post-thumbnail","6":"product_cat-konj-hr","7":"product_cat-kozmetika-za-konje-hr-2","8":"product_cat-kozmetika-za-konje-hr","9":"product_cat-njega-konja","10":"product_cat-sjaj-dlake-i-grive","11":"product_cat-stala-i-pasnjak","13":"first","14":"instock","15":"shipping-taxable","16":"purchasable","17":"product-type-simple"},"yoast_head":"<!-- This site is optimized with the Yoast SEO plugin v27.3 - https:\/\/yoast.com\/product\/yoast-seo-wordpress\/ -->\n<title>Sprej za dlaku Carr &amp; Day &amp; Martin Dreamcoat - Clair<\/title>\n<meta name=\"description\" content=\"odli\u010dan za pletenje grive  dlaci daje sjaj i nagla\u0161ava konjeve mi\u0161i\u0107e\" \/>\n<meta name=\"robots\" content=\"index, follow, max-snippet:-1, max-image-preview:large, max-video-preview:-1\" \/>\n<link rel=\"canonical\" href=\"https:\/\/clair.si\/hr\/izdelek\/sprej-za-dlaku-carr-day-martin-dreamcoat\/\" \/>\n<meta property=\"og:locale\" content=\"hr_HR\" \/>\n<meta property=\"og:type\" content=\"article\" \/>\n<meta property=\"og:title\" content=\"Sprej za dlaku Carr &amp; Day &amp; Martin Dreamcoat - Clair\" \/>\n<meta property=\"og:description\" content=\"odli\u010dan za pletenje grive  dlaci daje sjaj i nagla\u0161ava konjeve mi\u0161i\u0107e\" \/>\n<meta property=\"og:url\" content=\"https:\/\/clair.si\/hr\/izdelek\/sprej-za-dlaku-carr-day-martin-dreamcoat\/\" \/>\n<meta property=\"og:site_name\" content=\"Clair\" \/>\n<meta property=\"article:publisher\" content=\"https:\/\/www.facebook.com\/TrgovinaClair\/\" \/>\n<meta property=\"article:modified_time\" content=\"2025-08-27T18:48:36+00:00\" \/>\n<meta property=\"og:image\" content=\"https:\/\/clair.si\/wp-content\/uploads\/2024\/11\/Dream-Coat-Clair.avif\" \/>\n\t<meta property=\"og:image:width\" content=\"458\" \/>\n\t<meta property=\"og:image:height\" content=\"458\" \/>\n\t<meta property=\"og:image:type\" content=\"image\/jpeg\" \/>\n<meta name=\"twitter:card\" content=\"summary_large_image\" \/>\n<meta name=\"twitter:label1\" content=\"Procijenjeno vrijeme \u010ditanja\" \/>\n\t<meta name=\"twitter:data1\" content=\"2 minute\" \/>\n<script type=\"application\/ld+json\" class=\"yoast-schema-graph\">{\"@context\":\"https:\\\/\\\/schema.org\",\"@graph\":[{\"@type\":\"WebPage\",\"@id\":\"https:\\\/\\\/clair.si\\\/hr\\\/izdelek\\\/sprej-za-dlaku-carr-day-martin-dreamcoat\\\/\",\"url\":\"https:\\\/\\\/clair.si\\\/hr\\\/izdelek\\\/sprej-za-dlaku-carr-day-martin-dreamcoat\\\/\",\"name\":\"Sprej za dlaku Carr &amp; Day &amp; Martin Dreamcoat - Clair\",\"isPartOf\":{\"@id\":\"https:\\\/\\\/clair.si\\\/#website\"},\"primaryImageOfPage\":{\"@id\":\"https:\\\/\\\/clair.si\\\/hr\\\/izdelek\\\/sprej-za-dlaku-carr-day-martin-dreamcoat\\\/#primaryimage\"},\"image\":{\"@id\":\"https:\\\/\\\/clair.si\\\/hr\\\/izdelek\\\/sprej-za-dlaku-carr-day-martin-dreamcoat\\\/#primaryimage\"},\"thumbnailUrl\":\"https:\\\/\\\/clair.si\\\/wp-content\\\/uploads\\\/2024\\\/11\\\/Dream-Coat-Clair.avif\",\"datePublished\":\"2024-11-20T11:26:32+00:00\",\"dateModified\":\"2025-08-27T18:48:36+00:00\",\"description\":\"odli\u010dan za pletenje grive dlaci daje sjaj i nagla\u0161ava konjeve mi\u0161i\u0107e\",\"breadcrumb\":{\"@id\":\"https:\\\/\\\/clair.si\\\/hr\\\/izdelek\\\/sprej-za-dlaku-carr-day-martin-dreamcoat\\\/#breadcrumb\"},\"inLanguage\":\"hr\",\"potentialAction\":[{\"@type\":\"ReadAction\",\"target\":[\"https:\\\/\\\/clair.si\\\/hr\\\/izdelek\\\/sprej-za-dlaku-carr-day-martin-dreamcoat\\\/\"]}]},{\"@type\":\"ImageObject\",\"inLanguage\":\"hr\",\"@id\":\"https:\\\/\\\/clair.si\\\/hr\\\/izdelek\\\/sprej-za-dlaku-carr-day-martin-dreamcoat\\\/#primaryimage\",\"url\":\"https:\\\/\\\/clair.si\\\/wp-content\\\/uploads\\\/2024\\\/11\\\/Dream-Coat-Clair.avif\",\"contentUrl\":\"https:\\\/\\\/clair.si\\\/wp-content\\\/uploads\\\/2024\\\/11\\\/Dream-Coat-Clair.avif\",\"width\":458,\"height\":458},{\"@type\":\"BreadcrumbList\",\"@id\":\"https:\\\/\\\/clair.si\\\/hr\\\/izdelek\\\/sprej-za-dlaku-carr-day-martin-dreamcoat\\\/#breadcrumb\",\"itemListElement\":[{\"@type\":\"ListItem\",\"position\":1,\"name\":\"Home\",\"item\":\"https:\\\/\\\/clair.si\\\/hr\\\/\"},{\"@type\":\"ListItem\",\"position\":2,\"name\":\"Trgovina\",\"item\":\"https:\\\/\\\/clair.si\\\/trgovina\\\/\"},{\"@type\":\"ListItem\",\"position\":3,\"name\":\"Sprej za dlaku Carr &amp; Day &amp; Martin Dreamcoat\"}]},{\"@type\":\"WebSite\",\"@id\":\"https:\\\/\\\/clair.si\\\/#website\",\"url\":\"https:\\\/\\\/clair.si\\\/\",\"name\":\"Clair\",\"description\":\"Trgovina s konjeni\u0161ko opremo\",\"publisher\":{\"@id\":\"https:\\\/\\\/clair.si\\\/#organization\"},\"potentialAction\":[{\"@type\":\"SearchAction\",\"target\":{\"@type\":\"EntryPoint\",\"urlTemplate\":\"https:\\\/\\\/clair.si\\\/?s={search_term_string}\"},\"query-input\":{\"@type\":\"PropertyValueSpecification\",\"valueRequired\":true,\"valueName\":\"search_term_string\"}}],\"inLanguage\":\"hr\"},{\"@type\":\"Organization\",\"@id\":\"https:\\\/\\\/clair.si\\\/#organization\",\"name\":\"Clair\",\"url\":\"https:\\\/\\\/clair.si\\\/\",\"logo\":{\"@type\":\"ImageObject\",\"inLanguage\":\"hr\",\"@id\":\"https:\\\/\\\/clair.si\\\/#\\\/schema\\\/logo\\\/image\\\/\",\"url\":\"https:\\\/\\\/clair.si\\\/wp-content\\\/uploads\\\/2022\\\/11\\\/clair_logo_2022.jpg\",\"contentUrl\":\"https:\\\/\\\/clair.si\\\/wp-content\\\/uploads\\\/2022\\\/11\\\/clair_logo_2022.jpg\",\"width\":1920,\"height\":1920,\"caption\":\"Clair\"},\"image\":{\"@id\":\"https:\\\/\\\/clair.si\\\/#\\\/schema\\\/logo\\\/image\\\/\"},\"sameAs\":[\"https:\\\/\\\/www.facebook.com\\\/TrgovinaClair\\\/\"]}]}<\/script>\n<!-- \/ Yoast SEO plugin. -->","yoast_head_json":{"title":"Sprej za dlaku Carr &amp; Day &amp; Martin Dreamcoat - Clair","description":"odli\u010dan za pletenje grive  dlaci daje sjaj i nagla\u0161ava konjeve mi\u0161i\u0107e","robots":{"index":"index","follow":"follow","max-snippet":"max-snippet:-1","max-image-preview":"max-image-preview:large","max-video-preview":"max-video-preview:-1"},"canonical":"https:\/\/clair.si\/hr\/izdelek\/sprej-za-dlaku-carr-day-martin-dreamcoat\/","og_locale":"hr_HR","og_type":"article","og_title":"Sprej za dlaku Carr &amp; Day &amp; Martin Dreamcoat - Clair","og_description":"odli\u010dan za pletenje grive  dlaci daje sjaj i nagla\u0161ava konjeve mi\u0161i\u0107e","og_url":"https:\/\/clair.si\/hr\/izdelek\/sprej-za-dlaku-carr-day-martin-dreamcoat\/","og_site_name":"Clair","article_publisher":"https:\/\/www.facebook.com\/TrgovinaClair\/","article_modified_time":"2025-08-27T18:48:36+00:00","og_image":[{"width":458,"height":458,"url":"https:\/\/clair.si\/wp-content\/uploads\/2024\/11\/Dream-Coat-Clair.avif","type":"image\/jpeg"}],"twitter_card":"summary_large_image","twitter_misc":{"Procijenjeno vrijeme \u010ditanja":"2 minute"},"schema":{"@context":"https:\/\/schema.org","@graph":[{"@type":"WebPage","@id":"https:\/\/clair.si\/hr\/izdelek\/sprej-za-dlaku-carr-day-martin-dreamcoat\/","url":"https:\/\/clair.si\/hr\/izdelek\/sprej-za-dlaku-carr-day-martin-dreamcoat\/","name":"Sprej za dlaku Carr &amp; Day &amp; Martin Dreamcoat - Clair","isPartOf":{"@id":"https:\/\/clair.si\/#website"},"primaryImageOfPage":{"@id":"https:\/\/clair.si\/hr\/izdelek\/sprej-za-dlaku-carr-day-martin-dreamcoat\/#primaryimage"},"image":{"@id":"https:\/\/clair.si\/hr\/izdelek\/sprej-za-dlaku-carr-day-martin-dreamcoat\/#primaryimage"},"thumbnailUrl":"https:\/\/clair.si\/wp-content\/uploads\/2024\/11\/Dream-Coat-Clair.avif","datePublished":"2024-11-20T11:26:32+00:00","dateModified":"2025-08-27T18:48:36+00:00","description":"odli\u010dan za pletenje grive dlaci daje sjaj i nagla\u0161ava konjeve mi\u0161i\u0107e","breadcrumb":{"@id":"https:\/\/clair.si\/hr\/izdelek\/sprej-za-dlaku-carr-day-martin-dreamcoat\/#breadcrumb"},"inLanguage":"hr","potentialAction":[{"@type":"ReadAction","target":["https:\/\/clair.si\/hr\/izdelek\/sprej-za-dlaku-carr-day-martin-dreamcoat\/"]}]},{"@type":"ImageObject","inLanguage":"hr","@id":"https:\/\/clair.si\/hr\/izdelek\/sprej-za-dlaku-carr-day-martin-dreamcoat\/#primaryimage","url":"https:\/\/clair.si\/wp-content\/uploads\/2024\/11\/Dream-Coat-Clair.avif","contentUrl":"https:\/\/clair.si\/wp-content\/uploads\/2024\/11\/Dream-Coat-Clair.avif","width":458,"height":458},{"@type":"BreadcrumbList","@id":"https:\/\/clair.si\/hr\/izdelek\/sprej-za-dlaku-carr-day-martin-dreamcoat\/#breadcrumb","itemListElement":[{"@type":"ListItem","position":1,"name":"Home","item":"https:\/\/clair.si\/hr\/"},{"@type":"ListItem","position":2,"name":"Trgovina","item":"https:\/\/clair.si\/trgovina\/"},{"@type":"ListItem","position":3,"name":"Sprej za dlaku Carr &amp; Day &amp; Martin Dreamcoat"}]},{"@type":"WebSite","@id":"https:\/\/clair.si\/#website","url":"https:\/\/clair.si\/","name":"Clair","description":"Trgovina s konjeni\u0161ko opremo","publisher":{"@id":"https:\/\/clair.si\/#organization"},"potentialAction":[{"@type":"SearchAction","target":{"@type":"EntryPoint","urlTemplate":"https:\/\/clair.si\/?s={search_term_string}"},"query-input":{"@type":"PropertyValueSpecification","valueRequired":true,"valueName":"search_term_string"}}],"inLanguage":"hr"},{"@type":"Organization","@id":"https:\/\/clair.si\/#organization","name":"Clair","url":"https:\/\/clair.si\/","logo":{"@type":"ImageObject","inLanguage":"hr","@id":"https:\/\/clair.si\/#\/schema\/logo\/image\/","url":"https:\/\/clair.si\/wp-content\/uploads\/2022\/11\/clair_logo_2022.jpg","contentUrl":"https:\/\/clair.si\/wp-content\/uploads\/2022\/11\/clair_logo_2022.jpg","width":1920,"height":1920,"caption":"Clair"},"image":{"@id":"https:\/\/clair.si\/#\/schema\/logo\/image\/"},"sameAs":["https:\/\/www.facebook.com\/TrgovinaClair\/"]}]}},"_links":{"self":[{"href":"https:\/\/clair.si\/hr\/wp-json\/wp\/v2\/product\/93850","targetHints":{"allow":["GET"]}}],"collection":[{"href":"https:\/\/clair.si\/hr\/wp-json\/wp\/v2\/product"}],"about":[{"href":"https:\/\/clair.si\/hr\/wp-json\/wp\/v2\/types\/product"}],"version-history":[{"count":0,"href":"https:\/\/clair.si\/hr\/wp-json\/wp\/v2\/product\/93850\/revisions"}],"wp:featuredmedia":[{"embeddable":true,"href":"https:\/\/clair.si\/hr\/wp-json\/wp\/v2\/media\/93855"}],"wp:attachment":[{"href":"https:\/\/clair.si\/hr\/wp-json\/wp\/v2\/media?parent=93850"}],"wp:term":[{"taxonomy":"product_brand","embeddable":true,"href":"https:\/\/clair.si\/hr\/wp-json\/wp\/v2\/product_brand?post=93850"},{"taxonomy":"product_cat","embeddable":true,"href":"https:\/\/clair.si\/hr\/wp-json\/wp\/v2\/product_cat?post=93850"},{"taxonomy":"product_tag","embeddable":true,"href":"https:\/\/clair.si\/hr\/wp-json\/wp\/v2\/product_tag?post=93850"}],"curies":[{"name":"wp","href":"https:\/\/api.w.org\/{rel}","templated":true}]}}