{"id":93870,"date":"2024-11-14T15:51:46","date_gmt":"2024-11-14T14:51:46","guid":{"rendered":"https:\/\/clair.si\/izdelek\/keksi-speed-delicious-carrot\/"},"modified":"2025-12-07T16:18:20","modified_gmt":"2025-12-07T15:18:20","slug":"keksi-speed-delicious-carrot","status":"publish","type":"product","link":"https:\/\/clair.si\/hr\/izdelek\/keksi-speed-delicious-carrot\/","title":{"rendered":"Keksi Speed Delicious Carrot"},"content":{"rendered":"<p>Keksi Speed Delicious Carrot \u2013 ukusni keksi za konje s prirodnim okusom mrkve, osmi\u0161ljeni za zdravu nagradu va\u0161em konju! 100% prirodni keksi sadr\u017ee mrkvu, koja je bogata vitaminima A, C i E te va\u017enim vlaknima, koja podr\u017eavaju probavu i pridonose boljem blagostanju va\u0161eg konja. Bez umjetnih bojila, konzervansa i sladila!  <\/p>\n<p>Mrkva je popularna poslastica me\u0111u konjima, jer ima nje\u017ean, slatkast okus, koji obo\u017eavaju svi konji \u2013 od mladih do starijih. Keksi za konje su odli\u010dni za nagradu tijekom treninga, igre ili kao dio uravnote\u017eene prehrane. Pakiranje od 5 kg osigurava dovoljnu zalihu za dugotrajnu upotrebu, a istovremeno omogu\u0107uje da keksi ostanu svje\u017ei. Izaberite Speed Delicious Carrot i priu\u0161tite svom konju hranjivu, prirodnu poslasticu sa slasnim okusom mrkve, koja poti\u010de zdravlje i veselje u svakom zalogaju!   <\/p>\n<p><strong>Sastav<\/strong>: p\u0161eni\u010dne mekinje, ljuskice zobi, je\u010dam, kalcijev karbonat, kukuruz, melasa \u0161e\u0107erne trske, 2,8 % tropa mrkve, prah cikle i 0,1 % su\u0161ene mrkve<\/p>\n","protected":false},"excerpt":{"rendered":"<ul>\n<li>keksi s okusom mrkve<\/li>\n<li>pakirano 5 kg ili 1 kg<\/li>\n<\/ul>\n","protected":false},"featured_media":93873,"template":"","meta":{"footnotes":""},"product_brand":[],"product_cat":[5782,5710,5712],"product_tag":[],"class_list":{"0":"post-93870","1":"product","2":"type-product","3":"status-publish","4":"has-post-thumbnail","6":"product_cat-kolacici-i-kamenje-soli","7":"product_cat-hrana-za-konje-hr","8":"product_cat-prehrambeni-dodaci","10":"first","11":"instock","12":"shipping-taxable","13":"purchasable","14":"product-type-variable"},"yoast_head":"<!-- This site is optimized with the Yoast SEO plugin v27.4 - https:\/\/yoast.com\/product\/yoast-seo-wordpress\/ -->\n<title>Keksi Speed Delicious Carrot - Clair<\/title>\n<meta name=\"description\" content=\"keksi s okusom mrkve  pakirano 5 kg ili 1 kg\" \/>\n<meta name=\"robots\" content=\"index, follow, max-snippet:-1, max-image-preview:large, max-video-preview:-1\" \/>\n<link rel=\"canonical\" href=\"https:\/\/clair.si\/hr\/izdelek\/keksi-speed-delicious-carrot\/\" \/>\n<meta property=\"og:locale\" content=\"hr_HR\" \/>\n<meta property=\"og:type\" content=\"article\" \/>\n<meta property=\"og:title\" content=\"Keksi Speed Delicious Carrot - Clair\" \/>\n<meta property=\"og:description\" content=\"keksi s okusom mrkve  pakirano 5 kg ili 1 kg\" \/>\n<meta property=\"og:url\" content=\"https:\/\/clair.si\/hr\/izdelek\/keksi-speed-delicious-carrot\/\" \/>\n<meta property=\"og:site_name\" content=\"Clair\" \/>\n<meta property=\"article:publisher\" content=\"https:\/\/www.facebook.com\/TrgovinaClair\/\" \/>\n<meta property=\"article:modified_time\" content=\"2025-12-07T15:18:20+00:00\" \/>\n<meta property=\"og:image\" content=\"https:\/\/clair.si\/wp-content\/uploads\/2024\/11\/Untitled-design-7-png.avif\" \/>\n\t<meta property=\"og:image:width\" content=\"500\" \/>\n\t<meta property=\"og:image:height\" content=\"500\" \/>\n\t<meta property=\"og:image:type\" content=\"image\/png\" \/>\n<meta name=\"twitter:card\" content=\"summary_large_image\" \/>\n<meta name=\"twitter:label1\" content=\"Procijenjeno vrijeme \u010ditanja\" \/>\n\t<meta name=\"twitter:data1\" content=\"1 minuta\" \/>\n<script type=\"application\/ld+json\" class=\"yoast-schema-graph\">{\"@context\":\"https:\\\/\\\/schema.org\",\"@graph\":[{\"@type\":\"WebPage\",\"@id\":\"https:\\\/\\\/clair.si\\\/hr\\\/izdelek\\\/keksi-speed-delicious-carrot\\\/\",\"url\":\"https:\\\/\\\/clair.si\\\/hr\\\/izdelek\\\/keksi-speed-delicious-carrot\\\/\",\"name\":\"Keksi Speed Delicious Carrot - Clair\",\"isPartOf\":{\"@id\":\"https:\\\/\\\/clair.si\\\/#website\"},\"primaryImageOfPage\":{\"@id\":\"https:\\\/\\\/clair.si\\\/hr\\\/izdelek\\\/keksi-speed-delicious-carrot\\\/#primaryimage\"},\"image\":{\"@id\":\"https:\\\/\\\/clair.si\\\/hr\\\/izdelek\\\/keksi-speed-delicious-carrot\\\/#primaryimage\"},\"thumbnailUrl\":\"https:\\\/\\\/clair.si\\\/wp-content\\\/uploads\\\/2024\\\/11\\\/Untitled-design-7-png.avif\",\"datePublished\":\"2024-11-14T14:51:46+00:00\",\"dateModified\":\"2025-12-07T15:18:20+00:00\",\"description\":\"keksi s okusom mrkve pakirano 5 kg ili 1 kg\",\"breadcrumb\":{\"@id\":\"https:\\\/\\\/clair.si\\\/hr\\\/izdelek\\\/keksi-speed-delicious-carrot\\\/#breadcrumb\"},\"inLanguage\":\"hr\",\"potentialAction\":[{\"@type\":\"ReadAction\",\"target\":[\"https:\\\/\\\/clair.si\\\/hr\\\/izdelek\\\/keksi-speed-delicious-carrot\\\/\"]}]},{\"@type\":\"ImageObject\",\"inLanguage\":\"hr\",\"@id\":\"https:\\\/\\\/clair.si\\\/hr\\\/izdelek\\\/keksi-speed-delicious-carrot\\\/#primaryimage\",\"url\":\"https:\\\/\\\/clair.si\\\/wp-content\\\/uploads\\\/2024\\\/11\\\/Untitled-design-7-png.avif\",\"contentUrl\":\"https:\\\/\\\/clair.si\\\/wp-content\\\/uploads\\\/2024\\\/11\\\/Untitled-design-7-png.avif\",\"width\":500,\"height\":500},{\"@type\":\"BreadcrumbList\",\"@id\":\"https:\\\/\\\/clair.si\\\/hr\\\/izdelek\\\/keksi-speed-delicious-carrot\\\/#breadcrumb\",\"itemListElement\":[{\"@type\":\"ListItem\",\"position\":1,\"name\":\"Home\",\"item\":\"https:\\\/\\\/clair.si\\\/hr\\\/\"},{\"@type\":\"ListItem\",\"position\":2,\"name\":\"Trgovina\",\"item\":\"https:\\\/\\\/clair.si\\\/trgovina\\\/\"},{\"@type\":\"ListItem\",\"position\":3,\"name\":\"Keksi Speed Delicious Carrot\"}]},{\"@type\":\"WebSite\",\"@id\":\"https:\\\/\\\/clair.si\\\/#website\",\"url\":\"https:\\\/\\\/clair.si\\\/\",\"name\":\"Clair\",\"description\":\"Trgovina s konjeni\u0161ko opremo\",\"publisher\":{\"@id\":\"https:\\\/\\\/clair.si\\\/#organization\"},\"potentialAction\":[{\"@type\":\"SearchAction\",\"target\":{\"@type\":\"EntryPoint\",\"urlTemplate\":\"https:\\\/\\\/clair.si\\\/?s={search_term_string}\"},\"query-input\":{\"@type\":\"PropertyValueSpecification\",\"valueRequired\":true,\"valueName\":\"search_term_string\"}}],\"inLanguage\":\"hr\"},{\"@type\":\"Organization\",\"@id\":\"https:\\\/\\\/clair.si\\\/#organization\",\"name\":\"Clair\",\"url\":\"https:\\\/\\\/clair.si\\\/\",\"logo\":{\"@type\":\"ImageObject\",\"inLanguage\":\"hr\",\"@id\":\"https:\\\/\\\/clair.si\\\/#\\\/schema\\\/logo\\\/image\\\/\",\"url\":\"https:\\\/\\\/clair.si\\\/wp-content\\\/uploads\\\/2022\\\/11\\\/clair_logo_2022.jpg\",\"contentUrl\":\"https:\\\/\\\/clair.si\\\/wp-content\\\/uploads\\\/2022\\\/11\\\/clair_logo_2022.jpg\",\"width\":1920,\"height\":1920,\"caption\":\"Clair\"},\"image\":{\"@id\":\"https:\\\/\\\/clair.si\\\/#\\\/schema\\\/logo\\\/image\\\/\"},\"sameAs\":[\"https:\\\/\\\/www.facebook.com\\\/TrgovinaClair\\\/\"]}]}<\/script>\n<!-- \/ Yoast SEO plugin. -->","yoast_head_json":{"title":"Keksi Speed Delicious Carrot - Clair","description":"keksi s okusom mrkve  pakirano 5 kg ili 1 kg","robots":{"index":"index","follow":"follow","max-snippet":"max-snippet:-1","max-image-preview":"max-image-preview:large","max-video-preview":"max-video-preview:-1"},"canonical":"https:\/\/clair.si\/hr\/izdelek\/keksi-speed-delicious-carrot\/","og_locale":"hr_HR","og_type":"article","og_title":"Keksi Speed Delicious Carrot - Clair","og_description":"keksi s okusom mrkve  pakirano 5 kg ili 1 kg","og_url":"https:\/\/clair.si\/hr\/izdelek\/keksi-speed-delicious-carrot\/","og_site_name":"Clair","article_publisher":"https:\/\/www.facebook.com\/TrgovinaClair\/","article_modified_time":"2025-12-07T15:18:20+00:00","og_image":[{"width":500,"height":500,"url":"https:\/\/clair.si\/wp-content\/uploads\/2024\/11\/Untitled-design-7-png.avif","type":"image\/png"}],"twitter_card":"summary_large_image","twitter_misc":{"Procijenjeno vrijeme \u010ditanja":"1 minuta"},"schema":{"@context":"https:\/\/schema.org","@graph":[{"@type":"WebPage","@id":"https:\/\/clair.si\/hr\/izdelek\/keksi-speed-delicious-carrot\/","url":"https:\/\/clair.si\/hr\/izdelek\/keksi-speed-delicious-carrot\/","name":"Keksi Speed Delicious Carrot - Clair","isPartOf":{"@id":"https:\/\/clair.si\/#website"},"primaryImageOfPage":{"@id":"https:\/\/clair.si\/hr\/izdelek\/keksi-speed-delicious-carrot\/#primaryimage"},"image":{"@id":"https:\/\/clair.si\/hr\/izdelek\/keksi-speed-delicious-carrot\/#primaryimage"},"thumbnailUrl":"https:\/\/clair.si\/wp-content\/uploads\/2024\/11\/Untitled-design-7-png.avif","datePublished":"2024-11-14T14:51:46+00:00","dateModified":"2025-12-07T15:18:20+00:00","description":"keksi s okusom mrkve pakirano 5 kg ili 1 kg","breadcrumb":{"@id":"https:\/\/clair.si\/hr\/izdelek\/keksi-speed-delicious-carrot\/#breadcrumb"},"inLanguage":"hr","potentialAction":[{"@type":"ReadAction","target":["https:\/\/clair.si\/hr\/izdelek\/keksi-speed-delicious-carrot\/"]}]},{"@type":"ImageObject","inLanguage":"hr","@id":"https:\/\/clair.si\/hr\/izdelek\/keksi-speed-delicious-carrot\/#primaryimage","url":"https:\/\/clair.si\/wp-content\/uploads\/2024\/11\/Untitled-design-7-png.avif","contentUrl":"https:\/\/clair.si\/wp-content\/uploads\/2024\/11\/Untitled-design-7-png.avif","width":500,"height":500},{"@type":"BreadcrumbList","@id":"https:\/\/clair.si\/hr\/izdelek\/keksi-speed-delicious-carrot\/#breadcrumb","itemListElement":[{"@type":"ListItem","position":1,"name":"Home","item":"https:\/\/clair.si\/hr\/"},{"@type":"ListItem","position":2,"name":"Trgovina","item":"https:\/\/clair.si\/trgovina\/"},{"@type":"ListItem","position":3,"name":"Keksi Speed Delicious Carrot"}]},{"@type":"WebSite","@id":"https:\/\/clair.si\/#website","url":"https:\/\/clair.si\/","name":"Clair","description":"Trgovina s konjeni\u0161ko opremo","publisher":{"@id":"https:\/\/clair.si\/#organization"},"potentialAction":[{"@type":"SearchAction","target":{"@type":"EntryPoint","urlTemplate":"https:\/\/clair.si\/?s={search_term_string}"},"query-input":{"@type":"PropertyValueSpecification","valueRequired":true,"valueName":"search_term_string"}}],"inLanguage":"hr"},{"@type":"Organization","@id":"https:\/\/clair.si\/#organization","name":"Clair","url":"https:\/\/clair.si\/","logo":{"@type":"ImageObject","inLanguage":"hr","@id":"https:\/\/clair.si\/#\/schema\/logo\/image\/","url":"https:\/\/clair.si\/wp-content\/uploads\/2022\/11\/clair_logo_2022.jpg","contentUrl":"https:\/\/clair.si\/wp-content\/uploads\/2022\/11\/clair_logo_2022.jpg","width":1920,"height":1920,"caption":"Clair"},"image":{"@id":"https:\/\/clair.si\/#\/schema\/logo\/image\/"},"sameAs":["https:\/\/www.facebook.com\/TrgovinaClair\/"]}]}},"_links":{"self":[{"href":"https:\/\/clair.si\/hr\/wp-json\/wp\/v2\/product\/93870","targetHints":{"allow":["GET"]}}],"collection":[{"href":"https:\/\/clair.si\/hr\/wp-json\/wp\/v2\/product"}],"about":[{"href":"https:\/\/clair.si\/hr\/wp-json\/wp\/v2\/types\/product"}],"version-history":[{"count":0,"href":"https:\/\/clair.si\/hr\/wp-json\/wp\/v2\/product\/93870\/revisions"}],"wp:featuredmedia":[{"embeddable":true,"href":"https:\/\/clair.si\/hr\/wp-json\/wp\/v2\/media\/93873"}],"wp:attachment":[{"href":"https:\/\/clair.si\/hr\/wp-json\/wp\/v2\/media?parent=93870"}],"wp:term":[{"taxonomy":"product_brand","embeddable":true,"href":"https:\/\/clair.si\/hr\/wp-json\/wp\/v2\/product_brand?post=93870"},{"taxonomy":"product_cat","embeddable":true,"href":"https:\/\/clair.si\/hr\/wp-json\/wp\/v2\/product_cat?post=93870"},{"taxonomy":"product_tag","embeddable":true,"href":"https:\/\/clair.si\/hr\/wp-json\/wp\/v2\/product_tag?post=93870"}],"curies":[{"name":"wp","href":"https:\/\/api.w.org\/{rel}","templated":true}]}}