{"id":93885,"date":"2024-11-14T16:25:01","date_gmt":"2024-11-14T15:25:01","guid":{"rendered":"https:\/\/clair.si\/izdelek\/keksi-speed-delicious-eucalyptus\/"},"modified":"2025-08-27T15:33:40","modified_gmt":"2025-08-27T13:33:40","slug":"keksi-speed-delicious-eucalyptus","status":"publish","type":"product","link":"https:\/\/clair.si\/hr\/izdelek\/keksi-speed-delicious-eucalyptus\/","title":{"rendered":"Keksi Speed Delicious Eukaliptus"},"content":{"rendered":"<p>Keksi Speed Delicious Eukaliptus \u2013 jedinstveni <em>keksi za konje<\/em> s osvje\u017eavaju\u0107im okusom eukaliptusa za potporu di\u0161nim putevima va\u0161eg konja! Prirodne poslastice su izra\u0111ene bez umjetnih dodataka, konzervansa ili sladila, \u0161to ih \u010dini odli\u010dnim izborom za konje svih dobi. Eukaliptus je poznat po svojim blagotvornim svojstvima za di\u0161ne puteve te kao prirodan izvor vitamina i antioksidansa, koji podupiru op\u0107e zdravlje i vitalnost.  <\/p>\n<p>Speed Delicious Eukaliptus keksi za konje nisu samo ukusni, ve\u0107 i korisni \u2013 idealni za upotrebu kao nagrada pri treningu ili opu\u0161tenim trenucima s konjem. Prakti\u010dno pakiranje od 5 kg omogu\u0107uje dugotrajnu svje\u017einu i jednostavno pohranjivanje, stoga su keksi uvijek pri ruci, kada \u017eelite konju ponuditi ne\u0161to posebno. Priu\u0161tite svojem konju osvje\u017eavaju\u0107i i zdrav me\u0111uobrok s Speed Delicious Eukaliptus keksima \u2013 savr\u0161en na\u010din za dodatnu brigu i razmazivanje va\u0161eg ljubimca!&#8221;  <\/p>\n<p>Sastav: zobene mekinje, p\u0161eni\u010dne mekinje, kalcijev karbonat, je\u010dam, melasa \u0161e\u0107erne trske, kukuruz, aroma eukaliptusa<\/p>\n","protected":false},"excerpt":{"rendered":"<ul>\n<li>keksi s okusom eukaliptusa<\/li>\n<li>pakirani po 5kg i 1kg<\/li>\n<\/ul>\n","protected":false},"featured_media":93890,"template":"","meta":{"footnotes":""},"product_brand":[],"product_cat":[5782,5710,5712],"product_tag":[],"class_list":{"0":"post-93885","1":"product","2":"type-product","3":"status-publish","4":"has-post-thumbnail","6":"product_cat-kolacici-i-kamenje-soli","7":"product_cat-hrana-za-konje-hr","8":"product_cat-prehrambeni-dodaci","10":"first","11":"instock","12":"shipping-taxable","13":"purchasable","14":"product-type-variable"},"yoast_head":"<!-- This site is optimized with the Yoast SEO plugin v27.3 - https:\/\/yoast.com\/product\/yoast-seo-wordpress\/ -->\n<title>Keksi Speed Delicious Eukaliptus - Clair<\/title>\n<meta name=\"description\" content=\"keksi s okusom eukaliptusa  pakirani po 5kg i 1kg\" \/>\n<meta name=\"robots\" content=\"index, follow, max-snippet:-1, max-image-preview:large, max-video-preview:-1\" \/>\n<link rel=\"canonical\" href=\"https:\/\/clair.si\/hr\/izdelek\/keksi-speed-delicious-eucalyptus\/\" \/>\n<meta property=\"og:locale\" content=\"hr_HR\" \/>\n<meta property=\"og:type\" content=\"article\" \/>\n<meta property=\"og:title\" content=\"Keksi Speed Delicious Eukaliptus - Clair\" \/>\n<meta property=\"og:description\" content=\"keksi s okusom eukaliptusa  pakirani po 5kg i 1kg\" \/>\n<meta property=\"og:url\" content=\"https:\/\/clair.si\/hr\/izdelek\/keksi-speed-delicious-eucalyptus\/\" \/>\n<meta property=\"og:site_name\" content=\"Clair\" \/>\n<meta property=\"article:publisher\" content=\"https:\/\/www.facebook.com\/TrgovinaClair\/\" \/>\n<meta property=\"article:modified_time\" content=\"2025-08-27T13:33:40+00:00\" \/>\n<meta property=\"og:image\" content=\"https:\/\/clair.si\/wp-content\/uploads\/2024\/11\/Untitled-design-8-png.avif\" \/>\n\t<meta property=\"og:image:width\" content=\"500\" \/>\n\t<meta property=\"og:image:height\" content=\"500\" \/>\n\t<meta property=\"og:image:type\" content=\"image\/png\" \/>\n<meta name=\"twitter:card\" content=\"summary_large_image\" \/>\n<meta name=\"twitter:label1\" content=\"Procijenjeno vrijeme \u010ditanja\" \/>\n\t<meta name=\"twitter:data1\" content=\"1 minuta\" \/>\n<script type=\"application\/ld+json\" class=\"yoast-schema-graph\">{\"@context\":\"https:\\\/\\\/schema.org\",\"@graph\":[{\"@type\":\"WebPage\",\"@id\":\"https:\\\/\\\/clair.si\\\/hr\\\/izdelek\\\/keksi-speed-delicious-eucalyptus\\\/\",\"url\":\"https:\\\/\\\/clair.si\\\/hr\\\/izdelek\\\/keksi-speed-delicious-eucalyptus\\\/\",\"name\":\"Keksi Speed Delicious Eukaliptus - Clair\",\"isPartOf\":{\"@id\":\"https:\\\/\\\/clair.si\\\/#website\"},\"primaryImageOfPage\":{\"@id\":\"https:\\\/\\\/clair.si\\\/hr\\\/izdelek\\\/keksi-speed-delicious-eucalyptus\\\/#primaryimage\"},\"image\":{\"@id\":\"https:\\\/\\\/clair.si\\\/hr\\\/izdelek\\\/keksi-speed-delicious-eucalyptus\\\/#primaryimage\"},\"thumbnailUrl\":\"https:\\\/\\\/clair.si\\\/wp-content\\\/uploads\\\/2024\\\/11\\\/Untitled-design-8-png.avif\",\"datePublished\":\"2024-11-14T15:25:01+00:00\",\"dateModified\":\"2025-08-27T13:33:40+00:00\",\"description\":\"keksi s okusom eukaliptusa pakirani po 5kg i 1kg\",\"breadcrumb\":{\"@id\":\"https:\\\/\\\/clair.si\\\/hr\\\/izdelek\\\/keksi-speed-delicious-eucalyptus\\\/#breadcrumb\"},\"inLanguage\":\"hr\",\"potentialAction\":[{\"@type\":\"ReadAction\",\"target\":[\"https:\\\/\\\/clair.si\\\/hr\\\/izdelek\\\/keksi-speed-delicious-eucalyptus\\\/\"]}]},{\"@type\":\"ImageObject\",\"inLanguage\":\"hr\",\"@id\":\"https:\\\/\\\/clair.si\\\/hr\\\/izdelek\\\/keksi-speed-delicious-eucalyptus\\\/#primaryimage\",\"url\":\"https:\\\/\\\/clair.si\\\/wp-content\\\/uploads\\\/2024\\\/11\\\/Untitled-design-8-png.avif\",\"contentUrl\":\"https:\\\/\\\/clair.si\\\/wp-content\\\/uploads\\\/2024\\\/11\\\/Untitled-design-8-png.avif\",\"width\":500,\"height\":500},{\"@type\":\"BreadcrumbList\",\"@id\":\"https:\\\/\\\/clair.si\\\/hr\\\/izdelek\\\/keksi-speed-delicious-eucalyptus\\\/#breadcrumb\",\"itemListElement\":[{\"@type\":\"ListItem\",\"position\":1,\"name\":\"Home\",\"item\":\"https:\\\/\\\/clair.si\\\/hr\\\/\"},{\"@type\":\"ListItem\",\"position\":2,\"name\":\"Trgovina\",\"item\":\"https:\\\/\\\/clair.si\\\/trgovina\\\/\"},{\"@type\":\"ListItem\",\"position\":3,\"name\":\"Keksi Speed Delicious Eukaliptus\"}]},{\"@type\":\"WebSite\",\"@id\":\"https:\\\/\\\/clair.si\\\/#website\",\"url\":\"https:\\\/\\\/clair.si\\\/\",\"name\":\"Clair\",\"description\":\"Trgovina s konjeni\u0161ko opremo\",\"publisher\":{\"@id\":\"https:\\\/\\\/clair.si\\\/#organization\"},\"potentialAction\":[{\"@type\":\"SearchAction\",\"target\":{\"@type\":\"EntryPoint\",\"urlTemplate\":\"https:\\\/\\\/clair.si\\\/?s={search_term_string}\"},\"query-input\":{\"@type\":\"PropertyValueSpecification\",\"valueRequired\":true,\"valueName\":\"search_term_string\"}}],\"inLanguage\":\"hr\"},{\"@type\":\"Organization\",\"@id\":\"https:\\\/\\\/clair.si\\\/#organization\",\"name\":\"Clair\",\"url\":\"https:\\\/\\\/clair.si\\\/\",\"logo\":{\"@type\":\"ImageObject\",\"inLanguage\":\"hr\",\"@id\":\"https:\\\/\\\/clair.si\\\/#\\\/schema\\\/logo\\\/image\\\/\",\"url\":\"https:\\\/\\\/clair.si\\\/wp-content\\\/uploads\\\/2022\\\/11\\\/clair_logo_2022.jpg\",\"contentUrl\":\"https:\\\/\\\/clair.si\\\/wp-content\\\/uploads\\\/2022\\\/11\\\/clair_logo_2022.jpg\",\"width\":1920,\"height\":1920,\"caption\":\"Clair\"},\"image\":{\"@id\":\"https:\\\/\\\/clair.si\\\/#\\\/schema\\\/logo\\\/image\\\/\"},\"sameAs\":[\"https:\\\/\\\/www.facebook.com\\\/TrgovinaClair\\\/\"]}]}<\/script>\n<!-- \/ Yoast SEO plugin. -->","yoast_head_json":{"title":"Keksi Speed Delicious Eukaliptus - Clair","description":"keksi s okusom eukaliptusa  pakirani po 5kg i 1kg","robots":{"index":"index","follow":"follow","max-snippet":"max-snippet:-1","max-image-preview":"max-image-preview:large","max-video-preview":"max-video-preview:-1"},"canonical":"https:\/\/clair.si\/hr\/izdelek\/keksi-speed-delicious-eucalyptus\/","og_locale":"hr_HR","og_type":"article","og_title":"Keksi Speed Delicious Eukaliptus - Clair","og_description":"keksi s okusom eukaliptusa  pakirani po 5kg i 1kg","og_url":"https:\/\/clair.si\/hr\/izdelek\/keksi-speed-delicious-eucalyptus\/","og_site_name":"Clair","article_publisher":"https:\/\/www.facebook.com\/TrgovinaClair\/","article_modified_time":"2025-08-27T13:33:40+00:00","og_image":[{"width":500,"height":500,"url":"https:\/\/clair.si\/wp-content\/uploads\/2024\/11\/Untitled-design-8-png.avif","type":"image\/png"}],"twitter_card":"summary_large_image","twitter_misc":{"Procijenjeno vrijeme \u010ditanja":"1 minuta"},"schema":{"@context":"https:\/\/schema.org","@graph":[{"@type":"WebPage","@id":"https:\/\/clair.si\/hr\/izdelek\/keksi-speed-delicious-eucalyptus\/","url":"https:\/\/clair.si\/hr\/izdelek\/keksi-speed-delicious-eucalyptus\/","name":"Keksi Speed Delicious Eukaliptus - Clair","isPartOf":{"@id":"https:\/\/clair.si\/#website"},"primaryImageOfPage":{"@id":"https:\/\/clair.si\/hr\/izdelek\/keksi-speed-delicious-eucalyptus\/#primaryimage"},"image":{"@id":"https:\/\/clair.si\/hr\/izdelek\/keksi-speed-delicious-eucalyptus\/#primaryimage"},"thumbnailUrl":"https:\/\/clair.si\/wp-content\/uploads\/2024\/11\/Untitled-design-8-png.avif","datePublished":"2024-11-14T15:25:01+00:00","dateModified":"2025-08-27T13:33:40+00:00","description":"keksi s okusom eukaliptusa pakirani po 5kg i 1kg","breadcrumb":{"@id":"https:\/\/clair.si\/hr\/izdelek\/keksi-speed-delicious-eucalyptus\/#breadcrumb"},"inLanguage":"hr","potentialAction":[{"@type":"ReadAction","target":["https:\/\/clair.si\/hr\/izdelek\/keksi-speed-delicious-eucalyptus\/"]}]},{"@type":"ImageObject","inLanguage":"hr","@id":"https:\/\/clair.si\/hr\/izdelek\/keksi-speed-delicious-eucalyptus\/#primaryimage","url":"https:\/\/clair.si\/wp-content\/uploads\/2024\/11\/Untitled-design-8-png.avif","contentUrl":"https:\/\/clair.si\/wp-content\/uploads\/2024\/11\/Untitled-design-8-png.avif","width":500,"height":500},{"@type":"BreadcrumbList","@id":"https:\/\/clair.si\/hr\/izdelek\/keksi-speed-delicious-eucalyptus\/#breadcrumb","itemListElement":[{"@type":"ListItem","position":1,"name":"Home","item":"https:\/\/clair.si\/hr\/"},{"@type":"ListItem","position":2,"name":"Trgovina","item":"https:\/\/clair.si\/trgovina\/"},{"@type":"ListItem","position":3,"name":"Keksi Speed Delicious Eukaliptus"}]},{"@type":"WebSite","@id":"https:\/\/clair.si\/#website","url":"https:\/\/clair.si\/","name":"Clair","description":"Trgovina s konjeni\u0161ko opremo","publisher":{"@id":"https:\/\/clair.si\/#organization"},"potentialAction":[{"@type":"SearchAction","target":{"@type":"EntryPoint","urlTemplate":"https:\/\/clair.si\/?s={search_term_string}"},"query-input":{"@type":"PropertyValueSpecification","valueRequired":true,"valueName":"search_term_string"}}],"inLanguage":"hr"},{"@type":"Organization","@id":"https:\/\/clair.si\/#organization","name":"Clair","url":"https:\/\/clair.si\/","logo":{"@type":"ImageObject","inLanguage":"hr","@id":"https:\/\/clair.si\/#\/schema\/logo\/image\/","url":"https:\/\/clair.si\/wp-content\/uploads\/2022\/11\/clair_logo_2022.jpg","contentUrl":"https:\/\/clair.si\/wp-content\/uploads\/2022\/11\/clair_logo_2022.jpg","width":1920,"height":1920,"caption":"Clair"},"image":{"@id":"https:\/\/clair.si\/#\/schema\/logo\/image\/"},"sameAs":["https:\/\/www.facebook.com\/TrgovinaClair\/"]}]}},"_links":{"self":[{"href":"https:\/\/clair.si\/hr\/wp-json\/wp\/v2\/product\/93885","targetHints":{"allow":["GET"]}}],"collection":[{"href":"https:\/\/clair.si\/hr\/wp-json\/wp\/v2\/product"}],"about":[{"href":"https:\/\/clair.si\/hr\/wp-json\/wp\/v2\/types\/product"}],"version-history":[{"count":0,"href":"https:\/\/clair.si\/hr\/wp-json\/wp\/v2\/product\/93885\/revisions"}],"wp:featuredmedia":[{"embeddable":true,"href":"https:\/\/clair.si\/hr\/wp-json\/wp\/v2\/media\/93890"}],"wp:attachment":[{"href":"https:\/\/clair.si\/hr\/wp-json\/wp\/v2\/media?parent=93885"}],"wp:term":[{"taxonomy":"product_brand","embeddable":true,"href":"https:\/\/clair.si\/hr\/wp-json\/wp\/v2\/product_brand?post=93885"},{"taxonomy":"product_cat","embeddable":true,"href":"https:\/\/clair.si\/hr\/wp-json\/wp\/v2\/product_cat?post=93885"},{"taxonomy":"product_tag","embeddable":true,"href":"https:\/\/clair.si\/hr\/wp-json\/wp\/v2\/product_tag?post=93885"}],"curies":[{"name":"wp","href":"https:\/\/api.w.org\/{rel}","templated":true}]}}