{"id":93894,"date":"2024-11-15T13:51:12","date_gmt":"2024-11-15T12:51:12","guid":{"rendered":"https:\/\/clair.si\/izdelek\/keksi-speed-delicious-strawberry\/"},"modified":"2025-08-27T15:33:44","modified_gmt":"2025-08-27T13:33:44","slug":"keksi-speed-delicious-strawberry","status":"publish","type":"product","link":"https:\/\/clair.si\/hr\/izdelek\/keksi-speed-delicious-strawberry\/","title":{"rendered":"Keksi Speed Delicious Strawberry"},"content":{"rendered":"<p>Razmazite svojeg konja s keksima Speed Delicious Strawberry \u2013 savr\u0161ena poslastica koja kombinira prirodne sastojke i okus so\u010dnih jagoda! Ovi hranjivi i ukusni keksi dizajnirani su posebno za konje koji zaslu\u017euju najbolje. Odli\u010dni su kao nagrada tijekom treninga, kao motivacija ili jednostavno kao na\u010din da poka\u017eete svojem konju koliko vam zna\u010di.  <\/p>\n<p>Izra\u0111eni su od kvalitetnih, pa\u017eljivo odabranih sastojaka bez umjetnih dodataka, \u0161to osigurava sigurno i zdravo u\u017eivanje. Prakti\u010dno pakiranje omogu\u0107uje jednostavno pohranjivanje i preno\u0161enje, tako da ih uvijek mo\u017eete imati pri ruci \u2013 na terenu, u \u0161tali ili na natjecanju. <\/p>\n<p>Podarite svojem konju nezaboravan trenutak slatkog u\u017eitka s keksima Speed Delicious Strawberry \u2013 omiljeni izbor skrbnika koji tra\u017ee kvalitetu i okus u jednom!<\/p>\n<p><strong>Sastav<\/strong>: p\u0161eni\u010dne mekinje, ovsene ljuskaste mekinje, je\u010dam, kukuruz, kalcijev karbonat, melasa od \u0161e\u0107erne trske, prah od crvene repe, 0,1 % koncentrat jagoda.<\/p>\n","protected":false},"excerpt":{"rendered":"<ul>\n<li>poslastice s okusom jagode<\/li>\n<li>pakirano po 1 kg ili 5 kg<\/li>\n<\/ul>\n","protected":false},"featured_media":93895,"template":"","meta":{"footnotes":""},"product_brand":[],"product_cat":[5782,5710,5712],"product_tag":[],"class_list":{"0":"post-93894","1":"product","2":"type-product","3":"status-publish","4":"has-post-thumbnail","6":"product_cat-kolacici-i-kamenje-soli","7":"product_cat-hrana-za-konje-hr","8":"product_cat-prehrambeni-dodaci","10":"first","11":"instock","12":"shipping-taxable","13":"purchasable","14":"product-type-variable"},"yoast_head":"<!-- This site is optimized with the Yoast SEO plugin v27.3 - https:\/\/yoast.com\/product\/yoast-seo-wordpress\/ -->\n<title>Keksi Speed Delicious Strawberry - Clair<\/title>\n<meta name=\"description\" content=\"poslastice s okusom jagode  pakirano po 1 kg ili 5 kg\" \/>\n<meta name=\"robots\" content=\"index, follow, max-snippet:-1, max-image-preview:large, max-video-preview:-1\" \/>\n<link rel=\"canonical\" href=\"https:\/\/clair.si\/hr\/izdelek\/keksi-speed-delicious-strawberry\/\" \/>\n<meta property=\"og:locale\" content=\"hr_HR\" \/>\n<meta property=\"og:type\" content=\"article\" \/>\n<meta property=\"og:title\" content=\"Keksi Speed Delicious Strawberry - Clair\" \/>\n<meta property=\"og:description\" content=\"poslastice s okusom jagode  pakirano po 1 kg ili 5 kg\" \/>\n<meta property=\"og:url\" content=\"https:\/\/clair.si\/hr\/izdelek\/keksi-speed-delicious-strawberry\/\" \/>\n<meta property=\"og:site_name\" content=\"Clair\" \/>\n<meta property=\"article:publisher\" content=\"https:\/\/www.facebook.com\/TrgovinaClair\/\" \/>\n<meta property=\"article:modified_time\" content=\"2025-08-27T13:33:44+00:00\" \/>\n<meta property=\"og:image\" content=\"https:\/\/clair.si\/wp-content\/uploads\/2024\/11\/Untitled-design-10-png.avif\" \/>\n\t<meta property=\"og:image:width\" content=\"500\" \/>\n\t<meta property=\"og:image:height\" content=\"500\" \/>\n\t<meta property=\"og:image:type\" content=\"image\/png\" \/>\n<meta name=\"twitter:card\" content=\"summary_large_image\" \/>\n<meta name=\"twitter:label1\" content=\"Procijenjeno vrijeme \u010ditanja\" \/>\n\t<meta name=\"twitter:data1\" content=\"1 minuta\" \/>\n<script type=\"application\/ld+json\" class=\"yoast-schema-graph\">{\"@context\":\"https:\\\/\\\/schema.org\",\"@graph\":[{\"@type\":\"WebPage\",\"@id\":\"https:\\\/\\\/clair.si\\\/hr\\\/izdelek\\\/keksi-speed-delicious-strawberry\\\/\",\"url\":\"https:\\\/\\\/clair.si\\\/hr\\\/izdelek\\\/keksi-speed-delicious-strawberry\\\/\",\"name\":\"Keksi Speed Delicious Strawberry - Clair\",\"isPartOf\":{\"@id\":\"https:\\\/\\\/clair.si\\\/#website\"},\"primaryImageOfPage\":{\"@id\":\"https:\\\/\\\/clair.si\\\/hr\\\/izdelek\\\/keksi-speed-delicious-strawberry\\\/#primaryimage\"},\"image\":{\"@id\":\"https:\\\/\\\/clair.si\\\/hr\\\/izdelek\\\/keksi-speed-delicious-strawberry\\\/#primaryimage\"},\"thumbnailUrl\":\"https:\\\/\\\/clair.si\\\/wp-content\\\/uploads\\\/2024\\\/11\\\/Untitled-design-10-png.avif\",\"datePublished\":\"2024-11-15T12:51:12+00:00\",\"dateModified\":\"2025-08-27T13:33:44+00:00\",\"description\":\"poslastice s okusom jagode pakirano po 1 kg ili 5 kg\",\"breadcrumb\":{\"@id\":\"https:\\\/\\\/clair.si\\\/hr\\\/izdelek\\\/keksi-speed-delicious-strawberry\\\/#breadcrumb\"},\"inLanguage\":\"hr\",\"potentialAction\":[{\"@type\":\"ReadAction\",\"target\":[\"https:\\\/\\\/clair.si\\\/hr\\\/izdelek\\\/keksi-speed-delicious-strawberry\\\/\"]}]},{\"@type\":\"ImageObject\",\"inLanguage\":\"hr\",\"@id\":\"https:\\\/\\\/clair.si\\\/hr\\\/izdelek\\\/keksi-speed-delicious-strawberry\\\/#primaryimage\",\"url\":\"https:\\\/\\\/clair.si\\\/wp-content\\\/uploads\\\/2024\\\/11\\\/Untitled-design-10-png.avif\",\"contentUrl\":\"https:\\\/\\\/clair.si\\\/wp-content\\\/uploads\\\/2024\\\/11\\\/Untitled-design-10-png.avif\",\"width\":500,\"height\":500},{\"@type\":\"BreadcrumbList\",\"@id\":\"https:\\\/\\\/clair.si\\\/hr\\\/izdelek\\\/keksi-speed-delicious-strawberry\\\/#breadcrumb\",\"itemListElement\":[{\"@type\":\"ListItem\",\"position\":1,\"name\":\"Home\",\"item\":\"https:\\\/\\\/clair.si\\\/hr\\\/\"},{\"@type\":\"ListItem\",\"position\":2,\"name\":\"Trgovina\",\"item\":\"https:\\\/\\\/clair.si\\\/trgovina\\\/\"},{\"@type\":\"ListItem\",\"position\":3,\"name\":\"Keksi Speed Delicious Strawberry\"}]},{\"@type\":\"WebSite\",\"@id\":\"https:\\\/\\\/clair.si\\\/#website\",\"url\":\"https:\\\/\\\/clair.si\\\/\",\"name\":\"Clair\",\"description\":\"Trgovina s konjeni\u0161ko opremo\",\"publisher\":{\"@id\":\"https:\\\/\\\/clair.si\\\/#organization\"},\"potentialAction\":[{\"@type\":\"SearchAction\",\"target\":{\"@type\":\"EntryPoint\",\"urlTemplate\":\"https:\\\/\\\/clair.si\\\/?s={search_term_string}\"},\"query-input\":{\"@type\":\"PropertyValueSpecification\",\"valueRequired\":true,\"valueName\":\"search_term_string\"}}],\"inLanguage\":\"hr\"},{\"@type\":\"Organization\",\"@id\":\"https:\\\/\\\/clair.si\\\/#organization\",\"name\":\"Clair\",\"url\":\"https:\\\/\\\/clair.si\\\/\",\"logo\":{\"@type\":\"ImageObject\",\"inLanguage\":\"hr\",\"@id\":\"https:\\\/\\\/clair.si\\\/#\\\/schema\\\/logo\\\/image\\\/\",\"url\":\"https:\\\/\\\/clair.si\\\/wp-content\\\/uploads\\\/2022\\\/11\\\/clair_logo_2022.jpg\",\"contentUrl\":\"https:\\\/\\\/clair.si\\\/wp-content\\\/uploads\\\/2022\\\/11\\\/clair_logo_2022.jpg\",\"width\":1920,\"height\":1920,\"caption\":\"Clair\"},\"image\":{\"@id\":\"https:\\\/\\\/clair.si\\\/#\\\/schema\\\/logo\\\/image\\\/\"},\"sameAs\":[\"https:\\\/\\\/www.facebook.com\\\/TrgovinaClair\\\/\"]}]}<\/script>\n<!-- \/ Yoast SEO plugin. -->","yoast_head_json":{"title":"Keksi Speed Delicious Strawberry - Clair","description":"poslastice s okusom jagode  pakirano po 1 kg ili 5 kg","robots":{"index":"index","follow":"follow","max-snippet":"max-snippet:-1","max-image-preview":"max-image-preview:large","max-video-preview":"max-video-preview:-1"},"canonical":"https:\/\/clair.si\/hr\/izdelek\/keksi-speed-delicious-strawberry\/","og_locale":"hr_HR","og_type":"article","og_title":"Keksi Speed Delicious Strawberry - Clair","og_description":"poslastice s okusom jagode  pakirano po 1 kg ili 5 kg","og_url":"https:\/\/clair.si\/hr\/izdelek\/keksi-speed-delicious-strawberry\/","og_site_name":"Clair","article_publisher":"https:\/\/www.facebook.com\/TrgovinaClair\/","article_modified_time":"2025-08-27T13:33:44+00:00","og_image":[{"width":500,"height":500,"url":"https:\/\/clair.si\/wp-content\/uploads\/2024\/11\/Untitled-design-10-png.avif","type":"image\/png"}],"twitter_card":"summary_large_image","twitter_misc":{"Procijenjeno vrijeme \u010ditanja":"1 minuta"},"schema":{"@context":"https:\/\/schema.org","@graph":[{"@type":"WebPage","@id":"https:\/\/clair.si\/hr\/izdelek\/keksi-speed-delicious-strawberry\/","url":"https:\/\/clair.si\/hr\/izdelek\/keksi-speed-delicious-strawberry\/","name":"Keksi Speed Delicious Strawberry - Clair","isPartOf":{"@id":"https:\/\/clair.si\/#website"},"primaryImageOfPage":{"@id":"https:\/\/clair.si\/hr\/izdelek\/keksi-speed-delicious-strawberry\/#primaryimage"},"image":{"@id":"https:\/\/clair.si\/hr\/izdelek\/keksi-speed-delicious-strawberry\/#primaryimage"},"thumbnailUrl":"https:\/\/clair.si\/wp-content\/uploads\/2024\/11\/Untitled-design-10-png.avif","datePublished":"2024-11-15T12:51:12+00:00","dateModified":"2025-08-27T13:33:44+00:00","description":"poslastice s okusom jagode pakirano po 1 kg ili 5 kg","breadcrumb":{"@id":"https:\/\/clair.si\/hr\/izdelek\/keksi-speed-delicious-strawberry\/#breadcrumb"},"inLanguage":"hr","potentialAction":[{"@type":"ReadAction","target":["https:\/\/clair.si\/hr\/izdelek\/keksi-speed-delicious-strawberry\/"]}]},{"@type":"ImageObject","inLanguage":"hr","@id":"https:\/\/clair.si\/hr\/izdelek\/keksi-speed-delicious-strawberry\/#primaryimage","url":"https:\/\/clair.si\/wp-content\/uploads\/2024\/11\/Untitled-design-10-png.avif","contentUrl":"https:\/\/clair.si\/wp-content\/uploads\/2024\/11\/Untitled-design-10-png.avif","width":500,"height":500},{"@type":"BreadcrumbList","@id":"https:\/\/clair.si\/hr\/izdelek\/keksi-speed-delicious-strawberry\/#breadcrumb","itemListElement":[{"@type":"ListItem","position":1,"name":"Home","item":"https:\/\/clair.si\/hr\/"},{"@type":"ListItem","position":2,"name":"Trgovina","item":"https:\/\/clair.si\/trgovina\/"},{"@type":"ListItem","position":3,"name":"Keksi Speed Delicious Strawberry"}]},{"@type":"WebSite","@id":"https:\/\/clair.si\/#website","url":"https:\/\/clair.si\/","name":"Clair","description":"Trgovina s konjeni\u0161ko opremo","publisher":{"@id":"https:\/\/clair.si\/#organization"},"potentialAction":[{"@type":"SearchAction","target":{"@type":"EntryPoint","urlTemplate":"https:\/\/clair.si\/?s={search_term_string}"},"query-input":{"@type":"PropertyValueSpecification","valueRequired":true,"valueName":"search_term_string"}}],"inLanguage":"hr"},{"@type":"Organization","@id":"https:\/\/clair.si\/#organization","name":"Clair","url":"https:\/\/clair.si\/","logo":{"@type":"ImageObject","inLanguage":"hr","@id":"https:\/\/clair.si\/#\/schema\/logo\/image\/","url":"https:\/\/clair.si\/wp-content\/uploads\/2022\/11\/clair_logo_2022.jpg","contentUrl":"https:\/\/clair.si\/wp-content\/uploads\/2022\/11\/clair_logo_2022.jpg","width":1920,"height":1920,"caption":"Clair"},"image":{"@id":"https:\/\/clair.si\/#\/schema\/logo\/image\/"},"sameAs":["https:\/\/www.facebook.com\/TrgovinaClair\/"]}]}},"_links":{"self":[{"href":"https:\/\/clair.si\/hr\/wp-json\/wp\/v2\/product\/93894","targetHints":{"allow":["GET"]}}],"collection":[{"href":"https:\/\/clair.si\/hr\/wp-json\/wp\/v2\/product"}],"about":[{"href":"https:\/\/clair.si\/hr\/wp-json\/wp\/v2\/types\/product"}],"version-history":[{"count":0,"href":"https:\/\/clair.si\/hr\/wp-json\/wp\/v2\/product\/93894\/revisions"}],"wp:featuredmedia":[{"embeddable":true,"href":"https:\/\/clair.si\/hr\/wp-json\/wp\/v2\/media\/93895"}],"wp:attachment":[{"href":"https:\/\/clair.si\/hr\/wp-json\/wp\/v2\/media?parent=93894"}],"wp:term":[{"taxonomy":"product_brand","embeddable":true,"href":"https:\/\/clair.si\/hr\/wp-json\/wp\/v2\/product_brand?post=93894"},{"taxonomy":"product_cat","embeddable":true,"href":"https:\/\/clair.si\/hr\/wp-json\/wp\/v2\/product_cat?post=93894"},{"taxonomy":"product_tag","embeddable":true,"href":"https:\/\/clair.si\/hr\/wp-json\/wp\/v2\/product_tag?post=93894"}],"curies":[{"name":"wp","href":"https:\/\/api.w.org\/{rel}","templated":true}]}}