{"id":93899,"date":"2024-11-14T13:55:29","date_gmt":"2024-11-14T12:55:29","guid":{"rendered":"https:\/\/clair.si\/izdelek\/keksi-speed-delicious-apple\/"},"modified":"2025-08-27T15:33:35","modified_gmt":"2025-08-27T13:33:35","slug":"keksi-speed-delicious-apple","status":"publish","type":"product","link":"https:\/\/clair.si\/hr\/izdelek\/keksi-speed-delicious-apple\/","title":{"rendered":"Keksi Speed Delicious Apple"},"content":{"rendered":"<p style=\"text-align: left\">Keksi Speed Delicious Apple su prirodni <em>keksi za konje<\/em> s okusom \u010distog jabuka, dizajnirani za zdravlje i vitalnost va\u0161eg konja! 100% prirodni keksi od jabuke bez dodanih umjetnih tvari predstavljaju idealnu poslasticu za konje svih dobi. Izra\u0111eni su od svje\u017eih, pa\u017eljivo odabranih jabuka, \u0161to osigurava bogat okus i prirodne hranjive tvari. Svaki zalogaj sadr\u017ei vlakna, vitamine i minerale koji podupiru probavu, ja\u010daju imunolo\u0161ki sustav i pridonose cjelokupnom zdravlju i energiji va\u0161eg konja.   <\/p>\n<p style=\"text-align: left\">Keksi za konje su savr\u0161en izbor za nagra\u0111ivanje tijekom treninga ili kao oboga\u0107ivanje svakodnevne prehrane. Bez umjetnih bojila, sladila ili konzervansa \u2013 samo \u010dista priroda u obliku slasnih i hranjivih grickalica, koji su prikladno pakirani u pakiranju od 5 kg, da ostanu svje\u017ei i spremni za uporabu kad god. Odaberite kekse za konje Speed Delicious Apple i priu\u0161tite svom konji\u0107u vrhunsku poslasticu s okusom prirode!  <\/p>\n<p><strong>Sastav<\/strong>: jabu\u010dna komina (93,95 %), jabu\u010dna melasa, timijan, su\u0161eni komadi\u0107i jabuka (0,1 %).<\/p>\n","protected":false},"excerpt":{"rendered":"<ul>\n<li>keksi s okusom jabuke<\/li>\n<li>pakiranje 1 kg ili 5 kg<\/li>\n<\/ul>\n","protected":false},"featured_media":93904,"template":"","meta":{"footnotes":""},"product_brand":[],"product_cat":[5782,5710,5712],"product_tag":[],"class_list":{"0":"post-93899","1":"product","2":"type-product","3":"status-publish","4":"has-post-thumbnail","6":"product_cat-kolacici-i-kamenje-soli","7":"product_cat-hrana-za-konje-hr","8":"product_cat-prehrambeni-dodaci","10":"first","11":"instock","12":"shipping-taxable","13":"purchasable","14":"product-type-variable"},"yoast_head":"<!-- This site is optimized with the Yoast SEO plugin v27.3 - https:\/\/yoast.com\/product\/yoast-seo-wordpress\/ -->\n<title>Keksi Speed Delicious Apple - Clair<\/title>\n<meta name=\"description\" content=\"keksi s okusom jabuke  pakiranje 1 kg ili 5 kg\" \/>\n<meta name=\"robots\" content=\"index, follow, max-snippet:-1, max-image-preview:large, max-video-preview:-1\" \/>\n<link rel=\"canonical\" href=\"https:\/\/clair.si\/hr\/izdelek\/keksi-speed-delicious-apple\/\" \/>\n<meta property=\"og:locale\" content=\"hr_HR\" \/>\n<meta property=\"og:type\" content=\"article\" \/>\n<meta property=\"og:title\" content=\"Keksi Speed Delicious Apple - Clair\" \/>\n<meta property=\"og:description\" content=\"keksi s okusom jabuke  pakiranje 1 kg ili 5 kg\" \/>\n<meta property=\"og:url\" content=\"https:\/\/clair.si\/hr\/izdelek\/keksi-speed-delicious-apple\/\" \/>\n<meta property=\"og:site_name\" content=\"Clair\" \/>\n<meta property=\"article:publisher\" content=\"https:\/\/www.facebook.com\/TrgovinaClair\/\" \/>\n<meta property=\"article:modified_time\" content=\"2025-08-27T13:33:35+00:00\" \/>\n<meta property=\"og:image\" content=\"https:\/\/clair.si\/wp-content\/uploads\/2024\/11\/manjsi-apple-1-png.avif\" \/>\n\t<meta property=\"og:image:width\" content=\"500\" \/>\n\t<meta property=\"og:image:height\" content=\"500\" \/>\n\t<meta property=\"og:image:type\" content=\"image\/png\" \/>\n<meta name=\"twitter:card\" content=\"summary_large_image\" \/>\n<meta name=\"twitter:label1\" content=\"Procijenjeno vrijeme \u010ditanja\" \/>\n\t<meta name=\"twitter:data1\" content=\"1 minuta\" \/>\n<script type=\"application\/ld+json\" class=\"yoast-schema-graph\">{\"@context\":\"https:\\\/\\\/schema.org\",\"@graph\":[{\"@type\":\"WebPage\",\"@id\":\"https:\\\/\\\/clair.si\\\/hr\\\/izdelek\\\/keksi-speed-delicious-apple\\\/\",\"url\":\"https:\\\/\\\/clair.si\\\/hr\\\/izdelek\\\/keksi-speed-delicious-apple\\\/\",\"name\":\"Keksi Speed Delicious Apple - Clair\",\"isPartOf\":{\"@id\":\"https:\\\/\\\/clair.si\\\/#website\"},\"primaryImageOfPage\":{\"@id\":\"https:\\\/\\\/clair.si\\\/hr\\\/izdelek\\\/keksi-speed-delicious-apple\\\/#primaryimage\"},\"image\":{\"@id\":\"https:\\\/\\\/clair.si\\\/hr\\\/izdelek\\\/keksi-speed-delicious-apple\\\/#primaryimage\"},\"thumbnailUrl\":\"https:\\\/\\\/clair.si\\\/wp-content\\\/uploads\\\/2024\\\/11\\\/manjsi-apple-1-png.avif\",\"datePublished\":\"2024-11-14T12:55:29+00:00\",\"dateModified\":\"2025-08-27T13:33:35+00:00\",\"description\":\"keksi s okusom jabuke pakiranje 1 kg ili 5 kg\",\"breadcrumb\":{\"@id\":\"https:\\\/\\\/clair.si\\\/hr\\\/izdelek\\\/keksi-speed-delicious-apple\\\/#breadcrumb\"},\"inLanguage\":\"hr\",\"potentialAction\":[{\"@type\":\"ReadAction\",\"target\":[\"https:\\\/\\\/clair.si\\\/hr\\\/izdelek\\\/keksi-speed-delicious-apple\\\/\"]}]},{\"@type\":\"ImageObject\",\"inLanguage\":\"hr\",\"@id\":\"https:\\\/\\\/clair.si\\\/hr\\\/izdelek\\\/keksi-speed-delicious-apple\\\/#primaryimage\",\"url\":\"https:\\\/\\\/clair.si\\\/wp-content\\\/uploads\\\/2024\\\/11\\\/manjsi-apple-1-png.avif\",\"contentUrl\":\"https:\\\/\\\/clair.si\\\/wp-content\\\/uploads\\\/2024\\\/11\\\/manjsi-apple-1-png.avif\",\"width\":500,\"height\":500},{\"@type\":\"BreadcrumbList\",\"@id\":\"https:\\\/\\\/clair.si\\\/hr\\\/izdelek\\\/keksi-speed-delicious-apple\\\/#breadcrumb\",\"itemListElement\":[{\"@type\":\"ListItem\",\"position\":1,\"name\":\"Home\",\"item\":\"https:\\\/\\\/clair.si\\\/hr\\\/\"},{\"@type\":\"ListItem\",\"position\":2,\"name\":\"Trgovina\",\"item\":\"https:\\\/\\\/clair.si\\\/trgovina\\\/\"},{\"@type\":\"ListItem\",\"position\":3,\"name\":\"Keksi Speed Delicious Apple\"}]},{\"@type\":\"WebSite\",\"@id\":\"https:\\\/\\\/clair.si\\\/#website\",\"url\":\"https:\\\/\\\/clair.si\\\/\",\"name\":\"Clair\",\"description\":\"Trgovina s konjeni\u0161ko opremo\",\"publisher\":{\"@id\":\"https:\\\/\\\/clair.si\\\/#organization\"},\"potentialAction\":[{\"@type\":\"SearchAction\",\"target\":{\"@type\":\"EntryPoint\",\"urlTemplate\":\"https:\\\/\\\/clair.si\\\/?s={search_term_string}\"},\"query-input\":{\"@type\":\"PropertyValueSpecification\",\"valueRequired\":true,\"valueName\":\"search_term_string\"}}],\"inLanguage\":\"hr\"},{\"@type\":\"Organization\",\"@id\":\"https:\\\/\\\/clair.si\\\/#organization\",\"name\":\"Clair\",\"url\":\"https:\\\/\\\/clair.si\\\/\",\"logo\":{\"@type\":\"ImageObject\",\"inLanguage\":\"hr\",\"@id\":\"https:\\\/\\\/clair.si\\\/#\\\/schema\\\/logo\\\/image\\\/\",\"url\":\"https:\\\/\\\/clair.si\\\/wp-content\\\/uploads\\\/2022\\\/11\\\/clair_logo_2022.jpg\",\"contentUrl\":\"https:\\\/\\\/clair.si\\\/wp-content\\\/uploads\\\/2022\\\/11\\\/clair_logo_2022.jpg\",\"width\":1920,\"height\":1920,\"caption\":\"Clair\"},\"image\":{\"@id\":\"https:\\\/\\\/clair.si\\\/#\\\/schema\\\/logo\\\/image\\\/\"},\"sameAs\":[\"https:\\\/\\\/www.facebook.com\\\/TrgovinaClair\\\/\"]}]}<\/script>\n<!-- \/ Yoast SEO plugin. -->","yoast_head_json":{"title":"Keksi Speed Delicious Apple - Clair","description":"keksi s okusom jabuke  pakiranje 1 kg ili 5 kg","robots":{"index":"index","follow":"follow","max-snippet":"max-snippet:-1","max-image-preview":"max-image-preview:large","max-video-preview":"max-video-preview:-1"},"canonical":"https:\/\/clair.si\/hr\/izdelek\/keksi-speed-delicious-apple\/","og_locale":"hr_HR","og_type":"article","og_title":"Keksi Speed Delicious Apple - Clair","og_description":"keksi s okusom jabuke  pakiranje 1 kg ili 5 kg","og_url":"https:\/\/clair.si\/hr\/izdelek\/keksi-speed-delicious-apple\/","og_site_name":"Clair","article_publisher":"https:\/\/www.facebook.com\/TrgovinaClair\/","article_modified_time":"2025-08-27T13:33:35+00:00","og_image":[{"width":500,"height":500,"url":"https:\/\/clair.si\/wp-content\/uploads\/2024\/11\/manjsi-apple-1-png.avif","type":"image\/png"}],"twitter_card":"summary_large_image","twitter_misc":{"Procijenjeno vrijeme \u010ditanja":"1 minuta"},"schema":{"@context":"https:\/\/schema.org","@graph":[{"@type":"WebPage","@id":"https:\/\/clair.si\/hr\/izdelek\/keksi-speed-delicious-apple\/","url":"https:\/\/clair.si\/hr\/izdelek\/keksi-speed-delicious-apple\/","name":"Keksi Speed Delicious Apple - Clair","isPartOf":{"@id":"https:\/\/clair.si\/#website"},"primaryImageOfPage":{"@id":"https:\/\/clair.si\/hr\/izdelek\/keksi-speed-delicious-apple\/#primaryimage"},"image":{"@id":"https:\/\/clair.si\/hr\/izdelek\/keksi-speed-delicious-apple\/#primaryimage"},"thumbnailUrl":"https:\/\/clair.si\/wp-content\/uploads\/2024\/11\/manjsi-apple-1-png.avif","datePublished":"2024-11-14T12:55:29+00:00","dateModified":"2025-08-27T13:33:35+00:00","description":"keksi s okusom jabuke pakiranje 1 kg ili 5 kg","breadcrumb":{"@id":"https:\/\/clair.si\/hr\/izdelek\/keksi-speed-delicious-apple\/#breadcrumb"},"inLanguage":"hr","potentialAction":[{"@type":"ReadAction","target":["https:\/\/clair.si\/hr\/izdelek\/keksi-speed-delicious-apple\/"]}]},{"@type":"ImageObject","inLanguage":"hr","@id":"https:\/\/clair.si\/hr\/izdelek\/keksi-speed-delicious-apple\/#primaryimage","url":"https:\/\/clair.si\/wp-content\/uploads\/2024\/11\/manjsi-apple-1-png.avif","contentUrl":"https:\/\/clair.si\/wp-content\/uploads\/2024\/11\/manjsi-apple-1-png.avif","width":500,"height":500},{"@type":"BreadcrumbList","@id":"https:\/\/clair.si\/hr\/izdelek\/keksi-speed-delicious-apple\/#breadcrumb","itemListElement":[{"@type":"ListItem","position":1,"name":"Home","item":"https:\/\/clair.si\/hr\/"},{"@type":"ListItem","position":2,"name":"Trgovina","item":"https:\/\/clair.si\/trgovina\/"},{"@type":"ListItem","position":3,"name":"Keksi Speed Delicious Apple"}]},{"@type":"WebSite","@id":"https:\/\/clair.si\/#website","url":"https:\/\/clair.si\/","name":"Clair","description":"Trgovina s konjeni\u0161ko opremo","publisher":{"@id":"https:\/\/clair.si\/#organization"},"potentialAction":[{"@type":"SearchAction","target":{"@type":"EntryPoint","urlTemplate":"https:\/\/clair.si\/?s={search_term_string}"},"query-input":{"@type":"PropertyValueSpecification","valueRequired":true,"valueName":"search_term_string"}}],"inLanguage":"hr"},{"@type":"Organization","@id":"https:\/\/clair.si\/#organization","name":"Clair","url":"https:\/\/clair.si\/","logo":{"@type":"ImageObject","inLanguage":"hr","@id":"https:\/\/clair.si\/#\/schema\/logo\/image\/","url":"https:\/\/clair.si\/wp-content\/uploads\/2022\/11\/clair_logo_2022.jpg","contentUrl":"https:\/\/clair.si\/wp-content\/uploads\/2022\/11\/clair_logo_2022.jpg","width":1920,"height":1920,"caption":"Clair"},"image":{"@id":"https:\/\/clair.si\/#\/schema\/logo\/image\/"},"sameAs":["https:\/\/www.facebook.com\/TrgovinaClair\/"]}]}},"_links":{"self":[{"href":"https:\/\/clair.si\/hr\/wp-json\/wp\/v2\/product\/93899","targetHints":{"allow":["GET"]}}],"collection":[{"href":"https:\/\/clair.si\/hr\/wp-json\/wp\/v2\/product"}],"about":[{"href":"https:\/\/clair.si\/hr\/wp-json\/wp\/v2\/types\/product"}],"version-history":[{"count":0,"href":"https:\/\/clair.si\/hr\/wp-json\/wp\/v2\/product\/93899\/revisions"}],"wp:featuredmedia":[{"embeddable":true,"href":"https:\/\/clair.si\/hr\/wp-json\/wp\/v2\/media\/93904"}],"wp:attachment":[{"href":"https:\/\/clair.si\/hr\/wp-json\/wp\/v2\/media?parent=93899"}],"wp:term":[{"taxonomy":"product_brand","embeddable":true,"href":"https:\/\/clair.si\/hr\/wp-json\/wp\/v2\/product_brand?post=93899"},{"taxonomy":"product_cat","embeddable":true,"href":"https:\/\/clair.si\/hr\/wp-json\/wp\/v2\/product_cat?post=93899"},{"taxonomy":"product_tag","embeddable":true,"href":"https:\/\/clair.si\/hr\/wp-json\/wp\/v2\/product_tag?post=93899"}],"curies":[{"name":"wp","href":"https:\/\/api.w.org\/{rel}","templated":true}]}}