{"id":93931,"date":"2024-10-17T14:20:55","date_gmt":"2024-10-17T12:20:55","guid":{"rendered":"https:\/\/clair.si\/izdelek\/cvrsti-sapun-clair-hi-gloss-propolis\/"},"modified":"2026-01-01T10:59:48","modified_gmt":"2026-01-01T09:59:48","slug":"cvrsti-sapun-clair-hi-gloss-propolis","status":"publish","type":"product","link":"https:\/\/clair.si\/hr\/izdelek\/cvrsti-sapun-clair-hi-gloss-propolis\/","title":{"rendered":"\u010cvrsti sapun Clair Hi Gloss propolis"},"content":{"rendered":"<p><strong>Dubinsko \u010di\u0161\u0107enje<\/strong> i <strong>njeguju\u0107i \u0161ampon s propolisom<\/strong>. Sadr\u017ei balzam za optimalnu njegu dlake, grive i repa. Podr\u017eava suhu, pocrvenjelu i osjetljivu ko\u017eu te djeluje pro\u010di\u0161\u0107avaju\u0107e i umiruju\u0107e. U cijenu je uklju\u010dena vre\u0107ica za jo\u0161 bolje pjenjenje.   <\/p>\n<p><strong>Sastav:<\/strong> natrijev kokosulfat, natrijev palmitat, natrijev palmov kernelat, glicerin, voda, karite maslac (Butyrospermum parkii), ekstrakt propolisa i meda, Cl 12490,11680,74160<\/p>\n<p>&nbsp;<\/p>\n<div class=\"flex max-w-full flex-col flex-grow\">\n<div class=\"min-h-8 text-message flex w-full flex-col items-end gap-2 whitespace-normal break-words [.text-message+&amp;]:mt-5\" dir=\"auto\" data-message-author-role=\"assistant\" data-message-id=\"787ff2d7-b2ca-4d25-9f4a-e07192943e2e\" data-message-model-slug=\"gpt-4o\">\n<div class=\"flex w-full flex-col gap-1 empty:hidden first:pt-[3px]\">\n<div class=\"markdown prose w-full break-words dark:prose-invert light\">\n<p><strong>1 \u0161ampon u \u010dvrstom obliku zamjenjuje 3 plasti\u010dne bo\u010dice \u0161ampona.<\/strong><\/p>\n<\/div>\n<\/div>\n<\/div>\n<\/div>\n<div class=\"mb-2 flex gap-3 empty:hidden -ml-2\">\n<div class=\"items-center justify-start rounded-xl p-1 flex\">\n<div class=\"flex items-center\"><\/div>\n<\/div>\n<\/div>\n","protected":false},"excerpt":{"rendered":"<p><strong>1 \u0161ampon u \u010dvrstom obliku zamjenjuje 3 plasti\u010dne bo\u010dice \u0161ampona.<\/strong><\/p>\n<p>U cijenu je uklju\u010dena vre\u0107ica za jo\u0161 bolje pjenjenje.<\/p>\n","protected":false},"featured_media":93938,"template":"","meta":{"footnotes":""},"product_brand":[],"product_cat":[5624,5675,5677,5625,5678,5714,5627],"product_tag":[],"class_list":{"0":"post-93931","1":"product","2":"type-product","3":"status-publish","4":"has-post-thumbnail","6":"product_cat-konj-hr","7":"product_cat-kozmetika-za-konje-hr","8":"product_cat-kozmetika-za-konje-hr-2","9":"product_cat-njega-konja","10":"product_cat-problemi-s-kozom","11":"product_cat-samponi-i-sapuni","12":"product_cat-stala-i-pasnjak","14":"first","15":"instock","16":"shipping-taxable","17":"purchasable","18":"product-type-simple"},"yoast_head":"<!-- This site is optimized with the Yoast SEO plugin v27.3 - https:\/\/yoast.com\/product\/yoast-seo-wordpress\/ -->\n<title>\u010cvrsti sapun Clair Hi Gloss propolis - Clair<\/title>\n<meta name=\"description\" content=\"1 \u0161ampon u \u010dvrstom obliku zamjenjuje 3 plasti\u010dne bo\u010dice \u0161ampona. U cijenu je uklju\u010dena vre\u0107ica za jo\u0161 bolje pjenjenje.\" \/>\n<meta name=\"robots\" content=\"index, follow, max-snippet:-1, max-image-preview:large, max-video-preview:-1\" \/>\n<link rel=\"canonical\" href=\"https:\/\/clair.si\/izdelek\/trdo-milo-clair-hi-gloss-propolis\/\" \/>\n<meta property=\"og:locale\" content=\"hr_HR\" \/>\n<meta property=\"og:type\" content=\"article\" \/>\n<meta property=\"og:title\" content=\"\u010cvrsti sapun Clair Hi Gloss propolis - Clair\" \/>\n<meta property=\"og:description\" content=\"1 \u0161ampon u \u010dvrstom obliku zamjenjuje 3 plasti\u010dne bo\u010dice \u0161ampona. U cijenu je uklju\u010dena vre\u0107ica za jo\u0161 bolje pjenjenje.\" \/>\n<meta property=\"og:url\" content=\"https:\/\/clair.si\/izdelek\/trdo-milo-clair-hi-gloss-propolis\/\" \/>\n<meta property=\"og:site_name\" content=\"Clair\" \/>\n<meta property=\"article:publisher\" content=\"https:\/\/www.facebook.com\/TrgovinaClair\/\" \/>\n<meta property=\"article:modified_time\" content=\"2026-01-01T09:59:48+00:00\" \/>\n<meta property=\"og:image\" content=\"https:\/\/clair.si\/wp-content\/uploads\/2024\/10\/Hoffman-trdo-milo-propolis-1-1-jpg.avif\" \/>\n\t<meta property=\"og:image:width\" content=\"800\" \/>\n\t<meta property=\"og:image:height\" content=\"800\" \/>\n\t<meta property=\"og:image:type\" content=\"image\/jpeg\" \/>\n<meta name=\"twitter:card\" content=\"summary_large_image\" \/>\n<script type=\"application\/ld+json\" class=\"yoast-schema-graph\">{\"@context\":\"https:\\\/\\\/schema.org\",\"@graph\":[{\"@type\":\"WebPage\",\"@id\":\"https:\\\/\\\/clair.si\\\/izdelek\\\/trdo-milo-clair-hi-gloss-propolis\\\/\",\"url\":\"https:\\\/\\\/clair.si\\\/izdelek\\\/trdo-milo-clair-hi-gloss-propolis\\\/\",\"name\":\"\u010cvrsti sapun Clair Hi Gloss propolis - Clair\",\"isPartOf\":{\"@id\":\"https:\\\/\\\/clair.si\\\/#website\"},\"primaryImageOfPage\":{\"@id\":\"https:\\\/\\\/clair.si\\\/izdelek\\\/trdo-milo-clair-hi-gloss-propolis\\\/#primaryimage\"},\"image\":{\"@id\":\"https:\\\/\\\/clair.si\\\/izdelek\\\/trdo-milo-clair-hi-gloss-propolis\\\/#primaryimage\"},\"thumbnailUrl\":\"https:\\\/\\\/clair.si\\\/wp-content\\\/uploads\\\/2024\\\/10\\\/Hoffman-trdo-milo-propolis-1-1-jpg.avif\",\"datePublished\":\"2024-10-17T12:20:55+00:00\",\"dateModified\":\"2026-01-01T09:59:48+00:00\",\"description\":\"1 \u0161ampon u \u010dvrstom obliku zamjenjuje 3 plasti\u010dne bo\u010dice \u0161ampona. U cijenu je uklju\u010dena vre\u0107ica za jo\u0161 bolje pjenjenje.\",\"breadcrumb\":{\"@id\":\"https:\\\/\\\/clair.si\\\/izdelek\\\/trdo-milo-clair-hi-gloss-propolis\\\/#breadcrumb\"},\"inLanguage\":\"hr\",\"potentialAction\":[{\"@type\":\"ReadAction\",\"target\":[\"https:\\\/\\\/clair.si\\\/izdelek\\\/trdo-milo-clair-hi-gloss-propolis\\\/\"]}]},{\"@type\":\"ImageObject\",\"inLanguage\":\"hr\",\"@id\":\"https:\\\/\\\/clair.si\\\/izdelek\\\/trdo-milo-clair-hi-gloss-propolis\\\/#primaryimage\",\"url\":\"https:\\\/\\\/clair.si\\\/wp-content\\\/uploads\\\/2024\\\/10\\\/Hoffman-trdo-milo-propolis-1-1-jpg.avif\",\"contentUrl\":\"https:\\\/\\\/clair.si\\\/wp-content\\\/uploads\\\/2024\\\/10\\\/Hoffman-trdo-milo-propolis-1-1-jpg.avif\",\"width\":800,\"height\":800},{\"@type\":\"BreadcrumbList\",\"@id\":\"https:\\\/\\\/clair.si\\\/izdelek\\\/trdo-milo-clair-hi-gloss-propolis\\\/#breadcrumb\",\"itemListElement\":[{\"@type\":\"ListItem\",\"position\":1,\"name\":\"Home\",\"item\":\"https:\\\/\\\/clair.si\\\/hr\\\/\"},{\"@type\":\"ListItem\",\"position\":2,\"name\":\"Trgovina\",\"item\":\"https:\\\/\\\/clair.si\\\/trgovina\\\/\"},{\"@type\":\"ListItem\",\"position\":3,\"name\":\"\u010cvrsti sapun Clair Hi Gloss propolis\"}]},{\"@type\":\"WebSite\",\"@id\":\"https:\\\/\\\/clair.si\\\/#website\",\"url\":\"https:\\\/\\\/clair.si\\\/\",\"name\":\"Clair\",\"description\":\"Trgovina s konjeni\u0161ko opremo\",\"publisher\":{\"@id\":\"https:\\\/\\\/clair.si\\\/#organization\"},\"potentialAction\":[{\"@type\":\"SearchAction\",\"target\":{\"@type\":\"EntryPoint\",\"urlTemplate\":\"https:\\\/\\\/clair.si\\\/?s={search_term_string}\"},\"query-input\":{\"@type\":\"PropertyValueSpecification\",\"valueRequired\":true,\"valueName\":\"search_term_string\"}}],\"inLanguage\":\"hr\"},{\"@type\":\"Organization\",\"@id\":\"https:\\\/\\\/clair.si\\\/#organization\",\"name\":\"Clair\",\"url\":\"https:\\\/\\\/clair.si\\\/\",\"logo\":{\"@type\":\"ImageObject\",\"inLanguage\":\"hr\",\"@id\":\"https:\\\/\\\/clair.si\\\/#\\\/schema\\\/logo\\\/image\\\/\",\"url\":\"https:\\\/\\\/clair.si\\\/wp-content\\\/uploads\\\/2022\\\/11\\\/clair_logo_2022.jpg\",\"contentUrl\":\"https:\\\/\\\/clair.si\\\/wp-content\\\/uploads\\\/2022\\\/11\\\/clair_logo_2022.jpg\",\"width\":1920,\"height\":1920,\"caption\":\"Clair\"},\"image\":{\"@id\":\"https:\\\/\\\/clair.si\\\/#\\\/schema\\\/logo\\\/image\\\/\"},\"sameAs\":[\"https:\\\/\\\/www.facebook.com\\\/TrgovinaClair\\\/\"]}]}<\/script>\n<!-- \/ Yoast SEO plugin. -->","yoast_head_json":{"title":"\u010cvrsti sapun Clair Hi Gloss propolis - Clair","description":"1 \u0161ampon u \u010dvrstom obliku zamjenjuje 3 plasti\u010dne bo\u010dice \u0161ampona. U cijenu je uklju\u010dena vre\u0107ica za jo\u0161 bolje pjenjenje.","robots":{"index":"index","follow":"follow","max-snippet":"max-snippet:-1","max-image-preview":"max-image-preview:large","max-video-preview":"max-video-preview:-1"},"canonical":"https:\/\/clair.si\/izdelek\/trdo-milo-clair-hi-gloss-propolis\/","og_locale":"hr_HR","og_type":"article","og_title":"\u010cvrsti sapun Clair Hi Gloss propolis - Clair","og_description":"1 \u0161ampon u \u010dvrstom obliku zamjenjuje 3 plasti\u010dne bo\u010dice \u0161ampona. U cijenu je uklju\u010dena vre\u0107ica za jo\u0161 bolje pjenjenje.","og_url":"https:\/\/clair.si\/izdelek\/trdo-milo-clair-hi-gloss-propolis\/","og_site_name":"Clair","article_publisher":"https:\/\/www.facebook.com\/TrgovinaClair\/","article_modified_time":"2026-01-01T09:59:48+00:00","og_image":[{"width":800,"height":800,"url":"https:\/\/clair.si\/wp-content\/uploads\/2024\/10\/Hoffman-trdo-milo-propolis-1-1-jpg.avif","type":"image\/jpeg"}],"twitter_card":"summary_large_image","schema":{"@context":"https:\/\/schema.org","@graph":[{"@type":"WebPage","@id":"https:\/\/clair.si\/izdelek\/trdo-milo-clair-hi-gloss-propolis\/","url":"https:\/\/clair.si\/izdelek\/trdo-milo-clair-hi-gloss-propolis\/","name":"\u010cvrsti sapun Clair Hi Gloss propolis - Clair","isPartOf":{"@id":"https:\/\/clair.si\/#website"},"primaryImageOfPage":{"@id":"https:\/\/clair.si\/izdelek\/trdo-milo-clair-hi-gloss-propolis\/#primaryimage"},"image":{"@id":"https:\/\/clair.si\/izdelek\/trdo-milo-clair-hi-gloss-propolis\/#primaryimage"},"thumbnailUrl":"https:\/\/clair.si\/wp-content\/uploads\/2024\/10\/Hoffman-trdo-milo-propolis-1-1-jpg.avif","datePublished":"2024-10-17T12:20:55+00:00","dateModified":"2026-01-01T09:59:48+00:00","description":"1 \u0161ampon u \u010dvrstom obliku zamjenjuje 3 plasti\u010dne bo\u010dice \u0161ampona. U cijenu je uklju\u010dena vre\u0107ica za jo\u0161 bolje pjenjenje.","breadcrumb":{"@id":"https:\/\/clair.si\/izdelek\/trdo-milo-clair-hi-gloss-propolis\/#breadcrumb"},"inLanguage":"hr","potentialAction":[{"@type":"ReadAction","target":["https:\/\/clair.si\/izdelek\/trdo-milo-clair-hi-gloss-propolis\/"]}]},{"@type":"ImageObject","inLanguage":"hr","@id":"https:\/\/clair.si\/izdelek\/trdo-milo-clair-hi-gloss-propolis\/#primaryimage","url":"https:\/\/clair.si\/wp-content\/uploads\/2024\/10\/Hoffman-trdo-milo-propolis-1-1-jpg.avif","contentUrl":"https:\/\/clair.si\/wp-content\/uploads\/2024\/10\/Hoffman-trdo-milo-propolis-1-1-jpg.avif","width":800,"height":800},{"@type":"BreadcrumbList","@id":"https:\/\/clair.si\/izdelek\/trdo-milo-clair-hi-gloss-propolis\/#breadcrumb","itemListElement":[{"@type":"ListItem","position":1,"name":"Home","item":"https:\/\/clair.si\/hr\/"},{"@type":"ListItem","position":2,"name":"Trgovina","item":"https:\/\/clair.si\/trgovina\/"},{"@type":"ListItem","position":3,"name":"\u010cvrsti sapun Clair Hi Gloss propolis"}]},{"@type":"WebSite","@id":"https:\/\/clair.si\/#website","url":"https:\/\/clair.si\/","name":"Clair","description":"Trgovina s konjeni\u0161ko opremo","publisher":{"@id":"https:\/\/clair.si\/#organization"},"potentialAction":[{"@type":"SearchAction","target":{"@type":"EntryPoint","urlTemplate":"https:\/\/clair.si\/?s={search_term_string}"},"query-input":{"@type":"PropertyValueSpecification","valueRequired":true,"valueName":"search_term_string"}}],"inLanguage":"hr"},{"@type":"Organization","@id":"https:\/\/clair.si\/#organization","name":"Clair","url":"https:\/\/clair.si\/","logo":{"@type":"ImageObject","inLanguage":"hr","@id":"https:\/\/clair.si\/#\/schema\/logo\/image\/","url":"https:\/\/clair.si\/wp-content\/uploads\/2022\/11\/clair_logo_2022.jpg","contentUrl":"https:\/\/clair.si\/wp-content\/uploads\/2022\/11\/clair_logo_2022.jpg","width":1920,"height":1920,"caption":"Clair"},"image":{"@id":"https:\/\/clair.si\/#\/schema\/logo\/image\/"},"sameAs":["https:\/\/www.facebook.com\/TrgovinaClair\/"]}]}},"_links":{"self":[{"href":"https:\/\/clair.si\/hr\/wp-json\/wp\/v2\/product\/93931","targetHints":{"allow":["GET"]}}],"collection":[{"href":"https:\/\/clair.si\/hr\/wp-json\/wp\/v2\/product"}],"about":[{"href":"https:\/\/clair.si\/hr\/wp-json\/wp\/v2\/types\/product"}],"version-history":[{"count":0,"href":"https:\/\/clair.si\/hr\/wp-json\/wp\/v2\/product\/93931\/revisions"}],"wp:featuredmedia":[{"embeddable":true,"href":"https:\/\/clair.si\/hr\/wp-json\/wp\/v2\/media\/93938"}],"wp:attachment":[{"href":"https:\/\/clair.si\/hr\/wp-json\/wp\/v2\/media?parent=93931"}],"wp:term":[{"taxonomy":"product_brand","embeddable":true,"href":"https:\/\/clair.si\/hr\/wp-json\/wp\/v2\/product_brand?post=93931"},{"taxonomy":"product_cat","embeddable":true,"href":"https:\/\/clair.si\/hr\/wp-json\/wp\/v2\/product_cat?post=93931"},{"taxonomy":"product_tag","embeddable":true,"href":"https:\/\/clair.si\/hr\/wp-json\/wp\/v2\/product_tag?post=93931"}],"curies":[{"name":"wp","href":"https:\/\/api.w.org\/{rel}","templated":true}]}}