{"id":93992,"date":"2024-10-17T13:24:47","date_gmt":"2024-10-17T11:24:47","guid":{"rendered":"https:\/\/clair.si\/izdelek\/sljokice-za-konja-clair-glitter-spray-gold\/"},"modified":"2025-11-30T09:09:12","modified_gmt":"2025-11-30T08:09:12","slug":"sljokice-za-konja-clair-glitter-spray-gold","status":"publish","type":"product","link":"https:\/\/clair.si\/hr\/izdelek\/sljokice-za-konja-clair-glitter-spray-gold\/","title":{"rendered":"\u0160ljokice za konja Clair Glitter Spray Gold"},"content":{"rendered":"<p>S ovim sprejemom sa \u0161ljokicama va\u0161 \u0107e konj zasjati kao nikada prije! Osigurava prekrasan svjetlucavi efekt na dlaci, grivi i repu. Pogodan je i za kori\u0161tenje sa \u0161ablonama. Upute za uporabu: ravnomjerno nanesite i pustite da se osu\u0161i. \u010cestice \u0161ljokica lako se uklanjaju \u010detkom.    <\/p>\n<p><strong>Upozorenje:<\/strong> prije uporabe dobro protresite. Ne prskajte u o\u010di. Ne konzumirajte. \u010cuvajte izvan dohvata male djece. Ne skladi\u0161tite na temperaturama smrzavanja.    <\/p>\n<p><strong>Sastav:<\/strong> voda, alkohol denat., polietilen tereftalat, kopolimer hidroksietil akrilata\/natrijevog akriloildimetil taurata, poliuretan-11, Cl 19140, Cl 15850, limunska kiselina, Cl 77000<\/p>\n","protected":false},"excerpt":{"rendered":"<p>S ovim sprejemom sa \u0161ljokicama va\u0161 \u0107e konj zasjati kao nikada prije! Osigurava prekrasan svjetlucavi efekt na dlaci, grivi i<\/p>\n","protected":false},"featured_media":94198,"template":"","meta":{"footnotes":""},"product_brand":[],"product_cat":[5624,5677,5675,5625,5777,5627],"product_tag":[],"class_list":{"0":"post-93992","1":"product","2":"type-product","3":"status-publish","4":"has-post-thumbnail","6":"product_cat-konj-hr","7":"product_cat-kozmetika-za-konje-hr-2","8":"product_cat-kozmetika-za-konje-hr","9":"product_cat-njega-konja","10":"product_cat-sjaj-dlake-i-grive","11":"product_cat-stala-i-pasnjak","13":"first","14":"instock","15":"sale","16":"shipping-taxable","17":"purchasable","18":"product-type-simple"},"yoast_head":"<!-- This site is optimized with the Yoast SEO plugin v27.3 - https:\/\/yoast.com\/product\/yoast-seo-wordpress\/ -->\n<title>\u0160ljokice za konja Clair Glitter Spray Gold - Clair<\/title>\n<meta name=\"description\" content=\"S ovim sprejemom sa \u0161ljokicama va\u0161 \u0107e konj zasjati kao nikada prije! Osigurava prekrasan svjetlucavi efekt na dlaci, grivi i repu. Pogodan je i za\" \/>\n<meta name=\"robots\" content=\"index, follow, max-snippet:-1, max-image-preview:large, max-video-preview:-1\" \/>\n<link rel=\"canonical\" href=\"https:\/\/clair.si\/izdelek\/blescice-za-konja-clair-glitter-spray-gold\/\" \/>\n<meta property=\"og:locale\" content=\"hr_HR\" \/>\n<meta property=\"og:type\" content=\"article\" \/>\n<meta property=\"og:title\" content=\"\u0160ljokice za konja Clair Glitter Spray Gold - Clair\" \/>\n<meta property=\"og:description\" content=\"S ovim sprejemom sa \u0161ljokicama va\u0161 \u0107e konj zasjati kao nikada prije! Osigurava prekrasan svjetlucavi efekt na dlaci, grivi i repu. Pogodan je i za\" \/>\n<meta property=\"og:url\" content=\"https:\/\/clair.si\/izdelek\/blescice-za-konja-clair-glitter-spray-gold\/\" \/>\n<meta property=\"og:site_name\" content=\"Clair\" \/>\n<meta property=\"article:publisher\" content=\"https:\/\/www.facebook.com\/TrgovinaClair\/\" \/>\n<meta property=\"article:modified_time\" content=\"2025-11-30T08:09:12+00:00\" \/>\n<meta property=\"og:image\" content=\"https:\/\/clair.si\/wp-content\/uploads\/2024\/10\/hoffman-blescice-zlata-jpg.avif\" \/>\n\t<meta property=\"og:image:width\" content=\"800\" \/>\n\t<meta property=\"og:image:height\" content=\"800\" \/>\n\t<meta property=\"og:image:type\" content=\"image\/jpeg\" \/>\n<meta name=\"twitter:card\" content=\"summary_large_image\" \/>\n<script type=\"application\/ld+json\" class=\"yoast-schema-graph\">{\"@context\":\"https:\\\/\\\/schema.org\",\"@graph\":[{\"@type\":\"WebPage\",\"@id\":\"https:\\\/\\\/clair.si\\\/izdelek\\\/blescice-za-konja-clair-glitter-spray-gold\\\/\",\"url\":\"https:\\\/\\\/clair.si\\\/izdelek\\\/blescice-za-konja-clair-glitter-spray-gold\\\/\",\"name\":\"\u0160ljokice za konja Clair Glitter Spray Gold - Clair\",\"isPartOf\":{\"@id\":\"https:\\\/\\\/clair.si\\\/#website\"},\"primaryImageOfPage\":{\"@id\":\"https:\\\/\\\/clair.si\\\/izdelek\\\/blescice-za-konja-clair-glitter-spray-gold\\\/#primaryimage\"},\"image\":{\"@id\":\"https:\\\/\\\/clair.si\\\/izdelek\\\/blescice-za-konja-clair-glitter-spray-gold\\\/#primaryimage\"},\"thumbnailUrl\":\"https:\\\/\\\/clair.si\\\/wp-content\\\/uploads\\\/2024\\\/10\\\/hoffman-blescice-zlata-jpg.avif\",\"datePublished\":\"2024-10-17T11:24:47+00:00\",\"dateModified\":\"2025-11-30T08:09:12+00:00\",\"description\":\"S ovim sprejemom sa \u0161ljokicama va\u0161 \u0107e konj zasjati kao nikada prije! Osigurava prekrasan svjetlucavi efekt na dlaci, grivi i repu. Pogodan je i za\",\"breadcrumb\":{\"@id\":\"https:\\\/\\\/clair.si\\\/izdelek\\\/blescice-za-konja-clair-glitter-spray-gold\\\/#breadcrumb\"},\"inLanguage\":\"hr\",\"potentialAction\":[{\"@type\":\"ReadAction\",\"target\":[\"https:\\\/\\\/clair.si\\\/izdelek\\\/blescice-za-konja-clair-glitter-spray-gold\\\/\"]}]},{\"@type\":\"ImageObject\",\"inLanguage\":\"hr\",\"@id\":\"https:\\\/\\\/clair.si\\\/izdelek\\\/blescice-za-konja-clair-glitter-spray-gold\\\/#primaryimage\",\"url\":\"https:\\\/\\\/clair.si\\\/wp-content\\\/uploads\\\/2024\\\/10\\\/hoffman-blescice-zlata-jpg.avif\",\"contentUrl\":\"https:\\\/\\\/clair.si\\\/wp-content\\\/uploads\\\/2024\\\/10\\\/hoffman-blescice-zlata-jpg.avif\",\"width\":800,\"height\":800},{\"@type\":\"BreadcrumbList\",\"@id\":\"https:\\\/\\\/clair.si\\\/izdelek\\\/blescice-za-konja-clair-glitter-spray-gold\\\/#breadcrumb\",\"itemListElement\":[{\"@type\":\"ListItem\",\"position\":1,\"name\":\"Home\",\"item\":\"https:\\\/\\\/clair.si\\\/hr\\\/\"},{\"@type\":\"ListItem\",\"position\":2,\"name\":\"Trgovina\",\"item\":\"https:\\\/\\\/clair.si\\\/trgovina\\\/\"},{\"@type\":\"ListItem\",\"position\":3,\"name\":\"\u0160ljokice za konja Clair Glitter Spray Gold\"}]},{\"@type\":\"WebSite\",\"@id\":\"https:\\\/\\\/clair.si\\\/#website\",\"url\":\"https:\\\/\\\/clair.si\\\/\",\"name\":\"Clair\",\"description\":\"Trgovina s konjeni\u0161ko opremo\",\"publisher\":{\"@id\":\"https:\\\/\\\/clair.si\\\/#organization\"},\"potentialAction\":[{\"@type\":\"SearchAction\",\"target\":{\"@type\":\"EntryPoint\",\"urlTemplate\":\"https:\\\/\\\/clair.si\\\/?s={search_term_string}\"},\"query-input\":{\"@type\":\"PropertyValueSpecification\",\"valueRequired\":true,\"valueName\":\"search_term_string\"}}],\"inLanguage\":\"hr\"},{\"@type\":\"Organization\",\"@id\":\"https:\\\/\\\/clair.si\\\/#organization\",\"name\":\"Clair\",\"url\":\"https:\\\/\\\/clair.si\\\/\",\"logo\":{\"@type\":\"ImageObject\",\"inLanguage\":\"hr\",\"@id\":\"https:\\\/\\\/clair.si\\\/#\\\/schema\\\/logo\\\/image\\\/\",\"url\":\"https:\\\/\\\/clair.si\\\/wp-content\\\/uploads\\\/2022\\\/11\\\/clair_logo_2022.jpg\",\"contentUrl\":\"https:\\\/\\\/clair.si\\\/wp-content\\\/uploads\\\/2022\\\/11\\\/clair_logo_2022.jpg\",\"width\":1920,\"height\":1920,\"caption\":\"Clair\"},\"image\":{\"@id\":\"https:\\\/\\\/clair.si\\\/#\\\/schema\\\/logo\\\/image\\\/\"},\"sameAs\":[\"https:\\\/\\\/www.facebook.com\\\/TrgovinaClair\\\/\"]}]}<\/script>\n<!-- \/ Yoast SEO plugin. -->","yoast_head_json":{"title":"\u0160ljokice za konja Clair Glitter Spray Gold - Clair","description":"S ovim sprejemom sa \u0161ljokicama va\u0161 \u0107e konj zasjati kao nikada prije! Osigurava prekrasan svjetlucavi efekt na dlaci, grivi i repu. Pogodan je i za","robots":{"index":"index","follow":"follow","max-snippet":"max-snippet:-1","max-image-preview":"max-image-preview:large","max-video-preview":"max-video-preview:-1"},"canonical":"https:\/\/clair.si\/izdelek\/blescice-za-konja-clair-glitter-spray-gold\/","og_locale":"hr_HR","og_type":"article","og_title":"\u0160ljokice za konja Clair Glitter Spray Gold - Clair","og_description":"S ovim sprejemom sa \u0161ljokicama va\u0161 \u0107e konj zasjati kao nikada prije! Osigurava prekrasan svjetlucavi efekt na dlaci, grivi i repu. Pogodan je i za","og_url":"https:\/\/clair.si\/izdelek\/blescice-za-konja-clair-glitter-spray-gold\/","og_site_name":"Clair","article_publisher":"https:\/\/www.facebook.com\/TrgovinaClair\/","article_modified_time":"2025-11-30T08:09:12+00:00","og_image":[{"width":800,"height":800,"url":"https:\/\/clair.si\/wp-content\/uploads\/2024\/10\/hoffman-blescice-zlata-jpg.avif","type":"image\/jpeg"}],"twitter_card":"summary_large_image","schema":{"@context":"https:\/\/schema.org","@graph":[{"@type":"WebPage","@id":"https:\/\/clair.si\/izdelek\/blescice-za-konja-clair-glitter-spray-gold\/","url":"https:\/\/clair.si\/izdelek\/blescice-za-konja-clair-glitter-spray-gold\/","name":"\u0160ljokice za konja Clair Glitter Spray Gold - Clair","isPartOf":{"@id":"https:\/\/clair.si\/#website"},"primaryImageOfPage":{"@id":"https:\/\/clair.si\/izdelek\/blescice-za-konja-clair-glitter-spray-gold\/#primaryimage"},"image":{"@id":"https:\/\/clair.si\/izdelek\/blescice-za-konja-clair-glitter-spray-gold\/#primaryimage"},"thumbnailUrl":"https:\/\/clair.si\/wp-content\/uploads\/2024\/10\/hoffman-blescice-zlata-jpg.avif","datePublished":"2024-10-17T11:24:47+00:00","dateModified":"2025-11-30T08:09:12+00:00","description":"S ovim sprejemom sa \u0161ljokicama va\u0161 \u0107e konj zasjati kao nikada prije! Osigurava prekrasan svjetlucavi efekt na dlaci, grivi i repu. Pogodan je i za","breadcrumb":{"@id":"https:\/\/clair.si\/izdelek\/blescice-za-konja-clair-glitter-spray-gold\/#breadcrumb"},"inLanguage":"hr","potentialAction":[{"@type":"ReadAction","target":["https:\/\/clair.si\/izdelek\/blescice-za-konja-clair-glitter-spray-gold\/"]}]},{"@type":"ImageObject","inLanguage":"hr","@id":"https:\/\/clair.si\/izdelek\/blescice-za-konja-clair-glitter-spray-gold\/#primaryimage","url":"https:\/\/clair.si\/wp-content\/uploads\/2024\/10\/hoffman-blescice-zlata-jpg.avif","contentUrl":"https:\/\/clair.si\/wp-content\/uploads\/2024\/10\/hoffman-blescice-zlata-jpg.avif","width":800,"height":800},{"@type":"BreadcrumbList","@id":"https:\/\/clair.si\/izdelek\/blescice-za-konja-clair-glitter-spray-gold\/#breadcrumb","itemListElement":[{"@type":"ListItem","position":1,"name":"Home","item":"https:\/\/clair.si\/hr\/"},{"@type":"ListItem","position":2,"name":"Trgovina","item":"https:\/\/clair.si\/trgovina\/"},{"@type":"ListItem","position":3,"name":"\u0160ljokice za konja Clair Glitter Spray Gold"}]},{"@type":"WebSite","@id":"https:\/\/clair.si\/#website","url":"https:\/\/clair.si\/","name":"Clair","description":"Trgovina s konjeni\u0161ko opremo","publisher":{"@id":"https:\/\/clair.si\/#organization"},"potentialAction":[{"@type":"SearchAction","target":{"@type":"EntryPoint","urlTemplate":"https:\/\/clair.si\/?s={search_term_string}"},"query-input":{"@type":"PropertyValueSpecification","valueRequired":true,"valueName":"search_term_string"}}],"inLanguage":"hr"},{"@type":"Organization","@id":"https:\/\/clair.si\/#organization","name":"Clair","url":"https:\/\/clair.si\/","logo":{"@type":"ImageObject","inLanguage":"hr","@id":"https:\/\/clair.si\/#\/schema\/logo\/image\/","url":"https:\/\/clair.si\/wp-content\/uploads\/2022\/11\/clair_logo_2022.jpg","contentUrl":"https:\/\/clair.si\/wp-content\/uploads\/2022\/11\/clair_logo_2022.jpg","width":1920,"height":1920,"caption":"Clair"},"image":{"@id":"https:\/\/clair.si\/#\/schema\/logo\/image\/"},"sameAs":["https:\/\/www.facebook.com\/TrgovinaClair\/"]}]}},"_links":{"self":[{"href":"https:\/\/clair.si\/hr\/wp-json\/wp\/v2\/product\/93992","targetHints":{"allow":["GET"]}}],"collection":[{"href":"https:\/\/clair.si\/hr\/wp-json\/wp\/v2\/product"}],"about":[{"href":"https:\/\/clair.si\/hr\/wp-json\/wp\/v2\/types\/product"}],"version-history":[{"count":0,"href":"https:\/\/clair.si\/hr\/wp-json\/wp\/v2\/product\/93992\/revisions"}],"wp:featuredmedia":[{"embeddable":true,"href":"https:\/\/clair.si\/hr\/wp-json\/wp\/v2\/media\/94198"}],"wp:attachment":[{"href":"https:\/\/clair.si\/hr\/wp-json\/wp\/v2\/media?parent=93992"}],"wp:term":[{"taxonomy":"product_brand","embeddable":true,"href":"https:\/\/clair.si\/hr\/wp-json\/wp\/v2\/product_brand?post=93992"},{"taxonomy":"product_cat","embeddable":true,"href":"https:\/\/clair.si\/hr\/wp-json\/wp\/v2\/product_cat?post=93992"},{"taxonomy":"product_tag","embeddable":true,"href":"https:\/\/clair.si\/hr\/wp-json\/wp\/v2\/product_tag?post=93992"}],"curies":[{"name":"wp","href":"https:\/\/api.w.org\/{rel}","templated":true}]}}