{"id":94002,"date":"2024-10-17T13:40:23","date_gmt":"2024-10-17T11:40:23","guid":{"rendered":"https:\/\/clair.si\/izdelek\/sljokice-za-kopita-clair-glitter-hoof-gold\/"},"modified":"2026-03-24T06:06:09","modified_gmt":"2026-03-24T05:06:09","slug":"sljokice-za-kopita-clair-glitter-hoof-gold","status":"publish","type":"product","link":"https:\/\/clair.si\/hr\/izdelek\/sljokice-za-kopita-clair-glitter-hoof-gold\/","title":{"rendered":"\u0160ljokice za kopita Clair Glitter Hoof gold"},"content":{"rendered":"<p><strong>Svjetlucavi lak za kopita<\/strong> za ukra\u0161avanje konjskih kopita. Osigurava prekrasna sjajna kopita. \u010cetkica prilo\u017eena.<\/p>\n<p><strong>Upute za upotrebu:<\/strong> Svjetlucavi lak nanesite \u010detkicom na kopito. Za najbolje rezultate ostavite da se su\u0161i cca. 20 minuta. Za uklanjanje mo\u017eete koristiti \u010detku.<\/p>\n<p><strong>Sastav:<\/strong> voda, alkohol denat., sinteti\u010dki fluorflogopit, kositrov oksid, glicerin, polivinil alkohol, PVP, fenoksietanol, poliakrilatni krospolimer-6, klorfenezin, Cl 77891, Cl 77491<\/p>\n","protected":false},"excerpt":{"rendered":"<p>Svjetlucavi lak za kopita za ukra\u0161avanje konjskih kopita. Osigurava prekrasna sjajna kopita. \u010cetkica prilo\u017eena. Upute za upotrebu: Svjetlucavi lak nanesite<\/p>\n","protected":false},"featured_media":94015,"template":"","meta":{"footnotes":""},"product_brand":[],"product_cat":[5624,5675,5677,5873,5625,5882,5777,5627],"product_tag":[],"class_list":{"0":"post-94002","1":"product","2":"type-product","3":"status-publish","4":"has-post-thumbnail","6":"product_cat-konj-hr","7":"product_cat-kozmetika-za-konje-hr","8":"product_cat-kozmetika-za-konje-hr-2","9":"product_cat-njega-i-zdravlje-kopita","10":"product_cat-njega-konja","11":"product_cat-njega-kopita","12":"product_cat-sjaj-dlake-i-grive","13":"product_cat-stala-i-pasnjak","15":"first","16":"instock","17":"sale","18":"shipping-taxable","19":"purchasable","20":"product-type-simple"},"yoast_head":"<!-- This site is optimized with the Yoast SEO plugin v27.4 - https:\/\/yoast.com\/product\/yoast-seo-wordpress\/ -->\n<title>\u0160ljokice za kopita Clair Glitter Hoof gold - Clair<\/title>\n<meta name=\"description\" content=\"Lak za kopita sa \u0161ljokicama, u svjetlucavoj zlatnoj boji. Kopita \u0107e zasjati kao nikada prije. Prilo\u017eena \u010detkica. Provjerite na\u0161u ponudu i osigurajte svoj primjerak.\" \/>\n<meta name=\"robots\" content=\"index, follow, max-snippet:-1, max-image-preview:large, max-video-preview:-1\" \/>\n<link rel=\"canonical\" href=\"https:\/\/clair.si\/hr\/izdelek\/sljokice-za-kopita-clair-glitter-hoof-gold\/\" \/>\n<meta property=\"og:locale\" content=\"hr_HR\" \/>\n<meta property=\"og:type\" content=\"article\" \/>\n<meta property=\"og:title\" content=\"\u0160ljokice za kopita Clair Glitter Hoof gold - Clair\" \/>\n<meta property=\"og:description\" content=\"Lak za kopita sa \u0161ljokicama, u svjetlucavoj zlatnoj boji. Kopita \u0107e zasjati kao nikada prije. Prilo\u017eena \u010detkica. Provjerite na\u0161u ponudu i osigurajte svoj primjerak.\" \/>\n<meta property=\"og:url\" content=\"https:\/\/clair.si\/hr\/izdelek\/sljokice-za-kopita-clair-glitter-hoof-gold\/\" \/>\n<meta property=\"og:site_name\" content=\"Clair\" \/>\n<meta property=\"article:publisher\" content=\"https:\/\/www.facebook.com\/TrgovinaClair\/\" \/>\n<meta property=\"article:modified_time\" content=\"2026-03-24T05:06:09+00:00\" \/>\n<meta property=\"og:image\" content=\"https:\/\/clair.si\/wp-content\/uploads\/2024\/10\/HIGL70534-main-jpg.avif\" \/>\n\t<meta property=\"og:image:width\" content=\"1000\" \/>\n\t<meta property=\"og:image:height\" content=\"1000\" \/>\n\t<meta property=\"og:image:type\" content=\"image\/jpeg\" \/>\n<meta name=\"twitter:card\" content=\"summary_large_image\" \/>\n<meta name=\"twitter:label1\" content=\"Procijenjeno vrijeme \u010ditanja\" \/>\n\t<meta name=\"twitter:data1\" content=\"1 minuta\" \/>\n<script type=\"application\/ld+json\" class=\"yoast-schema-graph\">{\"@context\":\"https:\\\/\\\/schema.org\",\"@graph\":[{\"@type\":\"WebPage\",\"@id\":\"https:\\\/\\\/clair.si\\\/hr\\\/izdelek\\\/sljokice-za-kopita-clair-glitter-hoof-gold\\\/\",\"url\":\"https:\\\/\\\/clair.si\\\/hr\\\/izdelek\\\/sljokice-za-kopita-clair-glitter-hoof-gold\\\/\",\"name\":\"\u0160ljokice za kopita Clair Glitter Hoof gold - Clair\",\"isPartOf\":{\"@id\":\"https:\\\/\\\/clair.si\\\/#website\"},\"primaryImageOfPage\":{\"@id\":\"https:\\\/\\\/clair.si\\\/hr\\\/izdelek\\\/sljokice-za-kopita-clair-glitter-hoof-gold\\\/#primaryimage\"},\"image\":{\"@id\":\"https:\\\/\\\/clair.si\\\/hr\\\/izdelek\\\/sljokice-za-kopita-clair-glitter-hoof-gold\\\/#primaryimage\"},\"thumbnailUrl\":\"https:\\\/\\\/clair.si\\\/wp-content\\\/uploads\\\/2024\\\/10\\\/HIGL70534-main-jpg.avif\",\"datePublished\":\"2024-10-17T11:40:23+00:00\",\"dateModified\":\"2026-03-24T05:06:09+00:00\",\"description\":\"Lak za kopita sa \u0161ljokicama, u svjetlucavoj zlatnoj boji. Kopita \u0107e zasjati kao nikada prije. Prilo\u017eena \u010detkica. Provjerite na\u0161u ponudu i osigurajte svoj primjerak.\",\"breadcrumb\":{\"@id\":\"https:\\\/\\\/clair.si\\\/hr\\\/izdelek\\\/sljokice-za-kopita-clair-glitter-hoof-gold\\\/#breadcrumb\"},\"inLanguage\":\"hr\",\"potentialAction\":[{\"@type\":\"ReadAction\",\"target\":[\"https:\\\/\\\/clair.si\\\/hr\\\/izdelek\\\/sljokice-za-kopita-clair-glitter-hoof-gold\\\/\"]}]},{\"@type\":\"ImageObject\",\"inLanguage\":\"hr\",\"@id\":\"https:\\\/\\\/clair.si\\\/hr\\\/izdelek\\\/sljokice-za-kopita-clair-glitter-hoof-gold\\\/#primaryimage\",\"url\":\"https:\\\/\\\/clair.si\\\/wp-content\\\/uploads\\\/2024\\\/10\\\/HIGL70534-main-jpg.avif\",\"contentUrl\":\"https:\\\/\\\/clair.si\\\/wp-content\\\/uploads\\\/2024\\\/10\\\/HIGL70534-main-jpg.avif\",\"width\":1000,\"height\":1000},{\"@type\":\"BreadcrumbList\",\"@id\":\"https:\\\/\\\/clair.si\\\/hr\\\/izdelek\\\/sljokice-za-kopita-clair-glitter-hoof-gold\\\/#breadcrumb\",\"itemListElement\":[{\"@type\":\"ListItem\",\"position\":1,\"name\":\"Home\",\"item\":\"https:\\\/\\\/clair.si\\\/hr\\\/\"},{\"@type\":\"ListItem\",\"position\":2,\"name\":\"Trgovina\",\"item\":\"https:\\\/\\\/clair.si\\\/trgovina\\\/\"},{\"@type\":\"ListItem\",\"position\":3,\"name\":\"\u0160ljokice za kopita Clair Glitter Hoof gold\"}]},{\"@type\":\"WebSite\",\"@id\":\"https:\\\/\\\/clair.si\\\/#website\",\"url\":\"https:\\\/\\\/clair.si\\\/\",\"name\":\"Clair\",\"description\":\"Trgovina s konjeni\u0161ko opremo\",\"publisher\":{\"@id\":\"https:\\\/\\\/clair.si\\\/#organization\"},\"potentialAction\":[{\"@type\":\"SearchAction\",\"target\":{\"@type\":\"EntryPoint\",\"urlTemplate\":\"https:\\\/\\\/clair.si\\\/?s={search_term_string}\"},\"query-input\":{\"@type\":\"PropertyValueSpecification\",\"valueRequired\":true,\"valueName\":\"search_term_string\"}}],\"inLanguage\":\"hr\"},{\"@type\":\"Organization\",\"@id\":\"https:\\\/\\\/clair.si\\\/#organization\",\"name\":\"Clair\",\"url\":\"https:\\\/\\\/clair.si\\\/\",\"logo\":{\"@type\":\"ImageObject\",\"inLanguage\":\"hr\",\"@id\":\"https:\\\/\\\/clair.si\\\/#\\\/schema\\\/logo\\\/image\\\/\",\"url\":\"https:\\\/\\\/clair.si\\\/wp-content\\\/uploads\\\/2022\\\/11\\\/clair_logo_2022.jpg\",\"contentUrl\":\"https:\\\/\\\/clair.si\\\/wp-content\\\/uploads\\\/2022\\\/11\\\/clair_logo_2022.jpg\",\"width\":1920,\"height\":1920,\"caption\":\"Clair\"},\"image\":{\"@id\":\"https:\\\/\\\/clair.si\\\/#\\\/schema\\\/logo\\\/image\\\/\"},\"sameAs\":[\"https:\\\/\\\/www.facebook.com\\\/TrgovinaClair\\\/\"]}]}<\/script>\n<!-- \/ Yoast SEO plugin. -->","yoast_head_json":{"title":"\u0160ljokice za kopita Clair Glitter Hoof gold - Clair","description":"Lak za kopita sa \u0161ljokicama, u svjetlucavoj zlatnoj boji. Kopita \u0107e zasjati kao nikada prije. Prilo\u017eena \u010detkica. Provjerite na\u0161u ponudu i osigurajte svoj primjerak.","robots":{"index":"index","follow":"follow","max-snippet":"max-snippet:-1","max-image-preview":"max-image-preview:large","max-video-preview":"max-video-preview:-1"},"canonical":"https:\/\/clair.si\/hr\/izdelek\/sljokice-za-kopita-clair-glitter-hoof-gold\/","og_locale":"hr_HR","og_type":"article","og_title":"\u0160ljokice za kopita Clair Glitter Hoof gold - Clair","og_description":"Lak za kopita sa \u0161ljokicama, u svjetlucavoj zlatnoj boji. Kopita \u0107e zasjati kao nikada prije. Prilo\u017eena \u010detkica. Provjerite na\u0161u ponudu i osigurajte svoj primjerak.","og_url":"https:\/\/clair.si\/hr\/izdelek\/sljokice-za-kopita-clair-glitter-hoof-gold\/","og_site_name":"Clair","article_publisher":"https:\/\/www.facebook.com\/TrgovinaClair\/","article_modified_time":"2026-03-24T05:06:09+00:00","og_image":[{"width":1000,"height":1000,"url":"https:\/\/clair.si\/wp-content\/uploads\/2024\/10\/HIGL70534-main-jpg.avif","type":"image\/jpeg"}],"twitter_card":"summary_large_image","twitter_misc":{"Procijenjeno vrijeme \u010ditanja":"1 minuta"},"schema":{"@context":"https:\/\/schema.org","@graph":[{"@type":"WebPage","@id":"https:\/\/clair.si\/hr\/izdelek\/sljokice-za-kopita-clair-glitter-hoof-gold\/","url":"https:\/\/clair.si\/hr\/izdelek\/sljokice-za-kopita-clair-glitter-hoof-gold\/","name":"\u0160ljokice za kopita Clair Glitter Hoof gold - Clair","isPartOf":{"@id":"https:\/\/clair.si\/#website"},"primaryImageOfPage":{"@id":"https:\/\/clair.si\/hr\/izdelek\/sljokice-za-kopita-clair-glitter-hoof-gold\/#primaryimage"},"image":{"@id":"https:\/\/clair.si\/hr\/izdelek\/sljokice-za-kopita-clair-glitter-hoof-gold\/#primaryimage"},"thumbnailUrl":"https:\/\/clair.si\/wp-content\/uploads\/2024\/10\/HIGL70534-main-jpg.avif","datePublished":"2024-10-17T11:40:23+00:00","dateModified":"2026-03-24T05:06:09+00:00","description":"Lak za kopita sa \u0161ljokicama, u svjetlucavoj zlatnoj boji. Kopita \u0107e zasjati kao nikada prije. Prilo\u017eena \u010detkica. Provjerite na\u0161u ponudu i osigurajte svoj primjerak.","breadcrumb":{"@id":"https:\/\/clair.si\/hr\/izdelek\/sljokice-za-kopita-clair-glitter-hoof-gold\/#breadcrumb"},"inLanguage":"hr","potentialAction":[{"@type":"ReadAction","target":["https:\/\/clair.si\/hr\/izdelek\/sljokice-za-kopita-clair-glitter-hoof-gold\/"]}]},{"@type":"ImageObject","inLanguage":"hr","@id":"https:\/\/clair.si\/hr\/izdelek\/sljokice-za-kopita-clair-glitter-hoof-gold\/#primaryimage","url":"https:\/\/clair.si\/wp-content\/uploads\/2024\/10\/HIGL70534-main-jpg.avif","contentUrl":"https:\/\/clair.si\/wp-content\/uploads\/2024\/10\/HIGL70534-main-jpg.avif","width":1000,"height":1000},{"@type":"BreadcrumbList","@id":"https:\/\/clair.si\/hr\/izdelek\/sljokice-za-kopita-clair-glitter-hoof-gold\/#breadcrumb","itemListElement":[{"@type":"ListItem","position":1,"name":"Home","item":"https:\/\/clair.si\/hr\/"},{"@type":"ListItem","position":2,"name":"Trgovina","item":"https:\/\/clair.si\/trgovina\/"},{"@type":"ListItem","position":3,"name":"\u0160ljokice za kopita Clair Glitter Hoof gold"}]},{"@type":"WebSite","@id":"https:\/\/clair.si\/#website","url":"https:\/\/clair.si\/","name":"Clair","description":"Trgovina s konjeni\u0161ko opremo","publisher":{"@id":"https:\/\/clair.si\/#organization"},"potentialAction":[{"@type":"SearchAction","target":{"@type":"EntryPoint","urlTemplate":"https:\/\/clair.si\/?s={search_term_string}"},"query-input":{"@type":"PropertyValueSpecification","valueRequired":true,"valueName":"search_term_string"}}],"inLanguage":"hr"},{"@type":"Organization","@id":"https:\/\/clair.si\/#organization","name":"Clair","url":"https:\/\/clair.si\/","logo":{"@type":"ImageObject","inLanguage":"hr","@id":"https:\/\/clair.si\/#\/schema\/logo\/image\/","url":"https:\/\/clair.si\/wp-content\/uploads\/2022\/11\/clair_logo_2022.jpg","contentUrl":"https:\/\/clair.si\/wp-content\/uploads\/2022\/11\/clair_logo_2022.jpg","width":1920,"height":1920,"caption":"Clair"},"image":{"@id":"https:\/\/clair.si\/#\/schema\/logo\/image\/"},"sameAs":["https:\/\/www.facebook.com\/TrgovinaClair\/"]}]}},"_links":{"self":[{"href":"https:\/\/clair.si\/hr\/wp-json\/wp\/v2\/product\/94002","targetHints":{"allow":["GET"]}}],"collection":[{"href":"https:\/\/clair.si\/hr\/wp-json\/wp\/v2\/product"}],"about":[{"href":"https:\/\/clair.si\/hr\/wp-json\/wp\/v2\/types\/product"}],"version-history":[{"count":1,"href":"https:\/\/clair.si\/hr\/wp-json\/wp\/v2\/product\/94002\/revisions"}],"predecessor-version":[{"id":134168,"href":"https:\/\/clair.si\/hr\/wp-json\/wp\/v2\/product\/94002\/revisions\/134168"}],"wp:featuredmedia":[{"embeddable":true,"href":"https:\/\/clair.si\/hr\/wp-json\/wp\/v2\/media\/94015"}],"wp:attachment":[{"href":"https:\/\/clair.si\/hr\/wp-json\/wp\/v2\/media?parent=94002"}],"wp:term":[{"taxonomy":"product_brand","embeddable":true,"href":"https:\/\/clair.si\/hr\/wp-json\/wp\/v2\/product_brand?post=94002"},{"taxonomy":"product_cat","embeddable":true,"href":"https:\/\/clair.si\/hr\/wp-json\/wp\/v2\/product_cat?post=94002"},{"taxonomy":"product_tag","embeddable":true,"href":"https:\/\/clair.si\/hr\/wp-json\/wp\/v2\/product_tag?post=94002"}],"curies":[{"name":"wp","href":"https:\/\/api.w.org\/{rel}","templated":true}]}}