{"id":94123,"date":"2024-10-15T10:40:33","date_gmt":"2024-10-15T08:40:33","guid":{"rendered":"https:\/\/clair.si\/izdelek\/absorbine-ultrashield-green-repelent-protiv-insekata\/"},"modified":"2025-08-28T07:36:46","modified_gmt":"2025-08-28T05:36:46","slug":"absorbine-ultrashield-green-repelent-protiv-insekata","status":"publish","type":"product","link":"https:\/\/clair.si\/hr\/izdelek\/absorbine-ultrashield-green-repelent-protiv-insekata\/","title":{"rendered":"Absorbine Ultrashield Green repelent protiv insekata"},"content":{"rendered":"<p>Odbija krpelje, obade, muhe, komarce i mu\u0161ice do 8 sati. Temelji se na biljnim ekstraktima. &#8220;Ultrashield Green&#8221; je testiran u neovisnoj studiji i pokazao se u\u010dinkovitim protiv krpelja. Koristan za konje, ponije, \u017edrijebad i pse.   <\/p>\n<ul>\n<li>Ne masti.<\/li>\n<li>Bez dodataka ili umjetnih bojila.<\/li>\n<li>Osvje\u017eavaju\u0107i miris.<\/li>\n<\/ul>\n<p><strong>Upute za uporabu:<\/strong> Proizvod je spreman za upotrebu, prije upotrebe ga dobro protresite. Dlaku temeljito o\u010detkajte da uklonite prljav\u0161tinu i pra\u0161inu. Raspr\u0161ite izravno na konja prije jahanja ili ispu\u0161tanja. Ne raspr\u0161ujte u o\u010di ili na sluznice. Za nano\u0161enje na lice ili druge osjetljive dijelove koristite mekanu krpu. Mo\u017ee se koristiti i kod pasa.     <\/p>\n<p><strong>Sastav:<\/strong> Geraniol, eteri\u010dno ulje timijana, eteri\u010dno ulje cedra, eteri\u010dno ulje limunske trave, eteri\u010dno ulje ru\u017emarina, eteri\u010dno ulje citronke i eteri\u010dno ulje klin\u010di\u0107a.<\/p>\n<p><strong>Upozorenje:<\/strong> Uzrokuje jako nadra\u017eivanje o\u010diju. Sadr\u017ei geraniol. Mo\u017ee izazvati alergijsku reakciju. Ako trebate lije\u010dni\u010dku pomo\u0107, imajte pri ruci posudu ili etiketu proizvoda. \u010cuvati izvan dohvata djece.    <\/p>\n<ul>\n<li><strong>U slu\u010daju kontakta s o\u010dima:<\/strong> Temeljito ispirajte vodom nekoliko minuta. Ako nosite kontaktne le\u0107e i mo\u017eete ih ukloniti, u\u010dinite to i nastavite s ispiranjem. Ako nadra\u017eaj o\u010diju ne prestane, potra\u017eite lije\u010dni\u010dku pomo\u0107.  <\/li>\n<\/ul>\n<p><strong>Skladi\u0161tenje i uklanjanje:<\/strong> \u010cuvajte na hladnom i suhom mjestu, izvan dohvata djece i ku\u0107nih ljubimaca. Ne izla\u017eite smrzavanju. Praznu ambala\u017eu i neiskori\u0161tene proizvode odlo\u017eite u skladu s lokalnim propisima, npr. u recikla\u017enom centru. Proizvod ili ambala\u017eu ne reciklirajte. Ostatke ne odla\u017eite u kanalizaciju ili vodotoke.     <\/p>\n<p><strong>Mjere opreza:<\/strong> Neke \u017eivotinje mogu biti osjetljive na biljna ulja u ovom proizvodu. Ako je va\u0161 konj vrlo osjetljiv ili sklon alergijama, isprobajte na malom dijelu tijela konja da provjerite mogu\u0107u reakciju ili se posavjetujte s veterinarom. Ako se ko\u017ea pojavi nadra\u017eena, temeljito operite blagim sapunom i dobro isperite vodom. Ako se proguta, ne izazivajte povra\u0107anje, ve\u0107 odmah potra\u017eite lije\u010dni\u010dku pomo\u0107 i poka\u017eite posudu ili etiketu lije\u010dniku. Obratite se najbli\u017eem centru za otrovanja.    <\/p>\n<p><strong>Aktivna tvar:<\/strong> Geraniol (CAS br. 106-24-1) 0,70 % (m\/m). <strong>Vrsta pripravka:<\/strong> druga teku\u0107ina.<\/p>\n","protected":false},"excerpt":{"rendered":"<p>Odbija krpelje, obade, muhe, komarce i mu\u0161ice do 8 sati. Temelji se na biljnim ekstraktima. &#8220;Ultrashield Green&#8221; je testiran u<\/p>\n","protected":false},"featured_media":94133,"template":"","meta":{"footnotes":""},"product_brand":[],"product_cat":[5624,5677,5676,5627,5679,5674],"product_tag":[],"class_list":{"0":"post-94123","1":"product","2":"type-product","3":"status-publish","4":"has-post-thumbnail","6":"product_cat-konj-hr","7":"product_cat-kozmetika-za-konje-hr-2","8":"product_cat-sprejevi-i-kreme","9":"product_cat-stala-i-pasnjak","10":"product_cat-zastita-od-insekata-hr","11":"product_cat-zastita-od-insekata","13":"first","14":"instock","15":"shipping-taxable","16":"purchasable","17":"product-type-simple"},"yoast_head":"<!-- This site is optimized with the Yoast SEO plugin v27.4 - https:\/\/yoast.com\/product\/yoast-seo-wordpress\/ -->\n<title>Absorbine Ultrashield Green repelent protiv insekata - Clair<\/title>\n<meta name=\"description\" content=\"Prirodni repelent protiv krpelja, obada, komaraca i mu\u0161ica, u\u010dinkovit do 8 sati. Siguran za konje, ponije, \u017edrijebad i pse. Ne masti i ima osvje\u017eavaju\u0107i miris.\" \/>\n<meta name=\"robots\" content=\"index, follow, max-snippet:-1, max-image-preview:large, max-video-preview:-1\" \/>\n<link rel=\"canonical\" href=\"https:\/\/clair.si\/hr\/izdelek\/absorbine-ultrashield-green-repelent-protiv-insekata\/\" \/>\n<meta property=\"og:locale\" content=\"hr_HR\" \/>\n<meta property=\"og:type\" content=\"article\" \/>\n<meta property=\"og:title\" content=\"Absorbine Ultrashield Green repelent protiv insekata - Clair\" \/>\n<meta property=\"og:description\" content=\"Prirodni repelent protiv krpelja, obada, komaraca i mu\u0161ica, u\u010dinkovit do 8 sati. Siguran za konje, ponije, \u017edrijebad i pse. Ne masti i ima osvje\u017eavaju\u0107i miris.\" \/>\n<meta property=\"og:url\" content=\"https:\/\/clair.si\/hr\/izdelek\/absorbine-ultrashield-green-repelent-protiv-insekata\/\" \/>\n<meta property=\"og:site_name\" content=\"Clair\" \/>\n<meta property=\"article:publisher\" content=\"https:\/\/www.facebook.com\/TrgovinaClair\/\" \/>\n<meta property=\"article:modified_time\" content=\"2025-08-28T05:36:46+00:00\" \/>\n<meta property=\"og:image\" content=\"https:\/\/clair.si\/wp-content\/uploads\/2024\/10\/absorbine-ultrashield-green-repellent-jpg.avif\" \/>\n\t<meta property=\"og:image:width\" content=\"458\" \/>\n\t<meta property=\"og:image:height\" content=\"458\" \/>\n\t<meta property=\"og:image:type\" content=\"image\/jpeg\" \/>\n<meta name=\"twitter:card\" content=\"summary_large_image\" \/>\n<meta name=\"twitter:label1\" content=\"Procijenjeno vrijeme \u010ditanja\" \/>\n\t<meta name=\"twitter:data1\" content=\"2 minute\" \/>\n<script type=\"application\/ld+json\" class=\"yoast-schema-graph\">{\"@context\":\"https:\\\/\\\/schema.org\",\"@graph\":[{\"@type\":\"WebPage\",\"@id\":\"https:\\\/\\\/clair.si\\\/hr\\\/izdelek\\\/absorbine-ultrashield-green-repelent-protiv-insekata\\\/\",\"url\":\"https:\\\/\\\/clair.si\\\/hr\\\/izdelek\\\/absorbine-ultrashield-green-repelent-protiv-insekata\\\/\",\"name\":\"Absorbine Ultrashield Green repelent protiv insekata - Clair\",\"isPartOf\":{\"@id\":\"https:\\\/\\\/clair.si\\\/#website\"},\"primaryImageOfPage\":{\"@id\":\"https:\\\/\\\/clair.si\\\/hr\\\/izdelek\\\/absorbine-ultrashield-green-repelent-protiv-insekata\\\/#primaryimage\"},\"image\":{\"@id\":\"https:\\\/\\\/clair.si\\\/hr\\\/izdelek\\\/absorbine-ultrashield-green-repelent-protiv-insekata\\\/#primaryimage\"},\"thumbnailUrl\":\"https:\\\/\\\/clair.si\\\/wp-content\\\/uploads\\\/2024\\\/10\\\/absorbine-ultrashield-green-repellent-jpg.avif\",\"datePublished\":\"2024-10-15T08:40:33+00:00\",\"dateModified\":\"2025-08-28T05:36:46+00:00\",\"description\":\"Prirodni repelent protiv krpelja, obada, komaraca i mu\u0161ica, u\u010dinkovit do 8 sati. Siguran za konje, ponije, \u017edrijebad i pse. Ne masti i ima osvje\u017eavaju\u0107i miris.\",\"breadcrumb\":{\"@id\":\"https:\\\/\\\/clair.si\\\/hr\\\/izdelek\\\/absorbine-ultrashield-green-repelent-protiv-insekata\\\/#breadcrumb\"},\"inLanguage\":\"hr\",\"potentialAction\":[{\"@type\":\"ReadAction\",\"target\":[\"https:\\\/\\\/clair.si\\\/hr\\\/izdelek\\\/absorbine-ultrashield-green-repelent-protiv-insekata\\\/\"]}]},{\"@type\":\"ImageObject\",\"inLanguage\":\"hr\",\"@id\":\"https:\\\/\\\/clair.si\\\/hr\\\/izdelek\\\/absorbine-ultrashield-green-repelent-protiv-insekata\\\/#primaryimage\",\"url\":\"https:\\\/\\\/clair.si\\\/wp-content\\\/uploads\\\/2024\\\/10\\\/absorbine-ultrashield-green-repellent-jpg.avif\",\"contentUrl\":\"https:\\\/\\\/clair.si\\\/wp-content\\\/uploads\\\/2024\\\/10\\\/absorbine-ultrashield-green-repellent-jpg.avif\",\"width\":458,\"height\":458},{\"@type\":\"BreadcrumbList\",\"@id\":\"https:\\\/\\\/clair.si\\\/hr\\\/izdelek\\\/absorbine-ultrashield-green-repelent-protiv-insekata\\\/#breadcrumb\",\"itemListElement\":[{\"@type\":\"ListItem\",\"position\":1,\"name\":\"Home\",\"item\":\"https:\\\/\\\/clair.si\\\/hr\\\/\"},{\"@type\":\"ListItem\",\"position\":2,\"name\":\"Trgovina\",\"item\":\"https:\\\/\\\/clair.si\\\/trgovina\\\/\"},{\"@type\":\"ListItem\",\"position\":3,\"name\":\"Absorbine Ultrashield Green repelent protiv insekata\"}]},{\"@type\":\"WebSite\",\"@id\":\"https:\\\/\\\/clair.si\\\/#website\",\"url\":\"https:\\\/\\\/clair.si\\\/\",\"name\":\"Clair\",\"description\":\"Trgovina s konjeni\u0161ko opremo\",\"publisher\":{\"@id\":\"https:\\\/\\\/clair.si\\\/#organization\"},\"potentialAction\":[{\"@type\":\"SearchAction\",\"target\":{\"@type\":\"EntryPoint\",\"urlTemplate\":\"https:\\\/\\\/clair.si\\\/?s={search_term_string}\"},\"query-input\":{\"@type\":\"PropertyValueSpecification\",\"valueRequired\":true,\"valueName\":\"search_term_string\"}}],\"inLanguage\":\"hr\"},{\"@type\":\"Organization\",\"@id\":\"https:\\\/\\\/clair.si\\\/#organization\",\"name\":\"Clair\",\"url\":\"https:\\\/\\\/clair.si\\\/\",\"logo\":{\"@type\":\"ImageObject\",\"inLanguage\":\"hr\",\"@id\":\"https:\\\/\\\/clair.si\\\/#\\\/schema\\\/logo\\\/image\\\/\",\"url\":\"https:\\\/\\\/clair.si\\\/wp-content\\\/uploads\\\/2022\\\/11\\\/clair_logo_2022.jpg\",\"contentUrl\":\"https:\\\/\\\/clair.si\\\/wp-content\\\/uploads\\\/2022\\\/11\\\/clair_logo_2022.jpg\",\"width\":1920,\"height\":1920,\"caption\":\"Clair\"},\"image\":{\"@id\":\"https:\\\/\\\/clair.si\\\/#\\\/schema\\\/logo\\\/image\\\/\"},\"sameAs\":[\"https:\\\/\\\/www.facebook.com\\\/TrgovinaClair\\\/\"]}]}<\/script>\n<!-- \/ Yoast SEO plugin. -->","yoast_head_json":{"title":"Absorbine Ultrashield Green repelent protiv insekata - Clair","description":"Prirodni repelent protiv krpelja, obada, komaraca i mu\u0161ica, u\u010dinkovit do 8 sati. Siguran za konje, ponije, \u017edrijebad i pse. Ne masti i ima osvje\u017eavaju\u0107i miris.","robots":{"index":"index","follow":"follow","max-snippet":"max-snippet:-1","max-image-preview":"max-image-preview:large","max-video-preview":"max-video-preview:-1"},"canonical":"https:\/\/clair.si\/hr\/izdelek\/absorbine-ultrashield-green-repelent-protiv-insekata\/","og_locale":"hr_HR","og_type":"article","og_title":"Absorbine Ultrashield Green repelent protiv insekata - Clair","og_description":"Prirodni repelent protiv krpelja, obada, komaraca i mu\u0161ica, u\u010dinkovit do 8 sati. Siguran za konje, ponije, \u017edrijebad i pse. Ne masti i ima osvje\u017eavaju\u0107i miris.","og_url":"https:\/\/clair.si\/hr\/izdelek\/absorbine-ultrashield-green-repelent-protiv-insekata\/","og_site_name":"Clair","article_publisher":"https:\/\/www.facebook.com\/TrgovinaClair\/","article_modified_time":"2025-08-28T05:36:46+00:00","og_image":[{"width":458,"height":458,"url":"https:\/\/clair.si\/wp-content\/uploads\/2024\/10\/absorbine-ultrashield-green-repellent-jpg.avif","type":"image\/jpeg"}],"twitter_card":"summary_large_image","twitter_misc":{"Procijenjeno vrijeme \u010ditanja":"2 minute"},"schema":{"@context":"https:\/\/schema.org","@graph":[{"@type":"WebPage","@id":"https:\/\/clair.si\/hr\/izdelek\/absorbine-ultrashield-green-repelent-protiv-insekata\/","url":"https:\/\/clair.si\/hr\/izdelek\/absorbine-ultrashield-green-repelent-protiv-insekata\/","name":"Absorbine Ultrashield Green repelent protiv insekata - Clair","isPartOf":{"@id":"https:\/\/clair.si\/#website"},"primaryImageOfPage":{"@id":"https:\/\/clair.si\/hr\/izdelek\/absorbine-ultrashield-green-repelent-protiv-insekata\/#primaryimage"},"image":{"@id":"https:\/\/clair.si\/hr\/izdelek\/absorbine-ultrashield-green-repelent-protiv-insekata\/#primaryimage"},"thumbnailUrl":"https:\/\/clair.si\/wp-content\/uploads\/2024\/10\/absorbine-ultrashield-green-repellent-jpg.avif","datePublished":"2024-10-15T08:40:33+00:00","dateModified":"2025-08-28T05:36:46+00:00","description":"Prirodni repelent protiv krpelja, obada, komaraca i mu\u0161ica, u\u010dinkovit do 8 sati. Siguran za konje, ponije, \u017edrijebad i pse. Ne masti i ima osvje\u017eavaju\u0107i miris.","breadcrumb":{"@id":"https:\/\/clair.si\/hr\/izdelek\/absorbine-ultrashield-green-repelent-protiv-insekata\/#breadcrumb"},"inLanguage":"hr","potentialAction":[{"@type":"ReadAction","target":["https:\/\/clair.si\/hr\/izdelek\/absorbine-ultrashield-green-repelent-protiv-insekata\/"]}]},{"@type":"ImageObject","inLanguage":"hr","@id":"https:\/\/clair.si\/hr\/izdelek\/absorbine-ultrashield-green-repelent-protiv-insekata\/#primaryimage","url":"https:\/\/clair.si\/wp-content\/uploads\/2024\/10\/absorbine-ultrashield-green-repellent-jpg.avif","contentUrl":"https:\/\/clair.si\/wp-content\/uploads\/2024\/10\/absorbine-ultrashield-green-repellent-jpg.avif","width":458,"height":458},{"@type":"BreadcrumbList","@id":"https:\/\/clair.si\/hr\/izdelek\/absorbine-ultrashield-green-repelent-protiv-insekata\/#breadcrumb","itemListElement":[{"@type":"ListItem","position":1,"name":"Home","item":"https:\/\/clair.si\/hr\/"},{"@type":"ListItem","position":2,"name":"Trgovina","item":"https:\/\/clair.si\/trgovina\/"},{"@type":"ListItem","position":3,"name":"Absorbine Ultrashield Green repelent protiv insekata"}]},{"@type":"WebSite","@id":"https:\/\/clair.si\/#website","url":"https:\/\/clair.si\/","name":"Clair","description":"Trgovina s konjeni\u0161ko opremo","publisher":{"@id":"https:\/\/clair.si\/#organization"},"potentialAction":[{"@type":"SearchAction","target":{"@type":"EntryPoint","urlTemplate":"https:\/\/clair.si\/?s={search_term_string}"},"query-input":{"@type":"PropertyValueSpecification","valueRequired":true,"valueName":"search_term_string"}}],"inLanguage":"hr"},{"@type":"Organization","@id":"https:\/\/clair.si\/#organization","name":"Clair","url":"https:\/\/clair.si\/","logo":{"@type":"ImageObject","inLanguage":"hr","@id":"https:\/\/clair.si\/#\/schema\/logo\/image\/","url":"https:\/\/clair.si\/wp-content\/uploads\/2022\/11\/clair_logo_2022.jpg","contentUrl":"https:\/\/clair.si\/wp-content\/uploads\/2022\/11\/clair_logo_2022.jpg","width":1920,"height":1920,"caption":"Clair"},"image":{"@id":"https:\/\/clair.si\/#\/schema\/logo\/image\/"},"sameAs":["https:\/\/www.facebook.com\/TrgovinaClair\/"]}]}},"_links":{"self":[{"href":"https:\/\/clair.si\/hr\/wp-json\/wp\/v2\/product\/94123","targetHints":{"allow":["GET"]}}],"collection":[{"href":"https:\/\/clair.si\/hr\/wp-json\/wp\/v2\/product"}],"about":[{"href":"https:\/\/clair.si\/hr\/wp-json\/wp\/v2\/types\/product"}],"version-history":[{"count":0,"href":"https:\/\/clair.si\/hr\/wp-json\/wp\/v2\/product\/94123\/revisions"}],"wp:featuredmedia":[{"embeddable":true,"href":"https:\/\/clair.si\/hr\/wp-json\/wp\/v2\/media\/94133"}],"wp:attachment":[{"href":"https:\/\/clair.si\/hr\/wp-json\/wp\/v2\/media?parent=94123"}],"wp:term":[{"taxonomy":"product_brand","embeddable":true,"href":"https:\/\/clair.si\/hr\/wp-json\/wp\/v2\/product_brand?post=94123"},{"taxonomy":"product_cat","embeddable":true,"href":"https:\/\/clair.si\/hr\/wp-json\/wp\/v2\/product_cat?post=94123"},{"taxonomy":"product_tag","embeddable":true,"href":"https:\/\/clair.si\/hr\/wp-json\/wp\/v2\/product_tag?post=94123"}],"curies":[{"name":"wp","href":"https:\/\/api.w.org\/{rel}","templated":true}]}}