{"id":94141,"date":"2024-10-15T10:35:05","date_gmt":"2024-10-15T08:35:05","guid":{"rendered":"https:\/\/clair.si\/izdelek\/pomocne-bocne-vodilice-norton-adjust\/"},"modified":"2025-11-18T12:00:40","modified_gmt":"2025-11-18T11:00:40","slug":"pomocne-bocne-vodilice-norton-adjust","status":"publish","type":"product","link":"https:\/\/clair.si\/hr\/izdelek\/pomocne-bocne-vodilice-norton-adjust\/","title":{"rendered":"Pomo\u0107ne bo\u010dne vodilice Norton Adjust"},"content":{"rendered":"<p>Ovaj fiksni i neposredni dodatak za trening omogu\u0107uje spu\u0161tanje glave ili visoki polo\u017eaj vrata, \u010dime se pove\u0107ava mi\u0161i\u0107na aktivnost u le\u0111ima. Potpuno je elasti\u010dan, stoga se mo\u017ee koristiti bez rizika tijekom lon\u017eiranja ili jahanja. Vrlo je jednostavan za uporabu. Pri\u010dvr\u0161\u0107uje se na obje strane \u017evale i sa strane konja na podsedlici ili pojasu, na \u017eeljenoj visini. Mo\u017ee se pri\u010dvrstiti i na lon\u017eirni oglavnik ili na podsedelni pojas ispod konjeva trbuha. Preporu\u010dljivo je da se ovaj dodatak pa\u017eljivo podesi (ne prekratko), jer cilj nije stvaranje napetosti silom, ve\u0107 prona\u0107i granicu preko koje konj ne mo\u017ee i\u0107i. Me\u0111utim, konj mora imati mogu\u0107nost slobodnog kretanja unutar te granice.      <\/p>\n","protected":false},"excerpt":{"rendered":"<p>Ovaj fiksni i neposredni dodatak za trening omogu\u0107uje spu\u0161tanje glave ili visoki polo\u017eaj vrata, \u010dime se pove\u0107ava mi\u0161i\u0107na aktivnost u<\/p>\n","protected":false},"featured_media":94151,"template":"","meta":{"footnotes":""},"product_brand":[],"product_cat":[5657,5624,6033,5830,6035,5869],"product_tag":[],"class_list":{"0":"post-94141","1":"product","2":"type-product","3":"status-publish","4":"has-post-thumbnail","6":"product_cat-kategorije-hr","7":"product_cat-konj-hr","8":"product_cat-lonziranje-hr-2","9":"product_cat-lonziranje-hr","10":"product_cat-lonzirne-uzde-i-lonzirne-vodilice","11":"product_cat-lonzirne-uzde-i-pomocne-vodilice","13":"first","14":"instock","15":"sale","16":"shipping-taxable","17":"purchasable","18":"product-type-simple"},"yoast_head":"<!-- This site is optimized with the Yoast SEO plugin v27.4 - https:\/\/yoast.com\/product\/yoast-seo-wordpress\/ -->\n<title>Pomo\u0107ne bo\u010dne vodilice Norton Adjust - Clair<\/title>\n<meta name=\"description\" content=\"Elasti\u010dni dodatak za trening konja koji omogu\u0107uje pravilan polo\u017eaj i ve\u0107u aktivnost le\u0111nih mi\u0161i\u0107a. Jednostavan za uporabu i siguran tijekom lon\u017eiranja ili jahanja.\" \/>\n<meta name=\"robots\" content=\"index, follow, max-snippet:-1, max-image-preview:large, max-video-preview:-1\" \/>\n<link rel=\"canonical\" href=\"https:\/\/clair.si\/hr\/izdelek\/pomocne-bocne-vodilice-norton-adjust\/\" \/>\n<meta property=\"og:locale\" content=\"hr_HR\" \/>\n<meta property=\"og:type\" content=\"article\" \/>\n<meta property=\"og:title\" content=\"Pomo\u0107ne bo\u010dne vodilice Norton Adjust - Clair\" \/>\n<meta property=\"og:description\" content=\"Elasti\u010dni dodatak za trening konja koji omogu\u0107uje pravilan polo\u017eaj i ve\u0107u aktivnost le\u0111nih mi\u0161i\u0107a. Jednostavan za uporabu i siguran tijekom lon\u017eiranja ili jahanja.\" \/>\n<meta property=\"og:url\" content=\"https:\/\/clair.si\/hr\/izdelek\/pomocne-bocne-vodilice-norton-adjust\/\" \/>\n<meta property=\"og:site_name\" content=\"Clair\" \/>\n<meta property=\"article:publisher\" content=\"https:\/\/www.facebook.com\/TrgovinaClair\/\" \/>\n<meta property=\"article:modified_time\" content=\"2025-11-18T11:00:40+00:00\" \/>\n<meta property=\"og:image\" content=\"https:\/\/clair.si\/wp-content\/uploads\/2024\/10\/Pomozne-vajeti-Norton-jpg.avif\" \/>\n\t<meta property=\"og:image:width\" content=\"800\" \/>\n\t<meta property=\"og:image:height\" content=\"800\" \/>\n\t<meta property=\"og:image:type\" content=\"image\/jpeg\" \/>\n<meta name=\"twitter:card\" content=\"summary_large_image\" \/>\n<meta name=\"twitter:label1\" content=\"Procijenjeno vrijeme \u010ditanja\" \/>\n\t<meta name=\"twitter:data1\" content=\"1 minuta\" \/>\n<script type=\"application\/ld+json\" class=\"yoast-schema-graph\">{\"@context\":\"https:\\\/\\\/schema.org\",\"@graph\":[{\"@type\":\"WebPage\",\"@id\":\"https:\\\/\\\/clair.si\\\/hr\\\/izdelek\\\/pomocne-bocne-vodilice-norton-adjust\\\/\",\"url\":\"https:\\\/\\\/clair.si\\\/hr\\\/izdelek\\\/pomocne-bocne-vodilice-norton-adjust\\\/\",\"name\":\"Pomo\u0107ne bo\u010dne vodilice Norton Adjust - Clair\",\"isPartOf\":{\"@id\":\"https:\\\/\\\/clair.si\\\/#website\"},\"primaryImageOfPage\":{\"@id\":\"https:\\\/\\\/clair.si\\\/hr\\\/izdelek\\\/pomocne-bocne-vodilice-norton-adjust\\\/#primaryimage\"},\"image\":{\"@id\":\"https:\\\/\\\/clair.si\\\/hr\\\/izdelek\\\/pomocne-bocne-vodilice-norton-adjust\\\/#primaryimage\"},\"thumbnailUrl\":\"https:\\\/\\\/clair.si\\\/wp-content\\\/uploads\\\/2024\\\/10\\\/Pomozne-vajeti-Norton-jpg.avif\",\"datePublished\":\"2024-10-15T08:35:05+00:00\",\"dateModified\":\"2025-11-18T11:00:40+00:00\",\"description\":\"Elasti\u010dni dodatak za trening konja koji omogu\u0107uje pravilan polo\u017eaj i ve\u0107u aktivnost le\u0111nih mi\u0161i\u0107a. Jednostavan za uporabu i siguran tijekom lon\u017eiranja ili jahanja.\",\"breadcrumb\":{\"@id\":\"https:\\\/\\\/clair.si\\\/hr\\\/izdelek\\\/pomocne-bocne-vodilice-norton-adjust\\\/#breadcrumb\"},\"inLanguage\":\"hr\",\"potentialAction\":[{\"@type\":\"ReadAction\",\"target\":[\"https:\\\/\\\/clair.si\\\/hr\\\/izdelek\\\/pomocne-bocne-vodilice-norton-adjust\\\/\"]}]},{\"@type\":\"ImageObject\",\"inLanguage\":\"hr\",\"@id\":\"https:\\\/\\\/clair.si\\\/hr\\\/izdelek\\\/pomocne-bocne-vodilice-norton-adjust\\\/#primaryimage\",\"url\":\"https:\\\/\\\/clair.si\\\/wp-content\\\/uploads\\\/2024\\\/10\\\/Pomozne-vajeti-Norton-jpg.avif\",\"contentUrl\":\"https:\\\/\\\/clair.si\\\/wp-content\\\/uploads\\\/2024\\\/10\\\/Pomozne-vajeti-Norton-jpg.avif\",\"width\":800,\"height\":800},{\"@type\":\"BreadcrumbList\",\"@id\":\"https:\\\/\\\/clair.si\\\/hr\\\/izdelek\\\/pomocne-bocne-vodilice-norton-adjust\\\/#breadcrumb\",\"itemListElement\":[{\"@type\":\"ListItem\",\"position\":1,\"name\":\"Home\",\"item\":\"https:\\\/\\\/clair.si\\\/hr\\\/\"},{\"@type\":\"ListItem\",\"position\":2,\"name\":\"Trgovina\",\"item\":\"https:\\\/\\\/clair.si\\\/trgovina\\\/\"},{\"@type\":\"ListItem\",\"position\":3,\"name\":\"Pomo\u0107ne bo\u010dne vodilice Norton Adjust\"}]},{\"@type\":\"WebSite\",\"@id\":\"https:\\\/\\\/clair.si\\\/#website\",\"url\":\"https:\\\/\\\/clair.si\\\/\",\"name\":\"Clair\",\"description\":\"Trgovina s konjeni\u0161ko opremo\",\"publisher\":{\"@id\":\"https:\\\/\\\/clair.si\\\/#organization\"},\"potentialAction\":[{\"@type\":\"SearchAction\",\"target\":{\"@type\":\"EntryPoint\",\"urlTemplate\":\"https:\\\/\\\/clair.si\\\/?s={search_term_string}\"},\"query-input\":{\"@type\":\"PropertyValueSpecification\",\"valueRequired\":true,\"valueName\":\"search_term_string\"}}],\"inLanguage\":\"hr\"},{\"@type\":\"Organization\",\"@id\":\"https:\\\/\\\/clair.si\\\/#organization\",\"name\":\"Clair\",\"url\":\"https:\\\/\\\/clair.si\\\/\",\"logo\":{\"@type\":\"ImageObject\",\"inLanguage\":\"hr\",\"@id\":\"https:\\\/\\\/clair.si\\\/#\\\/schema\\\/logo\\\/image\\\/\",\"url\":\"https:\\\/\\\/clair.si\\\/wp-content\\\/uploads\\\/2022\\\/11\\\/clair_logo_2022.jpg\",\"contentUrl\":\"https:\\\/\\\/clair.si\\\/wp-content\\\/uploads\\\/2022\\\/11\\\/clair_logo_2022.jpg\",\"width\":1920,\"height\":1920,\"caption\":\"Clair\"},\"image\":{\"@id\":\"https:\\\/\\\/clair.si\\\/#\\\/schema\\\/logo\\\/image\\\/\"},\"sameAs\":[\"https:\\\/\\\/www.facebook.com\\\/TrgovinaClair\\\/\"]}]}<\/script>\n<!-- \/ Yoast SEO plugin. -->","yoast_head_json":{"title":"Pomo\u0107ne bo\u010dne vodilice Norton Adjust - Clair","description":"Elasti\u010dni dodatak za trening konja koji omogu\u0107uje pravilan polo\u017eaj i ve\u0107u aktivnost le\u0111nih mi\u0161i\u0107a. Jednostavan za uporabu i siguran tijekom lon\u017eiranja ili jahanja.","robots":{"index":"index","follow":"follow","max-snippet":"max-snippet:-1","max-image-preview":"max-image-preview:large","max-video-preview":"max-video-preview:-1"},"canonical":"https:\/\/clair.si\/hr\/izdelek\/pomocne-bocne-vodilice-norton-adjust\/","og_locale":"hr_HR","og_type":"article","og_title":"Pomo\u0107ne bo\u010dne vodilice Norton Adjust - Clair","og_description":"Elasti\u010dni dodatak za trening konja koji omogu\u0107uje pravilan polo\u017eaj i ve\u0107u aktivnost le\u0111nih mi\u0161i\u0107a. Jednostavan za uporabu i siguran tijekom lon\u017eiranja ili jahanja.","og_url":"https:\/\/clair.si\/hr\/izdelek\/pomocne-bocne-vodilice-norton-adjust\/","og_site_name":"Clair","article_publisher":"https:\/\/www.facebook.com\/TrgovinaClair\/","article_modified_time":"2025-11-18T11:00:40+00:00","og_image":[{"width":800,"height":800,"url":"https:\/\/clair.si\/wp-content\/uploads\/2024\/10\/Pomozne-vajeti-Norton-jpg.avif","type":"image\/jpeg"}],"twitter_card":"summary_large_image","twitter_misc":{"Procijenjeno vrijeme \u010ditanja":"1 minuta"},"schema":{"@context":"https:\/\/schema.org","@graph":[{"@type":"WebPage","@id":"https:\/\/clair.si\/hr\/izdelek\/pomocne-bocne-vodilice-norton-adjust\/","url":"https:\/\/clair.si\/hr\/izdelek\/pomocne-bocne-vodilice-norton-adjust\/","name":"Pomo\u0107ne bo\u010dne vodilice Norton Adjust - Clair","isPartOf":{"@id":"https:\/\/clair.si\/#website"},"primaryImageOfPage":{"@id":"https:\/\/clair.si\/hr\/izdelek\/pomocne-bocne-vodilice-norton-adjust\/#primaryimage"},"image":{"@id":"https:\/\/clair.si\/hr\/izdelek\/pomocne-bocne-vodilice-norton-adjust\/#primaryimage"},"thumbnailUrl":"https:\/\/clair.si\/wp-content\/uploads\/2024\/10\/Pomozne-vajeti-Norton-jpg.avif","datePublished":"2024-10-15T08:35:05+00:00","dateModified":"2025-11-18T11:00:40+00:00","description":"Elasti\u010dni dodatak za trening konja koji omogu\u0107uje pravilan polo\u017eaj i ve\u0107u aktivnost le\u0111nih mi\u0161i\u0107a. Jednostavan za uporabu i siguran tijekom lon\u017eiranja ili jahanja.","breadcrumb":{"@id":"https:\/\/clair.si\/hr\/izdelek\/pomocne-bocne-vodilice-norton-adjust\/#breadcrumb"},"inLanguage":"hr","potentialAction":[{"@type":"ReadAction","target":["https:\/\/clair.si\/hr\/izdelek\/pomocne-bocne-vodilice-norton-adjust\/"]}]},{"@type":"ImageObject","inLanguage":"hr","@id":"https:\/\/clair.si\/hr\/izdelek\/pomocne-bocne-vodilice-norton-adjust\/#primaryimage","url":"https:\/\/clair.si\/wp-content\/uploads\/2024\/10\/Pomozne-vajeti-Norton-jpg.avif","contentUrl":"https:\/\/clair.si\/wp-content\/uploads\/2024\/10\/Pomozne-vajeti-Norton-jpg.avif","width":800,"height":800},{"@type":"BreadcrumbList","@id":"https:\/\/clair.si\/hr\/izdelek\/pomocne-bocne-vodilice-norton-adjust\/#breadcrumb","itemListElement":[{"@type":"ListItem","position":1,"name":"Home","item":"https:\/\/clair.si\/hr\/"},{"@type":"ListItem","position":2,"name":"Trgovina","item":"https:\/\/clair.si\/trgovina\/"},{"@type":"ListItem","position":3,"name":"Pomo\u0107ne bo\u010dne vodilice Norton Adjust"}]},{"@type":"WebSite","@id":"https:\/\/clair.si\/#website","url":"https:\/\/clair.si\/","name":"Clair","description":"Trgovina s konjeni\u0161ko opremo","publisher":{"@id":"https:\/\/clair.si\/#organization"},"potentialAction":[{"@type":"SearchAction","target":{"@type":"EntryPoint","urlTemplate":"https:\/\/clair.si\/?s={search_term_string}"},"query-input":{"@type":"PropertyValueSpecification","valueRequired":true,"valueName":"search_term_string"}}],"inLanguage":"hr"},{"@type":"Organization","@id":"https:\/\/clair.si\/#organization","name":"Clair","url":"https:\/\/clair.si\/","logo":{"@type":"ImageObject","inLanguage":"hr","@id":"https:\/\/clair.si\/#\/schema\/logo\/image\/","url":"https:\/\/clair.si\/wp-content\/uploads\/2022\/11\/clair_logo_2022.jpg","contentUrl":"https:\/\/clair.si\/wp-content\/uploads\/2022\/11\/clair_logo_2022.jpg","width":1920,"height":1920,"caption":"Clair"},"image":{"@id":"https:\/\/clair.si\/#\/schema\/logo\/image\/"},"sameAs":["https:\/\/www.facebook.com\/TrgovinaClair\/"]}]}},"_links":{"self":[{"href":"https:\/\/clair.si\/hr\/wp-json\/wp\/v2\/product\/94141","targetHints":{"allow":["GET"]}}],"collection":[{"href":"https:\/\/clair.si\/hr\/wp-json\/wp\/v2\/product"}],"about":[{"href":"https:\/\/clair.si\/hr\/wp-json\/wp\/v2\/types\/product"}],"version-history":[{"count":1,"href":"https:\/\/clair.si\/hr\/wp-json\/wp\/v2\/product\/94141\/revisions"}],"predecessor-version":[{"id":115144,"href":"https:\/\/clair.si\/hr\/wp-json\/wp\/v2\/product\/94141\/revisions\/115144"}],"wp:featuredmedia":[{"embeddable":true,"href":"https:\/\/clair.si\/hr\/wp-json\/wp\/v2\/media\/94151"}],"wp:attachment":[{"href":"https:\/\/clair.si\/hr\/wp-json\/wp\/v2\/media?parent=94141"}],"wp:term":[{"taxonomy":"product_brand","embeddable":true,"href":"https:\/\/clair.si\/hr\/wp-json\/wp\/v2\/product_brand?post=94141"},{"taxonomy":"product_cat","embeddable":true,"href":"https:\/\/clair.si\/hr\/wp-json\/wp\/v2\/product_cat?post=94141"},{"taxonomy":"product_tag","embeddable":true,"href":"https:\/\/clair.si\/hr\/wp-json\/wp\/v2\/product_tag?post=94141"}],"curies":[{"name":"wp","href":"https:\/\/api.w.org\/{rel}","templated":true}]}}