{"id":94274,"date":"2024-10-04T08:59:32","date_gmt":"2024-10-04T06:59:32","guid":{"rendered":"https:\/\/clair.si\/izdelek\/zvona-za-kopita-hkm-finja\/"},"modified":"2025-08-28T08:43:19","modified_gmt":"2025-08-28T06:43:19","slug":"zvona-za-kopita-hkm-finja","status":"publish","type":"product","link":"https:\/\/clair.si\/hr\/izdelek\/zvona-za-kopita-hkm-finja\/","title":{"rendered":"Zvona za kopita HKM Finja"},"content":{"rendered":"<p>Neoprenska zvona za kopita. Mekana i udobna. <\/p>\n","protected":false},"excerpt":{"rendered":"<p>Neoprenska zvona za kopita. Mekana i udobna.<\/p>\n","protected":false},"featured_media":94283,"template":"","meta":{"footnotes":""},"product_brand":[],"product_cat":[5624,5773,5774],"product_tag":[],"class_list":{"0":"post-94274","1":"product","2":"type-product","3":"status-publish","4":"has-post-thumbnail","6":"product_cat-konj-hr","7":"product_cat-zastitnici-i-bandaze","8":"product_cat-zvonci-za-kopita-hr","10":"first","11":"instock","12":"sale","13":"shipping-taxable","14":"purchasable","15":"product-type-variable"},"yoast_head":"<!-- This site is optimized with the Yoast SEO plugin v27.4 - https:\/\/yoast.com\/product\/yoast-seo-wordpress\/ -->\n<title>Zvona za kopita HKM Finja - Clair<\/title>\n<meta name=\"description\" content=\"Neoprenska zvona za kopita sa zatvaranjem na \u010di\u010dak, koja nude odli\u010dnu za\u0161titu i udobnost konju. Prodaju se u paru. Provjerite na\u0161u ponudu.\" \/>\n<meta name=\"robots\" content=\"index, follow, max-snippet:-1, max-image-preview:large, max-video-preview:-1\" \/>\n<link rel=\"canonical\" href=\"https:\/\/clair.si\/hr\/izdelek\/zvona-za-kopita-hkm-finja\/\" \/>\n<meta property=\"og:locale\" content=\"hr_HR\" \/>\n<meta property=\"og:type\" content=\"article\" \/>\n<meta property=\"og:title\" content=\"Zvona za kopita HKM Finja - Clair\" \/>\n<meta property=\"og:description\" content=\"Neoprenska zvona za kopita sa zatvaranjem na \u010di\u010dak, koja nude odli\u010dnu za\u0161titu i udobnost konju. Prodaju se u paru. Provjerite na\u0161u ponudu.\" \/>\n<meta property=\"og:url\" content=\"https:\/\/clair.si\/hr\/izdelek\/zvona-za-kopita-hkm-finja\/\" \/>\n<meta property=\"og:site_name\" content=\"Clair\" \/>\n<meta property=\"article:publisher\" content=\"https:\/\/www.facebook.com\/TrgovinaClair\/\" \/>\n<meta property=\"article:modified_time\" content=\"2025-08-28T06:43:19+00:00\" \/>\n<meta property=\"og:image\" content=\"https:\/\/clair.si\/wp-content\/uploads\/2024\/10\/Zvonci-za-kopita-Finja-HKM.jpg\" \/>\n\t<meta property=\"og:image:width\" content=\"700\" \/>\n\t<meta property=\"og:image:height\" content=\"700\" \/>\n\t<meta property=\"og:image:type\" content=\"image\/jpeg\" \/>\n<meta name=\"twitter:card\" content=\"summary_large_image\" \/>\n<meta name=\"twitter:label1\" content=\"Procijenjeno vrijeme \u010ditanja\" \/>\n\t<meta name=\"twitter:data1\" content=\"1 minuta\" \/>\n<script type=\"application\/ld+json\" class=\"yoast-schema-graph\">{\"@context\":\"https:\\\/\\\/schema.org\",\"@graph\":[{\"@type\":\"WebPage\",\"@id\":\"https:\\\/\\\/clair.si\\\/hr\\\/izdelek\\\/zvona-za-kopita-hkm-finja\\\/\",\"url\":\"https:\\\/\\\/clair.si\\\/hr\\\/izdelek\\\/zvona-za-kopita-hkm-finja\\\/\",\"name\":\"Zvona za kopita HKM Finja - Clair\",\"isPartOf\":{\"@id\":\"https:\\\/\\\/clair.si\\\/#website\"},\"primaryImageOfPage\":{\"@id\":\"https:\\\/\\\/clair.si\\\/hr\\\/izdelek\\\/zvona-za-kopita-hkm-finja\\\/#primaryimage\"},\"image\":{\"@id\":\"https:\\\/\\\/clair.si\\\/hr\\\/izdelek\\\/zvona-za-kopita-hkm-finja\\\/#primaryimage\"},\"thumbnailUrl\":\"https:\\\/\\\/clair.si\\\/wp-content\\\/uploads\\\/2024\\\/10\\\/Zvonci-za-kopita-Finja-HKM.webp\",\"datePublished\":\"2024-10-04T06:59:32+00:00\",\"dateModified\":\"2025-08-28T06:43:19+00:00\",\"description\":\"Neoprenska zvona za kopita sa zatvaranjem na \u010di\u010dak, koja nude odli\u010dnu za\u0161titu i udobnost konju. Prodaju se u paru. Provjerite na\u0161u ponudu.\",\"breadcrumb\":{\"@id\":\"https:\\\/\\\/clair.si\\\/hr\\\/izdelek\\\/zvona-za-kopita-hkm-finja\\\/#breadcrumb\"},\"inLanguage\":\"hr\",\"potentialAction\":[{\"@type\":\"ReadAction\",\"target\":[\"https:\\\/\\\/clair.si\\\/hr\\\/izdelek\\\/zvona-za-kopita-hkm-finja\\\/\"]}]},{\"@type\":\"ImageObject\",\"inLanguage\":\"hr\",\"@id\":\"https:\\\/\\\/clair.si\\\/hr\\\/izdelek\\\/zvona-za-kopita-hkm-finja\\\/#primaryimage\",\"url\":\"https:\\\/\\\/clair.si\\\/wp-content\\\/uploads\\\/2024\\\/10\\\/Zvonci-za-kopita-Finja-HKM.webp\",\"contentUrl\":\"https:\\\/\\\/clair.si\\\/wp-content\\\/uploads\\\/2024\\\/10\\\/Zvonci-za-kopita-Finja-HKM.webp\",\"width\":700,\"height\":700},{\"@type\":\"BreadcrumbList\",\"@id\":\"https:\\\/\\\/clair.si\\\/hr\\\/izdelek\\\/zvona-za-kopita-hkm-finja\\\/#breadcrumb\",\"itemListElement\":[{\"@type\":\"ListItem\",\"position\":1,\"name\":\"Home\",\"item\":\"https:\\\/\\\/clair.si\\\/hr\\\/\"},{\"@type\":\"ListItem\",\"position\":2,\"name\":\"Trgovina\",\"item\":\"https:\\\/\\\/clair.si\\\/trgovina\\\/\"},{\"@type\":\"ListItem\",\"position\":3,\"name\":\"Zvona za kopita HKM Finja\"}]},{\"@type\":\"WebSite\",\"@id\":\"https:\\\/\\\/clair.si\\\/#website\",\"url\":\"https:\\\/\\\/clair.si\\\/\",\"name\":\"Clair\",\"description\":\"Trgovina s konjeni\u0161ko opremo\",\"publisher\":{\"@id\":\"https:\\\/\\\/clair.si\\\/#organization\"},\"potentialAction\":[{\"@type\":\"SearchAction\",\"target\":{\"@type\":\"EntryPoint\",\"urlTemplate\":\"https:\\\/\\\/clair.si\\\/?s={search_term_string}\"},\"query-input\":{\"@type\":\"PropertyValueSpecification\",\"valueRequired\":true,\"valueName\":\"search_term_string\"}}],\"inLanguage\":\"hr\"},{\"@type\":\"Organization\",\"@id\":\"https:\\\/\\\/clair.si\\\/#organization\",\"name\":\"Clair\",\"url\":\"https:\\\/\\\/clair.si\\\/\",\"logo\":{\"@type\":\"ImageObject\",\"inLanguage\":\"hr\",\"@id\":\"https:\\\/\\\/clair.si\\\/#\\\/schema\\\/logo\\\/image\\\/\",\"url\":\"https:\\\/\\\/clair.si\\\/wp-content\\\/uploads\\\/2022\\\/11\\\/clair_logo_2022.jpg\",\"contentUrl\":\"https:\\\/\\\/clair.si\\\/wp-content\\\/uploads\\\/2022\\\/11\\\/clair_logo_2022.jpg\",\"width\":1920,\"height\":1920,\"caption\":\"Clair\"},\"image\":{\"@id\":\"https:\\\/\\\/clair.si\\\/#\\\/schema\\\/logo\\\/image\\\/\"},\"sameAs\":[\"https:\\\/\\\/www.facebook.com\\\/TrgovinaClair\\\/\"]}]}<\/script>\n<!-- \/ Yoast SEO plugin. -->","yoast_head_json":{"title":"Zvona za kopita HKM Finja - Clair","description":"Neoprenska zvona za kopita sa zatvaranjem na \u010di\u010dak, koja nude odli\u010dnu za\u0161titu i udobnost konju. Prodaju se u paru. Provjerite na\u0161u ponudu.","robots":{"index":"index","follow":"follow","max-snippet":"max-snippet:-1","max-image-preview":"max-image-preview:large","max-video-preview":"max-video-preview:-1"},"canonical":"https:\/\/clair.si\/hr\/izdelek\/zvona-za-kopita-hkm-finja\/","og_locale":"hr_HR","og_type":"article","og_title":"Zvona za kopita HKM Finja - Clair","og_description":"Neoprenska zvona za kopita sa zatvaranjem na \u010di\u010dak, koja nude odli\u010dnu za\u0161titu i udobnost konju. Prodaju se u paru. Provjerite na\u0161u ponudu.","og_url":"https:\/\/clair.si\/hr\/izdelek\/zvona-za-kopita-hkm-finja\/","og_site_name":"Clair","article_publisher":"https:\/\/www.facebook.com\/TrgovinaClair\/","article_modified_time":"2025-08-28T06:43:19+00:00","og_image":[{"width":700,"height":700,"url":"https:\/\/clair.si\/wp-content\/uploads\/2024\/10\/Zvonci-za-kopita-Finja-HKM.jpg","type":"image\/jpeg"}],"twitter_card":"summary_large_image","twitter_misc":{"Procijenjeno vrijeme \u010ditanja":"1 minuta"},"schema":{"@context":"https:\/\/schema.org","@graph":[{"@type":"WebPage","@id":"https:\/\/clair.si\/hr\/izdelek\/zvona-za-kopita-hkm-finja\/","url":"https:\/\/clair.si\/hr\/izdelek\/zvona-za-kopita-hkm-finja\/","name":"Zvona za kopita HKM Finja - Clair","isPartOf":{"@id":"https:\/\/clair.si\/#website"},"primaryImageOfPage":{"@id":"https:\/\/clair.si\/hr\/izdelek\/zvona-za-kopita-hkm-finja\/#primaryimage"},"image":{"@id":"https:\/\/clair.si\/hr\/izdelek\/zvona-za-kopita-hkm-finja\/#primaryimage"},"thumbnailUrl":"https:\/\/clair.si\/wp-content\/uploads\/2024\/10\/Zvonci-za-kopita-Finja-HKM.webp","datePublished":"2024-10-04T06:59:32+00:00","dateModified":"2025-08-28T06:43:19+00:00","description":"Neoprenska zvona za kopita sa zatvaranjem na \u010di\u010dak, koja nude odli\u010dnu za\u0161titu i udobnost konju. Prodaju se u paru. Provjerite na\u0161u ponudu.","breadcrumb":{"@id":"https:\/\/clair.si\/hr\/izdelek\/zvona-za-kopita-hkm-finja\/#breadcrumb"},"inLanguage":"hr","potentialAction":[{"@type":"ReadAction","target":["https:\/\/clair.si\/hr\/izdelek\/zvona-za-kopita-hkm-finja\/"]}]},{"@type":"ImageObject","inLanguage":"hr","@id":"https:\/\/clair.si\/hr\/izdelek\/zvona-za-kopita-hkm-finja\/#primaryimage","url":"https:\/\/clair.si\/wp-content\/uploads\/2024\/10\/Zvonci-za-kopita-Finja-HKM.webp","contentUrl":"https:\/\/clair.si\/wp-content\/uploads\/2024\/10\/Zvonci-za-kopita-Finja-HKM.webp","width":700,"height":700},{"@type":"BreadcrumbList","@id":"https:\/\/clair.si\/hr\/izdelek\/zvona-za-kopita-hkm-finja\/#breadcrumb","itemListElement":[{"@type":"ListItem","position":1,"name":"Home","item":"https:\/\/clair.si\/hr\/"},{"@type":"ListItem","position":2,"name":"Trgovina","item":"https:\/\/clair.si\/trgovina\/"},{"@type":"ListItem","position":3,"name":"Zvona za kopita HKM Finja"}]},{"@type":"WebSite","@id":"https:\/\/clair.si\/#website","url":"https:\/\/clair.si\/","name":"Clair","description":"Trgovina s konjeni\u0161ko opremo","publisher":{"@id":"https:\/\/clair.si\/#organization"},"potentialAction":[{"@type":"SearchAction","target":{"@type":"EntryPoint","urlTemplate":"https:\/\/clair.si\/?s={search_term_string}"},"query-input":{"@type":"PropertyValueSpecification","valueRequired":true,"valueName":"search_term_string"}}],"inLanguage":"hr"},{"@type":"Organization","@id":"https:\/\/clair.si\/#organization","name":"Clair","url":"https:\/\/clair.si\/","logo":{"@type":"ImageObject","inLanguage":"hr","@id":"https:\/\/clair.si\/#\/schema\/logo\/image\/","url":"https:\/\/clair.si\/wp-content\/uploads\/2022\/11\/clair_logo_2022.jpg","contentUrl":"https:\/\/clair.si\/wp-content\/uploads\/2022\/11\/clair_logo_2022.jpg","width":1920,"height":1920,"caption":"Clair"},"image":{"@id":"https:\/\/clair.si\/#\/schema\/logo\/image\/"},"sameAs":["https:\/\/www.facebook.com\/TrgovinaClair\/"]}]}},"_links":{"self":[{"href":"https:\/\/clair.si\/hr\/wp-json\/wp\/v2\/product\/94274","targetHints":{"allow":["GET"]}}],"collection":[{"href":"https:\/\/clair.si\/hr\/wp-json\/wp\/v2\/product"}],"about":[{"href":"https:\/\/clair.si\/hr\/wp-json\/wp\/v2\/types\/product"}],"version-history":[{"count":0,"href":"https:\/\/clair.si\/hr\/wp-json\/wp\/v2\/product\/94274\/revisions"}],"wp:featuredmedia":[{"embeddable":true,"href":"https:\/\/clair.si\/hr\/wp-json\/wp\/v2\/media\/94283"}],"wp:attachment":[{"href":"https:\/\/clair.si\/hr\/wp-json\/wp\/v2\/media?parent=94274"}],"wp:term":[{"taxonomy":"product_brand","embeddable":true,"href":"https:\/\/clair.si\/hr\/wp-json\/wp\/v2\/product_brand?post=94274"},{"taxonomy":"product_cat","embeddable":true,"href":"https:\/\/clair.si\/hr\/wp-json\/wp\/v2\/product_cat?post=94274"},{"taxonomy":"product_tag","embeddable":true,"href":"https:\/\/clair.si\/hr\/wp-json\/wp\/v2\/product_tag?post=94274"}],"curies":[{"name":"wp","href":"https:\/\/api.w.org\/{rel}","templated":true}]}}