{"id":94350,"date":"2024-10-04T13:13:38","date_gmt":"2024-10-04T11:13:38","guid":{"rendered":"https:\/\/clair.si\/izdelek\/naf-biotin-plus\/"},"modified":"2025-08-27T15:33:38","modified_gmt":"2025-08-27T13:33:38","slug":"naf-biotin-plus","status":"publish","type":"product","link":"https:\/\/clair.si\/hr\/izdelek\/naf-biotin-plus\/","title":{"rendered":"NAF Biotine Plus"},"content":{"rendered":"<h3>NAF Biotin Plus \u2013 Dodatak prehrani za zdrava kopita, dlaku i ko\u017eu<\/h3>\n<p><strong>NAF Biotin Plus<\/strong> je visokokvalitetan dodatak prehrani, dizajniran za potporu zdravim kopitima, sna\u017enoj dlaci i sjajnoj ko\u017ei va\u0161eg konja. Sadr\u017ei optimalnu koli\u010dinu biotina, esencijalnog za poticanje rasta i snage kopita, te dodatne hranjive tvari koje osiguravaju cjelovitu potporu za zdravlje konja. <\/p>\n<p><strong>Sastojci<\/strong>:<\/p>\n<ul>\n<li><strong>Biotin<\/strong>: Osnovni vitamin B7, koji ima va\u017enu ulogu u rastu i ja\u010danju kopita. Redovita uporaba biotina dokazano pobolj\u0161ava \u010dvrsto\u0107u kopitne stijenke i poti\u010de br\u017ei rast. <\/li>\n<li><strong>Metionin<\/strong>: Esencijalna aminokiselina, koja je va\u017ena za sintezu keratina, glavnog gradivnog elementa kopita, dlake i ko\u017ee.<\/li>\n<li><strong>Cink<\/strong>: Ovaj mineral podr\u017eava pravilno funkcioniranje enzima, potrebnih za regeneraciju i odr\u017eavanje zdrave strukture kopita.<\/li>\n<li><strong>Kalcij<\/strong>: Va\u017ean za odr\u017eavanje sna\u017enih kopita i kostiju.<\/li>\n<\/ul>\n<p><strong>Za\u0161to odabrati NAF Biotin Plus<\/strong>?<\/p>\n<ul>\n<li><strong>Potpora zdravim kopitima<\/strong>: Visok sadr\u017eaj biotina i drugih klju\u010dnih hranjivih tvari omogu\u0107uje sna\u017ean rast i \u010dvrsto\u0107u kopitne stijenke te smanjuje rizik za pukotine ili krhkost kopita.<\/li>\n<li><strong>Sjajna dlaka i zdrava ko\u017ea<\/strong>: Formula s dodanim cinkom i metioninom pridonosi zdravoj dlaci i ko\u017ei, koja je otpornija na vanjske utjecaje.<\/li>\n<li><strong>Dugotrajni rezultati<\/strong>: NAF Biotin Plus je dizajniran tako da osigurava dugotrajnu potporu, \u0161to poma\u017ee o\u010duvati zdravlje kopita i ko\u017ee kroz sva godi\u0161nja doba.<\/li>\n<li><strong>Jednostavno za kori\u0161tenje<\/strong>: Pra\u0161ak se lako umije\u0161a u dnevni obrok, zbog \u010dega je jednostavan za redovito dodavanje prehrani va\u0161eg konja.<\/li>\n<\/ul>\n<p>Redovita uporaba <strong>NAF Biotin Plus<\/strong> se posebno preporu\u010duje za konje s krhkim ili ispucalim kopitima. Proizvod poma\u017ee pobolj\u0161ati kvalitetu kopita i omogu\u0107uje br\u017ei oporavak od mogu\u0107ih ozljeda. Osim toga, va\u0161 konj \u0107e u\u017eivati koristi, kao \u0161to su gla\u0111a dlaka, bolja tekstura ko\u017ee i op\u0107enito pobolj\u0161ano stanje.  <\/p>\n<p><strong>Na\u010din uporabe<\/strong>: Za najbolje rezultate dodajte preporu\u010denu dnevnu dozu u uobi\u010dajenu prehranu va\u0161eg konja. Rezultati na kopitima \u0107e postati vidljivi nakon nekoliko mjeseci redovite uporabe, jer se kopita polako obnavljaju. <\/p>\n<p><strong>Koli\u010dina<\/strong>: 2 kg<\/p>\n","protected":false},"excerpt":{"rendered":"<ul>\n<li>idealan dodatak prehrani za pobolj\u0161anje kopita i dlake<\/li>\n<li>osim biotina jo\u0161 i metionin, kalcij i cink<\/li>\n<li>2 kg<\/li>\n<\/ul>\n","protected":false},"featured_media":94354,"template":"","meta":{"footnotes":""},"product_brand":[],"product_cat":[5710,5784,5712],"product_tag":[],"class_list":{"0":"post-94350","1":"product","2":"type-product","3":"status-publish","4":"has-post-thumbnail","6":"product_cat-hrana-za-konje-hr","7":"product_cat-naf-prehrambeni-dodaci","8":"product_cat-prehrambeni-dodaci","10":"first","11":"instock","12":"shipping-taxable","13":"purchasable","14":"product-type-simple"},"yoast_head":"<!-- This site is optimized with the Yoast SEO plugin v27.3 - https:\/\/yoast.com\/product\/yoast-seo-wordpress\/ -->\n<title>NAF Biotine Plus - Clair<\/title>\n<meta name=\"description\" content=\"idealan dodatak prehrani za pobolj\u0161anje kopita i dlake  osim biotina jo\u0161 i metionin, kalcij i cink  2 kg\" \/>\n<meta name=\"robots\" content=\"index, follow, max-snippet:-1, max-image-preview:large, max-video-preview:-1\" \/>\n<link rel=\"canonical\" href=\"https:\/\/clair.si\/hr\/izdelek\/naf-biotin-plus\/\" \/>\n<meta property=\"og:locale\" content=\"hr_HR\" \/>\n<meta property=\"og:type\" content=\"article\" \/>\n<meta property=\"og:title\" content=\"NAF Biotine Plus - Clair\" \/>\n<meta property=\"og:description\" content=\"idealan dodatak prehrani za pobolj\u0161anje kopita i dlake  osim biotina jo\u0161 i metionin, kalcij i cink  2 kg\" \/>\n<meta property=\"og:url\" content=\"https:\/\/clair.si\/hr\/izdelek\/naf-biotin-plus\/\" \/>\n<meta property=\"og:site_name\" content=\"Clair\" \/>\n<meta property=\"article:publisher\" content=\"https:\/\/www.facebook.com\/TrgovinaClair\/\" \/>\n<meta property=\"article:modified_time\" content=\"2025-08-27T13:33:38+00:00\" \/>\n<meta property=\"og:image\" content=\"https:\/\/clair.si\/wp-content\/uploads\/2024\/10\/NAF-BIOTIN-PLUS-CLAIR-jpg.avif\" \/>\n\t<meta property=\"og:image:width\" content=\"458\" \/>\n\t<meta property=\"og:image:height\" content=\"458\" \/>\n\t<meta property=\"og:image:type\" content=\"image\/jpeg\" \/>\n<meta name=\"twitter:card\" content=\"summary_large_image\" \/>\n<meta name=\"twitter:label1\" content=\"Procijenjeno vrijeme \u010ditanja\" \/>\n\t<meta name=\"twitter:data1\" content=\"2 minute\" \/>\n<script type=\"application\/ld+json\" class=\"yoast-schema-graph\">{\"@context\":\"https:\\\/\\\/schema.org\",\"@graph\":[{\"@type\":\"WebPage\",\"@id\":\"https:\\\/\\\/clair.si\\\/hr\\\/izdelek\\\/naf-biotin-plus\\\/\",\"url\":\"https:\\\/\\\/clair.si\\\/hr\\\/izdelek\\\/naf-biotin-plus\\\/\",\"name\":\"NAF Biotine Plus - Clair\",\"isPartOf\":{\"@id\":\"https:\\\/\\\/clair.si\\\/#website\"},\"primaryImageOfPage\":{\"@id\":\"https:\\\/\\\/clair.si\\\/hr\\\/izdelek\\\/naf-biotin-plus\\\/#primaryimage\"},\"image\":{\"@id\":\"https:\\\/\\\/clair.si\\\/hr\\\/izdelek\\\/naf-biotin-plus\\\/#primaryimage\"},\"thumbnailUrl\":\"https:\\\/\\\/clair.si\\\/wp-content\\\/uploads\\\/2024\\\/10\\\/NAF-BIOTIN-PLUS-CLAIR-jpg.avif\",\"datePublished\":\"2024-10-04T11:13:38+00:00\",\"dateModified\":\"2025-08-27T13:33:38+00:00\",\"description\":\"idealan dodatak prehrani za pobolj\u0161anje kopita i dlake osim biotina jo\u0161 i metionin, kalcij i cink 2 kg\",\"breadcrumb\":{\"@id\":\"https:\\\/\\\/clair.si\\\/hr\\\/izdelek\\\/naf-biotin-plus\\\/#breadcrumb\"},\"inLanguage\":\"hr\",\"potentialAction\":[{\"@type\":\"ReadAction\",\"target\":[\"https:\\\/\\\/clair.si\\\/hr\\\/izdelek\\\/naf-biotin-plus\\\/\"]}]},{\"@type\":\"ImageObject\",\"inLanguage\":\"hr\",\"@id\":\"https:\\\/\\\/clair.si\\\/hr\\\/izdelek\\\/naf-biotin-plus\\\/#primaryimage\",\"url\":\"https:\\\/\\\/clair.si\\\/wp-content\\\/uploads\\\/2024\\\/10\\\/NAF-BIOTIN-PLUS-CLAIR-jpg.avif\",\"contentUrl\":\"https:\\\/\\\/clair.si\\\/wp-content\\\/uploads\\\/2024\\\/10\\\/NAF-BIOTIN-PLUS-CLAIR-jpg.avif\",\"width\":458,\"height\":458},{\"@type\":\"BreadcrumbList\",\"@id\":\"https:\\\/\\\/clair.si\\\/hr\\\/izdelek\\\/naf-biotin-plus\\\/#breadcrumb\",\"itemListElement\":[{\"@type\":\"ListItem\",\"position\":1,\"name\":\"Home\",\"item\":\"https:\\\/\\\/clair.si\\\/hr\\\/\"},{\"@type\":\"ListItem\",\"position\":2,\"name\":\"Trgovina\",\"item\":\"https:\\\/\\\/clair.si\\\/trgovina\\\/\"},{\"@type\":\"ListItem\",\"position\":3,\"name\":\"NAF Biotine Plus\"}]},{\"@type\":\"WebSite\",\"@id\":\"https:\\\/\\\/clair.si\\\/#website\",\"url\":\"https:\\\/\\\/clair.si\\\/\",\"name\":\"Clair\",\"description\":\"Trgovina s konjeni\u0161ko opremo\",\"publisher\":{\"@id\":\"https:\\\/\\\/clair.si\\\/#organization\"},\"potentialAction\":[{\"@type\":\"SearchAction\",\"target\":{\"@type\":\"EntryPoint\",\"urlTemplate\":\"https:\\\/\\\/clair.si\\\/?s={search_term_string}\"},\"query-input\":{\"@type\":\"PropertyValueSpecification\",\"valueRequired\":true,\"valueName\":\"search_term_string\"}}],\"inLanguage\":\"hr\"},{\"@type\":\"Organization\",\"@id\":\"https:\\\/\\\/clair.si\\\/#organization\",\"name\":\"Clair\",\"url\":\"https:\\\/\\\/clair.si\\\/\",\"logo\":{\"@type\":\"ImageObject\",\"inLanguage\":\"hr\",\"@id\":\"https:\\\/\\\/clair.si\\\/#\\\/schema\\\/logo\\\/image\\\/\",\"url\":\"https:\\\/\\\/clair.si\\\/wp-content\\\/uploads\\\/2022\\\/11\\\/clair_logo_2022.jpg\",\"contentUrl\":\"https:\\\/\\\/clair.si\\\/wp-content\\\/uploads\\\/2022\\\/11\\\/clair_logo_2022.jpg\",\"width\":1920,\"height\":1920,\"caption\":\"Clair\"},\"image\":{\"@id\":\"https:\\\/\\\/clair.si\\\/#\\\/schema\\\/logo\\\/image\\\/\"},\"sameAs\":[\"https:\\\/\\\/www.facebook.com\\\/TrgovinaClair\\\/\"]}]}<\/script>\n<!-- \/ Yoast SEO plugin. -->","yoast_head_json":{"title":"NAF Biotine Plus - Clair","description":"idealan dodatak prehrani za pobolj\u0161anje kopita i dlake  osim biotina jo\u0161 i metionin, kalcij i cink  2 kg","robots":{"index":"index","follow":"follow","max-snippet":"max-snippet:-1","max-image-preview":"max-image-preview:large","max-video-preview":"max-video-preview:-1"},"canonical":"https:\/\/clair.si\/hr\/izdelek\/naf-biotin-plus\/","og_locale":"hr_HR","og_type":"article","og_title":"NAF Biotine Plus - Clair","og_description":"idealan dodatak prehrani za pobolj\u0161anje kopita i dlake  osim biotina jo\u0161 i metionin, kalcij i cink  2 kg","og_url":"https:\/\/clair.si\/hr\/izdelek\/naf-biotin-plus\/","og_site_name":"Clair","article_publisher":"https:\/\/www.facebook.com\/TrgovinaClair\/","article_modified_time":"2025-08-27T13:33:38+00:00","og_image":[{"width":458,"height":458,"url":"https:\/\/clair.si\/wp-content\/uploads\/2024\/10\/NAF-BIOTIN-PLUS-CLAIR-jpg.avif","type":"image\/jpeg"}],"twitter_card":"summary_large_image","twitter_misc":{"Procijenjeno vrijeme \u010ditanja":"2 minute"},"schema":{"@context":"https:\/\/schema.org","@graph":[{"@type":"WebPage","@id":"https:\/\/clair.si\/hr\/izdelek\/naf-biotin-plus\/","url":"https:\/\/clair.si\/hr\/izdelek\/naf-biotin-plus\/","name":"NAF Biotine Plus - Clair","isPartOf":{"@id":"https:\/\/clair.si\/#website"},"primaryImageOfPage":{"@id":"https:\/\/clair.si\/hr\/izdelek\/naf-biotin-plus\/#primaryimage"},"image":{"@id":"https:\/\/clair.si\/hr\/izdelek\/naf-biotin-plus\/#primaryimage"},"thumbnailUrl":"https:\/\/clair.si\/wp-content\/uploads\/2024\/10\/NAF-BIOTIN-PLUS-CLAIR-jpg.avif","datePublished":"2024-10-04T11:13:38+00:00","dateModified":"2025-08-27T13:33:38+00:00","description":"idealan dodatak prehrani za pobolj\u0161anje kopita i dlake osim biotina jo\u0161 i metionin, kalcij i cink 2 kg","breadcrumb":{"@id":"https:\/\/clair.si\/hr\/izdelek\/naf-biotin-plus\/#breadcrumb"},"inLanguage":"hr","potentialAction":[{"@type":"ReadAction","target":["https:\/\/clair.si\/hr\/izdelek\/naf-biotin-plus\/"]}]},{"@type":"ImageObject","inLanguage":"hr","@id":"https:\/\/clair.si\/hr\/izdelek\/naf-biotin-plus\/#primaryimage","url":"https:\/\/clair.si\/wp-content\/uploads\/2024\/10\/NAF-BIOTIN-PLUS-CLAIR-jpg.avif","contentUrl":"https:\/\/clair.si\/wp-content\/uploads\/2024\/10\/NAF-BIOTIN-PLUS-CLAIR-jpg.avif","width":458,"height":458},{"@type":"BreadcrumbList","@id":"https:\/\/clair.si\/hr\/izdelek\/naf-biotin-plus\/#breadcrumb","itemListElement":[{"@type":"ListItem","position":1,"name":"Home","item":"https:\/\/clair.si\/hr\/"},{"@type":"ListItem","position":2,"name":"Trgovina","item":"https:\/\/clair.si\/trgovina\/"},{"@type":"ListItem","position":3,"name":"NAF Biotine Plus"}]},{"@type":"WebSite","@id":"https:\/\/clair.si\/#website","url":"https:\/\/clair.si\/","name":"Clair","description":"Trgovina s konjeni\u0161ko opremo","publisher":{"@id":"https:\/\/clair.si\/#organization"},"potentialAction":[{"@type":"SearchAction","target":{"@type":"EntryPoint","urlTemplate":"https:\/\/clair.si\/?s={search_term_string}"},"query-input":{"@type":"PropertyValueSpecification","valueRequired":true,"valueName":"search_term_string"}}],"inLanguage":"hr"},{"@type":"Organization","@id":"https:\/\/clair.si\/#organization","name":"Clair","url":"https:\/\/clair.si\/","logo":{"@type":"ImageObject","inLanguage":"hr","@id":"https:\/\/clair.si\/#\/schema\/logo\/image\/","url":"https:\/\/clair.si\/wp-content\/uploads\/2022\/11\/clair_logo_2022.jpg","contentUrl":"https:\/\/clair.si\/wp-content\/uploads\/2022\/11\/clair_logo_2022.jpg","width":1920,"height":1920,"caption":"Clair"},"image":{"@id":"https:\/\/clair.si\/#\/schema\/logo\/image\/"},"sameAs":["https:\/\/www.facebook.com\/TrgovinaClair\/"]}]}},"_links":{"self":[{"href":"https:\/\/clair.si\/hr\/wp-json\/wp\/v2\/product\/94350","targetHints":{"allow":["GET"]}}],"collection":[{"href":"https:\/\/clair.si\/hr\/wp-json\/wp\/v2\/product"}],"about":[{"href":"https:\/\/clair.si\/hr\/wp-json\/wp\/v2\/types\/product"}],"version-history":[{"count":0,"href":"https:\/\/clair.si\/hr\/wp-json\/wp\/v2\/product\/94350\/revisions"}],"wp:featuredmedia":[{"embeddable":true,"href":"https:\/\/clair.si\/hr\/wp-json\/wp\/v2\/media\/94354"}],"wp:attachment":[{"href":"https:\/\/clair.si\/hr\/wp-json\/wp\/v2\/media?parent=94350"}],"wp:term":[{"taxonomy":"product_brand","embeddable":true,"href":"https:\/\/clair.si\/hr\/wp-json\/wp\/v2\/product_brand?post=94350"},{"taxonomy":"product_cat","embeddable":true,"href":"https:\/\/clair.si\/hr\/wp-json\/wp\/v2\/product_cat?post=94350"},{"taxonomy":"product_tag","embeddable":true,"href":"https:\/\/clair.si\/hr\/wp-json\/wp\/v2\/product_tag?post=94350"}],"curies":[{"name":"wp","href":"https:\/\/api.w.org\/{rel}","templated":true}]}}