{"id":94358,"date":"2024-10-01T07:15:42","date_gmt":"2024-10-01T05:15:42","guid":{"rendered":"https:\/\/clair.si\/izdelek\/set-za-preskakanje-prepona-za-hobi-konje\/"},"modified":"2025-08-27T17:47:45","modified_gmt":"2025-08-27T15:47:45","slug":"set-za-preskakanje-prepona-za-hobi-konje","status":"publish","type":"product","link":"https:\/\/clair.si\/hr\/izdelek\/set-za-preskakanje-prepona-za-hobi-konje\/","title":{"rendered":"Hobby Horsing set za preskakanje"},"content":{"rendered":"<p>Ovaj Hobby Horsing set savr\u0161en je za vje\u017ebanje agilnosti i pobolj\u0161anje va\u0161ih vje\u0161tina u hobby horsingu. Namijenjen je kako po\u010detnicima, tako i iskusnim ljubiteljima hobby horsinga, a set uklju\u010duje dva stalka i pet plasti\u010dnih \u0161ipki za preskakanje. \u0160ipke su dizajnirane tako da mogu pasti na obje strane, \u0161to osigurava sigurnost tijekom vje\u017ebanja.  <\/p>\n<p><strong>Dimenzije:<\/strong> 110 x 67 x 95 cm (idealne veli\u010dine za postavljanje hobby horsinga).<\/p>\n<p><strong>Ispunjava europske sigurnosne standarde:<\/strong> Ovaj proizvod je u skladu s europskom direktivom o sigurnosti igra\u010daka, \u0161to zna\u010di da je pro\u0161ao sve potrebne sigurnosne testove i prikladan je za korisnike razli\u010ditih dobnih skupina.<\/p>\n","protected":false},"excerpt":{"rendered":"<p>Ovaj Hobby Horsing set savr\u0161en je za vje\u017ebanje agilnosti i pobolj\u0161anje va\u0161ih vje\u0161tina u hobby horsingu. Namijenjen je kako po\u010detnicima,<\/p>\n","protected":false},"featured_media":94364,"template":"","meta":{"footnotes":""},"product_brand":[],"product_cat":[6069,5654],"product_tag":[],"class_list":{"0":"post-94358","1":"product","2":"type-product","3":"status-publish","4":"has-post-thumbnail","6":"product_cat-hobby-horse","7":"product_cat-jahac-hr","9":"first","10":"outofstock","11":"sale","12":"shipping-taxable","13":"purchasable","14":"product-type-variable"},"yoast_head":"<!-- This site is optimized with the Yoast SEO plugin v27.4 - https:\/\/yoast.com\/product\/yoast-seo-wordpress\/ -->\n<title>Hobby Horsing set za preskakanje - Clair<\/title>\n<meta name=\"description\" content=\"Ovaj Hobby Horsing set savr\u0161en je za vje\u017ebanje agilnosti i pobolj\u0161anje va\u0161ih vje\u0161tina u hobby horsingu. Namijenjen je kako po\u010detnicima, tako i iskusnim\" \/>\n<meta name=\"robots\" content=\"index, follow, max-snippet:-1, max-image-preview:large, max-video-preview:-1\" \/>\n<link rel=\"canonical\" href=\"https:\/\/clair.si\/hr\/izdelek\/set-za-preskakanje-prepona-za-hobi-konje\/\" \/>\n<meta property=\"og:locale\" content=\"hr_HR\" \/>\n<meta property=\"og:type\" content=\"article\" \/>\n<meta property=\"og:title\" content=\"Hobby Horsing set za preskakanje - Clair\" \/>\n<meta property=\"og:description\" content=\"Ovaj Hobby Horsing set savr\u0161en je za vje\u017ebanje agilnosti i pobolj\u0161anje va\u0161ih vje\u0161tina u hobby horsingu. Namijenjen je kako po\u010detnicima, tako i iskusnim\" \/>\n<meta property=\"og:url\" content=\"https:\/\/clair.si\/hr\/izdelek\/set-za-preskakanje-prepona-za-hobi-konje\/\" \/>\n<meta property=\"og:site_name\" content=\"Clair\" \/>\n<meta property=\"article:publisher\" content=\"https:\/\/www.facebook.com\/TrgovinaClair\/\" \/>\n<meta property=\"article:modified_time\" content=\"2025-08-27T15:47:45+00:00\" \/>\n<meta property=\"og:image\" content=\"https:\/\/clair.si\/wp-content\/uploads\/2024\/10\/ovira-hobby-horsing-1-jpg.avif\" \/>\n\t<meta property=\"og:image:width\" content=\"700\" \/>\n\t<meta property=\"og:image:height\" content=\"700\" \/>\n\t<meta property=\"og:image:type\" content=\"image\/jpeg\" \/>\n<meta name=\"twitter:card\" content=\"summary_large_image\" \/>\n<meta name=\"twitter:label1\" content=\"Procijenjeno vrijeme \u010ditanja\" \/>\n\t<meta name=\"twitter:data1\" content=\"1 minuta\" \/>\n<script type=\"application\/ld+json\" class=\"yoast-schema-graph\">{\"@context\":\"https:\\\/\\\/schema.org\",\"@graph\":[{\"@type\":\"WebPage\",\"@id\":\"https:\\\/\\\/clair.si\\\/hr\\\/izdelek\\\/set-za-preskakanje-prepona-za-hobi-konje\\\/\",\"url\":\"https:\\\/\\\/clair.si\\\/hr\\\/izdelek\\\/set-za-preskakanje-prepona-za-hobi-konje\\\/\",\"name\":\"Hobby Horsing set za preskakanje - Clair\",\"isPartOf\":{\"@id\":\"https:\\\/\\\/clair.si\\\/#website\"},\"primaryImageOfPage\":{\"@id\":\"https:\\\/\\\/clair.si\\\/hr\\\/izdelek\\\/set-za-preskakanje-prepona-za-hobi-konje\\\/#primaryimage\"},\"image\":{\"@id\":\"https:\\\/\\\/clair.si\\\/hr\\\/izdelek\\\/set-za-preskakanje-prepona-za-hobi-konje\\\/#primaryimage\"},\"thumbnailUrl\":\"https:\\\/\\\/clair.si\\\/wp-content\\\/uploads\\\/2024\\\/10\\\/ovira-hobby-horsing-1-jpg.avif\",\"datePublished\":\"2024-10-01T05:15:42+00:00\",\"dateModified\":\"2025-08-27T15:47:45+00:00\",\"description\":\"Ovaj Hobby Horsing set savr\u0161en je za vje\u017ebanje agilnosti i pobolj\u0161anje va\u0161ih vje\u0161tina u hobby horsingu. Namijenjen je kako po\u010detnicima, tako i iskusnim\",\"breadcrumb\":{\"@id\":\"https:\\\/\\\/clair.si\\\/hr\\\/izdelek\\\/set-za-preskakanje-prepona-za-hobi-konje\\\/#breadcrumb\"},\"inLanguage\":\"hr\",\"potentialAction\":[{\"@type\":\"ReadAction\",\"target\":[\"https:\\\/\\\/clair.si\\\/hr\\\/izdelek\\\/set-za-preskakanje-prepona-za-hobi-konje\\\/\"]}]},{\"@type\":\"ImageObject\",\"inLanguage\":\"hr\",\"@id\":\"https:\\\/\\\/clair.si\\\/hr\\\/izdelek\\\/set-za-preskakanje-prepona-za-hobi-konje\\\/#primaryimage\",\"url\":\"https:\\\/\\\/clair.si\\\/wp-content\\\/uploads\\\/2024\\\/10\\\/ovira-hobby-horsing-1-jpg.avif\",\"contentUrl\":\"https:\\\/\\\/clair.si\\\/wp-content\\\/uploads\\\/2024\\\/10\\\/ovira-hobby-horsing-1-jpg.avif\",\"width\":700,\"height\":700},{\"@type\":\"BreadcrumbList\",\"@id\":\"https:\\\/\\\/clair.si\\\/hr\\\/izdelek\\\/set-za-preskakanje-prepona-za-hobi-konje\\\/#breadcrumb\",\"itemListElement\":[{\"@type\":\"ListItem\",\"position\":1,\"name\":\"Home\",\"item\":\"https:\\\/\\\/clair.si\\\/hr\\\/\"},{\"@type\":\"ListItem\",\"position\":2,\"name\":\"Trgovina\",\"item\":\"https:\\\/\\\/clair.si\\\/trgovina\\\/\"},{\"@type\":\"ListItem\",\"position\":3,\"name\":\"Hobby Horsing set za preskakanje\"}]},{\"@type\":\"WebSite\",\"@id\":\"https:\\\/\\\/clair.si\\\/#website\",\"url\":\"https:\\\/\\\/clair.si\\\/\",\"name\":\"Clair\",\"description\":\"Trgovina s konjeni\u0161ko opremo\",\"publisher\":{\"@id\":\"https:\\\/\\\/clair.si\\\/#organization\"},\"potentialAction\":[{\"@type\":\"SearchAction\",\"target\":{\"@type\":\"EntryPoint\",\"urlTemplate\":\"https:\\\/\\\/clair.si\\\/?s={search_term_string}\"},\"query-input\":{\"@type\":\"PropertyValueSpecification\",\"valueRequired\":true,\"valueName\":\"search_term_string\"}}],\"inLanguage\":\"hr\"},{\"@type\":\"Organization\",\"@id\":\"https:\\\/\\\/clair.si\\\/#organization\",\"name\":\"Clair\",\"url\":\"https:\\\/\\\/clair.si\\\/\",\"logo\":{\"@type\":\"ImageObject\",\"inLanguage\":\"hr\",\"@id\":\"https:\\\/\\\/clair.si\\\/#\\\/schema\\\/logo\\\/image\\\/\",\"url\":\"https:\\\/\\\/clair.si\\\/wp-content\\\/uploads\\\/2022\\\/11\\\/clair_logo_2022.jpg\",\"contentUrl\":\"https:\\\/\\\/clair.si\\\/wp-content\\\/uploads\\\/2022\\\/11\\\/clair_logo_2022.jpg\",\"width\":1920,\"height\":1920,\"caption\":\"Clair\"},\"image\":{\"@id\":\"https:\\\/\\\/clair.si\\\/#\\\/schema\\\/logo\\\/image\\\/\"},\"sameAs\":[\"https:\\\/\\\/www.facebook.com\\\/TrgovinaClair\\\/\"]}]}<\/script>\n<!-- \/ Yoast SEO plugin. -->","yoast_head_json":{"title":"Hobby Horsing set za preskakanje - Clair","description":"Ovaj Hobby Horsing set savr\u0161en je za vje\u017ebanje agilnosti i pobolj\u0161anje va\u0161ih vje\u0161tina u hobby horsingu. Namijenjen je kako po\u010detnicima, tako i iskusnim","robots":{"index":"index","follow":"follow","max-snippet":"max-snippet:-1","max-image-preview":"max-image-preview:large","max-video-preview":"max-video-preview:-1"},"canonical":"https:\/\/clair.si\/hr\/izdelek\/set-za-preskakanje-prepona-za-hobi-konje\/","og_locale":"hr_HR","og_type":"article","og_title":"Hobby Horsing set za preskakanje - Clair","og_description":"Ovaj Hobby Horsing set savr\u0161en je za vje\u017ebanje agilnosti i pobolj\u0161anje va\u0161ih vje\u0161tina u hobby horsingu. Namijenjen je kako po\u010detnicima, tako i iskusnim","og_url":"https:\/\/clair.si\/hr\/izdelek\/set-za-preskakanje-prepona-za-hobi-konje\/","og_site_name":"Clair","article_publisher":"https:\/\/www.facebook.com\/TrgovinaClair\/","article_modified_time":"2025-08-27T15:47:45+00:00","og_image":[{"width":700,"height":700,"url":"https:\/\/clair.si\/wp-content\/uploads\/2024\/10\/ovira-hobby-horsing-1-jpg.avif","type":"image\/jpeg"}],"twitter_card":"summary_large_image","twitter_misc":{"Procijenjeno vrijeme \u010ditanja":"1 minuta"},"schema":{"@context":"https:\/\/schema.org","@graph":[{"@type":"WebPage","@id":"https:\/\/clair.si\/hr\/izdelek\/set-za-preskakanje-prepona-za-hobi-konje\/","url":"https:\/\/clair.si\/hr\/izdelek\/set-za-preskakanje-prepona-za-hobi-konje\/","name":"Hobby Horsing set za preskakanje - Clair","isPartOf":{"@id":"https:\/\/clair.si\/#website"},"primaryImageOfPage":{"@id":"https:\/\/clair.si\/hr\/izdelek\/set-za-preskakanje-prepona-za-hobi-konje\/#primaryimage"},"image":{"@id":"https:\/\/clair.si\/hr\/izdelek\/set-za-preskakanje-prepona-za-hobi-konje\/#primaryimage"},"thumbnailUrl":"https:\/\/clair.si\/wp-content\/uploads\/2024\/10\/ovira-hobby-horsing-1-jpg.avif","datePublished":"2024-10-01T05:15:42+00:00","dateModified":"2025-08-27T15:47:45+00:00","description":"Ovaj Hobby Horsing set savr\u0161en je za vje\u017ebanje agilnosti i pobolj\u0161anje va\u0161ih vje\u0161tina u hobby horsingu. Namijenjen je kako po\u010detnicima, tako i iskusnim","breadcrumb":{"@id":"https:\/\/clair.si\/hr\/izdelek\/set-za-preskakanje-prepona-za-hobi-konje\/#breadcrumb"},"inLanguage":"hr","potentialAction":[{"@type":"ReadAction","target":["https:\/\/clair.si\/hr\/izdelek\/set-za-preskakanje-prepona-za-hobi-konje\/"]}]},{"@type":"ImageObject","inLanguage":"hr","@id":"https:\/\/clair.si\/hr\/izdelek\/set-za-preskakanje-prepona-za-hobi-konje\/#primaryimage","url":"https:\/\/clair.si\/wp-content\/uploads\/2024\/10\/ovira-hobby-horsing-1-jpg.avif","contentUrl":"https:\/\/clair.si\/wp-content\/uploads\/2024\/10\/ovira-hobby-horsing-1-jpg.avif","width":700,"height":700},{"@type":"BreadcrumbList","@id":"https:\/\/clair.si\/hr\/izdelek\/set-za-preskakanje-prepona-za-hobi-konje\/#breadcrumb","itemListElement":[{"@type":"ListItem","position":1,"name":"Home","item":"https:\/\/clair.si\/hr\/"},{"@type":"ListItem","position":2,"name":"Trgovina","item":"https:\/\/clair.si\/trgovina\/"},{"@type":"ListItem","position":3,"name":"Hobby Horsing set za preskakanje"}]},{"@type":"WebSite","@id":"https:\/\/clair.si\/#website","url":"https:\/\/clair.si\/","name":"Clair","description":"Trgovina s konjeni\u0161ko opremo","publisher":{"@id":"https:\/\/clair.si\/#organization"},"potentialAction":[{"@type":"SearchAction","target":{"@type":"EntryPoint","urlTemplate":"https:\/\/clair.si\/?s={search_term_string}"},"query-input":{"@type":"PropertyValueSpecification","valueRequired":true,"valueName":"search_term_string"}}],"inLanguage":"hr"},{"@type":"Organization","@id":"https:\/\/clair.si\/#organization","name":"Clair","url":"https:\/\/clair.si\/","logo":{"@type":"ImageObject","inLanguage":"hr","@id":"https:\/\/clair.si\/#\/schema\/logo\/image\/","url":"https:\/\/clair.si\/wp-content\/uploads\/2022\/11\/clair_logo_2022.jpg","contentUrl":"https:\/\/clair.si\/wp-content\/uploads\/2022\/11\/clair_logo_2022.jpg","width":1920,"height":1920,"caption":"Clair"},"image":{"@id":"https:\/\/clair.si\/#\/schema\/logo\/image\/"},"sameAs":["https:\/\/www.facebook.com\/TrgovinaClair\/"]}]}},"_links":{"self":[{"href":"https:\/\/clair.si\/hr\/wp-json\/wp\/v2\/product\/94358","targetHints":{"allow":["GET"]}}],"collection":[{"href":"https:\/\/clair.si\/hr\/wp-json\/wp\/v2\/product"}],"about":[{"href":"https:\/\/clair.si\/hr\/wp-json\/wp\/v2\/types\/product"}],"version-history":[{"count":1,"href":"https:\/\/clair.si\/hr\/wp-json\/wp\/v2\/product\/94358\/revisions"}],"predecessor-version":[{"id":113814,"href":"https:\/\/clair.si\/hr\/wp-json\/wp\/v2\/product\/94358\/revisions\/113814"}],"wp:featuredmedia":[{"embeddable":true,"href":"https:\/\/clair.si\/hr\/wp-json\/wp\/v2\/media\/94364"}],"wp:attachment":[{"href":"https:\/\/clair.si\/hr\/wp-json\/wp\/v2\/media?parent=94358"}],"wp:term":[{"taxonomy":"product_brand","embeddable":true,"href":"https:\/\/clair.si\/hr\/wp-json\/wp\/v2\/product_brand?post=94358"},{"taxonomy":"product_cat","embeddable":true,"href":"https:\/\/clair.si\/hr\/wp-json\/wp\/v2\/product_cat?post=94358"},{"taxonomy":"product_tag","embeddable":true,"href":"https:\/\/clair.si\/hr\/wp-json\/wp\/v2\/product_tag?post=94358"}],"curies":[{"name":"wp","href":"https:\/\/api.w.org\/{rel}","templated":true}]}}