{"id":94372,"date":"2024-10-02T14:35:14","date_gmt":"2024-10-02T12:35:14","guid":{"rendered":"https:\/\/clair.si\/izdelek\/ulje-za-kopita-carrdaymartin\/"},"modified":"2025-08-27T21:52:59","modified_gmt":"2025-08-27T19:52:59","slug":"ulje-za-kopita-carrdaymartin","status":"publish","type":"product","link":"https:\/\/clair.si\/hr\/izdelek\/ulje-za-kopita-carrdaymartin\/","title":{"rendered":"Ulje za kopita Carr&amp;Day&amp;Martin"},"content":{"rendered":"<h3>Ulje za kopita Carr &amp; Day &amp; Martin Hoof Dressing \u2013 Za\u0161tita i njega kopita va\u0161eg konja<\/h3>\n<p><strong>Ulje za kopita Carr &amp; Day &amp; Martin Hoof Dressing<\/strong> je vrhunski proizvod, posebno dizajniran za odr\u017eavanje zdravih, elasti\u010dnih i sjajnih kopita. Svojom jedinstvenom formulacijom, bogatom prirodnim sastojcima. Poma\u017ee sprije\u010diti isu\u0161ivanje i pucanje, istovremeno poti\u010du\u0107i optimalan rast i ja\u010danje strukture kopita.  <\/p>\n<p><strong>Za\u0161to odabrati ulje za kopita Carr &amp; Day &amp; Martin<\/strong>:<\/p>\n<ul>\n<li><strong>Intenzivna hidratacija<\/strong>: Dubinski vla\u017ei kopita i sprje\u010dava suho\u0107u.<\/li>\n<li><strong>Prirodna za\u0161tita<\/strong>: Ulje za kopita pru\u017ea dugotrajnu za\u0161titu od vanjskih utjecaja, kao \u0161to su vlaga i prljav\u0161tina.<\/li>\n<li><strong>Jednostavna uporaba<\/strong>: Prilo\u017eena \u010detka omogu\u0107uje ravnomjeran nanos ulja po cijelom kopitu.<\/li>\n<li><strong>Pogodno za svakodnevnu njegu<\/strong>: Idealno za uporabu u svim vremenskim uvjetima.<\/li>\n<\/ul>\n<p>Ako \u017eelite svom konju osigurati najbolju njegu, <strong>ulje<\/strong> Carr &amp; Day &amp; Martin pravi je izbor za odr\u017eavanje zdravih, sna\u017enih i njegovanih kopita.<\/p>\n","protected":false},"excerpt":{"rendered":"<ul>\n<li>za svakodnevnu uporabu<\/li>\n<li>njeguje i \u0161titi<\/li>\n<\/ul>\n","protected":false},"featured_media":94376,"template":"","meta":{"footnotes":""},"product_brand":[],"product_cat":[5624,5675,5677,5873,5625,5627],"product_tag":[],"class_list":{"0":"post-94372","1":"product","2":"type-product","3":"status-publish","4":"has-post-thumbnail","6":"product_cat-konj-hr","7":"product_cat-kozmetika-za-konje-hr","8":"product_cat-kozmetika-za-konje-hr-2","9":"product_cat-njega-i-zdravlje-kopita","10":"product_cat-njega-konja","11":"product_cat-stala-i-pasnjak","13":"first","14":"outofstock","15":"shipping-taxable","16":"purchasable","17":"product-type-simple"},"yoast_head":"<!-- This site is optimized with the Yoast SEO plugin v27.3 - https:\/\/yoast.com\/product\/yoast-seo-wordpress\/ -->\n<title>Ulje za kopita Carr&amp;Day&amp;Martin - Clair<\/title>\n<meta name=\"description\" content=\"za svakodnevnu uporabu  njeguje i \u0161titi\" \/>\n<meta name=\"robots\" content=\"index, follow, max-snippet:-1, max-image-preview:large, max-video-preview:-1\" \/>\n<link rel=\"canonical\" href=\"https:\/\/clair.si\/hr\/izdelek\/ulje-za-kopita-carrdaymartin\/\" \/>\n<meta property=\"og:locale\" content=\"hr_HR\" \/>\n<meta property=\"og:type\" content=\"article\" \/>\n<meta property=\"og:title\" content=\"Ulje za kopita Carr&amp;Day&amp;Martin - Clair\" \/>\n<meta property=\"og:description\" content=\"za svakodnevnu uporabu  njeguje i \u0161titi\" \/>\n<meta property=\"og:url\" content=\"https:\/\/clair.si\/hr\/izdelek\/ulje-za-kopita-carrdaymartin\/\" \/>\n<meta property=\"og:site_name\" content=\"Clair\" \/>\n<meta property=\"article:publisher\" content=\"https:\/\/www.facebook.com\/TrgovinaClair\/\" \/>\n<meta property=\"article:modified_time\" content=\"2025-08-27T19:52:59+00:00\" \/>\n<meta property=\"og:image\" content=\"https:\/\/clair.si\/wp-content\/uploads\/2024\/10\/olje-za-kopita-jpg.avif\" \/>\n\t<meta property=\"og:image:width\" content=\"458\" \/>\n\t<meta property=\"og:image:height\" content=\"458\" \/>\n\t<meta property=\"og:image:type\" content=\"image\/jpeg\" \/>\n<meta name=\"twitter:card\" content=\"summary_large_image\" \/>\n<meta name=\"twitter:label1\" content=\"Procijenjeno vrijeme \u010ditanja\" \/>\n\t<meta name=\"twitter:data1\" content=\"1 minuta\" \/>\n<script type=\"application\/ld+json\" class=\"yoast-schema-graph\">{\"@context\":\"https:\\\/\\\/schema.org\",\"@graph\":[{\"@type\":\"WebPage\",\"@id\":\"https:\\\/\\\/clair.si\\\/hr\\\/izdelek\\\/ulje-za-kopita-carrdaymartin\\\/\",\"url\":\"https:\\\/\\\/clair.si\\\/hr\\\/izdelek\\\/ulje-za-kopita-carrdaymartin\\\/\",\"name\":\"Ulje za kopita Carr&amp;Day&amp;Martin - Clair\",\"isPartOf\":{\"@id\":\"https:\\\/\\\/clair.si\\\/#website\"},\"primaryImageOfPage\":{\"@id\":\"https:\\\/\\\/clair.si\\\/hr\\\/izdelek\\\/ulje-za-kopita-carrdaymartin\\\/#primaryimage\"},\"image\":{\"@id\":\"https:\\\/\\\/clair.si\\\/hr\\\/izdelek\\\/ulje-za-kopita-carrdaymartin\\\/#primaryimage\"},\"thumbnailUrl\":\"https:\\\/\\\/clair.si\\\/wp-content\\\/uploads\\\/2024\\\/10\\\/olje-za-kopita-jpg.avif\",\"datePublished\":\"2024-10-02T12:35:14+00:00\",\"dateModified\":\"2025-08-27T19:52:59+00:00\",\"description\":\"za svakodnevnu uporabu njeguje i \u0161titi\",\"breadcrumb\":{\"@id\":\"https:\\\/\\\/clair.si\\\/hr\\\/izdelek\\\/ulje-za-kopita-carrdaymartin\\\/#breadcrumb\"},\"inLanguage\":\"hr\",\"potentialAction\":[{\"@type\":\"ReadAction\",\"target\":[\"https:\\\/\\\/clair.si\\\/hr\\\/izdelek\\\/ulje-za-kopita-carrdaymartin\\\/\"]}]},{\"@type\":\"ImageObject\",\"inLanguage\":\"hr\",\"@id\":\"https:\\\/\\\/clair.si\\\/hr\\\/izdelek\\\/ulje-za-kopita-carrdaymartin\\\/#primaryimage\",\"url\":\"https:\\\/\\\/clair.si\\\/wp-content\\\/uploads\\\/2024\\\/10\\\/olje-za-kopita-jpg.avif\",\"contentUrl\":\"https:\\\/\\\/clair.si\\\/wp-content\\\/uploads\\\/2024\\\/10\\\/olje-za-kopita-jpg.avif\",\"width\":458,\"height\":458},{\"@type\":\"BreadcrumbList\",\"@id\":\"https:\\\/\\\/clair.si\\\/hr\\\/izdelek\\\/ulje-za-kopita-carrdaymartin\\\/#breadcrumb\",\"itemListElement\":[{\"@type\":\"ListItem\",\"position\":1,\"name\":\"Home\",\"item\":\"https:\\\/\\\/clair.si\\\/hr\\\/\"},{\"@type\":\"ListItem\",\"position\":2,\"name\":\"Trgovina\",\"item\":\"https:\\\/\\\/clair.si\\\/trgovina\\\/\"},{\"@type\":\"ListItem\",\"position\":3,\"name\":\"Ulje za kopita Carr&amp;Day&amp;Martin\"}]},{\"@type\":\"WebSite\",\"@id\":\"https:\\\/\\\/clair.si\\\/#website\",\"url\":\"https:\\\/\\\/clair.si\\\/\",\"name\":\"Clair\",\"description\":\"Trgovina s konjeni\u0161ko opremo\",\"publisher\":{\"@id\":\"https:\\\/\\\/clair.si\\\/#organization\"},\"potentialAction\":[{\"@type\":\"SearchAction\",\"target\":{\"@type\":\"EntryPoint\",\"urlTemplate\":\"https:\\\/\\\/clair.si\\\/?s={search_term_string}\"},\"query-input\":{\"@type\":\"PropertyValueSpecification\",\"valueRequired\":true,\"valueName\":\"search_term_string\"}}],\"inLanguage\":\"hr\"},{\"@type\":\"Organization\",\"@id\":\"https:\\\/\\\/clair.si\\\/#organization\",\"name\":\"Clair\",\"url\":\"https:\\\/\\\/clair.si\\\/\",\"logo\":{\"@type\":\"ImageObject\",\"inLanguage\":\"hr\",\"@id\":\"https:\\\/\\\/clair.si\\\/#\\\/schema\\\/logo\\\/image\\\/\",\"url\":\"https:\\\/\\\/clair.si\\\/wp-content\\\/uploads\\\/2022\\\/11\\\/clair_logo_2022.jpg\",\"contentUrl\":\"https:\\\/\\\/clair.si\\\/wp-content\\\/uploads\\\/2022\\\/11\\\/clair_logo_2022.jpg\",\"width\":1920,\"height\":1920,\"caption\":\"Clair\"},\"image\":{\"@id\":\"https:\\\/\\\/clair.si\\\/#\\\/schema\\\/logo\\\/image\\\/\"},\"sameAs\":[\"https:\\\/\\\/www.facebook.com\\\/TrgovinaClair\\\/\"]}]}<\/script>\n<!-- \/ Yoast SEO plugin. -->","yoast_head_json":{"title":"Ulje za kopita Carr&amp;Day&amp;Martin - Clair","description":"za svakodnevnu uporabu  njeguje i \u0161titi","robots":{"index":"index","follow":"follow","max-snippet":"max-snippet:-1","max-image-preview":"max-image-preview:large","max-video-preview":"max-video-preview:-1"},"canonical":"https:\/\/clair.si\/hr\/izdelek\/ulje-za-kopita-carrdaymartin\/","og_locale":"hr_HR","og_type":"article","og_title":"Ulje za kopita Carr&amp;Day&amp;Martin - Clair","og_description":"za svakodnevnu uporabu  njeguje i \u0161titi","og_url":"https:\/\/clair.si\/hr\/izdelek\/ulje-za-kopita-carrdaymartin\/","og_site_name":"Clair","article_publisher":"https:\/\/www.facebook.com\/TrgovinaClair\/","article_modified_time":"2025-08-27T19:52:59+00:00","og_image":[{"width":458,"height":458,"url":"https:\/\/clair.si\/wp-content\/uploads\/2024\/10\/olje-za-kopita-jpg.avif","type":"image\/jpeg"}],"twitter_card":"summary_large_image","twitter_misc":{"Procijenjeno vrijeme \u010ditanja":"1 minuta"},"schema":{"@context":"https:\/\/schema.org","@graph":[{"@type":"WebPage","@id":"https:\/\/clair.si\/hr\/izdelek\/ulje-za-kopita-carrdaymartin\/","url":"https:\/\/clair.si\/hr\/izdelek\/ulje-za-kopita-carrdaymartin\/","name":"Ulje za kopita Carr&amp;Day&amp;Martin - Clair","isPartOf":{"@id":"https:\/\/clair.si\/#website"},"primaryImageOfPage":{"@id":"https:\/\/clair.si\/hr\/izdelek\/ulje-za-kopita-carrdaymartin\/#primaryimage"},"image":{"@id":"https:\/\/clair.si\/hr\/izdelek\/ulje-za-kopita-carrdaymartin\/#primaryimage"},"thumbnailUrl":"https:\/\/clair.si\/wp-content\/uploads\/2024\/10\/olje-za-kopita-jpg.avif","datePublished":"2024-10-02T12:35:14+00:00","dateModified":"2025-08-27T19:52:59+00:00","description":"za svakodnevnu uporabu njeguje i \u0161titi","breadcrumb":{"@id":"https:\/\/clair.si\/hr\/izdelek\/ulje-za-kopita-carrdaymartin\/#breadcrumb"},"inLanguage":"hr","potentialAction":[{"@type":"ReadAction","target":["https:\/\/clair.si\/hr\/izdelek\/ulje-za-kopita-carrdaymartin\/"]}]},{"@type":"ImageObject","inLanguage":"hr","@id":"https:\/\/clair.si\/hr\/izdelek\/ulje-za-kopita-carrdaymartin\/#primaryimage","url":"https:\/\/clair.si\/wp-content\/uploads\/2024\/10\/olje-za-kopita-jpg.avif","contentUrl":"https:\/\/clair.si\/wp-content\/uploads\/2024\/10\/olje-za-kopita-jpg.avif","width":458,"height":458},{"@type":"BreadcrumbList","@id":"https:\/\/clair.si\/hr\/izdelek\/ulje-za-kopita-carrdaymartin\/#breadcrumb","itemListElement":[{"@type":"ListItem","position":1,"name":"Home","item":"https:\/\/clair.si\/hr\/"},{"@type":"ListItem","position":2,"name":"Trgovina","item":"https:\/\/clair.si\/trgovina\/"},{"@type":"ListItem","position":3,"name":"Ulje za kopita Carr&amp;Day&amp;Martin"}]},{"@type":"WebSite","@id":"https:\/\/clair.si\/#website","url":"https:\/\/clair.si\/","name":"Clair","description":"Trgovina s konjeni\u0161ko opremo","publisher":{"@id":"https:\/\/clair.si\/#organization"},"potentialAction":[{"@type":"SearchAction","target":{"@type":"EntryPoint","urlTemplate":"https:\/\/clair.si\/?s={search_term_string}"},"query-input":{"@type":"PropertyValueSpecification","valueRequired":true,"valueName":"search_term_string"}}],"inLanguage":"hr"},{"@type":"Organization","@id":"https:\/\/clair.si\/#organization","name":"Clair","url":"https:\/\/clair.si\/","logo":{"@type":"ImageObject","inLanguage":"hr","@id":"https:\/\/clair.si\/#\/schema\/logo\/image\/","url":"https:\/\/clair.si\/wp-content\/uploads\/2022\/11\/clair_logo_2022.jpg","contentUrl":"https:\/\/clair.si\/wp-content\/uploads\/2022\/11\/clair_logo_2022.jpg","width":1920,"height":1920,"caption":"Clair"},"image":{"@id":"https:\/\/clair.si\/#\/schema\/logo\/image\/"},"sameAs":["https:\/\/www.facebook.com\/TrgovinaClair\/"]}]}},"_links":{"self":[{"href":"https:\/\/clair.si\/hr\/wp-json\/wp\/v2\/product\/94372","targetHints":{"allow":["GET"]}}],"collection":[{"href":"https:\/\/clair.si\/hr\/wp-json\/wp\/v2\/product"}],"about":[{"href":"https:\/\/clair.si\/hr\/wp-json\/wp\/v2\/types\/product"}],"version-history":[{"count":0,"href":"https:\/\/clair.si\/hr\/wp-json\/wp\/v2\/product\/94372\/revisions"}],"wp:featuredmedia":[{"embeddable":true,"href":"https:\/\/clair.si\/hr\/wp-json\/wp\/v2\/media\/94376"}],"wp:attachment":[{"href":"https:\/\/clair.si\/hr\/wp-json\/wp\/v2\/media?parent=94372"}],"wp:term":[{"taxonomy":"product_brand","embeddable":true,"href":"https:\/\/clair.si\/hr\/wp-json\/wp\/v2\/product_brand?post=94372"},{"taxonomy":"product_cat","embeddable":true,"href":"https:\/\/clair.si\/hr\/wp-json\/wp\/v2\/product_cat?post=94372"},{"taxonomy":"product_tag","embeddable":true,"href":"https:\/\/clair.si\/hr\/wp-json\/wp\/v2\/product_tag?post=94372"}],"curies":[{"name":"wp","href":"https:\/\/api.w.org\/{rel}","templated":true}]}}