{"id":94400,"date":"2024-09-27T11:45:52","date_gmt":"2024-09-27T09:45:52","guid":{"rendered":"https:\/\/clair.si\/izdelek\/naf-teatree-mint-sampon\/"},"modified":"2025-08-27T20:49:45","modified_gmt":"2025-08-27T18:49:45","slug":"naf-teatree-mint-sampon","status":"publish","type":"product","link":"https:\/\/clair.si\/hr\/izdelek\/naf-teatree-mint-sampon\/","title":{"rendered":"NAF Teatree &amp; Mint \u0161ampon"},"content":{"rendered":"<div class=\"flex-shrink-0 flex flex-col relative items-end\">\n<div>\n<div class=\"pt-0\">\n<div class=\"gizmo-bot-avatar flex h-8 w-8 items-center justify-center overflow-hidden rounded-full\"><\/div>\n<\/div>\n<\/div>\n<\/div>\n<div class=\"group\/conversation-turn relative flex w-full min-w-0 flex-col agent-turn\">\n<div class=\"flex-col gap-1 md:gap-3\">\n<div class=\"flex max-w-full flex-col flex-grow\">\n<div class=\"min-h-8 text-message flex w-full flex-col items-end gap-2 whitespace-normal break-words [.text-message+&amp;]:mt-5\" dir=\"auto\" data-message-author-role=\"assistant\" data-message-id=\"04f552aa-bde9-4f08-91a0-12f11a752bfc\">\n<div class=\"flex w-full flex-col gap-1 empty:hidden first:pt-[3px]\">\n<div class=\"markdown prose w-full break-words dark:prose-invert light\">\n<p><strong>NAF Tea Tree and Mint \u0161ampon \u2013 antibakterijska njega ko\u017ee!<\/strong><\/p>\n<p>Tra\u017eite li \u0161ampon koji \u0107e va\u0161em konju ponuditi dubinsko \u010di\u0161\u0107enje i osvje\u017eavaju\u0107u njegu? <strong>NAF Tea Tree and Mint \u0161ampon<\/strong> je savr\u0161en izbor! S jedinstvenom kombinacijom prirodnog \u010dajevca i mente ne samo da temeljito \u010disti dlaku, ve\u0107 i umiruje ko\u017eu i ostavlja osvje\u017eavaju\u0107i miris. <\/p>\n<h3>\u0160to nudi NAF Tea Tree and Mint \u0161ampon?:<\/h3>\n<ul>\n<li><strong>Dubinsko \u010di\u0161\u0107enje<\/strong> \u2013 formula s \u010dajevcem u\u010dinkovito uklanja prljav\u0161tinu, masno\u0107u i tvrdokorne mrlje te ostavlja dlaku potpuno \u010distom.<\/li>\n<li><strong>Umiruju\u0107i u\u010dinak na ko\u017eu<\/strong> \u2013 \u010dajevac je poznat po svojim antisepti\u010dkim svojstvima, koja poma\u017eu umiriti nadra\u017eenu ko\u017eu i sprije\u010diti svrbe\u017e.<\/li>\n<li><strong>Osvje\u017euju\u0107a njega s mentom<\/strong> \u2013 menta osvje\u017eava dlaku i daje joj ugodan miris, zbog \u010dega \u0107e va\u0161 konj ne samo izgledati odli\u010dno, ve\u0107 i predivno mirisati.<\/li>\n<li><strong>Nje\u017ean i prirodan<\/strong> \u2013 NAF \u0161ampon je dovoljno blag da ga mo\u017eete koristiti svakodnevno, ne da bi isu\u0161io ili o\u0161tetio dlaku.<\/li>\n<\/ul>\n<h3>Za\u0161to izabrati NAF Tea Tree and Mint \u0161ampon?<\/h3>\n<ul>\n<li><strong>Pouzdanost robne marke NAF<\/strong> \u2013 NAF je sinonim za kvalitetnu i pouzdanu njegu konja, a njihovi proizvodi su podr\u017eani dugogodi\u0161njim iskustvom i istra\u017eivanjima.<\/li>\n<li><strong>Osvje\u017eenje i za\u0161tita u jednom koraku<\/strong> \u2013 \u010dajevac poma\u017ee za\u0161tititi ko\u017eu, dok menta dlaku osvje\u017eava i daje joj dugotrajan sjaj.<\/li>\n<li><strong>Jednostavan nanos<\/strong> \u2013 bogata pjena osigurava jednostavno i temeljito \u010di\u0161\u0107enje uz minimalan napor.<\/li>\n<\/ul>\n<p><strong>NAF Tea Tree and Mint \u0161ampon<\/strong> je idealan izbor za konje s nadra\u017eenom ko\u017eom ili s odre\u0111enim ko\u017enim oboljenjima. Djeluje antibakterijski, umiruje ko\u017eu i ostavlja vrlo ugodan miris! <\/p>\n<\/div>\n<p><strong>Koli\u010dina<\/strong>: 500 ml<\/p>\n<p><strong>Uporaba<\/strong>: \u0160ampon nanesite na konja i umasirajte ga zato namijenjenom \u010detkom ili spu\u017evom. Pustite da djeluje nekoliko minuta. Isperite s puno vode, dok se dlaka vi\u0161e ne pjeni.  <\/p>\n<p><strong>Sastav<\/strong>: L-carvone, limonene<\/p>\n<\/div>\n<\/div>\n<\/div>\n<\/div>\n<\/div>\n","protected":false},"excerpt":{"rendered":"<ul>\n<li>s prirodnim antibakterijskim djelovanjem<\/li>\n<li>oboga\u0107en mentom i \u010dajevcem<\/li>\n<li>na ko\u017eu djeluje umiruju\u0107e<\/li>\n<\/ul>\n","protected":false},"featured_media":94402,"template":"","meta":{"footnotes":""},"product_brand":[],"product_cat":[5624,5675,5677,5625,5678,5714,5627],"product_tag":[],"class_list":{"0":"post-94400","1":"product","2":"type-product","3":"status-publish","4":"has-post-thumbnail","6":"product_cat-konj-hr","7":"product_cat-kozmetika-za-konje-hr","8":"product_cat-kozmetika-za-konje-hr-2","9":"product_cat-njega-konja","10":"product_cat-problemi-s-kozom","11":"product_cat-samponi-i-sapuni","12":"product_cat-stala-i-pasnjak","14":"first","15":"outofstock","16":"shipping-taxable","17":"purchasable","18":"product-type-simple"},"yoast_head":"<!-- This site is optimized with the Yoast SEO plugin v27.3 - https:\/\/yoast.com\/product\/yoast-seo-wordpress\/ -->\n<title>NAF Teatree &amp; Mint \u0161ampon - Clair<\/title>\n<meta name=\"description\" content=\"s prirodnim antibakterijskim djelovanjem  oboga\u0107en mentom i \u010dajevcem  na ko\u017eu djeluje umiruju\u0107e\" \/>\n<meta name=\"robots\" content=\"index, follow, max-snippet:-1, max-image-preview:large, max-video-preview:-1\" \/>\n<link rel=\"canonical\" href=\"https:\/\/clair.si\/hr\/izdelek\/naf-teatree-mint-sampon\/\" \/>\n<meta property=\"og:locale\" content=\"hr_HR\" \/>\n<meta property=\"og:type\" content=\"article\" \/>\n<meta property=\"og:title\" content=\"NAF Teatree &amp; Mint \u0161ampon - Clair\" \/>\n<meta property=\"og:description\" content=\"s prirodnim antibakterijskim djelovanjem  oboga\u0107en mentom i \u010dajevcem  na ko\u017eu djeluje umiruju\u0107e\" \/>\n<meta property=\"og:url\" content=\"https:\/\/clair.si\/hr\/izdelek\/naf-teatree-mint-sampon\/\" \/>\n<meta property=\"og:site_name\" content=\"Clair\" \/>\n<meta property=\"article:publisher\" content=\"https:\/\/www.facebook.com\/TrgovinaClair\/\" \/>\n<meta property=\"article:modified_time\" content=\"2025-08-27T18:49:45+00:00\" \/>\n<meta property=\"og:image\" content=\"https:\/\/clair.si\/wp-content\/uploads\/2024\/09\/NAF-TEATREE-CLAIR-jpg.avif\" \/>\n\t<meta property=\"og:image:width\" content=\"1024\" \/>\n\t<meta property=\"og:image:height\" content=\"1024\" \/>\n\t<meta property=\"og:image:type\" content=\"image\/jpeg\" \/>\n<meta name=\"twitter:card\" content=\"summary_large_image\" \/>\n<meta name=\"twitter:label1\" content=\"Procijenjeno vrijeme \u010ditanja\" \/>\n\t<meta name=\"twitter:data1\" content=\"2 minute\" \/>\n<script type=\"application\/ld+json\" class=\"yoast-schema-graph\">{\"@context\":\"https:\\\/\\\/schema.org\",\"@graph\":[{\"@type\":\"WebPage\",\"@id\":\"https:\\\/\\\/clair.si\\\/hr\\\/izdelek\\\/naf-teatree-mint-sampon\\\/\",\"url\":\"https:\\\/\\\/clair.si\\\/hr\\\/izdelek\\\/naf-teatree-mint-sampon\\\/\",\"name\":\"NAF Teatree &amp; Mint \u0161ampon - Clair\",\"isPartOf\":{\"@id\":\"https:\\\/\\\/clair.si\\\/#website\"},\"primaryImageOfPage\":{\"@id\":\"https:\\\/\\\/clair.si\\\/hr\\\/izdelek\\\/naf-teatree-mint-sampon\\\/#primaryimage\"},\"image\":{\"@id\":\"https:\\\/\\\/clair.si\\\/hr\\\/izdelek\\\/naf-teatree-mint-sampon\\\/#primaryimage\"},\"thumbnailUrl\":\"https:\\\/\\\/clair.si\\\/wp-content\\\/uploads\\\/2024\\\/09\\\/NAF-TEATREE-CLAIR-jpg.avif\",\"datePublished\":\"2024-09-27T09:45:52+00:00\",\"dateModified\":\"2025-08-27T18:49:45+00:00\",\"description\":\"s prirodnim antibakterijskim djelovanjem oboga\u0107en mentom i \u010dajevcem na ko\u017eu djeluje umiruju\u0107e\",\"breadcrumb\":{\"@id\":\"https:\\\/\\\/clair.si\\\/hr\\\/izdelek\\\/naf-teatree-mint-sampon\\\/#breadcrumb\"},\"inLanguage\":\"hr\",\"potentialAction\":[{\"@type\":\"ReadAction\",\"target\":[\"https:\\\/\\\/clair.si\\\/hr\\\/izdelek\\\/naf-teatree-mint-sampon\\\/\"]}]},{\"@type\":\"ImageObject\",\"inLanguage\":\"hr\",\"@id\":\"https:\\\/\\\/clair.si\\\/hr\\\/izdelek\\\/naf-teatree-mint-sampon\\\/#primaryimage\",\"url\":\"https:\\\/\\\/clair.si\\\/wp-content\\\/uploads\\\/2024\\\/09\\\/NAF-TEATREE-CLAIR-jpg.avif\",\"contentUrl\":\"https:\\\/\\\/clair.si\\\/wp-content\\\/uploads\\\/2024\\\/09\\\/NAF-TEATREE-CLAIR-jpg.avif\",\"width\":1024,\"height\":1024},{\"@type\":\"BreadcrumbList\",\"@id\":\"https:\\\/\\\/clair.si\\\/hr\\\/izdelek\\\/naf-teatree-mint-sampon\\\/#breadcrumb\",\"itemListElement\":[{\"@type\":\"ListItem\",\"position\":1,\"name\":\"Home\",\"item\":\"https:\\\/\\\/clair.si\\\/hr\\\/\"},{\"@type\":\"ListItem\",\"position\":2,\"name\":\"Trgovina\",\"item\":\"https:\\\/\\\/clair.si\\\/trgovina\\\/\"},{\"@type\":\"ListItem\",\"position\":3,\"name\":\"NAF Teatree &amp; Mint \u0161ampon\"}]},{\"@type\":\"WebSite\",\"@id\":\"https:\\\/\\\/clair.si\\\/#website\",\"url\":\"https:\\\/\\\/clair.si\\\/\",\"name\":\"Clair\",\"description\":\"Trgovina s konjeni\u0161ko opremo\",\"publisher\":{\"@id\":\"https:\\\/\\\/clair.si\\\/#organization\"},\"potentialAction\":[{\"@type\":\"SearchAction\",\"target\":{\"@type\":\"EntryPoint\",\"urlTemplate\":\"https:\\\/\\\/clair.si\\\/?s={search_term_string}\"},\"query-input\":{\"@type\":\"PropertyValueSpecification\",\"valueRequired\":true,\"valueName\":\"search_term_string\"}}],\"inLanguage\":\"hr\"},{\"@type\":\"Organization\",\"@id\":\"https:\\\/\\\/clair.si\\\/#organization\",\"name\":\"Clair\",\"url\":\"https:\\\/\\\/clair.si\\\/\",\"logo\":{\"@type\":\"ImageObject\",\"inLanguage\":\"hr\",\"@id\":\"https:\\\/\\\/clair.si\\\/#\\\/schema\\\/logo\\\/image\\\/\",\"url\":\"https:\\\/\\\/clair.si\\\/wp-content\\\/uploads\\\/2022\\\/11\\\/clair_logo_2022.jpg\",\"contentUrl\":\"https:\\\/\\\/clair.si\\\/wp-content\\\/uploads\\\/2022\\\/11\\\/clair_logo_2022.jpg\",\"width\":1920,\"height\":1920,\"caption\":\"Clair\"},\"image\":{\"@id\":\"https:\\\/\\\/clair.si\\\/#\\\/schema\\\/logo\\\/image\\\/\"},\"sameAs\":[\"https:\\\/\\\/www.facebook.com\\\/TrgovinaClair\\\/\"]}]}<\/script>\n<!-- \/ Yoast SEO plugin. -->","yoast_head_json":{"title":"NAF Teatree &amp; Mint \u0161ampon - Clair","description":"s prirodnim antibakterijskim djelovanjem  oboga\u0107en mentom i \u010dajevcem  na ko\u017eu djeluje umiruju\u0107e","robots":{"index":"index","follow":"follow","max-snippet":"max-snippet:-1","max-image-preview":"max-image-preview:large","max-video-preview":"max-video-preview:-1"},"canonical":"https:\/\/clair.si\/hr\/izdelek\/naf-teatree-mint-sampon\/","og_locale":"hr_HR","og_type":"article","og_title":"NAF Teatree &amp; Mint \u0161ampon - Clair","og_description":"s prirodnim antibakterijskim djelovanjem  oboga\u0107en mentom i \u010dajevcem  na ko\u017eu djeluje umiruju\u0107e","og_url":"https:\/\/clair.si\/hr\/izdelek\/naf-teatree-mint-sampon\/","og_site_name":"Clair","article_publisher":"https:\/\/www.facebook.com\/TrgovinaClair\/","article_modified_time":"2025-08-27T18:49:45+00:00","og_image":[{"width":1024,"height":1024,"url":"https:\/\/clair.si\/wp-content\/uploads\/2024\/09\/NAF-TEATREE-CLAIR-jpg.avif","type":"image\/jpeg"}],"twitter_card":"summary_large_image","twitter_misc":{"Procijenjeno vrijeme \u010ditanja":"2 minute"},"schema":{"@context":"https:\/\/schema.org","@graph":[{"@type":"WebPage","@id":"https:\/\/clair.si\/hr\/izdelek\/naf-teatree-mint-sampon\/","url":"https:\/\/clair.si\/hr\/izdelek\/naf-teatree-mint-sampon\/","name":"NAF Teatree &amp; Mint \u0161ampon - Clair","isPartOf":{"@id":"https:\/\/clair.si\/#website"},"primaryImageOfPage":{"@id":"https:\/\/clair.si\/hr\/izdelek\/naf-teatree-mint-sampon\/#primaryimage"},"image":{"@id":"https:\/\/clair.si\/hr\/izdelek\/naf-teatree-mint-sampon\/#primaryimage"},"thumbnailUrl":"https:\/\/clair.si\/wp-content\/uploads\/2024\/09\/NAF-TEATREE-CLAIR-jpg.avif","datePublished":"2024-09-27T09:45:52+00:00","dateModified":"2025-08-27T18:49:45+00:00","description":"s prirodnim antibakterijskim djelovanjem oboga\u0107en mentom i \u010dajevcem na ko\u017eu djeluje umiruju\u0107e","breadcrumb":{"@id":"https:\/\/clair.si\/hr\/izdelek\/naf-teatree-mint-sampon\/#breadcrumb"},"inLanguage":"hr","potentialAction":[{"@type":"ReadAction","target":["https:\/\/clair.si\/hr\/izdelek\/naf-teatree-mint-sampon\/"]}]},{"@type":"ImageObject","inLanguage":"hr","@id":"https:\/\/clair.si\/hr\/izdelek\/naf-teatree-mint-sampon\/#primaryimage","url":"https:\/\/clair.si\/wp-content\/uploads\/2024\/09\/NAF-TEATREE-CLAIR-jpg.avif","contentUrl":"https:\/\/clair.si\/wp-content\/uploads\/2024\/09\/NAF-TEATREE-CLAIR-jpg.avif","width":1024,"height":1024},{"@type":"BreadcrumbList","@id":"https:\/\/clair.si\/hr\/izdelek\/naf-teatree-mint-sampon\/#breadcrumb","itemListElement":[{"@type":"ListItem","position":1,"name":"Home","item":"https:\/\/clair.si\/hr\/"},{"@type":"ListItem","position":2,"name":"Trgovina","item":"https:\/\/clair.si\/trgovina\/"},{"@type":"ListItem","position":3,"name":"NAF Teatree &amp; Mint \u0161ampon"}]},{"@type":"WebSite","@id":"https:\/\/clair.si\/#website","url":"https:\/\/clair.si\/","name":"Clair","description":"Trgovina s konjeni\u0161ko opremo","publisher":{"@id":"https:\/\/clair.si\/#organization"},"potentialAction":[{"@type":"SearchAction","target":{"@type":"EntryPoint","urlTemplate":"https:\/\/clair.si\/?s={search_term_string}"},"query-input":{"@type":"PropertyValueSpecification","valueRequired":true,"valueName":"search_term_string"}}],"inLanguage":"hr"},{"@type":"Organization","@id":"https:\/\/clair.si\/#organization","name":"Clair","url":"https:\/\/clair.si\/","logo":{"@type":"ImageObject","inLanguage":"hr","@id":"https:\/\/clair.si\/#\/schema\/logo\/image\/","url":"https:\/\/clair.si\/wp-content\/uploads\/2022\/11\/clair_logo_2022.jpg","contentUrl":"https:\/\/clair.si\/wp-content\/uploads\/2022\/11\/clair_logo_2022.jpg","width":1920,"height":1920,"caption":"Clair"},"image":{"@id":"https:\/\/clair.si\/#\/schema\/logo\/image\/"},"sameAs":["https:\/\/www.facebook.com\/TrgovinaClair\/"]}]}},"_links":{"self":[{"href":"https:\/\/clair.si\/hr\/wp-json\/wp\/v2\/product\/94400","targetHints":{"allow":["GET"]}}],"collection":[{"href":"https:\/\/clair.si\/hr\/wp-json\/wp\/v2\/product"}],"about":[{"href":"https:\/\/clair.si\/hr\/wp-json\/wp\/v2\/types\/product"}],"version-history":[{"count":0,"href":"https:\/\/clair.si\/hr\/wp-json\/wp\/v2\/product\/94400\/revisions"}],"wp:featuredmedia":[{"embeddable":true,"href":"https:\/\/clair.si\/hr\/wp-json\/wp\/v2\/media\/94402"}],"wp:attachment":[{"href":"https:\/\/clair.si\/hr\/wp-json\/wp\/v2\/media?parent=94400"}],"wp:term":[{"taxonomy":"product_brand","embeddable":true,"href":"https:\/\/clair.si\/hr\/wp-json\/wp\/v2\/product_brand?post=94400"},{"taxonomy":"product_cat","embeddable":true,"href":"https:\/\/clair.si\/hr\/wp-json\/wp\/v2\/product_cat?post=94400"},{"taxonomy":"product_tag","embeddable":true,"href":"https:\/\/clair.si\/hr\/wp-json\/wp\/v2\/product_tag?post=94400"}],"curies":[{"name":"wp","href":"https:\/\/api.w.org\/{rel}","templated":true}]}}