{"id":94401,"date":"2024-09-27T12:04:20","date_gmt":"2024-09-27T10:04:20","guid":{"rendered":"https:\/\/clair.si\/izdelek\/naf-biotics\/"},"modified":"2024-09-27T12:04:20","modified_gmt":"2024-09-27T10:04:20","slug":"naf-biotics","status":"publish","type":"product","link":"https:\/\/clair.si\/hr\/izdelek\/naf-biotics\/","title":{"rendered":"NAF Biotics"},"content":{"rendered":"<p><strong>NAF Biotics \u2013 podr\u0161ka probavnom sustavu va\u0161eg konja!<\/strong><\/p>\n<p>Tra\u017eite li prirodno i u\u010dinkovito rje\u0161enje za pobolj\u0161anje probavnog zdravlja va\u0161eg konja? <strong>NAF Biotics<\/strong> je dodatak prehrani koji poma\u017ee podr\u017eati zdravlje probavnog trakta i ja\u010da imunolo\u0161ki sustav. Dizajniran posebno za konje, sadr\u017ei jedinstvenu kombinaciju <strong>prebiotika<\/strong> i <strong>probiotika<\/strong>, koji poti\u010du ravnote\u017eu crijevne mikroflore te osiguravaju optimalno funkcioniranje probavnog sustava. <\/p>\n<h3>Prednosti NAF Biotics:<\/h3>\n<ul>\n<li><strong>Podr\u0161ka crijevnoj mikroflori<\/strong> \u2013 kombinacija prebiotika i probiotika poma\u017ee u odr\u017eavanju zdrave ravnote\u017ee bakterija u probavnom sustavu, \u0161to poti\u010de bolju probavu.<\/li>\n<li><strong>Pobolj\u0161ava apsorpciju hranjivih tvari<\/strong> \u2013 bolje funkcioniranje crijeva zna\u010di da konj lak\u0161e apsorbira potrebne hranjive tvari iz hrane, \u0161to vodi boljem op\u0107em zdravlju.<\/li>\n<li><strong>Ja\u010danje imunolo\u0161kog sustava<\/strong> \u2013 zdrav probavni sustav klju\u010dan je za sna\u017ean imunolo\u0161ki odgovor, \u0161to poma\u017ee konju u obrani od bolesti.<\/li>\n<li><strong>Prirodni sastojci<\/strong> \u2013 NAF Biotics koristi kvalitetne, prirodne sastojke koji osiguravaju nje\u017eno, ali u\u010dinkovito djelovanje bez nuspojava.<\/li>\n<li><strong>Pogodno za sve konje<\/strong> \u2013 idealno za konje koji imaju problema s probavom, kao i za one koji trebaju dodatnu podr\u0161ku pri stresu, promjeni prehrane ili pove\u0107anoj tjelesnoj aktivnosti.<\/li>\n<\/ul>\n<p><strong>NAF Biotics<\/strong> je va\u0161e savr\u0161eno rje\u0161enje za ja\u010danje probavnog sustava i pobolj\u0161anje op\u0107eg blagostanja va\u0161eg konja.<\/p>\n<p><strong>Sastav:<\/strong> Slatka sirutka u prahu, Alant, pivski kvasac 6 %, fruktooligosaharidi, ulje uljane repice, natrijev klorid<\/p>\n<p>Sredstvo za pobolj\u0161anje probavljivosti) (sastojci na 1 kg): Saccharomyces cerevisiae CNCM I-4407 4,0 x 10^11 cfu<\/p>\n<p>Analiti\u010dki sastav: sirovi proteini 16,8 %, sirova ulja i masti 3,4 %, sirovi pepeo 7,4 %, sirove vlaknine 0,9 %, natrij 0,5 %<\/p>\n<p>Tehnolo\u0161ki dodatne sastojci: fumarna kiselina 300 mg (konzervans)<\/p>\n<p>Aminokiselinski profil: glutamin 20.000 mg<\/p>\n<p><strong>Koli\u010dina<\/strong>: 300g<\/p>\n<p><strong>Uporaba<\/strong>: Dodatak se mo\u017ee hraniti kao kratkotrajna kura kod vidljivih znakova probavnih problema ili dugoro\u010dno. Za 1-3 dnevnu kuru preporu\u010duje se 60g, za 4-7 dnevnu 30g. 30g je tako\u0111er preporu\u010dena koli\u010dina kod preventivnog dodavanja NAF Biotics.  <\/p>\n","protected":false},"excerpt":{"rendered":"<ul>\n<li>kombinacija prebiotika i probiotika, koji reguliraju crijevnu floru<\/li>\n<li>kao pomo\u0107 kod akutnih probavnih problema ili kao dugotrajna podr\u0161ka<\/li>\n<li>odli\u010dna podr\u0161ka nakon uzimanja antibiotika, u stresnim situacijama&#8230;<\/li>\n<\/ul>\n","protected":false},"featured_media":94404,"template":"","meta":{"footnotes":""},"product_brand":[],"product_cat":[5624,5710,5784,5712],"product_tag":[],"class_list":{"0":"post-94401","1":"product","2":"type-product","3":"status-publish","4":"has-post-thumbnail","6":"product_cat-konj-hr","7":"product_cat-hrana-za-konje-hr","8":"product_cat-naf-prehrambeni-dodaci","9":"product_cat-prehrambeni-dodaci","11":"first","12":"outofstock","13":"shipping-taxable","14":"purchasable","15":"product-type-simple"},"yoast_head":"<!-- This site is optimized with the Yoast SEO plugin v27.4 - https:\/\/yoast.com\/product\/yoast-seo-wordpress\/ -->\n<title>NAF Biotics - Clair<\/title>\n<meta name=\"description\" content=\"kombinacija prebiotika i probiotika, koji reguliraju crijevnu floru  kao pomo\u0107 kod akutnih probavnih problema ili kao dugotrajna podr\u0161ka  odli\u010dna podr\u0161ka nakon uzimanja antibiotika, u stresnim situacijama...\" \/>\n<meta name=\"robots\" content=\"index, follow, max-snippet:-1, max-image-preview:large, max-video-preview:-1\" \/>\n<link rel=\"canonical\" href=\"https:\/\/clair.si\/hr\/izdelek\/naf-biotics\/\" \/>\n<meta property=\"og:locale\" content=\"hr_HR\" \/>\n<meta property=\"og:type\" content=\"article\" \/>\n<meta property=\"og:title\" content=\"NAF Biotics - Clair\" \/>\n<meta property=\"og:description\" content=\"kombinacija prebiotika i probiotika, koji reguliraju crijevnu floru  kao pomo\u0107 kod akutnih probavnih problema ili kao dugotrajna podr\u0161ka  odli\u010dna podr\u0161ka nakon uzimanja antibiotika, u stresnim situacijama...\" \/>\n<meta property=\"og:url\" content=\"https:\/\/clair.si\/hr\/izdelek\/naf-biotics\/\" \/>\n<meta property=\"og:site_name\" content=\"Clair\" \/>\n<meta property=\"article:publisher\" content=\"https:\/\/www.facebook.com\/TrgovinaClair\/\" \/>\n<meta property=\"og:image\" content=\"https:\/\/clair.si\/wp-content\/uploads\/2024\/09\/naf-biotics-1-jpg.avif\" \/>\n\t<meta property=\"og:image:width\" content=\"1000\" \/>\n\t<meta property=\"og:image:height\" content=\"1000\" \/>\n\t<meta property=\"og:image:type\" content=\"image\/jpeg\" \/>\n<meta name=\"twitter:card\" content=\"summary_large_image\" \/>\n<meta name=\"twitter:label1\" content=\"Procijenjeno vrijeme \u010ditanja\" \/>\n\t<meta name=\"twitter:data1\" content=\"2 minute\" \/>\n<script type=\"application\/ld+json\" class=\"yoast-schema-graph\">{\"@context\":\"https:\\\/\\\/schema.org\",\"@graph\":[{\"@type\":\"WebPage\",\"@id\":\"https:\\\/\\\/clair.si\\\/hr\\\/izdelek\\\/naf-biotics\\\/\",\"url\":\"https:\\\/\\\/clair.si\\\/hr\\\/izdelek\\\/naf-biotics\\\/\",\"name\":\"NAF Biotics - Clair\",\"isPartOf\":{\"@id\":\"https:\\\/\\\/clair.si\\\/#website\"},\"primaryImageOfPage\":{\"@id\":\"https:\\\/\\\/clair.si\\\/hr\\\/izdelek\\\/naf-biotics\\\/#primaryimage\"},\"image\":{\"@id\":\"https:\\\/\\\/clair.si\\\/hr\\\/izdelek\\\/naf-biotics\\\/#primaryimage\"},\"thumbnailUrl\":\"https:\\\/\\\/clair.si\\\/wp-content\\\/uploads\\\/2024\\\/09\\\/naf-biotics-1-jpg.avif\",\"datePublished\":\"2024-09-27T10:04:20+00:00\",\"description\":\"kombinacija prebiotika i probiotika, koji reguliraju crijevnu floru kao pomo\u0107 kod akutnih probavnih problema ili kao dugotrajna podr\u0161ka odli\u010dna podr\u0161ka nakon uzimanja antibiotika, u stresnim situacijama...\",\"breadcrumb\":{\"@id\":\"https:\\\/\\\/clair.si\\\/hr\\\/izdelek\\\/naf-biotics\\\/#breadcrumb\"},\"inLanguage\":\"hr\",\"potentialAction\":[{\"@type\":\"ReadAction\",\"target\":[\"https:\\\/\\\/clair.si\\\/hr\\\/izdelek\\\/naf-biotics\\\/\"]}]},{\"@type\":\"ImageObject\",\"inLanguage\":\"hr\",\"@id\":\"https:\\\/\\\/clair.si\\\/hr\\\/izdelek\\\/naf-biotics\\\/#primaryimage\",\"url\":\"https:\\\/\\\/clair.si\\\/wp-content\\\/uploads\\\/2024\\\/09\\\/naf-biotics-1-jpg.avif\",\"contentUrl\":\"https:\\\/\\\/clair.si\\\/wp-content\\\/uploads\\\/2024\\\/09\\\/naf-biotics-1-jpg.avif\",\"width\":1000,\"height\":1000},{\"@type\":\"BreadcrumbList\",\"@id\":\"https:\\\/\\\/clair.si\\\/hr\\\/izdelek\\\/naf-biotics\\\/#breadcrumb\",\"itemListElement\":[{\"@type\":\"ListItem\",\"position\":1,\"name\":\"Home\",\"item\":\"https:\\\/\\\/clair.si\\\/hr\\\/\"},{\"@type\":\"ListItem\",\"position\":2,\"name\":\"Trgovina\",\"item\":\"https:\\\/\\\/clair.si\\\/trgovina\\\/\"},{\"@type\":\"ListItem\",\"position\":3,\"name\":\"NAF Biotics\"}]},{\"@type\":\"WebSite\",\"@id\":\"https:\\\/\\\/clair.si\\\/#website\",\"url\":\"https:\\\/\\\/clair.si\\\/\",\"name\":\"Clair\",\"description\":\"Trgovina s konjeni\u0161ko opremo\",\"publisher\":{\"@id\":\"https:\\\/\\\/clair.si\\\/#organization\"},\"potentialAction\":[{\"@type\":\"SearchAction\",\"target\":{\"@type\":\"EntryPoint\",\"urlTemplate\":\"https:\\\/\\\/clair.si\\\/?s={search_term_string}\"},\"query-input\":{\"@type\":\"PropertyValueSpecification\",\"valueRequired\":true,\"valueName\":\"search_term_string\"}}],\"inLanguage\":\"hr\"},{\"@type\":\"Organization\",\"@id\":\"https:\\\/\\\/clair.si\\\/#organization\",\"name\":\"Clair\",\"url\":\"https:\\\/\\\/clair.si\\\/\",\"logo\":{\"@type\":\"ImageObject\",\"inLanguage\":\"hr\",\"@id\":\"https:\\\/\\\/clair.si\\\/#\\\/schema\\\/logo\\\/image\\\/\",\"url\":\"https:\\\/\\\/clair.si\\\/wp-content\\\/uploads\\\/2022\\\/11\\\/clair_logo_2022.jpg\",\"contentUrl\":\"https:\\\/\\\/clair.si\\\/wp-content\\\/uploads\\\/2022\\\/11\\\/clair_logo_2022.jpg\",\"width\":1920,\"height\":1920,\"caption\":\"Clair\"},\"image\":{\"@id\":\"https:\\\/\\\/clair.si\\\/#\\\/schema\\\/logo\\\/image\\\/\"},\"sameAs\":[\"https:\\\/\\\/www.facebook.com\\\/TrgovinaClair\\\/\"]}]}<\/script>\n<!-- \/ Yoast SEO plugin. -->","yoast_head_json":{"title":"NAF Biotics - Clair","description":"kombinacija prebiotika i probiotika, koji reguliraju crijevnu floru  kao pomo\u0107 kod akutnih probavnih problema ili kao dugotrajna podr\u0161ka  odli\u010dna podr\u0161ka nakon uzimanja antibiotika, u stresnim situacijama...","robots":{"index":"index","follow":"follow","max-snippet":"max-snippet:-1","max-image-preview":"max-image-preview:large","max-video-preview":"max-video-preview:-1"},"canonical":"https:\/\/clair.si\/hr\/izdelek\/naf-biotics\/","og_locale":"hr_HR","og_type":"article","og_title":"NAF Biotics - Clair","og_description":"kombinacija prebiotika i probiotika, koji reguliraju crijevnu floru  kao pomo\u0107 kod akutnih probavnih problema ili kao dugotrajna podr\u0161ka  odli\u010dna podr\u0161ka nakon uzimanja antibiotika, u stresnim situacijama...","og_url":"https:\/\/clair.si\/hr\/izdelek\/naf-biotics\/","og_site_name":"Clair","article_publisher":"https:\/\/www.facebook.com\/TrgovinaClair\/","og_image":[{"width":1000,"height":1000,"url":"https:\/\/clair.si\/wp-content\/uploads\/2024\/09\/naf-biotics-1-jpg.avif","type":"image\/jpeg"}],"twitter_card":"summary_large_image","twitter_misc":{"Procijenjeno vrijeme \u010ditanja":"2 minute"},"schema":{"@context":"https:\/\/schema.org","@graph":[{"@type":"WebPage","@id":"https:\/\/clair.si\/hr\/izdelek\/naf-biotics\/","url":"https:\/\/clair.si\/hr\/izdelek\/naf-biotics\/","name":"NAF Biotics - Clair","isPartOf":{"@id":"https:\/\/clair.si\/#website"},"primaryImageOfPage":{"@id":"https:\/\/clair.si\/hr\/izdelek\/naf-biotics\/#primaryimage"},"image":{"@id":"https:\/\/clair.si\/hr\/izdelek\/naf-biotics\/#primaryimage"},"thumbnailUrl":"https:\/\/clair.si\/wp-content\/uploads\/2024\/09\/naf-biotics-1-jpg.avif","datePublished":"2024-09-27T10:04:20+00:00","description":"kombinacija prebiotika i probiotika, koji reguliraju crijevnu floru kao pomo\u0107 kod akutnih probavnih problema ili kao dugotrajna podr\u0161ka odli\u010dna podr\u0161ka nakon uzimanja antibiotika, u stresnim situacijama...","breadcrumb":{"@id":"https:\/\/clair.si\/hr\/izdelek\/naf-biotics\/#breadcrumb"},"inLanguage":"hr","potentialAction":[{"@type":"ReadAction","target":["https:\/\/clair.si\/hr\/izdelek\/naf-biotics\/"]}]},{"@type":"ImageObject","inLanguage":"hr","@id":"https:\/\/clair.si\/hr\/izdelek\/naf-biotics\/#primaryimage","url":"https:\/\/clair.si\/wp-content\/uploads\/2024\/09\/naf-biotics-1-jpg.avif","contentUrl":"https:\/\/clair.si\/wp-content\/uploads\/2024\/09\/naf-biotics-1-jpg.avif","width":1000,"height":1000},{"@type":"BreadcrumbList","@id":"https:\/\/clair.si\/hr\/izdelek\/naf-biotics\/#breadcrumb","itemListElement":[{"@type":"ListItem","position":1,"name":"Home","item":"https:\/\/clair.si\/hr\/"},{"@type":"ListItem","position":2,"name":"Trgovina","item":"https:\/\/clair.si\/trgovina\/"},{"@type":"ListItem","position":3,"name":"NAF Biotics"}]},{"@type":"WebSite","@id":"https:\/\/clair.si\/#website","url":"https:\/\/clair.si\/","name":"Clair","description":"Trgovina s konjeni\u0161ko opremo","publisher":{"@id":"https:\/\/clair.si\/#organization"},"potentialAction":[{"@type":"SearchAction","target":{"@type":"EntryPoint","urlTemplate":"https:\/\/clair.si\/?s={search_term_string}"},"query-input":{"@type":"PropertyValueSpecification","valueRequired":true,"valueName":"search_term_string"}}],"inLanguage":"hr"},{"@type":"Organization","@id":"https:\/\/clair.si\/#organization","name":"Clair","url":"https:\/\/clair.si\/","logo":{"@type":"ImageObject","inLanguage":"hr","@id":"https:\/\/clair.si\/#\/schema\/logo\/image\/","url":"https:\/\/clair.si\/wp-content\/uploads\/2022\/11\/clair_logo_2022.jpg","contentUrl":"https:\/\/clair.si\/wp-content\/uploads\/2022\/11\/clair_logo_2022.jpg","width":1920,"height":1920,"caption":"Clair"},"image":{"@id":"https:\/\/clair.si\/#\/schema\/logo\/image\/"},"sameAs":["https:\/\/www.facebook.com\/TrgovinaClair\/"]}]}},"_links":{"self":[{"href":"https:\/\/clair.si\/hr\/wp-json\/wp\/v2\/product\/94401","targetHints":{"allow":["GET"]}}],"collection":[{"href":"https:\/\/clair.si\/hr\/wp-json\/wp\/v2\/product"}],"about":[{"href":"https:\/\/clair.si\/hr\/wp-json\/wp\/v2\/types\/product"}],"version-history":[{"count":0,"href":"https:\/\/clair.si\/hr\/wp-json\/wp\/v2\/product\/94401\/revisions"}],"wp:featuredmedia":[{"embeddable":true,"href":"https:\/\/clair.si\/hr\/wp-json\/wp\/v2\/media\/94404"}],"wp:attachment":[{"href":"https:\/\/clair.si\/hr\/wp-json\/wp\/v2\/media?parent=94401"}],"wp:term":[{"taxonomy":"product_brand","embeddable":true,"href":"https:\/\/clair.si\/hr\/wp-json\/wp\/v2\/product_brand?post=94401"},{"taxonomy":"product_cat","embeddable":true,"href":"https:\/\/clair.si\/hr\/wp-json\/wp\/v2\/product_cat?post=94401"},{"taxonomy":"product_tag","embeddable":true,"href":"https:\/\/clair.si\/hr\/wp-json\/wp\/v2\/product_tag?post=94401"}],"curies":[{"name":"wp","href":"https:\/\/api.w.org\/{rel}","templated":true}]}}