{"id":94428,"date":"2024-09-26T14:33:50","date_gmt":"2024-09-26T12:33:50","guid":{"rendered":"https:\/\/clair.si\/izdelek\/likit-graze-maze\/"},"modified":"2025-09-23T08:43:22","modified_gmt":"2025-09-23T06:43:22","slug":"likit-graze-maze","status":"publish","type":"product","link":"https:\/\/clair.si\/hr\/izdelek\/likit-graze-maze\/","title":{"rendered":"Likit Graze Maze"},"content":{"rendered":"<p><strong>Likit Graze Maze \u2013 zabavna i stimulativna igra\u010dka za konje!<\/strong><\/p>\n<p>\u017delite li zabaviti i mentalno stimulirati svog konja? <strong>Likit Graze Maze<\/strong> je odli\u010dno rje\u0161enje! Ova inovativna interaktivna igra\u010dka osmi\u0161ljena je kako bi konju pru\u017eila zabavu, istovremeno poti\u010du\u0107i njegovo prirodno pona\u0161anje u potrazi za hranom. Dizajnirana je za sporo hranjenje, \u0161to pridonosi boljem zdravlju probave i sprje\u010dava dosadu u staji.<\/p>\n<h3>Zna\u010dajke Likit Graze Maze:<\/h3>\n<ul>\n<li><strong>Poti\u010de prirodne instinkte<\/strong> \u2013 konj se mora potruditi da dobije hranu iz &#8220;labirinta&#8221;, \u0161to poti\u010de tra\u017eenje hrane i pobolj\u0161ava mentalnu stimulaciju.<\/li>\n<li><strong>Sporo hranjenje<\/strong> \u2013 poti\u010de sporo hranjenje, \u0161to pridonosi boljoj probavi i smanjuje rizik od kolika.<\/li>\n<li><strong>Smanjuje dosadu<\/strong> \u2013 idealno za duge sate u boksu ili na pa\u0161njaku, jer konja zaposli i pru\u017ea mu zabavu.<\/li>\n<li><strong>Izdr\u017eljiv i siguran materijal<\/strong> \u2013 izra\u0111en od \u010dvrste, ne\u0161kodljive plastike koja je sigurna za konje i otporna na ugrize.<\/li>\n<\/ul>\n<h3>Za\u0161to je Likit Graze Maze koristan?<\/h3>\n<ul>\n<li><strong>Sprje\u010dava lo\u0161e navike<\/strong> \u2013 smanjuje rizik od stereotipnog pona\u0161anja (npr. grickanje boksova ili pletenje) zbog dosade.<\/li>\n<li><strong>Jednostavna uporaba<\/strong> \u2013 jednostavno napunite LIKIT pastom ili muslijima i postavite u boks ili na pa\u0161njak.<\/li>\n<li><strong>Raznolikost uporabe<\/strong> \u2013 konji se mogu igrati sami ili u dru\u0161tvu drugih konja, \u0161to ih odr\u017eava aktivnima i sretnima.<\/li>\n<\/ul>\n<p><strong>Uporaba<\/strong>: Napunite igra\u010dku konjevim omiljenim poslasticama, peletima ili LIKIT pastom, a zatim je polo\u017eite na tlo. Konj \u0107e se morati potruditi da dobije hranu iz &#8220;labirinta&#8221;, \u0161to \u0107e ga zaokupiti na neko vrijeme. \ud83d\ude00 Idealno za vrijeme izme\u0111u natjecanja ili kada je konj u boksu.<\/p>\n<p>S <strong>Likit Graze Maze<\/strong> va\u0161 \u0107e konj uvijek biti zaposlen i zadovoljan!<\/p>\n","protected":false},"excerpt":{"rendered":"<ul>\n<li>pripomo\u0107 za ubijanje dosade<\/li>\n<li>mo\u017ee se umetnuti u posudu za hranu i tako produ\u017eiti vrijeme hranjenja<\/li>\n<li>od izdr\u017eljivog i sigurnog materijala<\/li>\n<\/ul>\n","protected":false},"featured_media":94423,"template":"","meta":{"footnotes":""},"product_brand":[],"product_cat":[5756,5782,5710,5712,5627],"product_tag":[],"class_list":{"0":"post-94428","1":"product","2":"type-product","3":"status-publish","4":"has-post-thumbnail","6":"product_cat-dodaci-za-stalu","7":"product_cat-kolacici-i-kamenje-soli","8":"product_cat-hrana-za-konje-hr","9":"product_cat-prehrambeni-dodaci","10":"product_cat-stala-i-pasnjak","12":"first","13":"instock","14":"sale","15":"shipping-taxable","16":"purchasable","17":"product-type-variable"},"yoast_head":"<!-- This site is optimized with the Yoast SEO plugin v27.4 - https:\/\/yoast.com\/product\/yoast-seo-wordpress\/ -->\n<title>Likit Graze Maze - Clair<\/title>\n<meta name=\"description\" content=\"pripomo\u0107 za ubijanje dosade  mo\u017ee se umetnuti u posudu za hranu i tako produ\u017eiti vrijeme hranjenja  od izdr\u017eljivog i sigurnog materijala\" \/>\n<meta name=\"robots\" content=\"index, follow, max-snippet:-1, max-image-preview:large, max-video-preview:-1\" \/>\n<link rel=\"canonical\" href=\"https:\/\/clair.si\/izdelek\/likit-graze-maze\/\" \/>\n<meta property=\"og:locale\" content=\"hr_HR\" \/>\n<meta property=\"og:type\" content=\"article\" \/>\n<meta property=\"og:title\" content=\"Likit Graze Maze - Clair\" \/>\n<meta property=\"og:description\" content=\"pripomo\u0107 za ubijanje dosade  mo\u017ee se umetnuti u posudu za hranu i tako produ\u017eiti vrijeme hranjenja  od izdr\u017eljivog i sigurnog materijala\" \/>\n<meta property=\"og:url\" content=\"https:\/\/clair.si\/izdelek\/likit-graze-maze\/\" \/>\n<meta property=\"og:site_name\" content=\"Clair\" \/>\n<meta property=\"article:publisher\" content=\"https:\/\/www.facebook.com\/TrgovinaClair\/\" \/>\n<meta property=\"article:modified_time\" content=\"2025-09-23T06:43:22+00:00\" \/>\n<meta property=\"og:image\" content=\"https:\/\/clair.si\/wp-content\/uploads\/2024\/09\/Likit-clair-jpg.avif\" \/>\n\t<meta property=\"og:image:width\" content=\"683\" \/>\n\t<meta property=\"og:image:height\" content=\"683\" \/>\n\t<meta property=\"og:image:type\" content=\"image\/jpeg\" \/>\n<meta name=\"twitter:card\" content=\"summary_large_image\" \/>\n<meta name=\"twitter:label1\" content=\"Procijenjeno vrijeme \u010ditanja\" \/>\n\t<meta name=\"twitter:data1\" content=\"2 minute\" \/>\n<script type=\"application\/ld+json\" class=\"yoast-schema-graph\">{\"@context\":\"https:\\\/\\\/schema.org\",\"@graph\":[{\"@type\":\"WebPage\",\"@id\":\"https:\\\/\\\/clair.si\\\/izdelek\\\/likit-graze-maze\\\/\",\"url\":\"https:\\\/\\\/clair.si\\\/izdelek\\\/likit-graze-maze\\\/\",\"name\":\"Likit Graze Maze - Clair\",\"isPartOf\":{\"@id\":\"https:\\\/\\\/clair.si\\\/#website\"},\"primaryImageOfPage\":{\"@id\":\"https:\\\/\\\/clair.si\\\/izdelek\\\/likit-graze-maze\\\/#primaryimage\"},\"image\":{\"@id\":\"https:\\\/\\\/clair.si\\\/izdelek\\\/likit-graze-maze\\\/#primaryimage\"},\"thumbnailUrl\":\"https:\\\/\\\/clair.si\\\/wp-content\\\/uploads\\\/2024\\\/09\\\/Likit-clair-jpg.avif\",\"datePublished\":\"2024-09-26T12:33:50+00:00\",\"dateModified\":\"2025-09-23T06:43:22+00:00\",\"description\":\"pripomo\u0107 za ubijanje dosade mo\u017ee se umetnuti u posudu za hranu i tako produ\u017eiti vrijeme hranjenja od izdr\u017eljivog i sigurnog materijala\",\"breadcrumb\":{\"@id\":\"https:\\\/\\\/clair.si\\\/izdelek\\\/likit-graze-maze\\\/#breadcrumb\"},\"inLanguage\":\"hr\",\"potentialAction\":[{\"@type\":\"ReadAction\",\"target\":[\"https:\\\/\\\/clair.si\\\/izdelek\\\/likit-graze-maze\\\/\"]}]},{\"@type\":\"ImageObject\",\"inLanguage\":\"hr\",\"@id\":\"https:\\\/\\\/clair.si\\\/izdelek\\\/likit-graze-maze\\\/#primaryimage\",\"url\":\"https:\\\/\\\/clair.si\\\/wp-content\\\/uploads\\\/2024\\\/09\\\/Likit-clair-jpg.avif\",\"contentUrl\":\"https:\\\/\\\/clair.si\\\/wp-content\\\/uploads\\\/2024\\\/09\\\/Likit-clair-jpg.avif\",\"width\":683,\"height\":683},{\"@type\":\"BreadcrumbList\",\"@id\":\"https:\\\/\\\/clair.si\\\/izdelek\\\/likit-graze-maze\\\/#breadcrumb\",\"itemListElement\":[{\"@type\":\"ListItem\",\"position\":1,\"name\":\"Home\",\"item\":\"https:\\\/\\\/clair.si\\\/hr\\\/\"},{\"@type\":\"ListItem\",\"position\":2,\"name\":\"Trgovina\",\"item\":\"https:\\\/\\\/clair.si\\\/trgovina\\\/\"},{\"@type\":\"ListItem\",\"position\":3,\"name\":\"Likit Graze Maze\"}]},{\"@type\":\"WebSite\",\"@id\":\"https:\\\/\\\/clair.si\\\/#website\",\"url\":\"https:\\\/\\\/clair.si\\\/\",\"name\":\"Clair\",\"description\":\"Trgovina s konjeni\u0161ko opremo\",\"publisher\":{\"@id\":\"https:\\\/\\\/clair.si\\\/#organization\"},\"potentialAction\":[{\"@type\":\"SearchAction\",\"target\":{\"@type\":\"EntryPoint\",\"urlTemplate\":\"https:\\\/\\\/clair.si\\\/?s={search_term_string}\"},\"query-input\":{\"@type\":\"PropertyValueSpecification\",\"valueRequired\":true,\"valueName\":\"search_term_string\"}}],\"inLanguage\":\"hr\"},{\"@type\":\"Organization\",\"@id\":\"https:\\\/\\\/clair.si\\\/#organization\",\"name\":\"Clair\",\"url\":\"https:\\\/\\\/clair.si\\\/\",\"logo\":{\"@type\":\"ImageObject\",\"inLanguage\":\"hr\",\"@id\":\"https:\\\/\\\/clair.si\\\/#\\\/schema\\\/logo\\\/image\\\/\",\"url\":\"https:\\\/\\\/clair.si\\\/wp-content\\\/uploads\\\/2022\\\/11\\\/clair_logo_2022.jpg\",\"contentUrl\":\"https:\\\/\\\/clair.si\\\/wp-content\\\/uploads\\\/2022\\\/11\\\/clair_logo_2022.jpg\",\"width\":1920,\"height\":1920,\"caption\":\"Clair\"},\"image\":{\"@id\":\"https:\\\/\\\/clair.si\\\/#\\\/schema\\\/logo\\\/image\\\/\"},\"sameAs\":[\"https:\\\/\\\/www.facebook.com\\\/TrgovinaClair\\\/\"]}]}<\/script>\n<!-- \/ Yoast SEO plugin. -->","yoast_head_json":{"title":"Likit Graze Maze - Clair","description":"pripomo\u0107 za ubijanje dosade  mo\u017ee se umetnuti u posudu za hranu i tako produ\u017eiti vrijeme hranjenja  od izdr\u017eljivog i sigurnog materijala","robots":{"index":"index","follow":"follow","max-snippet":"max-snippet:-1","max-image-preview":"max-image-preview:large","max-video-preview":"max-video-preview:-1"},"canonical":"https:\/\/clair.si\/izdelek\/likit-graze-maze\/","og_locale":"hr_HR","og_type":"article","og_title":"Likit Graze Maze - Clair","og_description":"pripomo\u0107 za ubijanje dosade  mo\u017ee se umetnuti u posudu za hranu i tako produ\u017eiti vrijeme hranjenja  od izdr\u017eljivog i sigurnog materijala","og_url":"https:\/\/clair.si\/izdelek\/likit-graze-maze\/","og_site_name":"Clair","article_publisher":"https:\/\/www.facebook.com\/TrgovinaClair\/","article_modified_time":"2025-09-23T06:43:22+00:00","og_image":[{"width":683,"height":683,"url":"https:\/\/clair.si\/wp-content\/uploads\/2024\/09\/Likit-clair-jpg.avif","type":"image\/jpeg"}],"twitter_card":"summary_large_image","twitter_misc":{"Procijenjeno vrijeme \u010ditanja":"2 minute"},"schema":{"@context":"https:\/\/schema.org","@graph":[{"@type":"WebPage","@id":"https:\/\/clair.si\/izdelek\/likit-graze-maze\/","url":"https:\/\/clair.si\/izdelek\/likit-graze-maze\/","name":"Likit Graze Maze - Clair","isPartOf":{"@id":"https:\/\/clair.si\/#website"},"primaryImageOfPage":{"@id":"https:\/\/clair.si\/izdelek\/likit-graze-maze\/#primaryimage"},"image":{"@id":"https:\/\/clair.si\/izdelek\/likit-graze-maze\/#primaryimage"},"thumbnailUrl":"https:\/\/clair.si\/wp-content\/uploads\/2024\/09\/Likit-clair-jpg.avif","datePublished":"2024-09-26T12:33:50+00:00","dateModified":"2025-09-23T06:43:22+00:00","description":"pripomo\u0107 za ubijanje dosade mo\u017ee se umetnuti u posudu za hranu i tako produ\u017eiti vrijeme hranjenja od izdr\u017eljivog i sigurnog materijala","breadcrumb":{"@id":"https:\/\/clair.si\/izdelek\/likit-graze-maze\/#breadcrumb"},"inLanguage":"hr","potentialAction":[{"@type":"ReadAction","target":["https:\/\/clair.si\/izdelek\/likit-graze-maze\/"]}]},{"@type":"ImageObject","inLanguage":"hr","@id":"https:\/\/clair.si\/izdelek\/likit-graze-maze\/#primaryimage","url":"https:\/\/clair.si\/wp-content\/uploads\/2024\/09\/Likit-clair-jpg.avif","contentUrl":"https:\/\/clair.si\/wp-content\/uploads\/2024\/09\/Likit-clair-jpg.avif","width":683,"height":683},{"@type":"BreadcrumbList","@id":"https:\/\/clair.si\/izdelek\/likit-graze-maze\/#breadcrumb","itemListElement":[{"@type":"ListItem","position":1,"name":"Home","item":"https:\/\/clair.si\/hr\/"},{"@type":"ListItem","position":2,"name":"Trgovina","item":"https:\/\/clair.si\/trgovina\/"},{"@type":"ListItem","position":3,"name":"Likit Graze Maze"}]},{"@type":"WebSite","@id":"https:\/\/clair.si\/#website","url":"https:\/\/clair.si\/","name":"Clair","description":"Trgovina s konjeni\u0161ko opremo","publisher":{"@id":"https:\/\/clair.si\/#organization"},"potentialAction":[{"@type":"SearchAction","target":{"@type":"EntryPoint","urlTemplate":"https:\/\/clair.si\/?s={search_term_string}"},"query-input":{"@type":"PropertyValueSpecification","valueRequired":true,"valueName":"search_term_string"}}],"inLanguage":"hr"},{"@type":"Organization","@id":"https:\/\/clair.si\/#organization","name":"Clair","url":"https:\/\/clair.si\/","logo":{"@type":"ImageObject","inLanguage":"hr","@id":"https:\/\/clair.si\/#\/schema\/logo\/image\/","url":"https:\/\/clair.si\/wp-content\/uploads\/2022\/11\/clair_logo_2022.jpg","contentUrl":"https:\/\/clair.si\/wp-content\/uploads\/2022\/11\/clair_logo_2022.jpg","width":1920,"height":1920,"caption":"Clair"},"image":{"@id":"https:\/\/clair.si\/#\/schema\/logo\/image\/"},"sameAs":["https:\/\/www.facebook.com\/TrgovinaClair\/"]}]}},"_links":{"self":[{"href":"https:\/\/clair.si\/hr\/wp-json\/wp\/v2\/product\/94428","targetHints":{"allow":["GET"]}}],"collection":[{"href":"https:\/\/clair.si\/hr\/wp-json\/wp\/v2\/product"}],"about":[{"href":"https:\/\/clair.si\/hr\/wp-json\/wp\/v2\/types\/product"}],"version-history":[{"count":1,"href":"https:\/\/clair.si\/hr\/wp-json\/wp\/v2\/product\/94428\/revisions"}],"predecessor-version":[{"id":113818,"href":"https:\/\/clair.si\/hr\/wp-json\/wp\/v2\/product\/94428\/revisions\/113818"}],"wp:featuredmedia":[{"embeddable":true,"href":"https:\/\/clair.si\/hr\/wp-json\/wp\/v2\/media\/94423"}],"wp:attachment":[{"href":"https:\/\/clair.si\/hr\/wp-json\/wp\/v2\/media?parent=94428"}],"wp:term":[{"taxonomy":"product_brand","embeddable":true,"href":"https:\/\/clair.si\/hr\/wp-json\/wp\/v2\/product_brand?post=94428"},{"taxonomy":"product_cat","embeddable":true,"href":"https:\/\/clair.si\/hr\/wp-json\/wp\/v2\/product_cat?post=94428"},{"taxonomy":"product_tag","embeddable":true,"href":"https:\/\/clair.si\/hr\/wp-json\/wp\/v2\/product_tag?post=94428"}],"curies":[{"name":"wp","href":"https:\/\/api.w.org\/{rel}","templated":true}]}}