{"id":94447,"date":"2024-09-30T08:42:27","date_gmt":"2024-09-30T06:42:27","guid":{"rendered":"https:\/\/clair.si\/izdelek\/hobby-horse\/"},"modified":"2025-08-27T17:49:52","modified_gmt":"2025-08-27T15:49:52","slug":"hobby-horse","status":"publish","type":"product","link":"https:\/\/clair.si\/hr\/izdelek\/hobby-horse\/","title":{"rendered":"Hobby Horse"},"content":{"rendered":"<p><strong>Hobby Horse<\/strong> je drveni konji\u0107 koji poti\u010de kreativnost i tjelesnu aktivnost. Drvena palica ima na vrhu mekanu i izdr\u017eljivu konjsku glavu od tekstila, pa\u017eljivo oblikovanu s izvezenim detaljima, kao \u0161to su o\u010di, nosnice i griva, koji daju konji\u0107u realisti\u010dan izgled. <\/p>\n<p>Proizvod je lagan i prilago\u0111en za jednostavno rukovanje, primjeren za djecu i odrasle koji se \u017eele oku\u0161ati u hobby horsing disciplini. Dostupan je u razli\u010ditim bojama i dizajnima, \u0161to omogu\u0107uje personalizaciju i jedinstven izgled va\u0161eg konji\u0107a. <\/p>\n<p><strong>Hobby Horse je idealan za igru na otvorenom, poti\u010de kretanje i ma\u0161tu te omogu\u0107uje zabavu kroz sportske aktivnosti, kao \u0161to su preskakanje prepreka i simulacija jahanja.<\/strong><\/p>\n<div class=\"flex max-w-full flex-col flex-grow\">\n<div class=\"min-h-8 text-message flex w-full flex-col items-end gap-2 whitespace-normal break-words [.text-message+&amp;]:mt-5\" dir=\"auto\" data-message-author-role=\"assistant\" data-message-id=\"8ccccc17-49f6-4e00-94f3-a337fecc0d8a\">\n<div class=\"flex w-full flex-col gap-1 empty:hidden first:pt-[3px]\">\n<div class=\"markdown prose w-full break-words dark:prose-invert light\">\n<ul>\n<li>Hobby Horse kao igra\u010dka<\/li>\n<li>te\u017eina 650 g<\/li>\n<li>glava od poliestera<\/li>\n<li>uklju\u010duje uzdu od 100 % poliuretana<\/li>\n<li>uzda je pri\u0161ivena ispod u\u0161iju i mo\u017ee se pa\u017eljivo ukloniti \u0161karama<\/li>\n<li>drvena palica duga 40 cm<\/li>\n<li>pozor: nije primjereno za djecu mla\u0111u od 3 godine<\/li>\n<li>dodatni pribor dostupan zasebno<\/li>\n<li>ispunjava europske zahtjeve za testiranje igra\u010daka<\/li>\n<\/ul>\n<\/div>\n<\/div>\n<\/div>\n<\/div>\n<div class=\"mb-2 flex gap-3 empty:hidden -ml-2\">\n<div class=\"items-center justify-start rounded-xl p-1 flex\"><\/div>\n<\/div>\n","protected":false},"excerpt":{"rendered":"<p>Hobby Horse je drveni konji\u0107 koji poti\u010de kreativnost i tjelesnu aktivnost. Drvena palica ima na vrhu mekanu i izdr\u017eljivu konjsku<\/p>\n","protected":false},"featured_media":105607,"template":"","meta":{"footnotes":""},"product_brand":[],"product_cat":[6069,5654],"product_tag":[],"class_list":{"0":"post-94447","1":"product","2":"type-product","3":"status-publish","4":"has-post-thumbnail","6":"product_cat-hobby-horse","7":"product_cat-jahac-hr","9":"first","10":"instock","11":"shipping-taxable","12":"purchasable","13":"product-type-variable"},"yoast_head":"<!-- This site is optimized with the Yoast SEO plugin v27.3 - https:\/\/yoast.com\/product\/yoast-seo-wordpress\/ -->\n<title>Hobby Horse - Clair<\/title>\n<meta name=\"description\" content=\"Hobby Horse je drveni konji\u0107 koji poti\u010de kreativnost i tjelesnu aktivnost. Drvena palica ima na vrhu mekanu i izdr\u017eljivu konjsku glavu od tekstila,\" \/>\n<meta name=\"robots\" content=\"index, follow, max-snippet:-1, max-image-preview:large, max-video-preview:-1\" \/>\n<link rel=\"canonical\" href=\"https:\/\/clair.si\/hr\/izdelek\/hobby-horse\/\" \/>\n<meta property=\"og:locale\" content=\"hr_HR\" \/>\n<meta property=\"og:type\" content=\"article\" \/>\n<meta property=\"og:title\" content=\"Hobby Horse - Clair\" \/>\n<meta property=\"og:description\" content=\"Hobby Horse je drveni konji\u0107 koji poti\u010de kreativnost i tjelesnu aktivnost. Drvena palica ima na vrhu mekanu i izdr\u017eljivu konjsku glavu od tekstila,\" \/>\n<meta property=\"og:url\" content=\"https:\/\/clair.si\/hr\/izdelek\/hobby-horse\/\" \/>\n<meta property=\"og:site_name\" content=\"Clair\" \/>\n<meta property=\"article:publisher\" content=\"https:\/\/www.facebook.com\/TrgovinaClair\/\" \/>\n<meta property=\"article:modified_time\" content=\"2025-08-27T15:49:52+00:00\" \/>\n<meta property=\"og:image\" content=\"https:\/\/clair.si\/wp-content\/uploads\/2022\/11\/clair_logo_2022.webp\" \/>\n\t<meta property=\"og:image:width\" content=\"1920\" \/>\n\t<meta property=\"og:image:height\" content=\"1920\" \/>\n\t<meta property=\"og:image:type\" content=\"image\/jpeg\" \/>\n<meta name=\"twitter:card\" content=\"summary_large_image\" \/>\n<meta name=\"twitter:label1\" content=\"Procijenjeno vrijeme \u010ditanja\" \/>\n\t<meta name=\"twitter:data1\" content=\"1 minuta\" \/>\n<script type=\"application\/ld+json\" class=\"yoast-schema-graph\">{\"@context\":\"https:\\\/\\\/schema.org\",\"@graph\":[{\"@type\":\"WebPage\",\"@id\":\"https:\\\/\\\/clair.si\\\/hr\\\/izdelek\\\/hobby-horse\\\/\",\"url\":\"https:\\\/\\\/clair.si\\\/hr\\\/izdelek\\\/hobby-horse\\\/\",\"name\":\"Hobby Horse - Clair\",\"isPartOf\":{\"@id\":\"https:\\\/\\\/clair.si\\\/#website\"},\"primaryImageOfPage\":{\"@id\":\"https:\\\/\\\/clair.si\\\/hr\\\/izdelek\\\/hobby-horse\\\/#primaryimage\"},\"image\":{\"@id\":\"https:\\\/\\\/clair.si\\\/hr\\\/izdelek\\\/hobby-horse\\\/#primaryimage\"},\"thumbnailUrl\":\"https:\\\/\\\/clair.si\\\/wp-content\\\/uploads\\\/2024\\\/09\\\/Hobby-horsing5-jpg-1.avif\",\"datePublished\":\"2024-09-30T06:42:27+00:00\",\"dateModified\":\"2025-08-27T15:49:52+00:00\",\"description\":\"Hobby Horse je drveni konji\u0107 koji poti\u010de kreativnost i tjelesnu aktivnost. Drvena palica ima na vrhu mekanu i izdr\u017eljivu konjsku glavu od tekstila,\",\"breadcrumb\":{\"@id\":\"https:\\\/\\\/clair.si\\\/hr\\\/izdelek\\\/hobby-horse\\\/#breadcrumb\"},\"inLanguage\":\"hr\",\"potentialAction\":[{\"@type\":\"ReadAction\",\"target\":[\"https:\\\/\\\/clair.si\\\/hr\\\/izdelek\\\/hobby-horse\\\/\"]}]},{\"@type\":\"ImageObject\",\"inLanguage\":\"hr\",\"@id\":\"https:\\\/\\\/clair.si\\\/hr\\\/izdelek\\\/hobby-horse\\\/#primaryimage\",\"url\":\"https:\\\/\\\/clair.si\\\/wp-content\\\/uploads\\\/2024\\\/09\\\/Hobby-horsing5-jpg-1.avif\",\"contentUrl\":\"https:\\\/\\\/clair.si\\\/wp-content\\\/uploads\\\/2024\\\/09\\\/Hobby-horsing5-jpg-1.avif\",\"width\":700,\"height\":700},{\"@type\":\"BreadcrumbList\",\"@id\":\"https:\\\/\\\/clair.si\\\/hr\\\/izdelek\\\/hobby-horse\\\/#breadcrumb\",\"itemListElement\":[{\"@type\":\"ListItem\",\"position\":1,\"name\":\"Home\",\"item\":\"https:\\\/\\\/clair.si\\\/hr\\\/\"},{\"@type\":\"ListItem\",\"position\":2,\"name\":\"Trgovina\",\"item\":\"https:\\\/\\\/clair.si\\\/trgovina\\\/\"},{\"@type\":\"ListItem\",\"position\":3,\"name\":\"Hobby Horse\"}]},{\"@type\":\"WebSite\",\"@id\":\"https:\\\/\\\/clair.si\\\/#website\",\"url\":\"https:\\\/\\\/clair.si\\\/\",\"name\":\"Clair\",\"description\":\"Trgovina s konjeni\u0161ko opremo\",\"publisher\":{\"@id\":\"https:\\\/\\\/clair.si\\\/#organization\"},\"potentialAction\":[{\"@type\":\"SearchAction\",\"target\":{\"@type\":\"EntryPoint\",\"urlTemplate\":\"https:\\\/\\\/clair.si\\\/?s={search_term_string}\"},\"query-input\":{\"@type\":\"PropertyValueSpecification\",\"valueRequired\":true,\"valueName\":\"search_term_string\"}}],\"inLanguage\":\"hr\"},{\"@type\":\"Organization\",\"@id\":\"https:\\\/\\\/clair.si\\\/#organization\",\"name\":\"Clair\",\"url\":\"https:\\\/\\\/clair.si\\\/\",\"logo\":{\"@type\":\"ImageObject\",\"inLanguage\":\"hr\",\"@id\":\"https:\\\/\\\/clair.si\\\/#\\\/schema\\\/logo\\\/image\\\/\",\"url\":\"https:\\\/\\\/clair.si\\\/wp-content\\\/uploads\\\/2022\\\/11\\\/clair_logo_2022.jpg\",\"contentUrl\":\"https:\\\/\\\/clair.si\\\/wp-content\\\/uploads\\\/2022\\\/11\\\/clair_logo_2022.jpg\",\"width\":1920,\"height\":1920,\"caption\":\"Clair\"},\"image\":{\"@id\":\"https:\\\/\\\/clair.si\\\/#\\\/schema\\\/logo\\\/image\\\/\"},\"sameAs\":[\"https:\\\/\\\/www.facebook.com\\\/TrgovinaClair\\\/\"]}]}<\/script>\n<!-- \/ Yoast SEO plugin. -->","yoast_head_json":{"title":"Hobby Horse - Clair","description":"Hobby Horse je drveni konji\u0107 koji poti\u010de kreativnost i tjelesnu aktivnost. Drvena palica ima na vrhu mekanu i izdr\u017eljivu konjsku glavu od tekstila,","robots":{"index":"index","follow":"follow","max-snippet":"max-snippet:-1","max-image-preview":"max-image-preview:large","max-video-preview":"max-video-preview:-1"},"canonical":"https:\/\/clair.si\/hr\/izdelek\/hobby-horse\/","og_locale":"hr_HR","og_type":"article","og_title":"Hobby Horse - Clair","og_description":"Hobby Horse je drveni konji\u0107 koji poti\u010de kreativnost i tjelesnu aktivnost. Drvena palica ima na vrhu mekanu i izdr\u017eljivu konjsku glavu od tekstila,","og_url":"https:\/\/clair.si\/hr\/izdelek\/hobby-horse\/","og_site_name":"Clair","article_publisher":"https:\/\/www.facebook.com\/TrgovinaClair\/","article_modified_time":"2025-08-27T15:49:52+00:00","og_image":[{"width":1920,"height":1920,"url":"https:\/\/clair.si\/wp-content\/uploads\/2022\/11\/clair_logo_2022.webp","type":"image\/jpeg"}],"twitter_card":"summary_large_image","twitter_misc":{"Procijenjeno vrijeme \u010ditanja":"1 minuta"},"schema":{"@context":"https:\/\/schema.org","@graph":[{"@type":"WebPage","@id":"https:\/\/clair.si\/hr\/izdelek\/hobby-horse\/","url":"https:\/\/clair.si\/hr\/izdelek\/hobby-horse\/","name":"Hobby Horse - Clair","isPartOf":{"@id":"https:\/\/clair.si\/#website"},"primaryImageOfPage":{"@id":"https:\/\/clair.si\/hr\/izdelek\/hobby-horse\/#primaryimage"},"image":{"@id":"https:\/\/clair.si\/hr\/izdelek\/hobby-horse\/#primaryimage"},"thumbnailUrl":"https:\/\/clair.si\/wp-content\/uploads\/2024\/09\/Hobby-horsing5-jpg-1.avif","datePublished":"2024-09-30T06:42:27+00:00","dateModified":"2025-08-27T15:49:52+00:00","description":"Hobby Horse je drveni konji\u0107 koji poti\u010de kreativnost i tjelesnu aktivnost. Drvena palica ima na vrhu mekanu i izdr\u017eljivu konjsku glavu od tekstila,","breadcrumb":{"@id":"https:\/\/clair.si\/hr\/izdelek\/hobby-horse\/#breadcrumb"},"inLanguage":"hr","potentialAction":[{"@type":"ReadAction","target":["https:\/\/clair.si\/hr\/izdelek\/hobby-horse\/"]}]},{"@type":"ImageObject","inLanguage":"hr","@id":"https:\/\/clair.si\/hr\/izdelek\/hobby-horse\/#primaryimage","url":"https:\/\/clair.si\/wp-content\/uploads\/2024\/09\/Hobby-horsing5-jpg-1.avif","contentUrl":"https:\/\/clair.si\/wp-content\/uploads\/2024\/09\/Hobby-horsing5-jpg-1.avif","width":700,"height":700},{"@type":"BreadcrumbList","@id":"https:\/\/clair.si\/hr\/izdelek\/hobby-horse\/#breadcrumb","itemListElement":[{"@type":"ListItem","position":1,"name":"Home","item":"https:\/\/clair.si\/hr\/"},{"@type":"ListItem","position":2,"name":"Trgovina","item":"https:\/\/clair.si\/trgovina\/"},{"@type":"ListItem","position":3,"name":"Hobby Horse"}]},{"@type":"WebSite","@id":"https:\/\/clair.si\/#website","url":"https:\/\/clair.si\/","name":"Clair","description":"Trgovina s konjeni\u0161ko opremo","publisher":{"@id":"https:\/\/clair.si\/#organization"},"potentialAction":[{"@type":"SearchAction","target":{"@type":"EntryPoint","urlTemplate":"https:\/\/clair.si\/?s={search_term_string}"},"query-input":{"@type":"PropertyValueSpecification","valueRequired":true,"valueName":"search_term_string"}}],"inLanguage":"hr"},{"@type":"Organization","@id":"https:\/\/clair.si\/#organization","name":"Clair","url":"https:\/\/clair.si\/","logo":{"@type":"ImageObject","inLanguage":"hr","@id":"https:\/\/clair.si\/#\/schema\/logo\/image\/","url":"https:\/\/clair.si\/wp-content\/uploads\/2022\/11\/clair_logo_2022.jpg","contentUrl":"https:\/\/clair.si\/wp-content\/uploads\/2022\/11\/clair_logo_2022.jpg","width":1920,"height":1920,"caption":"Clair"},"image":{"@id":"https:\/\/clair.si\/#\/schema\/logo\/image\/"},"sameAs":["https:\/\/www.facebook.com\/TrgovinaClair\/"]}]}},"_links":{"self":[{"href":"https:\/\/clair.si\/hr\/wp-json\/wp\/v2\/product\/94447","targetHints":{"allow":["GET"]}}],"collection":[{"href":"https:\/\/clair.si\/hr\/wp-json\/wp\/v2\/product"}],"about":[{"href":"https:\/\/clair.si\/hr\/wp-json\/wp\/v2\/types\/product"}],"version-history":[{"count":0,"href":"https:\/\/clair.si\/hr\/wp-json\/wp\/v2\/product\/94447\/revisions"}],"wp:featuredmedia":[{"embeddable":true,"href":"https:\/\/clair.si\/hr\/wp-json\/wp\/v2\/media\/105607"}],"wp:attachment":[{"href":"https:\/\/clair.si\/hr\/wp-json\/wp\/v2\/media?parent=94447"}],"wp:term":[{"taxonomy":"product_brand","embeddable":true,"href":"https:\/\/clair.si\/hr\/wp-json\/wp\/v2\/product_brand?post=94447"},{"taxonomy":"product_cat","embeddable":true,"href":"https:\/\/clair.si\/hr\/wp-json\/wp\/v2\/product_cat?post=94447"},{"taxonomy":"product_tag","embeddable":true,"href":"https:\/\/clair.si\/hr\/wp-json\/wp\/v2\/product_tag?post=94447"}],"curies":[{"name":"wp","href":"https:\/\/api.w.org\/{rel}","templated":true}]}}