{"id":94516,"date":"2024-09-16T19:48:34","date_gmt":"2024-09-16T17:48:34","guid":{"rendered":"https:\/\/clair.si\/izdelek\/kavalkade-neoprenska-zastita-za-njusku-kavalpren\/"},"modified":"2025-08-28T10:31:19","modified_gmt":"2025-08-28T08:31:19","slug":"kavalkade-neoprenska-zastita-za-njusku-kavalpren","status":"publish","type":"product","link":"https:\/\/clair.si\/hr\/izdelek\/kavalkade-neoprenska-zastita-za-njusku-kavalpren\/","title":{"rendered":"Kavalkade neoprenska za\u0161tita za nosnik KavalPren"},"content":{"rendered":"<p><strong>Kavalkade neoprenska za\u0161tita za nosnik KavalPren<\/strong> za za\u0161titu konjske brade.<\/p>\n","protected":false},"excerpt":{"rendered":"<p>Kavalkade neoprenska za\u0161tita za nosnik KavalPren za za\u0161titu konjske brade.<\/p>\n","protected":false},"featured_media":94521,"template":"","meta":{"footnotes":""},"product_brand":[],"product_cat":[5698,5624,5697],"product_tag":[],"class_list":{"0":"post-94516","1":"product","2":"type-product","3":"status-publish","4":"has-post-thumbnail","6":"product_cat-dodaci-za-uzde","7":"product_cat-konj-hr","8":"product_cat-uzde-i-dizgini","10":"first","11":"instock","12":"shipping-taxable","13":"purchasable","14":"product-type-simple"},"yoast_head":"<!-- This site is optimized with the Yoast SEO plugin v27.3 - https:\/\/yoast.com\/product\/yoast-seo-wordpress\/ -->\n<title>Kavalkade neoprenska za\u0161tita za nosnik KavalPren - Clair<\/title>\n<meta name=\"description\" content=\"Kavalkade neoprenska za\u0161tita za nosnik KavalPren za za\u0161titu konjske brade.\" \/>\n<meta name=\"robots\" content=\"index, follow, max-snippet:-1, max-image-preview:large, max-video-preview:-1\" \/>\n<link rel=\"canonical\" href=\"https:\/\/clair.si\/hr\/izdelek\/kavalkade-neoprenska-zastita-za-njusku-kavalpren\/\" \/>\n<meta property=\"og:locale\" content=\"hr_HR\" \/>\n<meta property=\"og:type\" content=\"article\" \/>\n<meta property=\"og:title\" content=\"Kavalkade neoprenska za\u0161tita za nosnik KavalPren - Clair\" \/>\n<meta property=\"og:description\" content=\"Kavalkade neoprenska za\u0161tita za nosnik KavalPren za za\u0161titu konjske brade.\" \/>\n<meta property=\"og:url\" content=\"https:\/\/clair.si\/hr\/izdelek\/kavalkade-neoprenska-zastita-za-njusku-kavalpren\/\" \/>\n<meta property=\"og:site_name\" content=\"Clair\" \/>\n<meta property=\"article:publisher\" content=\"https:\/\/www.facebook.com\/TrgovinaClair\/\" \/>\n<meta property=\"article:modified_time\" content=\"2025-08-28T08:31:19+00:00\" \/>\n<meta property=\"og:image\" content=\"https:\/\/clair.si\/wp-content\/uploads\/2024\/09\/zascita-za-nosnik-brado-kavalkade-neopren.jpg\" \/>\n\t<meta property=\"og:image:width\" content=\"779\" \/>\n\t<meta property=\"og:image:height\" content=\"779\" \/>\n\t<meta property=\"og:image:type\" content=\"image\/jpeg\" \/>\n<meta name=\"twitter:card\" content=\"summary_large_image\" \/>\n<meta name=\"twitter:label1\" content=\"Procijenjeno vrijeme \u010ditanja\" \/>\n\t<meta name=\"twitter:data1\" content=\"1 minuta\" \/>\n<script type=\"application\/ld+json\" class=\"yoast-schema-graph\">{\"@context\":\"https:\\\/\\\/schema.org\",\"@graph\":[{\"@type\":\"WebPage\",\"@id\":\"https:\\\/\\\/clair.si\\\/hr\\\/izdelek\\\/kavalkade-neoprenska-zastita-za-njusku-kavalpren\\\/\",\"url\":\"https:\\\/\\\/clair.si\\\/hr\\\/izdelek\\\/kavalkade-neoprenska-zastita-za-njusku-kavalpren\\\/\",\"name\":\"Kavalkade neoprenska za\u0161tita za nosnik KavalPren - Clair\",\"isPartOf\":{\"@id\":\"https:\\\/\\\/clair.si\\\/#website\"},\"primaryImageOfPage\":{\"@id\":\"https:\\\/\\\/clair.si\\\/hr\\\/izdelek\\\/kavalkade-neoprenska-zastita-za-njusku-kavalpren\\\/#primaryimage\"},\"image\":{\"@id\":\"https:\\\/\\\/clair.si\\\/hr\\\/izdelek\\\/kavalkade-neoprenska-zastita-za-njusku-kavalpren\\\/#primaryimage\"},\"thumbnailUrl\":\"https:\\\/\\\/clair.si\\\/wp-content\\\/uploads\\\/2024\\\/09\\\/zascita-za-nosnik-brado-kavalkade-neopren.webp\",\"datePublished\":\"2024-09-16T17:48:34+00:00\",\"dateModified\":\"2025-08-28T08:31:19+00:00\",\"description\":\"Kavalkade neoprenska za\u0161tita za nosnik KavalPren za za\u0161titu konjske brade.\",\"breadcrumb\":{\"@id\":\"https:\\\/\\\/clair.si\\\/hr\\\/izdelek\\\/kavalkade-neoprenska-zastita-za-njusku-kavalpren\\\/#breadcrumb\"},\"inLanguage\":\"hr\",\"potentialAction\":[{\"@type\":\"ReadAction\",\"target\":[\"https:\\\/\\\/clair.si\\\/hr\\\/izdelek\\\/kavalkade-neoprenska-zastita-za-njusku-kavalpren\\\/\"]}]},{\"@type\":\"ImageObject\",\"inLanguage\":\"hr\",\"@id\":\"https:\\\/\\\/clair.si\\\/hr\\\/izdelek\\\/kavalkade-neoprenska-zastita-za-njusku-kavalpren\\\/#primaryimage\",\"url\":\"https:\\\/\\\/clair.si\\\/wp-content\\\/uploads\\\/2024\\\/09\\\/zascita-za-nosnik-brado-kavalkade-neopren.webp\",\"contentUrl\":\"https:\\\/\\\/clair.si\\\/wp-content\\\/uploads\\\/2024\\\/09\\\/zascita-za-nosnik-brado-kavalkade-neopren.webp\",\"width\":779,\"height\":779},{\"@type\":\"BreadcrumbList\",\"@id\":\"https:\\\/\\\/clair.si\\\/hr\\\/izdelek\\\/kavalkade-neoprenska-zastita-za-njusku-kavalpren\\\/#breadcrumb\",\"itemListElement\":[{\"@type\":\"ListItem\",\"position\":1,\"name\":\"Home\",\"item\":\"https:\\\/\\\/clair.si\\\/hr\\\/\"},{\"@type\":\"ListItem\",\"position\":2,\"name\":\"Trgovina\",\"item\":\"https:\\\/\\\/clair.si\\\/trgovina\\\/\"},{\"@type\":\"ListItem\",\"position\":3,\"name\":\"Kavalkade neoprenska za\u0161tita za nosnik KavalPren\"}]},{\"@type\":\"WebSite\",\"@id\":\"https:\\\/\\\/clair.si\\\/#website\",\"url\":\"https:\\\/\\\/clair.si\\\/\",\"name\":\"Clair\",\"description\":\"Trgovina s konjeni\u0161ko opremo\",\"publisher\":{\"@id\":\"https:\\\/\\\/clair.si\\\/#organization\"},\"potentialAction\":[{\"@type\":\"SearchAction\",\"target\":{\"@type\":\"EntryPoint\",\"urlTemplate\":\"https:\\\/\\\/clair.si\\\/?s={search_term_string}\"},\"query-input\":{\"@type\":\"PropertyValueSpecification\",\"valueRequired\":true,\"valueName\":\"search_term_string\"}}],\"inLanguage\":\"hr\"},{\"@type\":\"Organization\",\"@id\":\"https:\\\/\\\/clair.si\\\/#organization\",\"name\":\"Clair\",\"url\":\"https:\\\/\\\/clair.si\\\/\",\"logo\":{\"@type\":\"ImageObject\",\"inLanguage\":\"hr\",\"@id\":\"https:\\\/\\\/clair.si\\\/#\\\/schema\\\/logo\\\/image\\\/\",\"url\":\"https:\\\/\\\/clair.si\\\/wp-content\\\/uploads\\\/2022\\\/11\\\/clair_logo_2022.jpg\",\"contentUrl\":\"https:\\\/\\\/clair.si\\\/wp-content\\\/uploads\\\/2022\\\/11\\\/clair_logo_2022.jpg\",\"width\":1920,\"height\":1920,\"caption\":\"Clair\"},\"image\":{\"@id\":\"https:\\\/\\\/clair.si\\\/#\\\/schema\\\/logo\\\/image\\\/\"},\"sameAs\":[\"https:\\\/\\\/www.facebook.com\\\/TrgovinaClair\\\/\"]}]}<\/script>\n<!-- \/ Yoast SEO plugin. -->","yoast_head_json":{"title":"Kavalkade neoprenska za\u0161tita za nosnik KavalPren - Clair","description":"Kavalkade neoprenska za\u0161tita za nosnik KavalPren za za\u0161titu konjske brade.","robots":{"index":"index","follow":"follow","max-snippet":"max-snippet:-1","max-image-preview":"max-image-preview:large","max-video-preview":"max-video-preview:-1"},"canonical":"https:\/\/clair.si\/hr\/izdelek\/kavalkade-neoprenska-zastita-za-njusku-kavalpren\/","og_locale":"hr_HR","og_type":"article","og_title":"Kavalkade neoprenska za\u0161tita za nosnik KavalPren - Clair","og_description":"Kavalkade neoprenska za\u0161tita za nosnik KavalPren za za\u0161titu konjske brade.","og_url":"https:\/\/clair.si\/hr\/izdelek\/kavalkade-neoprenska-zastita-za-njusku-kavalpren\/","og_site_name":"Clair","article_publisher":"https:\/\/www.facebook.com\/TrgovinaClair\/","article_modified_time":"2025-08-28T08:31:19+00:00","og_image":[{"width":779,"height":779,"url":"https:\/\/clair.si\/wp-content\/uploads\/2024\/09\/zascita-za-nosnik-brado-kavalkade-neopren.jpg","type":"image\/jpeg"}],"twitter_card":"summary_large_image","twitter_misc":{"Procijenjeno vrijeme \u010ditanja":"1 minuta"},"schema":{"@context":"https:\/\/schema.org","@graph":[{"@type":"WebPage","@id":"https:\/\/clair.si\/hr\/izdelek\/kavalkade-neoprenska-zastita-za-njusku-kavalpren\/","url":"https:\/\/clair.si\/hr\/izdelek\/kavalkade-neoprenska-zastita-za-njusku-kavalpren\/","name":"Kavalkade neoprenska za\u0161tita za nosnik KavalPren - Clair","isPartOf":{"@id":"https:\/\/clair.si\/#website"},"primaryImageOfPage":{"@id":"https:\/\/clair.si\/hr\/izdelek\/kavalkade-neoprenska-zastita-za-njusku-kavalpren\/#primaryimage"},"image":{"@id":"https:\/\/clair.si\/hr\/izdelek\/kavalkade-neoprenska-zastita-za-njusku-kavalpren\/#primaryimage"},"thumbnailUrl":"https:\/\/clair.si\/wp-content\/uploads\/2024\/09\/zascita-za-nosnik-brado-kavalkade-neopren.webp","datePublished":"2024-09-16T17:48:34+00:00","dateModified":"2025-08-28T08:31:19+00:00","description":"Kavalkade neoprenska za\u0161tita za nosnik KavalPren za za\u0161titu konjske brade.","breadcrumb":{"@id":"https:\/\/clair.si\/hr\/izdelek\/kavalkade-neoprenska-zastita-za-njusku-kavalpren\/#breadcrumb"},"inLanguage":"hr","potentialAction":[{"@type":"ReadAction","target":["https:\/\/clair.si\/hr\/izdelek\/kavalkade-neoprenska-zastita-za-njusku-kavalpren\/"]}]},{"@type":"ImageObject","inLanguage":"hr","@id":"https:\/\/clair.si\/hr\/izdelek\/kavalkade-neoprenska-zastita-za-njusku-kavalpren\/#primaryimage","url":"https:\/\/clair.si\/wp-content\/uploads\/2024\/09\/zascita-za-nosnik-brado-kavalkade-neopren.webp","contentUrl":"https:\/\/clair.si\/wp-content\/uploads\/2024\/09\/zascita-za-nosnik-brado-kavalkade-neopren.webp","width":779,"height":779},{"@type":"BreadcrumbList","@id":"https:\/\/clair.si\/hr\/izdelek\/kavalkade-neoprenska-zastita-za-njusku-kavalpren\/#breadcrumb","itemListElement":[{"@type":"ListItem","position":1,"name":"Home","item":"https:\/\/clair.si\/hr\/"},{"@type":"ListItem","position":2,"name":"Trgovina","item":"https:\/\/clair.si\/trgovina\/"},{"@type":"ListItem","position":3,"name":"Kavalkade neoprenska za\u0161tita za nosnik KavalPren"}]},{"@type":"WebSite","@id":"https:\/\/clair.si\/#website","url":"https:\/\/clair.si\/","name":"Clair","description":"Trgovina s konjeni\u0161ko opremo","publisher":{"@id":"https:\/\/clair.si\/#organization"},"potentialAction":[{"@type":"SearchAction","target":{"@type":"EntryPoint","urlTemplate":"https:\/\/clair.si\/?s={search_term_string}"},"query-input":{"@type":"PropertyValueSpecification","valueRequired":true,"valueName":"search_term_string"}}],"inLanguage":"hr"},{"@type":"Organization","@id":"https:\/\/clair.si\/#organization","name":"Clair","url":"https:\/\/clair.si\/","logo":{"@type":"ImageObject","inLanguage":"hr","@id":"https:\/\/clair.si\/#\/schema\/logo\/image\/","url":"https:\/\/clair.si\/wp-content\/uploads\/2022\/11\/clair_logo_2022.jpg","contentUrl":"https:\/\/clair.si\/wp-content\/uploads\/2022\/11\/clair_logo_2022.jpg","width":1920,"height":1920,"caption":"Clair"},"image":{"@id":"https:\/\/clair.si\/#\/schema\/logo\/image\/"},"sameAs":["https:\/\/www.facebook.com\/TrgovinaClair\/"]}]}},"_links":{"self":[{"href":"https:\/\/clair.si\/hr\/wp-json\/wp\/v2\/product\/94516","targetHints":{"allow":["GET"]}}],"collection":[{"href":"https:\/\/clair.si\/hr\/wp-json\/wp\/v2\/product"}],"about":[{"href":"https:\/\/clair.si\/hr\/wp-json\/wp\/v2\/types\/product"}],"version-history":[{"count":0,"href":"https:\/\/clair.si\/hr\/wp-json\/wp\/v2\/product\/94516\/revisions"}],"wp:featuredmedia":[{"embeddable":true,"href":"https:\/\/clair.si\/hr\/wp-json\/wp\/v2\/media\/94521"}],"wp:attachment":[{"href":"https:\/\/clair.si\/hr\/wp-json\/wp\/v2\/media?parent=94516"}],"wp:term":[{"taxonomy":"product_brand","embeddable":true,"href":"https:\/\/clair.si\/hr\/wp-json\/wp\/v2\/product_brand?post=94516"},{"taxonomy":"product_cat","embeddable":true,"href":"https:\/\/clair.si\/hr\/wp-json\/wp\/v2\/product_cat?post=94516"},{"taxonomy":"product_tag","embeddable":true,"href":"https:\/\/clair.si\/hr\/wp-json\/wp\/v2\/product_tag?post=94516"}],"curies":[{"name":"wp","href":"https:\/\/api.w.org\/{rel}","templated":true}]}}