{"id":94566,"date":"2024-09-17T19:26:01","date_gmt":"2024-09-17T17:26:01","guid":{"rendered":"https:\/\/clair.si\/izdelek\/ogrlica-za-prsa-i-martingal-kavalkade-dekor\/"},"modified":"2025-10-18T10:51:29","modified_gmt":"2025-10-18T08:51:29","slug":"ogrlica-za-prsa-i-martingal-kavalkade-dekor","status":"publish","type":"product","link":"https:\/\/clair.si\/hr\/izdelek\/ogrlica-za-prsa-i-martingal-kavalkade-dekor\/","title":{"rendered":"Predprsnik &amp; martingal Kavalkade Dekor"},"content":{"rendered":"<p><strong>Predprsnik &amp; martingal Kavalkade Dekor<\/strong> je i<span class=\"HwtZe\" lang=\"sl\"><span class=\"jCAhz ChMk0b\"><span class=\"ryNqvb\">zra\u0111en od kvalitetne mekane ko\u017ee, uklju\u010duju\u0107i varijabilne martingal vilice.<\/span><\/span> <span class=\"jCAhz ChMk0b\"><span class=\"ryNqvb\">S kontrastnim \u0161avovima i zaobljenim linijama.<\/span><\/span> Nema elasti\u010dnih umetaka.<br \/>\n<\/span><\/p>\n<div class=\"lRu31\" dir=\"ltr\">\n<div class=\"OvtS8d\"><\/div>\n<div id=\"ow14\"><\/div>\n<\/div>\n<div class=\"UdTY9 WdefRb\" aria-hidden=\"true\" data-location=\"2\">\n<div class=\"kO6q6e\"><\/div>\n<\/div>\n","protected":false},"excerpt":{"rendered":"<p>Predprsnik &amp; martingal Kavalkade Dekor je izra\u0111en od kvalitetne mekane ko\u017ee, uklju\u010duju\u0107i varijabilne martingal vilice. S kontrastnim \u0161avovima i zaobljenim<\/p>\n","protected":false},"featured_media":107274,"template":"","meta":{"footnotes":""},"product_brand":[],"product_cat":[5624,5700,5697],"product_tag":[],"class_list":{"0":"post-94566","1":"product","2":"type-product","3":"status-publish","4":"has-post-thumbnail","6":"product_cat-konj-hr","7":"product_cat-martingali-i-prsnjaci","8":"product_cat-uzde-i-dizgini","10":"first","11":"instock","12":"sale","13":"shipping-taxable","14":"purchasable","15":"product-type-variable"},"yoast_head":"<!-- This site is optimized with the Yoast SEO plugin v27.4 - https:\/\/yoast.com\/product\/yoast-seo-wordpress\/ -->\n<title>Predprsnik &amp; martingal Kavalkade Dekor - Clair<\/title>\n<meta name=\"description\" content=\"Predprsnik &amp; martingal Kavalkade Dekor je izra\u0111en od kvalitetne mekane ko\u017ee, uklju\u010duju\u0107i varijabilne martingal vilice. S kontrastnim \u0161avovima i\" \/>\n<meta name=\"robots\" content=\"index, follow, max-snippet:-1, max-image-preview:large, max-video-preview:-1\" \/>\n<link rel=\"canonical\" href=\"https:\/\/clair.si\/hr\/izdelek\/ogrlica-za-prsa-i-martingal-kavalkade-dekor\/\" \/>\n<meta property=\"og:locale\" content=\"hr_HR\" \/>\n<meta property=\"og:type\" content=\"article\" \/>\n<meta property=\"og:title\" content=\"Predprsnik &amp; martingal Kavalkade Dekor - Clair\" \/>\n<meta property=\"og:description\" content=\"Predprsnik &amp; martingal Kavalkade Dekor je izra\u0111en od kvalitetne mekane ko\u017ee, uklju\u010duju\u0107i varijabilne martingal vilice. S kontrastnim \u0161avovima i\" \/>\n<meta property=\"og:url\" content=\"https:\/\/clair.si\/hr\/izdelek\/ogrlica-za-prsa-i-martingal-kavalkade-dekor\/\" \/>\n<meta property=\"og:site_name\" content=\"Clair\" \/>\n<meta property=\"article:publisher\" content=\"https:\/\/www.facebook.com\/TrgovinaClair\/\" \/>\n<meta property=\"article:modified_time\" content=\"2025-10-18T08:51:29+00:00\" \/>\n<meta property=\"og:image\" content=\"https:\/\/clair.si\/wp-content\/uploads\/2024\/09\/predprsnica-martingal-dekor-kavalkade-trgovina-clair-jpg.avif\" \/>\n\t<meta property=\"og:image:width\" content=\"800\" \/>\n\t<meta property=\"og:image:height\" content=\"800\" \/>\n\t<meta property=\"og:image:type\" content=\"image\/jpeg\" \/>\n<meta name=\"twitter:card\" content=\"summary_large_image\" \/>\n<script type=\"application\/ld+json\" class=\"yoast-schema-graph\">{\"@context\":\"https:\\\/\\\/schema.org\",\"@graph\":[{\"@type\":\"WebPage\",\"@id\":\"https:\\\/\\\/clair.si\\\/hr\\\/izdelek\\\/ogrlica-za-prsa-i-martingal-kavalkade-dekor\\\/\",\"url\":\"https:\\\/\\\/clair.si\\\/hr\\\/izdelek\\\/ogrlica-za-prsa-i-martingal-kavalkade-dekor\\\/\",\"name\":\"Predprsnik &amp; martingal Kavalkade Dekor - Clair\",\"isPartOf\":{\"@id\":\"https:\\\/\\\/clair.si\\\/#website\"},\"primaryImageOfPage\":{\"@id\":\"https:\\\/\\\/clair.si\\\/hr\\\/izdelek\\\/ogrlica-za-prsa-i-martingal-kavalkade-dekor\\\/#primaryimage\"},\"image\":{\"@id\":\"https:\\\/\\\/clair.si\\\/hr\\\/izdelek\\\/ogrlica-za-prsa-i-martingal-kavalkade-dekor\\\/#primaryimage\"},\"thumbnailUrl\":\"https:\\\/\\\/clair.si\\\/wp-content\\\/uploads\\\/2024\\\/09\\\/predprsnica-martingal-dekor-kavalkade-trgovina-clair-jpg.avif\",\"datePublished\":\"2024-09-17T17:26:01+00:00\",\"dateModified\":\"2025-10-18T08:51:29+00:00\",\"description\":\"Predprsnik &amp; martingal Kavalkade Dekor je izra\u0111en od kvalitetne mekane ko\u017ee, uklju\u010duju\u0107i varijabilne martingal vilice. S kontrastnim \u0161avovima i\",\"breadcrumb\":{\"@id\":\"https:\\\/\\\/clair.si\\\/hr\\\/izdelek\\\/ogrlica-za-prsa-i-martingal-kavalkade-dekor\\\/#breadcrumb\"},\"inLanguage\":\"hr\",\"potentialAction\":[{\"@type\":\"ReadAction\",\"target\":[\"https:\\\/\\\/clair.si\\\/hr\\\/izdelek\\\/ogrlica-za-prsa-i-martingal-kavalkade-dekor\\\/\"]}]},{\"@type\":\"ImageObject\",\"inLanguage\":\"hr\",\"@id\":\"https:\\\/\\\/clair.si\\\/hr\\\/izdelek\\\/ogrlica-za-prsa-i-martingal-kavalkade-dekor\\\/#primaryimage\",\"url\":\"https:\\\/\\\/clair.si\\\/wp-content\\\/uploads\\\/2024\\\/09\\\/predprsnica-martingal-dekor-kavalkade-trgovina-clair-jpg.avif\",\"contentUrl\":\"https:\\\/\\\/clair.si\\\/wp-content\\\/uploads\\\/2024\\\/09\\\/predprsnica-martingal-dekor-kavalkade-trgovina-clair-jpg.avif\",\"width\":800,\"height\":800},{\"@type\":\"BreadcrumbList\",\"@id\":\"https:\\\/\\\/clair.si\\\/hr\\\/izdelek\\\/ogrlica-za-prsa-i-martingal-kavalkade-dekor\\\/#breadcrumb\",\"itemListElement\":[{\"@type\":\"ListItem\",\"position\":1,\"name\":\"Home\",\"item\":\"https:\\\/\\\/clair.si\\\/hr\\\/\"},{\"@type\":\"ListItem\",\"position\":2,\"name\":\"Trgovina\",\"item\":\"https:\\\/\\\/clair.si\\\/trgovina\\\/\"},{\"@type\":\"ListItem\",\"position\":3,\"name\":\"Predprsnik &amp; martingal Kavalkade Dekor\"}]},{\"@type\":\"WebSite\",\"@id\":\"https:\\\/\\\/clair.si\\\/#website\",\"url\":\"https:\\\/\\\/clair.si\\\/\",\"name\":\"Clair\",\"description\":\"Trgovina s konjeni\u0161ko opremo\",\"publisher\":{\"@id\":\"https:\\\/\\\/clair.si\\\/#organization\"},\"potentialAction\":[{\"@type\":\"SearchAction\",\"target\":{\"@type\":\"EntryPoint\",\"urlTemplate\":\"https:\\\/\\\/clair.si\\\/?s={search_term_string}\"},\"query-input\":{\"@type\":\"PropertyValueSpecification\",\"valueRequired\":true,\"valueName\":\"search_term_string\"}}],\"inLanguage\":\"hr\"},{\"@type\":\"Organization\",\"@id\":\"https:\\\/\\\/clair.si\\\/#organization\",\"name\":\"Clair\",\"url\":\"https:\\\/\\\/clair.si\\\/\",\"logo\":{\"@type\":\"ImageObject\",\"inLanguage\":\"hr\",\"@id\":\"https:\\\/\\\/clair.si\\\/#\\\/schema\\\/logo\\\/image\\\/\",\"url\":\"https:\\\/\\\/clair.si\\\/wp-content\\\/uploads\\\/2022\\\/11\\\/clair_logo_2022.jpg\",\"contentUrl\":\"https:\\\/\\\/clair.si\\\/wp-content\\\/uploads\\\/2022\\\/11\\\/clair_logo_2022.jpg\",\"width\":1920,\"height\":1920,\"caption\":\"Clair\"},\"image\":{\"@id\":\"https:\\\/\\\/clair.si\\\/#\\\/schema\\\/logo\\\/image\\\/\"},\"sameAs\":[\"https:\\\/\\\/www.facebook.com\\\/TrgovinaClair\\\/\"]}]}<\/script>\n<!-- \/ Yoast SEO plugin. -->","yoast_head_json":{"title":"Predprsnik &amp; martingal Kavalkade Dekor - Clair","description":"Predprsnik &amp; martingal Kavalkade Dekor je izra\u0111en od kvalitetne mekane ko\u017ee, uklju\u010duju\u0107i varijabilne martingal vilice. S kontrastnim \u0161avovima i","robots":{"index":"index","follow":"follow","max-snippet":"max-snippet:-1","max-image-preview":"max-image-preview:large","max-video-preview":"max-video-preview:-1"},"canonical":"https:\/\/clair.si\/hr\/izdelek\/ogrlica-za-prsa-i-martingal-kavalkade-dekor\/","og_locale":"hr_HR","og_type":"article","og_title":"Predprsnik &amp; martingal Kavalkade Dekor - Clair","og_description":"Predprsnik &amp; martingal Kavalkade Dekor je izra\u0111en od kvalitetne mekane ko\u017ee, uklju\u010duju\u0107i varijabilne martingal vilice. S kontrastnim \u0161avovima i","og_url":"https:\/\/clair.si\/hr\/izdelek\/ogrlica-za-prsa-i-martingal-kavalkade-dekor\/","og_site_name":"Clair","article_publisher":"https:\/\/www.facebook.com\/TrgovinaClair\/","article_modified_time":"2025-10-18T08:51:29+00:00","og_image":[{"width":800,"height":800,"url":"https:\/\/clair.si\/wp-content\/uploads\/2024\/09\/predprsnica-martingal-dekor-kavalkade-trgovina-clair-jpg.avif","type":"image\/jpeg"}],"twitter_card":"summary_large_image","schema":{"@context":"https:\/\/schema.org","@graph":[{"@type":"WebPage","@id":"https:\/\/clair.si\/hr\/izdelek\/ogrlica-za-prsa-i-martingal-kavalkade-dekor\/","url":"https:\/\/clair.si\/hr\/izdelek\/ogrlica-za-prsa-i-martingal-kavalkade-dekor\/","name":"Predprsnik &amp; martingal Kavalkade Dekor - Clair","isPartOf":{"@id":"https:\/\/clair.si\/#website"},"primaryImageOfPage":{"@id":"https:\/\/clair.si\/hr\/izdelek\/ogrlica-za-prsa-i-martingal-kavalkade-dekor\/#primaryimage"},"image":{"@id":"https:\/\/clair.si\/hr\/izdelek\/ogrlica-za-prsa-i-martingal-kavalkade-dekor\/#primaryimage"},"thumbnailUrl":"https:\/\/clair.si\/wp-content\/uploads\/2024\/09\/predprsnica-martingal-dekor-kavalkade-trgovina-clair-jpg.avif","datePublished":"2024-09-17T17:26:01+00:00","dateModified":"2025-10-18T08:51:29+00:00","description":"Predprsnik &amp; martingal Kavalkade Dekor je izra\u0111en od kvalitetne mekane ko\u017ee, uklju\u010duju\u0107i varijabilne martingal vilice. S kontrastnim \u0161avovima i","breadcrumb":{"@id":"https:\/\/clair.si\/hr\/izdelek\/ogrlica-za-prsa-i-martingal-kavalkade-dekor\/#breadcrumb"},"inLanguage":"hr","potentialAction":[{"@type":"ReadAction","target":["https:\/\/clair.si\/hr\/izdelek\/ogrlica-za-prsa-i-martingal-kavalkade-dekor\/"]}]},{"@type":"ImageObject","inLanguage":"hr","@id":"https:\/\/clair.si\/hr\/izdelek\/ogrlica-za-prsa-i-martingal-kavalkade-dekor\/#primaryimage","url":"https:\/\/clair.si\/wp-content\/uploads\/2024\/09\/predprsnica-martingal-dekor-kavalkade-trgovina-clair-jpg.avif","contentUrl":"https:\/\/clair.si\/wp-content\/uploads\/2024\/09\/predprsnica-martingal-dekor-kavalkade-trgovina-clair-jpg.avif","width":800,"height":800},{"@type":"BreadcrumbList","@id":"https:\/\/clair.si\/hr\/izdelek\/ogrlica-za-prsa-i-martingal-kavalkade-dekor\/#breadcrumb","itemListElement":[{"@type":"ListItem","position":1,"name":"Home","item":"https:\/\/clair.si\/hr\/"},{"@type":"ListItem","position":2,"name":"Trgovina","item":"https:\/\/clair.si\/trgovina\/"},{"@type":"ListItem","position":3,"name":"Predprsnik &amp; martingal Kavalkade Dekor"}]},{"@type":"WebSite","@id":"https:\/\/clair.si\/#website","url":"https:\/\/clair.si\/","name":"Clair","description":"Trgovina s konjeni\u0161ko opremo","publisher":{"@id":"https:\/\/clair.si\/#organization"},"potentialAction":[{"@type":"SearchAction","target":{"@type":"EntryPoint","urlTemplate":"https:\/\/clair.si\/?s={search_term_string}"},"query-input":{"@type":"PropertyValueSpecification","valueRequired":true,"valueName":"search_term_string"}}],"inLanguage":"hr"},{"@type":"Organization","@id":"https:\/\/clair.si\/#organization","name":"Clair","url":"https:\/\/clair.si\/","logo":{"@type":"ImageObject","inLanguage":"hr","@id":"https:\/\/clair.si\/#\/schema\/logo\/image\/","url":"https:\/\/clair.si\/wp-content\/uploads\/2022\/11\/clair_logo_2022.jpg","contentUrl":"https:\/\/clair.si\/wp-content\/uploads\/2022\/11\/clair_logo_2022.jpg","width":1920,"height":1920,"caption":"Clair"},"image":{"@id":"https:\/\/clair.si\/#\/schema\/logo\/image\/"},"sameAs":["https:\/\/www.facebook.com\/TrgovinaClair\/"]}]}},"_links":{"self":[{"href":"https:\/\/clair.si\/hr\/wp-json\/wp\/v2\/product\/94566","targetHints":{"allow":["GET"]}}],"collection":[{"href":"https:\/\/clair.si\/hr\/wp-json\/wp\/v2\/product"}],"about":[{"href":"https:\/\/clair.si\/hr\/wp-json\/wp\/v2\/types\/product"}],"version-history":[{"count":1,"href":"https:\/\/clair.si\/hr\/wp-json\/wp\/v2\/product\/94566\/revisions"}],"predecessor-version":[{"id":115344,"href":"https:\/\/clair.si\/hr\/wp-json\/wp\/v2\/product\/94566\/revisions\/115344"}],"wp:featuredmedia":[{"embeddable":true,"href":"https:\/\/clair.si\/hr\/wp-json\/wp\/v2\/media\/107274"}],"wp:attachment":[{"href":"https:\/\/clair.si\/hr\/wp-json\/wp\/v2\/media?parent=94566"}],"wp:term":[{"taxonomy":"product_brand","embeddable":true,"href":"https:\/\/clair.si\/hr\/wp-json\/wp\/v2\/product_brand?post=94566"},{"taxonomy":"product_cat","embeddable":true,"href":"https:\/\/clair.si\/hr\/wp-json\/wp\/v2\/product_cat?post=94566"},{"taxonomy":"product_tag","embeddable":true,"href":"https:\/\/clair.si\/hr\/wp-json\/wp\/v2\/product_tag?post=94566"}],"curies":[{"name":"wp","href":"https:\/\/api.w.org\/{rel}","templated":true}]}}