{"id":94605,"date":"2024-09-15T09:58:49","date_gmt":"2024-09-15T07:58:49","guid":{"rendered":"https:\/\/clair.si\/izdelek\/besavne-jahace-tajice-e-t-acacia\/"},"modified":"2025-08-27T17:47:30","modified_gmt":"2025-08-27T15:47:30","slug":"besavne-jahace-tajice-e-t-acacia","status":"publish","type":"product","link":"https:\/\/clair.si\/hr\/izdelek\/besavne-jahace-tajice-e-t-acacia\/","title":{"rendered":"Be\u0161avne jaha\u0107e tajice E-T Acacia"},"content":{"rendered":"<p><strong>Be\u0161avne jaha\u0107e tajice E-T Acacia<\/strong><span class=\"HwtZe\" lang=\"sl\"><span class=\"jCAhz ChMk0b\"><span class=\"ryNqvb\">  pru\u017eaju maksimalnu mobilnost, \u0161to ih \u010dini savr\u0161enim jaha\u0107im tajicama za svaki dan. Dostupne su u 4 boje.<br \/>\n<\/span><\/span><\/span><\/p>\n<ul>\n<li><span class=\"HwtZe\" lang=\"sl\"><span class=\"jCAhz ChMk0b\"><span class=\"ryNqvb\">Rastezljivost: pleteni materijal <\/span><\/span><\/span><\/li>\n<li><span class=\"HwtZe\" lang=\"sl\"><span class=\"jCAhz ChMk0b\"><span class=\"ryNqvb\">Be\u0161avnost: bez trenja po ko\u017ei<\/span><\/span><\/span><\/li>\n<li><span class=\"HwtZe\" lang=\"sl\"><span class=\"jCAhz ChMk0b\"><span class=\"ryNqvb\">Visoki elasti\u010dni struk za maksimalnu potporu<\/span><\/span><\/span><\/li>\n<li><span class=\"HwtZe\" lang=\"sl\"><span class=\"jCAhz ChMk0b\"><span class=\"ryNqvb\">Silikonsko sjedalo za bolji oprijem<\/span><\/span><\/span><\/li>\n<li><span class=\"HwtZe\" lang=\"sl\"><span class=\"jCAhz\"><span class=\"ryNqvb\">Velika sloboda kretanja <\/span><\/span><\/span><\/li>\n<li><span class=\"HwtZe\" lang=\"sl\"><span class=\"jCAhz\"><span class=\"ryNqvb\">Slim fit kroj<\/span><\/span><\/span><\/li>\n<li><span class=\"HwtZe\" lang=\"sl\"><span class=\"jCAhz ChMk0b\"><span class=\"ryNqvb\">Sastav: 72% poliamid, 20% poliester, 8% elastan.<\/span><\/span><\/span><strong><br \/>\n<\/strong><\/li>\n<\/ul>\n","protected":false},"excerpt":{"rendered":"<p>Be\u0161avne jaha\u0107e tajice E-T Acacia pru\u017eaju maksimalnu mobilnost, \u0161to ih \u010dini savr\u0161enim jaha\u0107im tajicama za svaki dan. Dostupne su u<\/p>\n","protected":false},"featured_media":94626,"template":"","meta":{"footnotes":""},"product_brand":[],"product_cat":[5845,5955,5654,5838,5657,5658,5667,5708],"product_tag":[],"class_list":{"0":"post-94605","1":"product","2":"type-product","3":"status-publish","4":"has-post-thumbnail","6":"product_cat-djeca","7":"product_cat-djecje-hlace-za-jahanje","8":"product_cat-jahac-hr","9":"product_cat-jahace-hlace","10":"product_cat-kategorije-hr","11":"product_cat-pocetci-jahanja","12":"product_cat-zene","13":"product_cat-zenske-jahace-hlace","15":"first","16":"instock","17":"featured","18":"shipping-taxable","19":"purchasable","20":"product-type-variable"},"yoast_head":"<!-- This site is optimized with the Yoast SEO plugin v27.3 - https:\/\/yoast.com\/product\/yoast-seo-wordpress\/ -->\n<title>Be\u0161avne jaha\u0107e tajice E-T Acacia - Clair<\/title>\n<meta name=\"description\" content=\"Be\u0161avne jaha\u0107e tajice E-T Acacia pru\u017eaju maksimalnu mobilnost, \u0161to ih \u010dini savr\u0161enim jaha\u0107im tajicama za svaki dan. Dostupne su u 4 boje. Rastezljivost:\" \/>\n<meta name=\"robots\" content=\"index, follow, max-snippet:-1, max-image-preview:large, max-video-preview:-1\" \/>\n<link rel=\"canonical\" href=\"https:\/\/clair.si\/hr\/izdelek\/besavne-jahace-tajice-e-t-acacia\/\" \/>\n<meta property=\"og:locale\" content=\"hr_HR\" \/>\n<meta property=\"og:type\" content=\"article\" \/>\n<meta property=\"og:title\" content=\"Be\u0161avne jaha\u0107e tajice E-T Acacia - Clair\" \/>\n<meta property=\"og:description\" content=\"Be\u0161avne jaha\u0107e tajice E-T Acacia pru\u017eaju maksimalnu mobilnost, \u0161to ih \u010dini savr\u0161enim jaha\u0107im tajicama za svaki dan. Dostupne su u 4 boje. Rastezljivost:\" \/>\n<meta property=\"og:url\" content=\"https:\/\/clair.si\/hr\/izdelek\/besavne-jahace-tajice-e-t-acacia\/\" \/>\n<meta property=\"og:site_name\" content=\"Clair\" \/>\n<meta property=\"article:publisher\" content=\"https:\/\/www.facebook.com\/TrgovinaClair\/\" \/>\n<meta property=\"article:modified_time\" content=\"2025-08-27T15:47:30+00:00\" \/>\n<meta property=\"og:image\" content=\"https:\/\/clair.si\/wp-content\/uploads\/2024\/09\/brezsivne-jahalne-pajkice-E-T-Acacia-modra-2-jpg.avif\" \/>\n\t<meta property=\"og:image:width\" content=\"800\" \/>\n\t<meta property=\"og:image:height\" content=\"800\" \/>\n\t<meta property=\"og:image:type\" content=\"image\/jpeg\" \/>\n<meta name=\"twitter:card\" content=\"summary_large_image\" \/>\n<script type=\"application\/ld+json\" class=\"yoast-schema-graph\">{\"@context\":\"https:\\\/\\\/schema.org\",\"@graph\":[{\"@type\":\"WebPage\",\"@id\":\"https:\\\/\\\/clair.si\\\/hr\\\/izdelek\\\/besavne-jahace-tajice-e-t-acacia\\\/\",\"url\":\"https:\\\/\\\/clair.si\\\/hr\\\/izdelek\\\/besavne-jahace-tajice-e-t-acacia\\\/\",\"name\":\"Be\u0161avne jaha\u0107e tajice E-T Acacia - Clair\",\"isPartOf\":{\"@id\":\"https:\\\/\\\/clair.si\\\/#website\"},\"primaryImageOfPage\":{\"@id\":\"https:\\\/\\\/clair.si\\\/hr\\\/izdelek\\\/besavne-jahace-tajice-e-t-acacia\\\/#primaryimage\"},\"image\":{\"@id\":\"https:\\\/\\\/clair.si\\\/hr\\\/izdelek\\\/besavne-jahace-tajice-e-t-acacia\\\/#primaryimage\"},\"thumbnailUrl\":\"https:\\\/\\\/clair.si\\\/wp-content\\\/uploads\\\/2024\\\/09\\\/brezsivne-jahalne-pajkice-E-T-Acacia-modra-2-jpg.avif\",\"datePublished\":\"2024-09-15T07:58:49+00:00\",\"dateModified\":\"2025-08-27T15:47:30+00:00\",\"description\":\"Be\u0161avne jaha\u0107e tajice E-T Acacia pru\u017eaju maksimalnu mobilnost, \u0161to ih \u010dini savr\u0161enim jaha\u0107im tajicama za svaki dan. Dostupne su u 4 boje. Rastezljivost:\",\"breadcrumb\":{\"@id\":\"https:\\\/\\\/clair.si\\\/hr\\\/izdelek\\\/besavne-jahace-tajice-e-t-acacia\\\/#breadcrumb\"},\"inLanguage\":\"hr\",\"potentialAction\":[{\"@type\":\"ReadAction\",\"target\":[\"https:\\\/\\\/clair.si\\\/hr\\\/izdelek\\\/besavne-jahace-tajice-e-t-acacia\\\/\"]}]},{\"@type\":\"ImageObject\",\"inLanguage\":\"hr\",\"@id\":\"https:\\\/\\\/clair.si\\\/hr\\\/izdelek\\\/besavne-jahace-tajice-e-t-acacia\\\/#primaryimage\",\"url\":\"https:\\\/\\\/clair.si\\\/wp-content\\\/uploads\\\/2024\\\/09\\\/brezsivne-jahalne-pajkice-E-T-Acacia-modra-2-jpg.avif\",\"contentUrl\":\"https:\\\/\\\/clair.si\\\/wp-content\\\/uploads\\\/2024\\\/09\\\/brezsivne-jahalne-pajkice-E-T-Acacia-modra-2-jpg.avif\",\"width\":800,\"height\":800},{\"@type\":\"BreadcrumbList\",\"@id\":\"https:\\\/\\\/clair.si\\\/hr\\\/izdelek\\\/besavne-jahace-tajice-e-t-acacia\\\/#breadcrumb\",\"itemListElement\":[{\"@type\":\"ListItem\",\"position\":1,\"name\":\"Home\",\"item\":\"https:\\\/\\\/clair.si\\\/hr\\\/\"},{\"@type\":\"ListItem\",\"position\":2,\"name\":\"Trgovina\",\"item\":\"https:\\\/\\\/clair.si\\\/trgovina\\\/\"},{\"@type\":\"ListItem\",\"position\":3,\"name\":\"Be\u0161avne jaha\u0107e tajice E-T Acacia\"}]},{\"@type\":\"WebSite\",\"@id\":\"https:\\\/\\\/clair.si\\\/#website\",\"url\":\"https:\\\/\\\/clair.si\\\/\",\"name\":\"Clair\",\"description\":\"Trgovina s konjeni\u0161ko opremo\",\"publisher\":{\"@id\":\"https:\\\/\\\/clair.si\\\/#organization\"},\"potentialAction\":[{\"@type\":\"SearchAction\",\"target\":{\"@type\":\"EntryPoint\",\"urlTemplate\":\"https:\\\/\\\/clair.si\\\/?s={search_term_string}\"},\"query-input\":{\"@type\":\"PropertyValueSpecification\",\"valueRequired\":true,\"valueName\":\"search_term_string\"}}],\"inLanguage\":\"hr\"},{\"@type\":\"Organization\",\"@id\":\"https:\\\/\\\/clair.si\\\/#organization\",\"name\":\"Clair\",\"url\":\"https:\\\/\\\/clair.si\\\/\",\"logo\":{\"@type\":\"ImageObject\",\"inLanguage\":\"hr\",\"@id\":\"https:\\\/\\\/clair.si\\\/#\\\/schema\\\/logo\\\/image\\\/\",\"url\":\"https:\\\/\\\/clair.si\\\/wp-content\\\/uploads\\\/2022\\\/11\\\/clair_logo_2022.jpg\",\"contentUrl\":\"https:\\\/\\\/clair.si\\\/wp-content\\\/uploads\\\/2022\\\/11\\\/clair_logo_2022.jpg\",\"width\":1920,\"height\":1920,\"caption\":\"Clair\"},\"image\":{\"@id\":\"https:\\\/\\\/clair.si\\\/#\\\/schema\\\/logo\\\/image\\\/\"},\"sameAs\":[\"https:\\\/\\\/www.facebook.com\\\/TrgovinaClair\\\/\"]}]}<\/script>\n<!-- \/ Yoast SEO plugin. -->","yoast_head_json":{"title":"Be\u0161avne jaha\u0107e tajice E-T Acacia - Clair","description":"Be\u0161avne jaha\u0107e tajice E-T Acacia pru\u017eaju maksimalnu mobilnost, \u0161to ih \u010dini savr\u0161enim jaha\u0107im tajicama za svaki dan. Dostupne su u 4 boje. Rastezljivost:","robots":{"index":"index","follow":"follow","max-snippet":"max-snippet:-1","max-image-preview":"max-image-preview:large","max-video-preview":"max-video-preview:-1"},"canonical":"https:\/\/clair.si\/hr\/izdelek\/besavne-jahace-tajice-e-t-acacia\/","og_locale":"hr_HR","og_type":"article","og_title":"Be\u0161avne jaha\u0107e tajice E-T Acacia - Clair","og_description":"Be\u0161avne jaha\u0107e tajice E-T Acacia pru\u017eaju maksimalnu mobilnost, \u0161to ih \u010dini savr\u0161enim jaha\u0107im tajicama za svaki dan. Dostupne su u 4 boje. Rastezljivost:","og_url":"https:\/\/clair.si\/hr\/izdelek\/besavne-jahace-tajice-e-t-acacia\/","og_site_name":"Clair","article_publisher":"https:\/\/www.facebook.com\/TrgovinaClair\/","article_modified_time":"2025-08-27T15:47:30+00:00","og_image":[{"width":800,"height":800,"url":"https:\/\/clair.si\/wp-content\/uploads\/2024\/09\/brezsivne-jahalne-pajkice-E-T-Acacia-modra-2-jpg.avif","type":"image\/jpeg"}],"twitter_card":"summary_large_image","schema":{"@context":"https:\/\/schema.org","@graph":[{"@type":"WebPage","@id":"https:\/\/clair.si\/hr\/izdelek\/besavne-jahace-tajice-e-t-acacia\/","url":"https:\/\/clair.si\/hr\/izdelek\/besavne-jahace-tajice-e-t-acacia\/","name":"Be\u0161avne jaha\u0107e tajice E-T Acacia - Clair","isPartOf":{"@id":"https:\/\/clair.si\/#website"},"primaryImageOfPage":{"@id":"https:\/\/clair.si\/hr\/izdelek\/besavne-jahace-tajice-e-t-acacia\/#primaryimage"},"image":{"@id":"https:\/\/clair.si\/hr\/izdelek\/besavne-jahace-tajice-e-t-acacia\/#primaryimage"},"thumbnailUrl":"https:\/\/clair.si\/wp-content\/uploads\/2024\/09\/brezsivne-jahalne-pajkice-E-T-Acacia-modra-2-jpg.avif","datePublished":"2024-09-15T07:58:49+00:00","dateModified":"2025-08-27T15:47:30+00:00","description":"Be\u0161avne jaha\u0107e tajice E-T Acacia pru\u017eaju maksimalnu mobilnost, \u0161to ih \u010dini savr\u0161enim jaha\u0107im tajicama za svaki dan. Dostupne su u 4 boje. Rastezljivost:","breadcrumb":{"@id":"https:\/\/clair.si\/hr\/izdelek\/besavne-jahace-tajice-e-t-acacia\/#breadcrumb"},"inLanguage":"hr","potentialAction":[{"@type":"ReadAction","target":["https:\/\/clair.si\/hr\/izdelek\/besavne-jahace-tajice-e-t-acacia\/"]}]},{"@type":"ImageObject","inLanguage":"hr","@id":"https:\/\/clair.si\/hr\/izdelek\/besavne-jahace-tajice-e-t-acacia\/#primaryimage","url":"https:\/\/clair.si\/wp-content\/uploads\/2024\/09\/brezsivne-jahalne-pajkice-E-T-Acacia-modra-2-jpg.avif","contentUrl":"https:\/\/clair.si\/wp-content\/uploads\/2024\/09\/brezsivne-jahalne-pajkice-E-T-Acacia-modra-2-jpg.avif","width":800,"height":800},{"@type":"BreadcrumbList","@id":"https:\/\/clair.si\/hr\/izdelek\/besavne-jahace-tajice-e-t-acacia\/#breadcrumb","itemListElement":[{"@type":"ListItem","position":1,"name":"Home","item":"https:\/\/clair.si\/hr\/"},{"@type":"ListItem","position":2,"name":"Trgovina","item":"https:\/\/clair.si\/trgovina\/"},{"@type":"ListItem","position":3,"name":"Be\u0161avne jaha\u0107e tajice E-T Acacia"}]},{"@type":"WebSite","@id":"https:\/\/clair.si\/#website","url":"https:\/\/clair.si\/","name":"Clair","description":"Trgovina s konjeni\u0161ko opremo","publisher":{"@id":"https:\/\/clair.si\/#organization"},"potentialAction":[{"@type":"SearchAction","target":{"@type":"EntryPoint","urlTemplate":"https:\/\/clair.si\/?s={search_term_string}"},"query-input":{"@type":"PropertyValueSpecification","valueRequired":true,"valueName":"search_term_string"}}],"inLanguage":"hr"},{"@type":"Organization","@id":"https:\/\/clair.si\/#organization","name":"Clair","url":"https:\/\/clair.si\/","logo":{"@type":"ImageObject","inLanguage":"hr","@id":"https:\/\/clair.si\/#\/schema\/logo\/image\/","url":"https:\/\/clair.si\/wp-content\/uploads\/2022\/11\/clair_logo_2022.jpg","contentUrl":"https:\/\/clair.si\/wp-content\/uploads\/2022\/11\/clair_logo_2022.jpg","width":1920,"height":1920,"caption":"Clair"},"image":{"@id":"https:\/\/clair.si\/#\/schema\/logo\/image\/"},"sameAs":["https:\/\/www.facebook.com\/TrgovinaClair\/"]}]}},"_links":{"self":[{"href":"https:\/\/clair.si\/hr\/wp-json\/wp\/v2\/product\/94605","targetHints":{"allow":["GET"]}}],"collection":[{"href":"https:\/\/clair.si\/hr\/wp-json\/wp\/v2\/product"}],"about":[{"href":"https:\/\/clair.si\/hr\/wp-json\/wp\/v2\/types\/product"}],"version-history":[{"count":0,"href":"https:\/\/clair.si\/hr\/wp-json\/wp\/v2\/product\/94605\/revisions"}],"wp:featuredmedia":[{"embeddable":true,"href":"https:\/\/clair.si\/hr\/wp-json\/wp\/v2\/media\/94626"}],"wp:attachment":[{"href":"https:\/\/clair.si\/hr\/wp-json\/wp\/v2\/media?parent=94605"}],"wp:term":[{"taxonomy":"product_brand","embeddable":true,"href":"https:\/\/clair.si\/hr\/wp-json\/wp\/v2\/product_brand?post=94605"},{"taxonomy":"product_cat","embeddable":true,"href":"https:\/\/clair.si\/hr\/wp-json\/wp\/v2\/product_cat?post=94605"},{"taxonomy":"product_tag","embeddable":true,"href":"https:\/\/clair.si\/hr\/wp-json\/wp\/v2\/product_tag?post=94605"}],"curies":[{"name":"wp","href":"https:\/\/api.w.org\/{rel}","templated":true}]}}