{"id":94606,"date":"2024-09-14T13:31:31","date_gmt":"2024-09-14T11:31:31","guid":{"rendered":"https:\/\/clair.si\/izdelek\/oglav-za-zdrijebe-rw-simple\/"},"modified":"2025-11-29T13:43:06","modified_gmt":"2025-11-29T12:43:06","slug":"oglav-za-zdrijebe-rw-simple","status":"publish","type":"product","link":"https:\/\/clair.si\/hr\/izdelek\/oglav-za-zdrijebe-rw-simple\/","title":{"rendered":"Ular za \u017edrijebe RW Simple"},"content":{"rendered":"<p><strong>Ular za \u017edrijebe RW Simple<\/strong> posebno je dizajniran za \u017edrebad, jer osigurava savr\u0161eno pristajanje i udobnost pri svakodnevnoj upotrebi. Izra\u0111en od <strong>mekih i izdr\u017eljivih materijala<\/strong>, nje\u017ean je prema osjetljivoj ko\u017ei \u017edrebeta, a istovremeno omogu\u0107uje jednostavno prilago\u0111avanje za optimalnu udobnost.<\/p>\n<p>Zahvaljuju\u0107i podesivom sustavu na vi\u0161e to\u010daka, omogu\u0107uje prilago\u0111avanje veli\u010dine, \u0161to osigurava savr\u0161eno pristajanje kako \u017edrijebe raste. Oglav ima <strong>sna\u017ene metalne kop\u010de<\/strong> koje osiguravaju dugotrajnu izdr\u017eljivost i pouzdanost. Prikladan je kako za svakodnevnu upotrebu, tako i za prve korake pri uvo\u0111enju \u017edrebeta u svijet velikih konja. \ud83d\ude42<\/p>\n<h4><strong>Zna\u010dajke ular RW Simple:<br \/>\n<\/strong><\/h4>\n<ul>\n<li><strong>Mekani materijali<\/strong> za nje\u017enost prema osjetljivoj ko\u017ei \u017edrebeta.<\/li>\n<li><strong>Podesiva veli\u010dina<\/strong> za savr\u0161eno pristajanje tijekom rasta.<\/li>\n<li><strong>Izdr\u017eljive metalne kop\u010de<\/strong> za sigurnost i dugotrajnu upotrebu.<\/li>\n<li><strong>Lagana i udobna<\/strong> za svakodnevno no\u0161enje.<\/li>\n<\/ul>\n","protected":false},"excerpt":{"rendered":"<p>Ular za \u017edrijebe RW Simple posebno je dizajniran za \u017edrebad, jer osigurava savr\u0161eno pristajanje i udobnost pri svakodnevnoj upotrebi. Izra\u0111en<\/p>\n","protected":false},"featured_media":107868,"template":"","meta":{"footnotes":""},"product_brand":[],"product_cat":[5624,5743,5742],"product_tag":[],"class_list":{"0":"post-94606","1":"product","2":"type-product","3":"status-publish","4":"has-post-thumbnail","6":"product_cat-konj-hr","7":"product_cat-uzde-hr","8":"product_cat-uzde-i-ulari","10":"first","11":"instock","12":"sale","13":"shipping-taxable","14":"purchasable","15":"product-type-variable"},"yoast_head":"<!-- This site is optimized with the Yoast SEO plugin v27.4 - https:\/\/yoast.com\/product\/yoast-seo-wordpress\/ -->\n<title>Ular za \u017edrijebe RW Simple - Clair<\/title>\n<meta name=\"description\" content=\"Ular za \u017edrijebe RW Simple posebno je dizajniran za \u017edrebad, jer osigurava savr\u0161eno pristajanje i udobnost pri svakodnevnoj upotrebi. Izra\u0111en od mekih i\" \/>\n<meta name=\"robots\" content=\"index, follow, max-snippet:-1, max-image-preview:large, max-video-preview:-1\" \/>\n<link rel=\"canonical\" href=\"https:\/\/clair.si\/izdelek\/oglavka-za-zrebe-rw-simple\/\" \/>\n<meta property=\"og:locale\" content=\"hr_HR\" \/>\n<meta property=\"og:type\" content=\"article\" \/>\n<meta property=\"og:title\" content=\"Ular za \u017edrijebe RW Simple - Clair\" \/>\n<meta property=\"og:description\" content=\"Ular za \u017edrijebe RW Simple posebno je dizajniran za \u017edrebad, jer osigurava savr\u0161eno pristajanje i udobnost pri svakodnevnoj upotrebi. Izra\u0111en od mekih i\" \/>\n<meta property=\"og:url\" content=\"https:\/\/clair.si\/izdelek\/oglavka-za-zrebe-rw-simple\/\" \/>\n<meta property=\"og:site_name\" content=\"Clair\" \/>\n<meta property=\"article:publisher\" content=\"https:\/\/www.facebook.com\/TrgovinaClair\/\" \/>\n<meta property=\"article:modified_time\" content=\"2025-11-29T12:43:06+00:00\" \/>\n<meta property=\"og:image\" content=\"https:\/\/clair.si\/wp-content\/uploads\/2024\/09\/oglavka-za-zrebe-riding-world-simple-5-jpg.avif\" \/>\n\t<meta property=\"og:image:width\" content=\"800\" \/>\n\t<meta property=\"og:image:height\" content=\"800\" \/>\n\t<meta property=\"og:image:type\" content=\"image\/jpeg\" \/>\n<meta name=\"twitter:card\" content=\"summary_large_image\" \/>\n<meta name=\"twitter:label1\" content=\"Procijenjeno vrijeme \u010ditanja\" \/>\n\t<meta name=\"twitter:data1\" content=\"1 minuta\" \/>\n<script type=\"application\/ld+json\" class=\"yoast-schema-graph\">{\"@context\":\"https:\\\/\\\/schema.org\",\"@graph\":[{\"@type\":\"WebPage\",\"@id\":\"https:\\\/\\\/clair.si\\\/izdelek\\\/oglavka-za-zrebe-rw-simple\\\/\",\"url\":\"https:\\\/\\\/clair.si\\\/izdelek\\\/oglavka-za-zrebe-rw-simple\\\/\",\"name\":\"Ular za \u017edrijebe RW Simple - Clair\",\"isPartOf\":{\"@id\":\"https:\\\/\\\/clair.si\\\/#website\"},\"primaryImageOfPage\":{\"@id\":\"https:\\\/\\\/clair.si\\\/izdelek\\\/oglavka-za-zrebe-rw-simple\\\/#primaryimage\"},\"image\":{\"@id\":\"https:\\\/\\\/clair.si\\\/izdelek\\\/oglavka-za-zrebe-rw-simple\\\/#primaryimage\"},\"thumbnailUrl\":\"https:\\\/\\\/clair.si\\\/wp-content\\\/uploads\\\/2024\\\/09\\\/oglavka-za-zrebe-riding-world-simple-5-jpg.avif\",\"datePublished\":\"2024-09-14T11:31:31+00:00\",\"dateModified\":\"2025-11-29T12:43:06+00:00\",\"description\":\"Ular za \u017edrijebe RW Simple posebno je dizajniran za \u017edrebad, jer osigurava savr\u0161eno pristajanje i udobnost pri svakodnevnoj upotrebi. Izra\u0111en od mekih i\",\"breadcrumb\":{\"@id\":\"https:\\\/\\\/clair.si\\\/izdelek\\\/oglavka-za-zrebe-rw-simple\\\/#breadcrumb\"},\"inLanguage\":\"hr\",\"potentialAction\":[{\"@type\":\"ReadAction\",\"target\":[\"https:\\\/\\\/clair.si\\\/izdelek\\\/oglavka-za-zrebe-rw-simple\\\/\"]}]},{\"@type\":\"ImageObject\",\"inLanguage\":\"hr\",\"@id\":\"https:\\\/\\\/clair.si\\\/izdelek\\\/oglavka-za-zrebe-rw-simple\\\/#primaryimage\",\"url\":\"https:\\\/\\\/clair.si\\\/wp-content\\\/uploads\\\/2024\\\/09\\\/oglavka-za-zrebe-riding-world-simple-5-jpg.avif\",\"contentUrl\":\"https:\\\/\\\/clair.si\\\/wp-content\\\/uploads\\\/2024\\\/09\\\/oglavka-za-zrebe-riding-world-simple-5-jpg.avif\",\"width\":800,\"height\":800},{\"@type\":\"BreadcrumbList\",\"@id\":\"https:\\\/\\\/clair.si\\\/izdelek\\\/oglavka-za-zrebe-rw-simple\\\/#breadcrumb\",\"itemListElement\":[{\"@type\":\"ListItem\",\"position\":1,\"name\":\"Home\",\"item\":\"https:\\\/\\\/clair.si\\\/hr\\\/\"},{\"@type\":\"ListItem\",\"position\":2,\"name\":\"Trgovina\",\"item\":\"https:\\\/\\\/clair.si\\\/trgovina\\\/\"},{\"@type\":\"ListItem\",\"position\":3,\"name\":\"Ular za \u017edrijebe RW Simple\"}]},{\"@type\":\"WebSite\",\"@id\":\"https:\\\/\\\/clair.si\\\/#website\",\"url\":\"https:\\\/\\\/clair.si\\\/\",\"name\":\"Clair\",\"description\":\"Trgovina s konjeni\u0161ko opremo\",\"publisher\":{\"@id\":\"https:\\\/\\\/clair.si\\\/#organization\"},\"potentialAction\":[{\"@type\":\"SearchAction\",\"target\":{\"@type\":\"EntryPoint\",\"urlTemplate\":\"https:\\\/\\\/clair.si\\\/?s={search_term_string}\"},\"query-input\":{\"@type\":\"PropertyValueSpecification\",\"valueRequired\":true,\"valueName\":\"search_term_string\"}}],\"inLanguage\":\"hr\"},{\"@type\":\"Organization\",\"@id\":\"https:\\\/\\\/clair.si\\\/#organization\",\"name\":\"Clair\",\"url\":\"https:\\\/\\\/clair.si\\\/\",\"logo\":{\"@type\":\"ImageObject\",\"inLanguage\":\"hr\",\"@id\":\"https:\\\/\\\/clair.si\\\/#\\\/schema\\\/logo\\\/image\\\/\",\"url\":\"https:\\\/\\\/clair.si\\\/wp-content\\\/uploads\\\/2022\\\/11\\\/clair_logo_2022.jpg\",\"contentUrl\":\"https:\\\/\\\/clair.si\\\/wp-content\\\/uploads\\\/2022\\\/11\\\/clair_logo_2022.jpg\",\"width\":1920,\"height\":1920,\"caption\":\"Clair\"},\"image\":{\"@id\":\"https:\\\/\\\/clair.si\\\/#\\\/schema\\\/logo\\\/image\\\/\"},\"sameAs\":[\"https:\\\/\\\/www.facebook.com\\\/TrgovinaClair\\\/\"]}]}<\/script>\n<!-- \/ Yoast SEO plugin. -->","yoast_head_json":{"title":"Ular za \u017edrijebe RW Simple - Clair","description":"Ular za \u017edrijebe RW Simple posebno je dizajniran za \u017edrebad, jer osigurava savr\u0161eno pristajanje i udobnost pri svakodnevnoj upotrebi. Izra\u0111en od mekih i","robots":{"index":"index","follow":"follow","max-snippet":"max-snippet:-1","max-image-preview":"max-image-preview:large","max-video-preview":"max-video-preview:-1"},"canonical":"https:\/\/clair.si\/izdelek\/oglavka-za-zrebe-rw-simple\/","og_locale":"hr_HR","og_type":"article","og_title":"Ular za \u017edrijebe RW Simple - Clair","og_description":"Ular za \u017edrijebe RW Simple posebno je dizajniran za \u017edrebad, jer osigurava savr\u0161eno pristajanje i udobnost pri svakodnevnoj upotrebi. Izra\u0111en od mekih i","og_url":"https:\/\/clair.si\/izdelek\/oglavka-za-zrebe-rw-simple\/","og_site_name":"Clair","article_publisher":"https:\/\/www.facebook.com\/TrgovinaClair\/","article_modified_time":"2025-11-29T12:43:06+00:00","og_image":[{"width":800,"height":800,"url":"https:\/\/clair.si\/wp-content\/uploads\/2024\/09\/oglavka-za-zrebe-riding-world-simple-5-jpg.avif","type":"image\/jpeg"}],"twitter_card":"summary_large_image","twitter_misc":{"Procijenjeno vrijeme \u010ditanja":"1 minuta"},"schema":{"@context":"https:\/\/schema.org","@graph":[{"@type":"WebPage","@id":"https:\/\/clair.si\/izdelek\/oglavka-za-zrebe-rw-simple\/","url":"https:\/\/clair.si\/izdelek\/oglavka-za-zrebe-rw-simple\/","name":"Ular za \u017edrijebe RW Simple - Clair","isPartOf":{"@id":"https:\/\/clair.si\/#website"},"primaryImageOfPage":{"@id":"https:\/\/clair.si\/izdelek\/oglavka-za-zrebe-rw-simple\/#primaryimage"},"image":{"@id":"https:\/\/clair.si\/izdelek\/oglavka-za-zrebe-rw-simple\/#primaryimage"},"thumbnailUrl":"https:\/\/clair.si\/wp-content\/uploads\/2024\/09\/oglavka-za-zrebe-riding-world-simple-5-jpg.avif","datePublished":"2024-09-14T11:31:31+00:00","dateModified":"2025-11-29T12:43:06+00:00","description":"Ular za \u017edrijebe RW Simple posebno je dizajniran za \u017edrebad, jer osigurava savr\u0161eno pristajanje i udobnost pri svakodnevnoj upotrebi. Izra\u0111en od mekih i","breadcrumb":{"@id":"https:\/\/clair.si\/izdelek\/oglavka-za-zrebe-rw-simple\/#breadcrumb"},"inLanguage":"hr","potentialAction":[{"@type":"ReadAction","target":["https:\/\/clair.si\/izdelek\/oglavka-za-zrebe-rw-simple\/"]}]},{"@type":"ImageObject","inLanguage":"hr","@id":"https:\/\/clair.si\/izdelek\/oglavka-za-zrebe-rw-simple\/#primaryimage","url":"https:\/\/clair.si\/wp-content\/uploads\/2024\/09\/oglavka-za-zrebe-riding-world-simple-5-jpg.avif","contentUrl":"https:\/\/clair.si\/wp-content\/uploads\/2024\/09\/oglavka-za-zrebe-riding-world-simple-5-jpg.avif","width":800,"height":800},{"@type":"BreadcrumbList","@id":"https:\/\/clair.si\/izdelek\/oglavka-za-zrebe-rw-simple\/#breadcrumb","itemListElement":[{"@type":"ListItem","position":1,"name":"Home","item":"https:\/\/clair.si\/hr\/"},{"@type":"ListItem","position":2,"name":"Trgovina","item":"https:\/\/clair.si\/trgovina\/"},{"@type":"ListItem","position":3,"name":"Ular za \u017edrijebe RW Simple"}]},{"@type":"WebSite","@id":"https:\/\/clair.si\/#website","url":"https:\/\/clair.si\/","name":"Clair","description":"Trgovina s konjeni\u0161ko opremo","publisher":{"@id":"https:\/\/clair.si\/#organization"},"potentialAction":[{"@type":"SearchAction","target":{"@type":"EntryPoint","urlTemplate":"https:\/\/clair.si\/?s={search_term_string}"},"query-input":{"@type":"PropertyValueSpecification","valueRequired":true,"valueName":"search_term_string"}}],"inLanguage":"hr"},{"@type":"Organization","@id":"https:\/\/clair.si\/#organization","name":"Clair","url":"https:\/\/clair.si\/","logo":{"@type":"ImageObject","inLanguage":"hr","@id":"https:\/\/clair.si\/#\/schema\/logo\/image\/","url":"https:\/\/clair.si\/wp-content\/uploads\/2022\/11\/clair_logo_2022.jpg","contentUrl":"https:\/\/clair.si\/wp-content\/uploads\/2022\/11\/clair_logo_2022.jpg","width":1920,"height":1920,"caption":"Clair"},"image":{"@id":"https:\/\/clair.si\/#\/schema\/logo\/image\/"},"sameAs":["https:\/\/www.facebook.com\/TrgovinaClair\/"]}]}},"_links":{"self":[{"href":"https:\/\/clair.si\/hr\/wp-json\/wp\/v2\/product\/94606","targetHints":{"allow":["GET"]}}],"collection":[{"href":"https:\/\/clair.si\/hr\/wp-json\/wp\/v2\/product"}],"about":[{"href":"https:\/\/clair.si\/hr\/wp-json\/wp\/v2\/types\/product"}],"version-history":[{"count":1,"href":"https:\/\/clair.si\/hr\/wp-json\/wp\/v2\/product\/94606\/revisions"}],"predecessor-version":[{"id":113827,"href":"https:\/\/clair.si\/hr\/wp-json\/wp\/v2\/product\/94606\/revisions\/113827"}],"wp:featuredmedia":[{"embeddable":true,"href":"https:\/\/clair.si\/hr\/wp-json\/wp\/v2\/media\/107868"}],"wp:attachment":[{"href":"https:\/\/clair.si\/hr\/wp-json\/wp\/v2\/media?parent=94606"}],"wp:term":[{"taxonomy":"product_brand","embeddable":true,"href":"https:\/\/clair.si\/hr\/wp-json\/wp\/v2\/product_brand?post=94606"},{"taxonomy":"product_cat","embeddable":true,"href":"https:\/\/clair.si\/hr\/wp-json\/wp\/v2\/product_cat?post=94606"},{"taxonomy":"product_tag","embeddable":true,"href":"https:\/\/clair.si\/hr\/wp-json\/wp\/v2\/product_tag?post=94606"}],"curies":[{"name":"wp","href":"https:\/\/api.w.org\/{rel}","templated":true}]}}