{"id":94709,"date":"2024-09-11T13:29:08","date_gmt":"2024-09-11T11:29:08","guid":{"rendered":"https:\/\/clair.si\/izdelek\/katran-u-spreju-norway-tar\/"},"modified":"2025-08-27T21:53:03","modified_gmt":"2025-08-27T19:53:03","slug":"katran-u-spreju-norway-tar","status":"publish","type":"product","link":"https:\/\/clair.si\/hr\/izdelek\/katran-u-spreju-norway-tar\/","title":{"rendered":"Katran u spreju Norway Tar"},"content":{"rendered":"<p><strong>Katran u spreju Norway Tar &#8211; Prirodna za\u0161tita kopita u vla\u017enim uvjetima<\/strong><\/p>\n<p>Katran u spreju Norway Tar je 100% prirodni proizvod dobiven iz borova iz pokrajine Landes u Francuskoj. Katran u spreju je dizajniran za njegu i za\u0161titu kopita. Prirodni katran je idealan za upotrebu na tabanu i \u017eabici, gdje sprje\u010dava truljenje i infekcije u vla\u017enim okru\u017eenjima.  <\/p>\n<p><strong>Svojstva katrana u spreju:<\/strong><\/p>\n<ul>\n<li><strong>Za\u0161tita kopita<\/strong>: U\u010dinkovito \u0161titi kopita od truljenja i drugih o\u0161te\u0107enja.<\/li>\n<li><strong>Prirodni sastav<\/strong>: 100% prirodni proizvod od borovog katrana.<\/li>\n<li><strong>Vi\u0161enamjenska upotreba<\/strong>: Pogodno za preventivu i njegu kod infekcija, ozljeda ili o\u0161te\u0107enog tabana.<\/li>\n<li><strong>Utr\u0111ivanje kopita<\/strong>: Ja\u010da i u\u010dvr\u0161\u0107uje kopita u vla\u017enim uvjetima.<\/li>\n<\/ul>\n<p>Norway Tar je savr\u0161en proizvod za sve koji \u017eele prirodno za\u0161tititi i o\u010duvati zdravlje kopita svojih konja, posebice u vla\u017enim ili mokrim uvjetima.<\/p>\n<p><strong>Sastav<\/strong>: borov katran<\/p>\n<p>Koli\u010dina: 500 ml<\/p>\n","protected":false},"excerpt":{"rendered":"<ul>\n<li>idealan za za\u0161titu kopita u vla\u017enim uvjetima<\/li>\n<li>jednostavan za kori\u0161tenje<\/li>\n<li>100% prirodni proizvod dobiven iz borova<\/li>\n<li>500 ml<\/li>\n<\/ul>\n","protected":false},"featured_media":94716,"template":"","meta":{"footnotes":""},"product_brand":[],"product_cat":[6113,5624,5960,5677,5675,5873,5625,5882,5627,5680],"product_tag":[],"class_list":{"0":"post-94709","1":"product","2":"type-product","3":"status-publish","4":"has-post-thumbnail","6":"product_cat-druga-kovacka-oprema","7":"product_cat-konj-hr","8":"product_cat-kovacka-oprema","9":"product_cat-kozmetika-za-konje-hr-2","10":"product_cat-kozmetika-za-konje-hr","11":"product_cat-njega-i-zdravlje-kopita","12":"product_cat-njega-konja","13":"product_cat-njega-kopita","14":"product_cat-stala-i-pasnjak","15":"product_cat-zdravlje-i-dobrobit","17":"first","18":"instock","19":"shipping-taxable","20":"purchasable","21":"product-type-simple"},"yoast_head":"<!-- This site is optimized with the Yoast SEO plugin v27.3 - https:\/\/yoast.com\/product\/yoast-seo-wordpress\/ -->\n<title>Katran u spreju Norway Tar - Clair<\/title>\n<meta name=\"description\" content=\"idealan za za\u0161titu kopita u vla\u017enim uvjetima  jednostavan za kori\u0161tenje  100% prirodni proizvod dobiven iz borova  500 ml\" \/>\n<meta name=\"robots\" content=\"index, follow, max-snippet:-1, max-image-preview:large, max-video-preview:-1\" \/>\n<link rel=\"canonical\" href=\"https:\/\/clair.si\/hr\/izdelek\/katran-u-spreju-norway-tar\/\" \/>\n<meta property=\"og:locale\" content=\"hr_HR\" \/>\n<meta property=\"og:type\" content=\"article\" \/>\n<meta property=\"og:title\" content=\"Katran u spreju Norway Tar - Clair\" \/>\n<meta property=\"og:description\" content=\"idealan za za\u0161titu kopita u vla\u017enim uvjetima  jednostavan za kori\u0161tenje  100% prirodni proizvod dobiven iz borova  500 ml\" \/>\n<meta property=\"og:url\" content=\"https:\/\/clair.si\/hr\/izdelek\/katran-u-spreju-norway-tar\/\" \/>\n<meta property=\"og:site_name\" content=\"Clair\" \/>\n<meta property=\"article:publisher\" content=\"https:\/\/www.facebook.com\/TrgovinaClair\/\" \/>\n<meta property=\"article:modified_time\" content=\"2025-08-27T19:53:03+00:00\" \/>\n<meta property=\"og:image\" content=\"https:\/\/clair.si\/wp-content\/uploads\/2024\/09\/Katran-v-spreju-trgovina-clair-jpg.avif\" \/>\n\t<meta property=\"og:image:width\" content=\"800\" \/>\n\t<meta property=\"og:image:height\" content=\"800\" \/>\n\t<meta property=\"og:image:type\" content=\"image\/jpeg\" \/>\n<meta name=\"twitter:card\" content=\"summary_large_image\" \/>\n<meta name=\"twitter:label1\" content=\"Procijenjeno vrijeme \u010ditanja\" \/>\n\t<meta name=\"twitter:data1\" content=\"1 minuta\" \/>\n<script type=\"application\/ld+json\" class=\"yoast-schema-graph\">{\"@context\":\"https:\\\/\\\/schema.org\",\"@graph\":[{\"@type\":\"WebPage\",\"@id\":\"https:\\\/\\\/clair.si\\\/hr\\\/izdelek\\\/katran-u-spreju-norway-tar\\\/\",\"url\":\"https:\\\/\\\/clair.si\\\/hr\\\/izdelek\\\/katran-u-spreju-norway-tar\\\/\",\"name\":\"Katran u spreju Norway Tar - Clair\",\"isPartOf\":{\"@id\":\"https:\\\/\\\/clair.si\\\/#website\"},\"primaryImageOfPage\":{\"@id\":\"https:\\\/\\\/clair.si\\\/hr\\\/izdelek\\\/katran-u-spreju-norway-tar\\\/#primaryimage\"},\"image\":{\"@id\":\"https:\\\/\\\/clair.si\\\/hr\\\/izdelek\\\/katran-u-spreju-norway-tar\\\/#primaryimage\"},\"thumbnailUrl\":\"https:\\\/\\\/clair.si\\\/wp-content\\\/uploads\\\/2024\\\/09\\\/Katran-v-spreju-trgovina-clair-jpg.avif\",\"datePublished\":\"2024-09-11T11:29:08+00:00\",\"dateModified\":\"2025-08-27T19:53:03+00:00\",\"description\":\"idealan za za\u0161titu kopita u vla\u017enim uvjetima jednostavan za kori\u0161tenje 100% prirodni proizvod dobiven iz borova 500 ml\",\"breadcrumb\":{\"@id\":\"https:\\\/\\\/clair.si\\\/hr\\\/izdelek\\\/katran-u-spreju-norway-tar\\\/#breadcrumb\"},\"inLanguage\":\"hr\",\"potentialAction\":[{\"@type\":\"ReadAction\",\"target\":[\"https:\\\/\\\/clair.si\\\/hr\\\/izdelek\\\/katran-u-spreju-norway-tar\\\/\"]}]},{\"@type\":\"ImageObject\",\"inLanguage\":\"hr\",\"@id\":\"https:\\\/\\\/clair.si\\\/hr\\\/izdelek\\\/katran-u-spreju-norway-tar\\\/#primaryimage\",\"url\":\"https:\\\/\\\/clair.si\\\/wp-content\\\/uploads\\\/2024\\\/09\\\/Katran-v-spreju-trgovina-clair-jpg.avif\",\"contentUrl\":\"https:\\\/\\\/clair.si\\\/wp-content\\\/uploads\\\/2024\\\/09\\\/Katran-v-spreju-trgovina-clair-jpg.avif\",\"width\":800,\"height\":800},{\"@type\":\"BreadcrumbList\",\"@id\":\"https:\\\/\\\/clair.si\\\/hr\\\/izdelek\\\/katran-u-spreju-norway-tar\\\/#breadcrumb\",\"itemListElement\":[{\"@type\":\"ListItem\",\"position\":1,\"name\":\"Home\",\"item\":\"https:\\\/\\\/clair.si\\\/hr\\\/\"},{\"@type\":\"ListItem\",\"position\":2,\"name\":\"Trgovina\",\"item\":\"https:\\\/\\\/clair.si\\\/trgovina\\\/\"},{\"@type\":\"ListItem\",\"position\":3,\"name\":\"Katran u spreju Norway Tar\"}]},{\"@type\":\"WebSite\",\"@id\":\"https:\\\/\\\/clair.si\\\/#website\",\"url\":\"https:\\\/\\\/clair.si\\\/\",\"name\":\"Clair\",\"description\":\"Trgovina s konjeni\u0161ko opremo\",\"publisher\":{\"@id\":\"https:\\\/\\\/clair.si\\\/#organization\"},\"potentialAction\":[{\"@type\":\"SearchAction\",\"target\":{\"@type\":\"EntryPoint\",\"urlTemplate\":\"https:\\\/\\\/clair.si\\\/?s={search_term_string}\"},\"query-input\":{\"@type\":\"PropertyValueSpecification\",\"valueRequired\":true,\"valueName\":\"search_term_string\"}}],\"inLanguage\":\"hr\"},{\"@type\":\"Organization\",\"@id\":\"https:\\\/\\\/clair.si\\\/#organization\",\"name\":\"Clair\",\"url\":\"https:\\\/\\\/clair.si\\\/\",\"logo\":{\"@type\":\"ImageObject\",\"inLanguage\":\"hr\",\"@id\":\"https:\\\/\\\/clair.si\\\/#\\\/schema\\\/logo\\\/image\\\/\",\"url\":\"https:\\\/\\\/clair.si\\\/wp-content\\\/uploads\\\/2022\\\/11\\\/clair_logo_2022.jpg\",\"contentUrl\":\"https:\\\/\\\/clair.si\\\/wp-content\\\/uploads\\\/2022\\\/11\\\/clair_logo_2022.jpg\",\"width\":1920,\"height\":1920,\"caption\":\"Clair\"},\"image\":{\"@id\":\"https:\\\/\\\/clair.si\\\/#\\\/schema\\\/logo\\\/image\\\/\"},\"sameAs\":[\"https:\\\/\\\/www.facebook.com\\\/TrgovinaClair\\\/\"]}]}<\/script>\n<!-- \/ Yoast SEO plugin. -->","yoast_head_json":{"title":"Katran u spreju Norway Tar - Clair","description":"idealan za za\u0161titu kopita u vla\u017enim uvjetima  jednostavan za kori\u0161tenje  100% prirodni proizvod dobiven iz borova  500 ml","robots":{"index":"index","follow":"follow","max-snippet":"max-snippet:-1","max-image-preview":"max-image-preview:large","max-video-preview":"max-video-preview:-1"},"canonical":"https:\/\/clair.si\/hr\/izdelek\/katran-u-spreju-norway-tar\/","og_locale":"hr_HR","og_type":"article","og_title":"Katran u spreju Norway Tar - Clair","og_description":"idealan za za\u0161titu kopita u vla\u017enim uvjetima  jednostavan za kori\u0161tenje  100% prirodni proizvod dobiven iz borova  500 ml","og_url":"https:\/\/clair.si\/hr\/izdelek\/katran-u-spreju-norway-tar\/","og_site_name":"Clair","article_publisher":"https:\/\/www.facebook.com\/TrgovinaClair\/","article_modified_time":"2025-08-27T19:53:03+00:00","og_image":[{"width":800,"height":800,"url":"https:\/\/clair.si\/wp-content\/uploads\/2024\/09\/Katran-v-spreju-trgovina-clair-jpg.avif","type":"image\/jpeg"}],"twitter_card":"summary_large_image","twitter_misc":{"Procijenjeno vrijeme \u010ditanja":"1 minuta"},"schema":{"@context":"https:\/\/schema.org","@graph":[{"@type":"WebPage","@id":"https:\/\/clair.si\/hr\/izdelek\/katran-u-spreju-norway-tar\/","url":"https:\/\/clair.si\/hr\/izdelek\/katran-u-spreju-norway-tar\/","name":"Katran u spreju Norway Tar - Clair","isPartOf":{"@id":"https:\/\/clair.si\/#website"},"primaryImageOfPage":{"@id":"https:\/\/clair.si\/hr\/izdelek\/katran-u-spreju-norway-tar\/#primaryimage"},"image":{"@id":"https:\/\/clair.si\/hr\/izdelek\/katran-u-spreju-norway-tar\/#primaryimage"},"thumbnailUrl":"https:\/\/clair.si\/wp-content\/uploads\/2024\/09\/Katran-v-spreju-trgovina-clair-jpg.avif","datePublished":"2024-09-11T11:29:08+00:00","dateModified":"2025-08-27T19:53:03+00:00","description":"idealan za za\u0161titu kopita u vla\u017enim uvjetima jednostavan za kori\u0161tenje 100% prirodni proizvod dobiven iz borova 500 ml","breadcrumb":{"@id":"https:\/\/clair.si\/hr\/izdelek\/katran-u-spreju-norway-tar\/#breadcrumb"},"inLanguage":"hr","potentialAction":[{"@type":"ReadAction","target":["https:\/\/clair.si\/hr\/izdelek\/katran-u-spreju-norway-tar\/"]}]},{"@type":"ImageObject","inLanguage":"hr","@id":"https:\/\/clair.si\/hr\/izdelek\/katran-u-spreju-norway-tar\/#primaryimage","url":"https:\/\/clair.si\/wp-content\/uploads\/2024\/09\/Katran-v-spreju-trgovina-clair-jpg.avif","contentUrl":"https:\/\/clair.si\/wp-content\/uploads\/2024\/09\/Katran-v-spreju-trgovina-clair-jpg.avif","width":800,"height":800},{"@type":"BreadcrumbList","@id":"https:\/\/clair.si\/hr\/izdelek\/katran-u-spreju-norway-tar\/#breadcrumb","itemListElement":[{"@type":"ListItem","position":1,"name":"Home","item":"https:\/\/clair.si\/hr\/"},{"@type":"ListItem","position":2,"name":"Trgovina","item":"https:\/\/clair.si\/trgovina\/"},{"@type":"ListItem","position":3,"name":"Katran u spreju Norway Tar"}]},{"@type":"WebSite","@id":"https:\/\/clair.si\/#website","url":"https:\/\/clair.si\/","name":"Clair","description":"Trgovina s konjeni\u0161ko opremo","publisher":{"@id":"https:\/\/clair.si\/#organization"},"potentialAction":[{"@type":"SearchAction","target":{"@type":"EntryPoint","urlTemplate":"https:\/\/clair.si\/?s={search_term_string}"},"query-input":{"@type":"PropertyValueSpecification","valueRequired":true,"valueName":"search_term_string"}}],"inLanguage":"hr"},{"@type":"Organization","@id":"https:\/\/clair.si\/#organization","name":"Clair","url":"https:\/\/clair.si\/","logo":{"@type":"ImageObject","inLanguage":"hr","@id":"https:\/\/clair.si\/#\/schema\/logo\/image\/","url":"https:\/\/clair.si\/wp-content\/uploads\/2022\/11\/clair_logo_2022.jpg","contentUrl":"https:\/\/clair.si\/wp-content\/uploads\/2022\/11\/clair_logo_2022.jpg","width":1920,"height":1920,"caption":"Clair"},"image":{"@id":"https:\/\/clair.si\/#\/schema\/logo\/image\/"},"sameAs":["https:\/\/www.facebook.com\/TrgovinaClair\/"]}]}},"_links":{"self":[{"href":"https:\/\/clair.si\/hr\/wp-json\/wp\/v2\/product\/94709","targetHints":{"allow":["GET"]}}],"collection":[{"href":"https:\/\/clair.si\/hr\/wp-json\/wp\/v2\/product"}],"about":[{"href":"https:\/\/clair.si\/hr\/wp-json\/wp\/v2\/types\/product"}],"version-history":[{"count":0,"href":"https:\/\/clair.si\/hr\/wp-json\/wp\/v2\/product\/94709\/revisions"}],"wp:featuredmedia":[{"embeddable":true,"href":"https:\/\/clair.si\/hr\/wp-json\/wp\/v2\/media\/94716"}],"wp:attachment":[{"href":"https:\/\/clair.si\/hr\/wp-json\/wp\/v2\/media?parent=94709"}],"wp:term":[{"taxonomy":"product_brand","embeddable":true,"href":"https:\/\/clair.si\/hr\/wp-json\/wp\/v2\/product_brand?post=94709"},{"taxonomy":"product_cat","embeddable":true,"href":"https:\/\/clair.si\/hr\/wp-json\/wp\/v2\/product_cat?post=94709"},{"taxonomy":"product_tag","embeddable":true,"href":"https:\/\/clair.si\/hr\/wp-json\/wp\/v2\/product_tag?post=94709"}],"curies":[{"name":"wp","href":"https:\/\/api.w.org\/{rel}","templated":true}]}}