{"id":94722,"date":"2024-09-11T12:06:22","date_gmt":"2024-09-11T10:06:22","guid":{"rendered":"https:\/\/clair.si\/izdelek\/torba-za-poslastice-h-t-big-zipp\/"},"modified":"2025-08-27T17:52:08","modified_gmt":"2025-08-27T15:52:08","slug":"torba-za-poslastice-h-t-big-zipp","status":"publish","type":"product","link":"https:\/\/clair.si\/hr\/izdelek\/torba-za-poslastice-h-t-big-zipp\/","title":{"rendered":"Torba za poslastice H-T Big Zipp"},"content":{"rendered":"<p><strong>Torba za poslastice H-T Big Zipp<\/strong> je ne\u0161to ve\u0107a. Mo\u017ee se pri\u010dvrstiti za remen. Glavni pretinac zatvara se vezicom. Ima i nekoliko bo\u010dnih d\u017eepova koji se mogu zatvoriti patentnim zatvara\u010dem. Idealna je za rad na terenu ili svakodnevne poslove u staji. Osim poslastica, u torbu za poslastice mo\u017eete pohraniti i neke manje stvari.     <\/p>\n<p>Materijal: 100% poliester.<\/p>\n","protected":false},"excerpt":{"rendered":"<ul>\n<li>pri\u010dvr\u0161\u0107uje se za remen<\/li>\n<li>glavni d\u017eep se zatvara vezicom<\/li>\n<li>bo\u010dni d\u017eepovi na patentni zatvara\u010d<\/li>\n<\/ul>\n","protected":false},"featured_media":94733,"template":"","meta":{"footnotes":""},"product_brand":[],"product_cat":[5745,5756,5654,5624,5627,5746],"product_tag":[],"class_list":{"0":"post-94722","1":"product","2":"type-product","3":"status-publish","4":"has-post-thumbnail","6":"product_cat-dodaci","7":"product_cat-dodaci-za-stalu","8":"product_cat-jahac-hr","9":"product_cat-konj-hr","10":"product_cat-stala-i-pasnjak","11":"product_cat-torbe-hr","13":"first","14":"instock","15":"shipping-taxable","16":"purchasable","17":"product-type-simple"},"yoast_head":"<!-- This site is optimized with the Yoast SEO plugin v27.3 - https:\/\/yoast.com\/product\/yoast-seo-wordpress\/ -->\n<title>Torba za poslastice H-T Big Zipp - Clair<\/title>\n<meta name=\"description\" content=\"pri\u010dvr\u0161\u0107uje se za remen  glavni d\u017eep se zatvara vezicom  bo\u010dni d\u017eepovi na patentni zatvara\u010d\" \/>\n<meta name=\"robots\" content=\"index, follow, max-snippet:-1, max-image-preview:large, max-video-preview:-1\" \/>\n<link rel=\"canonical\" href=\"https:\/\/clair.si\/hr\/izdelek\/torba-za-poslastice-h-t-big-zipp\/\" \/>\n<meta property=\"og:locale\" content=\"hr_HR\" \/>\n<meta property=\"og:type\" content=\"article\" \/>\n<meta property=\"og:title\" content=\"Torba za poslastice H-T Big Zipp - Clair\" \/>\n<meta property=\"og:description\" content=\"pri\u010dvr\u0161\u0107uje se za remen  glavni d\u017eep se zatvara vezicom  bo\u010dni d\u017eepovi na patentni zatvara\u010d\" \/>\n<meta property=\"og:url\" content=\"https:\/\/clair.si\/hr\/izdelek\/torba-za-poslastice-h-t-big-zipp\/\" \/>\n<meta property=\"og:site_name\" content=\"Clair\" \/>\n<meta property=\"article:publisher\" content=\"https:\/\/www.facebook.com\/TrgovinaClair\/\" \/>\n<meta property=\"article:modified_time\" content=\"2025-08-27T15:52:08+00:00\" \/>\n<meta property=\"og:image\" content=\"https:\/\/clair.si\/wp-content\/uploads\/2024\/09\/hippotonic-torbica-za-piskote-trgovina-clair-zipp-jpg.avif\" \/>\n\t<meta property=\"og:image:width\" content=\"800\" \/>\n\t<meta property=\"og:image:height\" content=\"800\" \/>\n\t<meta property=\"og:image:type\" content=\"image\/jpeg\" \/>\n<meta name=\"twitter:card\" content=\"summary_large_image\" \/>\n<script type=\"application\/ld+json\" class=\"yoast-schema-graph\">{\"@context\":\"https:\\\/\\\/schema.org\",\"@graph\":[{\"@type\":\"WebPage\",\"@id\":\"https:\\\/\\\/clair.si\\\/hr\\\/izdelek\\\/torba-za-poslastice-h-t-big-zipp\\\/\",\"url\":\"https:\\\/\\\/clair.si\\\/hr\\\/izdelek\\\/torba-za-poslastice-h-t-big-zipp\\\/\",\"name\":\"Torba za poslastice H-T Big Zipp - Clair\",\"isPartOf\":{\"@id\":\"https:\\\/\\\/clair.si\\\/#website\"},\"primaryImageOfPage\":{\"@id\":\"https:\\\/\\\/clair.si\\\/hr\\\/izdelek\\\/torba-za-poslastice-h-t-big-zipp\\\/#primaryimage\"},\"image\":{\"@id\":\"https:\\\/\\\/clair.si\\\/hr\\\/izdelek\\\/torba-za-poslastice-h-t-big-zipp\\\/#primaryimage\"},\"thumbnailUrl\":\"https:\\\/\\\/clair.si\\\/wp-content\\\/uploads\\\/2024\\\/09\\\/hippotonic-torbica-za-piskote-trgovina-clair-zipp-jpg.avif\",\"datePublished\":\"2024-09-11T10:06:22+00:00\",\"dateModified\":\"2025-08-27T15:52:08+00:00\",\"description\":\"pri\u010dvr\u0161\u0107uje se za remen glavni d\u017eep se zatvara vezicom bo\u010dni d\u017eepovi na patentni zatvara\u010d\",\"breadcrumb\":{\"@id\":\"https:\\\/\\\/clair.si\\\/hr\\\/izdelek\\\/torba-za-poslastice-h-t-big-zipp\\\/#breadcrumb\"},\"inLanguage\":\"hr\",\"potentialAction\":[{\"@type\":\"ReadAction\",\"target\":[\"https:\\\/\\\/clair.si\\\/hr\\\/izdelek\\\/torba-za-poslastice-h-t-big-zipp\\\/\"]}]},{\"@type\":\"ImageObject\",\"inLanguage\":\"hr\",\"@id\":\"https:\\\/\\\/clair.si\\\/hr\\\/izdelek\\\/torba-za-poslastice-h-t-big-zipp\\\/#primaryimage\",\"url\":\"https:\\\/\\\/clair.si\\\/wp-content\\\/uploads\\\/2024\\\/09\\\/hippotonic-torbica-za-piskote-trgovina-clair-zipp-jpg.avif\",\"contentUrl\":\"https:\\\/\\\/clair.si\\\/wp-content\\\/uploads\\\/2024\\\/09\\\/hippotonic-torbica-za-piskote-trgovina-clair-zipp-jpg.avif\",\"width\":800,\"height\":800},{\"@type\":\"BreadcrumbList\",\"@id\":\"https:\\\/\\\/clair.si\\\/hr\\\/izdelek\\\/torba-za-poslastice-h-t-big-zipp\\\/#breadcrumb\",\"itemListElement\":[{\"@type\":\"ListItem\",\"position\":1,\"name\":\"Home\",\"item\":\"https:\\\/\\\/clair.si\\\/hr\\\/\"},{\"@type\":\"ListItem\",\"position\":2,\"name\":\"Trgovina\",\"item\":\"https:\\\/\\\/clair.si\\\/trgovina\\\/\"},{\"@type\":\"ListItem\",\"position\":3,\"name\":\"Torba za poslastice H-T Big Zipp\"}]},{\"@type\":\"WebSite\",\"@id\":\"https:\\\/\\\/clair.si\\\/#website\",\"url\":\"https:\\\/\\\/clair.si\\\/\",\"name\":\"Clair\",\"description\":\"Trgovina s konjeni\u0161ko opremo\",\"publisher\":{\"@id\":\"https:\\\/\\\/clair.si\\\/#organization\"},\"potentialAction\":[{\"@type\":\"SearchAction\",\"target\":{\"@type\":\"EntryPoint\",\"urlTemplate\":\"https:\\\/\\\/clair.si\\\/?s={search_term_string}\"},\"query-input\":{\"@type\":\"PropertyValueSpecification\",\"valueRequired\":true,\"valueName\":\"search_term_string\"}}],\"inLanguage\":\"hr\"},{\"@type\":\"Organization\",\"@id\":\"https:\\\/\\\/clair.si\\\/#organization\",\"name\":\"Clair\",\"url\":\"https:\\\/\\\/clair.si\\\/\",\"logo\":{\"@type\":\"ImageObject\",\"inLanguage\":\"hr\",\"@id\":\"https:\\\/\\\/clair.si\\\/#\\\/schema\\\/logo\\\/image\\\/\",\"url\":\"https:\\\/\\\/clair.si\\\/wp-content\\\/uploads\\\/2022\\\/11\\\/clair_logo_2022.jpg\",\"contentUrl\":\"https:\\\/\\\/clair.si\\\/wp-content\\\/uploads\\\/2022\\\/11\\\/clair_logo_2022.jpg\",\"width\":1920,\"height\":1920,\"caption\":\"Clair\"},\"image\":{\"@id\":\"https:\\\/\\\/clair.si\\\/#\\\/schema\\\/logo\\\/image\\\/\"},\"sameAs\":[\"https:\\\/\\\/www.facebook.com\\\/TrgovinaClair\\\/\"]}]}<\/script>\n<!-- \/ Yoast SEO plugin. -->","yoast_head_json":{"title":"Torba za poslastice H-T Big Zipp - Clair","description":"pri\u010dvr\u0161\u0107uje se za remen  glavni d\u017eep se zatvara vezicom  bo\u010dni d\u017eepovi na patentni zatvara\u010d","robots":{"index":"index","follow":"follow","max-snippet":"max-snippet:-1","max-image-preview":"max-image-preview:large","max-video-preview":"max-video-preview:-1"},"canonical":"https:\/\/clair.si\/hr\/izdelek\/torba-za-poslastice-h-t-big-zipp\/","og_locale":"hr_HR","og_type":"article","og_title":"Torba za poslastice H-T Big Zipp - Clair","og_description":"pri\u010dvr\u0161\u0107uje se za remen  glavni d\u017eep se zatvara vezicom  bo\u010dni d\u017eepovi na patentni zatvara\u010d","og_url":"https:\/\/clair.si\/hr\/izdelek\/torba-za-poslastice-h-t-big-zipp\/","og_site_name":"Clair","article_publisher":"https:\/\/www.facebook.com\/TrgovinaClair\/","article_modified_time":"2025-08-27T15:52:08+00:00","og_image":[{"width":800,"height":800,"url":"https:\/\/clair.si\/wp-content\/uploads\/2024\/09\/hippotonic-torbica-za-piskote-trgovina-clair-zipp-jpg.avif","type":"image\/jpeg"}],"twitter_card":"summary_large_image","schema":{"@context":"https:\/\/schema.org","@graph":[{"@type":"WebPage","@id":"https:\/\/clair.si\/hr\/izdelek\/torba-za-poslastice-h-t-big-zipp\/","url":"https:\/\/clair.si\/hr\/izdelek\/torba-za-poslastice-h-t-big-zipp\/","name":"Torba za poslastice H-T Big Zipp - Clair","isPartOf":{"@id":"https:\/\/clair.si\/#website"},"primaryImageOfPage":{"@id":"https:\/\/clair.si\/hr\/izdelek\/torba-za-poslastice-h-t-big-zipp\/#primaryimage"},"image":{"@id":"https:\/\/clair.si\/hr\/izdelek\/torba-za-poslastice-h-t-big-zipp\/#primaryimage"},"thumbnailUrl":"https:\/\/clair.si\/wp-content\/uploads\/2024\/09\/hippotonic-torbica-za-piskote-trgovina-clair-zipp-jpg.avif","datePublished":"2024-09-11T10:06:22+00:00","dateModified":"2025-08-27T15:52:08+00:00","description":"pri\u010dvr\u0161\u0107uje se za remen glavni d\u017eep se zatvara vezicom bo\u010dni d\u017eepovi na patentni zatvara\u010d","breadcrumb":{"@id":"https:\/\/clair.si\/hr\/izdelek\/torba-za-poslastice-h-t-big-zipp\/#breadcrumb"},"inLanguage":"hr","potentialAction":[{"@type":"ReadAction","target":["https:\/\/clair.si\/hr\/izdelek\/torba-za-poslastice-h-t-big-zipp\/"]}]},{"@type":"ImageObject","inLanguage":"hr","@id":"https:\/\/clair.si\/hr\/izdelek\/torba-za-poslastice-h-t-big-zipp\/#primaryimage","url":"https:\/\/clair.si\/wp-content\/uploads\/2024\/09\/hippotonic-torbica-za-piskote-trgovina-clair-zipp-jpg.avif","contentUrl":"https:\/\/clair.si\/wp-content\/uploads\/2024\/09\/hippotonic-torbica-za-piskote-trgovina-clair-zipp-jpg.avif","width":800,"height":800},{"@type":"BreadcrumbList","@id":"https:\/\/clair.si\/hr\/izdelek\/torba-za-poslastice-h-t-big-zipp\/#breadcrumb","itemListElement":[{"@type":"ListItem","position":1,"name":"Home","item":"https:\/\/clair.si\/hr\/"},{"@type":"ListItem","position":2,"name":"Trgovina","item":"https:\/\/clair.si\/trgovina\/"},{"@type":"ListItem","position":3,"name":"Torba za poslastice H-T Big Zipp"}]},{"@type":"WebSite","@id":"https:\/\/clair.si\/#website","url":"https:\/\/clair.si\/","name":"Clair","description":"Trgovina s konjeni\u0161ko opremo","publisher":{"@id":"https:\/\/clair.si\/#organization"},"potentialAction":[{"@type":"SearchAction","target":{"@type":"EntryPoint","urlTemplate":"https:\/\/clair.si\/?s={search_term_string}"},"query-input":{"@type":"PropertyValueSpecification","valueRequired":true,"valueName":"search_term_string"}}],"inLanguage":"hr"},{"@type":"Organization","@id":"https:\/\/clair.si\/#organization","name":"Clair","url":"https:\/\/clair.si\/","logo":{"@type":"ImageObject","inLanguage":"hr","@id":"https:\/\/clair.si\/#\/schema\/logo\/image\/","url":"https:\/\/clair.si\/wp-content\/uploads\/2022\/11\/clair_logo_2022.jpg","contentUrl":"https:\/\/clair.si\/wp-content\/uploads\/2022\/11\/clair_logo_2022.jpg","width":1920,"height":1920,"caption":"Clair"},"image":{"@id":"https:\/\/clair.si\/#\/schema\/logo\/image\/"},"sameAs":["https:\/\/www.facebook.com\/TrgovinaClair\/"]}]}},"_links":{"self":[{"href":"https:\/\/clair.si\/hr\/wp-json\/wp\/v2\/product\/94722","targetHints":{"allow":["GET"]}}],"collection":[{"href":"https:\/\/clair.si\/hr\/wp-json\/wp\/v2\/product"}],"about":[{"href":"https:\/\/clair.si\/hr\/wp-json\/wp\/v2\/types\/product"}],"version-history":[{"count":0,"href":"https:\/\/clair.si\/hr\/wp-json\/wp\/v2\/product\/94722\/revisions"}],"wp:featuredmedia":[{"embeddable":true,"href":"https:\/\/clair.si\/hr\/wp-json\/wp\/v2\/media\/94733"}],"wp:attachment":[{"href":"https:\/\/clair.si\/hr\/wp-json\/wp\/v2\/media?parent=94722"}],"wp:term":[{"taxonomy":"product_brand","embeddable":true,"href":"https:\/\/clair.si\/hr\/wp-json\/wp\/v2\/product_brand?post=94722"},{"taxonomy":"product_cat","embeddable":true,"href":"https:\/\/clair.si\/hr\/wp-json\/wp\/v2\/product_cat?post=94722"},{"taxonomy":"product_tag","embeddable":true,"href":"https:\/\/clair.si\/hr\/wp-json\/wp\/v2\/product_tag?post=94722"}],"curies":[{"name":"wp","href":"https:\/\/api.w.org\/{rel}","templated":true}]}}