{"id":94757,"date":"2024-09-12T12:13:54","date_gmt":"2024-09-12T10:13:54","guid":{"rendered":"https:\/\/clair.si\/izdelek\/jahaca-kaciga-e-t-airy-ii\/"},"modified":"2025-08-27T17:52:11","modified_gmt":"2025-08-27T15:52:11","slug":"jahaca-kaciga-e-t-airy-ii","status":"publish","type":"product","link":"https:\/\/clair.si\/hr\/izdelek\/jahaca-kaciga-e-t-airy-ii\/","title":{"rendered":"Jaha\u0107a kaciga E-T Airy II"},"content":{"rendered":"<p><strong>Jaha\u0107a kaciga E-T Airy II<\/strong> s vanjskim <span class=\"HwtZe\" lang=\"sl\"><span class=\"jCAhz ChMk0b\"><span class=\"ryNqvb\">ABS slojem, vrlo otporna na udarce, \u010dak i pri ekstremnim temperaturama.<\/span><\/span><span class=\"jCAhz ChMk0b\"><span class=\"ryNqvb\">Vrlo lagana jaha\u0107a kaciga od EPS-a (ekspandiranog polistirena) visoke gusto\u0107e s izvrsnim svojstvima ubla\u017eavanja udaraca.<\/span><\/span> <span class=\"jCAhz ChMk0b\"><span class=\"ryNqvb\">Dvostruki sloj u 2 gusto\u0107e i rubna obloga od lijevane PC plastike.<\/span><\/span> O<span class=\"jCAhz ChMk0b\"><span class=\"ryNqvb\">mogu\u0107uje i odli\u010dnu cirkulaciju zraka u kombinaciji s prednjim, stra\u017enjim i sredi\u0161njim ventilacijskim podru\u010djima.<\/span><\/span> <span class=\"jCAhz ChMk0b\"><span class=\"ryNqvb\">Odvojiva i periva unutarnja podstava kombinira tekstil koji upija vlagu i memorijsku pjenu.<\/span><\/span><\/span> <\/p>\n<p><span class=\"HwtZe\" lang=\"sl\"><span class=\"jCAhz ChMk0b\"><span class=\"ryNqvb\"><strong>Sustav prilago\u0111avanja:<\/strong> 5-pozicijski stra\u017enji gumb za precizno prilago\u0111avanje obliku glave.<\/span><\/span> <span class=\"jCAhz ChMk0b\"><span class=\"ryNqvb\">Pri\u010dvrsni remen od mikrovlakana s kop\u010dom za brzo otpu\u0161tanje.<\/span><\/span> <span class=\"jCAhz ChMk0b\"><span class=\"ryNqvb\">4-to\u010dkovno pri\u010dvr\u0161\u0107ivanje straga, koje prati oblik vrata, i \u0161titnik za bradu.<\/span><\/span><\/span><\/p>\n<p><span class=\"HwtZe\" lang=\"sl\"> <span class=\"jCAhz ChMk0b\"><span class=\"ryNqvb\">Te\u017eina: izme\u0111u 460 i 560 grama. <\/span><\/span><\/span><\/p>\n<p><span class=\"HwtZe\" lang=\"sl\"><span class=\"jCAhz ChMk0b\"><span class=\"ryNqvb\">Kaciga s oznakom CE, u skladu sa standardom EN1384:2012, s koordinacijskim listom VG1 RfU CNB\/P\/01.<\/span><\/span> <span class=\"jCAhz\"><span class=\"ryNqvb\">040: 2014-12.<\/span><\/span> <span class=\"jCAhz\"><span class=\"ryNqvb\">Certifikat T\u00dcV.<\/span><\/span><\/span><\/p>\n<div class=\"lRu31\" dir=\"ltr\">\n<div class=\"OvtS8d\"><\/div>\n<div id=\"ow11\"><\/div>\n<\/div>\n<div class=\"UdTY9 WdefRb\" aria-hidden=\"true\" data-location=\"2\">\n<div class=\"kO6q6e\"><\/div>\n<\/div>\n<div class=\"XL3Kf XExWNc\">\n<div class=\"a8FIud X0rvP\">\n<div data-show-delay-ms=\"250\" data-append-to-body=\"false\" data-propagate-tooltip-mouseover-events=\"true\" data-anchor-corner=\"bottom-end\" data-enable-skip-handler=\"false\" data-popup-corner=\"top-end\">\n<div class=\"dig2sb\"><\/div>\n<\/div>\n<\/div>\n<\/div>\n<div class=\"XL3Kf XExWNc\">\n<div class=\"a8FIud X0rvP\">\n<div data-show-delay-ms=\"250\" data-append-to-body=\"false\" data-propagate-tooltip-mouseover-events=\"true\" data-anchor-corner=\"bottom-end\" data-enable-skip-handler=\"false\" data-popup-corner=\"top-end\"><\/div>\n<\/div>\n<\/div>\n<div class=\"ebT7ne VOLvac sMVRZe\">\n<div class=\"F0pQVc\"><\/div>\n<\/div>\n<div class=\"VO9ucd\">\n<div class=\"aJIq1d\" dir=\"ltr\" data-language-code=\"sl\" data-language-name=\"sloven\u0161\u010dina\" data-text=\"Abs \u0161koljka, zelo odporna na udarce, tudi pri ekstremnih temperaturah. Zelo lahka kapa iz EPS (ekspandiranega polistirena) visoke gostote z odli\u010dnimi lastnostmi bla\u017eenja udarcev. Dvojna plast v 2 gostotah in robna obloga iz ulite PC plastike. Na stotine polkrogov, vdelanih v povr\u0161ino kapice, ne samo izbolj\u0161a bla\u017eenje udarcev, temve\u010d omogo\u010da tudi odli\u010dno kro\u017eenje zraka v kombinaciji s sprednjimi, zadnjimi in osrednjimi prezra\u010devalnimi obmo\u010dji. Odstranljivo in pralno notranje oblazinjenje zdru\u017euje tekstil, ki vpija vlago, in spominsko peno. Sistem prilagajanja: 5-pozicijski zadnji gumb za natan\u010dno prilagajanje obliki glave. Pritrdilni pas iz mikrovlaken s sponko za hitro sprostitev. 4-to\u010dkovno zapenjanje zadaj, ki sledi obliki vratu, in \u0161\u010ditnik za brado. Te\u017ea: med 460 in 560 grami. \u010celada z oznako CE, skladna s standardom EN1384:2012, spremenjenim s koordinacijskim listom VG1 RfU CNB\/P\/01. 040: 2014-12. Certificiranje T\u00dcV.\" data-crosslingual-hint=\"\" data-location=\"2\" data-enable-toggle-playback-speed=\"true\" data-results-count=\"1\" data-result-index=\"1\">\n<div class=\"m0Qfkd\"><\/div>\n<\/div>\n<\/div>\n<div>\n<div data-show-delay-ms=\"250\" data-append-to-body=\"true\" data-propagate-tooltip-mouseover-events=\"true\" data-anchor-corner=\"bottom-left\" data-enable-skip-handler=\"false\" data-popup-corner=\"top-left\">\n<div class=\"dig2sb\"><\/div>\n<\/div>\n<\/div>\n<div>\n<div data-show-delay-ms=\"250\" data-append-to-body=\"true\" data-propagate-tooltip-mouseover-events=\"true\" data-anchor-corner=\"bottom-left\" data-enable-skip-handler=\"false\" data-popup-corner=\"top-left\"><\/div>\n<\/div>\n<div class=\"OlSOob\">\n<div class=\"ccvoYb\">\n<div class=\"AxqVh\">\n<div class=\"OPPzxe\">\n<div class=\"QcsUad BDJ8fb BLojaf sMVRZe hCXDsb wneUed\">\n<div class=\"usGWQd\">\n<div class=\"KkbLmb\">\n<div class=\"VO9ucd\">\n<div class=\"YJGJsb\"><\/div>\n<\/div>\n<\/div>\n<\/div>\n<\/div>\n<\/div>\n<\/div>\n<div class=\"HWmS8\">\n<div class=\"kGmWO\"><\/div>\n<div class=\"OwOEge\">\n<div class=\"cJ1Ndf\"><span class=\"qgyq3b\" tabindex=\"0\" role=\"button\" aria-haspopup=\"dialog\">Po\u0161aljite povratne informacije<\/span><\/div>\n<\/div>\n<\/div>\n<\/div>\n<div><\/div>\n<\/div>\n<nav class=\"VlPnLc\" aria-labelledby=\"ucj-40\"><\/nav>\n<div class=\"ySES5\"><\/div>\n<div class=\"ySES5\"><\/div>\n<p><strong> <\/strong><\/p>\n","protected":false},"excerpt":{"rendered":"<p>Jaha\u0107a kaciga E-T Airy II s vanjskim ABS slojem, vrlo otporna na udarce, \u010dak i pri ekstremnim temperaturama.Vrlo lagana jaha\u0107a<\/p>\n","protected":false},"featured_media":106646,"template":"","meta":{"footnotes":""},"product_brand":[],"product_cat":[5654,5767,5768,5657,5670,5658,5766],"product_tag":[],"class_list":{"0":"post-94757","1":"product","2":"type-product","3":"status-publish","4":"has-post-thumbnail","6":"product_cat-jahac-hr","7":"product_cat-kacige","8":"product_cat-kacige-hr","9":"product_cat-kategorije-hr","10":"product_cat-natjecanja","11":"product_cat-pocetci-jahanja","12":"product_cat-zastitna-oprema","14":"first","15":"instock","16":"sale","17":"shipping-taxable","18":"purchasable","19":"product-type-variable"},"yoast_head":"<!-- This site is optimized with the Yoast SEO plugin v27.4 - https:\/\/yoast.com\/product\/yoast-seo-wordpress\/ -->\n<title>Jaha\u0107a kaciga E-T Airy II - Clair<\/title>\n<meta name=\"description\" content=\"Jaha\u0107a kaciga E-T Airy II s vanjskim ABS slojem, vrlo otporna na udarce, \u010dak i pri ekstremnim temperaturama.Vrlo lagana jaha\u0107a kaciga od EPS-a\" \/>\n<meta name=\"robots\" content=\"index, follow, max-snippet:-1, max-image-preview:large, max-video-preview:-1\" \/>\n<link rel=\"canonical\" href=\"https:\/\/clair.si\/hr\/izdelek\/jahaca-kaciga-e-t-airy-ii\/\" \/>\n<meta property=\"og:locale\" content=\"hr_HR\" \/>\n<meta property=\"og:type\" content=\"article\" \/>\n<meta property=\"og:title\" content=\"Jaha\u0107a kaciga E-T Airy II - Clair\" \/>\n<meta property=\"og:description\" content=\"Jaha\u0107a kaciga E-T Airy II s vanjskim ABS slojem, vrlo otporna na udarce, \u010dak i pri ekstremnim temperaturama.Vrlo lagana jaha\u0107a kaciga od EPS-a\" \/>\n<meta property=\"og:url\" content=\"https:\/\/clair.si\/hr\/izdelek\/jahaca-kaciga-e-t-airy-ii\/\" \/>\n<meta property=\"og:site_name\" content=\"Clair\" \/>\n<meta property=\"article:publisher\" content=\"https:\/\/www.facebook.com\/TrgovinaClair\/\" \/>\n<meta property=\"article:modified_time\" content=\"2025-08-27T15:52:11+00:00\" \/>\n<meta property=\"og:image\" content=\"https:\/\/clair.si\/wp-content\/uploads\/2024\/09\/jahalna-celada-e-t-airy-carbon-jpg.avif\" \/>\n\t<meta property=\"og:image:width\" content=\"800\" \/>\n\t<meta property=\"og:image:height\" content=\"800\" \/>\n\t<meta property=\"og:image:type\" content=\"image\/jpeg\" \/>\n<meta name=\"twitter:card\" content=\"summary_large_image\" \/>\n<meta name=\"twitter:label1\" content=\"Procijenjeno vrijeme \u010ditanja\" \/>\n\t<meta name=\"twitter:data1\" content=\"1 minuta\" \/>\n<script type=\"application\/ld+json\" class=\"yoast-schema-graph\">{\"@context\":\"https:\\\/\\\/schema.org\",\"@graph\":[{\"@type\":\"WebPage\",\"@id\":\"https:\\\/\\\/clair.si\\\/hr\\\/izdelek\\\/jahaca-kaciga-e-t-airy-ii\\\/\",\"url\":\"https:\\\/\\\/clair.si\\\/hr\\\/izdelek\\\/jahaca-kaciga-e-t-airy-ii\\\/\",\"name\":\"Jaha\u0107a kaciga E-T Airy II - Clair\",\"isPartOf\":{\"@id\":\"https:\\\/\\\/clair.si\\\/#website\"},\"primaryImageOfPage\":{\"@id\":\"https:\\\/\\\/clair.si\\\/hr\\\/izdelek\\\/jahaca-kaciga-e-t-airy-ii\\\/#primaryimage\"},\"image\":{\"@id\":\"https:\\\/\\\/clair.si\\\/hr\\\/izdelek\\\/jahaca-kaciga-e-t-airy-ii\\\/#primaryimage\"},\"thumbnailUrl\":\"https:\\\/\\\/clair.si\\\/wp-content\\\/uploads\\\/2024\\\/09\\\/jahalna-celada-e-t-airy-carbon-jpg.avif\",\"datePublished\":\"2024-09-12T10:13:54+00:00\",\"dateModified\":\"2025-08-27T15:52:11+00:00\",\"description\":\"Jaha\u0107a kaciga E-T Airy II s vanjskim ABS slojem, vrlo otporna na udarce, \u010dak i pri ekstremnim temperaturama.Vrlo lagana jaha\u0107a kaciga od EPS-a\",\"breadcrumb\":{\"@id\":\"https:\\\/\\\/clair.si\\\/hr\\\/izdelek\\\/jahaca-kaciga-e-t-airy-ii\\\/#breadcrumb\"},\"inLanguage\":\"hr\",\"potentialAction\":[{\"@type\":\"ReadAction\",\"target\":[\"https:\\\/\\\/clair.si\\\/hr\\\/izdelek\\\/jahaca-kaciga-e-t-airy-ii\\\/\"]}]},{\"@type\":\"ImageObject\",\"inLanguage\":\"hr\",\"@id\":\"https:\\\/\\\/clair.si\\\/hr\\\/izdelek\\\/jahaca-kaciga-e-t-airy-ii\\\/#primaryimage\",\"url\":\"https:\\\/\\\/clair.si\\\/wp-content\\\/uploads\\\/2024\\\/09\\\/jahalna-celada-e-t-airy-carbon-jpg.avif\",\"contentUrl\":\"https:\\\/\\\/clair.si\\\/wp-content\\\/uploads\\\/2024\\\/09\\\/jahalna-celada-e-t-airy-carbon-jpg.avif\",\"width\":800,\"height\":800},{\"@type\":\"BreadcrumbList\",\"@id\":\"https:\\\/\\\/clair.si\\\/hr\\\/izdelek\\\/jahaca-kaciga-e-t-airy-ii\\\/#breadcrumb\",\"itemListElement\":[{\"@type\":\"ListItem\",\"position\":1,\"name\":\"Home\",\"item\":\"https:\\\/\\\/clair.si\\\/hr\\\/\"},{\"@type\":\"ListItem\",\"position\":2,\"name\":\"Trgovina\",\"item\":\"https:\\\/\\\/clair.si\\\/trgovina\\\/\"},{\"@type\":\"ListItem\",\"position\":3,\"name\":\"Jaha\u0107a kaciga E-T Airy II\"}]},{\"@type\":\"WebSite\",\"@id\":\"https:\\\/\\\/clair.si\\\/#website\",\"url\":\"https:\\\/\\\/clair.si\\\/\",\"name\":\"Clair\",\"description\":\"Trgovina s konjeni\u0161ko opremo\",\"publisher\":{\"@id\":\"https:\\\/\\\/clair.si\\\/#organization\"},\"potentialAction\":[{\"@type\":\"SearchAction\",\"target\":{\"@type\":\"EntryPoint\",\"urlTemplate\":\"https:\\\/\\\/clair.si\\\/?s={search_term_string}\"},\"query-input\":{\"@type\":\"PropertyValueSpecification\",\"valueRequired\":true,\"valueName\":\"search_term_string\"}}],\"inLanguage\":\"hr\"},{\"@type\":\"Organization\",\"@id\":\"https:\\\/\\\/clair.si\\\/#organization\",\"name\":\"Clair\",\"url\":\"https:\\\/\\\/clair.si\\\/\",\"logo\":{\"@type\":\"ImageObject\",\"inLanguage\":\"hr\",\"@id\":\"https:\\\/\\\/clair.si\\\/#\\\/schema\\\/logo\\\/image\\\/\",\"url\":\"https:\\\/\\\/clair.si\\\/wp-content\\\/uploads\\\/2022\\\/11\\\/clair_logo_2022.jpg\",\"contentUrl\":\"https:\\\/\\\/clair.si\\\/wp-content\\\/uploads\\\/2022\\\/11\\\/clair_logo_2022.jpg\",\"width\":1920,\"height\":1920,\"caption\":\"Clair\"},\"image\":{\"@id\":\"https:\\\/\\\/clair.si\\\/#\\\/schema\\\/logo\\\/image\\\/\"},\"sameAs\":[\"https:\\\/\\\/www.facebook.com\\\/TrgovinaClair\\\/\"]}]}<\/script>\n<!-- \/ Yoast SEO plugin. -->","yoast_head_json":{"title":"Jaha\u0107a kaciga E-T Airy II - Clair","description":"Jaha\u0107a kaciga E-T Airy II s vanjskim ABS slojem, vrlo otporna na udarce, \u010dak i pri ekstremnim temperaturama.Vrlo lagana jaha\u0107a kaciga od EPS-a","robots":{"index":"index","follow":"follow","max-snippet":"max-snippet:-1","max-image-preview":"max-image-preview:large","max-video-preview":"max-video-preview:-1"},"canonical":"https:\/\/clair.si\/hr\/izdelek\/jahaca-kaciga-e-t-airy-ii\/","og_locale":"hr_HR","og_type":"article","og_title":"Jaha\u0107a kaciga E-T Airy II - Clair","og_description":"Jaha\u0107a kaciga E-T Airy II s vanjskim ABS slojem, vrlo otporna na udarce, \u010dak i pri ekstremnim temperaturama.Vrlo lagana jaha\u0107a kaciga od EPS-a","og_url":"https:\/\/clair.si\/hr\/izdelek\/jahaca-kaciga-e-t-airy-ii\/","og_site_name":"Clair","article_publisher":"https:\/\/www.facebook.com\/TrgovinaClair\/","article_modified_time":"2025-08-27T15:52:11+00:00","og_image":[{"width":800,"height":800,"url":"https:\/\/clair.si\/wp-content\/uploads\/2024\/09\/jahalna-celada-e-t-airy-carbon-jpg.avif","type":"image\/jpeg"}],"twitter_card":"summary_large_image","twitter_misc":{"Procijenjeno vrijeme \u010ditanja":"1 minuta"},"schema":{"@context":"https:\/\/schema.org","@graph":[{"@type":"WebPage","@id":"https:\/\/clair.si\/hr\/izdelek\/jahaca-kaciga-e-t-airy-ii\/","url":"https:\/\/clair.si\/hr\/izdelek\/jahaca-kaciga-e-t-airy-ii\/","name":"Jaha\u0107a kaciga E-T Airy II - Clair","isPartOf":{"@id":"https:\/\/clair.si\/#website"},"primaryImageOfPage":{"@id":"https:\/\/clair.si\/hr\/izdelek\/jahaca-kaciga-e-t-airy-ii\/#primaryimage"},"image":{"@id":"https:\/\/clair.si\/hr\/izdelek\/jahaca-kaciga-e-t-airy-ii\/#primaryimage"},"thumbnailUrl":"https:\/\/clair.si\/wp-content\/uploads\/2024\/09\/jahalna-celada-e-t-airy-carbon-jpg.avif","datePublished":"2024-09-12T10:13:54+00:00","dateModified":"2025-08-27T15:52:11+00:00","description":"Jaha\u0107a kaciga E-T Airy II s vanjskim ABS slojem, vrlo otporna na udarce, \u010dak i pri ekstremnim temperaturama.Vrlo lagana jaha\u0107a kaciga od EPS-a","breadcrumb":{"@id":"https:\/\/clair.si\/hr\/izdelek\/jahaca-kaciga-e-t-airy-ii\/#breadcrumb"},"inLanguage":"hr","potentialAction":[{"@type":"ReadAction","target":["https:\/\/clair.si\/hr\/izdelek\/jahaca-kaciga-e-t-airy-ii\/"]}]},{"@type":"ImageObject","inLanguage":"hr","@id":"https:\/\/clair.si\/hr\/izdelek\/jahaca-kaciga-e-t-airy-ii\/#primaryimage","url":"https:\/\/clair.si\/wp-content\/uploads\/2024\/09\/jahalna-celada-e-t-airy-carbon-jpg.avif","contentUrl":"https:\/\/clair.si\/wp-content\/uploads\/2024\/09\/jahalna-celada-e-t-airy-carbon-jpg.avif","width":800,"height":800},{"@type":"BreadcrumbList","@id":"https:\/\/clair.si\/hr\/izdelek\/jahaca-kaciga-e-t-airy-ii\/#breadcrumb","itemListElement":[{"@type":"ListItem","position":1,"name":"Home","item":"https:\/\/clair.si\/hr\/"},{"@type":"ListItem","position":2,"name":"Trgovina","item":"https:\/\/clair.si\/trgovina\/"},{"@type":"ListItem","position":3,"name":"Jaha\u0107a kaciga E-T Airy II"}]},{"@type":"WebSite","@id":"https:\/\/clair.si\/#website","url":"https:\/\/clair.si\/","name":"Clair","description":"Trgovina s konjeni\u0161ko opremo","publisher":{"@id":"https:\/\/clair.si\/#organization"},"potentialAction":[{"@type":"SearchAction","target":{"@type":"EntryPoint","urlTemplate":"https:\/\/clair.si\/?s={search_term_string}"},"query-input":{"@type":"PropertyValueSpecification","valueRequired":true,"valueName":"search_term_string"}}],"inLanguage":"hr"},{"@type":"Organization","@id":"https:\/\/clair.si\/#organization","name":"Clair","url":"https:\/\/clair.si\/","logo":{"@type":"ImageObject","inLanguage":"hr","@id":"https:\/\/clair.si\/#\/schema\/logo\/image\/","url":"https:\/\/clair.si\/wp-content\/uploads\/2022\/11\/clair_logo_2022.jpg","contentUrl":"https:\/\/clair.si\/wp-content\/uploads\/2022\/11\/clair_logo_2022.jpg","width":1920,"height":1920,"caption":"Clair"},"image":{"@id":"https:\/\/clair.si\/#\/schema\/logo\/image\/"},"sameAs":["https:\/\/www.facebook.com\/TrgovinaClair\/"]}]}},"_links":{"self":[{"href":"https:\/\/clair.si\/hr\/wp-json\/wp\/v2\/product\/94757","targetHints":{"allow":["GET"]}}],"collection":[{"href":"https:\/\/clair.si\/hr\/wp-json\/wp\/v2\/product"}],"about":[{"href":"https:\/\/clair.si\/hr\/wp-json\/wp\/v2\/types\/product"}],"version-history":[{"count":0,"href":"https:\/\/clair.si\/hr\/wp-json\/wp\/v2\/product\/94757\/revisions"}],"wp:featuredmedia":[{"embeddable":true,"href":"https:\/\/clair.si\/hr\/wp-json\/wp\/v2\/media\/106646"}],"wp:attachment":[{"href":"https:\/\/clair.si\/hr\/wp-json\/wp\/v2\/media?parent=94757"}],"wp:term":[{"taxonomy":"product_brand","embeddable":true,"href":"https:\/\/clair.si\/hr\/wp-json\/wp\/v2\/product_brand?post=94757"},{"taxonomy":"product_cat","embeddable":true,"href":"https:\/\/clair.si\/hr\/wp-json\/wp\/v2\/product_cat?post=94757"},{"taxonomy":"product_tag","embeddable":true,"href":"https:\/\/clair.si\/hr\/wp-json\/wp\/v2\/product_tag?post=94757"}],"curies":[{"name":"wp","href":"https:\/\/api.w.org\/{rel}","templated":true}]}}