{"id":94760,"date":"2024-09-11T17:12:25","date_gmt":"2024-09-11T15:12:25","guid":{"rendered":"https:\/\/clair.si\/izdelek\/naf-immuforte\/"},"modified":"2025-08-27T15:33:33","modified_gmt":"2025-08-27T13:33:33","slug":"naf-immuforte","status":"publish","type":"product","link":"https:\/\/clair.si\/hr\/izdelek\/naf-immuforte\/","title":{"rendered":"NAF Immuforte"},"content":{"rendered":"<p><strong>NAF Immuforte<\/strong> je vrhunski dodatak prehrani, dizajniran za optimalnu podr\u0161ku imunolo\u0161kom sustavu konja u vrijeme pove\u0107anog stresa, bolesti ili oporavka. Formula sadr\u017ei mo\u0107nu kombinaciju prirodnih sastojaka, uklju\u010duju\u0107i antioksidanse, vitamine, minerale i biljne ekstrakte, koji poma\u017eu u odr\u017eavanju zdravlja i otpornosti konja, \u010dak i u najte\u017eim uvjetima. <\/p>\n<p><strong>Zna\u010dajke NAF Immuforte:<\/strong><\/p>\n<ul>\n<li><strong>Pobolj\u0161anje imunolo\u0161kog sustava<\/strong>: Ja\u010da prirodnu otpornost konja i omogu\u0107uje br\u017ei oporavak u razdobljima stresa, bolesti ili oporavka.<\/li>\n<li><strong>Bogata antioksidansima<\/strong>: Sadr\u017ei klju\u010dne antioksidanse, kao \u0161to su vitamin C i E, koji poma\u017eu u borbi protiv slobodnih radikala i \u0161tite stanice od o\u0161te\u0107enja.<\/li>\n<li><strong>Podr\u0161ka vitalnosti<\/strong>: Minerali, kao \u0161to su cink, bakar i selen, poti\u010du optimalno funkcioniranje imunolo\u0161kog sustava i odr\u017eavaju op\u0107e zdravlje.<\/li>\n<li><strong>Prirodno bilje<\/strong>: Oboga\u0107eno prirodnim biljnim ekstraktima koji podr\u017eavaju dobrobit i vitalnost konja.<\/li>\n<li><strong>Pogodno za sve konje<\/strong>: Idealno za konje kojima je potrebna dodatna podr\u0161ka imunolo\u0161kom sustavu zbog bolesti, ozljeda ili stresa.<\/li>\n<\/ul>\n<p>NAF Immuforte je posebno koristan za konje koji su izlo\u017eeni natjecanjima, putovanjima ili promjenama okoline, jer omogu\u0107uje bolje upravljanje stresom i sprje\u010dava pad imunolo\u0161kog sustava.<\/p>\n<p><strong>Kako djeluje<\/strong>: Redovita uporaba NAF Immuforte ja\u010da obrambeni mehanizam konja te smanjuje rizik od bolesti i infekcija, \u0161to omogu\u0107uje konju da ostane u vrhunskoj formi bez obzira na okolnosti.<\/p>\n<p>Sastav: glicerin, propilen glikol.<\/p>\n<p>Dodaci (po kg): l-lizin monohidroklorid (tehni\u010dki \u010dist, 3c322) 98.500 mg<\/p>\n<p>tinktura ehinaceje 166 ml, tinktura astragalusa 166 ml, tinktura bo\u017eura 100 ml, tinktura pjegavog badlja 8,69 ml, tinktura \u0161ipka 7,73 ml, tinktura kurkume 4,83 ml, tinktura \u0111umbira 3,86 ml, tinktura ginka 3,86 ml, tinktura omike 3,86 ml ml , tinktura sladi\u0107a 2,89 ml, aroma tre\u0161nje (mje\u0161avina aromati\u010dnih spojeva) 33,80 mg<\/p>\n<p>Analiti\u010dki sastav: Sirove bjelan\u010devine 10,2 %, Sirove masti &lt;0,4 %, Sirovi pepeo &lt;0,4 %, Sirova vlakna &lt;0,4 %, Natrij 0,01 %, Vlaga 86,7 %<\/p>\n<p><strong>Pakiranje<\/strong>: 1L<\/p>\n<p><strong>Uporaba<\/strong>: Dodatak se umije\u0161a s muslijem\/mashom. Za akutne situacije (natjecanja, transport, promjena okoline) preporu\u010damo 60 ml na dan. Za dnevno doziranje pak 30 ml na dan.  <\/p>\n<p>S NAF Immuforte osigurajte da va\u0161 konj uvijek bude na vrhuncu zdravlja i spreman za svaki izazov!<\/p>\n","protected":false},"excerpt":{"rendered":"<ul>\n<li>za podr\u0161ku imunolo\u0161kom sustavu<\/li>\n<li>mje\u0161avina mo\u0107nog bilja u kombinaciji s lizinom<\/li>\n<li>pogodno za konje pod stresom (natjecanja, putovanja, promjena okoline..), konje sa slabim imunolo\u0161kim sustavom i starije konje<\/li>\n<\/ul>\n","protected":false},"featured_media":94770,"template":"","meta":{"footnotes":""},"product_brand":[],"product_cat":[5710,5784,5712],"product_tag":[],"class_list":{"0":"post-94760","1":"product","2":"type-product","3":"status-publish","4":"has-post-thumbnail","6":"product_cat-hrana-za-konje-hr","7":"product_cat-naf-prehrambeni-dodaci","8":"product_cat-prehrambeni-dodaci","10":"first","11":"instock","12":"shipping-taxable","13":"purchasable","14":"product-type-simple"},"yoast_head":"<!-- This site is optimized with the Yoast SEO plugin v27.4 - https:\/\/yoast.com\/product\/yoast-seo-wordpress\/ -->\n<title>NAF Immuforte - Clair<\/title>\n<meta name=\"description\" content=\"za podr\u0161ku imunolo\u0161kom sustavu  mje\u0161avina mo\u0107nog bilja u kombinaciji s lizinom  pogodno za konje pod stresom (natjecanja, putovanja, promjena okoline..), konje sa slabim imunolo\u0161kim sustavom i starije konje\" \/>\n<meta name=\"robots\" content=\"index, follow, max-snippet:-1, max-image-preview:large, max-video-preview:-1\" \/>\n<link rel=\"canonical\" href=\"https:\/\/clair.si\/hr\/izdelek\/naf-immuforte\/\" \/>\n<meta property=\"og:locale\" content=\"hr_HR\" \/>\n<meta property=\"og:type\" content=\"article\" \/>\n<meta property=\"og:title\" content=\"NAF Immuforte - Clair\" \/>\n<meta property=\"og:description\" content=\"za podr\u0161ku imunolo\u0161kom sustavu  mje\u0161avina mo\u0107nog bilja u kombinaciji s lizinom  pogodno za konje pod stresom (natjecanja, putovanja, promjena okoline..), konje sa slabim imunolo\u0161kim sustavom i starije konje\" \/>\n<meta property=\"og:url\" content=\"https:\/\/clair.si\/hr\/izdelek\/naf-immuforte\/\" \/>\n<meta property=\"og:site_name\" content=\"Clair\" \/>\n<meta property=\"article:publisher\" content=\"https:\/\/www.facebook.com\/TrgovinaClair\/\" \/>\n<meta property=\"article:modified_time\" content=\"2025-08-27T13:33:33+00:00\" \/>\n<meta property=\"og:image\" content=\"https:\/\/clair.si\/wp-content\/uploads\/2024\/09\/NAF-IMMUFORT-CLAIR-jpg.avif\" \/>\n\t<meta property=\"og:image:width\" content=\"700\" \/>\n\t<meta property=\"og:image:height\" content=\"700\" \/>\n\t<meta property=\"og:image:type\" content=\"image\/jpeg\" \/>\n<meta name=\"twitter:card\" content=\"summary_large_image\" \/>\n<meta name=\"twitter:label1\" content=\"Procijenjeno vrijeme \u010ditanja\" \/>\n\t<meta name=\"twitter:data1\" content=\"2 minute\" \/>\n<script type=\"application\/ld+json\" class=\"yoast-schema-graph\">{\"@context\":\"https:\\\/\\\/schema.org\",\"@graph\":[{\"@type\":\"WebPage\",\"@id\":\"https:\\\/\\\/clair.si\\\/hr\\\/izdelek\\\/naf-immuforte\\\/\",\"url\":\"https:\\\/\\\/clair.si\\\/hr\\\/izdelek\\\/naf-immuforte\\\/\",\"name\":\"NAF Immuforte - Clair\",\"isPartOf\":{\"@id\":\"https:\\\/\\\/clair.si\\\/#website\"},\"primaryImageOfPage\":{\"@id\":\"https:\\\/\\\/clair.si\\\/hr\\\/izdelek\\\/naf-immuforte\\\/#primaryimage\"},\"image\":{\"@id\":\"https:\\\/\\\/clair.si\\\/hr\\\/izdelek\\\/naf-immuforte\\\/#primaryimage\"},\"thumbnailUrl\":\"https:\\\/\\\/clair.si\\\/wp-content\\\/uploads\\\/2024\\\/09\\\/NAF-IMMUFORT-CLAIR-jpg.avif\",\"datePublished\":\"2024-09-11T15:12:25+00:00\",\"dateModified\":\"2025-08-27T13:33:33+00:00\",\"description\":\"za podr\u0161ku imunolo\u0161kom sustavu mje\u0161avina mo\u0107nog bilja u kombinaciji s lizinom pogodno za konje pod stresom (natjecanja, putovanja, promjena okoline..), konje sa slabim imunolo\u0161kim sustavom i starije konje\",\"breadcrumb\":{\"@id\":\"https:\\\/\\\/clair.si\\\/hr\\\/izdelek\\\/naf-immuforte\\\/#breadcrumb\"},\"inLanguage\":\"hr\",\"potentialAction\":[{\"@type\":\"ReadAction\",\"target\":[\"https:\\\/\\\/clair.si\\\/hr\\\/izdelek\\\/naf-immuforte\\\/\"]}]},{\"@type\":\"ImageObject\",\"inLanguage\":\"hr\",\"@id\":\"https:\\\/\\\/clair.si\\\/hr\\\/izdelek\\\/naf-immuforte\\\/#primaryimage\",\"url\":\"https:\\\/\\\/clair.si\\\/wp-content\\\/uploads\\\/2024\\\/09\\\/NAF-IMMUFORT-CLAIR-jpg.avif\",\"contentUrl\":\"https:\\\/\\\/clair.si\\\/wp-content\\\/uploads\\\/2024\\\/09\\\/NAF-IMMUFORT-CLAIR-jpg.avif\",\"width\":700,\"height\":700},{\"@type\":\"BreadcrumbList\",\"@id\":\"https:\\\/\\\/clair.si\\\/hr\\\/izdelek\\\/naf-immuforte\\\/#breadcrumb\",\"itemListElement\":[{\"@type\":\"ListItem\",\"position\":1,\"name\":\"Home\",\"item\":\"https:\\\/\\\/clair.si\\\/hr\\\/\"},{\"@type\":\"ListItem\",\"position\":2,\"name\":\"Trgovina\",\"item\":\"https:\\\/\\\/clair.si\\\/trgovina\\\/\"},{\"@type\":\"ListItem\",\"position\":3,\"name\":\"NAF Immuforte\"}]},{\"@type\":\"WebSite\",\"@id\":\"https:\\\/\\\/clair.si\\\/#website\",\"url\":\"https:\\\/\\\/clair.si\\\/\",\"name\":\"Clair\",\"description\":\"Trgovina s konjeni\u0161ko opremo\",\"publisher\":{\"@id\":\"https:\\\/\\\/clair.si\\\/#organization\"},\"potentialAction\":[{\"@type\":\"SearchAction\",\"target\":{\"@type\":\"EntryPoint\",\"urlTemplate\":\"https:\\\/\\\/clair.si\\\/?s={search_term_string}\"},\"query-input\":{\"@type\":\"PropertyValueSpecification\",\"valueRequired\":true,\"valueName\":\"search_term_string\"}}],\"inLanguage\":\"hr\"},{\"@type\":\"Organization\",\"@id\":\"https:\\\/\\\/clair.si\\\/#organization\",\"name\":\"Clair\",\"url\":\"https:\\\/\\\/clair.si\\\/\",\"logo\":{\"@type\":\"ImageObject\",\"inLanguage\":\"hr\",\"@id\":\"https:\\\/\\\/clair.si\\\/#\\\/schema\\\/logo\\\/image\\\/\",\"url\":\"https:\\\/\\\/clair.si\\\/wp-content\\\/uploads\\\/2022\\\/11\\\/clair_logo_2022.jpg\",\"contentUrl\":\"https:\\\/\\\/clair.si\\\/wp-content\\\/uploads\\\/2022\\\/11\\\/clair_logo_2022.jpg\",\"width\":1920,\"height\":1920,\"caption\":\"Clair\"},\"image\":{\"@id\":\"https:\\\/\\\/clair.si\\\/#\\\/schema\\\/logo\\\/image\\\/\"},\"sameAs\":[\"https:\\\/\\\/www.facebook.com\\\/TrgovinaClair\\\/\"]}]}<\/script>\n<!-- \/ Yoast SEO plugin. -->","yoast_head_json":{"title":"NAF Immuforte - Clair","description":"za podr\u0161ku imunolo\u0161kom sustavu  mje\u0161avina mo\u0107nog bilja u kombinaciji s lizinom  pogodno za konje pod stresom (natjecanja, putovanja, promjena okoline..), konje sa slabim imunolo\u0161kim sustavom i starije konje","robots":{"index":"index","follow":"follow","max-snippet":"max-snippet:-1","max-image-preview":"max-image-preview:large","max-video-preview":"max-video-preview:-1"},"canonical":"https:\/\/clair.si\/hr\/izdelek\/naf-immuforte\/","og_locale":"hr_HR","og_type":"article","og_title":"NAF Immuforte - Clair","og_description":"za podr\u0161ku imunolo\u0161kom sustavu  mje\u0161avina mo\u0107nog bilja u kombinaciji s lizinom  pogodno za konje pod stresom (natjecanja, putovanja, promjena okoline..), konje sa slabim imunolo\u0161kim sustavom i starije konje","og_url":"https:\/\/clair.si\/hr\/izdelek\/naf-immuforte\/","og_site_name":"Clair","article_publisher":"https:\/\/www.facebook.com\/TrgovinaClair\/","article_modified_time":"2025-08-27T13:33:33+00:00","og_image":[{"width":700,"height":700,"url":"https:\/\/clair.si\/wp-content\/uploads\/2024\/09\/NAF-IMMUFORT-CLAIR-jpg.avif","type":"image\/jpeg"}],"twitter_card":"summary_large_image","twitter_misc":{"Procijenjeno vrijeme \u010ditanja":"2 minute"},"schema":{"@context":"https:\/\/schema.org","@graph":[{"@type":"WebPage","@id":"https:\/\/clair.si\/hr\/izdelek\/naf-immuforte\/","url":"https:\/\/clair.si\/hr\/izdelek\/naf-immuforte\/","name":"NAF Immuforte - Clair","isPartOf":{"@id":"https:\/\/clair.si\/#website"},"primaryImageOfPage":{"@id":"https:\/\/clair.si\/hr\/izdelek\/naf-immuforte\/#primaryimage"},"image":{"@id":"https:\/\/clair.si\/hr\/izdelek\/naf-immuforte\/#primaryimage"},"thumbnailUrl":"https:\/\/clair.si\/wp-content\/uploads\/2024\/09\/NAF-IMMUFORT-CLAIR-jpg.avif","datePublished":"2024-09-11T15:12:25+00:00","dateModified":"2025-08-27T13:33:33+00:00","description":"za podr\u0161ku imunolo\u0161kom sustavu mje\u0161avina mo\u0107nog bilja u kombinaciji s lizinom pogodno za konje pod stresom (natjecanja, putovanja, promjena okoline..), konje sa slabim imunolo\u0161kim sustavom i starije konje","breadcrumb":{"@id":"https:\/\/clair.si\/hr\/izdelek\/naf-immuforte\/#breadcrumb"},"inLanguage":"hr","potentialAction":[{"@type":"ReadAction","target":["https:\/\/clair.si\/hr\/izdelek\/naf-immuforte\/"]}]},{"@type":"ImageObject","inLanguage":"hr","@id":"https:\/\/clair.si\/hr\/izdelek\/naf-immuforte\/#primaryimage","url":"https:\/\/clair.si\/wp-content\/uploads\/2024\/09\/NAF-IMMUFORT-CLAIR-jpg.avif","contentUrl":"https:\/\/clair.si\/wp-content\/uploads\/2024\/09\/NAF-IMMUFORT-CLAIR-jpg.avif","width":700,"height":700},{"@type":"BreadcrumbList","@id":"https:\/\/clair.si\/hr\/izdelek\/naf-immuforte\/#breadcrumb","itemListElement":[{"@type":"ListItem","position":1,"name":"Home","item":"https:\/\/clair.si\/hr\/"},{"@type":"ListItem","position":2,"name":"Trgovina","item":"https:\/\/clair.si\/trgovina\/"},{"@type":"ListItem","position":3,"name":"NAF Immuforte"}]},{"@type":"WebSite","@id":"https:\/\/clair.si\/#website","url":"https:\/\/clair.si\/","name":"Clair","description":"Trgovina s konjeni\u0161ko opremo","publisher":{"@id":"https:\/\/clair.si\/#organization"},"potentialAction":[{"@type":"SearchAction","target":{"@type":"EntryPoint","urlTemplate":"https:\/\/clair.si\/?s={search_term_string}"},"query-input":{"@type":"PropertyValueSpecification","valueRequired":true,"valueName":"search_term_string"}}],"inLanguage":"hr"},{"@type":"Organization","@id":"https:\/\/clair.si\/#organization","name":"Clair","url":"https:\/\/clair.si\/","logo":{"@type":"ImageObject","inLanguage":"hr","@id":"https:\/\/clair.si\/#\/schema\/logo\/image\/","url":"https:\/\/clair.si\/wp-content\/uploads\/2022\/11\/clair_logo_2022.jpg","contentUrl":"https:\/\/clair.si\/wp-content\/uploads\/2022\/11\/clair_logo_2022.jpg","width":1920,"height":1920,"caption":"Clair"},"image":{"@id":"https:\/\/clair.si\/#\/schema\/logo\/image\/"},"sameAs":["https:\/\/www.facebook.com\/TrgovinaClair\/"]}]}},"_links":{"self":[{"href":"https:\/\/clair.si\/hr\/wp-json\/wp\/v2\/product\/94760","targetHints":{"allow":["GET"]}}],"collection":[{"href":"https:\/\/clair.si\/hr\/wp-json\/wp\/v2\/product"}],"about":[{"href":"https:\/\/clair.si\/hr\/wp-json\/wp\/v2\/types\/product"}],"version-history":[{"count":0,"href":"https:\/\/clair.si\/hr\/wp-json\/wp\/v2\/product\/94760\/revisions"}],"wp:featuredmedia":[{"embeddable":true,"href":"https:\/\/clair.si\/hr\/wp-json\/wp\/v2\/media\/94770"}],"wp:attachment":[{"href":"https:\/\/clair.si\/hr\/wp-json\/wp\/v2\/media?parent=94760"}],"wp:term":[{"taxonomy":"product_brand","embeddable":true,"href":"https:\/\/clair.si\/hr\/wp-json\/wp\/v2\/product_brand?post=94760"},{"taxonomy":"product_cat","embeddable":true,"href":"https:\/\/clair.si\/hr\/wp-json\/wp\/v2\/product_cat?post=94760"},{"taxonomy":"product_tag","embeddable":true,"href":"https:\/\/clair.si\/hr\/wp-json\/wp\/v2\/product_tag?post=94760"}],"curies":[{"name":"wp","href":"https:\/\/api.w.org\/{rel}","templated":true}]}}