{"id":94775,"date":"2024-09-12T11:13:06","date_gmt":"2024-09-12T09:13:06","guid":{"rendered":"https:\/\/clair.si\/izdelek\/naf-warming-wash\/"},"modified":"2025-08-27T20:48:14","modified_gmt":"2025-08-27T18:48:14","slug":"naf-warming-wash","status":"publish","type":"product","link":"https:\/\/clair.si\/hr\/izdelek\/naf-warming-wash\/","title":{"rendered":"NAF Warming Wash"},"content":{"rendered":"<p><strong>NAF Warming Wash<\/strong> je osmi\u0161ljen za hladnije dane jer nudi \u010di\u0161\u0107enje bez ispiranja! Prirodni losion oboga\u0107en je <strong>\u0111umbirom<\/strong> i <strong>kaduljom<\/strong>. Idealan je za \u010di\u0161\u0107enje nakon treninga u hladnim zimskim danima. Nje\u017eno uklanja znoj i prljav\u0161tinu te istovremeno zagrijava konja, \u0161to osigurava udobnost nakon aktivnosti.  <\/p>\n<p><strong>NAF Warming Wash<\/strong> ne sadr\u017ei sapun, deterd\u017eente ili ugu\u0161\u0107iva\u010de, stoga je potpuno siguran za svakodnevnu upotrebu. Samo nekoliko \u010depova u kantu tople vode je sve \u0161to trebate da s lako\u0107om o\u010distite svog konja, bez potrebe za ispiranjem. Znoj i prljav\u0161tina se bez problema uklanjaju, dok opu\u0161taju\u0107a aroma \u0111umbira i kadulje umiruje i osvje\u017eava.  <\/p>\n<h4><strong>Prednosti NAF Warming Washa:<\/strong><\/h4>\n<ul>\n<li>Prirodna, nje\u017ena formula bez agresivnih kemikalija.<\/li>\n<li>Jednostavna uporaba \u2013 bez ispiranja!<\/li>\n<li>U\u010dinak zagrijavanja zahvaljuju\u0107i \u0111umbiru i kadulji.<\/li>\n<li>Brzo uklanjanje znoja i prljav\u0161tine.<\/li>\n<li>Ugodan i opu\u0161taju\u0107i miris.<\/li>\n<\/ul>\n<p>S <strong>NAF Warming Wash<\/strong>om va\u0161 \u0107e konj biti \u010dist, opu\u0161ten i ugodnog mirisa nakon svakog treninga. Pripremite se za brzu i u\u010dinkovitu njegu bez stresa koja \u0107e odu\u0161eviti vas i va\u0161eg konja.  <strong>Savr\u0161en izbor za hladne zimske dane!<\/strong><\/p>\n<p><strong>Koli\u010dina<\/strong>: 500 ml<\/p>\n<p><strong>Uporaba<\/strong>: Dodajte nekoliko \u010depova Warming Washa u 5 litara tople vode i operite konja spu\u017evom ili \u010detkom. Uklonite vi\u0161ak teku\u0107ine sa struga\u010dem za znoj i pustite da se osu\u0161i. Budu\u0107i da je formula napravljena tako da se ne pjeni &#8211; ne treba ispirati.  <\/p>\n<p><strong>Sastojci<\/strong>: Linalool, Limonene, geraniol<\/p>\n","protected":false},"excerpt":{"rendered":"<ul>\n<li>prikladno za hladnije dane<\/li>\n<li>budu\u0107i da se ne pjeni, ne treba ga ispirati<\/li>\n<li>s kaduljom i \u0111umbirom<\/li>\n<\/ul>\n","protected":false},"featured_media":94785,"template":"","meta":{"footnotes":""},"product_brand":[],"product_cat":[5624,5677,5675,5625,5714,5627,5680],"product_tag":[],"class_list":{"0":"post-94775","1":"product","2":"type-product","3":"status-publish","4":"has-post-thumbnail","6":"product_cat-konj-hr","7":"product_cat-kozmetika-za-konje-hr-2","8":"product_cat-kozmetika-za-konje-hr","9":"product_cat-njega-konja","10":"product_cat-samponi-i-sapuni","11":"product_cat-stala-i-pasnjak","12":"product_cat-zdravlje-i-dobrobit","14":"first","15":"instock","16":"shipping-taxable","17":"purchasable","18":"product-type-simple"},"yoast_head":"<!-- This site is optimized with the Yoast SEO plugin v27.4 - https:\/\/yoast.com\/product\/yoast-seo-wordpress\/ -->\n<title>NAF Warming Wash - Clair<\/title>\n<meta name=\"description\" content=\"prikladno za hladnije dane  budu\u0107i da se ne pjeni, ne treba ga ispirati  s kaduljom i \u0111umbirom\" \/>\n<meta name=\"robots\" content=\"index, follow, max-snippet:-1, max-image-preview:large, max-video-preview:-1\" \/>\n<link rel=\"canonical\" href=\"https:\/\/clair.si\/hr\/izdelek\/naf-warming-wash\/\" \/>\n<meta property=\"og:locale\" content=\"hr_HR\" \/>\n<meta property=\"og:type\" content=\"article\" \/>\n<meta property=\"og:title\" content=\"NAF Warming Wash - Clair\" \/>\n<meta property=\"og:description\" content=\"prikladno za hladnije dane  budu\u0107i da se ne pjeni, ne treba ga ispirati  s kaduljom i \u0111umbirom\" \/>\n<meta property=\"og:url\" content=\"https:\/\/clair.si\/hr\/izdelek\/naf-warming-wash\/\" \/>\n<meta property=\"og:site_name\" content=\"Clair\" \/>\n<meta property=\"article:publisher\" content=\"https:\/\/www.facebook.com\/TrgovinaClair\/\" \/>\n<meta property=\"article:modified_time\" content=\"2025-08-27T18:48:14+00:00\" \/>\n<meta property=\"og:image\" content=\"https:\/\/clair.si\/wp-content\/uploads\/2024\/09\/721_131_050-jpg.avif\" \/>\n\t<meta property=\"og:image:width\" content=\"1024\" \/>\n\t<meta property=\"og:image:height\" content=\"1024\" \/>\n\t<meta property=\"og:image:type\" content=\"image\/jpeg\" \/>\n<meta name=\"twitter:card\" content=\"summary_large_image\" \/>\n<meta name=\"twitter:label1\" content=\"Procijenjeno vrijeme \u010ditanja\" \/>\n\t<meta name=\"twitter:data1\" content=\"1 minuta\" \/>\n<script type=\"application\/ld+json\" class=\"yoast-schema-graph\">{\"@context\":\"https:\\\/\\\/schema.org\",\"@graph\":[{\"@type\":\"WebPage\",\"@id\":\"https:\\\/\\\/clair.si\\\/hr\\\/izdelek\\\/naf-warming-wash\\\/\",\"url\":\"https:\\\/\\\/clair.si\\\/hr\\\/izdelek\\\/naf-warming-wash\\\/\",\"name\":\"NAF Warming Wash - Clair\",\"isPartOf\":{\"@id\":\"https:\\\/\\\/clair.si\\\/#website\"},\"primaryImageOfPage\":{\"@id\":\"https:\\\/\\\/clair.si\\\/hr\\\/izdelek\\\/naf-warming-wash\\\/#primaryimage\"},\"image\":{\"@id\":\"https:\\\/\\\/clair.si\\\/hr\\\/izdelek\\\/naf-warming-wash\\\/#primaryimage\"},\"thumbnailUrl\":\"https:\\\/\\\/clair.si\\\/wp-content\\\/uploads\\\/2024\\\/09\\\/721_131_050-jpg.avif\",\"datePublished\":\"2024-09-12T09:13:06+00:00\",\"dateModified\":\"2025-08-27T18:48:14+00:00\",\"description\":\"prikladno za hladnije dane budu\u0107i da se ne pjeni, ne treba ga ispirati s kaduljom i \u0111umbirom\",\"breadcrumb\":{\"@id\":\"https:\\\/\\\/clair.si\\\/hr\\\/izdelek\\\/naf-warming-wash\\\/#breadcrumb\"},\"inLanguage\":\"hr\",\"potentialAction\":[{\"@type\":\"ReadAction\",\"target\":[\"https:\\\/\\\/clair.si\\\/hr\\\/izdelek\\\/naf-warming-wash\\\/\"]}]},{\"@type\":\"ImageObject\",\"inLanguage\":\"hr\",\"@id\":\"https:\\\/\\\/clair.si\\\/hr\\\/izdelek\\\/naf-warming-wash\\\/#primaryimage\",\"url\":\"https:\\\/\\\/clair.si\\\/wp-content\\\/uploads\\\/2024\\\/09\\\/721_131_050-jpg.avif\",\"contentUrl\":\"https:\\\/\\\/clair.si\\\/wp-content\\\/uploads\\\/2024\\\/09\\\/721_131_050-jpg.avif\",\"width\":1024,\"height\":1024,\"caption\":\"SONY DSC\"},{\"@type\":\"BreadcrumbList\",\"@id\":\"https:\\\/\\\/clair.si\\\/hr\\\/izdelek\\\/naf-warming-wash\\\/#breadcrumb\",\"itemListElement\":[{\"@type\":\"ListItem\",\"position\":1,\"name\":\"Home\",\"item\":\"https:\\\/\\\/clair.si\\\/hr\\\/\"},{\"@type\":\"ListItem\",\"position\":2,\"name\":\"Trgovina\",\"item\":\"https:\\\/\\\/clair.si\\\/trgovina\\\/\"},{\"@type\":\"ListItem\",\"position\":3,\"name\":\"NAF Warming Wash\"}]},{\"@type\":\"WebSite\",\"@id\":\"https:\\\/\\\/clair.si\\\/#website\",\"url\":\"https:\\\/\\\/clair.si\\\/\",\"name\":\"Clair\",\"description\":\"Trgovina s konjeni\u0161ko opremo\",\"publisher\":{\"@id\":\"https:\\\/\\\/clair.si\\\/#organization\"},\"potentialAction\":[{\"@type\":\"SearchAction\",\"target\":{\"@type\":\"EntryPoint\",\"urlTemplate\":\"https:\\\/\\\/clair.si\\\/?s={search_term_string}\"},\"query-input\":{\"@type\":\"PropertyValueSpecification\",\"valueRequired\":true,\"valueName\":\"search_term_string\"}}],\"inLanguage\":\"hr\"},{\"@type\":\"Organization\",\"@id\":\"https:\\\/\\\/clair.si\\\/#organization\",\"name\":\"Clair\",\"url\":\"https:\\\/\\\/clair.si\\\/\",\"logo\":{\"@type\":\"ImageObject\",\"inLanguage\":\"hr\",\"@id\":\"https:\\\/\\\/clair.si\\\/#\\\/schema\\\/logo\\\/image\\\/\",\"url\":\"https:\\\/\\\/clair.si\\\/wp-content\\\/uploads\\\/2022\\\/11\\\/clair_logo_2022.jpg\",\"contentUrl\":\"https:\\\/\\\/clair.si\\\/wp-content\\\/uploads\\\/2022\\\/11\\\/clair_logo_2022.jpg\",\"width\":1920,\"height\":1920,\"caption\":\"Clair\"},\"image\":{\"@id\":\"https:\\\/\\\/clair.si\\\/#\\\/schema\\\/logo\\\/image\\\/\"},\"sameAs\":[\"https:\\\/\\\/www.facebook.com\\\/TrgovinaClair\\\/\"]}]}<\/script>\n<!-- \/ Yoast SEO plugin. -->","yoast_head_json":{"title":"NAF Warming Wash - Clair","description":"prikladno za hladnije dane  budu\u0107i da se ne pjeni, ne treba ga ispirati  s kaduljom i \u0111umbirom","robots":{"index":"index","follow":"follow","max-snippet":"max-snippet:-1","max-image-preview":"max-image-preview:large","max-video-preview":"max-video-preview:-1"},"canonical":"https:\/\/clair.si\/hr\/izdelek\/naf-warming-wash\/","og_locale":"hr_HR","og_type":"article","og_title":"NAF Warming Wash - Clair","og_description":"prikladno za hladnije dane  budu\u0107i da se ne pjeni, ne treba ga ispirati  s kaduljom i \u0111umbirom","og_url":"https:\/\/clair.si\/hr\/izdelek\/naf-warming-wash\/","og_site_name":"Clair","article_publisher":"https:\/\/www.facebook.com\/TrgovinaClair\/","article_modified_time":"2025-08-27T18:48:14+00:00","og_image":[{"width":1024,"height":1024,"url":"https:\/\/clair.si\/wp-content\/uploads\/2024\/09\/721_131_050-jpg.avif","type":"image\/jpeg"}],"twitter_card":"summary_large_image","twitter_misc":{"Procijenjeno vrijeme \u010ditanja":"1 minuta"},"schema":{"@context":"https:\/\/schema.org","@graph":[{"@type":"WebPage","@id":"https:\/\/clair.si\/hr\/izdelek\/naf-warming-wash\/","url":"https:\/\/clair.si\/hr\/izdelek\/naf-warming-wash\/","name":"NAF Warming Wash - Clair","isPartOf":{"@id":"https:\/\/clair.si\/#website"},"primaryImageOfPage":{"@id":"https:\/\/clair.si\/hr\/izdelek\/naf-warming-wash\/#primaryimage"},"image":{"@id":"https:\/\/clair.si\/hr\/izdelek\/naf-warming-wash\/#primaryimage"},"thumbnailUrl":"https:\/\/clair.si\/wp-content\/uploads\/2024\/09\/721_131_050-jpg.avif","datePublished":"2024-09-12T09:13:06+00:00","dateModified":"2025-08-27T18:48:14+00:00","description":"prikladno za hladnije dane budu\u0107i da se ne pjeni, ne treba ga ispirati s kaduljom i \u0111umbirom","breadcrumb":{"@id":"https:\/\/clair.si\/hr\/izdelek\/naf-warming-wash\/#breadcrumb"},"inLanguage":"hr","potentialAction":[{"@type":"ReadAction","target":["https:\/\/clair.si\/hr\/izdelek\/naf-warming-wash\/"]}]},{"@type":"ImageObject","inLanguage":"hr","@id":"https:\/\/clair.si\/hr\/izdelek\/naf-warming-wash\/#primaryimage","url":"https:\/\/clair.si\/wp-content\/uploads\/2024\/09\/721_131_050-jpg.avif","contentUrl":"https:\/\/clair.si\/wp-content\/uploads\/2024\/09\/721_131_050-jpg.avif","width":1024,"height":1024,"caption":"SONY DSC"},{"@type":"BreadcrumbList","@id":"https:\/\/clair.si\/hr\/izdelek\/naf-warming-wash\/#breadcrumb","itemListElement":[{"@type":"ListItem","position":1,"name":"Home","item":"https:\/\/clair.si\/hr\/"},{"@type":"ListItem","position":2,"name":"Trgovina","item":"https:\/\/clair.si\/trgovina\/"},{"@type":"ListItem","position":3,"name":"NAF Warming Wash"}]},{"@type":"WebSite","@id":"https:\/\/clair.si\/#website","url":"https:\/\/clair.si\/","name":"Clair","description":"Trgovina s konjeni\u0161ko opremo","publisher":{"@id":"https:\/\/clair.si\/#organization"},"potentialAction":[{"@type":"SearchAction","target":{"@type":"EntryPoint","urlTemplate":"https:\/\/clair.si\/?s={search_term_string}"},"query-input":{"@type":"PropertyValueSpecification","valueRequired":true,"valueName":"search_term_string"}}],"inLanguage":"hr"},{"@type":"Organization","@id":"https:\/\/clair.si\/#organization","name":"Clair","url":"https:\/\/clair.si\/","logo":{"@type":"ImageObject","inLanguage":"hr","@id":"https:\/\/clair.si\/#\/schema\/logo\/image\/","url":"https:\/\/clair.si\/wp-content\/uploads\/2022\/11\/clair_logo_2022.jpg","contentUrl":"https:\/\/clair.si\/wp-content\/uploads\/2022\/11\/clair_logo_2022.jpg","width":1920,"height":1920,"caption":"Clair"},"image":{"@id":"https:\/\/clair.si\/#\/schema\/logo\/image\/"},"sameAs":["https:\/\/www.facebook.com\/TrgovinaClair\/"]}]}},"_links":{"self":[{"href":"https:\/\/clair.si\/hr\/wp-json\/wp\/v2\/product\/94775","targetHints":{"allow":["GET"]}}],"collection":[{"href":"https:\/\/clair.si\/hr\/wp-json\/wp\/v2\/product"}],"about":[{"href":"https:\/\/clair.si\/hr\/wp-json\/wp\/v2\/types\/product"}],"version-history":[{"count":0,"href":"https:\/\/clair.si\/hr\/wp-json\/wp\/v2\/product\/94775\/revisions"}],"wp:featuredmedia":[{"embeddable":true,"href":"https:\/\/clair.si\/hr\/wp-json\/wp\/v2\/media\/94785"}],"wp:attachment":[{"href":"https:\/\/clair.si\/hr\/wp-json\/wp\/v2\/media?parent=94775"}],"wp:term":[{"taxonomy":"product_brand","embeddable":true,"href":"https:\/\/clair.si\/hr\/wp-json\/wp\/v2\/product_brand?post=94775"},{"taxonomy":"product_cat","embeddable":true,"href":"https:\/\/clair.si\/hr\/wp-json\/wp\/v2\/product_cat?post=94775"},{"taxonomy":"product_tag","embeddable":true,"href":"https:\/\/clair.si\/hr\/wp-json\/wp\/v2\/product_tag?post=94775"}],"curies":[{"name":"wp","href":"https:\/\/api.w.org\/{rel}","templated":true}]}}