{"id":94838,"date":"2024-09-11T13:09:02","date_gmt":"2024-09-11T11:09:02","guid":{"rendered":"https:\/\/clair.si\/izdelek\/absorbine-showsheen-sredstvo-za-uklanjanje-mrlja-i-izbjeljivac\/"},"modified":"2025-11-13T17:55:00","modified_gmt":"2025-11-13T16:55:00","slug":"absorbine-showsheen-sredstvo-za-uklanjanje-mrlja-i-izbjeljivac","status":"publish","type":"product","link":"https:\/\/clair.si\/hr\/izdelek\/absorbine-showsheen-sredstvo-za-uklanjanje-mrlja-i-izbjeljivac\/","title":{"rendered":"Absorbine Showsheen odstranjiva\u010d mrlja i izbjeljiva\u010d"},"content":{"rendered":"<div class=\"flex-shrink-0 flex flex-col relative items-end\">\n<div>\n<div class=\"pt-0\">\n<div class=\"gizmo-bot-avatar flex h-8 w-8 items-center justify-center overflow-hidden rounded-full\"><\/div>\n<\/div>\n<\/div>\n<\/div>\n<div class=\"group\/conversation-turn relative flex w-full min-w-0 flex-col agent-turn\">\n<div class=\"flex-col gap-1 md:gap-3\">\n<div class=\"flex max-w-full flex-col flex-grow\">\n<div class=\"min-h-[20px] text-message flex w-full flex-col items-end gap-2 whitespace-normal break-words [.text-message+&amp;]:mt-5\" dir=\"auto\" data-message-author-role=\"assistant\" data-message-id=\"1bc16b15-1514-4baf-8f4c-23591dff1533\">\n<div class=\"flex w-full flex-col gap-1 empty:hidden first:pt-[3px]\">\n<div class=\"markdown prose w-full break-words dark:prose-invert light\">\n<p><strong>Absorbine ShowSheen Stain Remover &amp; Whitener<\/strong> je osmi\u0161ljen posebno za u\u010dinkovito uklanjanje mrlja &#8211; prvenstveno za konje s bijelom dlakom. Sna\u017ena formula brzo uklanja tvrdokorne mrlje od trave, urina, gnoja i drugih ne\u010disto\u0107a, a istovremeno osigurava svijetlu i \u010distu dlaku bez \u0161tetnih kemikalija. <\/p>\n<p>Formula Absorbine Stain Remover je posebno osmi\u0161ljena i pH uravnote\u017eena formula za konje, oboga\u0107ena s <strong>pantenolom<\/strong>, ekstraktima <strong>zelenog \u010daja<\/strong> i <strong>vo\u0107a<\/strong>, koji njeguju folikule dlake te poti\u010du zdrav rast dlake.<\/p>\n<p>Sadr\u017ei i tehnologiju <strong>Oxi-Eraser\u00ae <\/strong>za dubinsko \u010di\u0161\u0107enje, koja &#8220;podi\u017ee&#8221; mrlje.<\/p>\n<p><strong>Zna\u010dajke Absorbine Stain Removera:<\/strong><\/p>\n<ul>\n<li><strong>Trenutno uklanjanje mrlja<\/strong>: Bez trljanja uklanja najtvrdokornije mrlje.<\/li>\n<li><strong>Formula za izbjeljivanje<\/strong>: Osigurava sjajnu, snje\u017eno bijelu dlaku.<\/li>\n<li><strong>Nje\u017eno za ko\u017eu<\/strong>: Sadr\u017ei prirodne sastojke, pogodne i za osjetljivu ko\u017eu.<\/li>\n<li><strong>Jednostavna uporaba<\/strong>: Sprej omogu\u0107uje ravnomjerno nano\u0161enje i brzo djelovanje.<\/li>\n<li><strong>Brzi rezultati<\/strong>: Vidljiv u\u010dinak ve\u0107 nakon prvog nano\u0161enja.<\/li>\n<\/ul>\n<p>Proizvod je idealan za pripremu konja za natjecanja ili dnevnu njegu, gdje je va\u017ean uredan i besprijekoran izgled. Pouzdajte se u Absorbine ShowSheen Stain Remover &amp; Whitener za profesionalne rezultate i zdrav izgled va\u0161eg konja. <\/p>\n<p><strong>Koli\u010dina<\/strong>: 591 ml<\/p>\n<p><strong>Uporaba<\/strong>: Prije nano\u0161enja i\u0161\u010detkajte povr\u0161inu mrlje. Nanesite, zatim pustite da djeluje nekoliko minuta i obri\u0161ite krpom ili isperite. <\/p>\n<p><strong>Sastav<\/strong>: voda, vodikov peroksid, natrijev C14-C16 olefinski sulfonat, urea, kokamidopropil betain, kokamid MEA, pantenol, hidroksietilceluloza, delta lakton iz livadne pjene, natrijev stanat, polisorbat 20, DMDM hidantoin, denaturirani alkohol, miris, karbomer, heksapeptid-11, betain, heksilenglikol, ekstrakt lista zelenog \u010daja (Camellia sinensis), ekstrakt jabuke (Pyrus malus), ekstrakt limuna (Citrus medica limonum), ekstrakt \u0161e\u0107erne trske (Saccharum officinarum), limunska kiselina<\/p>\n<\/div>\n<\/div>\n<\/div>\n<\/div>\n<\/div>\n<\/div>\n","protected":false},"excerpt":{"rendered":"<ul>\n<li>za u\u010dinkovito uklanjanje mrlja &#8211; prvenstveno za konje s bijelom dlakom<\/li>\n<li>bez izbjeljiva\u010da ili \u0161tetnih kemikalija<\/li>\n<li>591 ml<\/li>\n<\/ul>\n","protected":false},"featured_media":94841,"template":"","meta":{"footnotes":""},"product_brand":[],"product_cat":[5624,5677,5675,5625,5627,5852],"product_tag":[],"class_list":{"0":"post-94838","1":"product","2":"type-product","3":"status-publish","4":"has-post-thumbnail","6":"product_cat-konj-hr","7":"product_cat-kozmetika-za-konje-hr-2","8":"product_cat-kozmetika-za-konje-hr","9":"product_cat-njega-konja","10":"product_cat-stala-i-pasnjak","11":"product_cat-uklanjanje-mrlja","13":"first","14":"outofstock","15":"shipping-taxable","16":"purchasable","17":"product-type-simple"},"yoast_head":"<!-- This site is optimized with the Yoast SEO plugin v27.3 - https:\/\/yoast.com\/product\/yoast-seo-wordpress\/ -->\n<title>Absorbine Showsheen odstranjiva\u010d mrlja i izbjeljiva\u010d - Clair<\/title>\n<meta name=\"description\" content=\"za u\u010dinkovito uklanjanje mrlja - prvenstveno za konje s bijelom dlakom  bez izbjeljiva\u010da ili \u0161tetnih kemikalija  591 ml\" \/>\n<meta name=\"robots\" content=\"index, follow, max-snippet:-1, max-image-preview:large, max-video-preview:-1\" \/>\n<link rel=\"canonical\" href=\"https:\/\/clair.si\/hr\/izdelek\/absorbine-showsheen-sredstvo-za-uklanjanje-mrlja-i-izbjeljivac\/\" \/>\n<meta property=\"og:locale\" content=\"hr_HR\" \/>\n<meta property=\"og:type\" content=\"article\" \/>\n<meta property=\"og:title\" content=\"Absorbine Showsheen odstranjiva\u010d mrlja i izbjeljiva\u010d - Clair\" \/>\n<meta property=\"og:description\" content=\"za u\u010dinkovito uklanjanje mrlja - prvenstveno za konje s bijelom dlakom  bez izbjeljiva\u010da ili \u0161tetnih kemikalija  591 ml\" \/>\n<meta property=\"og:url\" content=\"https:\/\/clair.si\/hr\/izdelek\/absorbine-showsheen-sredstvo-za-uklanjanje-mrlja-i-izbjeljivac\/\" \/>\n<meta property=\"og:site_name\" content=\"Clair\" \/>\n<meta property=\"article:publisher\" content=\"https:\/\/www.facebook.com\/TrgovinaClair\/\" \/>\n<meta property=\"article:modified_time\" content=\"2025-11-13T16:55:00+00:00\" \/>\n<meta property=\"og:image\" content=\"https:\/\/clair.si\/wp-content\/uploads\/2024\/09\/Absorbine-stain-remover-lepsa.webp\" \/>\n\t<meta property=\"og:image:width\" content=\"1500\" \/>\n\t<meta property=\"og:image:height\" content=\"1500\" \/>\n\t<meta property=\"og:image:type\" content=\"image\/webp\" \/>\n<meta name=\"twitter:card\" content=\"summary_large_image\" \/>\n<meta name=\"twitter:label1\" content=\"Procijenjeno vrijeme \u010ditanja\" \/>\n\t<meta name=\"twitter:data1\" content=\"1 minuta\" \/>\n<script type=\"application\/ld+json\" class=\"yoast-schema-graph\">{\"@context\":\"https:\\\/\\\/schema.org\",\"@graph\":[{\"@type\":\"WebPage\",\"@id\":\"https:\\\/\\\/clair.si\\\/hr\\\/izdelek\\\/absorbine-showsheen-sredstvo-za-uklanjanje-mrlja-i-izbjeljivac\\\/\",\"url\":\"https:\\\/\\\/clair.si\\\/hr\\\/izdelek\\\/absorbine-showsheen-sredstvo-za-uklanjanje-mrlja-i-izbjeljivac\\\/\",\"name\":\"Absorbine Showsheen odstranjiva\u010d mrlja i izbjeljiva\u010d - Clair\",\"isPartOf\":{\"@id\":\"https:\\\/\\\/clair.si\\\/#website\"},\"primaryImageOfPage\":{\"@id\":\"https:\\\/\\\/clair.si\\\/hr\\\/izdelek\\\/absorbine-showsheen-sredstvo-za-uklanjanje-mrlja-i-izbjeljivac\\\/#primaryimage\"},\"image\":{\"@id\":\"https:\\\/\\\/clair.si\\\/hr\\\/izdelek\\\/absorbine-showsheen-sredstvo-za-uklanjanje-mrlja-i-izbjeljivac\\\/#primaryimage\"},\"thumbnailUrl\":\"https:\\\/\\\/clair.si\\\/wp-content\\\/uploads\\\/2024\\\/09\\\/Absorbine-stain-remover-lepsa.webp\",\"datePublished\":\"2024-09-11T11:09:02+00:00\",\"dateModified\":\"2025-11-13T16:55:00+00:00\",\"description\":\"za u\u010dinkovito uklanjanje mrlja - prvenstveno za konje s bijelom dlakom bez izbjeljiva\u010da ili \u0161tetnih kemikalija 591 ml\",\"breadcrumb\":{\"@id\":\"https:\\\/\\\/clair.si\\\/hr\\\/izdelek\\\/absorbine-showsheen-sredstvo-za-uklanjanje-mrlja-i-izbjeljivac\\\/#breadcrumb\"},\"inLanguage\":\"hr\",\"potentialAction\":[{\"@type\":\"ReadAction\",\"target\":[\"https:\\\/\\\/clair.si\\\/hr\\\/izdelek\\\/absorbine-showsheen-sredstvo-za-uklanjanje-mrlja-i-izbjeljivac\\\/\"]}]},{\"@type\":\"ImageObject\",\"inLanguage\":\"hr\",\"@id\":\"https:\\\/\\\/clair.si\\\/hr\\\/izdelek\\\/absorbine-showsheen-sredstvo-za-uklanjanje-mrlja-i-izbjeljivac\\\/#primaryimage\",\"url\":\"https:\\\/\\\/clair.si\\\/wp-content\\\/uploads\\\/2024\\\/09\\\/Absorbine-stain-remover-lepsa.webp\",\"contentUrl\":\"https:\\\/\\\/clair.si\\\/wp-content\\\/uploads\\\/2024\\\/09\\\/Absorbine-stain-remover-lepsa.webp\",\"width\":1500,\"height\":1500},{\"@type\":\"BreadcrumbList\",\"@id\":\"https:\\\/\\\/clair.si\\\/hr\\\/izdelek\\\/absorbine-showsheen-sredstvo-za-uklanjanje-mrlja-i-izbjeljivac\\\/#breadcrumb\",\"itemListElement\":[{\"@type\":\"ListItem\",\"position\":1,\"name\":\"Home\",\"item\":\"https:\\\/\\\/clair.si\\\/hr\\\/\"},{\"@type\":\"ListItem\",\"position\":2,\"name\":\"Trgovina\",\"item\":\"https:\\\/\\\/clair.si\\\/trgovina\\\/\"},{\"@type\":\"ListItem\",\"position\":3,\"name\":\"Absorbine Showsheen odstranjiva\u010d mrlja i izbjeljiva\u010d\"}]},{\"@type\":\"WebSite\",\"@id\":\"https:\\\/\\\/clair.si\\\/#website\",\"url\":\"https:\\\/\\\/clair.si\\\/\",\"name\":\"Clair\",\"description\":\"Trgovina s konjeni\u0161ko opremo\",\"publisher\":{\"@id\":\"https:\\\/\\\/clair.si\\\/#organization\"},\"potentialAction\":[{\"@type\":\"SearchAction\",\"target\":{\"@type\":\"EntryPoint\",\"urlTemplate\":\"https:\\\/\\\/clair.si\\\/?s={search_term_string}\"},\"query-input\":{\"@type\":\"PropertyValueSpecification\",\"valueRequired\":true,\"valueName\":\"search_term_string\"}}],\"inLanguage\":\"hr\"},{\"@type\":\"Organization\",\"@id\":\"https:\\\/\\\/clair.si\\\/#organization\",\"name\":\"Clair\",\"url\":\"https:\\\/\\\/clair.si\\\/\",\"logo\":{\"@type\":\"ImageObject\",\"inLanguage\":\"hr\",\"@id\":\"https:\\\/\\\/clair.si\\\/#\\\/schema\\\/logo\\\/image\\\/\",\"url\":\"https:\\\/\\\/clair.si\\\/wp-content\\\/uploads\\\/2022\\\/11\\\/clair_logo_2022.jpg\",\"contentUrl\":\"https:\\\/\\\/clair.si\\\/wp-content\\\/uploads\\\/2022\\\/11\\\/clair_logo_2022.jpg\",\"width\":1920,\"height\":1920,\"caption\":\"Clair\"},\"image\":{\"@id\":\"https:\\\/\\\/clair.si\\\/#\\\/schema\\\/logo\\\/image\\\/\"},\"sameAs\":[\"https:\\\/\\\/www.facebook.com\\\/TrgovinaClair\\\/\"]}]}<\/script>\n<!-- \/ Yoast SEO plugin. -->","yoast_head_json":{"title":"Absorbine Showsheen odstranjiva\u010d mrlja i izbjeljiva\u010d - Clair","description":"za u\u010dinkovito uklanjanje mrlja - prvenstveno za konje s bijelom dlakom  bez izbjeljiva\u010da ili \u0161tetnih kemikalija  591 ml","robots":{"index":"index","follow":"follow","max-snippet":"max-snippet:-1","max-image-preview":"max-image-preview:large","max-video-preview":"max-video-preview:-1"},"canonical":"https:\/\/clair.si\/hr\/izdelek\/absorbine-showsheen-sredstvo-za-uklanjanje-mrlja-i-izbjeljivac\/","og_locale":"hr_HR","og_type":"article","og_title":"Absorbine Showsheen odstranjiva\u010d mrlja i izbjeljiva\u010d - Clair","og_description":"za u\u010dinkovito uklanjanje mrlja - prvenstveno za konje s bijelom dlakom  bez izbjeljiva\u010da ili \u0161tetnih kemikalija  591 ml","og_url":"https:\/\/clair.si\/hr\/izdelek\/absorbine-showsheen-sredstvo-za-uklanjanje-mrlja-i-izbjeljivac\/","og_site_name":"Clair","article_publisher":"https:\/\/www.facebook.com\/TrgovinaClair\/","article_modified_time":"2025-11-13T16:55:00+00:00","og_image":[{"width":1500,"height":1500,"url":"https:\/\/clair.si\/wp-content\/uploads\/2024\/09\/Absorbine-stain-remover-lepsa.webp","type":"image\/webp"}],"twitter_card":"summary_large_image","twitter_misc":{"Procijenjeno vrijeme \u010ditanja":"1 minuta"},"schema":{"@context":"https:\/\/schema.org","@graph":[{"@type":"WebPage","@id":"https:\/\/clair.si\/hr\/izdelek\/absorbine-showsheen-sredstvo-za-uklanjanje-mrlja-i-izbjeljivac\/","url":"https:\/\/clair.si\/hr\/izdelek\/absorbine-showsheen-sredstvo-za-uklanjanje-mrlja-i-izbjeljivac\/","name":"Absorbine Showsheen odstranjiva\u010d mrlja i izbjeljiva\u010d - Clair","isPartOf":{"@id":"https:\/\/clair.si\/#website"},"primaryImageOfPage":{"@id":"https:\/\/clair.si\/hr\/izdelek\/absorbine-showsheen-sredstvo-za-uklanjanje-mrlja-i-izbjeljivac\/#primaryimage"},"image":{"@id":"https:\/\/clair.si\/hr\/izdelek\/absorbine-showsheen-sredstvo-za-uklanjanje-mrlja-i-izbjeljivac\/#primaryimage"},"thumbnailUrl":"https:\/\/clair.si\/wp-content\/uploads\/2024\/09\/Absorbine-stain-remover-lepsa.webp","datePublished":"2024-09-11T11:09:02+00:00","dateModified":"2025-11-13T16:55:00+00:00","description":"za u\u010dinkovito uklanjanje mrlja - prvenstveno za konje s bijelom dlakom bez izbjeljiva\u010da ili \u0161tetnih kemikalija 591 ml","breadcrumb":{"@id":"https:\/\/clair.si\/hr\/izdelek\/absorbine-showsheen-sredstvo-za-uklanjanje-mrlja-i-izbjeljivac\/#breadcrumb"},"inLanguage":"hr","potentialAction":[{"@type":"ReadAction","target":["https:\/\/clair.si\/hr\/izdelek\/absorbine-showsheen-sredstvo-za-uklanjanje-mrlja-i-izbjeljivac\/"]}]},{"@type":"ImageObject","inLanguage":"hr","@id":"https:\/\/clair.si\/hr\/izdelek\/absorbine-showsheen-sredstvo-za-uklanjanje-mrlja-i-izbjeljivac\/#primaryimage","url":"https:\/\/clair.si\/wp-content\/uploads\/2024\/09\/Absorbine-stain-remover-lepsa.webp","contentUrl":"https:\/\/clair.si\/wp-content\/uploads\/2024\/09\/Absorbine-stain-remover-lepsa.webp","width":1500,"height":1500},{"@type":"BreadcrumbList","@id":"https:\/\/clair.si\/hr\/izdelek\/absorbine-showsheen-sredstvo-za-uklanjanje-mrlja-i-izbjeljivac\/#breadcrumb","itemListElement":[{"@type":"ListItem","position":1,"name":"Home","item":"https:\/\/clair.si\/hr\/"},{"@type":"ListItem","position":2,"name":"Trgovina","item":"https:\/\/clair.si\/trgovina\/"},{"@type":"ListItem","position":3,"name":"Absorbine Showsheen odstranjiva\u010d mrlja i izbjeljiva\u010d"}]},{"@type":"WebSite","@id":"https:\/\/clair.si\/#website","url":"https:\/\/clair.si\/","name":"Clair","description":"Trgovina s konjeni\u0161ko opremo","publisher":{"@id":"https:\/\/clair.si\/#organization"},"potentialAction":[{"@type":"SearchAction","target":{"@type":"EntryPoint","urlTemplate":"https:\/\/clair.si\/?s={search_term_string}"},"query-input":{"@type":"PropertyValueSpecification","valueRequired":true,"valueName":"search_term_string"}}],"inLanguage":"hr"},{"@type":"Organization","@id":"https:\/\/clair.si\/#organization","name":"Clair","url":"https:\/\/clair.si\/","logo":{"@type":"ImageObject","inLanguage":"hr","@id":"https:\/\/clair.si\/#\/schema\/logo\/image\/","url":"https:\/\/clair.si\/wp-content\/uploads\/2022\/11\/clair_logo_2022.jpg","contentUrl":"https:\/\/clair.si\/wp-content\/uploads\/2022\/11\/clair_logo_2022.jpg","width":1920,"height":1920,"caption":"Clair"},"image":{"@id":"https:\/\/clair.si\/#\/schema\/logo\/image\/"},"sameAs":["https:\/\/www.facebook.com\/TrgovinaClair\/"]}]}},"_links":{"self":[{"href":"https:\/\/clair.si\/hr\/wp-json\/wp\/v2\/product\/94838","targetHints":{"allow":["GET"]}}],"collection":[{"href":"https:\/\/clair.si\/hr\/wp-json\/wp\/v2\/product"}],"about":[{"href":"https:\/\/clair.si\/hr\/wp-json\/wp\/v2\/types\/product"}],"version-history":[{"count":0,"href":"https:\/\/clair.si\/hr\/wp-json\/wp\/v2\/product\/94838\/revisions"}],"wp:featuredmedia":[{"embeddable":true,"href":"https:\/\/clair.si\/hr\/wp-json\/wp\/v2\/media\/94841"}],"wp:attachment":[{"href":"https:\/\/clair.si\/hr\/wp-json\/wp\/v2\/media?parent=94838"}],"wp:term":[{"taxonomy":"product_brand","embeddable":true,"href":"https:\/\/clair.si\/hr\/wp-json\/wp\/v2\/product_brand?post=94838"},{"taxonomy":"product_cat","embeddable":true,"href":"https:\/\/clair.si\/hr\/wp-json\/wp\/v2\/product_cat?post=94838"},{"taxonomy":"product_tag","embeddable":true,"href":"https:\/\/clair.si\/hr\/wp-json\/wp\/v2\/product_tag?post=94838"}],"curies":[{"name":"wp","href":"https:\/\/api.w.org\/{rel}","templated":true}]}}