{"id":94846,"date":"2024-08-21T14:17:21","date_gmt":"2024-08-21T12:17:21","guid":{"rendered":"https:\/\/clair.si\/izdelek\/nausnici-back-on-track-haze\/"},"modified":"2026-01-25T09:44:11","modified_gmt":"2026-01-25T08:44:11","slug":"kapica-back-on-track-haze","status":"publish","type":"product","link":"https:\/\/clair.si\/hr\/izdelek\/kapica-back-on-track-haze\/","title":{"rendered":"Nau\u0161nici Back on Track Haze"},"content":{"rendered":"<div class=\"flex-shrink-0 flex flex-col relative items-end\">\n<div>\n<div class=\"pt-0\">\n<div class=\"gizmo-bot-avatar flex h-8 w-8 items-center justify-center overflow-hidden rounded-full\">\n<div class=\"relative p-1 rounded-sm flex items-center justify-center bg-token-main-surface-primary text-token-text-primary h-8 w-8\"><\/div>\n<\/div>\n<\/div>\n<\/div>\n<\/div>\n<div class=\"group\/conversation-turn relative flex w-full min-w-0 flex-col agent-turn\">\n<div class=\"flex-col gap-1 md:gap-3\">\n<div class=\"flex max-w-full flex-col flex-grow\">\n<div class=\"min-h-[20px] text-message flex w-full flex-col items-end gap-2 break-words [.text-message+&amp;]:mt-5 overflow-x-auto whitespace-pre-wrap\" dir=\"auto\" data-message-author-role=\"assistant\" data-message-id=\"bb3f1c6f-b9cc-4260-ae85-e7ed102e4a64\">\n<div class=\"flex w-full flex-col gap-1 empty:hidden first:pt-[3px]\">\n<div class=\"markdown prose w-full break-words dark:prose-invert light\">\n<p>Nau\u0161nici s elasti\u010dnim u\u0161ima za savr\u0161eno pristajanje!<\/p>\n<ul>\n<li>Luksuzni detalji od melange tkanine, uskla\u0111eni s novom kolekcijom &#8220;Haze&#8221;.<\/li>\n<li>Elegantna traka oko ruba i vez na prednjem dijelu.<\/li>\n<li>Lagana gornja strana i u\u0161i u crnoj ili sme\u0111oj tkanini.<\/li>\n<li>Nau\u0161nici \u0161tite od insekata.<\/li>\n<\/ul>\n<p>Sastav: tkanina 100 % poliester, punilo 100 % poliester, podstava 100 % poliester, obrub 80 % poliester \/ 20 % pamuk.<\/p>\n<\/div>\n<\/div>\n<\/div>\n<\/div>\n<\/div>\n<\/div>\n","protected":false},"excerpt":{"rendered":"<p>Nau\u0161nici s elasti\u010dnim u\u0161ima za savr\u0161eno pristajanje! Luksuzni detalji od melange tkanine, uskla\u0111eni s novom kolekcijom &#8220;Haze&#8221;. Elegantna traka oko<\/p>\n","protected":false},"featured_media":105352,"template":"","meta":{"footnotes":""},"product_brand":[],"product_cat":[5750,5624,5726],"product_tag":[],"class_list":{"0":"post-94846","1":"product","2":"type-product","3":"status-publish","4":"has-post-thumbnail","6":"product_cat-kapica","7":"product_cat-konj-hr","8":"product_cat-podsedlice-i-kapice-za-usi","10":"first","11":"instock","12":"sale","13":"shipping-taxable","14":"purchasable","15":"product-type-variable"},"yoast_head":"<!-- This site is optimized with the Yoast SEO plugin v27.4 - https:\/\/yoast.com\/product\/yoast-seo-wordpress\/ -->\n<title>Nau\u0161nici Back on Track Haze - Clair<\/title>\n<meta name=\"description\" content=\"Elegantni nau\u0161nici s prekrasnim detaljima od melange tkanine, elasti\u010dnim u\u0161ima za savr\u0161eno pristajanje i za\u0161titu od insekata. Kupite svoje sada.\" \/>\n<meta name=\"robots\" content=\"index, follow, max-snippet:-1, max-image-preview:large, max-video-preview:-1\" \/>\n<link rel=\"canonical\" href=\"https:\/\/clair.si\/hr\/izdelek\/kapica-back-on-track-haze\/\" \/>\n<meta property=\"og:locale\" content=\"hr_HR\" \/>\n<meta property=\"og:type\" content=\"article\" \/>\n<meta property=\"og:title\" content=\"Nau\u0161nici Back on Track Haze - Clair\" \/>\n<meta property=\"og:description\" content=\"Elegantni nau\u0161nici s prekrasnim detaljima od melange tkanine, elasti\u010dnim u\u0161ima za savr\u0161eno pristajanje i za\u0161titu od insekata. Kupite svoje sada.\" \/>\n<meta property=\"og:url\" content=\"https:\/\/clair.si\/hr\/izdelek\/kapica-back-on-track-haze\/\" \/>\n<meta property=\"og:site_name\" content=\"Clair\" \/>\n<meta property=\"article:publisher\" content=\"https:\/\/www.facebook.com\/TrgovinaClair\/\" \/>\n<meta property=\"article:modified_time\" content=\"2026-01-25T08:44:11+00:00\" \/>\n<meta property=\"og:image\" content=\"https:\/\/clair.si\/wp-content\/uploads\/2024\/08\/Nausniki-Back-on-Track-Haze-rjavi--jpg.avif\" \/>\n\t<meta property=\"og:image:width\" content=\"800\" \/>\n\t<meta property=\"og:image:height\" content=\"800\" \/>\n\t<meta property=\"og:image:type\" content=\"image\/jpeg\" \/>\n<meta name=\"twitter:card\" content=\"summary_large_image\" \/>\n<meta name=\"twitter:label1\" content=\"Procijenjeno vrijeme \u010ditanja\" \/>\n\t<meta name=\"twitter:data1\" content=\"1 minuta\" \/>\n<script type=\"application\/ld+json\" class=\"yoast-schema-graph\">{\"@context\":\"https:\\\/\\\/schema.org\",\"@graph\":[{\"@type\":\"WebPage\",\"@id\":\"https:\\\/\\\/clair.si\\\/hr\\\/izdelek\\\/kapica-back-on-track-haze\\\/\",\"url\":\"https:\\\/\\\/clair.si\\\/hr\\\/izdelek\\\/kapica-back-on-track-haze\\\/\",\"name\":\"Nau\u0161nici Back on Track Haze - Clair\",\"isPartOf\":{\"@id\":\"https:\\\/\\\/clair.si\\\/#website\"},\"primaryImageOfPage\":{\"@id\":\"https:\\\/\\\/clair.si\\\/hr\\\/izdelek\\\/kapica-back-on-track-haze\\\/#primaryimage\"},\"image\":{\"@id\":\"https:\\\/\\\/clair.si\\\/hr\\\/izdelek\\\/kapica-back-on-track-haze\\\/#primaryimage\"},\"thumbnailUrl\":\"https:\\\/\\\/clair.si\\\/wp-content\\\/uploads\\\/2024\\\/08\\\/Nausniki-Back-on-Track-Haze-rjavi--jpg.avif\",\"datePublished\":\"2024-08-21T12:17:21+00:00\",\"dateModified\":\"2026-01-25T08:44:11+00:00\",\"description\":\"Elegantni nau\u0161nici s prekrasnim detaljima od melange tkanine, elasti\u010dnim u\u0161ima za savr\u0161eno pristajanje i za\u0161titu od insekata. Kupite svoje sada.\",\"breadcrumb\":{\"@id\":\"https:\\\/\\\/clair.si\\\/hr\\\/izdelek\\\/kapica-back-on-track-haze\\\/#breadcrumb\"},\"inLanguage\":\"hr\",\"potentialAction\":[{\"@type\":\"ReadAction\",\"target\":[\"https:\\\/\\\/clair.si\\\/hr\\\/izdelek\\\/kapica-back-on-track-haze\\\/\"]}]},{\"@type\":\"ImageObject\",\"inLanguage\":\"hr\",\"@id\":\"https:\\\/\\\/clair.si\\\/hr\\\/izdelek\\\/kapica-back-on-track-haze\\\/#primaryimage\",\"url\":\"https:\\\/\\\/clair.si\\\/wp-content\\\/uploads\\\/2024\\\/08\\\/Nausniki-Back-on-Track-Haze-rjavi--jpg.avif\",\"contentUrl\":\"https:\\\/\\\/clair.si\\\/wp-content\\\/uploads\\\/2024\\\/08\\\/Nausniki-Back-on-Track-Haze-rjavi--jpg.avif\",\"width\":800,\"height\":800},{\"@type\":\"BreadcrumbList\",\"@id\":\"https:\\\/\\\/clair.si\\\/hr\\\/izdelek\\\/kapica-back-on-track-haze\\\/#breadcrumb\",\"itemListElement\":[{\"@type\":\"ListItem\",\"position\":1,\"name\":\"Home\",\"item\":\"https:\\\/\\\/clair.si\\\/hr\\\/\"},{\"@type\":\"ListItem\",\"position\":2,\"name\":\"Trgovina\",\"item\":\"https:\\\/\\\/clair.si\\\/trgovina\\\/\"},{\"@type\":\"ListItem\",\"position\":3,\"name\":\"Nau\u0161nici Back on Track Haze\"}]},{\"@type\":\"WebSite\",\"@id\":\"https:\\\/\\\/clair.si\\\/#website\",\"url\":\"https:\\\/\\\/clair.si\\\/\",\"name\":\"Clair\",\"description\":\"Trgovina s konjeni\u0161ko opremo\",\"publisher\":{\"@id\":\"https:\\\/\\\/clair.si\\\/#organization\"},\"potentialAction\":[{\"@type\":\"SearchAction\",\"target\":{\"@type\":\"EntryPoint\",\"urlTemplate\":\"https:\\\/\\\/clair.si\\\/?s={search_term_string}\"},\"query-input\":{\"@type\":\"PropertyValueSpecification\",\"valueRequired\":true,\"valueName\":\"search_term_string\"}}],\"inLanguage\":\"hr\"},{\"@type\":\"Organization\",\"@id\":\"https:\\\/\\\/clair.si\\\/#organization\",\"name\":\"Clair\",\"url\":\"https:\\\/\\\/clair.si\\\/\",\"logo\":{\"@type\":\"ImageObject\",\"inLanguage\":\"hr\",\"@id\":\"https:\\\/\\\/clair.si\\\/#\\\/schema\\\/logo\\\/image\\\/\",\"url\":\"https:\\\/\\\/clair.si\\\/wp-content\\\/uploads\\\/2022\\\/11\\\/clair_logo_2022.jpg\",\"contentUrl\":\"https:\\\/\\\/clair.si\\\/wp-content\\\/uploads\\\/2022\\\/11\\\/clair_logo_2022.jpg\",\"width\":1920,\"height\":1920,\"caption\":\"Clair\"},\"image\":{\"@id\":\"https:\\\/\\\/clair.si\\\/#\\\/schema\\\/logo\\\/image\\\/\"},\"sameAs\":[\"https:\\\/\\\/www.facebook.com\\\/TrgovinaClair\\\/\"]}]}<\/script>\n<!-- \/ Yoast SEO plugin. -->","yoast_head_json":{"title":"Nau\u0161nici Back on Track Haze - Clair","description":"Elegantni nau\u0161nici s prekrasnim detaljima od melange tkanine, elasti\u010dnim u\u0161ima za savr\u0161eno pristajanje i za\u0161titu od insekata. Kupite svoje sada.","robots":{"index":"index","follow":"follow","max-snippet":"max-snippet:-1","max-image-preview":"max-image-preview:large","max-video-preview":"max-video-preview:-1"},"canonical":"https:\/\/clair.si\/hr\/izdelek\/kapica-back-on-track-haze\/","og_locale":"hr_HR","og_type":"article","og_title":"Nau\u0161nici Back on Track Haze - Clair","og_description":"Elegantni nau\u0161nici s prekrasnim detaljima od melange tkanine, elasti\u010dnim u\u0161ima za savr\u0161eno pristajanje i za\u0161titu od insekata. Kupite svoje sada.","og_url":"https:\/\/clair.si\/hr\/izdelek\/kapica-back-on-track-haze\/","og_site_name":"Clair","article_publisher":"https:\/\/www.facebook.com\/TrgovinaClair\/","article_modified_time":"2026-01-25T08:44:11+00:00","og_image":[{"width":800,"height":800,"url":"https:\/\/clair.si\/wp-content\/uploads\/2024\/08\/Nausniki-Back-on-Track-Haze-rjavi--jpg.avif","type":"image\/jpeg"}],"twitter_card":"summary_large_image","twitter_misc":{"Procijenjeno vrijeme \u010ditanja":"1 minuta"},"schema":{"@context":"https:\/\/schema.org","@graph":[{"@type":"WebPage","@id":"https:\/\/clair.si\/hr\/izdelek\/kapica-back-on-track-haze\/","url":"https:\/\/clair.si\/hr\/izdelek\/kapica-back-on-track-haze\/","name":"Nau\u0161nici Back on Track Haze - Clair","isPartOf":{"@id":"https:\/\/clair.si\/#website"},"primaryImageOfPage":{"@id":"https:\/\/clair.si\/hr\/izdelek\/kapica-back-on-track-haze\/#primaryimage"},"image":{"@id":"https:\/\/clair.si\/hr\/izdelek\/kapica-back-on-track-haze\/#primaryimage"},"thumbnailUrl":"https:\/\/clair.si\/wp-content\/uploads\/2024\/08\/Nausniki-Back-on-Track-Haze-rjavi--jpg.avif","datePublished":"2024-08-21T12:17:21+00:00","dateModified":"2026-01-25T08:44:11+00:00","description":"Elegantni nau\u0161nici s prekrasnim detaljima od melange tkanine, elasti\u010dnim u\u0161ima za savr\u0161eno pristajanje i za\u0161titu od insekata. Kupite svoje sada.","breadcrumb":{"@id":"https:\/\/clair.si\/hr\/izdelek\/kapica-back-on-track-haze\/#breadcrumb"},"inLanguage":"hr","potentialAction":[{"@type":"ReadAction","target":["https:\/\/clair.si\/hr\/izdelek\/kapica-back-on-track-haze\/"]}]},{"@type":"ImageObject","inLanguage":"hr","@id":"https:\/\/clair.si\/hr\/izdelek\/kapica-back-on-track-haze\/#primaryimage","url":"https:\/\/clair.si\/wp-content\/uploads\/2024\/08\/Nausniki-Back-on-Track-Haze-rjavi--jpg.avif","contentUrl":"https:\/\/clair.si\/wp-content\/uploads\/2024\/08\/Nausniki-Back-on-Track-Haze-rjavi--jpg.avif","width":800,"height":800},{"@type":"BreadcrumbList","@id":"https:\/\/clair.si\/hr\/izdelek\/kapica-back-on-track-haze\/#breadcrumb","itemListElement":[{"@type":"ListItem","position":1,"name":"Home","item":"https:\/\/clair.si\/hr\/"},{"@type":"ListItem","position":2,"name":"Trgovina","item":"https:\/\/clair.si\/trgovina\/"},{"@type":"ListItem","position":3,"name":"Nau\u0161nici Back on Track Haze"}]},{"@type":"WebSite","@id":"https:\/\/clair.si\/#website","url":"https:\/\/clair.si\/","name":"Clair","description":"Trgovina s konjeni\u0161ko opremo","publisher":{"@id":"https:\/\/clair.si\/#organization"},"potentialAction":[{"@type":"SearchAction","target":{"@type":"EntryPoint","urlTemplate":"https:\/\/clair.si\/?s={search_term_string}"},"query-input":{"@type":"PropertyValueSpecification","valueRequired":true,"valueName":"search_term_string"}}],"inLanguage":"hr"},{"@type":"Organization","@id":"https:\/\/clair.si\/#organization","name":"Clair","url":"https:\/\/clair.si\/","logo":{"@type":"ImageObject","inLanguage":"hr","@id":"https:\/\/clair.si\/#\/schema\/logo\/image\/","url":"https:\/\/clair.si\/wp-content\/uploads\/2022\/11\/clair_logo_2022.jpg","contentUrl":"https:\/\/clair.si\/wp-content\/uploads\/2022\/11\/clair_logo_2022.jpg","width":1920,"height":1920,"caption":"Clair"},"image":{"@id":"https:\/\/clair.si\/#\/schema\/logo\/image\/"},"sameAs":["https:\/\/www.facebook.com\/TrgovinaClair\/"]}]}},"_links":{"self":[{"href":"https:\/\/clair.si\/hr\/wp-json\/wp\/v2\/product\/94846","targetHints":{"allow":["GET"]}}],"collection":[{"href":"https:\/\/clair.si\/hr\/wp-json\/wp\/v2\/product"}],"about":[{"href":"https:\/\/clair.si\/hr\/wp-json\/wp\/v2\/types\/product"}],"version-history":[{"count":4,"href":"https:\/\/clair.si\/hr\/wp-json\/wp\/v2\/product\/94846\/revisions"}],"predecessor-version":[{"id":115353,"href":"https:\/\/clair.si\/hr\/wp-json\/wp\/v2\/product\/94846\/revisions\/115353"}],"wp:featuredmedia":[{"embeddable":true,"href":"https:\/\/clair.si\/hr\/wp-json\/wp\/v2\/media\/105352"}],"wp:attachment":[{"href":"https:\/\/clair.si\/hr\/wp-json\/wp\/v2\/media?parent=94846"}],"wp:term":[{"taxonomy":"product_brand","embeddable":true,"href":"https:\/\/clair.si\/hr\/wp-json\/wp\/v2\/product_brand?post=94846"},{"taxonomy":"product_cat","embeddable":true,"href":"https:\/\/clair.si\/hr\/wp-json\/wp\/v2\/product_cat?post=94846"},{"taxonomy":"product_tag","embeddable":true,"href":"https:\/\/clair.si\/hr\/wp-json\/wp\/v2\/product_tag?post=94846"}],"curies":[{"name":"wp","href":"https:\/\/api.w.org\/{rel}","templated":true}]}}