{"id":94870,"date":"2024-08-08T14:33:15","date_gmt":"2024-08-08T12:33:15","guid":{"rendered":"https:\/\/clair.si\/izdelek\/nosac-za-preponu-roto-x-roza\/"},"modified":"2025-11-22T07:39:17","modified_gmt":"2025-11-22T06:39:17","slug":"nosac-za-preponu-roto-x-roza","status":"publish","type":"product","link":"https:\/\/clair.si\/hr\/izdelek\/nosac-za-preponu-roto-x-roza\/","title":{"rendered":"Dr\u017ea\u010d za preponu ROTO X roza"},"content":{"rendered":"<p><strong>Dr\u017ea\u010d za preponu ROTO X<\/strong> je napravljen tako da se mo\u017ee koristiti samostalno ili u <strong>kombinaciji s dr\u017ea\u010dima X i XX.<\/strong> Dr\u017ea\u010di su izra\u0111eni od visoko <strong>kvalitetnog polietilena<\/strong>. Za taj materijal je zna\u010dajna odli\u010dna otpornost i dobra izdr\u017eljivost. Dr\u017ea\u010d za preponu ROTO je otporan na UV zrake. Tako mo\u017eete dr\u017ea\u010de bez brige ostaviti u jahaonici cijelu godinu! Dr\u017ea\u010di za prepone ROTO su izra\u0111eni u Sloveniji.<\/p>\n","protected":false},"excerpt":{"rendered":"<ul>\n<li>podesiv na tri razli\u010dite visine<\/li>\n<li>iznimno izdr\u017eljivi<\/li>\n<li>proizvedeni u Sloveniji<\/li>\n<\/ul>\n","protected":false},"featured_media":94872,"template":"","meta":{"footnotes":""},"product_brand":[],"product_cat":[5756,5627,6128],"product_tag":[],"class_list":{"0":"post-94870","1":"product","2":"type-product","3":"status-publish","4":"has-post-thumbnail","6":"product_cat-dodaci-za-stalu","7":"product_cat-stala-i-pasnjak","8":"product_cat-tacke-roto","10":"first","11":"instock","12":"shipping-taxable","13":"purchasable","14":"product-type-simple"},"yoast_head":"<!-- This site is optimized with the Yoast SEO plugin v27.4 - https:\/\/yoast.com\/product\/yoast-seo-wordpress\/ -->\n<title>Dr\u017ea\u010d za preponu ROTO X roza - Clair<\/title>\n<meta name=\"description\" content=\"podesiv na tri razli\u010dite visine  iznimno izdr\u017eljivi  proizvedeni u Sloveniji\" \/>\n<meta name=\"robots\" content=\"index, follow, max-snippet:-1, max-image-preview:large, max-video-preview:-1\" \/>\n<link rel=\"canonical\" href=\"https:\/\/clair.si\/hr\/izdelek\/nosac-za-preponu-roto-x-roza\/\" \/>\n<meta property=\"og:locale\" content=\"hr_HR\" \/>\n<meta property=\"og:type\" content=\"article\" \/>\n<meta property=\"og:title\" content=\"Dr\u017ea\u010d za preponu ROTO X roza - Clair\" \/>\n<meta property=\"og:description\" content=\"podesiv na tri razli\u010dite visine  iznimno izdr\u017eljivi  proizvedeni u Sloveniji\" \/>\n<meta property=\"og:url\" content=\"https:\/\/clair.si\/hr\/izdelek\/nosac-za-preponu-roto-x-roza\/\" \/>\n<meta property=\"og:site_name\" content=\"Clair\" \/>\n<meta property=\"article:publisher\" content=\"https:\/\/www.facebook.com\/TrgovinaClair\/\" \/>\n<meta property=\"article:modified_time\" content=\"2025-11-22T06:39:17+00:00\" \/>\n<meta property=\"og:image\" content=\"https:\/\/clair.si\/wp-content\/uploads\/2024\/08\/Trgovina-Clair-x-jpg.avif\" \/>\n\t<meta property=\"og:image:width\" content=\"800\" \/>\n\t<meta property=\"og:image:height\" content=\"800\" \/>\n\t<meta property=\"og:image:type\" content=\"image\/jpeg\" \/>\n<meta name=\"twitter:card\" content=\"summary_large_image\" \/>\n<meta name=\"twitter:label1\" content=\"Procijenjeno vrijeme \u010ditanja\" \/>\n\t<meta name=\"twitter:data1\" content=\"1 minuta\" \/>\n<script type=\"application\/ld+json\" class=\"yoast-schema-graph\">{\"@context\":\"https:\\\/\\\/schema.org\",\"@graph\":[{\"@type\":\"WebPage\",\"@id\":\"https:\\\/\\\/clair.si\\\/hr\\\/izdelek\\\/nosac-za-preponu-roto-x-roza\\\/\",\"url\":\"https:\\\/\\\/clair.si\\\/hr\\\/izdelek\\\/nosac-za-preponu-roto-x-roza\\\/\",\"name\":\"Dr\u017ea\u010d za preponu ROTO X roza - Clair\",\"isPartOf\":{\"@id\":\"https:\\\/\\\/clair.si\\\/#website\"},\"primaryImageOfPage\":{\"@id\":\"https:\\\/\\\/clair.si\\\/hr\\\/izdelek\\\/nosac-za-preponu-roto-x-roza\\\/#primaryimage\"},\"image\":{\"@id\":\"https:\\\/\\\/clair.si\\\/hr\\\/izdelek\\\/nosac-za-preponu-roto-x-roza\\\/#primaryimage\"},\"thumbnailUrl\":\"https:\\\/\\\/clair.si\\\/wp-content\\\/uploads\\\/2024\\\/08\\\/Trgovina-Clair-x-jpg.avif\",\"datePublished\":\"2024-08-08T12:33:15+00:00\",\"dateModified\":\"2025-11-22T06:39:17+00:00\",\"description\":\"podesiv na tri razli\u010dite visine iznimno izdr\u017eljivi proizvedeni u Sloveniji\",\"breadcrumb\":{\"@id\":\"https:\\\/\\\/clair.si\\\/hr\\\/izdelek\\\/nosac-za-preponu-roto-x-roza\\\/#breadcrumb\"},\"inLanguage\":\"hr\",\"potentialAction\":[{\"@type\":\"ReadAction\",\"target\":[\"https:\\\/\\\/clair.si\\\/hr\\\/izdelek\\\/nosac-za-preponu-roto-x-roza\\\/\"]}]},{\"@type\":\"ImageObject\",\"inLanguage\":\"hr\",\"@id\":\"https:\\\/\\\/clair.si\\\/hr\\\/izdelek\\\/nosac-za-preponu-roto-x-roza\\\/#primaryimage\",\"url\":\"https:\\\/\\\/clair.si\\\/wp-content\\\/uploads\\\/2024\\\/08\\\/Trgovina-Clair-x-jpg.avif\",\"contentUrl\":\"https:\\\/\\\/clair.si\\\/wp-content\\\/uploads\\\/2024\\\/08\\\/Trgovina-Clair-x-jpg.avif\",\"width\":800,\"height\":800},{\"@type\":\"BreadcrumbList\",\"@id\":\"https:\\\/\\\/clair.si\\\/hr\\\/izdelek\\\/nosac-za-preponu-roto-x-roza\\\/#breadcrumb\",\"itemListElement\":[{\"@type\":\"ListItem\",\"position\":1,\"name\":\"Home\",\"item\":\"https:\\\/\\\/clair.si\\\/hr\\\/\"},{\"@type\":\"ListItem\",\"position\":2,\"name\":\"Trgovina\",\"item\":\"https:\\\/\\\/clair.si\\\/trgovina\\\/\"},{\"@type\":\"ListItem\",\"position\":3,\"name\":\"Dr\u017ea\u010d za preponu ROTO X roza\"}]},{\"@type\":\"WebSite\",\"@id\":\"https:\\\/\\\/clair.si\\\/#website\",\"url\":\"https:\\\/\\\/clair.si\\\/\",\"name\":\"Clair\",\"description\":\"Trgovina s konjeni\u0161ko opremo\",\"publisher\":{\"@id\":\"https:\\\/\\\/clair.si\\\/#organization\"},\"potentialAction\":[{\"@type\":\"SearchAction\",\"target\":{\"@type\":\"EntryPoint\",\"urlTemplate\":\"https:\\\/\\\/clair.si\\\/?s={search_term_string}\"},\"query-input\":{\"@type\":\"PropertyValueSpecification\",\"valueRequired\":true,\"valueName\":\"search_term_string\"}}],\"inLanguage\":\"hr\"},{\"@type\":\"Organization\",\"@id\":\"https:\\\/\\\/clair.si\\\/#organization\",\"name\":\"Clair\",\"url\":\"https:\\\/\\\/clair.si\\\/\",\"logo\":{\"@type\":\"ImageObject\",\"inLanguage\":\"hr\",\"@id\":\"https:\\\/\\\/clair.si\\\/#\\\/schema\\\/logo\\\/image\\\/\",\"url\":\"https:\\\/\\\/clair.si\\\/wp-content\\\/uploads\\\/2022\\\/11\\\/clair_logo_2022.jpg\",\"contentUrl\":\"https:\\\/\\\/clair.si\\\/wp-content\\\/uploads\\\/2022\\\/11\\\/clair_logo_2022.jpg\",\"width\":1920,\"height\":1920,\"caption\":\"Clair\"},\"image\":{\"@id\":\"https:\\\/\\\/clair.si\\\/#\\\/schema\\\/logo\\\/image\\\/\"},\"sameAs\":[\"https:\\\/\\\/www.facebook.com\\\/TrgovinaClair\\\/\"]}]}<\/script>\n<!-- \/ Yoast SEO plugin. -->","yoast_head_json":{"title":"Dr\u017ea\u010d za preponu ROTO X roza - Clair","description":"podesiv na tri razli\u010dite visine  iznimno izdr\u017eljivi  proizvedeni u Sloveniji","robots":{"index":"index","follow":"follow","max-snippet":"max-snippet:-1","max-image-preview":"max-image-preview:large","max-video-preview":"max-video-preview:-1"},"canonical":"https:\/\/clair.si\/hr\/izdelek\/nosac-za-preponu-roto-x-roza\/","og_locale":"hr_HR","og_type":"article","og_title":"Dr\u017ea\u010d za preponu ROTO X roza - Clair","og_description":"podesiv na tri razli\u010dite visine  iznimno izdr\u017eljivi  proizvedeni u Sloveniji","og_url":"https:\/\/clair.si\/hr\/izdelek\/nosac-za-preponu-roto-x-roza\/","og_site_name":"Clair","article_publisher":"https:\/\/www.facebook.com\/TrgovinaClair\/","article_modified_time":"2025-11-22T06:39:17+00:00","og_image":[{"width":800,"height":800,"url":"https:\/\/clair.si\/wp-content\/uploads\/2024\/08\/Trgovina-Clair-x-jpg.avif","type":"image\/jpeg"}],"twitter_card":"summary_large_image","twitter_misc":{"Procijenjeno vrijeme \u010ditanja":"1 minuta"},"schema":{"@context":"https:\/\/schema.org","@graph":[{"@type":"WebPage","@id":"https:\/\/clair.si\/hr\/izdelek\/nosac-za-preponu-roto-x-roza\/","url":"https:\/\/clair.si\/hr\/izdelek\/nosac-za-preponu-roto-x-roza\/","name":"Dr\u017ea\u010d za preponu ROTO X roza - Clair","isPartOf":{"@id":"https:\/\/clair.si\/#website"},"primaryImageOfPage":{"@id":"https:\/\/clair.si\/hr\/izdelek\/nosac-za-preponu-roto-x-roza\/#primaryimage"},"image":{"@id":"https:\/\/clair.si\/hr\/izdelek\/nosac-za-preponu-roto-x-roza\/#primaryimage"},"thumbnailUrl":"https:\/\/clair.si\/wp-content\/uploads\/2024\/08\/Trgovina-Clair-x-jpg.avif","datePublished":"2024-08-08T12:33:15+00:00","dateModified":"2025-11-22T06:39:17+00:00","description":"podesiv na tri razli\u010dite visine iznimno izdr\u017eljivi proizvedeni u Sloveniji","breadcrumb":{"@id":"https:\/\/clair.si\/hr\/izdelek\/nosac-za-preponu-roto-x-roza\/#breadcrumb"},"inLanguage":"hr","potentialAction":[{"@type":"ReadAction","target":["https:\/\/clair.si\/hr\/izdelek\/nosac-za-preponu-roto-x-roza\/"]}]},{"@type":"ImageObject","inLanguage":"hr","@id":"https:\/\/clair.si\/hr\/izdelek\/nosac-za-preponu-roto-x-roza\/#primaryimage","url":"https:\/\/clair.si\/wp-content\/uploads\/2024\/08\/Trgovina-Clair-x-jpg.avif","contentUrl":"https:\/\/clair.si\/wp-content\/uploads\/2024\/08\/Trgovina-Clair-x-jpg.avif","width":800,"height":800},{"@type":"BreadcrumbList","@id":"https:\/\/clair.si\/hr\/izdelek\/nosac-za-preponu-roto-x-roza\/#breadcrumb","itemListElement":[{"@type":"ListItem","position":1,"name":"Home","item":"https:\/\/clair.si\/hr\/"},{"@type":"ListItem","position":2,"name":"Trgovina","item":"https:\/\/clair.si\/trgovina\/"},{"@type":"ListItem","position":3,"name":"Dr\u017ea\u010d za preponu ROTO X roza"}]},{"@type":"WebSite","@id":"https:\/\/clair.si\/#website","url":"https:\/\/clair.si\/","name":"Clair","description":"Trgovina s konjeni\u0161ko opremo","publisher":{"@id":"https:\/\/clair.si\/#organization"},"potentialAction":[{"@type":"SearchAction","target":{"@type":"EntryPoint","urlTemplate":"https:\/\/clair.si\/?s={search_term_string}"},"query-input":{"@type":"PropertyValueSpecification","valueRequired":true,"valueName":"search_term_string"}}],"inLanguage":"hr"},{"@type":"Organization","@id":"https:\/\/clair.si\/#organization","name":"Clair","url":"https:\/\/clair.si\/","logo":{"@type":"ImageObject","inLanguage":"hr","@id":"https:\/\/clair.si\/#\/schema\/logo\/image\/","url":"https:\/\/clair.si\/wp-content\/uploads\/2022\/11\/clair_logo_2022.jpg","contentUrl":"https:\/\/clair.si\/wp-content\/uploads\/2022\/11\/clair_logo_2022.jpg","width":1920,"height":1920,"caption":"Clair"},"image":{"@id":"https:\/\/clair.si\/#\/schema\/logo\/image\/"},"sameAs":["https:\/\/www.facebook.com\/TrgovinaClair\/"]}]}},"_links":{"self":[{"href":"https:\/\/clair.si\/hr\/wp-json\/wp\/v2\/product\/94870","targetHints":{"allow":["GET"]}}],"collection":[{"href":"https:\/\/clair.si\/hr\/wp-json\/wp\/v2\/product"}],"about":[{"href":"https:\/\/clair.si\/hr\/wp-json\/wp\/v2\/types\/product"}],"version-history":[{"count":1,"href":"https:\/\/clair.si\/hr\/wp-json\/wp\/v2\/product\/94870\/revisions"}],"predecessor-version":[{"id":115977,"href":"https:\/\/clair.si\/hr\/wp-json\/wp\/v2\/product\/94870\/revisions\/115977"}],"wp:featuredmedia":[{"embeddable":true,"href":"https:\/\/clair.si\/hr\/wp-json\/wp\/v2\/media\/94872"}],"wp:attachment":[{"href":"https:\/\/clair.si\/hr\/wp-json\/wp\/v2\/media?parent=94870"}],"wp:term":[{"taxonomy":"product_brand","embeddable":true,"href":"https:\/\/clair.si\/hr\/wp-json\/wp\/v2\/product_brand?post=94870"},{"taxonomy":"product_cat","embeddable":true,"href":"https:\/\/clair.si\/hr\/wp-json\/wp\/v2\/product_cat?post=94870"},{"taxonomy":"product_tag","embeddable":true,"href":"https:\/\/clair.si\/hr\/wp-json\/wp\/v2\/product_tag?post=94870"}],"curies":[{"name":"wp","href":"https:\/\/api.w.org\/{rel}","templated":true}]}}