{"id":94878,"date":"2024-08-08T15:24:06","date_gmt":"2024-08-08T13:24:06","guid":{"rendered":"https:\/\/clair.si\/izdelek\/stepenica-za-uzjahivanje-roto-svijetlozelena\/"},"modified":"2025-08-27T12:03:02","modified_gmt":"2025-08-27T10:03:02","slug":"stepenica-za-uzjahivanje-roto-svijetlozelena","status":"publish","type":"product","link":"https:\/\/clair.si\/hr\/izdelek\/stepenica-za-uzjahivanje-roto-svijetlozelena\/","title":{"rendered":"Stepenica za uzjahivanje ROTO svijetlo zelena"},"content":{"rendered":"<p><strong>ROTO stepenica za uzjahivanje<\/strong> je obavezna oprema za svaku jahaonicu. Omogu\u0107uje jednostavno penjanje na konja i tako manje optere\u0107enje konjskih le\u0111a pri uzjahivanju. Stepenica za uzjahivanje se tako\u0111er mo\u017ee koristiti kao <strong>nosa\u010d za prepreke<\/strong>. Ugra\u0111ene ima dr\u017ea\u010de za prepreke. Stepenice su lagane za preno\u0161enje i jednostavne za \u010di\u0161\u0107enje. Budu\u0107i da je stepenica za uzjahivanje izra\u0111ena od visokokvalitetnog polietilena, mo\u017eete je bez brige ostaviti vani. Stepenica je <strong>otporna na UV zrake<\/strong>, na udarce i sve ostale vremenske uvjete! Stepenica za uzjahivanje je proizvedena u Sloveniji.       <\/p>\n","protected":false},"excerpt":{"rendered":"<ul>\n<li>od polietilena koji je otporan na sve vremenske uvjete<\/li>\n<li>tako\u0111er kao nosa\u010d za prepreke<\/li>\n<li>proizvedena u Sloveniji<\/li>\n<\/ul>\n","protected":false},"featured_media":94882,"template":"","meta":{"footnotes":""},"product_brand":[],"product_cat":[5756,5627,6128],"product_tag":[],"class_list":{"0":"post-94878","1":"product","2":"type-product","3":"status-publish","4":"has-post-thumbnail","6":"product_cat-dodaci-za-stalu","7":"product_cat-stala-i-pasnjak","8":"product_cat-tacke-roto","10":"first","11":"instock","12":"shipping-taxable","13":"purchasable","14":"product-type-simple"},"yoast_head":"<!-- This site is optimized with the Yoast SEO plugin v27.4 - https:\/\/yoast.com\/product\/yoast-seo-wordpress\/ -->\n<title>Stepenica za uzjahivanje ROTO svijetlo zelena - Clair<\/title>\n<meta name=\"description\" content=\"od polietilena koji je otporan na sve vremenske uvjete  tako\u0111er kao nosa\u010d za prepreke  proizvedena u Sloveniji\" \/>\n<meta name=\"robots\" content=\"index, follow, max-snippet:-1, max-image-preview:large, max-video-preview:-1\" \/>\n<link rel=\"canonical\" href=\"https:\/\/clair.si\/hr\/izdelek\/stepenica-za-uzjahivanje-roto-svijetlozelena\/\" \/>\n<meta property=\"og:locale\" content=\"hr_HR\" \/>\n<meta property=\"og:type\" content=\"article\" \/>\n<meta property=\"og:title\" content=\"Stepenica za uzjahivanje ROTO svijetlo zelena - Clair\" \/>\n<meta property=\"og:description\" content=\"od polietilena koji je otporan na sve vremenske uvjete  tako\u0111er kao nosa\u010d za prepreke  proizvedena u Sloveniji\" \/>\n<meta property=\"og:url\" content=\"https:\/\/clair.si\/hr\/izdelek\/stepenica-za-uzjahivanje-roto-svijetlozelena\/\" \/>\n<meta property=\"og:site_name\" content=\"Clair\" \/>\n<meta property=\"article:publisher\" content=\"https:\/\/www.facebook.com\/TrgovinaClair\/\" \/>\n<meta property=\"article:modified_time\" content=\"2025-08-27T10:03:02+00:00\" \/>\n<meta property=\"og:image\" content=\"https:\/\/clair.si\/wp-content\/uploads\/2024\/08\/Trgovina-Clair-zelena-stopnica-jpg.avif\" \/>\n\t<meta property=\"og:image:width\" content=\"1200\" \/>\n\t<meta property=\"og:image:height\" content=\"1200\" \/>\n\t<meta property=\"og:image:type\" content=\"image\/jpeg\" \/>\n<meta name=\"twitter:card\" content=\"summary_large_image\" \/>\n<script type=\"application\/ld+json\" class=\"yoast-schema-graph\">{\"@context\":\"https:\\\/\\\/schema.org\",\"@graph\":[{\"@type\":\"WebPage\",\"@id\":\"https:\\\/\\\/clair.si\\\/hr\\\/izdelek\\\/stepenica-za-uzjahivanje-roto-svijetlozelena\\\/\",\"url\":\"https:\\\/\\\/clair.si\\\/hr\\\/izdelek\\\/stepenica-za-uzjahivanje-roto-svijetlozelena\\\/\",\"name\":\"Stepenica za uzjahivanje ROTO svijetlo zelena - Clair\",\"isPartOf\":{\"@id\":\"https:\\\/\\\/clair.si\\\/#website\"},\"primaryImageOfPage\":{\"@id\":\"https:\\\/\\\/clair.si\\\/hr\\\/izdelek\\\/stepenica-za-uzjahivanje-roto-svijetlozelena\\\/#primaryimage\"},\"image\":{\"@id\":\"https:\\\/\\\/clair.si\\\/hr\\\/izdelek\\\/stepenica-za-uzjahivanje-roto-svijetlozelena\\\/#primaryimage\"},\"thumbnailUrl\":\"https:\\\/\\\/clair.si\\\/wp-content\\\/uploads\\\/2024\\\/08\\\/Trgovina-Clair-zelena-stopnica-jpg.avif\",\"datePublished\":\"2024-08-08T13:24:06+00:00\",\"dateModified\":\"2025-08-27T10:03:02+00:00\",\"description\":\"od polietilena koji je otporan na sve vremenske uvjete tako\u0111er kao nosa\u010d za prepreke proizvedena u Sloveniji\",\"breadcrumb\":{\"@id\":\"https:\\\/\\\/clair.si\\\/hr\\\/izdelek\\\/stepenica-za-uzjahivanje-roto-svijetlozelena\\\/#breadcrumb\"},\"inLanguage\":\"hr\",\"potentialAction\":[{\"@type\":\"ReadAction\",\"target\":[\"https:\\\/\\\/clair.si\\\/hr\\\/izdelek\\\/stepenica-za-uzjahivanje-roto-svijetlozelena\\\/\"]}]},{\"@type\":\"ImageObject\",\"inLanguage\":\"hr\",\"@id\":\"https:\\\/\\\/clair.si\\\/hr\\\/izdelek\\\/stepenica-za-uzjahivanje-roto-svijetlozelena\\\/#primaryimage\",\"url\":\"https:\\\/\\\/clair.si\\\/wp-content\\\/uploads\\\/2024\\\/08\\\/Trgovina-Clair-zelena-stopnica-jpg.avif\",\"contentUrl\":\"https:\\\/\\\/clair.si\\\/wp-content\\\/uploads\\\/2024\\\/08\\\/Trgovina-Clair-zelena-stopnica-jpg.avif\",\"width\":1200,\"height\":1200},{\"@type\":\"BreadcrumbList\",\"@id\":\"https:\\\/\\\/clair.si\\\/hr\\\/izdelek\\\/stepenica-za-uzjahivanje-roto-svijetlozelena\\\/#breadcrumb\",\"itemListElement\":[{\"@type\":\"ListItem\",\"position\":1,\"name\":\"Home\",\"item\":\"https:\\\/\\\/clair.si\\\/hr\\\/\"},{\"@type\":\"ListItem\",\"position\":2,\"name\":\"Trgovina\",\"item\":\"https:\\\/\\\/clair.si\\\/trgovina\\\/\"},{\"@type\":\"ListItem\",\"position\":3,\"name\":\"Stepenica za uzjahivanje ROTO svijetlo zelena\"}]},{\"@type\":\"WebSite\",\"@id\":\"https:\\\/\\\/clair.si\\\/#website\",\"url\":\"https:\\\/\\\/clair.si\\\/\",\"name\":\"Clair\",\"description\":\"Trgovina s konjeni\u0161ko opremo\",\"publisher\":{\"@id\":\"https:\\\/\\\/clair.si\\\/#organization\"},\"potentialAction\":[{\"@type\":\"SearchAction\",\"target\":{\"@type\":\"EntryPoint\",\"urlTemplate\":\"https:\\\/\\\/clair.si\\\/?s={search_term_string}\"},\"query-input\":{\"@type\":\"PropertyValueSpecification\",\"valueRequired\":true,\"valueName\":\"search_term_string\"}}],\"inLanguage\":\"hr\"},{\"@type\":\"Organization\",\"@id\":\"https:\\\/\\\/clair.si\\\/#organization\",\"name\":\"Clair\",\"url\":\"https:\\\/\\\/clair.si\\\/\",\"logo\":{\"@type\":\"ImageObject\",\"inLanguage\":\"hr\",\"@id\":\"https:\\\/\\\/clair.si\\\/#\\\/schema\\\/logo\\\/image\\\/\",\"url\":\"https:\\\/\\\/clair.si\\\/wp-content\\\/uploads\\\/2022\\\/11\\\/clair_logo_2022.jpg\",\"contentUrl\":\"https:\\\/\\\/clair.si\\\/wp-content\\\/uploads\\\/2022\\\/11\\\/clair_logo_2022.jpg\",\"width\":1920,\"height\":1920,\"caption\":\"Clair\"},\"image\":{\"@id\":\"https:\\\/\\\/clair.si\\\/#\\\/schema\\\/logo\\\/image\\\/\"},\"sameAs\":[\"https:\\\/\\\/www.facebook.com\\\/TrgovinaClair\\\/\"]}]}<\/script>\n<!-- \/ Yoast SEO plugin. -->","yoast_head_json":{"title":"Stepenica za uzjahivanje ROTO svijetlo zelena - Clair","description":"od polietilena koji je otporan na sve vremenske uvjete  tako\u0111er kao nosa\u010d za prepreke  proizvedena u Sloveniji","robots":{"index":"index","follow":"follow","max-snippet":"max-snippet:-1","max-image-preview":"max-image-preview:large","max-video-preview":"max-video-preview:-1"},"canonical":"https:\/\/clair.si\/hr\/izdelek\/stepenica-za-uzjahivanje-roto-svijetlozelena\/","og_locale":"hr_HR","og_type":"article","og_title":"Stepenica za uzjahivanje ROTO svijetlo zelena - Clair","og_description":"od polietilena koji je otporan na sve vremenske uvjete  tako\u0111er kao nosa\u010d za prepreke  proizvedena u Sloveniji","og_url":"https:\/\/clair.si\/hr\/izdelek\/stepenica-za-uzjahivanje-roto-svijetlozelena\/","og_site_name":"Clair","article_publisher":"https:\/\/www.facebook.com\/TrgovinaClair\/","article_modified_time":"2025-08-27T10:03:02+00:00","og_image":[{"width":1200,"height":1200,"url":"https:\/\/clair.si\/wp-content\/uploads\/2024\/08\/Trgovina-Clair-zelena-stopnica-jpg.avif","type":"image\/jpeg"}],"twitter_card":"summary_large_image","schema":{"@context":"https:\/\/schema.org","@graph":[{"@type":"WebPage","@id":"https:\/\/clair.si\/hr\/izdelek\/stepenica-za-uzjahivanje-roto-svijetlozelena\/","url":"https:\/\/clair.si\/hr\/izdelek\/stepenica-za-uzjahivanje-roto-svijetlozelena\/","name":"Stepenica za uzjahivanje ROTO svijetlo zelena - Clair","isPartOf":{"@id":"https:\/\/clair.si\/#website"},"primaryImageOfPage":{"@id":"https:\/\/clair.si\/hr\/izdelek\/stepenica-za-uzjahivanje-roto-svijetlozelena\/#primaryimage"},"image":{"@id":"https:\/\/clair.si\/hr\/izdelek\/stepenica-za-uzjahivanje-roto-svijetlozelena\/#primaryimage"},"thumbnailUrl":"https:\/\/clair.si\/wp-content\/uploads\/2024\/08\/Trgovina-Clair-zelena-stopnica-jpg.avif","datePublished":"2024-08-08T13:24:06+00:00","dateModified":"2025-08-27T10:03:02+00:00","description":"od polietilena koji je otporan na sve vremenske uvjete tako\u0111er kao nosa\u010d za prepreke proizvedena u Sloveniji","breadcrumb":{"@id":"https:\/\/clair.si\/hr\/izdelek\/stepenica-za-uzjahivanje-roto-svijetlozelena\/#breadcrumb"},"inLanguage":"hr","potentialAction":[{"@type":"ReadAction","target":["https:\/\/clair.si\/hr\/izdelek\/stepenica-za-uzjahivanje-roto-svijetlozelena\/"]}]},{"@type":"ImageObject","inLanguage":"hr","@id":"https:\/\/clair.si\/hr\/izdelek\/stepenica-za-uzjahivanje-roto-svijetlozelena\/#primaryimage","url":"https:\/\/clair.si\/wp-content\/uploads\/2024\/08\/Trgovina-Clair-zelena-stopnica-jpg.avif","contentUrl":"https:\/\/clair.si\/wp-content\/uploads\/2024\/08\/Trgovina-Clair-zelena-stopnica-jpg.avif","width":1200,"height":1200},{"@type":"BreadcrumbList","@id":"https:\/\/clair.si\/hr\/izdelek\/stepenica-za-uzjahivanje-roto-svijetlozelena\/#breadcrumb","itemListElement":[{"@type":"ListItem","position":1,"name":"Home","item":"https:\/\/clair.si\/hr\/"},{"@type":"ListItem","position":2,"name":"Trgovina","item":"https:\/\/clair.si\/trgovina\/"},{"@type":"ListItem","position":3,"name":"Stepenica za uzjahivanje ROTO svijetlo zelena"}]},{"@type":"WebSite","@id":"https:\/\/clair.si\/#website","url":"https:\/\/clair.si\/","name":"Clair","description":"Trgovina s konjeni\u0161ko opremo","publisher":{"@id":"https:\/\/clair.si\/#organization"},"potentialAction":[{"@type":"SearchAction","target":{"@type":"EntryPoint","urlTemplate":"https:\/\/clair.si\/?s={search_term_string}"},"query-input":{"@type":"PropertyValueSpecification","valueRequired":true,"valueName":"search_term_string"}}],"inLanguage":"hr"},{"@type":"Organization","@id":"https:\/\/clair.si\/#organization","name":"Clair","url":"https:\/\/clair.si\/","logo":{"@type":"ImageObject","inLanguage":"hr","@id":"https:\/\/clair.si\/#\/schema\/logo\/image\/","url":"https:\/\/clair.si\/wp-content\/uploads\/2022\/11\/clair_logo_2022.jpg","contentUrl":"https:\/\/clair.si\/wp-content\/uploads\/2022\/11\/clair_logo_2022.jpg","width":1920,"height":1920,"caption":"Clair"},"image":{"@id":"https:\/\/clair.si\/#\/schema\/logo\/image\/"},"sameAs":["https:\/\/www.facebook.com\/TrgovinaClair\/"]}]}},"_links":{"self":[{"href":"https:\/\/clair.si\/hr\/wp-json\/wp\/v2\/product\/94878","targetHints":{"allow":["GET"]}}],"collection":[{"href":"https:\/\/clair.si\/hr\/wp-json\/wp\/v2\/product"}],"about":[{"href":"https:\/\/clair.si\/hr\/wp-json\/wp\/v2\/types\/product"}],"version-history":[{"count":0,"href":"https:\/\/clair.si\/hr\/wp-json\/wp\/v2\/product\/94878\/revisions"}],"wp:featuredmedia":[{"embeddable":true,"href":"https:\/\/clair.si\/hr\/wp-json\/wp\/v2\/media\/94882"}],"wp:attachment":[{"href":"https:\/\/clair.si\/hr\/wp-json\/wp\/v2\/media?parent=94878"}],"wp:term":[{"taxonomy":"product_brand","embeddable":true,"href":"https:\/\/clair.si\/hr\/wp-json\/wp\/v2\/product_brand?post=94878"},{"taxonomy":"product_cat","embeddable":true,"href":"https:\/\/clair.si\/hr\/wp-json\/wp\/v2\/product_cat?post=94878"},{"taxonomy":"product_tag","embeddable":true,"href":"https:\/\/clair.si\/hr\/wp-json\/wp\/v2\/product_tag?post=94878"}],"curies":[{"name":"wp","href":"https:\/\/api.w.org\/{rel}","templated":true}]}}