{"id":94893,"date":"2024-08-11T11:32:19","date_gmt":"2024-08-11T09:32:19","guid":{"rendered":"https:\/\/clair.si\/izdelek\/uzda-kavalkade-everado\/"},"modified":"2025-09-23T08:54:17","modified_gmt":"2025-09-23T06:54:17","slug":"uzda-kavalkade-everado","status":"publish","type":"product","link":"https:\/\/clair.si\/hr\/izdelek\/uzda-kavalkade-everado\/","title":{"rendered":"Uzda Kavalkade Everado"},"content":{"rendered":"<p><strong>Uzda Kavalkade Everado<\/strong> &#8211; g<span class=\"HwtZe\" lang=\"sl\"><span class=\"jCAhz ChMk0b\"><span class=\"ryNqvb\">latka, izdr\u017eljiva ko\u017ea i klasi\u010dan dizajn.<\/span><\/span><span class=\"jCAhz ChMk0b\"><span class=\"ryNqvb\"> Meksi\u010dka uzda Kavalkade Everado izra\u0111ena je od prvoklasne nauljene ko\u017ee i anatomski oblikovanog, vrlo mekano podstavljenog zatiljnog dijela s udubljenjem za u\u0161i, koje smanjuje pritisak na \u017eiv\u010dane puteve i daje u\u0161ima slobodu kretanja.<\/span><\/span><\/span><\/p>\n<p><span class=\"HwtZe\" lang=\"sl\"><span class=\"jCAhz ChMk0b\"><span class=\"ryNqvb\">Posebnu udobnost konju pru\u017eaju i ko\u017eni jezi\u010dci ispod kop\u010di i podstavljen nosnik.<\/span><\/span> <span class=\"jCAhz ChMk0b\"><span class=\"ryNqvb\">Ve\u0107e kop\u010de i ovalne rupe omogu\u0107uju lak\u0161e zakop\u010davanje.<\/span><\/span> <span class=\"jCAhz ChMk0b\"><span class=\"ryNqvb\">Nosnik je podesiv s obje strane.<\/span><\/span> <span class=\"jCAhz ChMk0b\"><span class=\"ryNqvb\"><strong>Uzda Kavalkade Everado<\/strong> <strong>ima prilo\u017eene uske gumirane vodilice s pre\u010dkama, \u0161irine 16 mm. Nosna podloga od janje\u0107e ko\u017ee je uklonjiva.<br \/>\n<\/strong><\/span><\/span><\/span><\/p>\n<p><span class=\"HwtZe\" lang=\"sl\"><span class=\"jCAhz\"><span class=\"ryNqvb\"><strong>\u0160to je nauljena ko\u017ea?<\/strong> O<\/span><\/span><span class=\"jCAhz ChMk0b\"><span class=\"ryNqvb\">Nauljena ko\u017ea je \u0161tavljena ko\u017ea i ima prirodnu zrnatost.<\/span><\/span> <span class=\"jCAhz ChMk0b\"><span class=\"ryNqvb\">Tijekom procesa \u0161tavljenja obra\u0111ena je visokokvalitetnim uljima, \u0161to je \u010dini vrlo mekom i otpornom na vodu i prljav\u0161tinu.<\/span><\/span> <span class=\"jCAhz ChMk0b\"><span class=\"ryNqvb\">To zna\u010di da ko\u017ea ostaje dugo fleksibilna, izdr\u017eljiva i jednostavna za njegu.<\/span><\/span> <\/span><\/p>\n<div class=\"lRu31\" dir=\"ltr\">\n<div class=\"OvtS8d\"><\/div>\n<div id=\"ow3273\"><\/div>\n<\/div>\n<div class=\"UdTY9 WdefRb\" aria-hidden=\"true\" data-location=\"2\">\n<div class=\"kO6q6e\"><\/div>\n<\/div>\n<div class=\"XL3Kf XExWNc\">\n<div class=\"a8FIud X0rvP\">\n<div data-show-delay-ms=\"250\" data-append-to-body=\"false\" data-propagate-tooltip-mouseover-events=\"true\" data-anchor-corner=\"bottom-end\" data-enable-skip-handler=\"false\" data-popup-corner=\"top-end\">\n<div class=\"dig2sb\"><\/div>\n<\/div>\n<\/div>\n<\/div>\n<div class=\"XL3Kf XExWNc\">\n<div class=\"a8FIud X0rvP\">\n<div data-show-delay-ms=\"250\" data-append-to-body=\"false\" data-propagate-tooltip-mouseover-events=\"true\" data-anchor-corner=\"bottom-end\" data-enable-skip-handler=\"false\" data-popup-corner=\"top-end\"><\/div>\n<\/div>\n<\/div>\n<div class=\"ebT7ne VOLvac sMVRZe\">\n<div class=\"F0pQVc\"><\/div>\n<\/div>\n<div class=\"VO9ucd\">\n<div class=\"aJIq1d\" dir=\"ltr\" data-language-code=\"sl\" data-language-name=\"sloven\u0161\u010dina\" data-text=\"Gladka, trpe\u017ena in klasi\u010dna - \u201cEverado\u201d uzda Mehi\u0161ka uzda \u201cEverado\u201d je narejena iz prvovrstnega oljenega usnja in anatomsko oblikovanega, zelo mehko podlo\u017eenega naglavnega oklepa z mo\u010dno u\u0161esno vdolbino, ki razbremeni pritisk na \u017eiv\u010dne poti in daje u\u0161esom bolj\u0161o svobodo gibanja. Posebno udobje za konja nudijo tudi usnjeni jezi\u010dki pod zaponkami in oblazinjen trak za brado. Zati\u010d za vrat je nagnjen, kar pomeni, da pas le\u017ei bolj umirjeno in ne visi naprej. Ve\u010dje zaponke in ovalne luknje omogo\u010dajo la\u017eje zapenjanje. Nosni trak je nastavljiv na obeh straneh. Vklju\u010duje ozke gumirane vajeti s pre\u010dkami (16 mm). Kaj je naoljeno usnje? Naoljeno usnje je rastlinsko strojeno in ima naravno zrnatost. Med postopkom strojenja je obdelan z visokokakovostnimi olji, zaradi \u010desar je zelo mehak in odporen na vodo in umazanijo. To pomeni, da usnje ostane dolgo pro\u017eno, vzdr\u017eljivo in enostavno za nego. - Uzda \u201cEverado\u201d. - Mehi\u0161ki nosni pas, nastavljiv na obeh straneh - iz naoljenega usnja - vklju\u010dno s snemljivo nosno blazinico iz jagnje\u010djega usnja (ostale nosne blazinice so na voljo pod \u0161t. artikla 246 13 (usnjeno \u010drno ali rjavo), \u0161t. artikla 246 16 (umetno krzno) in \u0161t. artikla 246 17 (prava jagnje\u010dja ko\u017ea). - visoko anatomski naglavni del - Podlo\u017een trak za brado - ve\u010dje zaponke in ovalne luknje za la\u017eje zapenjanje - Usnjen jezi\u010dek pod stranskimi obro\u010di - po\u0161evni vratni pas za ti\u0161je prileganje - ukrivljen usnjen naglavni trak - vklju\u010dno z ozkimi gumiranimi vajetimi (16 mm) s 5 pre\u010dkami Velikost: V, \u0160 Barva: \u010drna, rjava Material: oljeno usnje Navodila za nego Odstranite umazanijo s krpo in po potrebi obdelajte z ustreznimi negovalnimi sredstvi (npr. Horseman's One Step iz Absorbine art. \u0161t. 504 01). \u010ce ga shranjujete dlje \u010dasa, ga temeljito o\u010distite in shranite v vre\u010dko, da ga za\u0161\u010ditite pred son\u010dno svetlobo, prahom in vlago. Nevarnost: Zaradi edinstvene narave usnja se lahko ostanki olja prenesejo na druge povr\u0161ine. Izogibajte se dolgotrajnemu in neposrednemu stiku s svetlimi tkaninami, prepustnimi povr\u0161inami in drugim usnjem, ki bi lahko nenamerno absorbiralo olje.\" data-crosslingual-hint=\"\" data-location=\"2\" data-enable-toggle-playback-speed=\"true\" data-results-count=\"1\" data-result-index=\"1\">\n<div class=\"m0Qfkd\"><\/div>\n<\/div>\n<\/div>\n<p>&nbsp;<\/p>\n","protected":false},"excerpt":{"rendered":"<p><img loading=\"lazy\" decoding=\"async\" class=\"alignnone size-full wp-image-12781\" src=\"https:\/\/clair.si\/wp-content\/uploads\/2022\/09\/oiled_leather.webp\" alt=\"\" width=\"100\" height=\"100\" \/><\/p>\n","protected":false},"featured_media":94894,"template":"","meta":{"footnotes":""},"product_brand":[],"product_cat":[5624,5843,5697],"product_tag":[],"class_list":{"0":"post-94893","1":"product","2":"type-product","3":"status-publish","4":"has-post-thumbnail","6":"product_cat-konj-hr","7":"product_cat-uzde","8":"product_cat-uzde-i-dizgini","10":"first","11":"instock","12":"sale","13":"shipping-taxable","14":"purchasable","15":"product-type-variable"},"yoast_head":"<!-- This site is optimized with the Yoast SEO plugin v27.5 - https:\/\/yoast.com\/product\/yoast-seo-wordpress\/ -->\n<title>Uzda Kavalkade Everado - Clair<\/title>\n<meta name=\"robots\" content=\"index, follow, max-snippet:-1, max-image-preview:large, max-video-preview:-1\" \/>\n<link rel=\"canonical\" href=\"https:\/\/clair.si\/izdelek\/uzda-kavalkade-everado\/\" \/>\n<meta property=\"og:locale\" content=\"hr_HR\" \/>\n<meta property=\"og:type\" content=\"article\" \/>\n<meta property=\"og:title\" content=\"Uzda Kavalkade Everado - Clair\" \/>\n<meta property=\"og:url\" content=\"https:\/\/clair.si\/izdelek\/uzda-kavalkade-everado\/\" \/>\n<meta property=\"og:site_name\" content=\"Clair\" \/>\n<meta property=\"article:publisher\" content=\"https:\/\/www.facebook.com\/TrgovinaClair\/\" \/>\n<meta property=\"article:modified_time\" content=\"2025-09-23T06:54:17+00:00\" \/>\n<meta property=\"og:image\" content=\"https:\/\/clair.si\/wp-content\/uploads\/2024\/08\/mehiska-uzda-kavalkade-everado-jpg.avif\" \/>\n\t<meta property=\"og:image:width\" content=\"800\" \/>\n\t<meta property=\"og:image:height\" content=\"800\" \/>\n\t<meta property=\"og:image:type\" content=\"image\/jpeg\" \/>\n<meta name=\"twitter:card\" content=\"summary_large_image\" \/>\n<meta name=\"twitter:label1\" content=\"Procijenjeno vrijeme \u010ditanja\" \/>\n\t<meta name=\"twitter:data1\" content=\"1 minuta\" \/>\n<script type=\"application\/ld+json\" class=\"yoast-schema-graph\">{\"@context\":\"https:\\\/\\\/schema.org\",\"@graph\":[{\"@type\":\"WebPage\",\"@id\":\"https:\\\/\\\/clair.si\\\/izdelek\\\/uzda-kavalkade-everado\\\/\",\"url\":\"https:\\\/\\\/clair.si\\\/izdelek\\\/uzda-kavalkade-everado\\\/\",\"name\":\"Uzda Kavalkade Everado - Clair\",\"isPartOf\":{\"@id\":\"https:\\\/\\\/clair.si\\\/#website\"},\"primaryImageOfPage\":{\"@id\":\"https:\\\/\\\/clair.si\\\/izdelek\\\/uzda-kavalkade-everado\\\/#primaryimage\"},\"image\":{\"@id\":\"https:\\\/\\\/clair.si\\\/izdelek\\\/uzda-kavalkade-everado\\\/#primaryimage\"},\"thumbnailUrl\":\"https:\\\/\\\/clair.si\\\/wp-content\\\/uploads\\\/2024\\\/08\\\/mehiska-uzda-kavalkade-everado-jpg.avif\",\"datePublished\":\"2024-08-11T09:32:19+00:00\",\"dateModified\":\"2025-09-23T06:54:17+00:00\",\"breadcrumb\":{\"@id\":\"https:\\\/\\\/clair.si\\\/izdelek\\\/uzda-kavalkade-everado\\\/#breadcrumb\"},\"inLanguage\":\"hr\",\"potentialAction\":[{\"@type\":\"ReadAction\",\"target\":[\"https:\\\/\\\/clair.si\\\/izdelek\\\/uzda-kavalkade-everado\\\/\"]}]},{\"@type\":\"ImageObject\",\"inLanguage\":\"hr\",\"@id\":\"https:\\\/\\\/clair.si\\\/izdelek\\\/uzda-kavalkade-everado\\\/#primaryimage\",\"url\":\"https:\\\/\\\/clair.si\\\/wp-content\\\/uploads\\\/2024\\\/08\\\/mehiska-uzda-kavalkade-everado-jpg.avif\",\"contentUrl\":\"https:\\\/\\\/clair.si\\\/wp-content\\\/uploads\\\/2024\\\/08\\\/mehiska-uzda-kavalkade-everado-jpg.avif\",\"width\":800,\"height\":800},{\"@type\":\"BreadcrumbList\",\"@id\":\"https:\\\/\\\/clair.si\\\/izdelek\\\/uzda-kavalkade-everado\\\/#breadcrumb\",\"itemListElement\":[{\"@type\":\"ListItem\",\"position\":1,\"name\":\"Home\",\"item\":\"https:\\\/\\\/clair.si\\\/hr\\\/\"},{\"@type\":\"ListItem\",\"position\":2,\"name\":\"Trgovina\",\"item\":\"https:\\\/\\\/clair.si\\\/trgovina\\\/\"},{\"@type\":\"ListItem\",\"position\":3,\"name\":\"Uzda Kavalkade Everado\"}]},{\"@type\":\"WebSite\",\"@id\":\"https:\\\/\\\/clair.si\\\/#website\",\"url\":\"https:\\\/\\\/clair.si\\\/\",\"name\":\"Clair\",\"description\":\"Trgovina s konjeni\u0161ko opremo\",\"publisher\":{\"@id\":\"https:\\\/\\\/clair.si\\\/#organization\"},\"potentialAction\":[{\"@type\":\"SearchAction\",\"target\":{\"@type\":\"EntryPoint\",\"urlTemplate\":\"https:\\\/\\\/clair.si\\\/?s={search_term_string}\"},\"query-input\":{\"@type\":\"PropertyValueSpecification\",\"valueRequired\":true,\"valueName\":\"search_term_string\"}}],\"inLanguage\":\"hr\"},{\"@type\":\"Organization\",\"@id\":\"https:\\\/\\\/clair.si\\\/#organization\",\"name\":\"Clair\",\"url\":\"https:\\\/\\\/clair.si\\\/\",\"logo\":{\"@type\":\"ImageObject\",\"inLanguage\":\"hr\",\"@id\":\"https:\\\/\\\/clair.si\\\/#\\\/schema\\\/logo\\\/image\\\/\",\"url\":\"https:\\\/\\\/clair.si\\\/wp-content\\\/uploads\\\/2022\\\/11\\\/clair_logo_2022.jpg\",\"contentUrl\":\"https:\\\/\\\/clair.si\\\/wp-content\\\/uploads\\\/2022\\\/11\\\/clair_logo_2022.jpg\",\"width\":1920,\"height\":1920,\"caption\":\"Clair\"},\"image\":{\"@id\":\"https:\\\/\\\/clair.si\\\/#\\\/schema\\\/logo\\\/image\\\/\"},\"sameAs\":[\"https:\\\/\\\/www.facebook.com\\\/TrgovinaClair\\\/\"]}]}<\/script>\n<!-- \/ Yoast SEO plugin. -->","yoast_head_json":{"title":"Uzda Kavalkade Everado - Clair","robots":{"index":"index","follow":"follow","max-snippet":"max-snippet:-1","max-image-preview":"max-image-preview:large","max-video-preview":"max-video-preview:-1"},"canonical":"https:\/\/clair.si\/izdelek\/uzda-kavalkade-everado\/","og_locale":"hr_HR","og_type":"article","og_title":"Uzda Kavalkade Everado - Clair","og_url":"https:\/\/clair.si\/izdelek\/uzda-kavalkade-everado\/","og_site_name":"Clair","article_publisher":"https:\/\/www.facebook.com\/TrgovinaClair\/","article_modified_time":"2025-09-23T06:54:17+00:00","og_image":[{"width":800,"height":800,"url":"https:\/\/clair.si\/wp-content\/uploads\/2024\/08\/mehiska-uzda-kavalkade-everado-jpg.avif","type":"image\/jpeg"}],"twitter_card":"summary_large_image","twitter_misc":{"Procijenjeno vrijeme \u010ditanja":"1 minuta"},"schema":{"@context":"https:\/\/schema.org","@graph":[{"@type":"WebPage","@id":"https:\/\/clair.si\/izdelek\/uzda-kavalkade-everado\/","url":"https:\/\/clair.si\/izdelek\/uzda-kavalkade-everado\/","name":"Uzda Kavalkade Everado - Clair","isPartOf":{"@id":"https:\/\/clair.si\/#website"},"primaryImageOfPage":{"@id":"https:\/\/clair.si\/izdelek\/uzda-kavalkade-everado\/#primaryimage"},"image":{"@id":"https:\/\/clair.si\/izdelek\/uzda-kavalkade-everado\/#primaryimage"},"thumbnailUrl":"https:\/\/clair.si\/wp-content\/uploads\/2024\/08\/mehiska-uzda-kavalkade-everado-jpg.avif","datePublished":"2024-08-11T09:32:19+00:00","dateModified":"2025-09-23T06:54:17+00:00","breadcrumb":{"@id":"https:\/\/clair.si\/izdelek\/uzda-kavalkade-everado\/#breadcrumb"},"inLanguage":"hr","potentialAction":[{"@type":"ReadAction","target":["https:\/\/clair.si\/izdelek\/uzda-kavalkade-everado\/"]}]},{"@type":"ImageObject","inLanguage":"hr","@id":"https:\/\/clair.si\/izdelek\/uzda-kavalkade-everado\/#primaryimage","url":"https:\/\/clair.si\/wp-content\/uploads\/2024\/08\/mehiska-uzda-kavalkade-everado-jpg.avif","contentUrl":"https:\/\/clair.si\/wp-content\/uploads\/2024\/08\/mehiska-uzda-kavalkade-everado-jpg.avif","width":800,"height":800},{"@type":"BreadcrumbList","@id":"https:\/\/clair.si\/izdelek\/uzda-kavalkade-everado\/#breadcrumb","itemListElement":[{"@type":"ListItem","position":1,"name":"Home","item":"https:\/\/clair.si\/hr\/"},{"@type":"ListItem","position":2,"name":"Trgovina","item":"https:\/\/clair.si\/trgovina\/"},{"@type":"ListItem","position":3,"name":"Uzda Kavalkade Everado"}]},{"@type":"WebSite","@id":"https:\/\/clair.si\/#website","url":"https:\/\/clair.si\/","name":"Clair","description":"Trgovina s konjeni\u0161ko opremo","publisher":{"@id":"https:\/\/clair.si\/#organization"},"potentialAction":[{"@type":"SearchAction","target":{"@type":"EntryPoint","urlTemplate":"https:\/\/clair.si\/?s={search_term_string}"},"query-input":{"@type":"PropertyValueSpecification","valueRequired":true,"valueName":"search_term_string"}}],"inLanguage":"hr"},{"@type":"Organization","@id":"https:\/\/clair.si\/#organization","name":"Clair","url":"https:\/\/clair.si\/","logo":{"@type":"ImageObject","inLanguage":"hr","@id":"https:\/\/clair.si\/#\/schema\/logo\/image\/","url":"https:\/\/clair.si\/wp-content\/uploads\/2022\/11\/clair_logo_2022.jpg","contentUrl":"https:\/\/clair.si\/wp-content\/uploads\/2022\/11\/clair_logo_2022.jpg","width":1920,"height":1920,"caption":"Clair"},"image":{"@id":"https:\/\/clair.si\/#\/schema\/logo\/image\/"},"sameAs":["https:\/\/www.facebook.com\/TrgovinaClair\/"]}]}},"_links":{"self":[{"href":"https:\/\/clair.si\/hr\/wp-json\/wp\/v2\/product\/94893","targetHints":{"allow":["GET"]}}],"collection":[{"href":"https:\/\/clair.si\/hr\/wp-json\/wp\/v2\/product"}],"about":[{"href":"https:\/\/clair.si\/hr\/wp-json\/wp\/v2\/types\/product"}],"version-history":[{"count":2,"href":"https:\/\/clair.si\/hr\/wp-json\/wp\/v2\/product\/94893\/revisions"}],"predecessor-version":[{"id":113847,"href":"https:\/\/clair.si\/hr\/wp-json\/wp\/v2\/product\/94893\/revisions\/113847"}],"wp:featuredmedia":[{"embeddable":true,"href":"https:\/\/clair.si\/hr\/wp-json\/wp\/v2\/media\/94894"}],"wp:attachment":[{"href":"https:\/\/clair.si\/hr\/wp-json\/wp\/v2\/media?parent=94893"}],"wp:term":[{"taxonomy":"product_brand","embeddable":true,"href":"https:\/\/clair.si\/hr\/wp-json\/wp\/v2\/product_brand?post=94893"},{"taxonomy":"product_cat","embeddable":true,"href":"https:\/\/clair.si\/hr\/wp-json\/wp\/v2\/product_cat?post=94893"},{"taxonomy":"product_tag","embeddable":true,"href":"https:\/\/clair.si\/hr\/wp-json\/wp\/v2\/product_tag?post=94893"}],"curies":[{"name":"wp","href":"https:\/\/api.w.org\/{rel}","templated":true}]}}