{"id":94916,"date":"2024-08-12T11:05:06","date_gmt":"2024-08-12T09:05:06","guid":{"rendered":"https:\/\/clair.si\/izdelek\/western-podsedlica-felt-120\/"},"modified":"2025-08-28T08:11:45","modified_gmt":"2025-08-28T06:11:45","slug":"western-podsedlica-felt-120","status":"publish","type":"product","link":"https:\/\/clair.si\/hr\/izdelek\/western-podsedlica-felt-120\/","title":{"rendered":"Western podsedlica Felt 120"},"content":{"rendered":"<p>Vrhunska podsedlica, izra\u0111ena od filca, s dodanim zra\u010dnikom. Debljine cca 2cm, kompaktna, u be\u017e boji, s dodanim ko\u017enim oja\u010danjima. <\/p>\n","protected":false},"excerpt":{"rendered":"<p>Vrhunska podsedlica, izra\u0111ena od filca, s dodanim zra\u010dnikom. Debljine cca 2cm, kompaktna, u be\u017e boji, s dodanim ko\u017enim oja\u010danjima.<\/p>\n","protected":false},"featured_media":94924,"template":"","meta":{"footnotes":""},"product_brand":[],"product_cat":[5657,5796,5726,5794,5793],"product_tag":[],"class_list":{"0":"post-94916","1":"product","2":"type-product","3":"status-publish","4":"has-post-thumbnail","6":"product_cat-kategorije-hr","7":"product_cat-podsedlice","8":"product_cat-podsedlice-i-kapice-za-usi","9":"product_cat-western-hr","10":"product_cat-western-podsedlice","12":"first","13":"instock","14":"sale","15":"shipping-taxable","16":"purchasable","17":"product-type-simple"},"yoast_head":"<!-- This site is optimized with the Yoast SEO plugin v27.3 - https:\/\/yoast.com\/product\/yoast-seo-wordpress\/ -->\n<title>Western podsedlica Felt 120 - Clair<\/title>\n<meta name=\"description\" content=\"Vrhunska podsedlica, vrlo dobar omjer kvalitete i cijene. Vrlo prozra\u010dna i kompaktna. Osigurajte si svoju u na\u0161oj trgovini ve\u0107 sada.\" \/>\n<meta name=\"robots\" content=\"index, follow, max-snippet:-1, max-image-preview:large, max-video-preview:-1\" \/>\n<link rel=\"canonical\" href=\"https:\/\/clair.si\/hr\/izdelek\/western-podsedlica-felt-120\/\" \/>\n<meta property=\"og:locale\" content=\"hr_HR\" \/>\n<meta property=\"og:type\" content=\"article\" \/>\n<meta property=\"og:title\" content=\"Western podsedlica Felt 120 - Clair\" \/>\n<meta property=\"og:description\" content=\"Vrhunska podsedlica, vrlo dobar omjer kvalitete i cijene. Vrlo prozra\u010dna i kompaktna. Osigurajte si svoju u na\u0161oj trgovini ve\u0107 sada.\" \/>\n<meta property=\"og:url\" content=\"https:\/\/clair.si\/hr\/izdelek\/western-podsedlica-felt-120\/\" \/>\n<meta property=\"og:site_name\" content=\"Clair\" \/>\n<meta property=\"article:publisher\" content=\"https:\/\/www.facebook.com\/TrgovinaClair\/\" \/>\n<meta property=\"article:modified_time\" content=\"2025-08-28T06:11:45+00:00\" \/>\n<meta property=\"og:image\" content=\"https:\/\/clair.si\/wp-content\/uploads\/2024\/08\/PAD-120-2-jpg.avif\" \/>\n\t<meta property=\"og:image:width\" content=\"800\" \/>\n\t<meta property=\"og:image:height\" content=\"800\" \/>\n\t<meta property=\"og:image:type\" content=\"image\/jpeg\" \/>\n<meta name=\"twitter:card\" content=\"summary_large_image\" \/>\n<script type=\"application\/ld+json\" class=\"yoast-schema-graph\">{\"@context\":\"https:\\\/\\\/schema.org\",\"@graph\":[{\"@type\":\"WebPage\",\"@id\":\"https:\\\/\\\/clair.si\\\/hr\\\/izdelek\\\/western-podsedlica-felt-120\\\/\",\"url\":\"https:\\\/\\\/clair.si\\\/hr\\\/izdelek\\\/western-podsedlica-felt-120\\\/\",\"name\":\"Western podsedlica Felt 120 - Clair\",\"isPartOf\":{\"@id\":\"https:\\\/\\\/clair.si\\\/#website\"},\"primaryImageOfPage\":{\"@id\":\"https:\\\/\\\/clair.si\\\/hr\\\/izdelek\\\/western-podsedlica-felt-120\\\/#primaryimage\"},\"image\":{\"@id\":\"https:\\\/\\\/clair.si\\\/hr\\\/izdelek\\\/western-podsedlica-felt-120\\\/#primaryimage\"},\"thumbnailUrl\":\"https:\\\/\\\/clair.si\\\/wp-content\\\/uploads\\\/2024\\\/08\\\/PAD-120-2-jpg.avif\",\"datePublished\":\"2024-08-12T09:05:06+00:00\",\"dateModified\":\"2025-08-28T06:11:45+00:00\",\"description\":\"Vrhunska podsedlica, vrlo dobar omjer kvalitete i cijene. Vrlo prozra\u010dna i kompaktna. Osigurajte si svoju u na\u0161oj trgovini ve\u0107 sada.\",\"breadcrumb\":{\"@id\":\"https:\\\/\\\/clair.si\\\/hr\\\/izdelek\\\/western-podsedlica-felt-120\\\/#breadcrumb\"},\"inLanguage\":\"hr\",\"potentialAction\":[{\"@type\":\"ReadAction\",\"target\":[\"https:\\\/\\\/clair.si\\\/hr\\\/izdelek\\\/western-podsedlica-felt-120\\\/\"]}]},{\"@type\":\"ImageObject\",\"inLanguage\":\"hr\",\"@id\":\"https:\\\/\\\/clair.si\\\/hr\\\/izdelek\\\/western-podsedlica-felt-120\\\/#primaryimage\",\"url\":\"https:\\\/\\\/clair.si\\\/wp-content\\\/uploads\\\/2024\\\/08\\\/PAD-120-2-jpg.avif\",\"contentUrl\":\"https:\\\/\\\/clair.si\\\/wp-content\\\/uploads\\\/2024\\\/08\\\/PAD-120-2-jpg.avif\",\"width\":800,\"height\":800},{\"@type\":\"BreadcrumbList\",\"@id\":\"https:\\\/\\\/clair.si\\\/hr\\\/izdelek\\\/western-podsedlica-felt-120\\\/#breadcrumb\",\"itemListElement\":[{\"@type\":\"ListItem\",\"position\":1,\"name\":\"Home\",\"item\":\"https:\\\/\\\/clair.si\\\/hr\\\/\"},{\"@type\":\"ListItem\",\"position\":2,\"name\":\"Trgovina\",\"item\":\"https:\\\/\\\/clair.si\\\/trgovina\\\/\"},{\"@type\":\"ListItem\",\"position\":3,\"name\":\"Western podsedlica Felt 120\"}]},{\"@type\":\"WebSite\",\"@id\":\"https:\\\/\\\/clair.si\\\/#website\",\"url\":\"https:\\\/\\\/clair.si\\\/\",\"name\":\"Clair\",\"description\":\"Trgovina s konjeni\u0161ko opremo\",\"publisher\":{\"@id\":\"https:\\\/\\\/clair.si\\\/#organization\"},\"potentialAction\":[{\"@type\":\"SearchAction\",\"target\":{\"@type\":\"EntryPoint\",\"urlTemplate\":\"https:\\\/\\\/clair.si\\\/?s={search_term_string}\"},\"query-input\":{\"@type\":\"PropertyValueSpecification\",\"valueRequired\":true,\"valueName\":\"search_term_string\"}}],\"inLanguage\":\"hr\"},{\"@type\":\"Organization\",\"@id\":\"https:\\\/\\\/clair.si\\\/#organization\",\"name\":\"Clair\",\"url\":\"https:\\\/\\\/clair.si\\\/\",\"logo\":{\"@type\":\"ImageObject\",\"inLanguage\":\"hr\",\"@id\":\"https:\\\/\\\/clair.si\\\/#\\\/schema\\\/logo\\\/image\\\/\",\"url\":\"https:\\\/\\\/clair.si\\\/wp-content\\\/uploads\\\/2022\\\/11\\\/clair_logo_2022.jpg\",\"contentUrl\":\"https:\\\/\\\/clair.si\\\/wp-content\\\/uploads\\\/2022\\\/11\\\/clair_logo_2022.jpg\",\"width\":1920,\"height\":1920,\"caption\":\"Clair\"},\"image\":{\"@id\":\"https:\\\/\\\/clair.si\\\/#\\\/schema\\\/logo\\\/image\\\/\"},\"sameAs\":[\"https:\\\/\\\/www.facebook.com\\\/TrgovinaClair\\\/\"]}]}<\/script>\n<!-- \/ Yoast SEO plugin. -->","yoast_head_json":{"title":"Western podsedlica Felt 120 - Clair","description":"Vrhunska podsedlica, vrlo dobar omjer kvalitete i cijene. Vrlo prozra\u010dna i kompaktna. Osigurajte si svoju u na\u0161oj trgovini ve\u0107 sada.","robots":{"index":"index","follow":"follow","max-snippet":"max-snippet:-1","max-image-preview":"max-image-preview:large","max-video-preview":"max-video-preview:-1"},"canonical":"https:\/\/clair.si\/hr\/izdelek\/western-podsedlica-felt-120\/","og_locale":"hr_HR","og_type":"article","og_title":"Western podsedlica Felt 120 - Clair","og_description":"Vrhunska podsedlica, vrlo dobar omjer kvalitete i cijene. Vrlo prozra\u010dna i kompaktna. Osigurajte si svoju u na\u0161oj trgovini ve\u0107 sada.","og_url":"https:\/\/clair.si\/hr\/izdelek\/western-podsedlica-felt-120\/","og_site_name":"Clair","article_publisher":"https:\/\/www.facebook.com\/TrgovinaClair\/","article_modified_time":"2025-08-28T06:11:45+00:00","og_image":[{"width":800,"height":800,"url":"https:\/\/clair.si\/wp-content\/uploads\/2024\/08\/PAD-120-2-jpg.avif","type":"image\/jpeg"}],"twitter_card":"summary_large_image","schema":{"@context":"https:\/\/schema.org","@graph":[{"@type":"WebPage","@id":"https:\/\/clair.si\/hr\/izdelek\/western-podsedlica-felt-120\/","url":"https:\/\/clair.si\/hr\/izdelek\/western-podsedlica-felt-120\/","name":"Western podsedlica Felt 120 - Clair","isPartOf":{"@id":"https:\/\/clair.si\/#website"},"primaryImageOfPage":{"@id":"https:\/\/clair.si\/hr\/izdelek\/western-podsedlica-felt-120\/#primaryimage"},"image":{"@id":"https:\/\/clair.si\/hr\/izdelek\/western-podsedlica-felt-120\/#primaryimage"},"thumbnailUrl":"https:\/\/clair.si\/wp-content\/uploads\/2024\/08\/PAD-120-2-jpg.avif","datePublished":"2024-08-12T09:05:06+00:00","dateModified":"2025-08-28T06:11:45+00:00","description":"Vrhunska podsedlica, vrlo dobar omjer kvalitete i cijene. Vrlo prozra\u010dna i kompaktna. Osigurajte si svoju u na\u0161oj trgovini ve\u0107 sada.","breadcrumb":{"@id":"https:\/\/clair.si\/hr\/izdelek\/western-podsedlica-felt-120\/#breadcrumb"},"inLanguage":"hr","potentialAction":[{"@type":"ReadAction","target":["https:\/\/clair.si\/hr\/izdelek\/western-podsedlica-felt-120\/"]}]},{"@type":"ImageObject","inLanguage":"hr","@id":"https:\/\/clair.si\/hr\/izdelek\/western-podsedlica-felt-120\/#primaryimage","url":"https:\/\/clair.si\/wp-content\/uploads\/2024\/08\/PAD-120-2-jpg.avif","contentUrl":"https:\/\/clair.si\/wp-content\/uploads\/2024\/08\/PAD-120-2-jpg.avif","width":800,"height":800},{"@type":"BreadcrumbList","@id":"https:\/\/clair.si\/hr\/izdelek\/western-podsedlica-felt-120\/#breadcrumb","itemListElement":[{"@type":"ListItem","position":1,"name":"Home","item":"https:\/\/clair.si\/hr\/"},{"@type":"ListItem","position":2,"name":"Trgovina","item":"https:\/\/clair.si\/trgovina\/"},{"@type":"ListItem","position":3,"name":"Western podsedlica Felt 120"}]},{"@type":"WebSite","@id":"https:\/\/clair.si\/#website","url":"https:\/\/clair.si\/","name":"Clair","description":"Trgovina s konjeni\u0161ko opremo","publisher":{"@id":"https:\/\/clair.si\/#organization"},"potentialAction":[{"@type":"SearchAction","target":{"@type":"EntryPoint","urlTemplate":"https:\/\/clair.si\/?s={search_term_string}"},"query-input":{"@type":"PropertyValueSpecification","valueRequired":true,"valueName":"search_term_string"}}],"inLanguage":"hr"},{"@type":"Organization","@id":"https:\/\/clair.si\/#organization","name":"Clair","url":"https:\/\/clair.si\/","logo":{"@type":"ImageObject","inLanguage":"hr","@id":"https:\/\/clair.si\/#\/schema\/logo\/image\/","url":"https:\/\/clair.si\/wp-content\/uploads\/2022\/11\/clair_logo_2022.jpg","contentUrl":"https:\/\/clair.si\/wp-content\/uploads\/2022\/11\/clair_logo_2022.jpg","width":1920,"height":1920,"caption":"Clair"},"image":{"@id":"https:\/\/clair.si\/#\/schema\/logo\/image\/"},"sameAs":["https:\/\/www.facebook.com\/TrgovinaClair\/"]}]}},"_links":{"self":[{"href":"https:\/\/clair.si\/hr\/wp-json\/wp\/v2\/product\/94916","targetHints":{"allow":["GET"]}}],"collection":[{"href":"https:\/\/clair.si\/hr\/wp-json\/wp\/v2\/product"}],"about":[{"href":"https:\/\/clair.si\/hr\/wp-json\/wp\/v2\/types\/product"}],"version-history":[{"count":0,"href":"https:\/\/clair.si\/hr\/wp-json\/wp\/v2\/product\/94916\/revisions"}],"wp:featuredmedia":[{"embeddable":true,"href":"https:\/\/clair.si\/hr\/wp-json\/wp\/v2\/media\/94924"}],"wp:attachment":[{"href":"https:\/\/clair.si\/hr\/wp-json\/wp\/v2\/media?parent=94916"}],"wp:term":[{"taxonomy":"product_brand","embeddable":true,"href":"https:\/\/clair.si\/hr\/wp-json\/wp\/v2\/product_brand?post=94916"},{"taxonomy":"product_cat","embeddable":true,"href":"https:\/\/clair.si\/hr\/wp-json\/wp\/v2\/product_cat?post=94916"},{"taxonomy":"product_tag","embeddable":true,"href":"https:\/\/clair.si\/hr\/wp-json\/wp\/v2\/product_tag?post=94916"}],"curies":[{"name":"wp","href":"https:\/\/api.w.org\/{rel}","templated":true}]}}