{"id":94942,"date":"2024-08-12T11:35:17","date_gmt":"2024-08-12T09:35:17","guid":{"rendered":"https:\/\/clair.si\/izdelek\/pojas-western-leather\/"},"modified":"2025-09-28T19:05:25","modified_gmt":"2025-09-28T17:05:25","slug":"kolan-western-leather","status":"publish","type":"product","link":"https:\/\/clair.si\/hr\/izdelek\/kolan-western-leather\/","title":{"rendered":"Kolan western Leather"},"content":{"rendered":"<p>Vrhunski kolan , izra\u0111en od kvalitetne ko\u017ee. Izuzetno mekan. Prilo\u017eena dva podlo\u0161ka koja se vrlo jednostavno mijenjaju jer se pri\u010dvr\u0161\u0107uju \u010di\u010dkom. Jedan podlo\u017eak izra\u0111en od filca, drugi od neoprena.   <\/p>\n","protected":false},"excerpt":{"rendered":"<p>Vrhunski kolan , izra\u0111en od kvalitetne ko\u017ee. Izuzetno mekan. Prilo\u017eena dva podlo\u0161ka koja se vrlo jednostavno mijenjaju jer se pri\u010dvr\u0161\u0107uju<\/p>\n","protected":false},"featured_media":94944,"template":"","meta":{"footnotes":""},"product_brand":[],"product_cat":[5657,5818,5624,5897,5794,5896],"product_tag":[],"class_list":{"0":"post-94942","1":"product","2":"type-product","3":"status-publish","4":"has-post-thumbnail","6":"product_cat-kategorije-hr","7":"product_cat-kolan","8":"product_cat-konj-hr","9":"product_cat-pojasevi-za-sedlo","10":"product_cat-western-hr","11":"product_cat-western-kolani","13":"first","14":"instock","15":"sale","16":"shipping-taxable","17":"purchasable","18":"product-type-variable"},"yoast_head":"<!-- This site is optimized with the Yoast SEO plugin v27.4 - https:\/\/yoast.com\/product\/yoast-seo-wordpress\/ -->\n<title>Kolan western Leather - Clair<\/title>\n<meta name=\"description\" content=\"Kolan , izra\u0111en od vrhunske ko\u017ee, s prilo\u017eena dva podlo\u0161ka. Odaberite svoju duljinu i kupite svoj primjerak odmah!\" \/>\n<meta name=\"robots\" content=\"index, follow, max-snippet:-1, max-image-preview:large, max-video-preview:-1\" \/>\n<link rel=\"canonical\" href=\"https:\/\/clair.si\/hr\/izdelek\/kolan-western-leather\/\" \/>\n<meta property=\"og:locale\" content=\"hr_HR\" \/>\n<meta property=\"og:type\" content=\"article\" \/>\n<meta property=\"og:title\" content=\"Kolan western Leather - Clair\" \/>\n<meta property=\"og:description\" content=\"Kolan , izra\u0111en od vrhunske ko\u017ee, s prilo\u017eena dva podlo\u0161ka. Odaberite svoju duljinu i kupite svoj primjerak odmah!\" \/>\n<meta property=\"og:url\" content=\"https:\/\/clair.si\/hr\/izdelek\/kolan-western-leather\/\" \/>\n<meta property=\"og:site_name\" content=\"Clair\" \/>\n<meta property=\"article:publisher\" content=\"https:\/\/www.facebook.com\/TrgovinaClair\/\" \/>\n<meta property=\"article:modified_time\" content=\"2025-09-28T17:05:25+00:00\" \/>\n<meta property=\"og:image\" content=\"https:\/\/clair.si\/wp-content\/uploads\/2024\/08\/CH057-2-jpg.avif\" \/>\n\t<meta property=\"og:image:width\" content=\"1000\" \/>\n\t<meta property=\"og:image:height\" content=\"1000\" \/>\n\t<meta property=\"og:image:type\" content=\"image\/jpeg\" \/>\n<meta name=\"twitter:card\" content=\"summary_large_image\" \/>\n<meta name=\"twitter:label1\" content=\"Procijenjeno vrijeme \u010ditanja\" \/>\n\t<meta name=\"twitter:data1\" content=\"1 minuta\" \/>\n<script type=\"application\/ld+json\" class=\"yoast-schema-graph\">{\"@context\":\"https:\\\/\\\/schema.org\",\"@graph\":[{\"@type\":\"WebPage\",\"@id\":\"https:\\\/\\\/clair.si\\\/hr\\\/izdelek\\\/kolan-western-leather\\\/\",\"url\":\"https:\\\/\\\/clair.si\\\/hr\\\/izdelek\\\/kolan-western-leather\\\/\",\"name\":\"Kolan western Leather - Clair\",\"isPartOf\":{\"@id\":\"https:\\\/\\\/clair.si\\\/#website\"},\"primaryImageOfPage\":{\"@id\":\"https:\\\/\\\/clair.si\\\/hr\\\/izdelek\\\/kolan-western-leather\\\/#primaryimage\"},\"image\":{\"@id\":\"https:\\\/\\\/clair.si\\\/hr\\\/izdelek\\\/kolan-western-leather\\\/#primaryimage\"},\"thumbnailUrl\":\"https:\\\/\\\/clair.si\\\/wp-content\\\/uploads\\\/2024\\\/08\\\/CH057-2-jpg.avif\",\"datePublished\":\"2024-08-12T09:35:17+00:00\",\"dateModified\":\"2025-09-28T17:05:25+00:00\",\"description\":\"Kolan , izra\u0111en od vrhunske ko\u017ee, s prilo\u017eena dva podlo\u0161ka. Odaberite svoju duljinu i kupite svoj primjerak odmah!\",\"breadcrumb\":{\"@id\":\"https:\\\/\\\/clair.si\\\/hr\\\/izdelek\\\/kolan-western-leather\\\/#breadcrumb\"},\"inLanguage\":\"hr\",\"potentialAction\":[{\"@type\":\"ReadAction\",\"target\":[\"https:\\\/\\\/clair.si\\\/hr\\\/izdelek\\\/kolan-western-leather\\\/\"]}]},{\"@type\":\"ImageObject\",\"inLanguage\":\"hr\",\"@id\":\"https:\\\/\\\/clair.si\\\/hr\\\/izdelek\\\/kolan-western-leather\\\/#primaryimage\",\"url\":\"https:\\\/\\\/clair.si\\\/wp-content\\\/uploads\\\/2024\\\/08\\\/CH057-2-jpg.avif\",\"contentUrl\":\"https:\\\/\\\/clair.si\\\/wp-content\\\/uploads\\\/2024\\\/08\\\/CH057-2-jpg.avif\",\"width\":1000,\"height\":1000},{\"@type\":\"BreadcrumbList\",\"@id\":\"https:\\\/\\\/clair.si\\\/hr\\\/izdelek\\\/kolan-western-leather\\\/#breadcrumb\",\"itemListElement\":[{\"@type\":\"ListItem\",\"position\":1,\"name\":\"Home\",\"item\":\"https:\\\/\\\/clair.si\\\/hr\\\/\"},{\"@type\":\"ListItem\",\"position\":2,\"name\":\"Trgovina\",\"item\":\"https:\\\/\\\/clair.si\\\/trgovina\\\/\"},{\"@type\":\"ListItem\",\"position\":3,\"name\":\"Kolan western Leather\"}]},{\"@type\":\"WebSite\",\"@id\":\"https:\\\/\\\/clair.si\\\/#website\",\"url\":\"https:\\\/\\\/clair.si\\\/\",\"name\":\"Clair\",\"description\":\"Trgovina s konjeni\u0161ko opremo\",\"publisher\":{\"@id\":\"https:\\\/\\\/clair.si\\\/#organization\"},\"potentialAction\":[{\"@type\":\"SearchAction\",\"target\":{\"@type\":\"EntryPoint\",\"urlTemplate\":\"https:\\\/\\\/clair.si\\\/?s={search_term_string}\"},\"query-input\":{\"@type\":\"PropertyValueSpecification\",\"valueRequired\":true,\"valueName\":\"search_term_string\"}}],\"inLanguage\":\"hr\"},{\"@type\":\"Organization\",\"@id\":\"https:\\\/\\\/clair.si\\\/#organization\",\"name\":\"Clair\",\"url\":\"https:\\\/\\\/clair.si\\\/\",\"logo\":{\"@type\":\"ImageObject\",\"inLanguage\":\"hr\",\"@id\":\"https:\\\/\\\/clair.si\\\/#\\\/schema\\\/logo\\\/image\\\/\",\"url\":\"https:\\\/\\\/clair.si\\\/wp-content\\\/uploads\\\/2022\\\/11\\\/clair_logo_2022.jpg\",\"contentUrl\":\"https:\\\/\\\/clair.si\\\/wp-content\\\/uploads\\\/2022\\\/11\\\/clair_logo_2022.jpg\",\"width\":1920,\"height\":1920,\"caption\":\"Clair\"},\"image\":{\"@id\":\"https:\\\/\\\/clair.si\\\/#\\\/schema\\\/logo\\\/image\\\/\"},\"sameAs\":[\"https:\\\/\\\/www.facebook.com\\\/TrgovinaClair\\\/\"]}]}<\/script>\n<!-- \/ Yoast SEO plugin. -->","yoast_head_json":{"title":"Kolan western Leather - Clair","description":"Kolan , izra\u0111en od vrhunske ko\u017ee, s prilo\u017eena dva podlo\u0161ka. Odaberite svoju duljinu i kupite svoj primjerak odmah!","robots":{"index":"index","follow":"follow","max-snippet":"max-snippet:-1","max-image-preview":"max-image-preview:large","max-video-preview":"max-video-preview:-1"},"canonical":"https:\/\/clair.si\/hr\/izdelek\/kolan-western-leather\/","og_locale":"hr_HR","og_type":"article","og_title":"Kolan western Leather - Clair","og_description":"Kolan , izra\u0111en od vrhunske ko\u017ee, s prilo\u017eena dva podlo\u0161ka. Odaberite svoju duljinu i kupite svoj primjerak odmah!","og_url":"https:\/\/clair.si\/hr\/izdelek\/kolan-western-leather\/","og_site_name":"Clair","article_publisher":"https:\/\/www.facebook.com\/TrgovinaClair\/","article_modified_time":"2025-09-28T17:05:25+00:00","og_image":[{"width":1000,"height":1000,"url":"https:\/\/clair.si\/wp-content\/uploads\/2024\/08\/CH057-2-jpg.avif","type":"image\/jpeg"}],"twitter_card":"summary_large_image","twitter_misc":{"Procijenjeno vrijeme \u010ditanja":"1 minuta"},"schema":{"@context":"https:\/\/schema.org","@graph":[{"@type":"WebPage","@id":"https:\/\/clair.si\/hr\/izdelek\/kolan-western-leather\/","url":"https:\/\/clair.si\/hr\/izdelek\/kolan-western-leather\/","name":"Kolan western Leather - Clair","isPartOf":{"@id":"https:\/\/clair.si\/#website"},"primaryImageOfPage":{"@id":"https:\/\/clair.si\/hr\/izdelek\/kolan-western-leather\/#primaryimage"},"image":{"@id":"https:\/\/clair.si\/hr\/izdelek\/kolan-western-leather\/#primaryimage"},"thumbnailUrl":"https:\/\/clair.si\/wp-content\/uploads\/2024\/08\/CH057-2-jpg.avif","datePublished":"2024-08-12T09:35:17+00:00","dateModified":"2025-09-28T17:05:25+00:00","description":"Kolan , izra\u0111en od vrhunske ko\u017ee, s prilo\u017eena dva podlo\u0161ka. Odaberite svoju duljinu i kupite svoj primjerak odmah!","breadcrumb":{"@id":"https:\/\/clair.si\/hr\/izdelek\/kolan-western-leather\/#breadcrumb"},"inLanguage":"hr","potentialAction":[{"@type":"ReadAction","target":["https:\/\/clair.si\/hr\/izdelek\/kolan-western-leather\/"]}]},{"@type":"ImageObject","inLanguage":"hr","@id":"https:\/\/clair.si\/hr\/izdelek\/kolan-western-leather\/#primaryimage","url":"https:\/\/clair.si\/wp-content\/uploads\/2024\/08\/CH057-2-jpg.avif","contentUrl":"https:\/\/clair.si\/wp-content\/uploads\/2024\/08\/CH057-2-jpg.avif","width":1000,"height":1000},{"@type":"BreadcrumbList","@id":"https:\/\/clair.si\/hr\/izdelek\/kolan-western-leather\/#breadcrumb","itemListElement":[{"@type":"ListItem","position":1,"name":"Home","item":"https:\/\/clair.si\/hr\/"},{"@type":"ListItem","position":2,"name":"Trgovina","item":"https:\/\/clair.si\/trgovina\/"},{"@type":"ListItem","position":3,"name":"Kolan western Leather"}]},{"@type":"WebSite","@id":"https:\/\/clair.si\/#website","url":"https:\/\/clair.si\/","name":"Clair","description":"Trgovina s konjeni\u0161ko opremo","publisher":{"@id":"https:\/\/clair.si\/#organization"},"potentialAction":[{"@type":"SearchAction","target":{"@type":"EntryPoint","urlTemplate":"https:\/\/clair.si\/?s={search_term_string}"},"query-input":{"@type":"PropertyValueSpecification","valueRequired":true,"valueName":"search_term_string"}}],"inLanguage":"hr"},{"@type":"Organization","@id":"https:\/\/clair.si\/#organization","name":"Clair","url":"https:\/\/clair.si\/","logo":{"@type":"ImageObject","inLanguage":"hr","@id":"https:\/\/clair.si\/#\/schema\/logo\/image\/","url":"https:\/\/clair.si\/wp-content\/uploads\/2022\/11\/clair_logo_2022.jpg","contentUrl":"https:\/\/clair.si\/wp-content\/uploads\/2022\/11\/clair_logo_2022.jpg","width":1920,"height":1920,"caption":"Clair"},"image":{"@id":"https:\/\/clair.si\/#\/schema\/logo\/image\/"},"sameAs":["https:\/\/www.facebook.com\/TrgovinaClair\/"]}]}},"_links":{"self":[{"href":"https:\/\/clair.si\/hr\/wp-json\/wp\/v2\/product\/94942","targetHints":{"allow":["GET"]}}],"collection":[{"href":"https:\/\/clair.si\/hr\/wp-json\/wp\/v2\/product"}],"about":[{"href":"https:\/\/clair.si\/hr\/wp-json\/wp\/v2\/types\/product"}],"version-history":[{"count":2,"href":"https:\/\/clair.si\/hr\/wp-json\/wp\/v2\/product\/94942\/revisions"}],"predecessor-version":[{"id":115108,"href":"https:\/\/clair.si\/hr\/wp-json\/wp\/v2\/product\/94942\/revisions\/115108"}],"wp:featuredmedia":[{"embeddable":true,"href":"https:\/\/clair.si\/hr\/wp-json\/wp\/v2\/media\/94944"}],"wp:attachment":[{"href":"https:\/\/clair.si\/hr\/wp-json\/wp\/v2\/media?parent=94942"}],"wp:term":[{"taxonomy":"product_brand","embeddable":true,"href":"https:\/\/clair.si\/hr\/wp-json\/wp\/v2\/product_brand?post=94942"},{"taxonomy":"product_cat","embeddable":true,"href":"https:\/\/clair.si\/hr\/wp-json\/wp\/v2\/product_cat?post=94942"},{"taxonomy":"product_tag","embeddable":true,"href":"https:\/\/clair.si\/hr\/wp-json\/wp\/v2\/product_tag?post=94942"}],"curies":[{"name":"wp","href":"https:\/\/api.w.org\/{rel}","templated":true}]}}