{"id":94981,"date":"2024-07-15T10:21:51","date_gmt":"2024-07-15T08:21:51","guid":{"rendered":"https:\/\/clair.si\/izdelek\/sampon-za-pse-puralia-repair\/"},"modified":"2026-02-01T11:22:11","modified_gmt":"2026-02-01T10:22:11","slug":"sampon-za-pse-puralia-repair","status":"publish","type":"product","link":"https:\/\/clair.si\/hr\/izdelek\/sampon-za-pse-puralia-repair\/","title":{"rendered":"\u0160ampon za pse Puralia Repair"},"content":{"rendered":"<p>Obnavljaju\u0107i \u0161ampon za pse sa zobenim pahuljicama i ginsengom.<\/p>\n<ul>\n<li>Bez parabena<\/li>\n<li>Bez silikona<\/li>\n<li>Bez bojila<\/li>\n<li>Vegansko<\/li>\n<li>pH neutralno<\/li>\n<li>95,8 % sastojaka prirodnog podrijetla.<\/li>\n<\/ul>\n<p>Puralia, za zdravu dlaku.<strong> Asortiman \u0161ampona, oblikovanih prema najvi\u0161im kozmeti\u010dkim standardima, koji sadr\u017ee vi\u0161e od 95 % prirodnih sastojaka, za optimalnu udobnost va\u0161eg ljubimca tijekom njege.<\/strong> Na\u0161 svestrani aktivni sastojak, zobene pahuljice, poznat je po svojim hidratantnim, omek\u0161avaju\u0107im i oblo\u017enim svojstvima, koji va\u0161em psu daju osje\u0107aj ugode. Dlaka va\u0161eg psa postaje \u010dista, mekana i svilenkasta.<br \/>\nPriu\u0161tite svom psu trenutak opu\u0161tanja i dobrog osje\u0107aja s na\u0161im posebno dizajniranim obnavljaju\u0107im \u0161amponom. Ovaj \u0161ampon kombinira zobene pahuljice s ginsengom, koji poma\u017eu vratiti sjaj i oja\u010dati dlaku. Ginseng je poznat po svojim revitaliziraju\u0107im, antioksidativnim svojstvima, koji njeguju dlaku i vra\u0107aju joj elasti\u010dnost. Formula dubinski obnavlja i njeguje dlaku te poma\u017ee poticati rast i istovremeno po\u0161tuje prirodnu ravnote\u017eu ko\u017ee. Nje\u017eni miris \u0161ampona ostavlja dlaku va\u0161eg ljubimca ugodnog mirisa. Proizvedeno u Francuskoj.      <\/p>\n<p>&nbsp;<\/p>\n<p><strong>UPOTREBA:<\/strong> Obnavljaju\u0107i \u0161ampon Puralia nanesite na mokru dlaku, dobro umasirajte, isperite i osu\u0161ite. Ako je dlaka posebno prljava, mo\u017eete ponoviti postupak i ostaviti \u0161ampon da djeluje 5 minuta, zatim temeljito isperite i osu\u0161ite. <\/p>\n<p>&nbsp;<\/p>\n<p><strong>SASTAV:<\/strong> voda, natrijev lauret sulfat, kokamidopropil betain, glicerin, natrijev klorid, benzilni alkohol, parfem, glukonolakton, natrijev hidroksid, ekstrakt zrna avena sativa (zob), natrijev benzoat, limunska kiselina, kalijev sorbat, ekstrakt korijena Panax ginseng, kalcijev glukonat, sorbinska kiselina<\/p>\n<p>&nbsp;<\/p>\n<p><strong>UPOZORENJE:<\/strong> Samo za vanjsku uporabu. Ne gutati. \u010cuvati izvan dohvata djece. Uzrokuje jako nadra\u017eivanje o\u010diju. Ko\u017eu temeljito operite nakon uporabe. U SLU\u010cAJU DODIRA S O\u010cIMA: Oprezno ispirati vodom nekoliko minuta. Uklonite kontaktne le\u0107e ako ih imate i ako je to lako u\u010diniti. Nastavite s ispiranjem. Ako nadra\u017eaj ne prestane, potra\u017eite lije\u010dni\u010dku pomo\u0107.        <\/p>\n","protected":false},"excerpt":{"rendered":"<p>Obnavljaju\u0107i \u0161ampon za pse sa zobenim pahuljicama i ginsengom. Bez parabena Bez silikona Bez bojila Vegansko pH neutralno 95,8 %<\/p>\n","protected":false},"featured_media":94983,"template":"","meta":{"footnotes":""},"product_brand":[],"product_cat":[5847,5846],"product_tag":[],"class_list":{"0":"post-94981","1":"product","2":"type-product","3":"status-publish","4":"has-post-thumbnail","6":"product_cat-kozmetika-za-pse","7":"product_cat-male-zivotinje","9":"first","10":"instock","11":"shipping-taxable","12":"purchasable","13":"product-type-variable"},"yoast_head":"<!-- This site is optimized with the Yoast SEO plugin v27.3 - https:\/\/yoast.com\/product\/yoast-seo-wordpress\/ -->\n<title>\u0160ampon za pse Puralia Repair - Clair<\/title>\n<meta name=\"description\" content=\"Puralia &quot;Repair&quot; obnavljaju\u0107i \u0161ampon za pse je \u0161ampon koji hrani o\u0161te\u0107enu dlaku psa i vra\u0107a joj sjaj. Provjerite na\u0161u ponudu i osigurajte si svoj.\" \/>\n<meta name=\"robots\" content=\"index, follow, max-snippet:-1, max-image-preview:large, max-video-preview:-1\" \/>\n<link rel=\"canonical\" href=\"https:\/\/clair.si\/hr\/izdelek\/sampon-za-pse-puralia-repair\/\" \/>\n<meta property=\"og:locale\" content=\"hr_HR\" \/>\n<meta property=\"og:type\" content=\"article\" \/>\n<meta property=\"og:title\" content=\"\u0160ampon za pse Puralia Repair - Clair\" \/>\n<meta property=\"og:description\" content=\"Puralia &quot;Repair&quot; obnavljaju\u0107i \u0161ampon za pse je \u0161ampon koji hrani o\u0161te\u0107enu dlaku psa i vra\u0107a joj sjaj. Provjerite na\u0161u ponudu i osigurajte si svoj.\" \/>\n<meta property=\"og:url\" content=\"https:\/\/clair.si\/hr\/izdelek\/sampon-za-pse-puralia-repair\/\" \/>\n<meta property=\"og:site_name\" content=\"Clair\" \/>\n<meta property=\"article:publisher\" content=\"https:\/\/www.facebook.com\/TrgovinaClair\/\" \/>\n<meta property=\"article:modified_time\" content=\"2026-02-01T10:22:11+00:00\" \/>\n<meta property=\"og:image\" content=\"https:\/\/clair.si\/wp-content\/uploads\/2024\/07\/805900201-805900202-shampoing-revitalisant-jpg.avif\" \/>\n\t<meta property=\"og:image:width\" content=\"700\" \/>\n\t<meta property=\"og:image:height\" content=\"700\" \/>\n\t<meta property=\"og:image:type\" content=\"image\/jpeg\" \/>\n<meta name=\"twitter:card\" content=\"summary_large_image\" \/>\n<meta name=\"twitter:label1\" content=\"Procijenjeno vrijeme \u010ditanja\" \/>\n\t<meta name=\"twitter:data1\" content=\"2 minute\" \/>\n<script type=\"application\/ld+json\" class=\"yoast-schema-graph\">{\"@context\":\"https:\\\/\\\/schema.org\",\"@graph\":[{\"@type\":\"WebPage\",\"@id\":\"https:\\\/\\\/clair.si\\\/hr\\\/izdelek\\\/sampon-za-pse-puralia-repair\\\/\",\"url\":\"https:\\\/\\\/clair.si\\\/hr\\\/izdelek\\\/sampon-za-pse-puralia-repair\\\/\",\"name\":\"\u0160ampon za pse Puralia Repair - Clair\",\"isPartOf\":{\"@id\":\"https:\\\/\\\/clair.si\\\/#website\"},\"primaryImageOfPage\":{\"@id\":\"https:\\\/\\\/clair.si\\\/hr\\\/izdelek\\\/sampon-za-pse-puralia-repair\\\/#primaryimage\"},\"image\":{\"@id\":\"https:\\\/\\\/clair.si\\\/hr\\\/izdelek\\\/sampon-za-pse-puralia-repair\\\/#primaryimage\"},\"thumbnailUrl\":\"https:\\\/\\\/clair.si\\\/wp-content\\\/uploads\\\/2024\\\/07\\\/805900201-805900202-shampoing-revitalisant-jpg.avif\",\"datePublished\":\"2024-07-15T08:21:51+00:00\",\"dateModified\":\"2026-02-01T10:22:11+00:00\",\"description\":\"Puralia \\\"Repair\\\" obnavljaju\u0107i \u0161ampon za pse je \u0161ampon koji hrani o\u0161te\u0107enu dlaku psa i vra\u0107a joj sjaj. Provjerite na\u0161u ponudu i osigurajte si svoj.\",\"breadcrumb\":{\"@id\":\"https:\\\/\\\/clair.si\\\/hr\\\/izdelek\\\/sampon-za-pse-puralia-repair\\\/#breadcrumb\"},\"inLanguage\":\"hr\",\"potentialAction\":[{\"@type\":\"ReadAction\",\"target\":[\"https:\\\/\\\/clair.si\\\/hr\\\/izdelek\\\/sampon-za-pse-puralia-repair\\\/\"]}]},{\"@type\":\"ImageObject\",\"inLanguage\":\"hr\",\"@id\":\"https:\\\/\\\/clair.si\\\/hr\\\/izdelek\\\/sampon-za-pse-puralia-repair\\\/#primaryimage\",\"url\":\"https:\\\/\\\/clair.si\\\/wp-content\\\/uploads\\\/2024\\\/07\\\/805900201-805900202-shampoing-revitalisant-jpg.avif\",\"contentUrl\":\"https:\\\/\\\/clair.si\\\/wp-content\\\/uploads\\\/2024\\\/07\\\/805900201-805900202-shampoing-revitalisant-jpg.avif\",\"width\":700,\"height\":700},{\"@type\":\"BreadcrumbList\",\"@id\":\"https:\\\/\\\/clair.si\\\/hr\\\/izdelek\\\/sampon-za-pse-puralia-repair\\\/#breadcrumb\",\"itemListElement\":[{\"@type\":\"ListItem\",\"position\":1,\"name\":\"Home\",\"item\":\"https:\\\/\\\/clair.si\\\/hr\\\/\"},{\"@type\":\"ListItem\",\"position\":2,\"name\":\"Trgovina\",\"item\":\"https:\\\/\\\/clair.si\\\/trgovina\\\/\"},{\"@type\":\"ListItem\",\"position\":3,\"name\":\"\u0160ampon za pse Puralia Repair\"}]},{\"@type\":\"WebSite\",\"@id\":\"https:\\\/\\\/clair.si\\\/#website\",\"url\":\"https:\\\/\\\/clair.si\\\/\",\"name\":\"Clair\",\"description\":\"Trgovina s konjeni\u0161ko opremo\",\"publisher\":{\"@id\":\"https:\\\/\\\/clair.si\\\/#organization\"},\"potentialAction\":[{\"@type\":\"SearchAction\",\"target\":{\"@type\":\"EntryPoint\",\"urlTemplate\":\"https:\\\/\\\/clair.si\\\/?s={search_term_string}\"},\"query-input\":{\"@type\":\"PropertyValueSpecification\",\"valueRequired\":true,\"valueName\":\"search_term_string\"}}],\"inLanguage\":\"hr\"},{\"@type\":\"Organization\",\"@id\":\"https:\\\/\\\/clair.si\\\/#organization\",\"name\":\"Clair\",\"url\":\"https:\\\/\\\/clair.si\\\/\",\"logo\":{\"@type\":\"ImageObject\",\"inLanguage\":\"hr\",\"@id\":\"https:\\\/\\\/clair.si\\\/#\\\/schema\\\/logo\\\/image\\\/\",\"url\":\"https:\\\/\\\/clair.si\\\/wp-content\\\/uploads\\\/2022\\\/11\\\/clair_logo_2022.jpg\",\"contentUrl\":\"https:\\\/\\\/clair.si\\\/wp-content\\\/uploads\\\/2022\\\/11\\\/clair_logo_2022.jpg\",\"width\":1920,\"height\":1920,\"caption\":\"Clair\"},\"image\":{\"@id\":\"https:\\\/\\\/clair.si\\\/#\\\/schema\\\/logo\\\/image\\\/\"},\"sameAs\":[\"https:\\\/\\\/www.facebook.com\\\/TrgovinaClair\\\/\"]}]}<\/script>\n<!-- \/ Yoast SEO plugin. -->","yoast_head_json":{"title":"\u0160ampon za pse Puralia Repair - Clair","description":"Puralia \"Repair\" obnavljaju\u0107i \u0161ampon za pse je \u0161ampon koji hrani o\u0161te\u0107enu dlaku psa i vra\u0107a joj sjaj. Provjerite na\u0161u ponudu i osigurajte si svoj.","robots":{"index":"index","follow":"follow","max-snippet":"max-snippet:-1","max-image-preview":"max-image-preview:large","max-video-preview":"max-video-preview:-1"},"canonical":"https:\/\/clair.si\/hr\/izdelek\/sampon-za-pse-puralia-repair\/","og_locale":"hr_HR","og_type":"article","og_title":"\u0160ampon za pse Puralia Repair - Clair","og_description":"Puralia \"Repair\" obnavljaju\u0107i \u0161ampon za pse je \u0161ampon koji hrani o\u0161te\u0107enu dlaku psa i vra\u0107a joj sjaj. Provjerite na\u0161u ponudu i osigurajte si svoj.","og_url":"https:\/\/clair.si\/hr\/izdelek\/sampon-za-pse-puralia-repair\/","og_site_name":"Clair","article_publisher":"https:\/\/www.facebook.com\/TrgovinaClair\/","article_modified_time":"2026-02-01T10:22:11+00:00","og_image":[{"width":700,"height":700,"url":"https:\/\/clair.si\/wp-content\/uploads\/2024\/07\/805900201-805900202-shampoing-revitalisant-jpg.avif","type":"image\/jpeg"}],"twitter_card":"summary_large_image","twitter_misc":{"Procijenjeno vrijeme \u010ditanja":"2 minute"},"schema":{"@context":"https:\/\/schema.org","@graph":[{"@type":"WebPage","@id":"https:\/\/clair.si\/hr\/izdelek\/sampon-za-pse-puralia-repair\/","url":"https:\/\/clair.si\/hr\/izdelek\/sampon-za-pse-puralia-repair\/","name":"\u0160ampon za pse Puralia Repair - Clair","isPartOf":{"@id":"https:\/\/clair.si\/#website"},"primaryImageOfPage":{"@id":"https:\/\/clair.si\/hr\/izdelek\/sampon-za-pse-puralia-repair\/#primaryimage"},"image":{"@id":"https:\/\/clair.si\/hr\/izdelek\/sampon-za-pse-puralia-repair\/#primaryimage"},"thumbnailUrl":"https:\/\/clair.si\/wp-content\/uploads\/2024\/07\/805900201-805900202-shampoing-revitalisant-jpg.avif","datePublished":"2024-07-15T08:21:51+00:00","dateModified":"2026-02-01T10:22:11+00:00","description":"Puralia \"Repair\" obnavljaju\u0107i \u0161ampon za pse je \u0161ampon koji hrani o\u0161te\u0107enu dlaku psa i vra\u0107a joj sjaj. Provjerite na\u0161u ponudu i osigurajte si svoj.","breadcrumb":{"@id":"https:\/\/clair.si\/hr\/izdelek\/sampon-za-pse-puralia-repair\/#breadcrumb"},"inLanguage":"hr","potentialAction":[{"@type":"ReadAction","target":["https:\/\/clair.si\/hr\/izdelek\/sampon-za-pse-puralia-repair\/"]}]},{"@type":"ImageObject","inLanguage":"hr","@id":"https:\/\/clair.si\/hr\/izdelek\/sampon-za-pse-puralia-repair\/#primaryimage","url":"https:\/\/clair.si\/wp-content\/uploads\/2024\/07\/805900201-805900202-shampoing-revitalisant-jpg.avif","contentUrl":"https:\/\/clair.si\/wp-content\/uploads\/2024\/07\/805900201-805900202-shampoing-revitalisant-jpg.avif","width":700,"height":700},{"@type":"BreadcrumbList","@id":"https:\/\/clair.si\/hr\/izdelek\/sampon-za-pse-puralia-repair\/#breadcrumb","itemListElement":[{"@type":"ListItem","position":1,"name":"Home","item":"https:\/\/clair.si\/hr\/"},{"@type":"ListItem","position":2,"name":"Trgovina","item":"https:\/\/clair.si\/trgovina\/"},{"@type":"ListItem","position":3,"name":"\u0160ampon za pse Puralia Repair"}]},{"@type":"WebSite","@id":"https:\/\/clair.si\/#website","url":"https:\/\/clair.si\/","name":"Clair","description":"Trgovina s konjeni\u0161ko opremo","publisher":{"@id":"https:\/\/clair.si\/#organization"},"potentialAction":[{"@type":"SearchAction","target":{"@type":"EntryPoint","urlTemplate":"https:\/\/clair.si\/?s={search_term_string}"},"query-input":{"@type":"PropertyValueSpecification","valueRequired":true,"valueName":"search_term_string"}}],"inLanguage":"hr"},{"@type":"Organization","@id":"https:\/\/clair.si\/#organization","name":"Clair","url":"https:\/\/clair.si\/","logo":{"@type":"ImageObject","inLanguage":"hr","@id":"https:\/\/clair.si\/#\/schema\/logo\/image\/","url":"https:\/\/clair.si\/wp-content\/uploads\/2022\/11\/clair_logo_2022.jpg","contentUrl":"https:\/\/clair.si\/wp-content\/uploads\/2022\/11\/clair_logo_2022.jpg","width":1920,"height":1920,"caption":"Clair"},"image":{"@id":"https:\/\/clair.si\/#\/schema\/logo\/image\/"},"sameAs":["https:\/\/www.facebook.com\/TrgovinaClair\/"]}]}},"_links":{"self":[{"href":"https:\/\/clair.si\/hr\/wp-json\/wp\/v2\/product\/94981","targetHints":{"allow":["GET"]}}],"collection":[{"href":"https:\/\/clair.si\/hr\/wp-json\/wp\/v2\/product"}],"about":[{"href":"https:\/\/clair.si\/hr\/wp-json\/wp\/v2\/types\/product"}],"version-history":[{"count":0,"href":"https:\/\/clair.si\/hr\/wp-json\/wp\/v2\/product\/94981\/revisions"}],"wp:featuredmedia":[{"embeddable":true,"href":"https:\/\/clair.si\/hr\/wp-json\/wp\/v2\/media\/94983"}],"wp:attachment":[{"href":"https:\/\/clair.si\/hr\/wp-json\/wp\/v2\/media?parent=94981"}],"wp:term":[{"taxonomy":"product_brand","embeddable":true,"href":"https:\/\/clair.si\/hr\/wp-json\/wp\/v2\/product_brand?post=94981"},{"taxonomy":"product_cat","embeddable":true,"href":"https:\/\/clair.si\/hr\/wp-json\/wp\/v2\/product_cat?post=94981"},{"taxonomy":"product_tag","embeddable":true,"href":"https:\/\/clair.si\/hr\/wp-json\/wp\/v2\/product_tag?post=94981"}],"curies":[{"name":"wp","href":"https:\/\/api.w.org\/{rel}","templated":true}]}}