{"id":94992,"date":"2024-07-30T14:45:22","date_gmt":"2024-07-30T12:45:22","guid":{"rendered":"https:\/\/clair.si\/izdelek\/cavalor-coolsens\/"},"modified":"2025-09-01T00:47:27","modified_gmt":"2025-08-31T22:47:27","slug":"cavalor-coolsens","status":"publish","type":"product","link":"https:\/\/clair.si\/hr\/izdelek\/cavalor-coolsens\/","title":{"rendered":"Cavalor CoolSens"},"content":{"rendered":"<p><strong>Cavalor CoolSens<\/strong><span class=\"HwtZe\" lang=\"sl\"><span class=\"jCAhz ChMk0b\"><span class=\"ryNqvb\"> je koncentrirani gel koji sadr\u017ei mje\u0161avinu eteri\u010dnih ulja i namijenjen je umivanju, osvje\u017eavanju i hla\u0111enju konjskog tijela, mi\u0161i\u0107a i nogu.<\/span><\/span><\/span> <\/p>\n<p><span class=\"HwtZe\" lang=\"sl\"><span class=\"jCAhz ChMk0b\"><span class=\"ryNqvb\">Va\u017eno je temeljito ohladiti konje nakon znojenja kako bi se sprije\u010dili gr\u010devi i uko\u010denost mi\u0161i\u0107a te dugotrajne ozljede.<\/span><\/span> <span class=\"jCAhz ChMk0b\"><span class=\"ryNqvb\">Ako se konj nastavi znojiti, to zna\u010di da mu je tijelo jo\u0161 uvijek prevru\u0107e.<\/span><\/span> <span class=\"jCAhz\"><span class=\"ryNqvb\">Ohladite konja hladnom ili mlakom vodom.<\/span><\/span> <span class=\"jCAhz ChMk0b\"><span class=\"ryNqvb\">Dodavanje <strong>Cavalor CoolSens<\/strong> u vodu produ\u017eit \u0107e i poja\u010dati u\u010dinke hla\u0111enja.<\/span><\/span> <span class=\"jCAhz ChMk0b\"><span class=\"ryNqvb\"><strong>Cavalor CoolSens idealan je wellness tretman<\/strong> za razmaziti svog konja nakon napornog rada ili samo na vru\u0107i ljetni dan.<\/span><\/span> <\/span><\/p>\n","protected":false},"excerpt":{"rendered":"<ul>\n<li><span class=\"HwtZe\" lang=\"sl\"><span class=\"jCAhz ChMk0b\"><span class=\"ryNqvb\">osvje\u017eava i hladi<\/span><\/span><\/span><\/li>\n<li><span class=\"HwtZe\" lang=\"sl\"><span class=\"jCAhz ChMk0b\"><span class=\"ryNqvb\">opu\u0161ta mi\u0161i\u0107e nakon tjelesne aktivnosti i podr\u017eava oporavak <\/span><\/span><\/span><\/li>\n<li><span class=\"HwtZe\" lang=\"sl\"><span class=\"jCAhz ChMk0b\"><span class=\"ryNqvb\">s<\/span><\/span><span class=\"jCAhz ChMk0b\"><span class=\"ryNqvb\"> mentolom, eukaliptusom i uljem \u010dajevca<\/span><\/span> <\/span><\/li>\n<li><span class=\"HwtZe\" lang=\"sl\"><span class=\"jCAhz ChMk0b\"><span class=\"ryNqvb\">pH neutralan<\/span><\/span><\/span><\/li>\n<\/ul>\n<p><strong>Koli\u010dina: 500 ml<\/strong><\/p>\n","protected":false},"featured_media":94998,"template":"","meta":{"footnotes":""},"product_brand":[],"product_cat":[5624,5677,5675,5625,5627,5680],"product_tag":[],"class_list":{"0":"post-94992","1":"product","2":"type-product","3":"status-publish","4":"has-post-thumbnail","6":"product_cat-konj-hr","7":"product_cat-kozmetika-za-konje-hr-2","8":"product_cat-kozmetika-za-konje-hr","9":"product_cat-njega-konja","10":"product_cat-stala-i-pasnjak","11":"product_cat-zdravlje-i-dobrobit","13":"first","14":"instock","15":"shipping-taxable","16":"purchasable","17":"product-type-simple"},"yoast_head":"<!-- This site is optimized with the Yoast SEO plugin v27.4 - https:\/\/yoast.com\/product\/yoast-seo-wordpress\/ -->\n<title>Cavalor CoolSens - Clair<\/title>\n<meta name=\"description\" content=\"osvje\u017eava i hladi  opu\u0161ta mi\u0161i\u0107e nakon tjelesne aktivnosti i podr\u017eava oporavak  s mentolom, eukaliptusom i uljem \u010dajevca  pH neutralan Koli\u010dina: 500 ml\" \/>\n<meta name=\"robots\" content=\"index, follow, max-snippet:-1, max-image-preview:large, max-video-preview:-1\" \/>\n<link rel=\"canonical\" href=\"https:\/\/clair.si\/hr\/izdelek\/cavalor-coolsens\/\" \/>\n<meta property=\"og:locale\" content=\"hr_HR\" \/>\n<meta property=\"og:type\" content=\"article\" \/>\n<meta property=\"og:title\" content=\"Cavalor CoolSens - Clair\" \/>\n<meta property=\"og:description\" content=\"osvje\u017eava i hladi  opu\u0161ta mi\u0161i\u0107e nakon tjelesne aktivnosti i podr\u017eava oporavak  s mentolom, eukaliptusom i uljem \u010dajevca  pH neutralan Koli\u010dina: 500 ml\" \/>\n<meta property=\"og:url\" content=\"https:\/\/clair.si\/hr\/izdelek\/cavalor-coolsens\/\" \/>\n<meta property=\"og:site_name\" content=\"Clair\" \/>\n<meta property=\"article:publisher\" content=\"https:\/\/www.facebook.com\/TrgovinaClair\/\" \/>\n<meta property=\"article:modified_time\" content=\"2025-08-31T22:47:27+00:00\" \/>\n<meta property=\"og:image\" content=\"https:\/\/clair.si\/wp-content\/uploads\/2024\/07\/Coolsens-cavalor-jpg.avif\" \/>\n\t<meta property=\"og:image:width\" content=\"1400\" \/>\n\t<meta property=\"og:image:height\" content=\"1400\" \/>\n\t<meta property=\"og:image:type\" content=\"image\/jpeg\" \/>\n<meta name=\"twitter:card\" content=\"summary_large_image\" \/>\n<meta name=\"twitter:label1\" content=\"Procijenjeno vrijeme \u010ditanja\" \/>\n\t<meta name=\"twitter:data1\" content=\"1 minuta\" \/>\n<script type=\"application\/ld+json\" class=\"yoast-schema-graph\">{\"@context\":\"https:\\\/\\\/schema.org\",\"@graph\":[{\"@type\":\"WebPage\",\"@id\":\"https:\\\/\\\/clair.si\\\/hr\\\/izdelek\\\/cavalor-coolsens\\\/\",\"url\":\"https:\\\/\\\/clair.si\\\/hr\\\/izdelek\\\/cavalor-coolsens\\\/\",\"name\":\"Cavalor CoolSens - Clair\",\"isPartOf\":{\"@id\":\"https:\\\/\\\/clair.si\\\/#website\"},\"primaryImageOfPage\":{\"@id\":\"https:\\\/\\\/clair.si\\\/hr\\\/izdelek\\\/cavalor-coolsens\\\/#primaryimage\"},\"image\":{\"@id\":\"https:\\\/\\\/clair.si\\\/hr\\\/izdelek\\\/cavalor-coolsens\\\/#primaryimage\"},\"thumbnailUrl\":\"https:\\\/\\\/clair.si\\\/wp-content\\\/uploads\\\/2024\\\/07\\\/Coolsens-cavalor-jpg.avif\",\"datePublished\":\"2024-07-30T12:45:22+00:00\",\"dateModified\":\"2025-08-31T22:47:27+00:00\",\"description\":\"osvje\u017eava i hladi opu\u0161ta mi\u0161i\u0107e nakon tjelesne aktivnosti i podr\u017eava oporavak s mentolom, eukaliptusom i uljem \u010dajevca pH neutralan Koli\u010dina: 500 ml\",\"breadcrumb\":{\"@id\":\"https:\\\/\\\/clair.si\\\/hr\\\/izdelek\\\/cavalor-coolsens\\\/#breadcrumb\"},\"inLanguage\":\"hr\",\"potentialAction\":[{\"@type\":\"ReadAction\",\"target\":[\"https:\\\/\\\/clair.si\\\/hr\\\/izdelek\\\/cavalor-coolsens\\\/\"]}]},{\"@type\":\"ImageObject\",\"inLanguage\":\"hr\",\"@id\":\"https:\\\/\\\/clair.si\\\/hr\\\/izdelek\\\/cavalor-coolsens\\\/#primaryimage\",\"url\":\"https:\\\/\\\/clair.si\\\/wp-content\\\/uploads\\\/2024\\\/07\\\/Coolsens-cavalor-jpg.avif\",\"contentUrl\":\"https:\\\/\\\/clair.si\\\/wp-content\\\/uploads\\\/2024\\\/07\\\/Coolsens-cavalor-jpg.avif\",\"width\":1400,\"height\":1400},{\"@type\":\"BreadcrumbList\",\"@id\":\"https:\\\/\\\/clair.si\\\/hr\\\/izdelek\\\/cavalor-coolsens\\\/#breadcrumb\",\"itemListElement\":[{\"@type\":\"ListItem\",\"position\":1,\"name\":\"Home\",\"item\":\"https:\\\/\\\/clair.si\\\/hr\\\/\"},{\"@type\":\"ListItem\",\"position\":2,\"name\":\"Trgovina\",\"item\":\"https:\\\/\\\/clair.si\\\/trgovina\\\/\"},{\"@type\":\"ListItem\",\"position\":3,\"name\":\"Cavalor CoolSens\"}]},{\"@type\":\"WebSite\",\"@id\":\"https:\\\/\\\/clair.si\\\/#website\",\"url\":\"https:\\\/\\\/clair.si\\\/\",\"name\":\"Clair\",\"description\":\"Trgovina s konjeni\u0161ko opremo\",\"publisher\":{\"@id\":\"https:\\\/\\\/clair.si\\\/#organization\"},\"potentialAction\":[{\"@type\":\"SearchAction\",\"target\":{\"@type\":\"EntryPoint\",\"urlTemplate\":\"https:\\\/\\\/clair.si\\\/?s={search_term_string}\"},\"query-input\":{\"@type\":\"PropertyValueSpecification\",\"valueRequired\":true,\"valueName\":\"search_term_string\"}}],\"inLanguage\":\"hr\"},{\"@type\":\"Organization\",\"@id\":\"https:\\\/\\\/clair.si\\\/#organization\",\"name\":\"Clair\",\"url\":\"https:\\\/\\\/clair.si\\\/\",\"logo\":{\"@type\":\"ImageObject\",\"inLanguage\":\"hr\",\"@id\":\"https:\\\/\\\/clair.si\\\/#\\\/schema\\\/logo\\\/image\\\/\",\"url\":\"https:\\\/\\\/clair.si\\\/wp-content\\\/uploads\\\/2022\\\/11\\\/clair_logo_2022.jpg\",\"contentUrl\":\"https:\\\/\\\/clair.si\\\/wp-content\\\/uploads\\\/2022\\\/11\\\/clair_logo_2022.jpg\",\"width\":1920,\"height\":1920,\"caption\":\"Clair\"},\"image\":{\"@id\":\"https:\\\/\\\/clair.si\\\/#\\\/schema\\\/logo\\\/image\\\/\"},\"sameAs\":[\"https:\\\/\\\/www.facebook.com\\\/TrgovinaClair\\\/\"]}]}<\/script>\n<!-- \/ Yoast SEO plugin. -->","yoast_head_json":{"title":"Cavalor CoolSens - Clair","description":"osvje\u017eava i hladi  opu\u0161ta mi\u0161i\u0107e nakon tjelesne aktivnosti i podr\u017eava oporavak  s mentolom, eukaliptusom i uljem \u010dajevca  pH neutralan Koli\u010dina: 500 ml","robots":{"index":"index","follow":"follow","max-snippet":"max-snippet:-1","max-image-preview":"max-image-preview:large","max-video-preview":"max-video-preview:-1"},"canonical":"https:\/\/clair.si\/hr\/izdelek\/cavalor-coolsens\/","og_locale":"hr_HR","og_type":"article","og_title":"Cavalor CoolSens - Clair","og_description":"osvje\u017eava i hladi  opu\u0161ta mi\u0161i\u0107e nakon tjelesne aktivnosti i podr\u017eava oporavak  s mentolom, eukaliptusom i uljem \u010dajevca  pH neutralan Koli\u010dina: 500 ml","og_url":"https:\/\/clair.si\/hr\/izdelek\/cavalor-coolsens\/","og_site_name":"Clair","article_publisher":"https:\/\/www.facebook.com\/TrgovinaClair\/","article_modified_time":"2025-08-31T22:47:27+00:00","og_image":[{"width":1400,"height":1400,"url":"https:\/\/clair.si\/wp-content\/uploads\/2024\/07\/Coolsens-cavalor-jpg.avif","type":"image\/jpeg"}],"twitter_card":"summary_large_image","twitter_misc":{"Procijenjeno vrijeme \u010ditanja":"1 minuta"},"schema":{"@context":"https:\/\/schema.org","@graph":[{"@type":"WebPage","@id":"https:\/\/clair.si\/hr\/izdelek\/cavalor-coolsens\/","url":"https:\/\/clair.si\/hr\/izdelek\/cavalor-coolsens\/","name":"Cavalor CoolSens - Clair","isPartOf":{"@id":"https:\/\/clair.si\/#website"},"primaryImageOfPage":{"@id":"https:\/\/clair.si\/hr\/izdelek\/cavalor-coolsens\/#primaryimage"},"image":{"@id":"https:\/\/clair.si\/hr\/izdelek\/cavalor-coolsens\/#primaryimage"},"thumbnailUrl":"https:\/\/clair.si\/wp-content\/uploads\/2024\/07\/Coolsens-cavalor-jpg.avif","datePublished":"2024-07-30T12:45:22+00:00","dateModified":"2025-08-31T22:47:27+00:00","description":"osvje\u017eava i hladi opu\u0161ta mi\u0161i\u0107e nakon tjelesne aktivnosti i podr\u017eava oporavak s mentolom, eukaliptusom i uljem \u010dajevca pH neutralan Koli\u010dina: 500 ml","breadcrumb":{"@id":"https:\/\/clair.si\/hr\/izdelek\/cavalor-coolsens\/#breadcrumb"},"inLanguage":"hr","potentialAction":[{"@type":"ReadAction","target":["https:\/\/clair.si\/hr\/izdelek\/cavalor-coolsens\/"]}]},{"@type":"ImageObject","inLanguage":"hr","@id":"https:\/\/clair.si\/hr\/izdelek\/cavalor-coolsens\/#primaryimage","url":"https:\/\/clair.si\/wp-content\/uploads\/2024\/07\/Coolsens-cavalor-jpg.avif","contentUrl":"https:\/\/clair.si\/wp-content\/uploads\/2024\/07\/Coolsens-cavalor-jpg.avif","width":1400,"height":1400},{"@type":"BreadcrumbList","@id":"https:\/\/clair.si\/hr\/izdelek\/cavalor-coolsens\/#breadcrumb","itemListElement":[{"@type":"ListItem","position":1,"name":"Home","item":"https:\/\/clair.si\/hr\/"},{"@type":"ListItem","position":2,"name":"Trgovina","item":"https:\/\/clair.si\/trgovina\/"},{"@type":"ListItem","position":3,"name":"Cavalor CoolSens"}]},{"@type":"WebSite","@id":"https:\/\/clair.si\/#website","url":"https:\/\/clair.si\/","name":"Clair","description":"Trgovina s konjeni\u0161ko opremo","publisher":{"@id":"https:\/\/clair.si\/#organization"},"potentialAction":[{"@type":"SearchAction","target":{"@type":"EntryPoint","urlTemplate":"https:\/\/clair.si\/?s={search_term_string}"},"query-input":{"@type":"PropertyValueSpecification","valueRequired":true,"valueName":"search_term_string"}}],"inLanguage":"hr"},{"@type":"Organization","@id":"https:\/\/clair.si\/#organization","name":"Clair","url":"https:\/\/clair.si\/","logo":{"@type":"ImageObject","inLanguage":"hr","@id":"https:\/\/clair.si\/#\/schema\/logo\/image\/","url":"https:\/\/clair.si\/wp-content\/uploads\/2022\/11\/clair_logo_2022.jpg","contentUrl":"https:\/\/clair.si\/wp-content\/uploads\/2022\/11\/clair_logo_2022.jpg","width":1920,"height":1920,"caption":"Clair"},"image":{"@id":"https:\/\/clair.si\/#\/schema\/logo\/image\/"},"sameAs":["https:\/\/www.facebook.com\/TrgovinaClair\/"]}]}},"_links":{"self":[{"href":"https:\/\/clair.si\/hr\/wp-json\/wp\/v2\/product\/94992","targetHints":{"allow":["GET"]}}],"collection":[{"href":"https:\/\/clair.si\/hr\/wp-json\/wp\/v2\/product"}],"about":[{"href":"https:\/\/clair.si\/hr\/wp-json\/wp\/v2\/types\/product"}],"version-history":[{"count":0,"href":"https:\/\/clair.si\/hr\/wp-json\/wp\/v2\/product\/94992\/revisions"}],"wp:featuredmedia":[{"embeddable":true,"href":"https:\/\/clair.si\/hr\/wp-json\/wp\/v2\/media\/94998"}],"wp:attachment":[{"href":"https:\/\/clair.si\/hr\/wp-json\/wp\/v2\/media?parent=94992"}],"wp:term":[{"taxonomy":"product_brand","embeddable":true,"href":"https:\/\/clair.si\/hr\/wp-json\/wp\/v2\/product_brand?post=94992"},{"taxonomy":"product_cat","embeddable":true,"href":"https:\/\/clair.si\/hr\/wp-json\/wp\/v2\/product_cat?post=94992"},{"taxonomy":"product_tag","embeddable":true,"href":"https:\/\/clair.si\/hr\/wp-json\/wp\/v2\/product_tag?post=94992"}],"curies":[{"name":"wp","href":"https:\/\/api.w.org\/{rel}","templated":true}]}}