{"id":95044,"date":"2024-08-08T13:54:38","date_gmt":"2024-08-08T11:54:38","guid":{"rendered":"https:\/\/clair.si\/izdelek\/roto-lopta-za-sijeno\/"},"modified":"2025-08-27T12:04:47","modified_gmt":"2025-08-27T10:04:47","slug":"roto-lopta-za-sijeno","status":"publish","type":"product","link":"https:\/\/clair.si\/hr\/izdelek\/roto-lopta-za-sijeno\/","title":{"rendered":"ROTO lopta za sijeno"},"content":{"rendered":"<p>Lopta za sijeno je odli\u010dno rje\u0161enje za dosadu! Budu\u0107i da je izra\u0111ena od kvalitetnog polietilena, lopta za sijeno otporna je na sve vremenske uvjete i mo\u017eete je bez brige ostaviti vani. Lopta je dizajnirana tako da u otvore umetnete sijeno koje konji te\u0161ko dose\u017eu. Tako se vrijeme hranjenja produ\u017euje. Lopta za sijeno je prikladna za pa\u0161njak ili \u0161talu. Veli\u010dina lopte je fi 400. Lopta za sijeno je proizvedena u Sloveniji.      <\/p>\n","protected":false},"excerpt":{"rendered":"<ul>\n<li>od izdr\u017eljivog polietilena<\/li>\n<li>fi 400<\/li>\n<li>odli\u010dno za ubijanje dosade<\/li>\n<\/ul>\n","protected":false},"featured_media":95046,"template":"","meta":{"footnotes":""},"product_brand":[],"product_cat":[5756,5627,6128],"product_tag":[],"class_list":{"0":"post-95044","1":"product","2":"type-product","3":"status-publish","4":"has-post-thumbnail","6":"product_cat-dodaci-za-stalu","7":"product_cat-stala-i-pasnjak","8":"product_cat-tacke-roto","10":"first","11":"instock","12":"shipping-taxable","13":"purchasable","14":"product-type-simple"},"yoast_head":"<!-- This site is optimized with the Yoast SEO plugin v27.4 - https:\/\/yoast.com\/product\/yoast-seo-wordpress\/ -->\n<title>ROTO lopta za sijeno - Clair<\/title>\n<meta name=\"description\" content=\"od izdr\u017eljivog polietilena  fi 400  odli\u010dno za ubijanje dosade\" \/>\n<meta name=\"robots\" content=\"index, follow, max-snippet:-1, max-image-preview:large, max-video-preview:-1\" \/>\n<link rel=\"canonical\" href=\"https:\/\/clair.si\/hr\/izdelek\/roto-lopta-za-sijeno\/\" \/>\n<meta property=\"og:locale\" content=\"hr_HR\" \/>\n<meta property=\"og:type\" content=\"article\" \/>\n<meta property=\"og:title\" content=\"ROTO lopta za sijeno - Clair\" \/>\n<meta property=\"og:description\" content=\"od izdr\u017eljivog polietilena  fi 400  odli\u010dno za ubijanje dosade\" \/>\n<meta property=\"og:url\" content=\"https:\/\/clair.si\/hr\/izdelek\/roto-lopta-za-sijeno\/\" \/>\n<meta property=\"og:site_name\" content=\"Clair\" \/>\n<meta property=\"article:publisher\" content=\"https:\/\/www.facebook.com\/TrgovinaClair\/\" \/>\n<meta property=\"article:modified_time\" content=\"2025-08-27T10:04:47+00:00\" \/>\n<meta property=\"og:image\" content=\"https:\/\/clair.si\/wp-content\/uploads\/2024\/08\/Trgovina-Clair-zoga-za-seno-jpg.avif\" \/>\n\t<meta property=\"og:image:width\" content=\"800\" \/>\n\t<meta property=\"og:image:height\" content=\"600\" \/>\n\t<meta property=\"og:image:type\" content=\"image\/jpeg\" \/>\n<meta name=\"twitter:card\" content=\"summary_large_image\" \/>\n<script type=\"application\/ld+json\" class=\"yoast-schema-graph\">{\"@context\":\"https:\\\/\\\/schema.org\",\"@graph\":[{\"@type\":\"WebPage\",\"@id\":\"https:\\\/\\\/clair.si\\\/hr\\\/izdelek\\\/roto-lopta-za-sijeno\\\/\",\"url\":\"https:\\\/\\\/clair.si\\\/hr\\\/izdelek\\\/roto-lopta-za-sijeno\\\/\",\"name\":\"ROTO lopta za sijeno - Clair\",\"isPartOf\":{\"@id\":\"https:\\\/\\\/clair.si\\\/#website\"},\"primaryImageOfPage\":{\"@id\":\"https:\\\/\\\/clair.si\\\/hr\\\/izdelek\\\/roto-lopta-za-sijeno\\\/#primaryimage\"},\"image\":{\"@id\":\"https:\\\/\\\/clair.si\\\/hr\\\/izdelek\\\/roto-lopta-za-sijeno\\\/#primaryimage\"},\"thumbnailUrl\":\"https:\\\/\\\/clair.si\\\/wp-content\\\/uploads\\\/2024\\\/08\\\/Trgovina-Clair-zoga-za-seno-jpg.avif\",\"datePublished\":\"2024-08-08T11:54:38+00:00\",\"dateModified\":\"2025-08-27T10:04:47+00:00\",\"description\":\"od izdr\u017eljivog polietilena fi 400 odli\u010dno za ubijanje dosade\",\"breadcrumb\":{\"@id\":\"https:\\\/\\\/clair.si\\\/hr\\\/izdelek\\\/roto-lopta-za-sijeno\\\/#breadcrumb\"},\"inLanguage\":\"hr\",\"potentialAction\":[{\"@type\":\"ReadAction\",\"target\":[\"https:\\\/\\\/clair.si\\\/hr\\\/izdelek\\\/roto-lopta-za-sijeno\\\/\"]}]},{\"@type\":\"ImageObject\",\"inLanguage\":\"hr\",\"@id\":\"https:\\\/\\\/clair.si\\\/hr\\\/izdelek\\\/roto-lopta-za-sijeno\\\/#primaryimage\",\"url\":\"https:\\\/\\\/clair.si\\\/wp-content\\\/uploads\\\/2024\\\/08\\\/Trgovina-Clair-zoga-za-seno-jpg.avif\",\"contentUrl\":\"https:\\\/\\\/clair.si\\\/wp-content\\\/uploads\\\/2024\\\/08\\\/Trgovina-Clair-zoga-za-seno-jpg.avif\",\"width\":800,\"height\":600},{\"@type\":\"BreadcrumbList\",\"@id\":\"https:\\\/\\\/clair.si\\\/hr\\\/izdelek\\\/roto-lopta-za-sijeno\\\/#breadcrumb\",\"itemListElement\":[{\"@type\":\"ListItem\",\"position\":1,\"name\":\"Home\",\"item\":\"https:\\\/\\\/clair.si\\\/hr\\\/\"},{\"@type\":\"ListItem\",\"position\":2,\"name\":\"Trgovina\",\"item\":\"https:\\\/\\\/clair.si\\\/trgovina\\\/\"},{\"@type\":\"ListItem\",\"position\":3,\"name\":\"ROTO lopta za sijeno\"}]},{\"@type\":\"WebSite\",\"@id\":\"https:\\\/\\\/clair.si\\\/#website\",\"url\":\"https:\\\/\\\/clair.si\\\/\",\"name\":\"Clair\",\"description\":\"Trgovina s konjeni\u0161ko opremo\",\"publisher\":{\"@id\":\"https:\\\/\\\/clair.si\\\/#organization\"},\"potentialAction\":[{\"@type\":\"SearchAction\",\"target\":{\"@type\":\"EntryPoint\",\"urlTemplate\":\"https:\\\/\\\/clair.si\\\/?s={search_term_string}\"},\"query-input\":{\"@type\":\"PropertyValueSpecification\",\"valueRequired\":true,\"valueName\":\"search_term_string\"}}],\"inLanguage\":\"hr\"},{\"@type\":\"Organization\",\"@id\":\"https:\\\/\\\/clair.si\\\/#organization\",\"name\":\"Clair\",\"url\":\"https:\\\/\\\/clair.si\\\/\",\"logo\":{\"@type\":\"ImageObject\",\"inLanguage\":\"hr\",\"@id\":\"https:\\\/\\\/clair.si\\\/#\\\/schema\\\/logo\\\/image\\\/\",\"url\":\"https:\\\/\\\/clair.si\\\/wp-content\\\/uploads\\\/2022\\\/11\\\/clair_logo_2022.jpg\",\"contentUrl\":\"https:\\\/\\\/clair.si\\\/wp-content\\\/uploads\\\/2022\\\/11\\\/clair_logo_2022.jpg\",\"width\":1920,\"height\":1920,\"caption\":\"Clair\"},\"image\":{\"@id\":\"https:\\\/\\\/clair.si\\\/#\\\/schema\\\/logo\\\/image\\\/\"},\"sameAs\":[\"https:\\\/\\\/www.facebook.com\\\/TrgovinaClair\\\/\"]}]}<\/script>\n<!-- \/ Yoast SEO plugin. -->","yoast_head_json":{"title":"ROTO lopta za sijeno - Clair","description":"od izdr\u017eljivog polietilena  fi 400  odli\u010dno za ubijanje dosade","robots":{"index":"index","follow":"follow","max-snippet":"max-snippet:-1","max-image-preview":"max-image-preview:large","max-video-preview":"max-video-preview:-1"},"canonical":"https:\/\/clair.si\/hr\/izdelek\/roto-lopta-za-sijeno\/","og_locale":"hr_HR","og_type":"article","og_title":"ROTO lopta za sijeno - Clair","og_description":"od izdr\u017eljivog polietilena  fi 400  odli\u010dno za ubijanje dosade","og_url":"https:\/\/clair.si\/hr\/izdelek\/roto-lopta-za-sijeno\/","og_site_name":"Clair","article_publisher":"https:\/\/www.facebook.com\/TrgovinaClair\/","article_modified_time":"2025-08-27T10:04:47+00:00","og_image":[{"width":800,"height":600,"url":"https:\/\/clair.si\/wp-content\/uploads\/2024\/08\/Trgovina-Clair-zoga-za-seno-jpg.avif","type":"image\/jpeg"}],"twitter_card":"summary_large_image","schema":{"@context":"https:\/\/schema.org","@graph":[{"@type":"WebPage","@id":"https:\/\/clair.si\/hr\/izdelek\/roto-lopta-za-sijeno\/","url":"https:\/\/clair.si\/hr\/izdelek\/roto-lopta-za-sijeno\/","name":"ROTO lopta za sijeno - Clair","isPartOf":{"@id":"https:\/\/clair.si\/#website"},"primaryImageOfPage":{"@id":"https:\/\/clair.si\/hr\/izdelek\/roto-lopta-za-sijeno\/#primaryimage"},"image":{"@id":"https:\/\/clair.si\/hr\/izdelek\/roto-lopta-za-sijeno\/#primaryimage"},"thumbnailUrl":"https:\/\/clair.si\/wp-content\/uploads\/2024\/08\/Trgovina-Clair-zoga-za-seno-jpg.avif","datePublished":"2024-08-08T11:54:38+00:00","dateModified":"2025-08-27T10:04:47+00:00","description":"od izdr\u017eljivog polietilena fi 400 odli\u010dno za ubijanje dosade","breadcrumb":{"@id":"https:\/\/clair.si\/hr\/izdelek\/roto-lopta-za-sijeno\/#breadcrumb"},"inLanguage":"hr","potentialAction":[{"@type":"ReadAction","target":["https:\/\/clair.si\/hr\/izdelek\/roto-lopta-za-sijeno\/"]}]},{"@type":"ImageObject","inLanguage":"hr","@id":"https:\/\/clair.si\/hr\/izdelek\/roto-lopta-za-sijeno\/#primaryimage","url":"https:\/\/clair.si\/wp-content\/uploads\/2024\/08\/Trgovina-Clair-zoga-za-seno-jpg.avif","contentUrl":"https:\/\/clair.si\/wp-content\/uploads\/2024\/08\/Trgovina-Clair-zoga-za-seno-jpg.avif","width":800,"height":600},{"@type":"BreadcrumbList","@id":"https:\/\/clair.si\/hr\/izdelek\/roto-lopta-za-sijeno\/#breadcrumb","itemListElement":[{"@type":"ListItem","position":1,"name":"Home","item":"https:\/\/clair.si\/hr\/"},{"@type":"ListItem","position":2,"name":"Trgovina","item":"https:\/\/clair.si\/trgovina\/"},{"@type":"ListItem","position":3,"name":"ROTO lopta za sijeno"}]},{"@type":"WebSite","@id":"https:\/\/clair.si\/#website","url":"https:\/\/clair.si\/","name":"Clair","description":"Trgovina s konjeni\u0161ko opremo","publisher":{"@id":"https:\/\/clair.si\/#organization"},"potentialAction":[{"@type":"SearchAction","target":{"@type":"EntryPoint","urlTemplate":"https:\/\/clair.si\/?s={search_term_string}"},"query-input":{"@type":"PropertyValueSpecification","valueRequired":true,"valueName":"search_term_string"}}],"inLanguage":"hr"},{"@type":"Organization","@id":"https:\/\/clair.si\/#organization","name":"Clair","url":"https:\/\/clair.si\/","logo":{"@type":"ImageObject","inLanguage":"hr","@id":"https:\/\/clair.si\/#\/schema\/logo\/image\/","url":"https:\/\/clair.si\/wp-content\/uploads\/2022\/11\/clair_logo_2022.jpg","contentUrl":"https:\/\/clair.si\/wp-content\/uploads\/2022\/11\/clair_logo_2022.jpg","width":1920,"height":1920,"caption":"Clair"},"image":{"@id":"https:\/\/clair.si\/#\/schema\/logo\/image\/"},"sameAs":["https:\/\/www.facebook.com\/TrgovinaClair\/"]}]}},"_links":{"self":[{"href":"https:\/\/clair.si\/hr\/wp-json\/wp\/v2\/product\/95044","targetHints":{"allow":["GET"]}}],"collection":[{"href":"https:\/\/clair.si\/hr\/wp-json\/wp\/v2\/product"}],"about":[{"href":"https:\/\/clair.si\/hr\/wp-json\/wp\/v2\/types\/product"}],"version-history":[{"count":0,"href":"https:\/\/clair.si\/hr\/wp-json\/wp\/v2\/product\/95044\/revisions"}],"wp:featuredmedia":[{"embeddable":true,"href":"https:\/\/clair.si\/hr\/wp-json\/wp\/v2\/media\/95046"}],"wp:attachment":[{"href":"https:\/\/clair.si\/hr\/wp-json\/wp\/v2\/media?parent=95044"}],"wp:term":[{"taxonomy":"product_brand","embeddable":true,"href":"https:\/\/clair.si\/hr\/wp-json\/wp\/v2\/product_brand?post=95044"},{"taxonomy":"product_cat","embeddable":true,"href":"https:\/\/clair.si\/hr\/wp-json\/wp\/v2\/product_cat?post=95044"},{"taxonomy":"product_tag","embeddable":true,"href":"https:\/\/clair.si\/hr\/wp-json\/wp\/v2\/product_tag?post=95044"}],"curies":[{"name":"wp","href":"https:\/\/api.w.org\/{rel}","templated":true}]}}