{"id":95075,"date":"2024-06-11T08:37:13","date_gmt":"2024-06-11T06:37:13","guid":{"rendered":"https:\/\/clair.si\/izdelek\/umetci-za-odrzavanje-oblika-cizama\/"},"modified":"2025-11-11T10:33:28","modified_gmt":"2025-11-11T09:33:28","slug":"umetci-za-odrzavanje-oblika-cizama","status":"publish","type":"product","link":"https:\/\/clair.si\/hr\/izdelek\/umetci-za-odrzavanje-oblika-cizama\/","title":{"rendered":"Umetci za odr\u017eavanje oblika \u010dizama"},"content":{"rendered":"<p>Kako bi vas \u010dizme pratile posebno dugo, <strong>preporu\u010dujemo kori\u0161tenje umetaka za \u010dizme<\/strong>. To ne <strong>sprje\u010dava samo ru\u017ene nabore,<\/strong> ve\u0107 i omogu\u0107uje da se va\u0161e \u010dizme zbog uspravnog polo\u017eaja <strong>bolje osu\u0161e<\/strong>, a osim toga vam <strong>olak\u0161ava \u010di\u0161\u0107enje i njegu<\/strong>. S pamu\u010dnom vrpcom na ru\u010dki mo\u017eete objesiti svoje \u010dizme zajedno s nosa\u010dem za \u010dizme, koji tako\u0111er rastere\u0107uje nabore \u010dizama i, ako postoji, patentni zatvara\u010d.<\/p>\n<p>Veli\u010dina: jedna veli\u010dina<br \/>\nBoja: \u017euto-crna<br \/>\nMaterijal: polipropilen, metal<\/p>\n","protected":false},"excerpt":{"rendered":"<p>Kako bi vas \u010dizme pratile posebno dugo, preporu\u010dujemo kori\u0161tenje umetaka za \u010dizme. To ne sprje\u010dava samo ru\u017ene nabore, ve\u0107 i<\/p>\n","protected":false},"featured_media":95080,"template":"","meta":{"footnotes":""},"product_brand":[],"product_cat":[5659,5656,5745,5654,5655,5658],"product_tag":[],"class_list":{"0":"post-95075","1":"product","2":"type-product","3":"status-publish","4":"has-post-thumbnail","6":"product_cat-cipele-za-jahanje","7":"product_cat-cizme-za-jahanje","8":"product_cat-dodaci","9":"product_cat-jahac-hr","10":"product_cat-obuca","11":"product_cat-pocetci-jahanja","13":"first","14":"instock","15":"shipping-taxable","16":"purchasable","17":"product-type-simple"},"yoast_head":"<!-- This site is optimized with the Yoast SEO plugin v27.3 - https:\/\/yoast.com\/product\/yoast-seo-wordpress\/ -->\n<title>Umetci za odr\u017eavanje oblika \u010dizama - Clair<\/title>\n<meta name=\"description\" content=\"Kako bi vas \u010dizme pratile posebno dugo, preporu\u010dujemo kori\u0161tenje umetaka za \u010dizme. To ne sprje\u010dava samo ru\u017ene nabore, ve\u0107 i omogu\u0107uje da se va\u0161e \u010dizme\" \/>\n<meta name=\"robots\" content=\"index, follow, max-snippet:-1, max-image-preview:large, max-video-preview:-1\" \/>\n<link rel=\"canonical\" href=\"https:\/\/clair.si\/izdelek\/vstavki-za-ohranjanje-oblike-skornjev\/\" \/>\n<meta property=\"og:locale\" content=\"hr_HR\" \/>\n<meta property=\"og:type\" content=\"article\" \/>\n<meta property=\"og:title\" content=\"Umetci za odr\u017eavanje oblika \u010dizama - Clair\" \/>\n<meta property=\"og:description\" content=\"Kako bi vas \u010dizme pratile posebno dugo, preporu\u010dujemo kori\u0161tenje umetaka za \u010dizme. To ne sprje\u010dava samo ru\u017ene nabore, ve\u0107 i omogu\u0107uje da se va\u0161e \u010dizme\" \/>\n<meta property=\"og:url\" content=\"https:\/\/clair.si\/izdelek\/vstavki-za-ohranjanje-oblike-skornjev\/\" \/>\n<meta property=\"og:site_name\" content=\"Clair\" \/>\n<meta property=\"article:publisher\" content=\"https:\/\/www.facebook.com\/TrgovinaClair\/\" \/>\n<meta property=\"article:modified_time\" content=\"2025-11-11T09:33:28+00:00\" \/>\n<meta property=\"og:image\" content=\"https:\/\/clair.si\/wp-content\/uploads\/2024\/05\/Napenjalci-za-skornje-Kavalkade-vstavki-za-obliko-skornjev2-jpg.webp\" \/>\n\t<meta property=\"og:image:width\" content=\"800\" \/>\n\t<meta property=\"og:image:height\" content=\"800\" \/>\n\t<meta property=\"og:image:type\" content=\"image\/jpeg\" \/>\n<meta name=\"twitter:card\" content=\"summary_large_image\" \/>\n<meta name=\"twitter:label1\" content=\"Procijenjeno vrijeme \u010ditanja\" \/>\n\t<meta name=\"twitter:data1\" content=\"1 minuta\" \/>\n<script type=\"application\/ld+json\" class=\"yoast-schema-graph\">{\"@context\":\"https:\\\/\\\/schema.org\",\"@graph\":[{\"@type\":\"WebPage\",\"@id\":\"https:\\\/\\\/clair.si\\\/izdelek\\\/vstavki-za-ohranjanje-oblike-skornjev\\\/\",\"url\":\"https:\\\/\\\/clair.si\\\/izdelek\\\/vstavki-za-ohranjanje-oblike-skornjev\\\/\",\"name\":\"Umetci za odr\u017eavanje oblika \u010dizama - Clair\",\"isPartOf\":{\"@id\":\"https:\\\/\\\/clair.si\\\/#website\"},\"primaryImageOfPage\":{\"@id\":\"https:\\\/\\\/clair.si\\\/izdelek\\\/vstavki-za-ohranjanje-oblike-skornjev\\\/#primaryimage\"},\"image\":{\"@id\":\"https:\\\/\\\/clair.si\\\/izdelek\\\/vstavki-za-ohranjanje-oblike-skornjev\\\/#primaryimage\"},\"thumbnailUrl\":\"https:\\\/\\\/clair.si\\\/wp-content\\\/uploads\\\/2024\\\/05\\\/Napenjalci-za-skornje-Kavalkade-vstavki-za-obliko-skornjev2-jpg.webp\",\"datePublished\":\"2024-06-11T06:37:13+00:00\",\"dateModified\":\"2025-11-11T09:33:28+00:00\",\"description\":\"Kako bi vas \u010dizme pratile posebno dugo, preporu\u010dujemo kori\u0161tenje umetaka za \u010dizme. To ne sprje\u010dava samo ru\u017ene nabore, ve\u0107 i omogu\u0107uje da se va\u0161e \u010dizme\",\"breadcrumb\":{\"@id\":\"https:\\\/\\\/clair.si\\\/izdelek\\\/vstavki-za-ohranjanje-oblike-skornjev\\\/#breadcrumb\"},\"inLanguage\":\"hr\",\"potentialAction\":[{\"@type\":\"ReadAction\",\"target\":[\"https:\\\/\\\/clair.si\\\/izdelek\\\/vstavki-za-ohranjanje-oblike-skornjev\\\/\"]}]},{\"@type\":\"ImageObject\",\"inLanguage\":\"hr\",\"@id\":\"https:\\\/\\\/clair.si\\\/izdelek\\\/vstavki-za-ohranjanje-oblike-skornjev\\\/#primaryimage\",\"url\":\"https:\\\/\\\/clair.si\\\/wp-content\\\/uploads\\\/2024\\\/05\\\/Napenjalci-za-skornje-Kavalkade-vstavki-za-obliko-skornjev2-jpg.webp\",\"contentUrl\":\"https:\\\/\\\/clair.si\\\/wp-content\\\/uploads\\\/2024\\\/05\\\/Napenjalci-za-skornje-Kavalkade-vstavki-za-obliko-skornjev2-jpg.webp\",\"width\":800,\"height\":800},{\"@type\":\"BreadcrumbList\",\"@id\":\"https:\\\/\\\/clair.si\\\/izdelek\\\/vstavki-za-ohranjanje-oblike-skornjev\\\/#breadcrumb\",\"itemListElement\":[{\"@type\":\"ListItem\",\"position\":1,\"name\":\"Home\",\"item\":\"https:\\\/\\\/clair.si\\\/hr\\\/\"},{\"@type\":\"ListItem\",\"position\":2,\"name\":\"Trgovina\",\"item\":\"https:\\\/\\\/clair.si\\\/trgovina\\\/\"},{\"@type\":\"ListItem\",\"position\":3,\"name\":\"Umetci za odr\u017eavanje oblika \u010dizama\"}]},{\"@type\":\"WebSite\",\"@id\":\"https:\\\/\\\/clair.si\\\/#website\",\"url\":\"https:\\\/\\\/clair.si\\\/\",\"name\":\"Clair\",\"description\":\"Trgovina s konjeni\u0161ko opremo\",\"publisher\":{\"@id\":\"https:\\\/\\\/clair.si\\\/#organization\"},\"potentialAction\":[{\"@type\":\"SearchAction\",\"target\":{\"@type\":\"EntryPoint\",\"urlTemplate\":\"https:\\\/\\\/clair.si\\\/?s={search_term_string}\"},\"query-input\":{\"@type\":\"PropertyValueSpecification\",\"valueRequired\":true,\"valueName\":\"search_term_string\"}}],\"inLanguage\":\"hr\"},{\"@type\":\"Organization\",\"@id\":\"https:\\\/\\\/clair.si\\\/#organization\",\"name\":\"Clair\",\"url\":\"https:\\\/\\\/clair.si\\\/\",\"logo\":{\"@type\":\"ImageObject\",\"inLanguage\":\"hr\",\"@id\":\"https:\\\/\\\/clair.si\\\/#\\\/schema\\\/logo\\\/image\\\/\",\"url\":\"https:\\\/\\\/clair.si\\\/wp-content\\\/uploads\\\/2022\\\/11\\\/clair_logo_2022.jpg\",\"contentUrl\":\"https:\\\/\\\/clair.si\\\/wp-content\\\/uploads\\\/2022\\\/11\\\/clair_logo_2022.jpg\",\"width\":1920,\"height\":1920,\"caption\":\"Clair\"},\"image\":{\"@id\":\"https:\\\/\\\/clair.si\\\/#\\\/schema\\\/logo\\\/image\\\/\"},\"sameAs\":[\"https:\\\/\\\/www.facebook.com\\\/TrgovinaClair\\\/\"]}]}<\/script>\n<!-- \/ Yoast SEO plugin. -->","yoast_head_json":{"title":"Umetci za odr\u017eavanje oblika \u010dizama - Clair","description":"Kako bi vas \u010dizme pratile posebno dugo, preporu\u010dujemo kori\u0161tenje umetaka za \u010dizme. To ne sprje\u010dava samo ru\u017ene nabore, ve\u0107 i omogu\u0107uje da se va\u0161e \u010dizme","robots":{"index":"index","follow":"follow","max-snippet":"max-snippet:-1","max-image-preview":"max-image-preview:large","max-video-preview":"max-video-preview:-1"},"canonical":"https:\/\/clair.si\/izdelek\/vstavki-za-ohranjanje-oblike-skornjev\/","og_locale":"hr_HR","og_type":"article","og_title":"Umetci za odr\u017eavanje oblika \u010dizama - Clair","og_description":"Kako bi vas \u010dizme pratile posebno dugo, preporu\u010dujemo kori\u0161tenje umetaka za \u010dizme. To ne sprje\u010dava samo ru\u017ene nabore, ve\u0107 i omogu\u0107uje da se va\u0161e \u010dizme","og_url":"https:\/\/clair.si\/izdelek\/vstavki-za-ohranjanje-oblike-skornjev\/","og_site_name":"Clair","article_publisher":"https:\/\/www.facebook.com\/TrgovinaClair\/","article_modified_time":"2025-11-11T09:33:28+00:00","og_image":[{"width":800,"height":800,"url":"https:\/\/clair.si\/wp-content\/uploads\/2024\/05\/Napenjalci-za-skornje-Kavalkade-vstavki-za-obliko-skornjev2-jpg.webp","type":"image\/jpeg"}],"twitter_card":"summary_large_image","twitter_misc":{"Procijenjeno vrijeme \u010ditanja":"1 minuta"},"schema":{"@context":"https:\/\/schema.org","@graph":[{"@type":"WebPage","@id":"https:\/\/clair.si\/izdelek\/vstavki-za-ohranjanje-oblike-skornjev\/","url":"https:\/\/clair.si\/izdelek\/vstavki-za-ohranjanje-oblike-skornjev\/","name":"Umetci za odr\u017eavanje oblika \u010dizama - Clair","isPartOf":{"@id":"https:\/\/clair.si\/#website"},"primaryImageOfPage":{"@id":"https:\/\/clair.si\/izdelek\/vstavki-za-ohranjanje-oblike-skornjev\/#primaryimage"},"image":{"@id":"https:\/\/clair.si\/izdelek\/vstavki-za-ohranjanje-oblike-skornjev\/#primaryimage"},"thumbnailUrl":"https:\/\/clair.si\/wp-content\/uploads\/2024\/05\/Napenjalci-za-skornje-Kavalkade-vstavki-za-obliko-skornjev2-jpg.webp","datePublished":"2024-06-11T06:37:13+00:00","dateModified":"2025-11-11T09:33:28+00:00","description":"Kako bi vas \u010dizme pratile posebno dugo, preporu\u010dujemo kori\u0161tenje umetaka za \u010dizme. To ne sprje\u010dava samo ru\u017ene nabore, ve\u0107 i omogu\u0107uje da se va\u0161e \u010dizme","breadcrumb":{"@id":"https:\/\/clair.si\/izdelek\/vstavki-za-ohranjanje-oblike-skornjev\/#breadcrumb"},"inLanguage":"hr","potentialAction":[{"@type":"ReadAction","target":["https:\/\/clair.si\/izdelek\/vstavki-za-ohranjanje-oblike-skornjev\/"]}]},{"@type":"ImageObject","inLanguage":"hr","@id":"https:\/\/clair.si\/izdelek\/vstavki-za-ohranjanje-oblike-skornjev\/#primaryimage","url":"https:\/\/clair.si\/wp-content\/uploads\/2024\/05\/Napenjalci-za-skornje-Kavalkade-vstavki-za-obliko-skornjev2-jpg.webp","contentUrl":"https:\/\/clair.si\/wp-content\/uploads\/2024\/05\/Napenjalci-za-skornje-Kavalkade-vstavki-za-obliko-skornjev2-jpg.webp","width":800,"height":800},{"@type":"BreadcrumbList","@id":"https:\/\/clair.si\/izdelek\/vstavki-za-ohranjanje-oblike-skornjev\/#breadcrumb","itemListElement":[{"@type":"ListItem","position":1,"name":"Home","item":"https:\/\/clair.si\/hr\/"},{"@type":"ListItem","position":2,"name":"Trgovina","item":"https:\/\/clair.si\/trgovina\/"},{"@type":"ListItem","position":3,"name":"Umetci za odr\u017eavanje oblika \u010dizama"}]},{"@type":"WebSite","@id":"https:\/\/clair.si\/#website","url":"https:\/\/clair.si\/","name":"Clair","description":"Trgovina s konjeni\u0161ko opremo","publisher":{"@id":"https:\/\/clair.si\/#organization"},"potentialAction":[{"@type":"SearchAction","target":{"@type":"EntryPoint","urlTemplate":"https:\/\/clair.si\/?s={search_term_string}"},"query-input":{"@type":"PropertyValueSpecification","valueRequired":true,"valueName":"search_term_string"}}],"inLanguage":"hr"},{"@type":"Organization","@id":"https:\/\/clair.si\/#organization","name":"Clair","url":"https:\/\/clair.si\/","logo":{"@type":"ImageObject","inLanguage":"hr","@id":"https:\/\/clair.si\/#\/schema\/logo\/image\/","url":"https:\/\/clair.si\/wp-content\/uploads\/2022\/11\/clair_logo_2022.jpg","contentUrl":"https:\/\/clair.si\/wp-content\/uploads\/2022\/11\/clair_logo_2022.jpg","width":1920,"height":1920,"caption":"Clair"},"image":{"@id":"https:\/\/clair.si\/#\/schema\/logo\/image\/"},"sameAs":["https:\/\/www.facebook.com\/TrgovinaClair\/"]}]}},"_links":{"self":[{"href":"https:\/\/clair.si\/hr\/wp-json\/wp\/v2\/product\/95075","targetHints":{"allow":["GET"]}}],"collection":[{"href":"https:\/\/clair.si\/hr\/wp-json\/wp\/v2\/product"}],"about":[{"href":"https:\/\/clair.si\/hr\/wp-json\/wp\/v2\/types\/product"}],"version-history":[{"count":2,"href":"https:\/\/clair.si\/hr\/wp-json\/wp\/v2\/product\/95075\/revisions"}],"predecessor-version":[{"id":120202,"href":"https:\/\/clair.si\/hr\/wp-json\/wp\/v2\/product\/95075\/revisions\/120202"}],"wp:featuredmedia":[{"embeddable":true,"href":"https:\/\/clair.si\/hr\/wp-json\/wp\/v2\/media\/95080"}],"wp:attachment":[{"href":"https:\/\/clair.si\/hr\/wp-json\/wp\/v2\/media?parent=95075"}],"wp:term":[{"taxonomy":"product_brand","embeddable":true,"href":"https:\/\/clair.si\/hr\/wp-json\/wp\/v2\/product_brand?post=95075"},{"taxonomy":"product_cat","embeddable":true,"href":"https:\/\/clair.si\/hr\/wp-json\/wp\/v2\/product_cat?post=95075"},{"taxonomy":"product_tag","embeddable":true,"href":"https:\/\/clair.si\/hr\/wp-json\/wp\/v2\/product_tag?post=95075"}],"curies":[{"name":"wp","href":"https:\/\/api.w.org\/{rel}","templated":true}]}}