{"id":95081,"date":"2024-06-13T12:04:26","date_gmt":"2024-06-13T10:04:26","guid":{"rendered":"https:\/\/clair.si\/izdelek\/uzengije-compositi-eole-airsoft\/"},"modified":"2025-09-23T08:55:43","modified_gmt":"2025-09-23T06:55:43","slug":"uzengije-compositi-eole-airsoft","status":"publish","type":"product","link":"https:\/\/clair.si\/hr\/izdelek\/uzengije-compositi-eole-airsoft\/","title":{"rendered":"Uzengije Compositi Eole AirSoft"},"content":{"rendered":"<p><strong>Uzengije Compositi Eole AirSoft<\/strong><span class=\"HwtZe\" lang=\"sl\"><span class=\"jCAhz JxVs2d ChMk0b\"><span class=\"ryNqvb\">, dizajnirano s amortizerom &#8220;Eole AirSoft&#8221;. Svojim elegantnim linijama osigurava maksimalnu udobnost i u\u010dinkovitost. <\/span><\/span><span class=\"jCAhz JxVs2d ChMk0b\"><span class=\"ryNqvb\">\u0160iroka povr\u0161ina za stopalo, pri\u010dvr\u0161\u0107ena na sloj za ubla\u017eavanje udaraca, naginje se unatrag kako bi pratila prirodno kretanje stopala.<\/span><\/span> <span class=\"jCAhz JxVs2d ChMk0b\"><span class=\"ryNqvb\">Ovaj jedinstveni sustav osloba\u0111a napetost u koljenima i zglobovima. Prilo\u017eene zamjenjive u\u0161ice za stremen omogu\u0107uju odabir izme\u0111u klasi\u010dnog ili pravokutnog polo\u017eaja stremena. <\/span><\/span><\/span><\/p>\n<ul>\n<li><span class=\"HwtZe\" lang=\"sl\"><span class=\"jCAhz JxVs2d ChMk0b\"><span class=\"ryNqvb\">Amortizer (visoka udobnost)<\/span><\/span><\/span><\/li>\n<li><span class=\"HwtZe\" lang=\"sl\"><span class=\"jCAhz JxVs2d ChMk0b\"><span class=\"ryNqvb\">Ultra udobne SOFT \u0161iroke povr\u0161ine za stopalo<\/span><\/span><\/span><\/li>\n<li><span class=\"HwtZe\" lang=\"sl\"><span class=\"jCAhz JxVs2d ChMk0b\"><span class=\"ryNqvb\"> 2 seta u\u0161ica prilo\u017eena svakom paru stremena (klasi\u010dni ili pravokutni polo\u017eaj)<\/span><\/span><\/span><\/li>\n<li><span class=\"HwtZe\" lang=\"sl\"><span class=\"jCAhz JxVs2d ChMk0b\"><span class=\"ryNqvb\">Lagane, stabilne i potpuno uravnote\u017eene uzengije<\/span><\/span><\/span><\/li>\n<li><span class=\"HwtZe\" lang=\"sl\"><span class=\"jCAhz JxVs2d\"><span class=\"ryNqvb\">Jednostavno za odr\u017eavanje<\/span><\/span><\/span><\/li>\n<li><span class=\"HwtZe\" lang=\"sl\"><span class=\"jCAhz JxVs2d ChMk0b\"><span class=\"ryNqvb\">Materijal otporan na udarce i vlagu, \u010dak i pri niskim temperaturama<\/span><\/span><\/span><\/li>\n<li><span class=\"HwtZe\" lang=\"sl\"><span class=\"jCAhz JxVs2d ChMk0b\"><span class=\"ryNqvb\">Vrlo kvalitetan tehni\u010dki polimer (vla\u010dna \u010dvrsto\u0107a: &gt; 700 kg). <\/span><\/span><\/span><\/li>\n<\/ul>\n<div class=\"lRu31\" dir=\"ltr\">\n<div class=\"OvtS8d\"><\/div>\n<div id=\"ow1407\"><\/div>\n<\/div>\n<div class=\"UdTY9 WdefRb\" aria-hidden=\"true\" data-location=\"2\">\n<div class=\"kO6q6e\"><\/div>\n<\/div>\n<p>&nbsp;<\/p>\n","protected":false},"excerpt":{"rendered":"<p><img loading=\"lazy\" decoding=\"async\" class=\"alignnone size-full wp-image-41812\" src=\"https:\/\/clair.si\/wp-content\/uploads\/2024\/05\/gi_lowimpact.jpg\" alt=\"\" width=\"100\" height=\"165\" \/><\/p>\n","protected":false},"featured_media":107748,"template":"","meta":{"footnotes":""},"product_brand":[],"product_cat":[5624,6155,5930],"product_tag":[],"class_list":{"0":"post-95081","1":"product","2":"type-product","3":"status-publish","4":"has-post-thumbnail","6":"product_cat-konj-hr","7":"product_cat-uzengije","8":"product_cat-uzengle-i-uzengijski-remeni-remeni","10":"first","11":"instock","12":"shipping-taxable","13":"purchasable","14":"product-type-variable"},"yoast_head":"<!-- This site is optimized with the Yoast SEO plugin v27.3 - https:\/\/yoast.com\/product\/yoast-seo-wordpress\/ -->\n<title>Uzengije Compositi Eole AirSoft - Clair<\/title>\n<meta name=\"robots\" content=\"index, follow, max-snippet:-1, max-image-preview:large, max-video-preview:-1\" \/>\n<link rel=\"canonical\" href=\"https:\/\/clair.si\/izdelek\/stremena-compositi-eole-airsoft\/\" \/>\n<meta property=\"og:locale\" content=\"hr_HR\" \/>\n<meta property=\"og:type\" content=\"article\" \/>\n<meta property=\"og:title\" content=\"Uzengije Compositi Eole AirSoft - Clair\" \/>\n<meta property=\"og:url\" content=\"https:\/\/clair.si\/izdelek\/stremena-compositi-eole-airsoft\/\" \/>\n<meta property=\"og:site_name\" content=\"Clair\" \/>\n<meta property=\"article:publisher\" content=\"https:\/\/www.facebook.com\/TrgovinaClair\/\" \/>\n<meta property=\"article:modified_time\" content=\"2025-09-23T06:55:43+00:00\" \/>\n<meta property=\"og:image\" content=\"https:\/\/clair.si\/wp-content\/uploads\/2024\/06\/compositi-eole-airsoft-stremena-jpg.avif\" \/>\n\t<meta property=\"og:image:width\" content=\"800\" \/>\n\t<meta property=\"og:image:height\" content=\"800\" \/>\n\t<meta property=\"og:image:type\" content=\"image\/jpeg\" \/>\n<meta name=\"twitter:card\" content=\"summary_large_image\" \/>\n<meta name=\"twitter:label1\" content=\"Procijenjeno vrijeme \u010ditanja\" \/>\n\t<meta name=\"twitter:data1\" content=\"1 minuta\" \/>\n<script type=\"application\/ld+json\" class=\"yoast-schema-graph\">{\"@context\":\"https:\\\/\\\/schema.org\",\"@graph\":[{\"@type\":\"WebPage\",\"@id\":\"https:\\\/\\\/clair.si\\\/izdelek\\\/stremena-compositi-eole-airsoft\\\/\",\"url\":\"https:\\\/\\\/clair.si\\\/izdelek\\\/stremena-compositi-eole-airsoft\\\/\",\"name\":\"Uzengije Compositi Eole AirSoft - Clair\",\"isPartOf\":{\"@id\":\"https:\\\/\\\/clair.si\\\/#website\"},\"primaryImageOfPage\":{\"@id\":\"https:\\\/\\\/clair.si\\\/izdelek\\\/stremena-compositi-eole-airsoft\\\/#primaryimage\"},\"image\":{\"@id\":\"https:\\\/\\\/clair.si\\\/izdelek\\\/stremena-compositi-eole-airsoft\\\/#primaryimage\"},\"thumbnailUrl\":\"https:\\\/\\\/clair.si\\\/wp-content\\\/uploads\\\/2024\\\/06\\\/compositi-eole-airsoft-stremena-jpg.avif\",\"datePublished\":\"2024-06-13T10:04:26+00:00\",\"dateModified\":\"2025-09-23T06:55:43+00:00\",\"breadcrumb\":{\"@id\":\"https:\\\/\\\/clair.si\\\/izdelek\\\/stremena-compositi-eole-airsoft\\\/#breadcrumb\"},\"inLanguage\":\"hr\",\"potentialAction\":[{\"@type\":\"ReadAction\",\"target\":[\"https:\\\/\\\/clair.si\\\/izdelek\\\/stremena-compositi-eole-airsoft\\\/\"]}]},{\"@type\":\"ImageObject\",\"inLanguage\":\"hr\",\"@id\":\"https:\\\/\\\/clair.si\\\/izdelek\\\/stremena-compositi-eole-airsoft\\\/#primaryimage\",\"url\":\"https:\\\/\\\/clair.si\\\/wp-content\\\/uploads\\\/2024\\\/06\\\/compositi-eole-airsoft-stremena-jpg.avif\",\"contentUrl\":\"https:\\\/\\\/clair.si\\\/wp-content\\\/uploads\\\/2024\\\/06\\\/compositi-eole-airsoft-stremena-jpg.avif\",\"width\":800,\"height\":800},{\"@type\":\"BreadcrumbList\",\"@id\":\"https:\\\/\\\/clair.si\\\/izdelek\\\/stremena-compositi-eole-airsoft\\\/#breadcrumb\",\"itemListElement\":[{\"@type\":\"ListItem\",\"position\":1,\"name\":\"Home\",\"item\":\"https:\\\/\\\/clair.si\\\/hr\\\/\"},{\"@type\":\"ListItem\",\"position\":2,\"name\":\"Trgovina\",\"item\":\"https:\\\/\\\/clair.si\\\/trgovina\\\/\"},{\"@type\":\"ListItem\",\"position\":3,\"name\":\"Uzengije Compositi Eole AirSoft\"}]},{\"@type\":\"WebSite\",\"@id\":\"https:\\\/\\\/clair.si\\\/#website\",\"url\":\"https:\\\/\\\/clair.si\\\/\",\"name\":\"Clair\",\"description\":\"Trgovina s konjeni\u0161ko opremo\",\"publisher\":{\"@id\":\"https:\\\/\\\/clair.si\\\/#organization\"},\"potentialAction\":[{\"@type\":\"SearchAction\",\"target\":{\"@type\":\"EntryPoint\",\"urlTemplate\":\"https:\\\/\\\/clair.si\\\/?s={search_term_string}\"},\"query-input\":{\"@type\":\"PropertyValueSpecification\",\"valueRequired\":true,\"valueName\":\"search_term_string\"}}],\"inLanguage\":\"hr\"},{\"@type\":\"Organization\",\"@id\":\"https:\\\/\\\/clair.si\\\/#organization\",\"name\":\"Clair\",\"url\":\"https:\\\/\\\/clair.si\\\/\",\"logo\":{\"@type\":\"ImageObject\",\"inLanguage\":\"hr\",\"@id\":\"https:\\\/\\\/clair.si\\\/#\\\/schema\\\/logo\\\/image\\\/\",\"url\":\"https:\\\/\\\/clair.si\\\/wp-content\\\/uploads\\\/2022\\\/11\\\/clair_logo_2022.jpg\",\"contentUrl\":\"https:\\\/\\\/clair.si\\\/wp-content\\\/uploads\\\/2022\\\/11\\\/clair_logo_2022.jpg\",\"width\":1920,\"height\":1920,\"caption\":\"Clair\"},\"image\":{\"@id\":\"https:\\\/\\\/clair.si\\\/#\\\/schema\\\/logo\\\/image\\\/\"},\"sameAs\":[\"https:\\\/\\\/www.facebook.com\\\/TrgovinaClair\\\/\"]}]}<\/script>\n<!-- \/ Yoast SEO plugin. -->","yoast_head_json":{"title":"Uzengije Compositi Eole AirSoft - Clair","robots":{"index":"index","follow":"follow","max-snippet":"max-snippet:-1","max-image-preview":"max-image-preview:large","max-video-preview":"max-video-preview:-1"},"canonical":"https:\/\/clair.si\/izdelek\/stremena-compositi-eole-airsoft\/","og_locale":"hr_HR","og_type":"article","og_title":"Uzengije Compositi Eole AirSoft - Clair","og_url":"https:\/\/clair.si\/izdelek\/stremena-compositi-eole-airsoft\/","og_site_name":"Clair","article_publisher":"https:\/\/www.facebook.com\/TrgovinaClair\/","article_modified_time":"2025-09-23T06:55:43+00:00","og_image":[{"width":800,"height":800,"url":"https:\/\/clair.si\/wp-content\/uploads\/2024\/06\/compositi-eole-airsoft-stremena-jpg.avif","type":"image\/jpeg"}],"twitter_card":"summary_large_image","twitter_misc":{"Procijenjeno vrijeme \u010ditanja":"1 minuta"},"schema":{"@context":"https:\/\/schema.org","@graph":[{"@type":"WebPage","@id":"https:\/\/clair.si\/izdelek\/stremena-compositi-eole-airsoft\/","url":"https:\/\/clair.si\/izdelek\/stremena-compositi-eole-airsoft\/","name":"Uzengije Compositi Eole AirSoft - Clair","isPartOf":{"@id":"https:\/\/clair.si\/#website"},"primaryImageOfPage":{"@id":"https:\/\/clair.si\/izdelek\/stremena-compositi-eole-airsoft\/#primaryimage"},"image":{"@id":"https:\/\/clair.si\/izdelek\/stremena-compositi-eole-airsoft\/#primaryimage"},"thumbnailUrl":"https:\/\/clair.si\/wp-content\/uploads\/2024\/06\/compositi-eole-airsoft-stremena-jpg.avif","datePublished":"2024-06-13T10:04:26+00:00","dateModified":"2025-09-23T06:55:43+00:00","breadcrumb":{"@id":"https:\/\/clair.si\/izdelek\/stremena-compositi-eole-airsoft\/#breadcrumb"},"inLanguage":"hr","potentialAction":[{"@type":"ReadAction","target":["https:\/\/clair.si\/izdelek\/stremena-compositi-eole-airsoft\/"]}]},{"@type":"ImageObject","inLanguage":"hr","@id":"https:\/\/clair.si\/izdelek\/stremena-compositi-eole-airsoft\/#primaryimage","url":"https:\/\/clair.si\/wp-content\/uploads\/2024\/06\/compositi-eole-airsoft-stremena-jpg.avif","contentUrl":"https:\/\/clair.si\/wp-content\/uploads\/2024\/06\/compositi-eole-airsoft-stremena-jpg.avif","width":800,"height":800},{"@type":"BreadcrumbList","@id":"https:\/\/clair.si\/izdelek\/stremena-compositi-eole-airsoft\/#breadcrumb","itemListElement":[{"@type":"ListItem","position":1,"name":"Home","item":"https:\/\/clair.si\/hr\/"},{"@type":"ListItem","position":2,"name":"Trgovina","item":"https:\/\/clair.si\/trgovina\/"},{"@type":"ListItem","position":3,"name":"Uzengije Compositi Eole AirSoft"}]},{"@type":"WebSite","@id":"https:\/\/clair.si\/#website","url":"https:\/\/clair.si\/","name":"Clair","description":"Trgovina s konjeni\u0161ko opremo","publisher":{"@id":"https:\/\/clair.si\/#organization"},"potentialAction":[{"@type":"SearchAction","target":{"@type":"EntryPoint","urlTemplate":"https:\/\/clair.si\/?s={search_term_string}"},"query-input":{"@type":"PropertyValueSpecification","valueRequired":true,"valueName":"search_term_string"}}],"inLanguage":"hr"},{"@type":"Organization","@id":"https:\/\/clair.si\/#organization","name":"Clair","url":"https:\/\/clair.si\/","logo":{"@type":"ImageObject","inLanguage":"hr","@id":"https:\/\/clair.si\/#\/schema\/logo\/image\/","url":"https:\/\/clair.si\/wp-content\/uploads\/2022\/11\/clair_logo_2022.jpg","contentUrl":"https:\/\/clair.si\/wp-content\/uploads\/2022\/11\/clair_logo_2022.jpg","width":1920,"height":1920,"caption":"Clair"},"image":{"@id":"https:\/\/clair.si\/#\/schema\/logo\/image\/"},"sameAs":["https:\/\/www.facebook.com\/TrgovinaClair\/"]}]}},"_links":{"self":[{"href":"https:\/\/clair.si\/hr\/wp-json\/wp\/v2\/product\/95081","targetHints":{"allow":["GET"]}}],"collection":[{"href":"https:\/\/clair.si\/hr\/wp-json\/wp\/v2\/product"}],"about":[{"href":"https:\/\/clair.si\/hr\/wp-json\/wp\/v2\/types\/product"}],"version-history":[{"count":1,"href":"https:\/\/clair.si\/hr\/wp-json\/wp\/v2\/product\/95081\/revisions"}],"predecessor-version":[{"id":113857,"href":"https:\/\/clair.si\/hr\/wp-json\/wp\/v2\/product\/95081\/revisions\/113857"}],"wp:featuredmedia":[{"embeddable":true,"href":"https:\/\/clair.si\/hr\/wp-json\/wp\/v2\/media\/107748"}],"wp:attachment":[{"href":"https:\/\/clair.si\/hr\/wp-json\/wp\/v2\/media?parent=95081"}],"wp:term":[{"taxonomy":"product_brand","embeddable":true,"href":"https:\/\/clair.si\/hr\/wp-json\/wp\/v2\/product_brand?post=95081"},{"taxonomy":"product_cat","embeddable":true,"href":"https:\/\/clair.si\/hr\/wp-json\/wp\/v2\/product_cat?post=95081"},{"taxonomy":"product_tag","embeddable":true,"href":"https:\/\/clair.si\/hr\/wp-json\/wp\/v2\/product_tag?post=95081"}],"curies":[{"name":"wp","href":"https:\/\/api.w.org\/{rel}","templated":true}]}}