{"id":95116,"date":"2024-06-30T09:30:10","date_gmt":"2024-06-30T07:30:10","guid":{"rendered":"https:\/\/clair.si\/izdelek\/cavalor-sw-itch-sprej-protiv-ekcema\/"},"modified":"2025-08-28T07:36:27","modified_gmt":"2025-08-28T05:36:27","slug":"cavalor-sw-itch-sprej-protiv-ekcema","status":"publish","type":"product","link":"https:\/\/clair.si\/hr\/izdelek\/cavalor-sw-itch-sprej-protiv-ekcema\/","title":{"rendered":"CAVALOR Sw-Itch sprej protiv ekcema"},"content":{"rendered":"<p><span class=\"HwtZe\" lang=\"sl\"><span class=\"jCAhz JxVs2d ChMk0b\"><span class=\"ryNqvb\"><strong>Cavalor Sw-Itch<\/strong> je posebno razvijen za konje koji su podlo\u017eni ponavljaju\u0107oj iritaciji ko\u017ee.<\/span><\/span> <span class=\"jCAhz JxVs2d ChMk0b\"><span class=\"ryNqvb\">Cavalor Sw-Itch se tako\u0111er mo\u017ee koristiti za ubla\u017eavanje iritacije ko\u017ee uzrokovane ekstremnim vremenskim uvjetima, insektima i ljetnim ekcemima.<\/span><\/span> <span class=\"jCAhz JxVs2d ChMk0b\"><span class=\"ryNqvb\">Mo\u017ee se koristiti preventivno i za lije\u010denje.<\/span><\/span> <span class=\"jCAhz JxVs2d\"><span class=\"ryNqvb\">Cavalor Sw-Itch djeluje na nekoliko na\u010dina:<\/span><\/span> z<span class=\"jCAhz JxVs2d ChMk0b\"><span class=\"ryNqvb\">akriva tjelesni miris konja i tako dr\u017ei insekte na udaljenosti.<\/span><\/span> <span class=\"jCAhz JxVs2d ChMk0b\"><span class=\"ryNqvb\">Ovo je va\u017ean korak u sprje\u010davanju svrbe\u017ea.<\/span><\/span> <span class=\"jCAhz JxVs2d ChMk0b\"><span class=\"ryNqvb\">Sadr\u017ei i hidratantne i njeguju\u0107e tvari koje umiruju nadra\u017eenu ko\u017eu koja svrbi.<\/span><\/span><\/span><\/p>\n<p><strong>Uporaba<\/strong>: Nanesite na mjesto grebanja i utrljajte u grivu\/dlaku.<\/p>\n<p><strong>Sastav<\/strong>: Benzil benzoat.<\/p>\n","protected":false},"excerpt":{"rendered":"<ul>\n<li><span class=\"HwtZe\" lang=\"sl\"><span class=\"jCAhz JxVs2d ChMk0b\"><span class=\"ryNqvb\">posebno razvijen za konje koji su osjetljivi na sezonsko ponavljaju\u0107e se nadra\u017eivanje ko\u017ee, poznato i kao ljetni ekcem <\/span><\/span><\/span><\/li>\n<li><span class=\"HwtZe\" lang=\"sl\"><span class=\"jCAhz JxVs2d ChMk0b\"><span class=\"ryNqvb\">iznimno hidratantan i umiruju\u0107i<\/span><\/span><\/span><\/li>\n<li><span class=\"HwtZe\" lang=\"sl\"><span class=\"jCAhz JxVs2d ChMk0b\"><span class=\"ryNqvb\"> bez o\u0161trih mirisa <\/span><\/span><\/span><\/li>\n<li><span class=\"HwtZe\" lang=\"sl\"><span class=\"jCAhz JxVs2d ChMk0b\"><span class=\"ryNqvb\">l<\/span><\/span><span class=\"jCAhz JxVs2d ChMk0b\"><span class=\"ryNqvb\">agano ulje koje se lako upija u ko\u017eu<br \/>\n<\/span><\/span><\/span><\/li>\n<li><span class=\"HwtZe\" lang=\"sl\"><span class=\"jCAhz JxVs2d ChMk0b\"><span class=\"ryNqvb\">dobro protresite kako bi se aktivni sastojci povezali<\/span><\/span><\/span><\/li>\n<\/ul>\n<p><strong>Koli\u010dina: 500mL<\/strong><\/p>\n","protected":false},"featured_media":95119,"template":"","meta":{"footnotes":""},"product_brand":[],"product_cat":[5624,5677,5675,5625,5678,5676,5627,5674],"product_tag":[],"class_list":{"0":"post-95116","1":"product","2":"type-product","3":"status-publish","4":"has-post-thumbnail","6":"product_cat-konj-hr","7":"product_cat-kozmetika-za-konje-hr-2","8":"product_cat-kozmetika-za-konje-hr","9":"product_cat-njega-konja","10":"product_cat-problemi-s-kozom","11":"product_cat-sprejevi-i-kreme","12":"product_cat-stala-i-pasnjak","13":"product_cat-zastita-od-insekata","15":"first","16":"instock","17":"shipping-taxable","18":"purchasable","19":"product-type-simple"},"yoast_head":"<!-- This site is optimized with the Yoast SEO plugin v27.3 - https:\/\/yoast.com\/product\/yoast-seo-wordpress\/ -->\n<title>CAVALOR Sw-Itch sprej protiv ekcema - Clair<\/title>\n<meta name=\"description\" content=\"posebno razvijen za konje koji su osjetljivi na sezonsko ponavljaju\u0107e se nadra\u017eivanje ko\u017ee, poznato i kao ljetni ekcem  iznimno hidratantan i umiruju\u0107i  bez o\u0161trih mirisa  lagano ulje koje se lako upija u ko\u017eu  dobro protresite kako bi se aktivni sastojci povezali Koli\u010dina: 500mL\" \/>\n<meta name=\"robots\" content=\"index, follow, max-snippet:-1, max-image-preview:large, max-video-preview:-1\" \/>\n<link rel=\"canonical\" href=\"https:\/\/clair.si\/hr\/izdelek\/cavalor-sw-itch-sprej-protiv-ekcema\/\" \/>\n<meta property=\"og:locale\" content=\"hr_HR\" \/>\n<meta property=\"og:type\" content=\"article\" \/>\n<meta property=\"og:title\" content=\"CAVALOR Sw-Itch sprej protiv ekcema - Clair\" \/>\n<meta property=\"og:description\" content=\"posebno razvijen za konje koji su osjetljivi na sezonsko ponavljaju\u0107e se nadra\u017eivanje ko\u017ee, poznato i kao ljetni ekcem  iznimno hidratantan i umiruju\u0107i  bez o\u0161trih mirisa  lagano ulje koje se lako upija u ko\u017eu  dobro protresite kako bi se aktivni sastojci povezali Koli\u010dina: 500mL\" \/>\n<meta property=\"og:url\" content=\"https:\/\/clair.si\/hr\/izdelek\/cavalor-sw-itch-sprej-protiv-ekcema\/\" \/>\n<meta property=\"og:site_name\" content=\"Clair\" \/>\n<meta property=\"article:publisher\" content=\"https:\/\/www.facebook.com\/TrgovinaClair\/\" \/>\n<meta property=\"article:modified_time\" content=\"2025-08-28T05:36:27+00:00\" \/>\n<meta property=\"og:image\" content=\"https:\/\/clair.si\/wp-content\/uploads\/2024\/06\/cavalor-switch-sprej-za-konja-srbecica-trgovina-clair-jpg.avif\" \/>\n\t<meta property=\"og:image:width\" content=\"1500\" \/>\n\t<meta property=\"og:image:height\" content=\"1500\" \/>\n\t<meta property=\"og:image:type\" content=\"image\/jpeg\" \/>\n<meta name=\"twitter:card\" content=\"summary_large_image\" \/>\n<meta name=\"twitter:label1\" content=\"Procijenjeno vrijeme \u010ditanja\" \/>\n\t<meta name=\"twitter:data1\" content=\"1 minuta\" \/>\n<script type=\"application\/ld+json\" class=\"yoast-schema-graph\">{\"@context\":\"https:\\\/\\\/schema.org\",\"@graph\":[{\"@type\":\"WebPage\",\"@id\":\"https:\\\/\\\/clair.si\\\/hr\\\/izdelek\\\/cavalor-sw-itch-sprej-protiv-ekcema\\\/\",\"url\":\"https:\\\/\\\/clair.si\\\/hr\\\/izdelek\\\/cavalor-sw-itch-sprej-protiv-ekcema\\\/\",\"name\":\"CAVALOR Sw-Itch sprej protiv ekcema - Clair\",\"isPartOf\":{\"@id\":\"https:\\\/\\\/clair.si\\\/#website\"},\"primaryImageOfPage\":{\"@id\":\"https:\\\/\\\/clair.si\\\/hr\\\/izdelek\\\/cavalor-sw-itch-sprej-protiv-ekcema\\\/#primaryimage\"},\"image\":{\"@id\":\"https:\\\/\\\/clair.si\\\/hr\\\/izdelek\\\/cavalor-sw-itch-sprej-protiv-ekcema\\\/#primaryimage\"},\"thumbnailUrl\":\"https:\\\/\\\/clair.si\\\/wp-content\\\/uploads\\\/2024\\\/06\\\/cavalor-switch-sprej-za-konja-srbecica-trgovina-clair-jpg.avif\",\"datePublished\":\"2024-06-30T07:30:10+00:00\",\"dateModified\":\"2025-08-28T05:36:27+00:00\",\"description\":\"posebno razvijen za konje koji su osjetljivi na sezonsko ponavljaju\u0107e se nadra\u017eivanje ko\u017ee, poznato i kao ljetni ekcem iznimno hidratantan i umiruju\u0107i bez o\u0161trih mirisa lagano ulje koje se lako upija u ko\u017eu dobro protresite kako bi se aktivni sastojci povezali Koli\u010dina: 500mL\",\"breadcrumb\":{\"@id\":\"https:\\\/\\\/clair.si\\\/hr\\\/izdelek\\\/cavalor-sw-itch-sprej-protiv-ekcema\\\/#breadcrumb\"},\"inLanguage\":\"hr\",\"potentialAction\":[{\"@type\":\"ReadAction\",\"target\":[\"https:\\\/\\\/clair.si\\\/hr\\\/izdelek\\\/cavalor-sw-itch-sprej-protiv-ekcema\\\/\"]}]},{\"@type\":\"ImageObject\",\"inLanguage\":\"hr\",\"@id\":\"https:\\\/\\\/clair.si\\\/hr\\\/izdelek\\\/cavalor-sw-itch-sprej-protiv-ekcema\\\/#primaryimage\",\"url\":\"https:\\\/\\\/clair.si\\\/wp-content\\\/uploads\\\/2024\\\/06\\\/cavalor-switch-sprej-za-konja-srbecica-trgovina-clair-jpg.avif\",\"contentUrl\":\"https:\\\/\\\/clair.si\\\/wp-content\\\/uploads\\\/2024\\\/06\\\/cavalor-switch-sprej-za-konja-srbecica-trgovina-clair-jpg.avif\",\"width\":1500,\"height\":1500},{\"@type\":\"BreadcrumbList\",\"@id\":\"https:\\\/\\\/clair.si\\\/hr\\\/izdelek\\\/cavalor-sw-itch-sprej-protiv-ekcema\\\/#breadcrumb\",\"itemListElement\":[{\"@type\":\"ListItem\",\"position\":1,\"name\":\"Home\",\"item\":\"https:\\\/\\\/clair.si\\\/hr\\\/\"},{\"@type\":\"ListItem\",\"position\":2,\"name\":\"Trgovina\",\"item\":\"https:\\\/\\\/clair.si\\\/trgovina\\\/\"},{\"@type\":\"ListItem\",\"position\":3,\"name\":\"CAVALOR Sw-Itch sprej protiv ekcema\"}]},{\"@type\":\"WebSite\",\"@id\":\"https:\\\/\\\/clair.si\\\/#website\",\"url\":\"https:\\\/\\\/clair.si\\\/\",\"name\":\"Clair\",\"description\":\"Trgovina s konjeni\u0161ko opremo\",\"publisher\":{\"@id\":\"https:\\\/\\\/clair.si\\\/#organization\"},\"potentialAction\":[{\"@type\":\"SearchAction\",\"target\":{\"@type\":\"EntryPoint\",\"urlTemplate\":\"https:\\\/\\\/clair.si\\\/?s={search_term_string}\"},\"query-input\":{\"@type\":\"PropertyValueSpecification\",\"valueRequired\":true,\"valueName\":\"search_term_string\"}}],\"inLanguage\":\"hr\"},{\"@type\":\"Organization\",\"@id\":\"https:\\\/\\\/clair.si\\\/#organization\",\"name\":\"Clair\",\"url\":\"https:\\\/\\\/clair.si\\\/\",\"logo\":{\"@type\":\"ImageObject\",\"inLanguage\":\"hr\",\"@id\":\"https:\\\/\\\/clair.si\\\/#\\\/schema\\\/logo\\\/image\\\/\",\"url\":\"https:\\\/\\\/clair.si\\\/wp-content\\\/uploads\\\/2022\\\/11\\\/clair_logo_2022.jpg\",\"contentUrl\":\"https:\\\/\\\/clair.si\\\/wp-content\\\/uploads\\\/2022\\\/11\\\/clair_logo_2022.jpg\",\"width\":1920,\"height\":1920,\"caption\":\"Clair\"},\"image\":{\"@id\":\"https:\\\/\\\/clair.si\\\/#\\\/schema\\\/logo\\\/image\\\/\"},\"sameAs\":[\"https:\\\/\\\/www.facebook.com\\\/TrgovinaClair\\\/\"]}]}<\/script>\n<!-- \/ Yoast SEO plugin. -->","yoast_head_json":{"title":"CAVALOR Sw-Itch sprej protiv ekcema - Clair","description":"posebno razvijen za konje koji su osjetljivi na sezonsko ponavljaju\u0107e se nadra\u017eivanje ko\u017ee, poznato i kao ljetni ekcem  iznimno hidratantan i umiruju\u0107i  bez o\u0161trih mirisa  lagano ulje koje se lako upija u ko\u017eu  dobro protresite kako bi se aktivni sastojci povezali Koli\u010dina: 500mL","robots":{"index":"index","follow":"follow","max-snippet":"max-snippet:-1","max-image-preview":"max-image-preview:large","max-video-preview":"max-video-preview:-1"},"canonical":"https:\/\/clair.si\/hr\/izdelek\/cavalor-sw-itch-sprej-protiv-ekcema\/","og_locale":"hr_HR","og_type":"article","og_title":"CAVALOR Sw-Itch sprej protiv ekcema - Clair","og_description":"posebno razvijen za konje koji su osjetljivi na sezonsko ponavljaju\u0107e se nadra\u017eivanje ko\u017ee, poznato i kao ljetni ekcem  iznimno hidratantan i umiruju\u0107i  bez o\u0161trih mirisa  lagano ulje koje se lako upija u ko\u017eu  dobro protresite kako bi se aktivni sastojci povezali Koli\u010dina: 500mL","og_url":"https:\/\/clair.si\/hr\/izdelek\/cavalor-sw-itch-sprej-protiv-ekcema\/","og_site_name":"Clair","article_publisher":"https:\/\/www.facebook.com\/TrgovinaClair\/","article_modified_time":"2025-08-28T05:36:27+00:00","og_image":[{"width":1500,"height":1500,"url":"https:\/\/clair.si\/wp-content\/uploads\/2024\/06\/cavalor-switch-sprej-za-konja-srbecica-trgovina-clair-jpg.avif","type":"image\/jpeg"}],"twitter_card":"summary_large_image","twitter_misc":{"Procijenjeno vrijeme \u010ditanja":"1 minuta"},"schema":{"@context":"https:\/\/schema.org","@graph":[{"@type":"WebPage","@id":"https:\/\/clair.si\/hr\/izdelek\/cavalor-sw-itch-sprej-protiv-ekcema\/","url":"https:\/\/clair.si\/hr\/izdelek\/cavalor-sw-itch-sprej-protiv-ekcema\/","name":"CAVALOR Sw-Itch sprej protiv ekcema - Clair","isPartOf":{"@id":"https:\/\/clair.si\/#website"},"primaryImageOfPage":{"@id":"https:\/\/clair.si\/hr\/izdelek\/cavalor-sw-itch-sprej-protiv-ekcema\/#primaryimage"},"image":{"@id":"https:\/\/clair.si\/hr\/izdelek\/cavalor-sw-itch-sprej-protiv-ekcema\/#primaryimage"},"thumbnailUrl":"https:\/\/clair.si\/wp-content\/uploads\/2024\/06\/cavalor-switch-sprej-za-konja-srbecica-trgovina-clair-jpg.avif","datePublished":"2024-06-30T07:30:10+00:00","dateModified":"2025-08-28T05:36:27+00:00","description":"posebno razvijen za konje koji su osjetljivi na sezonsko ponavljaju\u0107e se nadra\u017eivanje ko\u017ee, poznato i kao ljetni ekcem iznimno hidratantan i umiruju\u0107i bez o\u0161trih mirisa lagano ulje koje se lako upija u ko\u017eu dobro protresite kako bi se aktivni sastojci povezali Koli\u010dina: 500mL","breadcrumb":{"@id":"https:\/\/clair.si\/hr\/izdelek\/cavalor-sw-itch-sprej-protiv-ekcema\/#breadcrumb"},"inLanguage":"hr","potentialAction":[{"@type":"ReadAction","target":["https:\/\/clair.si\/hr\/izdelek\/cavalor-sw-itch-sprej-protiv-ekcema\/"]}]},{"@type":"ImageObject","inLanguage":"hr","@id":"https:\/\/clair.si\/hr\/izdelek\/cavalor-sw-itch-sprej-protiv-ekcema\/#primaryimage","url":"https:\/\/clair.si\/wp-content\/uploads\/2024\/06\/cavalor-switch-sprej-za-konja-srbecica-trgovina-clair-jpg.avif","contentUrl":"https:\/\/clair.si\/wp-content\/uploads\/2024\/06\/cavalor-switch-sprej-za-konja-srbecica-trgovina-clair-jpg.avif","width":1500,"height":1500},{"@type":"BreadcrumbList","@id":"https:\/\/clair.si\/hr\/izdelek\/cavalor-sw-itch-sprej-protiv-ekcema\/#breadcrumb","itemListElement":[{"@type":"ListItem","position":1,"name":"Home","item":"https:\/\/clair.si\/hr\/"},{"@type":"ListItem","position":2,"name":"Trgovina","item":"https:\/\/clair.si\/trgovina\/"},{"@type":"ListItem","position":3,"name":"CAVALOR Sw-Itch sprej protiv ekcema"}]},{"@type":"WebSite","@id":"https:\/\/clair.si\/#website","url":"https:\/\/clair.si\/","name":"Clair","description":"Trgovina s konjeni\u0161ko opremo","publisher":{"@id":"https:\/\/clair.si\/#organization"},"potentialAction":[{"@type":"SearchAction","target":{"@type":"EntryPoint","urlTemplate":"https:\/\/clair.si\/?s={search_term_string}"},"query-input":{"@type":"PropertyValueSpecification","valueRequired":true,"valueName":"search_term_string"}}],"inLanguage":"hr"},{"@type":"Organization","@id":"https:\/\/clair.si\/#organization","name":"Clair","url":"https:\/\/clair.si\/","logo":{"@type":"ImageObject","inLanguage":"hr","@id":"https:\/\/clair.si\/#\/schema\/logo\/image\/","url":"https:\/\/clair.si\/wp-content\/uploads\/2022\/11\/clair_logo_2022.jpg","contentUrl":"https:\/\/clair.si\/wp-content\/uploads\/2022\/11\/clair_logo_2022.jpg","width":1920,"height":1920,"caption":"Clair"},"image":{"@id":"https:\/\/clair.si\/#\/schema\/logo\/image\/"},"sameAs":["https:\/\/www.facebook.com\/TrgovinaClair\/"]}]}},"_links":{"self":[{"href":"https:\/\/clair.si\/hr\/wp-json\/wp\/v2\/product\/95116","targetHints":{"allow":["GET"]}}],"collection":[{"href":"https:\/\/clair.si\/hr\/wp-json\/wp\/v2\/product"}],"about":[{"href":"https:\/\/clair.si\/hr\/wp-json\/wp\/v2\/types\/product"}],"version-history":[{"count":0,"href":"https:\/\/clair.si\/hr\/wp-json\/wp\/v2\/product\/95116\/revisions"}],"wp:featuredmedia":[{"embeddable":true,"href":"https:\/\/clair.si\/hr\/wp-json\/wp\/v2\/media\/95119"}],"wp:attachment":[{"href":"https:\/\/clair.si\/hr\/wp-json\/wp\/v2\/media?parent=95116"}],"wp:term":[{"taxonomy":"product_brand","embeddable":true,"href":"https:\/\/clair.si\/hr\/wp-json\/wp\/v2\/product_brand?post=95116"},{"taxonomy":"product_cat","embeddable":true,"href":"https:\/\/clair.si\/hr\/wp-json\/wp\/v2\/product_cat?post=95116"},{"taxonomy":"product_tag","embeddable":true,"href":"https:\/\/clair.si\/hr\/wp-json\/wp\/v2\/product_tag?post=95116"}],"curies":[{"name":"wp","href":"https:\/\/api.w.org\/{rel}","templated":true}]}}